{"id":63611,"date":"2023-10-24T11:34:26","date_gmt":"2023-10-24T10:34:26","guid":{"rendered":"https:\/\/abilica.com\/uncategorized\/abilica-lat-attachment-40\/"},"modified":"2023-12-04T13:47:21","modified_gmt":"2023-12-04T12:47:21","slug":"abilica-lat-attachment-40","status":"publish","type":"product","link":"https:\/\/abilica.com\/no\/styrke\/cage-rack\/abilica-lat-attachment-40\/","title":{"rendered":"Abilica Lat-Attachment 40"},"content":{"rendered":"<div class=\"wpb-content-wrapper\"><p>[vc_row][vc_column][vc_column_text]Abilica Lat-Attachment er ekstrautstyret som gj\u00f8r ditt PowerRack 40 eller HalfRack 40 til et komplett treningsrack.<\/p>\n<p>Stasjon for nedtrekk og sittende roing til <strong><a href=\"https:\/\/abilica.com\/no\/abilica-powerrack-40\/\">Abilica PowerRack 40<\/a><\/strong> og <strong><a href=\"https:\/\/abilica.com\/no\/abilica-halfrack-40\/\">Abilica HalfRack 40<\/a><\/strong>. Passer ogs\u00e5 til Abilica HalfRack 010 hvis du har det fra f\u00f8r. Abilica Lat-Attachment 40 er utstyrt med justerbar l\u00e5rpute som gj\u00f8r det enkelt for deg \u00e5 holde posisjon ved vertikale dra-\u00f8velser som eksempelvis nedtrekk. For deg som liker sittende roing kan du ogs\u00e5 sette p\u00e5 de medf\u00f8lgende fotplatene som gir deg ekstra godt fotfeste ved horisontale dra-\u00f8velser.<\/p>\n<p>Vektskive adapter for 50 mm f\u00f8lger med som gj\u00f8r at du kan bruke vektskiver med hulldiameter fra 25 mm opp til 50 mm. Belastning skapes med vektskiver (ikke inkludert) som settes p\u00e5 vektermene.<\/p>\n<p><em><strong>*Rack f\u00f8lger ikke med<\/strong><\/em><\/p>\n<p><b>SPESIFIKASJONER<\/b><br \/>\nM\u00e5l oppmontert: 36 x 45 x 218 cm (L x B x H)<br \/>\nRammest\u00f8rrelse: 60 x 60 cm<br \/>\nSt\u00e5ltykkelse: 2 mm<br \/>\nMaks belastning: 100 kg<br \/>\nProduktvekt: 25 kg<span class=\"Apple-converted-space\">\u00a0<\/span>[\/vc_column_text][\/vc_column][\/vc_row]<\/p>\n<\/div>","protected":false},"excerpt":{"rendered":"<p>[vc_row][vc_column][vc_column_text]Abilica Lat-Attachment er ekstrautstyret som gj\u00f8r ditt PowerRack 40 eller HalfRack 40 til et komplett&#8230;<\/p>\n","protected":false},"featured_media":62413,"template":"","meta":{"_acf_changed":false},"product_brand":[],"product_cat":[464,422],"product_tag":[],"class_list":{"0":"post-63611","1":"product","2":"type-product","3":"status-publish","4":"has-post-thumbnail","6":"product_cat-cage-rack","7":"product_cat-styrke","9":"first","10":"instock","11":"product-type-simple"},"acf":[],"yoast_head":"<!-- This site is optimized with the Yoast SEO Premium plugin v21.1 (Yoast SEO v25.4) - https:\/\/yoast.com\/wordpress\/plugins\/seo\/ -->\n<title>Abilica Lat-Attachment 40 Abilica<\/title>\n<meta name=\"robots\" content=\"index, follow, max-snippet:-1, max-image-preview:large, max-video-preview:-1\" \/>\n<link rel=\"canonical\" href=\"https:\/\/abilica.com\/no\/styrke\/cage-rack\/abilica-lat-attachment-40\/\" \/>\n<meta property=\"og:locale\" content=\"nb_NO\" \/>\n<meta property=\"og:type\" content=\"article\" \/>\n<meta property=\"og:title\" content=\"Abilica Lat-Attachment 40\" \/>\n<meta property=\"og:description\" content=\"[vc_row][vc_column][vc_column_text]Abilica Lat-Attachment er ekstrautstyret som gj\u00f8r ditt PowerRack 40 eller HalfRack 40 til et komplett...\" \/>\n<meta property=\"og:url\" content=\"https:\/\/abilica.com\/no\/styrke\/cage-rack\/abilica-lat-attachment-40\/\" \/>\n<meta property=\"og:site_name\" content=\"Abilica\" \/>\n<meta property=\"article:publisher\" content=\"https:\/\/www.facebook.com\/abilicahometraining\/\" \/>\n<meta property=\"article:modified_time\" content=\"2023-12-04T12:47:21+00:00\" \/>\n<meta property=\"og:image\" content=\"https:\/\/abilica.com\/wp-content\/uploads\/2023\/10\/lat1.jpg\" \/>\n\t<meta property=\"og:image:width\" content=\"1200\" \/>\n\t<meta property=\"og:image:height\" content=\"1200\" \/>\n\t<meta property=\"og:image:type\" content=\"image\/jpeg\" \/>\n<meta name=\"twitter:card\" content=\"summary_large_image\" \/>\n<meta name=\"twitter:label1\" content=\"Ansl. lesetid\" \/>\n\t<meta name=\"twitter:data1\" content=\"1 minutt\" \/>\n<script type=\"application\/ld+json\" class=\"yoast-schema-graph\">{\"@context\":\"https:\/\/schema.org\",\"@graph\":[{\"@type\":\"WebPage\",\"@id\":\"https:\/\/abilica.com\/no\/styrke\/cage-rack\/abilica-lat-attachment-40\/\",\"url\":\"https:\/\/abilica.com\/no\/styrke\/cage-rack\/abilica-lat-attachment-40\/\",\"name\":\"Abilica Lat-Attachment 40 Abilica\",\"isPartOf\":{\"@id\":\"https:\/\/abilica.com\/#website\"},\"primaryImageOfPage\":{\"@id\":\"https:\/\/abilica.com\/no\/styrke\/cage-rack\/abilica-lat-attachment-40\/#primaryimage\"},\"image\":{\"@id\":\"https:\/\/abilica.com\/no\/styrke\/cage-rack\/abilica-lat-attachment-40\/#primaryimage\"},\"thumbnailUrl\":\"https:\/\/abilica.com\/wp-content\/uploads\/2023\/10\/lat1.jpg\",\"datePublished\":\"2023-10-24T10:34:26+00:00\",\"dateModified\":\"2023-12-04T12:47:21+00:00\",\"breadcrumb\":{\"@id\":\"https:\/\/abilica.com\/no\/styrke\/cage-rack\/abilica-lat-attachment-40\/#breadcrumb\"},\"inLanguage\":\"nb-NO\",\"potentialAction\":[{\"@type\":\"ReadAction\",\"target\":[\"https:\/\/abilica.com\/no\/styrke\/cage-rack\/abilica-lat-attachment-40\/\"]}]},{\"@type\":\"ImageObject\",\"inLanguage\":\"nb-NO\",\"@id\":\"https:\/\/abilica.com\/no\/styrke\/cage-rack\/abilica-lat-attachment-40\/#primaryimage\",\"url\":\"https:\/\/abilica.com\/wp-content\/uploads\/2023\/10\/lat1.jpg\",\"contentUrl\":\"https:\/\/abilica.com\/wp-content\/uploads\/2023\/10\/lat1.jpg\",\"width\":1200,\"height\":1200},{\"@type\":\"BreadcrumbList\",\"@id\":\"https:\/\/abilica.com\/no\/styrke\/cage-rack\/abilica-lat-attachment-40\/#breadcrumb\",\"itemListElement\":[{\"@type\":\"ListItem\",\"position\":1,\"name\":\"Hem\",\"item\":\"https:\/\/abilica.com\/no\/\"},{\"@type\":\"ListItem\",\"position\":2,\"name\":\"Produkter\",\"item\":\"https:\/\/abilica.com\/no\/shop-2\/\"},{\"@type\":\"ListItem\",\"position\":3,\"name\":\"Abilica Lat-Attachment 40\"}]},{\"@type\":\"WebSite\",\"@id\":\"https:\/\/abilica.com\/#website\",\"url\":\"https:\/\/abilica.com\/\",\"name\":\"Abilica\",\"description\":\"Abilica Home Training\",\"potentialAction\":[{\"@type\":\"SearchAction\",\"target\":{\"@type\":\"EntryPoint\",\"urlTemplate\":\"https:\/\/abilica.com\/?s={search_term_string}\"},\"query-input\":{\"@type\":\"PropertyValueSpecification\",\"valueRequired\":true,\"valueName\":\"search_term_string\"}}],\"inLanguage\":\"nb-NO\"}]}<\/script>\n<!-- \/ Yoast SEO Premium plugin. -->","yoast_head_json":{"title":"Abilica Lat-Attachment 40 Abilica","robots":{"index":"index","follow":"follow","max-snippet":"max-snippet:-1","max-image-preview":"max-image-preview:large","max-video-preview":"max-video-preview:-1"},"canonical":"https:\/\/abilica.com\/no\/styrke\/cage-rack\/abilica-lat-attachment-40\/","og_locale":"nb_NO","og_type":"article","og_title":"Abilica Lat-Attachment 40","og_description":"[vc_row][vc_column][vc_column_text]Abilica Lat-Attachment er ekstrautstyret som gj\u00f8r ditt PowerRack 40 eller HalfRack 40 til et komplett...","og_url":"https:\/\/abilica.com\/no\/styrke\/cage-rack\/abilica-lat-attachment-40\/","og_site_name":"Abilica","article_publisher":"https:\/\/www.facebook.com\/abilicahometraining\/","article_modified_time":"2023-12-04T12:47:21+00:00","og_image":[{"width":1200,"height":1200,"url":"https:\/\/abilica.com\/wp-content\/uploads\/2023\/10\/lat1.jpg","type":"image\/jpeg"}],"twitter_card":"summary_large_image","twitter_misc":{"Ansl. lesetid":"1 minutt"},"schema":{"@context":"https:\/\/schema.org","@graph":[{"@type":"WebPage","@id":"https:\/\/abilica.com\/no\/styrke\/cage-rack\/abilica-lat-attachment-40\/","url":"https:\/\/abilica.com\/no\/styrke\/cage-rack\/abilica-lat-attachment-40\/","name":"Abilica Lat-Attachment 40 Abilica","isPartOf":{"@id":"https:\/\/abilica.com\/#website"},"primaryImageOfPage":{"@id":"https:\/\/abilica.com\/no\/styrke\/cage-rack\/abilica-lat-attachment-40\/#primaryimage"},"image":{"@id":"https:\/\/abilica.com\/no\/styrke\/cage-rack\/abilica-lat-attachment-40\/#primaryimage"},"thumbnailUrl":"https:\/\/abilica.com\/wp-content\/uploads\/2023\/10\/lat1.jpg","datePublished":"2023-10-24T10:34:26+00:00","dateModified":"2023-12-04T12:47:21+00:00","breadcrumb":{"@id":"https:\/\/abilica.com\/no\/styrke\/cage-rack\/abilica-lat-attachment-40\/#breadcrumb"},"inLanguage":"nb-NO","potentialAction":[{"@type":"ReadAction","target":["https:\/\/abilica.com\/no\/styrke\/cage-rack\/abilica-lat-attachment-40\/"]}]},{"@type":"ImageObject","inLanguage":"nb-NO","@id":"https:\/\/abilica.com\/no\/styrke\/cage-rack\/abilica-lat-attachment-40\/#primaryimage","url":"https:\/\/abilica.com\/wp-content\/uploads\/2023\/10\/lat1.jpg","contentUrl":"https:\/\/abilica.com\/wp-content\/uploads\/2023\/10\/lat1.jpg","width":1200,"height":1200},{"@type":"BreadcrumbList","@id":"https:\/\/abilica.com\/no\/styrke\/cage-rack\/abilica-lat-attachment-40\/#breadcrumb","itemListElement":[{"@type":"ListItem","position":1,"name":"Hem","item":"https:\/\/abilica.com\/no\/"},{"@type":"ListItem","position":2,"name":"Produkter","item":"https:\/\/abilica.com\/no\/shop-2\/"},{"@type":"ListItem","position":3,"name":"Abilica Lat-Attachment 40"}]},{"@type":"WebSite","@id":"https:\/\/abilica.com\/#website","url":"https:\/\/abilica.com\/","name":"Abilica","description":"Abilica Home Training","potentialAction":[{"@type":"SearchAction","target":{"@type":"EntryPoint","urlTemplate":"https:\/\/abilica.com\/?s={search_term_string}"},"query-input":{"@type":"PropertyValueSpecification","valueRequired":true,"valueName":"search_term_string"}}],"inLanguage":"nb-NO"}]}},"_links":{"self":[{"href":"https:\/\/abilica.com\/no\/wp-json\/wp\/v2\/product\/63611","targetHints":{"allow":["GET"]}}],"collection":[{"href":"https:\/\/abilica.com\/no\/wp-json\/wp\/v2\/product"}],"about":[{"href":"https:\/\/abilica.com\/no\/wp-json\/wp\/v2\/types\/product"}],"wp:featuredmedia":[{"embeddable":true,"href":"https:\/\/abilica.com\/no\/wp-json\/wp\/v2\/media\/62413"}],"wp:attachment":[{"href":"https:\/\/abilica.com\/no\/wp-json\/wp\/v2\/media?parent=63611"}],"wp:term":[{"taxonomy":"product_brand","embeddable":true,"href":"https:\/\/abilica.com\/no\/wp-json\/wp\/v2\/product_brand?post=63611"},{"taxonomy":"product_cat","embeddable":true,"href":"https:\/\/abilica.com\/no\/wp-json\/wp\/v2\/product_cat?post=63611"},{"taxonomy":"product_tag","embeddable":true,"href":"https:\/\/abilica.com\/no\/wp-json\/wp\/v2\/product_tag?post=63611"}],"curies":[{"name":"wp","href":"https:\/\/api.w.org\/{rel}","templated":true}]}}