{"id":63617,"date":"2023-10-24T11:34:26","date_gmt":"2023-10-24T10:34:26","guid":{"rendered":"https:\/\/abilica.com\/uncategorized\/abilica-premium-toprower-2-0-computer\/"},"modified":"2023-11-29T10:41:57","modified_gmt":"2023-11-29T09:41:57","slug":"abilica-premium-toprower-2-0-computer","status":"publish","type":"product","link":"https:\/\/abilica.com\/no\/kondisjon\/romaskin\/abilica-premium-toprower-2-0-computer\/","title":{"rendered":"Abilica Premium TopRower 2.0 Computer"},"content":{"rendered":"<div class=\"wpb-content-wrapper\"><p>[vc_row][vc_column][vc_column_text]Oppgradert computer som kan brukes p\u00e5 Abilica Premium TopRower. Computer med nytt oppsett som gir god oversikt over alle verdiene som er n\u00f8dvendig under en trenings\u00f8kt. Med gode tilpasninger p\u00e5 b\u00e5de nedtellingsfunksjon og intervall funksjon er denne computeren en sikker motivasjonsboost i din trening. Du kan ogs\u00e5 forh\u00e5nds sette \u00f8nsket m\u00e5loppn\u00e5else for trenings\u00f8kten og f\u00e5 en god oppsummering etterp\u00e5. Computeren kan i tillegg kobles til Kinomap om du \u00f8nsker \u00e5 ro til treningsvideoer, eller til D-Fit for logging av trenings\u00f8kter. Forskjellene og forbedringene fra computeren p\u00e5 Abilica Premium TopRower er markert i teknisk info under.<span class=\"Apple-converted-space\">\u00a0<\/span><\/p>\n<p><b>Teknisk info<br \/>\n<\/b>Tid og dato\u200b<br \/>\nTotal meter og estimert total meter\/30 min\u200b <b>(Ny!)<br \/>\n<\/b>Tid, estimert tid p\u00e5 500 meter og gjennomsnittlig tid per 500 meter <b>(Ny!)<br \/>\n<\/b>Rotak per minutt og total rotak<br \/>\nKalorier og estimert kalorier\/60 min\u200b<br \/>\nWatt og gjennomsnittlig watt\u200b<br \/>\nIntervalltrening: Tid, distanse, kalorier\u200b <b>(Ny!)<br \/>\n<\/b>Nedtelling: Tid, distanse, kalorier\u200b<br \/>\nKan kobles til apper <b>(Ny!)<br \/>\n<\/b>Puls\u200b kompatibelt med 5.3k hz belter<br \/>\nMemory mode <b>(Ny!)<br \/>\n<\/b>Oppsummeringsfunksjon <b>(Forbedret!)<br \/>\n<\/b>Batteri er ikke inkludert. (N\u00f8dvendig for \u00e5 kunne bruke intervall og nedtellingsfunksjon)<\/p>\n<p><b>St\u00f8rrelse og vekt<br \/>\n<\/b>St\u00f8rrelse computer: 18 x 15 x 6.5 cm (L x B x H)<br \/>\nSt\u00f8rrelse skjerm: 5.5\u2019 skjerm<br \/>\nVekt: 570 gram[\/vc_column_text][vc_empty_space height=&raquo;52px&raquo;][vc_btn title=&raquo;Brukermanual&raquo; style=&raquo;flat&raquo; color=&raquo;black&raquo; i_icon_fontawesome=&raquo;far fa-file-pdf&raquo; add_icon=&raquo;true&raquo; link=&raquo;url:https%3A%2F%2Fabilica.com%2Fno%2Fwp-content%2Fuploads%2F2023%2F05%2FAB_Premium-TopRower-2.0-Computer_Rev_1_230510.pdf&raquo;][\/vc_column][\/vc_row]<\/p>\n<\/div>","protected":false},"excerpt":{"rendered":"<p>[vc_row][vc_column][vc_column_text]Oppgradert computer som kan brukes p\u00e5 Abilica Premium TopRower. Computer med nytt oppsett som gir&#8230;<\/p>\n","protected":false},"featured_media":62420,"template":"","meta":{"_acf_changed":false},"product_brand":[],"product_cat":[426,445],"product_tag":[],"class_list":{"0":"post-63617","1":"product","2":"type-product","3":"status-publish","4":"has-post-thumbnail","6":"product_cat-kondisjon","7":"product_cat-romaskin","9":"first","10":"instock","11":"product-type-simple"},"acf":[],"yoast_head":"<!-- This site is optimized with the Yoast SEO Premium plugin v21.1 (Yoast SEO v25.4) - https:\/\/yoast.com\/wordpress\/plugins\/seo\/ -->\n<title>Abilica Premium TopRower 2.0 Computer Abilica<\/title>\n<meta name=\"robots\" content=\"index, follow, max-snippet:-1, max-image-preview:large, max-video-preview:-1\" \/>\n<link rel=\"canonical\" href=\"https:\/\/abilica.com\/no\/kondisjon\/romaskin\/abilica-premium-toprower-2-0-computer\/\" \/>\n<meta property=\"og:locale\" content=\"nb_NO\" \/>\n<meta property=\"og:type\" content=\"article\" \/>\n<meta property=\"og:title\" content=\"Abilica Premium TopRower 2.0 Computer\" \/>\n<meta property=\"og:description\" content=\"[vc_row][vc_column][vc_column_text]Oppgradert computer som kan brukes p\u00e5 Abilica Premium TopRower. Computer med nytt oppsett som gir...\" \/>\n<meta property=\"og:url\" content=\"https:\/\/abilica.com\/no\/kondisjon\/romaskin\/abilica-premium-toprower-2-0-computer\/\" \/>\n<meta property=\"og:site_name\" content=\"Abilica\" \/>\n<meta property=\"article:publisher\" content=\"https:\/\/www.facebook.com\/abilicahometraining\/\" \/>\n<meta property=\"article:modified_time\" content=\"2023-11-29T09:41:57+00:00\" \/>\n<meta property=\"og:image\" content=\"https:\/\/abilica.com\/wp-content\/uploads\/2023\/10\/1-4.jpg\" \/>\n\t<meta property=\"og:image:width\" content=\"1200\" \/>\n\t<meta property=\"og:image:height\" content=\"1200\" \/>\n\t<meta property=\"og:image:type\" content=\"image\/jpeg\" \/>\n<meta name=\"twitter:card\" content=\"summary_large_image\" \/>\n<meta name=\"twitter:label1\" content=\"Ansl. lesetid\" \/>\n\t<meta name=\"twitter:data1\" content=\"1 minutt\" \/>\n<script type=\"application\/ld+json\" class=\"yoast-schema-graph\">{\"@context\":\"https:\/\/schema.org\",\"@graph\":[{\"@type\":\"WebPage\",\"@id\":\"https:\/\/abilica.com\/no\/kondisjon\/romaskin\/abilica-premium-toprower-2-0-computer\/\",\"url\":\"https:\/\/abilica.com\/no\/kondisjon\/romaskin\/abilica-premium-toprower-2-0-computer\/\",\"name\":\"Abilica Premium TopRower 2.0 Computer Abilica\",\"isPartOf\":{\"@id\":\"https:\/\/abilica.com\/#website\"},\"primaryImageOfPage\":{\"@id\":\"https:\/\/abilica.com\/no\/kondisjon\/romaskin\/abilica-premium-toprower-2-0-computer\/#primaryimage\"},\"image\":{\"@id\":\"https:\/\/abilica.com\/no\/kondisjon\/romaskin\/abilica-premium-toprower-2-0-computer\/#primaryimage\"},\"thumbnailUrl\":\"https:\/\/abilica.com\/wp-content\/uploads\/2023\/10\/1-4.jpg\",\"datePublished\":\"2023-10-24T10:34:26+00:00\",\"dateModified\":\"2023-11-29T09:41:57+00:00\",\"breadcrumb\":{\"@id\":\"https:\/\/abilica.com\/no\/kondisjon\/romaskin\/abilica-premium-toprower-2-0-computer\/#breadcrumb\"},\"inLanguage\":\"nb-NO\",\"potentialAction\":[{\"@type\":\"ReadAction\",\"target\":[\"https:\/\/abilica.com\/no\/kondisjon\/romaskin\/abilica-premium-toprower-2-0-computer\/\"]}]},{\"@type\":\"ImageObject\",\"inLanguage\":\"nb-NO\",\"@id\":\"https:\/\/abilica.com\/no\/kondisjon\/romaskin\/abilica-premium-toprower-2-0-computer\/#primaryimage\",\"url\":\"https:\/\/abilica.com\/wp-content\/uploads\/2023\/10\/1-4.jpg\",\"contentUrl\":\"https:\/\/abilica.com\/wp-content\/uploads\/2023\/10\/1-4.jpg\",\"width\":1200,\"height\":1200},{\"@type\":\"BreadcrumbList\",\"@id\":\"https:\/\/abilica.com\/no\/kondisjon\/romaskin\/abilica-premium-toprower-2-0-computer\/#breadcrumb\",\"itemListElement\":[{\"@type\":\"ListItem\",\"position\":1,\"name\":\"Hem\",\"item\":\"https:\/\/abilica.com\/no\/\"},{\"@type\":\"ListItem\",\"position\":2,\"name\":\"Produkter\",\"item\":\"https:\/\/abilica.com\/no\/shop-2\/\"},{\"@type\":\"ListItem\",\"position\":3,\"name\":\"Abilica Premium TopRower 2.0 Computer\"}]},{\"@type\":\"WebSite\",\"@id\":\"https:\/\/abilica.com\/#website\",\"url\":\"https:\/\/abilica.com\/\",\"name\":\"Abilica\",\"description\":\"Abilica Home Training\",\"potentialAction\":[{\"@type\":\"SearchAction\",\"target\":{\"@type\":\"EntryPoint\",\"urlTemplate\":\"https:\/\/abilica.com\/?s={search_term_string}\"},\"query-input\":{\"@type\":\"PropertyValueSpecification\",\"valueRequired\":true,\"valueName\":\"search_term_string\"}}],\"inLanguage\":\"nb-NO\"}]}<\/script>\n<!-- \/ Yoast SEO Premium plugin. -->","yoast_head_json":{"title":"Abilica Premium TopRower 2.0 Computer Abilica","robots":{"index":"index","follow":"follow","max-snippet":"max-snippet:-1","max-image-preview":"max-image-preview:large","max-video-preview":"max-video-preview:-1"},"canonical":"https:\/\/abilica.com\/no\/kondisjon\/romaskin\/abilica-premium-toprower-2-0-computer\/","og_locale":"nb_NO","og_type":"article","og_title":"Abilica Premium TopRower 2.0 Computer","og_description":"[vc_row][vc_column][vc_column_text]Oppgradert computer som kan brukes p\u00e5 Abilica Premium TopRower. Computer med nytt oppsett som gir...","og_url":"https:\/\/abilica.com\/no\/kondisjon\/romaskin\/abilica-premium-toprower-2-0-computer\/","og_site_name":"Abilica","article_publisher":"https:\/\/www.facebook.com\/abilicahometraining\/","article_modified_time":"2023-11-29T09:41:57+00:00","og_image":[{"width":1200,"height":1200,"url":"https:\/\/abilica.com\/wp-content\/uploads\/2023\/10\/1-4.jpg","type":"image\/jpeg"}],"twitter_card":"summary_large_image","twitter_misc":{"Ansl. lesetid":"1 minutt"},"schema":{"@context":"https:\/\/schema.org","@graph":[{"@type":"WebPage","@id":"https:\/\/abilica.com\/no\/kondisjon\/romaskin\/abilica-premium-toprower-2-0-computer\/","url":"https:\/\/abilica.com\/no\/kondisjon\/romaskin\/abilica-premium-toprower-2-0-computer\/","name":"Abilica Premium TopRower 2.0 Computer Abilica","isPartOf":{"@id":"https:\/\/abilica.com\/#website"},"primaryImageOfPage":{"@id":"https:\/\/abilica.com\/no\/kondisjon\/romaskin\/abilica-premium-toprower-2-0-computer\/#primaryimage"},"image":{"@id":"https:\/\/abilica.com\/no\/kondisjon\/romaskin\/abilica-premium-toprower-2-0-computer\/#primaryimage"},"thumbnailUrl":"https:\/\/abilica.com\/wp-content\/uploads\/2023\/10\/1-4.jpg","datePublished":"2023-10-24T10:34:26+00:00","dateModified":"2023-11-29T09:41:57+00:00","breadcrumb":{"@id":"https:\/\/abilica.com\/no\/kondisjon\/romaskin\/abilica-premium-toprower-2-0-computer\/#breadcrumb"},"inLanguage":"nb-NO","potentialAction":[{"@type":"ReadAction","target":["https:\/\/abilica.com\/no\/kondisjon\/romaskin\/abilica-premium-toprower-2-0-computer\/"]}]},{"@type":"ImageObject","inLanguage":"nb-NO","@id":"https:\/\/abilica.com\/no\/kondisjon\/romaskin\/abilica-premium-toprower-2-0-computer\/#primaryimage","url":"https:\/\/abilica.com\/wp-content\/uploads\/2023\/10\/1-4.jpg","contentUrl":"https:\/\/abilica.com\/wp-content\/uploads\/2023\/10\/1-4.jpg","width":1200,"height":1200},{"@type":"BreadcrumbList","@id":"https:\/\/abilica.com\/no\/kondisjon\/romaskin\/abilica-premium-toprower-2-0-computer\/#breadcrumb","itemListElement":[{"@type":"ListItem","position":1,"name":"Hem","item":"https:\/\/abilica.com\/no\/"},{"@type":"ListItem","position":2,"name":"Produkter","item":"https:\/\/abilica.com\/no\/shop-2\/"},{"@type":"ListItem","position":3,"name":"Abilica Premium TopRower 2.0 Computer"}]},{"@type":"WebSite","@id":"https:\/\/abilica.com\/#website","url":"https:\/\/abilica.com\/","name":"Abilica","description":"Abilica Home Training","potentialAction":[{"@type":"SearchAction","target":{"@type":"EntryPoint","urlTemplate":"https:\/\/abilica.com\/?s={search_term_string}"},"query-input":{"@type":"PropertyValueSpecification","valueRequired":true,"valueName":"search_term_string"}}],"inLanguage":"nb-NO"}]}},"_links":{"self":[{"href":"https:\/\/abilica.com\/no\/wp-json\/wp\/v2\/product\/63617","targetHints":{"allow":["GET"]}}],"collection":[{"href":"https:\/\/abilica.com\/no\/wp-json\/wp\/v2\/product"}],"about":[{"href":"https:\/\/abilica.com\/no\/wp-json\/wp\/v2\/types\/product"}],"wp:featuredmedia":[{"embeddable":true,"href":"https:\/\/abilica.com\/no\/wp-json\/wp\/v2\/media\/62420"}],"wp:attachment":[{"href":"https:\/\/abilica.com\/no\/wp-json\/wp\/v2\/media?parent=63617"}],"wp:term":[{"taxonomy":"product_brand","embeddable":true,"href":"https:\/\/abilica.com\/no\/wp-json\/wp\/v2\/product_brand?post=63617"},{"taxonomy":"product_cat","embeddable":true,"href":"https:\/\/abilica.com\/no\/wp-json\/wp\/v2\/product_cat?post=63617"},{"taxonomy":"product_tag","embeddable":true,"href":"https:\/\/abilica.com\/no\/wp-json\/wp\/v2\/product_tag?post=63617"}],"curies":[{"name":"wp","href":"https:\/\/api.w.org\/{rel}","templated":true}]}}