{"id":63623,"date":"2023-10-24T11:34:26","date_gmt":"2023-10-24T10:34:26","guid":{"rendered":"https:\/\/abilica.com\/uncategorized\/abilica-racer-20\/"},"modified":"2024-12-18T12:53:36","modified_gmt":"2024-12-18T11:53:36","slug":"abilica-racer-20","status":"publish","type":"product","link":"https:\/\/abilica.com\/no\/kondisjon\/spinningsykkel\/abilica-racer-20\/","title":{"rendered":"Abilica Racer 20"},"content":{"rendered":"<div class=\"wpb-content-wrapper\"><p>[vc_row][vc_column][vc_column_text]Abilica Racer 20 er en solid spinningsykkel for oppvarming, intervaller og langturer. En brukervennlig og plassbesparende spinningsykkel med de spesifikasjonene du trenger for \u00e5 komme i form!<\/p>\n<p>Spinningsykkelen har kjededrift og et svinghjul p\u00e5 20 kg som gir et jevnt og godt tr\u00e5kk gjennom trenings\u00f8kten. Justerbart styre og sete gir deg en god ergonomisk sittestilling. Leveres med pedaler for vanlige treningssko og uten computer. Abilica Racer 20 har transporthjul i front slik at den enkelt kan trilles vekk n\u00e5r den ikke er i bruk. Maks brukervekt 120 kg.<span class=\"Apple-converted-space\">\u00a0<\/span><\/p>\n<p><b>SPESIFIKASJONER<br \/>\n<\/b>20 kg svinghjul<span class=\"Apple-converted-space\"><br \/>\n<\/span>Kjededrift \u2013 teflonbelagt kjede<br \/>\n3-delt krank<br \/>\nFilt brems<br \/>\nFlaskeholder<span class=\"Apple-converted-space\"><br \/>\n<\/span>Vertikal og horisontal setejustering<br \/>\nVertikal styrejustering<br \/>\nM\u00e5l oppmontert: 103 x 51 x 124 cm (L x B x H)<span class=\"Apple-converted-space\"><br \/>\n<\/span>Transporthjul<br \/>\nProduktvekt: 42 kg<span class=\"Apple-converted-space\"><br \/>\n<\/span>Maks brukervekt: 120 kg[\/vc_column_text][vc_empty_space height=&raquo;52px&raquo;][vc_btn title=&raquo;Brukermanual&raquo; style=&raquo;flat&raquo; color=&raquo;black&raquo; i_icon_fontawesome=&raquo;far fa-file-pdf&raquo; add_icon=&raquo;true&raquo; link=&raquo;url:https%3A%2F%2Fabilica.com%2Fno%2Fwp-content%2Fuploads%2F2023%2F08%2FAbilica-Racer-20-V0623.pdf&raquo;][vc_btn title=&raquo;Treningstips&raquo; style=&raquo;flat&raquo; color=&raquo;black&raquo; i_icon_fontawesome=&raquo;fas fa-align-left&raquo; add_icon=&raquo;true&raquo; link=&raquo;url:https%3A%2F%2Fabilica.com%2Fno%2Ftreningsartikler%2Fkondisjon%2Ffa-maksimalt-ut-av-spinningen%2F|title:F%C3%A5%20maksimalt%20ut%20av%20spinningen&raquo;][vc_btn title=&raquo;Vedlikeholdstips&raquo; style=&raquo;flat&raquo; color=&raquo;black&raquo; i_icon_fontawesome=&raquo;fas fa-align-left&raquo; add_icon=&raquo;true&raquo; link=&raquo;url:https%3A%2F%2Fabilica.com%2Fno%2Ftreningsartikler%2Fkondisjon%2Fvedlikehold-av-treningsapparater%2F|title:F%C3%A5%20maksimalt%20ut%20av%20spinningen&raquo;][\/vc_column][\/vc_row]<\/p>\n<\/div>","protected":false},"excerpt":{"rendered":"<p>[vc_row][vc_column][vc_column_text]Abilica Racer 20 er en solid spinningsykkel for oppvarming, intervaller og langturer. En brukervennlig og&#8230;<\/p>\n","protected":false},"featured_media":62428,"template":"","meta":{"_acf_changed":false},"product_brand":[],"product_cat":[426,440],"product_tag":[],"class_list":{"0":"post-63623","1":"product","2":"type-product","3":"status-publish","4":"has-post-thumbnail","6":"product_cat-kondisjon","7":"product_cat-spinningsykkel","9":"first","10":"outofstock","11":"product-type-simple"},"acf":[],"yoast_head":"<!-- This site is optimized with the Yoast SEO Premium plugin v21.1 (Yoast SEO v25.4) - https:\/\/yoast.com\/wordpress\/plugins\/seo\/ -->\n<title>Abilica Racer 20 Abilica<\/title>\n<meta name=\"robots\" content=\"index, follow, max-snippet:-1, max-image-preview:large, max-video-preview:-1\" \/>\n<link rel=\"canonical\" href=\"https:\/\/abilica.com\/no\/kondisjon\/spinningsykkel\/abilica-racer-20\/\" \/>\n<meta property=\"og:locale\" content=\"nb_NO\" \/>\n<meta property=\"og:type\" content=\"article\" \/>\n<meta property=\"og:title\" content=\"Abilica Racer 20\" \/>\n<meta property=\"og:description\" content=\"[vc_row][vc_column][vc_column_text]Abilica Racer 20 er en solid spinningsykkel for oppvarming, intervaller og langturer. En brukervennlig og...\" \/>\n<meta property=\"og:url\" content=\"https:\/\/abilica.com\/no\/kondisjon\/spinningsykkel\/abilica-racer-20\/\" \/>\n<meta property=\"og:site_name\" content=\"Abilica\" \/>\n<meta property=\"article:publisher\" content=\"https:\/\/www.facebook.com\/abilicahometraining\/\" \/>\n<meta property=\"article:modified_time\" content=\"2024-12-18T11:53:36+00:00\" \/>\n<meta property=\"og:image\" content=\"https:\/\/abilica.com\/wp-content\/uploads\/2023\/10\/racer204.jpg\" \/>\n\t<meta property=\"og:image:width\" content=\"1200\" \/>\n\t<meta property=\"og:image:height\" content=\"1200\" \/>\n\t<meta property=\"og:image:type\" content=\"image\/jpeg\" \/>\n<meta name=\"twitter:card\" content=\"summary_large_image\" \/>\n<meta name=\"twitter:label1\" content=\"Ansl. lesetid\" \/>\n\t<meta name=\"twitter:data1\" content=\"1 minutt\" \/>\n<script type=\"application\/ld+json\" class=\"yoast-schema-graph\">{\"@context\":\"https:\/\/schema.org\",\"@graph\":[{\"@type\":\"WebPage\",\"@id\":\"https:\/\/abilica.com\/no\/kondisjon\/spinningsykkel\/abilica-racer-20\/\",\"url\":\"https:\/\/abilica.com\/no\/kondisjon\/spinningsykkel\/abilica-racer-20\/\",\"name\":\"Abilica Racer 20 Abilica\",\"isPartOf\":{\"@id\":\"https:\/\/abilica.com\/#website\"},\"primaryImageOfPage\":{\"@id\":\"https:\/\/abilica.com\/no\/kondisjon\/spinningsykkel\/abilica-racer-20\/#primaryimage\"},\"image\":{\"@id\":\"https:\/\/abilica.com\/no\/kondisjon\/spinningsykkel\/abilica-racer-20\/#primaryimage\"},\"thumbnailUrl\":\"https:\/\/abilica.com\/wp-content\/uploads\/2023\/10\/racer204.jpg\",\"datePublished\":\"2023-10-24T10:34:26+00:00\",\"dateModified\":\"2024-12-18T11:53:36+00:00\",\"breadcrumb\":{\"@id\":\"https:\/\/abilica.com\/no\/kondisjon\/spinningsykkel\/abilica-racer-20\/#breadcrumb\"},\"inLanguage\":\"nb-NO\",\"potentialAction\":[{\"@type\":\"ReadAction\",\"target\":[\"https:\/\/abilica.com\/no\/kondisjon\/spinningsykkel\/abilica-racer-20\/\"]}]},{\"@type\":\"ImageObject\",\"inLanguage\":\"nb-NO\",\"@id\":\"https:\/\/abilica.com\/no\/kondisjon\/spinningsykkel\/abilica-racer-20\/#primaryimage\",\"url\":\"https:\/\/abilica.com\/wp-content\/uploads\/2023\/10\/racer204.jpg\",\"contentUrl\":\"https:\/\/abilica.com\/wp-content\/uploads\/2023\/10\/racer204.jpg\",\"width\":1200,\"height\":1200},{\"@type\":\"BreadcrumbList\",\"@id\":\"https:\/\/abilica.com\/no\/kondisjon\/spinningsykkel\/abilica-racer-20\/#breadcrumb\",\"itemListElement\":[{\"@type\":\"ListItem\",\"position\":1,\"name\":\"Hem\",\"item\":\"https:\/\/abilica.com\/no\/\"},{\"@type\":\"ListItem\",\"position\":2,\"name\":\"Produkter\",\"item\":\"https:\/\/abilica.com\/no\/shop-2\/\"},{\"@type\":\"ListItem\",\"position\":3,\"name\":\"Abilica Racer 20\"}]},{\"@type\":\"WebSite\",\"@id\":\"https:\/\/abilica.com\/#website\",\"url\":\"https:\/\/abilica.com\/\",\"name\":\"Abilica\",\"description\":\"Abilica Home Training\",\"potentialAction\":[{\"@type\":\"SearchAction\",\"target\":{\"@type\":\"EntryPoint\",\"urlTemplate\":\"https:\/\/abilica.com\/?s={search_term_string}\"},\"query-input\":{\"@type\":\"PropertyValueSpecification\",\"valueRequired\":true,\"valueName\":\"search_term_string\"}}],\"inLanguage\":\"nb-NO\"}]}<\/script>\n<!-- \/ Yoast SEO Premium plugin. -->","yoast_head_json":{"title":"Abilica Racer 20 Abilica","robots":{"index":"index","follow":"follow","max-snippet":"max-snippet:-1","max-image-preview":"max-image-preview:large","max-video-preview":"max-video-preview:-1"},"canonical":"https:\/\/abilica.com\/no\/kondisjon\/spinningsykkel\/abilica-racer-20\/","og_locale":"nb_NO","og_type":"article","og_title":"Abilica Racer 20","og_description":"[vc_row][vc_column][vc_column_text]Abilica Racer 20 er en solid spinningsykkel for oppvarming, intervaller og langturer. En brukervennlig og...","og_url":"https:\/\/abilica.com\/no\/kondisjon\/spinningsykkel\/abilica-racer-20\/","og_site_name":"Abilica","article_publisher":"https:\/\/www.facebook.com\/abilicahometraining\/","article_modified_time":"2024-12-18T11:53:36+00:00","og_image":[{"width":1200,"height":1200,"url":"https:\/\/abilica.com\/wp-content\/uploads\/2023\/10\/racer204.jpg","type":"image\/jpeg"}],"twitter_card":"summary_large_image","twitter_misc":{"Ansl. lesetid":"1 minutt"},"schema":{"@context":"https:\/\/schema.org","@graph":[{"@type":"WebPage","@id":"https:\/\/abilica.com\/no\/kondisjon\/spinningsykkel\/abilica-racer-20\/","url":"https:\/\/abilica.com\/no\/kondisjon\/spinningsykkel\/abilica-racer-20\/","name":"Abilica Racer 20 Abilica","isPartOf":{"@id":"https:\/\/abilica.com\/#website"},"primaryImageOfPage":{"@id":"https:\/\/abilica.com\/no\/kondisjon\/spinningsykkel\/abilica-racer-20\/#primaryimage"},"image":{"@id":"https:\/\/abilica.com\/no\/kondisjon\/spinningsykkel\/abilica-racer-20\/#primaryimage"},"thumbnailUrl":"https:\/\/abilica.com\/wp-content\/uploads\/2023\/10\/racer204.jpg","datePublished":"2023-10-24T10:34:26+00:00","dateModified":"2024-12-18T11:53:36+00:00","breadcrumb":{"@id":"https:\/\/abilica.com\/no\/kondisjon\/spinningsykkel\/abilica-racer-20\/#breadcrumb"},"inLanguage":"nb-NO","potentialAction":[{"@type":"ReadAction","target":["https:\/\/abilica.com\/no\/kondisjon\/spinningsykkel\/abilica-racer-20\/"]}]},{"@type":"ImageObject","inLanguage":"nb-NO","@id":"https:\/\/abilica.com\/no\/kondisjon\/spinningsykkel\/abilica-racer-20\/#primaryimage","url":"https:\/\/abilica.com\/wp-content\/uploads\/2023\/10\/racer204.jpg","contentUrl":"https:\/\/abilica.com\/wp-content\/uploads\/2023\/10\/racer204.jpg","width":1200,"height":1200},{"@type":"BreadcrumbList","@id":"https:\/\/abilica.com\/no\/kondisjon\/spinningsykkel\/abilica-racer-20\/#breadcrumb","itemListElement":[{"@type":"ListItem","position":1,"name":"Hem","item":"https:\/\/abilica.com\/no\/"},{"@type":"ListItem","position":2,"name":"Produkter","item":"https:\/\/abilica.com\/no\/shop-2\/"},{"@type":"ListItem","position":3,"name":"Abilica Racer 20"}]},{"@type":"WebSite","@id":"https:\/\/abilica.com\/#website","url":"https:\/\/abilica.com\/","name":"Abilica","description":"Abilica Home Training","potentialAction":[{"@type":"SearchAction","target":{"@type":"EntryPoint","urlTemplate":"https:\/\/abilica.com\/?s={search_term_string}"},"query-input":{"@type":"PropertyValueSpecification","valueRequired":true,"valueName":"search_term_string"}}],"inLanguage":"nb-NO"}]}},"_links":{"self":[{"href":"https:\/\/abilica.com\/no\/wp-json\/wp\/v2\/product\/63623","targetHints":{"allow":["GET"]}}],"collection":[{"href":"https:\/\/abilica.com\/no\/wp-json\/wp\/v2\/product"}],"about":[{"href":"https:\/\/abilica.com\/no\/wp-json\/wp\/v2\/types\/product"}],"wp:featuredmedia":[{"embeddable":true,"href":"https:\/\/abilica.com\/no\/wp-json\/wp\/v2\/media\/62428"}],"wp:attachment":[{"href":"https:\/\/abilica.com\/no\/wp-json\/wp\/v2\/media?parent=63623"}],"wp:term":[{"taxonomy":"product_brand","embeddable":true,"href":"https:\/\/abilica.com\/no\/wp-json\/wp\/v2\/product_brand?post=63623"},{"taxonomy":"product_cat","embeddable":true,"href":"https:\/\/abilica.com\/no\/wp-json\/wp\/v2\/product_cat?post=63623"},{"taxonomy":"product_tag","embeddable":true,"href":"https:\/\/abilica.com\/no\/wp-json\/wp\/v2\/product_tag?post=63623"}],"curies":[{"name":"wp","href":"https:\/\/api.w.org\/{rel}","templated":true}]}}