{"id":63626,"date":"2023-10-24T11:34:26","date_gmt":"2023-10-24T10:34:26","guid":{"rendered":"https:\/\/abilica.com\/uncategorized\/abilica-bike-20\/"},"modified":"2024-10-20T09:12:44","modified_gmt":"2024-10-20T08:12:44","slug":"abilica-bike-20","status":"publish","type":"product","link":"https:\/\/abilica.com\/no\/kondisjon\/trimsykkel\/abilica-bike-20\/","title":{"rendered":"Abilica Bike 20"},"content":{"rendered":"<div class=\"wpb-content-wrapper\"><p>[vc_row][vc_column][vc_column_text]Abilica Bike 20 er en brukervennlig sykkel som har akkurat det du trenger for \u00e5 f\u00e5 en trenings\u00f8kt n\u00e5r du m\u00e5tte \u00f8nske det. Den har et moderne design og et lavt innsteg som gj\u00f8r at du enkelt kommer av og p\u00e5 sykkelen. Abilica Bike 20 har motorisert motstand med 16 ulike niv\u00e5er og computer med 18 programmer som gir deg en motiverende og variert treningshverdag. Sykkelen leveres med h\u00e5ndpuls som kan leses av i displayet. Abilica Bike 20 har ogs\u00e5 holder for nettbrett\/telefonen, slik at du kan se ditt favorittprogram mens du trener.<span class=\"Apple-converted-space\">\u00a0 <\/span>Den har rikelig med tilpasningsmuligheter da b\u00e5de styre og sete kan justeres. Transporthjul i front gj\u00f8r at den raskt og enkelt kan trilles vekk n\u00e5r den ikke er i bruk. Maks brukervekt er 110 kg.<\/p>\n<p><b>SPESIFIKASJONER<br \/>\n<\/b>Motstand: Motorisert magnetisk motstand<br \/>\nMotstandsniv\u00e5er: 16<br \/>\nProgrammer: 18<br \/>\nComputer med: tid, distanse, hastighet, RPM, kaloriforbruk (indikasjon), puls, og watt (kalkulert)<br \/>\nH\u00e5ndpuls<br \/>\nSvinghjul: 6 kg<br \/>\nHorisontal og vertikal setejustering<br \/>\nHorisontal styrejustering<br \/>\nStr\u00f8mforsyning: Adapter 220v<br \/>\nTransporthjul<br \/>\nM\u00e5l oppmontert: 84 x 50 x 130 cm (L x B x H)<br \/>\nProduktvekt: 25 kg<br \/>\nMaks brukervekt: 110 kg[\/vc_column_text][vc_empty_space height=&raquo;52px&raquo;][vc_btn title=&raquo;Brukermanual&raquo; style=&raquo;flat&raquo; color=&raquo;black&raquo; i_icon_fontawesome=&raquo;far fa-file-pdf&raquo; add_icon=&raquo;true&raquo; link=&raquo;url:https%3A%2F%2Fabilica.com%2Fno%2Fwp-content%2Fuploads%2F2023%2F10%2FAbilica-Bike-20.pdf&raquo;][vc_btn title=&raquo;Treningstips&raquo; style=&raquo;flat&raquo; color=&raquo;black&raquo; i_icon_fontawesome=&raquo;fas fa-align-left&raquo; add_icon=&raquo;true&raquo; link=&raquo;url:https%3A%2F%2Fabilica.com%2Fno%2Ftreningsartikler%2Fkondisjon%2Fvelg-riktig-trimsykkel%2F|title:Velg%20riktig%20trimsykkel&raquo;][vc_btn title=&raquo;Vedlikeholdstips&raquo; style=&raquo;flat&raquo; color=&raquo;black&raquo; i_icon_fontawesome=&raquo;fas fa-align-left&raquo; add_icon=&raquo;true&raquo; link=&raquo;url:https%3A%2F%2Fabilica.com%2Fno%2Ftreningsartikler%2Fkondisjon%2Fvedlikehold-av-treningsapparater%2F|title:Velg%20riktig%20trimsykkel&raquo;][\/vc_column][\/vc_row]<\/p>\n<\/div>","protected":false},"excerpt":{"rendered":"<p>[vc_row][vc_column][vc_column_text]Abilica Bike 20 er en brukervennlig sykkel som har akkurat det du trenger for \u00e5&#8230;<\/p>\n","protected":false},"featured_media":62430,"template":"","meta":{"_acf_changed":false},"product_brand":[],"product_cat":[426,441],"product_tag":[],"class_list":{"0":"post-63626","1":"product","2":"type-product","3":"status-publish","4":"has-post-thumbnail","6":"product_cat-kondisjon","7":"product_cat-trimsykkel","9":"first","10":"instock","11":"product-type-simple"},"acf":[],"yoast_head":"<!-- This site is optimized with the Yoast SEO Premium plugin v21.1 (Yoast SEO v25.4) - https:\/\/yoast.com\/wordpress\/plugins\/seo\/ -->\n<title>Abilica Bike 20 Abilica<\/title>\n<meta name=\"robots\" content=\"index, follow, max-snippet:-1, max-image-preview:large, max-video-preview:-1\" \/>\n<link rel=\"canonical\" href=\"https:\/\/abilica.com\/no\/kondisjon\/trimsykkel\/abilica-bike-20\/\" \/>\n<meta property=\"og:locale\" content=\"nb_NO\" \/>\n<meta property=\"og:type\" content=\"article\" \/>\n<meta property=\"og:title\" content=\"Abilica Bike 20\" \/>\n<meta property=\"og:description\" content=\"[vc_row][vc_column][vc_column_text]Abilica Bike 20 er en brukervennlig sykkel som har akkurat det du trenger for \u00e5...\" \/>\n<meta property=\"og:url\" content=\"https:\/\/abilica.com\/no\/kondisjon\/trimsykkel\/abilica-bike-20\/\" \/>\n<meta property=\"og:site_name\" content=\"Abilica\" \/>\n<meta property=\"article:publisher\" content=\"https:\/\/www.facebook.com\/abilicahometraining\/\" \/>\n<meta property=\"article:modified_time\" content=\"2024-10-20T08:12:44+00:00\" \/>\n<meta property=\"og:image\" content=\"https:\/\/abilica.com\/wp-content\/uploads\/2023\/10\/374659_2.jpg\" \/>\n\t<meta property=\"og:image:width\" content=\"1200\" \/>\n\t<meta property=\"og:image:height\" content=\"1200\" \/>\n\t<meta property=\"og:image:type\" content=\"image\/jpeg\" \/>\n<meta name=\"twitter:card\" content=\"summary_large_image\" \/>\n<meta name=\"twitter:label1\" content=\"Ansl. lesetid\" \/>\n\t<meta name=\"twitter:data1\" content=\"1 minutt\" \/>\n<script type=\"application\/ld+json\" class=\"yoast-schema-graph\">{\"@context\":\"https:\/\/schema.org\",\"@graph\":[{\"@type\":\"WebPage\",\"@id\":\"https:\/\/abilica.com\/no\/kondisjon\/trimsykkel\/abilica-bike-20\/\",\"url\":\"https:\/\/abilica.com\/no\/kondisjon\/trimsykkel\/abilica-bike-20\/\",\"name\":\"Abilica Bike 20 Abilica\",\"isPartOf\":{\"@id\":\"https:\/\/abilica.com\/#website\"},\"primaryImageOfPage\":{\"@id\":\"https:\/\/abilica.com\/no\/kondisjon\/trimsykkel\/abilica-bike-20\/#primaryimage\"},\"image\":{\"@id\":\"https:\/\/abilica.com\/no\/kondisjon\/trimsykkel\/abilica-bike-20\/#primaryimage\"},\"thumbnailUrl\":\"https:\/\/abilica.com\/wp-content\/uploads\/2023\/10\/374659_2.jpg\",\"datePublished\":\"2023-10-24T10:34:26+00:00\",\"dateModified\":\"2024-10-20T08:12:44+00:00\",\"breadcrumb\":{\"@id\":\"https:\/\/abilica.com\/no\/kondisjon\/trimsykkel\/abilica-bike-20\/#breadcrumb\"},\"inLanguage\":\"nb-NO\",\"potentialAction\":[{\"@type\":\"ReadAction\",\"target\":[\"https:\/\/abilica.com\/no\/kondisjon\/trimsykkel\/abilica-bike-20\/\"]}]},{\"@type\":\"ImageObject\",\"inLanguage\":\"nb-NO\",\"@id\":\"https:\/\/abilica.com\/no\/kondisjon\/trimsykkel\/abilica-bike-20\/#primaryimage\",\"url\":\"https:\/\/abilica.com\/wp-content\/uploads\/2023\/10\/374659_2.jpg\",\"contentUrl\":\"https:\/\/abilica.com\/wp-content\/uploads\/2023\/10\/374659_2.jpg\",\"width\":1200,\"height\":1200},{\"@type\":\"BreadcrumbList\",\"@id\":\"https:\/\/abilica.com\/no\/kondisjon\/trimsykkel\/abilica-bike-20\/#breadcrumb\",\"itemListElement\":[{\"@type\":\"ListItem\",\"position\":1,\"name\":\"Hem\",\"item\":\"https:\/\/abilica.com\/no\/\"},{\"@type\":\"ListItem\",\"position\":2,\"name\":\"Produkter\",\"item\":\"https:\/\/abilica.com\/no\/shop-2\/\"},{\"@type\":\"ListItem\",\"position\":3,\"name\":\"Abilica Bike 20\"}]},{\"@type\":\"WebSite\",\"@id\":\"https:\/\/abilica.com\/#website\",\"url\":\"https:\/\/abilica.com\/\",\"name\":\"Abilica\",\"description\":\"Abilica Home Training\",\"potentialAction\":[{\"@type\":\"SearchAction\",\"target\":{\"@type\":\"EntryPoint\",\"urlTemplate\":\"https:\/\/abilica.com\/?s={search_term_string}\"},\"query-input\":{\"@type\":\"PropertyValueSpecification\",\"valueRequired\":true,\"valueName\":\"search_term_string\"}}],\"inLanguage\":\"nb-NO\"}]}<\/script>\n<!-- \/ Yoast SEO Premium plugin. -->","yoast_head_json":{"title":"Abilica Bike 20 Abilica","robots":{"index":"index","follow":"follow","max-snippet":"max-snippet:-1","max-image-preview":"max-image-preview:large","max-video-preview":"max-video-preview:-1"},"canonical":"https:\/\/abilica.com\/no\/kondisjon\/trimsykkel\/abilica-bike-20\/","og_locale":"nb_NO","og_type":"article","og_title":"Abilica Bike 20","og_description":"[vc_row][vc_column][vc_column_text]Abilica Bike 20 er en brukervennlig sykkel som har akkurat det du trenger for \u00e5...","og_url":"https:\/\/abilica.com\/no\/kondisjon\/trimsykkel\/abilica-bike-20\/","og_site_name":"Abilica","article_publisher":"https:\/\/www.facebook.com\/abilicahometraining\/","article_modified_time":"2024-10-20T08:12:44+00:00","og_image":[{"width":1200,"height":1200,"url":"https:\/\/abilica.com\/wp-content\/uploads\/2023\/10\/374659_2.jpg","type":"image\/jpeg"}],"twitter_card":"summary_large_image","twitter_misc":{"Ansl. lesetid":"1 minutt"},"schema":{"@context":"https:\/\/schema.org","@graph":[{"@type":"WebPage","@id":"https:\/\/abilica.com\/no\/kondisjon\/trimsykkel\/abilica-bike-20\/","url":"https:\/\/abilica.com\/no\/kondisjon\/trimsykkel\/abilica-bike-20\/","name":"Abilica Bike 20 Abilica","isPartOf":{"@id":"https:\/\/abilica.com\/#website"},"primaryImageOfPage":{"@id":"https:\/\/abilica.com\/no\/kondisjon\/trimsykkel\/abilica-bike-20\/#primaryimage"},"image":{"@id":"https:\/\/abilica.com\/no\/kondisjon\/trimsykkel\/abilica-bike-20\/#primaryimage"},"thumbnailUrl":"https:\/\/abilica.com\/wp-content\/uploads\/2023\/10\/374659_2.jpg","datePublished":"2023-10-24T10:34:26+00:00","dateModified":"2024-10-20T08:12:44+00:00","breadcrumb":{"@id":"https:\/\/abilica.com\/no\/kondisjon\/trimsykkel\/abilica-bike-20\/#breadcrumb"},"inLanguage":"nb-NO","potentialAction":[{"@type":"ReadAction","target":["https:\/\/abilica.com\/no\/kondisjon\/trimsykkel\/abilica-bike-20\/"]}]},{"@type":"ImageObject","inLanguage":"nb-NO","@id":"https:\/\/abilica.com\/no\/kondisjon\/trimsykkel\/abilica-bike-20\/#primaryimage","url":"https:\/\/abilica.com\/wp-content\/uploads\/2023\/10\/374659_2.jpg","contentUrl":"https:\/\/abilica.com\/wp-content\/uploads\/2023\/10\/374659_2.jpg","width":1200,"height":1200},{"@type":"BreadcrumbList","@id":"https:\/\/abilica.com\/no\/kondisjon\/trimsykkel\/abilica-bike-20\/#breadcrumb","itemListElement":[{"@type":"ListItem","position":1,"name":"Hem","item":"https:\/\/abilica.com\/no\/"},{"@type":"ListItem","position":2,"name":"Produkter","item":"https:\/\/abilica.com\/no\/shop-2\/"},{"@type":"ListItem","position":3,"name":"Abilica Bike 20"}]},{"@type":"WebSite","@id":"https:\/\/abilica.com\/#website","url":"https:\/\/abilica.com\/","name":"Abilica","description":"Abilica Home Training","potentialAction":[{"@type":"SearchAction","target":{"@type":"EntryPoint","urlTemplate":"https:\/\/abilica.com\/?s={search_term_string}"},"query-input":{"@type":"PropertyValueSpecification","valueRequired":true,"valueName":"search_term_string"}}],"inLanguage":"nb-NO"}]}},"_links":{"self":[{"href":"https:\/\/abilica.com\/no\/wp-json\/wp\/v2\/product\/63626","targetHints":{"allow":["GET"]}}],"collection":[{"href":"https:\/\/abilica.com\/no\/wp-json\/wp\/v2\/product"}],"about":[{"href":"https:\/\/abilica.com\/no\/wp-json\/wp\/v2\/types\/product"}],"wp:featuredmedia":[{"embeddable":true,"href":"https:\/\/abilica.com\/no\/wp-json\/wp\/v2\/media\/62430"}],"wp:attachment":[{"href":"https:\/\/abilica.com\/no\/wp-json\/wp\/v2\/media?parent=63626"}],"wp:term":[{"taxonomy":"product_brand","embeddable":true,"href":"https:\/\/abilica.com\/no\/wp-json\/wp\/v2\/product_brand?post=63626"},{"taxonomy":"product_cat","embeddable":true,"href":"https:\/\/abilica.com\/no\/wp-json\/wp\/v2\/product_cat?post=63626"},{"taxonomy":"product_tag","embeddable":true,"href":"https:\/\/abilica.com\/no\/wp-json\/wp\/v2\/product_tag?post=63626"}],"curies":[{"name":"wp","href":"https:\/\/api.w.org\/{rel}","templated":true}]}}