{"id":63629,"date":"2023-10-24T11:34:26","date_gmt":"2023-10-24T10:34:26","guid":{"rendered":"https:\/\/abilica.com\/uncategorized\/abilica-rower-20\/"},"modified":"2024-10-20T09:20:57","modified_gmt":"2024-10-20T08:20:57","slug":"abilica-rower-20","status":"publish","type":"product","link":"https:\/\/abilica.com\/no\/kondisjon\/romaskin\/abilica-rower-20\/","title":{"rendered":"Abilica Rower 20"},"content":{"rendered":"<div class=\"wpb-content-wrapper\"><p>[vc_row][vc_column][vc_column_text]Abilica Rower 20 er en brukervennlig og god romaskin som gj\u00f8r at du enkelt kan trene hele kroppen hjemme. Abilica Rower 20 har 8 ulike motstandsniv\u00e5er som endres enkelt ved \u00e5 skru p\u00e5 motstandshjulet. Magnetisk motstandssystem gir minimalt med st\u00f8y, slik at du kan trene hjemme uten \u00e5 forstyrre andre. Abilica Rower 20 har en stor og tydelig computer med de 6 viktigste funksjonene som gir deg tilbakemelding p\u00e5 treningen din.<span class=\"Apple-converted-space\">\u00a0 <\/span>Abilica Rower 20 har et moderne plasseffektivt design og er sammenleggbar for minimal plassbruk. Den har transporthjul som gj\u00f8r den enkel \u00e5 flytte n\u00e5r den ikke er i bruk. Maks bruker vekt er 110 kg.<span class=\"Apple-converted-space\">\u00a0<\/span><\/p>\n<p><b>SPESIFIKASJONER<\/b><br \/>\nMagnetisk motstand<br \/>\nMotstandsniv\u00e5er: 8\u200b (manuell)<br \/>\nStr\u00f8mforsyning: Nei<br \/>\nTransporthjul: Ja<br \/>\nSammenleggbar: Ja<br \/>\nM\u00e5l oppsl\u00e5tt: 183 x 50 x 81 cm\u200b (L x B x H)<br \/>\nM\u00e5l sammensl\u00e5tt: 95 x 50 x 125 cm (L x B x H)<br \/>\nProduktvekt: 27 kg\u200b<br \/>\nMaks bruker vekt: 110 kg<\/p>\n<p><b>SPESIFIKASJONER COMPUTER<br \/>\n<\/b>Antall funksjoner: 6<br \/>\nTid<br \/>\nDistanse<br \/>\nRotak pr. min.<br \/>\nTotalt antall rotak<br \/>\nKaloriforbruk (indikasjon)<br \/>\nNedtelling: Tid, distanse[\/vc_column_text][vc_empty_space height=&raquo;52px&raquo;][vc_btn title=&raquo;Brukermanual&raquo; style=&raquo;flat&raquo; color=&raquo;black&raquo; i_icon_fontawesome=&raquo;far fa-file-pdf&raquo; add_icon=&raquo;true&raquo; link=&raquo;url:https%3A%2F%2Fabilica.com%2Fno%2Fwp-content%2Fuploads%2F2023%2F10%2FAbilica-Rower-20.pdf&raquo;][vc_btn title=&raquo;Treningstips&raquo; style=&raquo;flat&raquo; color=&raquo;black&raquo; i_icon_fontawesome=&raquo;fas fa-align-left&raquo; add_icon=&raquo;true&raquo; link=&raquo;url:https%3A%2F%2Fabilica.com%2Fno%2Ftreningsartikler%2Fkondisjon%2Ftren-hjemme-pa-romaskin%2F|title:Tren%20hjemme%20p%C3%A5%20romaskin&raquo;][vc_btn title=&raquo;Vedlikeholdstips&raquo; style=&raquo;flat&raquo; color=&raquo;black&raquo; i_icon_fontawesome=&raquo;fas fa-align-left&raquo; add_icon=&raquo;true&raquo; link=&raquo;url:https%3A%2F%2Fabilica.com%2Fno%2Ftreningsartikler%2Fkondisjon%2Fvedlikehold-av-treningsapparater%2F|title:Tren%20hjemme%20p%C3%A5%20romaskin&raquo;][\/vc_column][\/vc_row]<\/p>\n<\/div>","protected":false},"excerpt":{"rendered":"<p>[vc_row][vc_column][vc_column_text]Abilica Rower 20 er en brukervennlig og god romaskin som gj\u00f8r at du enkelt kan&#8230;<\/p>\n","protected":false},"featured_media":62432,"template":"","meta":{"_acf_changed":false},"product_brand":[],"product_cat":[426,445],"product_tag":[],"class_list":{"0":"post-63629","1":"product","2":"type-product","3":"status-publish","4":"has-post-thumbnail","6":"product_cat-kondisjon","7":"product_cat-romaskin","9":"first","10":"instock","11":"product-type-simple"},"acf":[],"yoast_head":"<!-- This site is optimized with the Yoast SEO Premium plugin v21.1 (Yoast SEO v25.4) - https:\/\/yoast.com\/wordpress\/plugins\/seo\/ -->\n<title>Abilica Rower 20 Abilica<\/title>\n<meta name=\"robots\" content=\"index, follow, max-snippet:-1, max-image-preview:large, max-video-preview:-1\" \/>\n<link rel=\"canonical\" href=\"https:\/\/abilica.com\/no\/kondisjon\/romaskin\/abilica-rower-20\/\" \/>\n<meta property=\"og:locale\" content=\"nb_NO\" \/>\n<meta property=\"og:type\" content=\"article\" \/>\n<meta property=\"og:title\" content=\"Abilica Rower 20\" \/>\n<meta property=\"og:description\" content=\"[vc_row][vc_column][vc_column_text]Abilica Rower 20 er en brukervennlig og god romaskin som gj\u00f8r at du enkelt kan...\" \/>\n<meta property=\"og:url\" content=\"https:\/\/abilica.com\/no\/kondisjon\/romaskin\/abilica-rower-20\/\" \/>\n<meta property=\"og:site_name\" content=\"Abilica\" \/>\n<meta property=\"article:publisher\" content=\"https:\/\/www.facebook.com\/abilicahometraining\/\" \/>\n<meta property=\"article:modified_time\" content=\"2024-10-20T08:20:57+00:00\" \/>\n<meta property=\"og:image\" content=\"https:\/\/abilica.com\/wp-content\/uploads\/2023\/10\/374675-1.jpg\" \/>\n\t<meta property=\"og:image:width\" content=\"1200\" \/>\n\t<meta property=\"og:image:height\" content=\"1200\" \/>\n\t<meta property=\"og:image:type\" content=\"image\/jpeg\" \/>\n<meta name=\"twitter:card\" content=\"summary_large_image\" \/>\n<meta name=\"twitter:label1\" content=\"Ansl. lesetid\" \/>\n\t<meta name=\"twitter:data1\" content=\"1 minutt\" \/>\n<script type=\"application\/ld+json\" class=\"yoast-schema-graph\">{\"@context\":\"https:\/\/schema.org\",\"@graph\":[{\"@type\":\"WebPage\",\"@id\":\"https:\/\/abilica.com\/no\/kondisjon\/romaskin\/abilica-rower-20\/\",\"url\":\"https:\/\/abilica.com\/no\/kondisjon\/romaskin\/abilica-rower-20\/\",\"name\":\"Abilica Rower 20 Abilica\",\"isPartOf\":{\"@id\":\"https:\/\/abilica.com\/#website\"},\"primaryImageOfPage\":{\"@id\":\"https:\/\/abilica.com\/no\/kondisjon\/romaskin\/abilica-rower-20\/#primaryimage\"},\"image\":{\"@id\":\"https:\/\/abilica.com\/no\/kondisjon\/romaskin\/abilica-rower-20\/#primaryimage\"},\"thumbnailUrl\":\"https:\/\/abilica.com\/wp-content\/uploads\/2023\/10\/374675-1.jpg\",\"datePublished\":\"2023-10-24T10:34:26+00:00\",\"dateModified\":\"2024-10-20T08:20:57+00:00\",\"breadcrumb\":{\"@id\":\"https:\/\/abilica.com\/no\/kondisjon\/romaskin\/abilica-rower-20\/#breadcrumb\"},\"inLanguage\":\"nb-NO\",\"potentialAction\":[{\"@type\":\"ReadAction\",\"target\":[\"https:\/\/abilica.com\/no\/kondisjon\/romaskin\/abilica-rower-20\/\"]}]},{\"@type\":\"ImageObject\",\"inLanguage\":\"nb-NO\",\"@id\":\"https:\/\/abilica.com\/no\/kondisjon\/romaskin\/abilica-rower-20\/#primaryimage\",\"url\":\"https:\/\/abilica.com\/wp-content\/uploads\/2023\/10\/374675-1.jpg\",\"contentUrl\":\"https:\/\/abilica.com\/wp-content\/uploads\/2023\/10\/374675-1.jpg\",\"width\":1200,\"height\":1200},{\"@type\":\"BreadcrumbList\",\"@id\":\"https:\/\/abilica.com\/no\/kondisjon\/romaskin\/abilica-rower-20\/#breadcrumb\",\"itemListElement\":[{\"@type\":\"ListItem\",\"position\":1,\"name\":\"Hem\",\"item\":\"https:\/\/abilica.com\/no\/\"},{\"@type\":\"ListItem\",\"position\":2,\"name\":\"Produkter\",\"item\":\"https:\/\/abilica.com\/no\/shop-2\/\"},{\"@type\":\"ListItem\",\"position\":3,\"name\":\"Abilica Rower 20\"}]},{\"@type\":\"WebSite\",\"@id\":\"https:\/\/abilica.com\/#website\",\"url\":\"https:\/\/abilica.com\/\",\"name\":\"Abilica\",\"description\":\"Abilica Home Training\",\"potentialAction\":[{\"@type\":\"SearchAction\",\"target\":{\"@type\":\"EntryPoint\",\"urlTemplate\":\"https:\/\/abilica.com\/?s={search_term_string}\"},\"query-input\":{\"@type\":\"PropertyValueSpecification\",\"valueRequired\":true,\"valueName\":\"search_term_string\"}}],\"inLanguage\":\"nb-NO\"}]}<\/script>\n<!-- \/ Yoast SEO Premium plugin. -->","yoast_head_json":{"title":"Abilica Rower 20 Abilica","robots":{"index":"index","follow":"follow","max-snippet":"max-snippet:-1","max-image-preview":"max-image-preview:large","max-video-preview":"max-video-preview:-1"},"canonical":"https:\/\/abilica.com\/no\/kondisjon\/romaskin\/abilica-rower-20\/","og_locale":"nb_NO","og_type":"article","og_title":"Abilica Rower 20","og_description":"[vc_row][vc_column][vc_column_text]Abilica Rower 20 er en brukervennlig og god romaskin som gj\u00f8r at du enkelt kan...","og_url":"https:\/\/abilica.com\/no\/kondisjon\/romaskin\/abilica-rower-20\/","og_site_name":"Abilica","article_publisher":"https:\/\/www.facebook.com\/abilicahometraining\/","article_modified_time":"2024-10-20T08:20:57+00:00","og_image":[{"width":1200,"height":1200,"url":"https:\/\/abilica.com\/wp-content\/uploads\/2023\/10\/374675-1.jpg","type":"image\/jpeg"}],"twitter_card":"summary_large_image","twitter_misc":{"Ansl. lesetid":"1 minutt"},"schema":{"@context":"https:\/\/schema.org","@graph":[{"@type":"WebPage","@id":"https:\/\/abilica.com\/no\/kondisjon\/romaskin\/abilica-rower-20\/","url":"https:\/\/abilica.com\/no\/kondisjon\/romaskin\/abilica-rower-20\/","name":"Abilica Rower 20 Abilica","isPartOf":{"@id":"https:\/\/abilica.com\/#website"},"primaryImageOfPage":{"@id":"https:\/\/abilica.com\/no\/kondisjon\/romaskin\/abilica-rower-20\/#primaryimage"},"image":{"@id":"https:\/\/abilica.com\/no\/kondisjon\/romaskin\/abilica-rower-20\/#primaryimage"},"thumbnailUrl":"https:\/\/abilica.com\/wp-content\/uploads\/2023\/10\/374675-1.jpg","datePublished":"2023-10-24T10:34:26+00:00","dateModified":"2024-10-20T08:20:57+00:00","breadcrumb":{"@id":"https:\/\/abilica.com\/no\/kondisjon\/romaskin\/abilica-rower-20\/#breadcrumb"},"inLanguage":"nb-NO","potentialAction":[{"@type":"ReadAction","target":["https:\/\/abilica.com\/no\/kondisjon\/romaskin\/abilica-rower-20\/"]}]},{"@type":"ImageObject","inLanguage":"nb-NO","@id":"https:\/\/abilica.com\/no\/kondisjon\/romaskin\/abilica-rower-20\/#primaryimage","url":"https:\/\/abilica.com\/wp-content\/uploads\/2023\/10\/374675-1.jpg","contentUrl":"https:\/\/abilica.com\/wp-content\/uploads\/2023\/10\/374675-1.jpg","width":1200,"height":1200},{"@type":"BreadcrumbList","@id":"https:\/\/abilica.com\/no\/kondisjon\/romaskin\/abilica-rower-20\/#breadcrumb","itemListElement":[{"@type":"ListItem","position":1,"name":"Hem","item":"https:\/\/abilica.com\/no\/"},{"@type":"ListItem","position":2,"name":"Produkter","item":"https:\/\/abilica.com\/no\/shop-2\/"},{"@type":"ListItem","position":3,"name":"Abilica Rower 20"}]},{"@type":"WebSite","@id":"https:\/\/abilica.com\/#website","url":"https:\/\/abilica.com\/","name":"Abilica","description":"Abilica Home Training","potentialAction":[{"@type":"SearchAction","target":{"@type":"EntryPoint","urlTemplate":"https:\/\/abilica.com\/?s={search_term_string}"},"query-input":{"@type":"PropertyValueSpecification","valueRequired":true,"valueName":"search_term_string"}}],"inLanguage":"nb-NO"}]}},"_links":{"self":[{"href":"https:\/\/abilica.com\/no\/wp-json\/wp\/v2\/product\/63629","targetHints":{"allow":["GET"]}}],"collection":[{"href":"https:\/\/abilica.com\/no\/wp-json\/wp\/v2\/product"}],"about":[{"href":"https:\/\/abilica.com\/no\/wp-json\/wp\/v2\/types\/product"}],"wp:featuredmedia":[{"embeddable":true,"href":"https:\/\/abilica.com\/no\/wp-json\/wp\/v2\/media\/62432"}],"wp:attachment":[{"href":"https:\/\/abilica.com\/no\/wp-json\/wp\/v2\/media?parent=63629"}],"wp:term":[{"taxonomy":"product_brand","embeddable":true,"href":"https:\/\/abilica.com\/no\/wp-json\/wp\/v2\/product_brand?post=63629"},{"taxonomy":"product_cat","embeddable":true,"href":"https:\/\/abilica.com\/no\/wp-json\/wp\/v2\/product_cat?post=63629"},{"taxonomy":"product_tag","embeddable":true,"href":"https:\/\/abilica.com\/no\/wp-json\/wp\/v2\/product_tag?post=63629"}],"curies":[{"name":"wp","href":"https:\/\/api.w.org\/{rel}","templated":true}]}}