{"id":63632,"date":"2023-10-24T11:34:26","date_gmt":"2023-10-24T10:34:26","guid":{"rendered":"https:\/\/abilica.com\/uncategorized\/abilica-mill-30\/"},"modified":"2025-11-05T10:21:00","modified_gmt":"2025-11-05T09:21:00","slug":"abilica-mill-30","status":"publish","type":"product","link":"https:\/\/abilica.com\/no\/kondisjon\/tredemolle\/abilica-mill-30\/","title":{"rendered":"Abilica Mill 30"},"content":{"rendered":"<div class=\"wpb-content-wrapper\"><p>[vc_row][vc_column][vc_column_text css=&raquo;&raquo; el_class=&raquo;product-video&raquo;]Abilica Mill 30 er perfekt for deg som liker \u00e5 variere treningen med intervaller og lengre rolige turer med b\u00e5de gange og l\u00f8p. En solid tredem\u00f8lle i et tidsriktig og plasseffektivt design med god st\u00f8rrelse p\u00e5 l\u00f8peb\u00e5ndet og mulighet for tilkobling til motiverende apper. <span class=\"Apple-converted-space\">\u00a0 <\/span><b><br \/>\n<\/b><\/p>\n<p>Abilica Mill 30 leveres med 2,0 HK DC motor. Tredem\u00f8llen har en hastighet fra 0,8 til 19 km\/t og l\u00f8peb\u00e5ndets m\u00e5l er 50 x 150 cm. Tredem\u00f8llen har hele 12 forh\u00e5ndsinnstilte programmer, 3 puls programmer og 3 programmer du selv kan stille inn. Tredem\u00f8llen har elektronisk h\u00f8ydejustering i 12 niv\u00e5er, som gir deg de utfordringene du \u00f8nsker. Den har praktiske hjul for justering av fart og stigning . Med dette hjulet kan du velge om du skal justere farten 0.1 eller 1.0 km pr justering. Dette er perfekt n\u00e5r du \u00f8nsker rask stigning i fart under intervaller, eller n\u00e5r du \u00f8nsker \u00e5 presse deg litt ekstra p\u00e5 langturer. Den har ogs\u00e5 hurtig valg for fart og stigning. Abilica Mill 30 har h\u00f8yttalere og tilkoblingsmuligheter for \u00e5 spille musikk. En moderne LED-skjerm som viser tid, hastighet, distanse, kaloriforbruk og puls, gj\u00f8r det lett \u00e5 f\u00f8lge med p\u00e5 utviklingen i treningen din.<\/p>\n<p>Abilica Mill 30 kan kobles til flere treningsapper. Med appen Zwift kan du l\u00f8pe i den virtuelle verden, og du kan enten ta deg en fin tur alene eller delta i felleskapet og jogge sammen med andre. Zwift lar deg ogs\u00e5 holde oversikt over dine treningsplaner. I appen FitShow kan du enkelt f\u00f8lge en rekke ferdigprogrammerte \u00f8kter og treningsruter og iKinomap kan du trene til inspirerende videoer fra spennende treningsruter fra hele verden. Tredem\u00f8llen er sammenleggbar og har hjul for enkel flytting. Abilica Mill 30 veier 71 kg. Maks brukervekt er 125 kg.<\/p>\n<p><b>TEKNISK INFO<br \/>\n<\/b>Maks hastighet: 19 km\/t<br \/>\nMotor: 2,0 HK<br \/>\nMotorytelse peak: 3 HK<br \/>\nMotortype: DC<br \/>\nM\u00e5l l\u00f8peb\u00e5nd: 50 x 150 cm<span class=\"Apple-converted-space\"><br \/>\n<\/span>H\u00f8yde (gulv-l\u00f8peflate): 18 cm<br \/>\nMotorisert stigning: Ja<br \/>\nStigningsniv\u00e5er: 12<br \/>\nMax stigning: 9 %<br \/>\nSammenleggbar: Ja<br \/>\nJusterbare ben: Ja<br \/>\nTransporthjul: Ja<br \/>\nM\u00e5l oppmontert: 182 x 81 x 136 cm (L x B x H)<br \/>\nM\u00e5l sammensl\u00e5tt: 112 x 81 x 153 cm (L x B x H)<br \/>\nProduktvekt: 71 kg<span class=\"Apple-converted-space\"><br \/>\n<\/span>Maks brukervekt: 125 kg<\/p>\n<div style=\"width: 640px;\" class=\"wp-video\"><!--[if lt IE 9]><script>document.createElement('video');<\/script><![endif]-->\n<video class=\"wp-video-shortcode\" id=\"video-63632-1\" width=\"640\" height=\"360\" poster=\"https:\/\/abilica.com\/wp-content\/uploads\/2023\/10\/Mill-30_374661_12.jpg\" preload=\"metadata\" controls=\"controls\"><source type=\"video\/mp4\" src=\"https:\/\/abilica.com\/wp-content\/uploads\/2023\/10\/Abilica-Mill-30-bredde.mp4?_=1\" \/><a href=\"https:\/\/abilica.com\/wp-content\/uploads\/2023\/10\/Abilica-Mill-30-bredde.mp4\">https:\/\/abilica.com\/wp-content\/uploads\/2023\/10\/Abilica-Mill-30-bredde.mp4<\/a><\/video><\/div>\n<p>[\/vc_column_text][vc_empty_space height=&raquo;52px&raquo;][vc_btn title=&raquo;Brukermanual&raquo; style=&raquo;flat&raquo; color=&raquo;black&raquo; i_icon_fontawesome=&raquo;far fa-file-pdf&raquo; add_icon=&raquo;true&raquo; link=&raquo;url:https%3A%2F%2Fabilica.com%2Fno%2Fwp-content%2Fuploads%2F2023%2F09%2FAbilica-Mill-30-Manuale.pdf&raquo;][vc_btn title=&raquo;Treningstips&raquo; style=&raquo;flat&raquo; color=&raquo;black&raquo; i_icon_fontawesome=&raquo;fas fa-align-left&raquo; add_icon=&raquo;true&raquo; link=&raquo;url:https%3A%2F%2Fabilica.com%2Fno%2Ftreningsartikler%2Fkondisjon%2Ffa-mest-mulig-ut-av-din-tredemolle%2F|title:F%C3%A5%20mest%20mulig%20ut%20av%20din%20tredem%C3%B8lle&raquo;][vc_btn title=&raquo;Vedlikeholdstips&raquo; style=&raquo;flat&raquo; color=&raquo;black&raquo; i_icon_fontawesome=&raquo;fas fa-align-left&raquo; add_icon=&raquo;true&raquo; link=&raquo;url:https%3A%2F%2Fabilica.com%2Fno%2Ftreningsartikler%2Fkondisjon%2Fvedlikehold-av-treningsapparater%2F|title:F%C3%A5%20mest%20mulig%20ut%20av%20din%20tredem%C3%B8lle&raquo;][\/vc_column][\/vc_row]<\/p>\n<\/div>","protected":false},"excerpt":{"rendered":"<p>[vc_row][vc_column][vc_column_text css=&raquo;&raquo; el_class=&raquo;product-video&raquo;]Abilica Mill 30 er perfekt for deg som liker \u00e5 variere treningen med&#8230;<\/p>\n","protected":false},"featured_media":62434,"template":"","meta":{"_acf_changed":false},"product_brand":[],"product_cat":[426,428],"product_tag":[],"class_list":{"0":"post-63632","1":"product","2":"type-product","3":"status-publish","4":"has-post-thumbnail","6":"product_cat-kondisjon","7":"product_cat-tredemolle","9":"first","10":"instock","11":"product-type-simple"},"acf":[],"yoast_head":"<!-- This site is optimized with the Yoast SEO Premium plugin v21.1 (Yoast SEO v25.4) - https:\/\/yoast.com\/wordpress\/plugins\/seo\/ -->\n<title>Abilica Mill 30 Abilica<\/title>\n<meta name=\"robots\" content=\"index, follow, max-snippet:-1, max-image-preview:large, max-video-preview:-1\" \/>\n<link rel=\"canonical\" href=\"https:\/\/abilica.com\/no\/kondisjon\/tredemolle\/abilica-mill-30\/\" \/>\n<meta property=\"og:locale\" content=\"nb_NO\" \/>\n<meta property=\"og:type\" content=\"article\" \/>\n<meta property=\"og:title\" content=\"Abilica Mill 30\" \/>\n<meta property=\"og:description\" content=\"[vc_row][vc_column][vc_column_text css=&raquo;&raquo; el_class=&raquo;product-video&raquo;]Abilica Mill 30 er perfekt for deg som liker \u00e5 variere treningen med...\" \/>\n<meta property=\"og:url\" content=\"https:\/\/abilica.com\/no\/kondisjon\/tredemolle\/abilica-mill-30\/\" \/>\n<meta property=\"og:site_name\" content=\"Abilica\" \/>\n<meta property=\"article:publisher\" content=\"https:\/\/www.facebook.com\/abilicahometraining\/\" \/>\n<meta property=\"article:modified_time\" content=\"2025-11-05T09:21:00+00:00\" \/>\n<meta property=\"og:image\" content=\"https:\/\/abilica.com\/wp-content\/uploads\/2023\/10\/1-2-1.jpg\" \/>\n\t<meta property=\"og:image:width\" content=\"1200\" \/>\n\t<meta property=\"og:image:height\" content=\"1200\" \/>\n\t<meta property=\"og:image:type\" content=\"image\/jpeg\" \/>\n<meta name=\"twitter:card\" content=\"summary_large_image\" \/>\n<meta name=\"twitter:label1\" content=\"Ansl. lesetid\" \/>\n\t<meta name=\"twitter:data1\" content=\"2 minutter\" \/>\n<script type=\"application\/ld+json\" class=\"yoast-schema-graph\">{\"@context\":\"https:\/\/schema.org\",\"@graph\":[{\"@type\":\"WebPage\",\"@id\":\"https:\/\/abilica.com\/no\/kondisjon\/tredemolle\/abilica-mill-30\/\",\"url\":\"https:\/\/abilica.com\/no\/kondisjon\/tredemolle\/abilica-mill-30\/\",\"name\":\"Abilica Mill 30 Abilica\",\"isPartOf\":{\"@id\":\"https:\/\/abilica.com\/#website\"},\"primaryImageOfPage\":{\"@id\":\"https:\/\/abilica.com\/no\/kondisjon\/tredemolle\/abilica-mill-30\/#primaryimage\"},\"image\":{\"@id\":\"https:\/\/abilica.com\/no\/kondisjon\/tredemolle\/abilica-mill-30\/#primaryimage\"},\"thumbnailUrl\":\"https:\/\/abilica.com\/wp-content\/uploads\/2023\/10\/1-2-1.jpg\",\"datePublished\":\"2023-10-24T10:34:26+00:00\",\"dateModified\":\"2025-11-05T09:21:00+00:00\",\"breadcrumb\":{\"@id\":\"https:\/\/abilica.com\/no\/kondisjon\/tredemolle\/abilica-mill-30\/#breadcrumb\"},\"inLanguage\":\"nb-NO\",\"potentialAction\":[{\"@type\":\"ReadAction\",\"target\":[\"https:\/\/abilica.com\/no\/kondisjon\/tredemolle\/abilica-mill-30\/\"]}]},{\"@type\":\"ImageObject\",\"inLanguage\":\"nb-NO\",\"@id\":\"https:\/\/abilica.com\/no\/kondisjon\/tredemolle\/abilica-mill-30\/#primaryimage\",\"url\":\"https:\/\/abilica.com\/wp-content\/uploads\/2023\/10\/1-2-1.jpg\",\"contentUrl\":\"https:\/\/abilica.com\/wp-content\/uploads\/2023\/10\/1-2-1.jpg\",\"width\":1200,\"height\":1200},{\"@type\":\"BreadcrumbList\",\"@id\":\"https:\/\/abilica.com\/no\/kondisjon\/tredemolle\/abilica-mill-30\/#breadcrumb\",\"itemListElement\":[{\"@type\":\"ListItem\",\"position\":1,\"name\":\"Hem\",\"item\":\"https:\/\/abilica.com\/no\/\"},{\"@type\":\"ListItem\",\"position\":2,\"name\":\"Produkter\",\"item\":\"https:\/\/abilica.com\/no\/shop-2\/\"},{\"@type\":\"ListItem\",\"position\":3,\"name\":\"Abilica Mill 30\"}]},{\"@type\":\"WebSite\",\"@id\":\"https:\/\/abilica.com\/#website\",\"url\":\"https:\/\/abilica.com\/\",\"name\":\"Abilica\",\"description\":\"Abilica Home Training\",\"potentialAction\":[{\"@type\":\"SearchAction\",\"target\":{\"@type\":\"EntryPoint\",\"urlTemplate\":\"https:\/\/abilica.com\/?s={search_term_string}\"},\"query-input\":{\"@type\":\"PropertyValueSpecification\",\"valueRequired\":true,\"valueName\":\"search_term_string\"}}],\"inLanguage\":\"nb-NO\"}]}<\/script>\n<!-- \/ Yoast SEO Premium plugin. -->","yoast_head_json":{"title":"Abilica Mill 30 Abilica","robots":{"index":"index","follow":"follow","max-snippet":"max-snippet:-1","max-image-preview":"max-image-preview:large","max-video-preview":"max-video-preview:-1"},"canonical":"https:\/\/abilica.com\/no\/kondisjon\/tredemolle\/abilica-mill-30\/","og_locale":"nb_NO","og_type":"article","og_title":"Abilica Mill 30","og_description":"[vc_row][vc_column][vc_column_text css=&raquo;&raquo; el_class=&raquo;product-video&raquo;]Abilica Mill 30 er perfekt for deg som liker \u00e5 variere treningen med...","og_url":"https:\/\/abilica.com\/no\/kondisjon\/tredemolle\/abilica-mill-30\/","og_site_name":"Abilica","article_publisher":"https:\/\/www.facebook.com\/abilicahometraining\/","article_modified_time":"2025-11-05T09:21:00+00:00","og_image":[{"width":1200,"height":1200,"url":"https:\/\/abilica.com\/wp-content\/uploads\/2023\/10\/1-2-1.jpg","type":"image\/jpeg"}],"twitter_card":"summary_large_image","twitter_misc":{"Ansl. lesetid":"2 minutter"},"schema":{"@context":"https:\/\/schema.org","@graph":[{"@type":"WebPage","@id":"https:\/\/abilica.com\/no\/kondisjon\/tredemolle\/abilica-mill-30\/","url":"https:\/\/abilica.com\/no\/kondisjon\/tredemolle\/abilica-mill-30\/","name":"Abilica Mill 30 Abilica","isPartOf":{"@id":"https:\/\/abilica.com\/#website"},"primaryImageOfPage":{"@id":"https:\/\/abilica.com\/no\/kondisjon\/tredemolle\/abilica-mill-30\/#primaryimage"},"image":{"@id":"https:\/\/abilica.com\/no\/kondisjon\/tredemolle\/abilica-mill-30\/#primaryimage"},"thumbnailUrl":"https:\/\/abilica.com\/wp-content\/uploads\/2023\/10\/1-2-1.jpg","datePublished":"2023-10-24T10:34:26+00:00","dateModified":"2025-11-05T09:21:00+00:00","breadcrumb":{"@id":"https:\/\/abilica.com\/no\/kondisjon\/tredemolle\/abilica-mill-30\/#breadcrumb"},"inLanguage":"nb-NO","potentialAction":[{"@type":"ReadAction","target":["https:\/\/abilica.com\/no\/kondisjon\/tredemolle\/abilica-mill-30\/"]}]},{"@type":"ImageObject","inLanguage":"nb-NO","@id":"https:\/\/abilica.com\/no\/kondisjon\/tredemolle\/abilica-mill-30\/#primaryimage","url":"https:\/\/abilica.com\/wp-content\/uploads\/2023\/10\/1-2-1.jpg","contentUrl":"https:\/\/abilica.com\/wp-content\/uploads\/2023\/10\/1-2-1.jpg","width":1200,"height":1200},{"@type":"BreadcrumbList","@id":"https:\/\/abilica.com\/no\/kondisjon\/tredemolle\/abilica-mill-30\/#breadcrumb","itemListElement":[{"@type":"ListItem","position":1,"name":"Hem","item":"https:\/\/abilica.com\/no\/"},{"@type":"ListItem","position":2,"name":"Produkter","item":"https:\/\/abilica.com\/no\/shop-2\/"},{"@type":"ListItem","position":3,"name":"Abilica Mill 30"}]},{"@type":"WebSite","@id":"https:\/\/abilica.com\/#website","url":"https:\/\/abilica.com\/","name":"Abilica","description":"Abilica Home Training","potentialAction":[{"@type":"SearchAction","target":{"@type":"EntryPoint","urlTemplate":"https:\/\/abilica.com\/?s={search_term_string}"},"query-input":{"@type":"PropertyValueSpecification","valueRequired":true,"valueName":"search_term_string"}}],"inLanguage":"nb-NO"}]}},"_links":{"self":[{"href":"https:\/\/abilica.com\/no\/wp-json\/wp\/v2\/product\/63632","targetHints":{"allow":["GET"]}}],"collection":[{"href":"https:\/\/abilica.com\/no\/wp-json\/wp\/v2\/product"}],"about":[{"href":"https:\/\/abilica.com\/no\/wp-json\/wp\/v2\/types\/product"}],"wp:featuredmedia":[{"embeddable":true,"href":"https:\/\/abilica.com\/no\/wp-json\/wp\/v2\/media\/62434"}],"wp:attachment":[{"href":"https:\/\/abilica.com\/no\/wp-json\/wp\/v2\/media?parent=63632"}],"wp:term":[{"taxonomy":"product_brand","embeddable":true,"href":"https:\/\/abilica.com\/no\/wp-json\/wp\/v2\/product_brand?post=63632"},{"taxonomy":"product_cat","embeddable":true,"href":"https:\/\/abilica.com\/no\/wp-json\/wp\/v2\/product_cat?post=63632"},{"taxonomy":"product_tag","embeddable":true,"href":"https:\/\/abilica.com\/no\/wp-json\/wp\/v2\/product_tag?post=63632"}],"curies":[{"name":"wp","href":"https:\/\/api.w.org\/{rel}","templated":true}]}}