{"id":63638,"date":"2023-10-24T11:34:26","date_gmt":"2023-10-24T10:34:26","guid":{"rendered":"https:\/\/abilica.com\/uncategorized\/abilica-foldablerack-40\/"},"modified":"2026-01-28T09:25:23","modified_gmt":"2026-01-28T08:25:23","slug":"abilica-foldablerack-40","status":"publish","type":"product","link":"https:\/\/abilica.com\/no\/styrke\/cage-rack\/abilica-foldablerack-40\/","title":{"rendered":"Abilica FoldableRack 40"},"content":{"rendered":"<div class=\"wpb-content-wrapper\"><p>[vc_row][vc_column][vc_column_text el_class=&raquo;product-video&raquo;]Abilica FoldableRack 40 er et solid, foldbart rack som er perfekt for deg som \u00f8nsker \u00e5 utnytte plassen maksimalt p\u00e5 treningsrommet eller i garasjen.<\/p>\n<p>FoldableRack 40 lar deg gj\u00f8re alle \u00f8velsene du kan gj\u00f8re i et fullt rack. Kneb\u00f8y, benkpress, milit\u00e6rpress, hangups, mm. Ved kj\u00f8p av Abilica Landmine-Attachment utvides \u00f8velseskatalogen ytterligere med \u00f8velser som landmines, landmines thruster og mer. FoldableRack 40 er laget ekstra kraftig for \u00e5 kunne t\u00e5le h\u00f8y belastning. Vektstangholderene t\u00e5ler en belastning p\u00e5 300 kg, sikkerhetsarmene 300 kg og pulluph\u00e5ndtakene 200 kg. \u00d8nsker du en mer effektiv trenings\u00f8kt kan du ogs\u00e5 kj\u00f8pe ekstra <strong><a href=\"https:\/\/abilica.com\/no\/abilica-jhooks-40\/\">vekstangholdere<\/a><\/strong>, slik at du har ferdiginnstilt holderne for ulike \u00f8velser.<\/p>\n<p>N\u00e5r du er ferdig \u00e5 bruke racket foldes det enkelt sammen ved \u00e5 ta ut l\u00e5sepinnene bakerst p\u00e5 racket og ta av pull up stangen. N\u00e5r Abilica FoldableRack 40 er foldet sammen m\u00e5ler det kun 15 cm ut fra veggen. Det gj\u00f8r det enkelt for deg \u00e5 gj\u00f8re andre \u00f8velser p\u00e5 treningsrommet, eller bruke rommet til noe helt annet. Racket har 4 festepunker som krever 2 bolter hver. Veggfestene til FoldableRack er 120 cm fra hverandre, for \u00e5 passe p\u00e5 standard stendere. Vi anbefaler at FoldableRack forankres med solide treskruer eller betongbolter avhengig av veggen.<span class=\"Apple-converted-space\">\u00a0<\/span><\/p>\n<p>Dette produktet er ikke egnet for \u00e5 lagres ute og b\u00f8r ikke plasseres p\u00e5 fuktig\/v\u00e5tt underlag.<\/p>\n<p><b>SPESIFIKASJONER <\/b><br \/>\nM\u00e5l oppmontert: 115 x 134 x 215 cm (L x B x H)<br \/>\nM\u00e5l foldet: 15 x 134 x 215 (L x B x H)<br \/>\nRammest\u00f8rrelse: 60 x 60 mm<br \/>\nSt\u00e5ltykkelse: 2.5 mm<br \/>\nHull diameter: 16 mm<br \/>\nAntall justeringshull: 29<\/p>\n<p><strong>Maks belastning<br \/>\n<\/strong>Vektstangholder (J-hooks): 300 kg<br \/>\nSikkerhetsarmer: 300 kg<br \/>\nPullupsh\u00e5ndtak: 200 kg<br \/>\nProduktvekt: 70 kg<\/p>\n<div style=\"width: 640px;\" class=\"wp-video\"><!--[if lt IE 9]><script>document.createElement('video');<\/script><![endif]-->\n<video class=\"wp-video-shortcode\" id=\"video-63638-1\" width=\"640\" height=\"360\" poster=\"https:\/\/abilica.com\/no\/wp-content\/uploads\/2020\/05\/Screenshot-2020-11-18-at-10.55.01.png\" preload=\"metadata\" controls=\"controls\"><source type=\"video\/mp4\" src=\"https:\/\/abilica.com\/no\/wp-content\/uploads\/2020\/05\/Foldable-Rack.mp4?_=1\" \/><a href=\"https:\/\/abilica.com\/no\/wp-content\/uploads\/2020\/05\/Foldable-Rack.mp4\">https:\/\/abilica.com\/no\/wp-content\/uploads\/2020\/05\/Foldable-Rack.mp4<\/a><\/video><\/div>\n<p>[\/vc_column_text][vc_empty_space height=&raquo;52px&raquo;][vc_btn title=&raquo;Brukermanual&raquo; style=&raquo;flat&raquo; color=&raquo;black&raquo; i_icon_fontawesome=&raquo;far fa-file-pdf&raquo; add_icon=&raquo;true&raquo; link=&raquo;url:https%3A%2F%2Fabilica.com%2Fno%2Fwp-content%2Fuploads%2F2023%2F08%2FAB_FoldableRack_40_Rev1_230606.pdf|title:Vedlikehold%20av%20treningsapparater&raquo;][vc_btn title=&raquo;Vedlikeholdstips&raquo; style=&raquo;flat&raquo; color=&raquo;black&raquo; i_icon_fontawesome=&raquo;fas fa-align-left&raquo; add_icon=&raquo;true&raquo; link=&raquo;url:https%3A%2F%2Fabilica.com%2Fno%2Ftreningsartikler%2Fkondisjon%2Fvedlikehold-av-treningsapparater%2F|title:Vedlikehold%20av%20treningsapparater&raquo;][vc_btn title=&raquo;Treningstips&raquo; style=&raquo;flat&raquo; color=&raquo;black&raquo; i_icon_fontawesome=&raquo;fas fa-align-left&raquo; add_icon=&raquo;true&raquo; link=&raquo;url:https%3A%2F%2Fabilica.com%2Fno%2Ftreningsartikler%2Fstyrke%2Fmange-treningsmuligheter-med-rack%2F|title:Vedlikehold%20av%20treningsapparater&raquo;][\/vc_column][\/vc_row]<\/p>\n<\/div>","protected":false},"excerpt":{"rendered":"<p>[vc_row][vc_column][vc_column_text el_class=&raquo;product-video&raquo;]Abilica FoldableRack 40 er et solid, foldbart rack som er perfekt for deg som&#8230;<\/p>\n","protected":false},"featured_media":62439,"template":"","meta":{"_acf_changed":false},"product_brand":[],"product_cat":[464,422],"product_tag":[],"class_list":{"0":"post-63638","1":"product","2":"type-product","3":"status-publish","4":"has-post-thumbnail","6":"product_cat-cage-rack","7":"product_cat-styrke","9":"first","10":"outofstock","11":"product-type-simple"},"acf":[],"yoast_head":"<!-- This site is optimized with the Yoast SEO Premium plugin v21.1 (Yoast SEO v25.4) - https:\/\/yoast.com\/wordpress\/plugins\/seo\/ -->\n<title>Abilica FoldableRack 40 Abilica<\/title>\n<meta name=\"robots\" content=\"index, follow, max-snippet:-1, max-image-preview:large, max-video-preview:-1\" \/>\n<link rel=\"canonical\" href=\"https:\/\/abilica.com\/no\/styrke\/cage-rack\/abilica-foldablerack-40\/\" \/>\n<meta property=\"og:locale\" content=\"nb_NO\" \/>\n<meta property=\"og:type\" content=\"article\" \/>\n<meta property=\"og:title\" content=\"Abilica FoldableRack 40\" \/>\n<meta property=\"og:description\" content=\"[vc_row][vc_column][vc_column_text el_class=&raquo;product-video&raquo;]Abilica FoldableRack 40 er et solid, foldbart rack som er perfekt for deg som...\" \/>\n<meta property=\"og:url\" content=\"https:\/\/abilica.com\/no\/styrke\/cage-rack\/abilica-foldablerack-40\/\" \/>\n<meta property=\"og:site_name\" content=\"Abilica\" \/>\n<meta property=\"article:publisher\" content=\"https:\/\/www.facebook.com\/abilicahometraining\/\" \/>\n<meta property=\"article:modified_time\" content=\"2026-01-28T08:25:23+00:00\" \/>\n<meta property=\"og:image\" content=\"https:\/\/abilica.com\/wp-content\/uploads\/2023\/10\/2-1-1.jpg\" \/>\n\t<meta property=\"og:image:width\" content=\"1200\" \/>\n\t<meta property=\"og:image:height\" content=\"1200\" \/>\n\t<meta property=\"og:image:type\" content=\"image\/jpeg\" \/>\n<meta name=\"twitter:card\" content=\"summary_large_image\" \/>\n<meta name=\"twitter:label1\" content=\"Ansl. lesetid\" \/>\n\t<meta name=\"twitter:data1\" content=\"2 minutter\" \/>\n<script type=\"application\/ld+json\" class=\"yoast-schema-graph\">{\"@context\":\"https:\/\/schema.org\",\"@graph\":[{\"@type\":\"WebPage\",\"@id\":\"https:\/\/abilica.com\/no\/styrke\/cage-rack\/abilica-foldablerack-40\/\",\"url\":\"https:\/\/abilica.com\/no\/styrke\/cage-rack\/abilica-foldablerack-40\/\",\"name\":\"Abilica FoldableRack 40 Abilica\",\"isPartOf\":{\"@id\":\"https:\/\/abilica.com\/#website\"},\"primaryImageOfPage\":{\"@id\":\"https:\/\/abilica.com\/no\/styrke\/cage-rack\/abilica-foldablerack-40\/#primaryimage\"},\"image\":{\"@id\":\"https:\/\/abilica.com\/no\/styrke\/cage-rack\/abilica-foldablerack-40\/#primaryimage\"},\"thumbnailUrl\":\"https:\/\/abilica.com\/wp-content\/uploads\/2023\/10\/2-1-1.jpg\",\"datePublished\":\"2023-10-24T10:34:26+00:00\",\"dateModified\":\"2026-01-28T08:25:23+00:00\",\"breadcrumb\":{\"@id\":\"https:\/\/abilica.com\/no\/styrke\/cage-rack\/abilica-foldablerack-40\/#breadcrumb\"},\"inLanguage\":\"nb-NO\",\"potentialAction\":[{\"@type\":\"ReadAction\",\"target\":[\"https:\/\/abilica.com\/no\/styrke\/cage-rack\/abilica-foldablerack-40\/\"]}]},{\"@type\":\"ImageObject\",\"inLanguage\":\"nb-NO\",\"@id\":\"https:\/\/abilica.com\/no\/styrke\/cage-rack\/abilica-foldablerack-40\/#primaryimage\",\"url\":\"https:\/\/abilica.com\/wp-content\/uploads\/2023\/10\/2-1-1.jpg\",\"contentUrl\":\"https:\/\/abilica.com\/wp-content\/uploads\/2023\/10\/2-1-1.jpg\",\"width\":1200,\"height\":1200},{\"@type\":\"BreadcrumbList\",\"@id\":\"https:\/\/abilica.com\/no\/styrke\/cage-rack\/abilica-foldablerack-40\/#breadcrumb\",\"itemListElement\":[{\"@type\":\"ListItem\",\"position\":1,\"name\":\"Hem\",\"item\":\"https:\/\/abilica.com\/no\/\"},{\"@type\":\"ListItem\",\"position\":2,\"name\":\"Produkter\",\"item\":\"https:\/\/abilica.com\/no\/shop-2\/\"},{\"@type\":\"ListItem\",\"position\":3,\"name\":\"Abilica FoldableRack 40\"}]},{\"@type\":\"WebSite\",\"@id\":\"https:\/\/abilica.com\/#website\",\"url\":\"https:\/\/abilica.com\/\",\"name\":\"Abilica\",\"description\":\"Abilica Home Training\",\"potentialAction\":[{\"@type\":\"SearchAction\",\"target\":{\"@type\":\"EntryPoint\",\"urlTemplate\":\"https:\/\/abilica.com\/?s={search_term_string}\"},\"query-input\":{\"@type\":\"PropertyValueSpecification\",\"valueRequired\":true,\"valueName\":\"search_term_string\"}}],\"inLanguage\":\"nb-NO\"}]}<\/script>\n<!-- \/ Yoast SEO Premium plugin. -->","yoast_head_json":{"title":"Abilica FoldableRack 40 Abilica","robots":{"index":"index","follow":"follow","max-snippet":"max-snippet:-1","max-image-preview":"max-image-preview:large","max-video-preview":"max-video-preview:-1"},"canonical":"https:\/\/abilica.com\/no\/styrke\/cage-rack\/abilica-foldablerack-40\/","og_locale":"nb_NO","og_type":"article","og_title":"Abilica FoldableRack 40","og_description":"[vc_row][vc_column][vc_column_text el_class=&raquo;product-video&raquo;]Abilica FoldableRack 40 er et solid, foldbart rack som er perfekt for deg som...","og_url":"https:\/\/abilica.com\/no\/styrke\/cage-rack\/abilica-foldablerack-40\/","og_site_name":"Abilica","article_publisher":"https:\/\/www.facebook.com\/abilicahometraining\/","article_modified_time":"2026-01-28T08:25:23+00:00","og_image":[{"width":1200,"height":1200,"url":"https:\/\/abilica.com\/wp-content\/uploads\/2023\/10\/2-1-1.jpg","type":"image\/jpeg"}],"twitter_card":"summary_large_image","twitter_misc":{"Ansl. lesetid":"2 minutter"},"schema":{"@context":"https:\/\/schema.org","@graph":[{"@type":"WebPage","@id":"https:\/\/abilica.com\/no\/styrke\/cage-rack\/abilica-foldablerack-40\/","url":"https:\/\/abilica.com\/no\/styrke\/cage-rack\/abilica-foldablerack-40\/","name":"Abilica FoldableRack 40 Abilica","isPartOf":{"@id":"https:\/\/abilica.com\/#website"},"primaryImageOfPage":{"@id":"https:\/\/abilica.com\/no\/styrke\/cage-rack\/abilica-foldablerack-40\/#primaryimage"},"image":{"@id":"https:\/\/abilica.com\/no\/styrke\/cage-rack\/abilica-foldablerack-40\/#primaryimage"},"thumbnailUrl":"https:\/\/abilica.com\/wp-content\/uploads\/2023\/10\/2-1-1.jpg","datePublished":"2023-10-24T10:34:26+00:00","dateModified":"2026-01-28T08:25:23+00:00","breadcrumb":{"@id":"https:\/\/abilica.com\/no\/styrke\/cage-rack\/abilica-foldablerack-40\/#breadcrumb"},"inLanguage":"nb-NO","potentialAction":[{"@type":"ReadAction","target":["https:\/\/abilica.com\/no\/styrke\/cage-rack\/abilica-foldablerack-40\/"]}]},{"@type":"ImageObject","inLanguage":"nb-NO","@id":"https:\/\/abilica.com\/no\/styrke\/cage-rack\/abilica-foldablerack-40\/#primaryimage","url":"https:\/\/abilica.com\/wp-content\/uploads\/2023\/10\/2-1-1.jpg","contentUrl":"https:\/\/abilica.com\/wp-content\/uploads\/2023\/10\/2-1-1.jpg","width":1200,"height":1200},{"@type":"BreadcrumbList","@id":"https:\/\/abilica.com\/no\/styrke\/cage-rack\/abilica-foldablerack-40\/#breadcrumb","itemListElement":[{"@type":"ListItem","position":1,"name":"Hem","item":"https:\/\/abilica.com\/no\/"},{"@type":"ListItem","position":2,"name":"Produkter","item":"https:\/\/abilica.com\/no\/shop-2\/"},{"@type":"ListItem","position":3,"name":"Abilica FoldableRack 40"}]},{"@type":"WebSite","@id":"https:\/\/abilica.com\/#website","url":"https:\/\/abilica.com\/","name":"Abilica","description":"Abilica Home Training","potentialAction":[{"@type":"SearchAction","target":{"@type":"EntryPoint","urlTemplate":"https:\/\/abilica.com\/?s={search_term_string}"},"query-input":{"@type":"PropertyValueSpecification","valueRequired":true,"valueName":"search_term_string"}}],"inLanguage":"nb-NO"}]}},"_links":{"self":[{"href":"https:\/\/abilica.com\/no\/wp-json\/wp\/v2\/product\/63638","targetHints":{"allow":["GET"]}}],"collection":[{"href":"https:\/\/abilica.com\/no\/wp-json\/wp\/v2\/product"}],"about":[{"href":"https:\/\/abilica.com\/no\/wp-json\/wp\/v2\/types\/product"}],"wp:featuredmedia":[{"embeddable":true,"href":"https:\/\/abilica.com\/no\/wp-json\/wp\/v2\/media\/62439"}],"wp:attachment":[{"href":"https:\/\/abilica.com\/no\/wp-json\/wp\/v2\/media?parent=63638"}],"wp:term":[{"taxonomy":"product_brand","embeddable":true,"href":"https:\/\/abilica.com\/no\/wp-json\/wp\/v2\/product_brand?post=63638"},{"taxonomy":"product_cat","embeddable":true,"href":"https:\/\/abilica.com\/no\/wp-json\/wp\/v2\/product_cat?post=63638"},{"taxonomy":"product_tag","embeddable":true,"href":"https:\/\/abilica.com\/no\/wp-json\/wp\/v2\/product_tag?post=63638"}],"curies":[{"name":"wp","href":"https:\/\/api.w.org\/{rel}","templated":true}]}}