{"id":63644,"date":"2023-10-24T11:34:26","date_gmt":"2023-10-24T10:34:26","guid":{"rendered":"https:\/\/abilica.com\/uncategorized\/abilica-open-hexbar-50-mm\/"},"modified":"2023-12-08T12:47:14","modified_gmt":"2023-12-08T11:47:14","slug":"abilica-open-hexbar-50-mm","status":"publish","type":"product","link":"https:\/\/abilica.com\/no\/styrke\/skiver-og-stenger\/abilica-open-hexbar-50-mm\/","title":{"rendered":"Abilica Open HexBar 50 mm"},"content":{"rendered":"<p>Abilica Open HexBar lar deg sentrere vekten p\u00e5 linje med tyngdepunktet ditt i st\u00f8rre grad enn trening med normal vektstang. Dette gj\u00f8r \u00f8velser som markl\u00f8ft mindre teknisk krevende. Open HexBar er utstyrt med to h\u00e5ndtak som gir deg muligheten til \u00e5 trene med \u00e5pning foran eller bak deg. Det gj\u00f8r at du f\u00e5r godt bevegelsesrom til \u00e5 gj\u00f8re \u00f8velser som step-up p\u00e5 boks, forover- og bakover utfall eller andre \u00f8velser som krever fritt treningsrom. Open HexBar er designet for \u00e5 passe kneb\u00f8ystativer og med sin tubeformede ramme med knurling grep kan den legges p\u00e5 skuldrene for \u00e5 gj\u00f8re \u00f8velser som kneb\u00f8y eller i armene for zercher \u00f8velser.<\/p>\n<p>Vektstangen er ogs\u00e5 utstyrt med markl\u00f8ftjekk, som enkelt tas i bruk ved \u00e5 vippe vektstangen opp i st\u00e5ende posisjon. Da kan du enkelt ta av og p\u00e5 vektskiver uten at de er i kontakt med bakken.<br \/>\nPasser til vektskiver med 50 mm \u00e5pning. Maks vektbelastning 300 kg.<\/p>\n<p><b>SPESIFIKASJONER<br \/>\n<\/b>M\u00e5l oppmontert: 214.5 x 19 x 66 cm (L x B x H)<br \/>\nRammest\u00f8rrelse: \u00d850 mm<br \/>\nLengde endestykke: 42 cm<br \/>\nDiameter endestykke: 50 mm<br \/>\nBredde mellom h\u00e5ndtak: 66.8 cm<br \/>\nGrepsdiameter: 28 mm<br \/>\nGrepsvidde: 20 cm<br \/>\nKnurling type: Aggressiv\/Volcano<br \/>\nSt\u00e5ltykkelse: 3 mm<br \/>\nMaks belastning: 300 kg<br \/>\nProduktvekt: 27.5 kg<\/p>\n","protected":false},"excerpt":{"rendered":"<p>Abilica Open HexBar lar deg sentrere vekten p\u00e5 linje med tyngdepunktet ditt i st\u00f8rre grad&#8230;<\/p>\n","protected":false},"featured_media":62445,"template":"","meta":{"_acf_changed":false},"product_brand":[],"product_cat":[425,422],"product_tag":[],"class_list":{"0":"post-63644","1":"product","2":"type-product","3":"status-publish","4":"has-post-thumbnail","6":"product_cat-skiver-og-stenger","7":"product_cat-styrke","9":"first","10":"instock","11":"product-type-simple"},"acf":[],"yoast_head":"<!-- This site is optimized with the Yoast SEO Premium plugin v21.1 (Yoast SEO v25.4) - https:\/\/yoast.com\/wordpress\/plugins\/seo\/ -->\n<title>Abilica Open HexBar 50 mm Abilica<\/title>\n<meta name=\"robots\" content=\"index, follow, max-snippet:-1, max-image-preview:large, max-video-preview:-1\" \/>\n<link rel=\"canonical\" href=\"https:\/\/abilica.com\/no\/styrke\/skiver-og-stenger\/abilica-open-hexbar-50-mm\/\" \/>\n<meta property=\"og:locale\" content=\"nb_NO\" \/>\n<meta property=\"og:type\" content=\"article\" \/>\n<meta property=\"og:title\" content=\"Abilica Open HexBar 50 mm\" \/>\n<meta property=\"og:description\" content=\"Abilica Open HexBar lar deg sentrere vekten p\u00e5 linje med tyngdepunktet ditt i st\u00f8rre grad...\" \/>\n<meta property=\"og:url\" content=\"https:\/\/abilica.com\/no\/styrke\/skiver-og-stenger\/abilica-open-hexbar-50-mm\/\" \/>\n<meta property=\"og:site_name\" content=\"Abilica\" \/>\n<meta property=\"article:publisher\" content=\"https:\/\/www.facebook.com\/abilicahometraining\/\" \/>\n<meta property=\"article:modified_time\" content=\"2023-12-08T11:47:14+00:00\" \/>\n<meta property=\"og:image\" content=\"https:\/\/abilica.com\/wp-content\/uploads\/2023\/10\/openhex1.jpg\" \/>\n\t<meta property=\"og:image:width\" content=\"1200\" \/>\n\t<meta property=\"og:image:height\" content=\"1200\" \/>\n\t<meta property=\"og:image:type\" content=\"image\/jpeg\" \/>\n<meta name=\"twitter:card\" content=\"summary_large_image\" \/>\n<meta name=\"twitter:label1\" content=\"Ansl. lesetid\" \/>\n\t<meta name=\"twitter:data1\" content=\"1 minutt\" \/>\n<script type=\"application\/ld+json\" class=\"yoast-schema-graph\">{\"@context\":\"https:\/\/schema.org\",\"@graph\":[{\"@type\":\"WebPage\",\"@id\":\"https:\/\/abilica.com\/no\/styrke\/skiver-og-stenger\/abilica-open-hexbar-50-mm\/\",\"url\":\"https:\/\/abilica.com\/no\/styrke\/skiver-og-stenger\/abilica-open-hexbar-50-mm\/\",\"name\":\"Abilica Open HexBar 50 mm Abilica\",\"isPartOf\":{\"@id\":\"https:\/\/abilica.com\/#website\"},\"primaryImageOfPage\":{\"@id\":\"https:\/\/abilica.com\/no\/styrke\/skiver-og-stenger\/abilica-open-hexbar-50-mm\/#primaryimage\"},\"image\":{\"@id\":\"https:\/\/abilica.com\/no\/styrke\/skiver-og-stenger\/abilica-open-hexbar-50-mm\/#primaryimage\"},\"thumbnailUrl\":\"https:\/\/abilica.com\/wp-content\/uploads\/2023\/10\/openhex1.jpg\",\"datePublished\":\"2023-10-24T10:34:26+00:00\",\"dateModified\":\"2023-12-08T11:47:14+00:00\",\"breadcrumb\":{\"@id\":\"https:\/\/abilica.com\/no\/styrke\/skiver-og-stenger\/abilica-open-hexbar-50-mm\/#breadcrumb\"},\"inLanguage\":\"nb-NO\",\"potentialAction\":[{\"@type\":\"ReadAction\",\"target\":[\"https:\/\/abilica.com\/no\/styrke\/skiver-og-stenger\/abilica-open-hexbar-50-mm\/\"]}]},{\"@type\":\"ImageObject\",\"inLanguage\":\"nb-NO\",\"@id\":\"https:\/\/abilica.com\/no\/styrke\/skiver-og-stenger\/abilica-open-hexbar-50-mm\/#primaryimage\",\"url\":\"https:\/\/abilica.com\/wp-content\/uploads\/2023\/10\/openhex1.jpg\",\"contentUrl\":\"https:\/\/abilica.com\/wp-content\/uploads\/2023\/10\/openhex1.jpg\",\"width\":1200,\"height\":1200},{\"@type\":\"BreadcrumbList\",\"@id\":\"https:\/\/abilica.com\/no\/styrke\/skiver-og-stenger\/abilica-open-hexbar-50-mm\/#breadcrumb\",\"itemListElement\":[{\"@type\":\"ListItem\",\"position\":1,\"name\":\"Hem\",\"item\":\"https:\/\/abilica.com\/no\/\"},{\"@type\":\"ListItem\",\"position\":2,\"name\":\"Produkter\",\"item\":\"https:\/\/abilica.com\/no\/shop-2\/\"},{\"@type\":\"ListItem\",\"position\":3,\"name\":\"Abilica Open HexBar 50 mm\"}]},{\"@type\":\"WebSite\",\"@id\":\"https:\/\/abilica.com\/#website\",\"url\":\"https:\/\/abilica.com\/\",\"name\":\"Abilica\",\"description\":\"Abilica Home Training\",\"potentialAction\":[{\"@type\":\"SearchAction\",\"target\":{\"@type\":\"EntryPoint\",\"urlTemplate\":\"https:\/\/abilica.com\/?s={search_term_string}\"},\"query-input\":{\"@type\":\"PropertyValueSpecification\",\"valueRequired\":true,\"valueName\":\"search_term_string\"}}],\"inLanguage\":\"nb-NO\"}]}<\/script>\n<!-- \/ Yoast SEO Premium plugin. -->","yoast_head_json":{"title":"Abilica Open HexBar 50 mm Abilica","robots":{"index":"index","follow":"follow","max-snippet":"max-snippet:-1","max-image-preview":"max-image-preview:large","max-video-preview":"max-video-preview:-1"},"canonical":"https:\/\/abilica.com\/no\/styrke\/skiver-og-stenger\/abilica-open-hexbar-50-mm\/","og_locale":"nb_NO","og_type":"article","og_title":"Abilica Open HexBar 50 mm","og_description":"Abilica Open HexBar lar deg sentrere vekten p\u00e5 linje med tyngdepunktet ditt i st\u00f8rre grad...","og_url":"https:\/\/abilica.com\/no\/styrke\/skiver-og-stenger\/abilica-open-hexbar-50-mm\/","og_site_name":"Abilica","article_publisher":"https:\/\/www.facebook.com\/abilicahometraining\/","article_modified_time":"2023-12-08T11:47:14+00:00","og_image":[{"width":1200,"height":1200,"url":"https:\/\/abilica.com\/wp-content\/uploads\/2023\/10\/openhex1.jpg","type":"image\/jpeg"}],"twitter_card":"summary_large_image","twitter_misc":{"Ansl. lesetid":"1 minutt"},"schema":{"@context":"https:\/\/schema.org","@graph":[{"@type":"WebPage","@id":"https:\/\/abilica.com\/no\/styrke\/skiver-og-stenger\/abilica-open-hexbar-50-mm\/","url":"https:\/\/abilica.com\/no\/styrke\/skiver-og-stenger\/abilica-open-hexbar-50-mm\/","name":"Abilica Open HexBar 50 mm Abilica","isPartOf":{"@id":"https:\/\/abilica.com\/#website"},"primaryImageOfPage":{"@id":"https:\/\/abilica.com\/no\/styrke\/skiver-og-stenger\/abilica-open-hexbar-50-mm\/#primaryimage"},"image":{"@id":"https:\/\/abilica.com\/no\/styrke\/skiver-og-stenger\/abilica-open-hexbar-50-mm\/#primaryimage"},"thumbnailUrl":"https:\/\/abilica.com\/wp-content\/uploads\/2023\/10\/openhex1.jpg","datePublished":"2023-10-24T10:34:26+00:00","dateModified":"2023-12-08T11:47:14+00:00","breadcrumb":{"@id":"https:\/\/abilica.com\/no\/styrke\/skiver-og-stenger\/abilica-open-hexbar-50-mm\/#breadcrumb"},"inLanguage":"nb-NO","potentialAction":[{"@type":"ReadAction","target":["https:\/\/abilica.com\/no\/styrke\/skiver-og-stenger\/abilica-open-hexbar-50-mm\/"]}]},{"@type":"ImageObject","inLanguage":"nb-NO","@id":"https:\/\/abilica.com\/no\/styrke\/skiver-og-stenger\/abilica-open-hexbar-50-mm\/#primaryimage","url":"https:\/\/abilica.com\/wp-content\/uploads\/2023\/10\/openhex1.jpg","contentUrl":"https:\/\/abilica.com\/wp-content\/uploads\/2023\/10\/openhex1.jpg","width":1200,"height":1200},{"@type":"BreadcrumbList","@id":"https:\/\/abilica.com\/no\/styrke\/skiver-og-stenger\/abilica-open-hexbar-50-mm\/#breadcrumb","itemListElement":[{"@type":"ListItem","position":1,"name":"Hem","item":"https:\/\/abilica.com\/no\/"},{"@type":"ListItem","position":2,"name":"Produkter","item":"https:\/\/abilica.com\/no\/shop-2\/"},{"@type":"ListItem","position":3,"name":"Abilica Open HexBar 50 mm"}]},{"@type":"WebSite","@id":"https:\/\/abilica.com\/#website","url":"https:\/\/abilica.com\/","name":"Abilica","description":"Abilica Home Training","potentialAction":[{"@type":"SearchAction","target":{"@type":"EntryPoint","urlTemplate":"https:\/\/abilica.com\/?s={search_term_string}"},"query-input":{"@type":"PropertyValueSpecification","valueRequired":true,"valueName":"search_term_string"}}],"inLanguage":"nb-NO"}]}},"_links":{"self":[{"href":"https:\/\/abilica.com\/no\/wp-json\/wp\/v2\/product\/63644","targetHints":{"allow":["GET"]}}],"collection":[{"href":"https:\/\/abilica.com\/no\/wp-json\/wp\/v2\/product"}],"about":[{"href":"https:\/\/abilica.com\/no\/wp-json\/wp\/v2\/types\/product"}],"wp:featuredmedia":[{"embeddable":true,"href":"https:\/\/abilica.com\/no\/wp-json\/wp\/v2\/media\/62445"}],"wp:attachment":[{"href":"https:\/\/abilica.com\/no\/wp-json\/wp\/v2\/media?parent=63644"}],"wp:term":[{"taxonomy":"product_brand","embeddable":true,"href":"https:\/\/abilica.com\/no\/wp-json\/wp\/v2\/product_brand?post=63644"},{"taxonomy":"product_cat","embeddable":true,"href":"https:\/\/abilica.com\/no\/wp-json\/wp\/v2\/product_cat?post=63644"},{"taxonomy":"product_tag","embeddable":true,"href":"https:\/\/abilica.com\/no\/wp-json\/wp\/v2\/product_tag?post=63644"}],"curies":[{"name":"wp","href":"https:\/\/api.w.org\/{rel}","templated":true}]}}