{"id":66448,"date":"2023-11-14T09:55:26","date_gmt":"2023-11-14T08:55:26","guid":{"rendered":"https:\/\/abilica.com\/?post_type=product&#038;p=66448"},"modified":"2025-11-04T13:58:29","modified_gmt":"2025-11-04T12:58:29","slug":"abilica-xc-classic-2000-2","status":"publish","type":"product","link":"https:\/\/abilica.com\/no\/kondisjon\/skimaskin\/abilica-xc-classic-2000-2\/","title":{"rendered":"Abilica XC-Classic 2000"},"content":{"rendered":"<div class=\"wpb-content-wrapper\"><p>[vc_row][vc_column][vc_column_text css=&raquo;&raquo; el_class=&raquo;product-video&raquo;]Abilica XC-Classic 2000 er utviklet i samarbeid med verdens beste skil\u00f8per Johannes H\u00f8sflot Kl\u00e6bo. Stakemaskinen gir deg fantastiske muligheter til \u00e5 trene styrke, kondisjon og terpe teknikk \u00e5ret rundt. B\u00e5de h\u00f8yden og returfunksjonen p\u00e5 maskinen er tilpasset slik at staketakene blir s\u00e5 naturtro som mulig. Produktet er designet for \u00e5 gi minst mulig vibrasjon under treningen.<\/p>\n<p>Abilica XC-Classic 2000 leveres n\u00e5 med ny computer med nytt oppsett som gir deg meget god oversikt over alle verdiene som er n\u00f8dvendig under en trenings\u00f8kt. Med de nye gjennomsnitt m\u00e5lingene blir det n\u00e5 enda lettere \u00e5 kunne m\u00e5le effekt og hastighet under trenings\u00f8kten. Med gode tilpasninger p\u00e5 b\u00e5de nedtellingsfunksjon og intervalltrening er denne computeren en sikker motivasjonsboost i treningen din. Ved fullf\u00f8rt \u00f8kt i et program vil computeren vise en god oversikt over treningen din, som vil bli lagret i \u00abmemory\u00bb funksjonen p\u00e5 computeren. Computer kan ogs\u00e5 kobles til appene Kinomap for flere treningsprogrammer og D-Fit for logging av trenings\u00f8kter.<br \/>\n<!--StartFragment --><span class=\"cf0\">Over computeren har du ogs\u00e5 en praktisk holder for mobil.<\/span><!--EndFragment --><\/p>\n<p>Det perfekte treningsapparatet for langrenns entusiaster. Abilica XC-Classic 2000 uten Abilica XC-Classic FloorStand kan festes p\u00e5 veggen for \u00e5 oppta minst mulig plass. Abilica XC-Classic FloorStand selges separat og har praktisk hjul for enkel transport. Abilica XC-Classic 2000 er en del av Kl\u00e6bo Collection.<\/p>\n<p><b>SPESIFIKASJONER<br \/>\n<\/b>Motstand: Luft<br \/>\nMotstandsniv\u00e5er: 10\u200b<br \/>\n<span class=\"cf0\">Str\u00f8mforsyning: Nei, 2 <\/span><span class=\"cf0\">stk<\/span><span class=\"cf0\"> batterier<br \/>\n<\/span>Holder for mobil: Ja<br \/>\nTransporthjul: Nei<br \/>\nM\u00e5l oppmontert: 215 x 47 x 39 cm (H x B x D)<br \/>\nProduktvekt: 29 kg<\/p>\n<p><b>SPESIFIKASJONER COMPUTER<br \/>\n<\/b>Tid og dato\u200b<br \/>\nTotal meter og estimert total meter\/30 min\u200b<br \/>\nTid, estimert tid p\u00e5 500 meter og gjennomsnittlig tid per 500 meter<br \/>\nNedtrekk per minutt og totalt nedtrekk<br \/>\nKalorier og estimert kalorier\/60 min\u200b<br \/>\nWatt og gjennomsnittlig watt\u200b<br \/>\nIntervall trening: Tid, distanse og kalorier\u200b<br \/>\nNedtelling: Tid, distanse og kalorier\u200b<br \/>\n<span class=\"cf0\">Kan kobles til apper: <\/span><span class=\"cf0\">Kinomap<\/span><span class=\"cf0\"> og D-<\/span><span class=\"cf0\">Fit<br \/>\n<\/span><span class=\"cf0\">Puls\u200b kompatibelt med 5.3k <\/span><span class=\"cf0\">hz<\/span><span class=\"cf0\"> belter (<\/span><span class=\"cf0\">pulsbelte<\/span><span class=\"cf0\"> medf\u00f8lger ikke)<br \/>\n<\/span>Memory mode<\/p>\n<p><!--EndFragment --><\/p>\n<div style=\"width: 640px;\" class=\"wp-video\"><!--[if lt IE 9]><script>document.createElement('video');<\/script><![endif]-->\n<video class=\"wp-video-shortcode\" id=\"video-66448-1\" width=\"640\" height=\"360\" preload=\"metadata\" controls=\"controls\"><source type=\"video\/mp4\" src=\"https:\/\/abilica.com\/wp-content\/uploads\/2023\/11\/Abilica-XC-Classic-2000-bredde_nett.mp4?_=1\" \/><a href=\"https:\/\/abilica.com\/wp-content\/uploads\/2023\/11\/Abilica-XC-Classic-2000-bredde_nett.mp4\">https:\/\/abilica.com\/wp-content\/uploads\/2023\/11\/Abilica-XC-Classic-2000-bredde_nett.mp4<\/a><\/video><\/div>\n<div style=\"width: 640px;\" class=\"wp-video\"><video class=\"wp-video-shortcode\" id=\"video-66448-2\" width=\"640\" height=\"360\" poster=\"https:\/\/abilica.com\/no\/wp-content\/uploads\/2019\/10\/Kl\u00e6boforside.jpg\" preload=\"metadata\" controls=\"controls\"><source type=\"video\/mp4\" src=\"https:\/\/abilica.com\/no\/wp-content\/uploads\/2019\/10\/Abilica-XC-Classic-2000-EnglishSub-PROMO.mp4?_=2\" \/><a href=\"https:\/\/abilica.com\/no\/wp-content\/uploads\/2019\/10\/Abilica-XC-Classic-2000-EnglishSub-PROMO.mp4\">https:\/\/abilica.com\/no\/wp-content\/uploads\/2019\/10\/Abilica-XC-Classic-2000-EnglishSub-PROMO.mp4<\/a><\/video><\/div>\n<p>[\/vc_column_text][\/vc_column][\/vc_row]<\/p>\n<\/div>","protected":false},"excerpt":{"rendered":"<p>[vc_row][vc_column][vc_column_text css=&raquo;&raquo; el_class=&raquo;product-video&raquo;]Abilica XC-Classic 2000 er utviklet i samarbeid med verdens beste skil\u00f8per Johannes H\u00f8sflot&#8230;<\/p>\n","protected":false},"featured_media":66491,"template":"","meta":{"_acf_changed":false},"product_brand":[],"product_cat":[426,465],"product_tag":[555,366],"class_list":{"0":"post-66448","1":"product","2":"type-product","3":"status-publish","4":"has-post-thumbnail","6":"product_cat-kondisjon","7":"product_cat-skimaskin","8":"product_tag-klaebo-collection-no","9":"product_tag-premium-no","11":"first","12":"instock","13":"product-type-simple"},"acf":[],"yoast_head":"<!-- This site is optimized with the Yoast SEO Premium plugin v21.1 (Yoast SEO v25.4) - https:\/\/yoast.com\/wordpress\/plugins\/seo\/ -->\n<title>Abilica XC-Classic 2000 Abilica<\/title>\n<meta name=\"robots\" content=\"index, follow, max-snippet:-1, max-image-preview:large, max-video-preview:-1\" \/>\n<link rel=\"canonical\" href=\"https:\/\/abilica.com\/no\/kondisjon\/skimaskin\/abilica-xc-classic-2000-2\/\" \/>\n<meta property=\"og:locale\" content=\"nb_NO\" \/>\n<meta property=\"og:type\" content=\"article\" \/>\n<meta property=\"og:title\" content=\"Abilica XC-Classic 2000\" \/>\n<meta property=\"og:description\" content=\"[vc_row][vc_column][vc_column_text css=&raquo;&raquo; el_class=&raquo;product-video&raquo;]Abilica XC-Classic 2000 er utviklet i samarbeid med verdens beste skil\u00f8per Johannes H\u00f8sflot...\" \/>\n<meta property=\"og:url\" content=\"https:\/\/abilica.com\/no\/kondisjon\/skimaskin\/abilica-xc-classic-2000-2\/\" \/>\n<meta property=\"og:site_name\" content=\"Abilica\" \/>\n<meta property=\"article:publisher\" content=\"https:\/\/www.facebook.com\/abilicahometraining\/\" \/>\n<meta property=\"article:modified_time\" content=\"2025-11-04T12:58:29+00:00\" \/>\n<meta property=\"og:image\" content=\"https:\/\/abilica.com\/wp-content\/uploads\/2023\/11\/classic-2000-ny.jpg\" \/>\n\t<meta property=\"og:image:width\" content=\"2000\" \/>\n\t<meta property=\"og:image:height\" content=\"2000\" \/>\n\t<meta property=\"og:image:type\" content=\"image\/jpeg\" \/>\n<meta name=\"twitter:card\" content=\"summary_large_image\" \/>\n<meta name=\"twitter:label1\" content=\"Ansl. lesetid\" \/>\n\t<meta name=\"twitter:data1\" content=\"2 minutter\" \/>\n<script type=\"application\/ld+json\" class=\"yoast-schema-graph\">{\"@context\":\"https:\/\/schema.org\",\"@graph\":[{\"@type\":\"WebPage\",\"@id\":\"https:\/\/abilica.com\/no\/kondisjon\/skimaskin\/abilica-xc-classic-2000-2\/\",\"url\":\"https:\/\/abilica.com\/no\/kondisjon\/skimaskin\/abilica-xc-classic-2000-2\/\",\"name\":\"Abilica XC-Classic 2000 Abilica\",\"isPartOf\":{\"@id\":\"https:\/\/abilica.com\/#website\"},\"primaryImageOfPage\":{\"@id\":\"https:\/\/abilica.com\/no\/kondisjon\/skimaskin\/abilica-xc-classic-2000-2\/#primaryimage\"},\"image\":{\"@id\":\"https:\/\/abilica.com\/no\/kondisjon\/skimaskin\/abilica-xc-classic-2000-2\/#primaryimage\"},\"thumbnailUrl\":\"https:\/\/abilica.com\/wp-content\/uploads\/2023\/11\/classic-2000-ny.jpg\",\"datePublished\":\"2023-11-14T08:55:26+00:00\",\"dateModified\":\"2025-11-04T12:58:29+00:00\",\"breadcrumb\":{\"@id\":\"https:\/\/abilica.com\/no\/kondisjon\/skimaskin\/abilica-xc-classic-2000-2\/#breadcrumb\"},\"inLanguage\":\"nb-NO\",\"potentialAction\":[{\"@type\":\"ReadAction\",\"target\":[\"https:\/\/abilica.com\/no\/kondisjon\/skimaskin\/abilica-xc-classic-2000-2\/\"]}]},{\"@type\":\"ImageObject\",\"inLanguage\":\"nb-NO\",\"@id\":\"https:\/\/abilica.com\/no\/kondisjon\/skimaskin\/abilica-xc-classic-2000-2\/#primaryimage\",\"url\":\"https:\/\/abilica.com\/wp-content\/uploads\/2023\/11\/classic-2000-ny.jpg\",\"contentUrl\":\"https:\/\/abilica.com\/wp-content\/uploads\/2023\/11\/classic-2000-ny.jpg\",\"width\":2000,\"height\":2000},{\"@type\":\"BreadcrumbList\",\"@id\":\"https:\/\/abilica.com\/no\/kondisjon\/skimaskin\/abilica-xc-classic-2000-2\/#breadcrumb\",\"itemListElement\":[{\"@type\":\"ListItem\",\"position\":1,\"name\":\"Hem\",\"item\":\"https:\/\/abilica.com\/no\/\"},{\"@type\":\"ListItem\",\"position\":2,\"name\":\"Produkter\",\"item\":\"https:\/\/abilica.com\/no\/shop-2\/\"},{\"@type\":\"ListItem\",\"position\":3,\"name\":\"Abilica XC-Classic 2000\"}]},{\"@type\":\"WebSite\",\"@id\":\"https:\/\/abilica.com\/#website\",\"url\":\"https:\/\/abilica.com\/\",\"name\":\"Abilica\",\"description\":\"Abilica Home Training\",\"potentialAction\":[{\"@type\":\"SearchAction\",\"target\":{\"@type\":\"EntryPoint\",\"urlTemplate\":\"https:\/\/abilica.com\/?s={search_term_string}\"},\"query-input\":{\"@type\":\"PropertyValueSpecification\",\"valueRequired\":true,\"valueName\":\"search_term_string\"}}],\"inLanguage\":\"nb-NO\"}]}<\/script>\n<!-- \/ Yoast SEO Premium plugin. -->","yoast_head_json":{"title":"Abilica XC-Classic 2000 Abilica","robots":{"index":"index","follow":"follow","max-snippet":"max-snippet:-1","max-image-preview":"max-image-preview:large","max-video-preview":"max-video-preview:-1"},"canonical":"https:\/\/abilica.com\/no\/kondisjon\/skimaskin\/abilica-xc-classic-2000-2\/","og_locale":"nb_NO","og_type":"article","og_title":"Abilica XC-Classic 2000","og_description":"[vc_row][vc_column][vc_column_text css=&raquo;&raquo; el_class=&raquo;product-video&raquo;]Abilica XC-Classic 2000 er utviklet i samarbeid med verdens beste skil\u00f8per Johannes H\u00f8sflot...","og_url":"https:\/\/abilica.com\/no\/kondisjon\/skimaskin\/abilica-xc-classic-2000-2\/","og_site_name":"Abilica","article_publisher":"https:\/\/www.facebook.com\/abilicahometraining\/","article_modified_time":"2025-11-04T12:58:29+00:00","og_image":[{"width":2000,"height":2000,"url":"https:\/\/abilica.com\/wp-content\/uploads\/2023\/11\/classic-2000-ny.jpg","type":"image\/jpeg"}],"twitter_card":"summary_large_image","twitter_misc":{"Ansl. lesetid":"2 minutter"},"schema":{"@context":"https:\/\/schema.org","@graph":[{"@type":"WebPage","@id":"https:\/\/abilica.com\/no\/kondisjon\/skimaskin\/abilica-xc-classic-2000-2\/","url":"https:\/\/abilica.com\/no\/kondisjon\/skimaskin\/abilica-xc-classic-2000-2\/","name":"Abilica XC-Classic 2000 Abilica","isPartOf":{"@id":"https:\/\/abilica.com\/#website"},"primaryImageOfPage":{"@id":"https:\/\/abilica.com\/no\/kondisjon\/skimaskin\/abilica-xc-classic-2000-2\/#primaryimage"},"image":{"@id":"https:\/\/abilica.com\/no\/kondisjon\/skimaskin\/abilica-xc-classic-2000-2\/#primaryimage"},"thumbnailUrl":"https:\/\/abilica.com\/wp-content\/uploads\/2023\/11\/classic-2000-ny.jpg","datePublished":"2023-11-14T08:55:26+00:00","dateModified":"2025-11-04T12:58:29+00:00","breadcrumb":{"@id":"https:\/\/abilica.com\/no\/kondisjon\/skimaskin\/abilica-xc-classic-2000-2\/#breadcrumb"},"inLanguage":"nb-NO","potentialAction":[{"@type":"ReadAction","target":["https:\/\/abilica.com\/no\/kondisjon\/skimaskin\/abilica-xc-classic-2000-2\/"]}]},{"@type":"ImageObject","inLanguage":"nb-NO","@id":"https:\/\/abilica.com\/no\/kondisjon\/skimaskin\/abilica-xc-classic-2000-2\/#primaryimage","url":"https:\/\/abilica.com\/wp-content\/uploads\/2023\/11\/classic-2000-ny.jpg","contentUrl":"https:\/\/abilica.com\/wp-content\/uploads\/2023\/11\/classic-2000-ny.jpg","width":2000,"height":2000},{"@type":"BreadcrumbList","@id":"https:\/\/abilica.com\/no\/kondisjon\/skimaskin\/abilica-xc-classic-2000-2\/#breadcrumb","itemListElement":[{"@type":"ListItem","position":1,"name":"Hem","item":"https:\/\/abilica.com\/no\/"},{"@type":"ListItem","position":2,"name":"Produkter","item":"https:\/\/abilica.com\/no\/shop-2\/"},{"@type":"ListItem","position":3,"name":"Abilica XC-Classic 2000"}]},{"@type":"WebSite","@id":"https:\/\/abilica.com\/#website","url":"https:\/\/abilica.com\/","name":"Abilica","description":"Abilica Home Training","potentialAction":[{"@type":"SearchAction","target":{"@type":"EntryPoint","urlTemplate":"https:\/\/abilica.com\/?s={search_term_string}"},"query-input":{"@type":"PropertyValueSpecification","valueRequired":true,"valueName":"search_term_string"}}],"inLanguage":"nb-NO"}]}},"_links":{"self":[{"href":"https:\/\/abilica.com\/no\/wp-json\/wp\/v2\/product\/66448","targetHints":{"allow":["GET"]}}],"collection":[{"href":"https:\/\/abilica.com\/no\/wp-json\/wp\/v2\/product"}],"about":[{"href":"https:\/\/abilica.com\/no\/wp-json\/wp\/v2\/types\/product"}],"wp:featuredmedia":[{"embeddable":true,"href":"https:\/\/abilica.com\/no\/wp-json\/wp\/v2\/media\/66491"}],"wp:attachment":[{"href":"https:\/\/abilica.com\/no\/wp-json\/wp\/v2\/media?parent=66448"}],"wp:term":[{"taxonomy":"product_brand","embeddable":true,"href":"https:\/\/abilica.com\/no\/wp-json\/wp\/v2\/product_brand?post=66448"},{"taxonomy":"product_cat","embeddable":true,"href":"https:\/\/abilica.com\/no\/wp-json\/wp\/v2\/product_cat?post=66448"},{"taxonomy":"product_tag","embeddable":true,"href":"https:\/\/abilica.com\/no\/wp-json\/wp\/v2\/product_tag?post=66448"}],"curies":[{"name":"wp","href":"https:\/\/api.w.org\/{rel}","templated":true}]}}