{"id":66573,"date":"2024-01-24T15:21:32","date_gmt":"2024-01-24T14:21:32","guid":{"rendered":"https:\/\/abilica.com\/?post_type=product&#038;p=66573"},"modified":"2025-10-16T13:22:49","modified_gmt":"2025-10-16T12:22:49","slug":"abilica-foamroaller-wave","status":"publish","type":"product","link":"https:\/\/abilica.com\/no\/massasje\/abilica-foamroaller-wave\/","title":{"rendered":"Abilica FoamRoller Wave"},"content":{"rendered":"<p style=\"font-weight: 400;\">Foam roller i EPP materiale og med hul kjerne, gj\u00f8r den meget lett i vekt. B\u00f8lgeformet struktur og hard konsistens. Rullen brukes til massasje, til t\u00f8ying og for \u00e5 lette p\u00e5 muskelspenninger. Lengde 32 cm. Diameter 14 cm. Veier kun 115 gr. Maks brukervekt er 100 kg.<\/p>\n","protected":false},"excerpt":{"rendered":"<p>Foam roller i EPP materiale og med hul kjerne, gj\u00f8r den meget lett i vekt&#8230;.<\/p>\n","protected":false},"featured_media":66574,"template":"","meta":{"_acf_changed":false},"product_brand":[],"product_cat":[460,461,432],"product_tag":[],"class_list":{"0":"post-66573","1":"product","2":"type-product","3":"status-publish","4":"has-post-thumbnail","6":"product_cat-foam-roller","7":"product_cat-massasje","8":"product_cat-restitusjon-og-skadeforebyggende","10":"first","11":"instock","12":"product-type-simple"},"acf":[],"yoast_head":"<!-- This site is optimized with the Yoast SEO Premium plugin v21.1 (Yoast SEO v25.4) - https:\/\/yoast.com\/wordpress\/plugins\/seo\/ -->\n<title>Abilica FoamRoller Wave Abilica<\/title>\n<meta name=\"robots\" content=\"index, follow, max-snippet:-1, max-image-preview:large, max-video-preview:-1\" \/>\n<link rel=\"canonical\" href=\"https:\/\/abilica.com\/no\/massasje\/abilica-foamroaller-wave\/\" \/>\n<meta property=\"og:locale\" content=\"nb_NO\" \/>\n<meta property=\"og:type\" content=\"article\" \/>\n<meta property=\"og:title\" content=\"Abilica FoamRoller Wave\" \/>\n<meta property=\"og:description\" content=\"Foam roller i EPP materiale og med hul kjerne, gj\u00f8r den meget lett i vekt....\" \/>\n<meta property=\"og:url\" content=\"https:\/\/abilica.com\/no\/massasje\/abilica-foamroaller-wave\/\" \/>\n<meta property=\"og:site_name\" content=\"Abilica\" \/>\n<meta property=\"article:publisher\" content=\"https:\/\/www.facebook.com\/abilicahometraining\/\" \/>\n<meta property=\"article:modified_time\" content=\"2025-10-16T12:22:49+00:00\" \/>\n<meta property=\"og:image\" content=\"https:\/\/abilica.com\/wp-content\/uploads\/2024\/01\/1.jpg\" \/>\n\t<meta property=\"og:image:width\" content=\"1200\" \/>\n\t<meta property=\"og:image:height\" content=\"1200\" \/>\n\t<meta property=\"og:image:type\" content=\"image\/jpeg\" \/>\n<meta name=\"twitter:card\" content=\"summary_large_image\" \/>\n<meta name=\"twitter:label1\" content=\"Ansl. lesetid\" \/>\n\t<meta name=\"twitter:data1\" content=\"1 minutt\" \/>\n<script type=\"application\/ld+json\" class=\"yoast-schema-graph\">{\"@context\":\"https:\/\/schema.org\",\"@graph\":[{\"@type\":\"WebPage\",\"@id\":\"https:\/\/abilica.com\/no\/massasje\/abilica-foamroaller-wave\/\",\"url\":\"https:\/\/abilica.com\/no\/massasje\/abilica-foamroaller-wave\/\",\"name\":\"Abilica FoamRoller Wave Abilica\",\"isPartOf\":{\"@id\":\"https:\/\/abilica.com\/#website\"},\"primaryImageOfPage\":{\"@id\":\"https:\/\/abilica.com\/no\/massasje\/abilica-foamroaller-wave\/#primaryimage\"},\"image\":{\"@id\":\"https:\/\/abilica.com\/no\/massasje\/abilica-foamroaller-wave\/#primaryimage\"},\"thumbnailUrl\":\"https:\/\/abilica.com\/wp-content\/uploads\/2024\/01\/1.jpg\",\"datePublished\":\"2024-01-24T14:21:32+00:00\",\"dateModified\":\"2025-10-16T12:22:49+00:00\",\"breadcrumb\":{\"@id\":\"https:\/\/abilica.com\/no\/massasje\/abilica-foamroaller-wave\/#breadcrumb\"},\"inLanguage\":\"nb-NO\",\"potentialAction\":[{\"@type\":\"ReadAction\",\"target\":[\"https:\/\/abilica.com\/no\/massasje\/abilica-foamroaller-wave\/\"]}]},{\"@type\":\"ImageObject\",\"inLanguage\":\"nb-NO\",\"@id\":\"https:\/\/abilica.com\/no\/massasje\/abilica-foamroaller-wave\/#primaryimage\",\"url\":\"https:\/\/abilica.com\/wp-content\/uploads\/2024\/01\/1.jpg\",\"contentUrl\":\"https:\/\/abilica.com\/wp-content\/uploads\/2024\/01\/1.jpg\",\"width\":1200,\"height\":1200},{\"@type\":\"BreadcrumbList\",\"@id\":\"https:\/\/abilica.com\/no\/massasje\/abilica-foamroaller-wave\/#breadcrumb\",\"itemListElement\":[{\"@type\":\"ListItem\",\"position\":1,\"name\":\"Hem\",\"item\":\"https:\/\/abilica.com\/no\/\"},{\"@type\":\"ListItem\",\"position\":2,\"name\":\"Produkter\",\"item\":\"https:\/\/abilica.com\/no\/shop-2\/\"},{\"@type\":\"ListItem\",\"position\":3,\"name\":\"Abilica FoamRoller Wave\"}]},{\"@type\":\"WebSite\",\"@id\":\"https:\/\/abilica.com\/#website\",\"url\":\"https:\/\/abilica.com\/\",\"name\":\"Abilica\",\"description\":\"Abilica Home Training\",\"potentialAction\":[{\"@type\":\"SearchAction\",\"target\":{\"@type\":\"EntryPoint\",\"urlTemplate\":\"https:\/\/abilica.com\/?s={search_term_string}\"},\"query-input\":{\"@type\":\"PropertyValueSpecification\",\"valueRequired\":true,\"valueName\":\"search_term_string\"}}],\"inLanguage\":\"nb-NO\"}]}<\/script>\n<!-- \/ Yoast SEO Premium plugin. -->","yoast_head_json":{"title":"Abilica FoamRoller Wave Abilica","robots":{"index":"index","follow":"follow","max-snippet":"max-snippet:-1","max-image-preview":"max-image-preview:large","max-video-preview":"max-video-preview:-1"},"canonical":"https:\/\/abilica.com\/no\/massasje\/abilica-foamroaller-wave\/","og_locale":"nb_NO","og_type":"article","og_title":"Abilica FoamRoller Wave","og_description":"Foam roller i EPP materiale og med hul kjerne, gj\u00f8r den meget lett i vekt....","og_url":"https:\/\/abilica.com\/no\/massasje\/abilica-foamroaller-wave\/","og_site_name":"Abilica","article_publisher":"https:\/\/www.facebook.com\/abilicahometraining\/","article_modified_time":"2025-10-16T12:22:49+00:00","og_image":[{"width":1200,"height":1200,"url":"https:\/\/abilica.com\/wp-content\/uploads\/2024\/01\/1.jpg","type":"image\/jpeg"}],"twitter_card":"summary_large_image","twitter_misc":{"Ansl. lesetid":"1 minutt"},"schema":{"@context":"https:\/\/schema.org","@graph":[{"@type":"WebPage","@id":"https:\/\/abilica.com\/no\/massasje\/abilica-foamroaller-wave\/","url":"https:\/\/abilica.com\/no\/massasje\/abilica-foamroaller-wave\/","name":"Abilica FoamRoller Wave Abilica","isPartOf":{"@id":"https:\/\/abilica.com\/#website"},"primaryImageOfPage":{"@id":"https:\/\/abilica.com\/no\/massasje\/abilica-foamroaller-wave\/#primaryimage"},"image":{"@id":"https:\/\/abilica.com\/no\/massasje\/abilica-foamroaller-wave\/#primaryimage"},"thumbnailUrl":"https:\/\/abilica.com\/wp-content\/uploads\/2024\/01\/1.jpg","datePublished":"2024-01-24T14:21:32+00:00","dateModified":"2025-10-16T12:22:49+00:00","breadcrumb":{"@id":"https:\/\/abilica.com\/no\/massasje\/abilica-foamroaller-wave\/#breadcrumb"},"inLanguage":"nb-NO","potentialAction":[{"@type":"ReadAction","target":["https:\/\/abilica.com\/no\/massasje\/abilica-foamroaller-wave\/"]}]},{"@type":"ImageObject","inLanguage":"nb-NO","@id":"https:\/\/abilica.com\/no\/massasje\/abilica-foamroaller-wave\/#primaryimage","url":"https:\/\/abilica.com\/wp-content\/uploads\/2024\/01\/1.jpg","contentUrl":"https:\/\/abilica.com\/wp-content\/uploads\/2024\/01\/1.jpg","width":1200,"height":1200},{"@type":"BreadcrumbList","@id":"https:\/\/abilica.com\/no\/massasje\/abilica-foamroaller-wave\/#breadcrumb","itemListElement":[{"@type":"ListItem","position":1,"name":"Hem","item":"https:\/\/abilica.com\/no\/"},{"@type":"ListItem","position":2,"name":"Produkter","item":"https:\/\/abilica.com\/no\/shop-2\/"},{"@type":"ListItem","position":3,"name":"Abilica FoamRoller Wave"}]},{"@type":"WebSite","@id":"https:\/\/abilica.com\/#website","url":"https:\/\/abilica.com\/","name":"Abilica","description":"Abilica Home Training","potentialAction":[{"@type":"SearchAction","target":{"@type":"EntryPoint","urlTemplate":"https:\/\/abilica.com\/?s={search_term_string}"},"query-input":{"@type":"PropertyValueSpecification","valueRequired":true,"valueName":"search_term_string"}}],"inLanguage":"nb-NO"}]}},"_links":{"self":[{"href":"https:\/\/abilica.com\/no\/wp-json\/wp\/v2\/product\/66573","targetHints":{"allow":["GET"]}}],"collection":[{"href":"https:\/\/abilica.com\/no\/wp-json\/wp\/v2\/product"}],"about":[{"href":"https:\/\/abilica.com\/no\/wp-json\/wp\/v2\/types\/product"}],"wp:featuredmedia":[{"embeddable":true,"href":"https:\/\/abilica.com\/no\/wp-json\/wp\/v2\/media\/66574"}],"wp:attachment":[{"href":"https:\/\/abilica.com\/no\/wp-json\/wp\/v2\/media?parent=66573"}],"wp:term":[{"taxonomy":"product_brand","embeddable":true,"href":"https:\/\/abilica.com\/no\/wp-json\/wp\/v2\/product_brand?post=66573"},{"taxonomy":"product_cat","embeddable":true,"href":"https:\/\/abilica.com\/no\/wp-json\/wp\/v2\/product_cat?post=66573"},{"taxonomy":"product_tag","embeddable":true,"href":"https:\/\/abilica.com\/no\/wp-json\/wp\/v2\/product_tag?post=66573"}],"curies":[{"name":"wp","href":"https:\/\/api.w.org\/{rel}","templated":true}]}}