{"id":66582,"date":"2024-01-31T09:46:49","date_gmt":"2024-01-31T08:46:49","guid":{"rendered":"https:\/\/abilica.com\/?post_type=product&#038;p=66582"},"modified":"2025-09-09T11:17:07","modified_gmt":"2025-09-09T10:17:07","slug":"abilica-premium-racer-90","status":"publish","type":"product","link":"https:\/\/abilica.com\/no\/kondisjon\/spinningsykkel\/abilica-premium-racer-90\/","title":{"rendered":"Abilica Premium Racer 90"},"content":{"rendered":"<div class=\"wpb-content-wrapper\"><p>[vc_row][vc_column][vc_column_text css=&raquo;&raquo; el_class=&raquo;product-video&raquo;]Abilica sin nye toppmodell innen spinning sykler. Abilica Premium Racer 90 er en soleklar favoritt for den kresne ut\u00f8veren. Passer like bra hjemme som p\u00e5 treningsrommet til bedriften.<span class=\"Apple-converted-space\">\u00a0 \u00a0<\/span><\/p>\n<p>Abilica Premium Racer 90 er en meget kraftig spinning sykkel med topp kvalitet i alle komponenter. Med svinghjul vekt p\u00e5 16 kg og magnetisk motstand f\u00e5r du en stilleg\u00e5ende og s\u00f8ml\u00f8s spinning opplevelse. Opptil 550 watt belastning gj\u00f8r at du kan trene alt fra intervaller til langkj\u00f8ring. Motstanden kan tilpasses ditt behov og gir f\u00f8lelsen av reell motbakkekj\u00f8ring.<\/p>\n<p>Spinningsykkelen har en lettlest sykkelcomputer som viser watt-belastningen i tr\u00e5kket mens du sykler, i tillegg til de vanligste parameterne som tid, distanse, hastighet, tr\u00e5kkfrekvens (RPM), kaloribruk og puls. Du kan ogs\u00e5 sette ditt nettbrett\/telefon i den store holderen og se din favoritt serie mens du sykler eller koble til en av appene (Iconsole+, Kinomap eller Zwift) og kj\u00f8re interaktive trening.<\/p>\n<p>Med multigrep styre og justeringsmuligheter, b\u00e5de vannrett og loddrett, p\u00e5 b\u00e5de sete og styret finner du du lett din ideelle sittestilling. Spinning sykkelen leveres med kombipedaler\/SPD pedaler, slik at du kan sykle med vanlige trenings sko eller sykkel sko.<span class=\"Apple-converted-space\">\u00a0 <\/span>Hjul i front gj\u00f8r den enkel \u00e5 flytte p\u00e5 n\u00e5r den ikke er i bruk. Maks personvekt er 150 kg.<\/p>\n<p>&nbsp;<\/p>\n<p><strong>SPESIFIKASJONER<br \/>\n<\/strong>Motstand: Manuell magnetisk motstand<br \/>\nMotstandsniv\u00e5er: 10<span class=\"Apple-converted-space\"><br \/>\n<\/span>Interia: 1:9<i><span class=\"Apple-converted-space\"><br \/>\n<\/span><\/i>Computer med: tid, distanse, hastighet, RPM, kaloriforbruk (indikasjon), puls, og watt<span class=\"Apple-converted-space\"><br \/>\n<\/span>Bluetooth<br \/>\nApper: Iconsole+, Zwift, Kinomap<br \/>\nMottaker for pulsbelte<br \/>\nSvinghjul: 16 kg<br \/>\nMax watt: 550<br \/>\nWattm\u00e5ling: Kalkulert med Torque tester<br \/>\nHorisontal og vertikal setejustering<br \/>\nHorisontal og vertikal styrejustering<br \/>\nSPD pedaler<br \/>\nFlaskeholder<br \/>\nTransporthjul<br \/>\nM\u00e5l oppmontert: 118 x 50 x 136 cm (L x B x H)<br \/>\nProduktvekt: 60 kg<br \/>\nMaks person vekt: 150 kg<\/p>\n<p>&nbsp;<\/p>\n<div style=\"width: 640px;\" class=\"wp-video\"><!--[if lt IE 9]><script>document.createElement('video');<\/script><![endif]-->\n<video class=\"wp-video-shortcode\" id=\"video-66582-1\" width=\"640\" height=\"360\" poster=\"https:\/\/abilica.com\/wp-content\/uploads\/2024\/01\/Screenshot-2025-06-27-at-09.13.03-3.jpg\" preload=\"metadata\" controls=\"controls\"><source type=\"video\/mp4\" src=\"https:\/\/abilica.com\/wp-content\/uploads\/2024\/01\/Abilica-Premium-Racer-90_V2_Bredde_Nett.mp4?_=1\" \/><a href=\"https:\/\/abilica.com\/wp-content\/uploads\/2024\/01\/Abilica-Premium-Racer-90_V2_Bredde_Nett.mp4\">https:\/\/abilica.com\/wp-content\/uploads\/2024\/01\/Abilica-Premium-Racer-90_V2_Bredde_Nett.mp4<\/a><\/video><\/div>\n<p>[\/vc_column_text][vc_column_text css=&raquo;&raquo; el_class=&raquo;product-video&raquo;][\/vc_column_text][vc_empty_space height=&raquo;52px&raquo;][vc_btn title=&raquo;Brukermanual&raquo; style=&raquo;flat&raquo; color=&raquo;black&raquo; i_icon_fontawesome=&raquo;&raquo; css=&raquo;&raquo; add_icon=&raquo;true&raquo; link=&raquo;url:https%3A%2F%2Fabilica.com%2Fwp-content%2Fuploads%2F2025%2F09%2FAbilica-Premium-Racer-90-Rev2-374781.pdf&raquo;][vc_btn title=&raquo;Treningstips&raquo; style=&raquo;flat&raquo; color=&raquo;black&raquo; i_icon_fontawesome=&raquo;fas fa-align-left&raquo; add_icon=&raquo;true&raquo; link=&raquo;url:https%3A%2F%2Fabilica.com%2Fno%2Ftreningsartikler%2Fbalansetrening%2Ffa-maksimalt-ut-av-spinningen%2F|title:F%C3%A5%20maksimalt%20ut%20av%20spinningen&raquo;][vc_btn title=&raquo;Vedlikeholdstips&raquo; style=&raquo;flat&raquo; color=&raquo;black&raquo; i_icon_fontawesome=&raquo;fas fa-align-left&raquo; add_icon=&raquo;true&raquo; link=&raquo;url:https%3A%2F%2Fabilica.com%2Fno%2Ftreningsartikler%2Fkondisjon%2Fvedlikehold-av-treningsapparater%2F|title:F%C3%A5%20maksimalt%20ut%20av%20spinningen&raquo;][\/vc_column][\/vc_row]<\/p>\n<\/div>","protected":false},"excerpt":{"rendered":"<p>[vc_row][vc_column][vc_column_text css=&raquo;&raquo; el_class=&raquo;product-video&raquo;]Abilica sin nye toppmodell innen spinning sykler. Abilica Premium Racer 90 er en&#8230;<\/p>\n","protected":false},"featured_media":68248,"template":"","meta":{"_acf_changed":false},"product_brand":[],"product_cat":[426,440],"product_tag":[366],"class_list":{"0":"post-66582","1":"product","2":"type-product","3":"status-publish","4":"has-post-thumbnail","6":"product_cat-kondisjon","7":"product_cat-spinningsykkel","8":"product_tag-premium-no","10":"first","11":"instock","12":"product-type-simple"},"acf":[],"yoast_head":"<!-- This site is optimized with the Yoast SEO Premium plugin v21.1 (Yoast SEO v25.4) - https:\/\/yoast.com\/wordpress\/plugins\/seo\/ -->\n<title>Abilica Premium Racer 90 Abilica<\/title>\n<meta name=\"robots\" content=\"index, follow, max-snippet:-1, max-image-preview:large, max-video-preview:-1\" \/>\n<link rel=\"canonical\" href=\"https:\/\/abilica.com\/no\/kondisjon\/spinningsykkel\/abilica-premium-racer-90\/\" \/>\n<meta property=\"og:locale\" content=\"nb_NO\" \/>\n<meta property=\"og:type\" content=\"article\" \/>\n<meta property=\"og:title\" content=\"Abilica Premium Racer 90\" \/>\n<meta property=\"og:description\" content=\"[vc_row][vc_column][vc_column_text css=&raquo;&raquo; el_class=&raquo;product-video&raquo;]Abilica sin nye toppmodell innen spinning sykler. Abilica Premium Racer 90 er en...\" \/>\n<meta property=\"og:url\" content=\"https:\/\/abilica.com\/no\/kondisjon\/spinningsykkel\/abilica-premium-racer-90\/\" \/>\n<meta property=\"og:site_name\" content=\"Abilica\" \/>\n<meta property=\"article:publisher\" content=\"https:\/\/www.facebook.com\/abilicahometraining\/\" \/>\n<meta property=\"article:modified_time\" content=\"2025-09-09T10:17:07+00:00\" \/>\n<meta property=\"og:image\" content=\"https:\/\/abilica.com\/wp-content\/uploads\/2024\/01\/374781_Abilica-Premium-Racer-90-V2_04-1.jpg\" \/>\n\t<meta property=\"og:image:width\" content=\"1200\" \/>\n\t<meta property=\"og:image:height\" content=\"1200\" \/>\n\t<meta property=\"og:image:type\" content=\"image\/jpeg\" \/>\n<meta name=\"twitter:card\" content=\"summary_large_image\" \/>\n<meta name=\"twitter:label1\" content=\"Ansl. lesetid\" \/>\n\t<meta name=\"twitter:data1\" content=\"2 minutter\" \/>\n<script type=\"application\/ld+json\" class=\"yoast-schema-graph\">{\"@context\":\"https:\/\/schema.org\",\"@graph\":[{\"@type\":\"WebPage\",\"@id\":\"https:\/\/abilica.com\/no\/kondisjon\/spinningsykkel\/abilica-premium-racer-90\/\",\"url\":\"https:\/\/abilica.com\/no\/kondisjon\/spinningsykkel\/abilica-premium-racer-90\/\",\"name\":\"Abilica Premium Racer 90 Abilica\",\"isPartOf\":{\"@id\":\"https:\/\/abilica.com\/#website\"},\"primaryImageOfPage\":{\"@id\":\"https:\/\/abilica.com\/no\/kondisjon\/spinningsykkel\/abilica-premium-racer-90\/#primaryimage\"},\"image\":{\"@id\":\"https:\/\/abilica.com\/no\/kondisjon\/spinningsykkel\/abilica-premium-racer-90\/#primaryimage\"},\"thumbnailUrl\":\"https:\/\/abilica.com\/wp-content\/uploads\/2024\/01\/374781_Abilica-Premium-Racer-90-V2_04-1.jpg\",\"datePublished\":\"2024-01-31T08:46:49+00:00\",\"dateModified\":\"2025-09-09T10:17:07+00:00\",\"breadcrumb\":{\"@id\":\"https:\/\/abilica.com\/no\/kondisjon\/spinningsykkel\/abilica-premium-racer-90\/#breadcrumb\"},\"inLanguage\":\"nb-NO\",\"potentialAction\":[{\"@type\":\"ReadAction\",\"target\":[\"https:\/\/abilica.com\/no\/kondisjon\/spinningsykkel\/abilica-premium-racer-90\/\"]}]},{\"@type\":\"ImageObject\",\"inLanguage\":\"nb-NO\",\"@id\":\"https:\/\/abilica.com\/no\/kondisjon\/spinningsykkel\/abilica-premium-racer-90\/#primaryimage\",\"url\":\"https:\/\/abilica.com\/wp-content\/uploads\/2024\/01\/374781_Abilica-Premium-Racer-90-V2_04-1.jpg\",\"contentUrl\":\"https:\/\/abilica.com\/wp-content\/uploads\/2024\/01\/374781_Abilica-Premium-Racer-90-V2_04-1.jpg\",\"width\":1200,\"height\":1200},{\"@type\":\"BreadcrumbList\",\"@id\":\"https:\/\/abilica.com\/no\/kondisjon\/spinningsykkel\/abilica-premium-racer-90\/#breadcrumb\",\"itemListElement\":[{\"@type\":\"ListItem\",\"position\":1,\"name\":\"Hem\",\"item\":\"https:\/\/abilica.com\/no\/\"},{\"@type\":\"ListItem\",\"position\":2,\"name\":\"Produkter\",\"item\":\"https:\/\/abilica.com\/no\/shop-2\/\"},{\"@type\":\"ListItem\",\"position\":3,\"name\":\"Abilica Premium Racer 90\"}]},{\"@type\":\"WebSite\",\"@id\":\"https:\/\/abilica.com\/#website\",\"url\":\"https:\/\/abilica.com\/\",\"name\":\"Abilica\",\"description\":\"Abilica Home Training\",\"potentialAction\":[{\"@type\":\"SearchAction\",\"target\":{\"@type\":\"EntryPoint\",\"urlTemplate\":\"https:\/\/abilica.com\/?s={search_term_string}\"},\"query-input\":{\"@type\":\"PropertyValueSpecification\",\"valueRequired\":true,\"valueName\":\"search_term_string\"}}],\"inLanguage\":\"nb-NO\"}]}<\/script>\n<!-- \/ Yoast SEO Premium plugin. -->","yoast_head_json":{"title":"Abilica Premium Racer 90 Abilica","robots":{"index":"index","follow":"follow","max-snippet":"max-snippet:-1","max-image-preview":"max-image-preview:large","max-video-preview":"max-video-preview:-1"},"canonical":"https:\/\/abilica.com\/no\/kondisjon\/spinningsykkel\/abilica-premium-racer-90\/","og_locale":"nb_NO","og_type":"article","og_title":"Abilica Premium Racer 90","og_description":"[vc_row][vc_column][vc_column_text css=&raquo;&raquo; el_class=&raquo;product-video&raquo;]Abilica sin nye toppmodell innen spinning sykler. Abilica Premium Racer 90 er en...","og_url":"https:\/\/abilica.com\/no\/kondisjon\/spinningsykkel\/abilica-premium-racer-90\/","og_site_name":"Abilica","article_publisher":"https:\/\/www.facebook.com\/abilicahometraining\/","article_modified_time":"2025-09-09T10:17:07+00:00","og_image":[{"width":1200,"height":1200,"url":"https:\/\/abilica.com\/wp-content\/uploads\/2024\/01\/374781_Abilica-Premium-Racer-90-V2_04-1.jpg","type":"image\/jpeg"}],"twitter_card":"summary_large_image","twitter_misc":{"Ansl. lesetid":"2 minutter"},"schema":{"@context":"https:\/\/schema.org","@graph":[{"@type":"WebPage","@id":"https:\/\/abilica.com\/no\/kondisjon\/spinningsykkel\/abilica-premium-racer-90\/","url":"https:\/\/abilica.com\/no\/kondisjon\/spinningsykkel\/abilica-premium-racer-90\/","name":"Abilica Premium Racer 90 Abilica","isPartOf":{"@id":"https:\/\/abilica.com\/#website"},"primaryImageOfPage":{"@id":"https:\/\/abilica.com\/no\/kondisjon\/spinningsykkel\/abilica-premium-racer-90\/#primaryimage"},"image":{"@id":"https:\/\/abilica.com\/no\/kondisjon\/spinningsykkel\/abilica-premium-racer-90\/#primaryimage"},"thumbnailUrl":"https:\/\/abilica.com\/wp-content\/uploads\/2024\/01\/374781_Abilica-Premium-Racer-90-V2_04-1.jpg","datePublished":"2024-01-31T08:46:49+00:00","dateModified":"2025-09-09T10:17:07+00:00","breadcrumb":{"@id":"https:\/\/abilica.com\/no\/kondisjon\/spinningsykkel\/abilica-premium-racer-90\/#breadcrumb"},"inLanguage":"nb-NO","potentialAction":[{"@type":"ReadAction","target":["https:\/\/abilica.com\/no\/kondisjon\/spinningsykkel\/abilica-premium-racer-90\/"]}]},{"@type":"ImageObject","inLanguage":"nb-NO","@id":"https:\/\/abilica.com\/no\/kondisjon\/spinningsykkel\/abilica-premium-racer-90\/#primaryimage","url":"https:\/\/abilica.com\/wp-content\/uploads\/2024\/01\/374781_Abilica-Premium-Racer-90-V2_04-1.jpg","contentUrl":"https:\/\/abilica.com\/wp-content\/uploads\/2024\/01\/374781_Abilica-Premium-Racer-90-V2_04-1.jpg","width":1200,"height":1200},{"@type":"BreadcrumbList","@id":"https:\/\/abilica.com\/no\/kondisjon\/spinningsykkel\/abilica-premium-racer-90\/#breadcrumb","itemListElement":[{"@type":"ListItem","position":1,"name":"Hem","item":"https:\/\/abilica.com\/no\/"},{"@type":"ListItem","position":2,"name":"Produkter","item":"https:\/\/abilica.com\/no\/shop-2\/"},{"@type":"ListItem","position":3,"name":"Abilica Premium Racer 90"}]},{"@type":"WebSite","@id":"https:\/\/abilica.com\/#website","url":"https:\/\/abilica.com\/","name":"Abilica","description":"Abilica Home Training","potentialAction":[{"@type":"SearchAction","target":{"@type":"EntryPoint","urlTemplate":"https:\/\/abilica.com\/?s={search_term_string}"},"query-input":{"@type":"PropertyValueSpecification","valueRequired":true,"valueName":"search_term_string"}}],"inLanguage":"nb-NO"}]}},"_links":{"self":[{"href":"https:\/\/abilica.com\/no\/wp-json\/wp\/v2\/product\/66582","targetHints":{"allow":["GET"]}}],"collection":[{"href":"https:\/\/abilica.com\/no\/wp-json\/wp\/v2\/product"}],"about":[{"href":"https:\/\/abilica.com\/no\/wp-json\/wp\/v2\/types\/product"}],"wp:featuredmedia":[{"embeddable":true,"href":"https:\/\/abilica.com\/no\/wp-json\/wp\/v2\/media\/68248"}],"wp:attachment":[{"href":"https:\/\/abilica.com\/no\/wp-json\/wp\/v2\/media?parent=66582"}],"wp:term":[{"taxonomy":"product_brand","embeddable":true,"href":"https:\/\/abilica.com\/no\/wp-json\/wp\/v2\/product_brand?post=66582"},{"taxonomy":"product_cat","embeddable":true,"href":"https:\/\/abilica.com\/no\/wp-json\/wp\/v2\/product_cat?post=66582"},{"taxonomy":"product_tag","embeddable":true,"href":"https:\/\/abilica.com\/no\/wp-json\/wp\/v2\/product_tag?post=66582"}],"curies":[{"name":"wp","href":"https:\/\/api.w.org\/{rel}","templated":true}]}}