{"id":66652,"date":"2024-02-16T13:40:21","date_gmt":"2024-02-16T12:40:21","guid":{"rendered":"https:\/\/abilica.com\/?post_type=product&#038;p=66652"},"modified":"2024-10-22T14:00:01","modified_gmt":"2024-10-22T13:00:01","slug":"abilica-premium-mill-90","status":"publish","type":"product","link":"https:\/\/abilica.com\/no\/kondisjon\/tredemolle\/abilica-premium-mill-90\/","title":{"rendered":"Abilica Premium Mill 90"},"content":{"rendered":"<div class=\"wpb-content-wrapper\"><p>[vc_row][vc_column][vc_column_text el_class=&raquo;product-video&raquo;]Abilica Premium Mill 90 er Abilica sin nye toppmodell! En kraftig og driftssikker tredem\u00f8lle som passer like bra til den aktive l\u00f8peren hjemme som p\u00e5 treningsrommet til bedriften.<\/p>\n<div><\/div>\n<div>\n<p>God st\u00f8rrelse p\u00e5 l\u00f8peflaten og maks fart p\u00e5 22 km\/t gj\u00f8r at denne passer selv den kresne l\u00f8per med h\u00f8ye krav til p\u00e5litelighet, funksjon og komfort. Abilica Premium Mill 90 har en kraftig AC motor p\u00e5 2 HK. Dette gj\u00f8r den godt eget ogs\u00e5 for lange \u00f8kter og mye bruk. Denne tredem\u00f8llen vil hjelpe deg \u00e5 n\u00e5 dine m\u00e5l, uansett om du trener til Marathon eller foretrekker intervalltrening. Den store l\u00f8peflaten m\u00e5ler 56 x 155 cm og tredem\u00f8llen har en toppfart p\u00e5 22 km\/t. Tredem\u00f8llen har hele 36 forh\u00e5ndsinnstilte programmer som gir muligheter for stor variasjon. I tillegg er det 3 egen definerte programmer der du selv kan lage dine favoritt\u00f8kter. Via hurtigtaster kan du raskt og enkelt justere fart og stigning uten at du trenger \u00e5 trykke p\u00e5 mange knapper. Totalt er det 15 stigningsniv\u00e5er som maks gir deg 9 % stigning. En stor og oversiktlig LED-skjerm gir deg all info du trenger under trenings\u00f8kten. Her kan for blant annet f\u00f8lge med p\u00e5 tid, fart, distanse, puls med mer.<\/p>\n<p>Abilica Premium Mill 90 kan kobles til flere treningsapper. Med appen AnyRun kan du planlegge og v\u00e6re med p\u00e5 et stort utvalg av programmer. Med appen Zwift kan du l\u00f8pe i den virtuelle verden, og du kan enten ta deg en fin tur alene eller delta i felleskapet og trene sammen med andre. Zwift lar deg ogs\u00e5 holde oversikt over dine treningsplaner. I betalings-appen Kinomap kan du trene til inspirerende videoer fra spennende treningsruter fra hele verden.<\/p>\n<\/div>\n<div><\/div>\n<div>\n<p>Denne type tredem\u00f8lle er ikke sammenleggbar, men transporthjul gj\u00f8r at den kan flyttes ved behov. Abilica Premium Mill 90 veier 164 kg. Maks brukervekt er 150 kg.<\/p>\n<p><strong>SPESIFIKASJONER<br \/>\n<\/strong>Maks hastighet: 22 km\/t<br \/>\nMotor: 2,0 HK<br \/>\nMotorytelse peak: 4 HK<\/p>\n<\/div>\n<div>Motortype: AC<br \/>\nProgrammer: 36 forh\u00e5ndsinnstilte og 3 egen definerte Bluetooth<br \/>\nApper: AnyRun, Zwift og Kinomap<br \/>\nPulsmotaker: Ja<br \/>\nM\u00e5l l\u00f8peb\u00e5nd: 56 x 155 cm<br \/>\nH\u00f8yde (gulv-l\u00f8peflate): 23 cm<br \/>\nMotorisert stigning: Ja<br \/>\nStigningsniv\u00e5er: 15<br \/>\nMax stigning: 9 %<br \/>\nSammenleggbar: Nei<br \/>\nJusterbare ben: Ja<br \/>\nTransporthjul: Ja<br \/>\nM\u00e5l oppmontert: 212 x 90 x 159 cm (L x B x H)<br \/>\nProduktvekt: 164 kg<br \/>\nMaks brukervekt: 150 kg<\/div>\n<p>[\/vc_column_text][vc_column_text el_class=&raquo;product-video&raquo;]<\/p>\n<div style=\"width: 640px;\" class=\"wp-video\"><!--[if lt IE 9]><script>document.createElement('video');<\/script><![endif]-->\n<video class=\"wp-video-shortcode\" id=\"video-66652-1\" width=\"640\" height=\"360\" poster=\"https:\/\/abilica.com\/wp-content\/uploads\/2024\/02\/CleanShot-2024-06-07-at-09.45.40@2x.jpg\" preload=\"metadata\" controls=\"controls\"><source type=\"video\/mp4\" src=\"https:\/\/abilica.com\/wp-content\/uploads\/2024\/06\/Abilica-Premium-Mill-90-bredde.mp4?_=1\" \/><a href=\"https:\/\/abilica.com\/wp-content\/uploads\/2024\/06\/Abilica-Premium-Mill-90-bredde.mp4\">https:\/\/abilica.com\/wp-content\/uploads\/2024\/06\/Abilica-Premium-Mill-90-bredde.mp4<\/a><\/video><\/div>\n<p>[\/vc_column_text][vc_empty_space height=&raquo;52px&raquo;][vc_btn title=&raquo;Brukermanual&raquo; style=&raquo;flat&raquo; color=&raquo;black&raquo; i_icon_fontawesome=&raquo;far fa-file-pdf&raquo; add_icon=&raquo;true&raquo; link=&raquo;url:https%3A%2F%2Fabilica.com%2Fwp-content%2Fuploads%2F2024%2F02%2FAB_Premium-Mill-90_Rev1_23.pdf|title:F%C3%A5%20maksimalt%20ut%20av%20spinningen&raquo;][vc_btn title=&raquo;Treningstips&raquo; style=&raquo;flat&raquo; color=&raquo;black&raquo; i_icon_fontawesome=&raquo;fas fa-align-left&raquo; add_icon=&raquo;true&raquo; link=&raquo;url:https%3A%2F%2Fabilica.com%2Fno%2Ftreningsartikler%2Fkondisjon%2Ffa-mest-mulig-ut-av-din-tredemolle%2F|title:F%C3%A5%20maksimalt%20ut%20av%20spinningen&raquo;][vc_btn title=&raquo;Vedlikeholdstips&raquo; style=&raquo;flat&raquo; color=&raquo;black&raquo; i_icon_fontawesome=&raquo;fas fa-align-left&raquo; add_icon=&raquo;true&raquo; link=&raquo;url:https%3A%2F%2Fabilica.com%2Fno%2Ftreningsartikler%2Fkondisjon%2Fvedlikehold-av-treningsapparater%2F|title:F%C3%A5%20maksimalt%20ut%20av%20spinningen&raquo;][\/vc_column][\/vc_row]<\/p>\n<\/div>","protected":false},"excerpt":{"rendered":"<p>[vc_row][vc_column][vc_column_text el_class=&raquo;product-video&raquo;]Abilica Premium Mill 90 er Abilica sin nye toppmodell! En kraftig og driftssikker tredem\u00f8lle&#8230;<\/p>\n","protected":false},"featured_media":66627,"template":"","meta":{"_acf_changed":false},"product_brand":[],"product_cat":[426,428],"product_tag":[366],"class_list":{"0":"post-66652","1":"product","2":"type-product","3":"status-publish","4":"has-post-thumbnail","6":"product_cat-kondisjon","7":"product_cat-tredemolle","8":"product_tag-premium-no","10":"first","11":"instock","12":"product-type-simple"},"acf":[],"yoast_head":"<!-- This site is optimized with the Yoast SEO Premium plugin v21.1 (Yoast SEO v25.4) - https:\/\/yoast.com\/wordpress\/plugins\/seo\/ -->\n<title>Abilica Premium Mill 90 Abilica<\/title>\n<meta name=\"robots\" content=\"index, follow, max-snippet:-1, max-image-preview:large, max-video-preview:-1\" \/>\n<link rel=\"canonical\" href=\"https:\/\/abilica.com\/no\/kondisjon\/tredemolle\/abilica-premium-mill-90\/\" \/>\n<meta property=\"og:locale\" content=\"nb_NO\" \/>\n<meta property=\"og:type\" content=\"article\" \/>\n<meta property=\"og:title\" content=\"Abilica Premium Mill 90\" \/>\n<meta property=\"og:description\" content=\"[vc_row][vc_column][vc_column_text el_class=&raquo;product-video&raquo;]Abilica Premium Mill 90 er Abilica sin nye toppmodell! En kraftig og driftssikker tredem\u00f8lle...\" \/>\n<meta property=\"og:url\" content=\"https:\/\/abilica.com\/no\/kondisjon\/tredemolle\/abilica-premium-mill-90\/\" \/>\n<meta property=\"og:site_name\" content=\"Abilica\" \/>\n<meta property=\"article:publisher\" content=\"https:\/\/www.facebook.com\/abilicahometraining\/\" \/>\n<meta property=\"article:modified_time\" content=\"2024-10-22T13:00:01+00:00\" \/>\n<meta property=\"og:image\" content=\"https:\/\/abilica.com\/wp-content\/uploads\/2024\/02\/1.jpg\" \/>\n\t<meta property=\"og:image:width\" content=\"1200\" \/>\n\t<meta property=\"og:image:height\" content=\"1200\" \/>\n\t<meta property=\"og:image:type\" content=\"image\/jpeg\" \/>\n<meta name=\"twitter:card\" content=\"summary_large_image\" \/>\n<meta name=\"twitter:label1\" content=\"Ansl. lesetid\" \/>\n\t<meta name=\"twitter:data1\" content=\"3 minutter\" \/>\n<script type=\"application\/ld+json\" class=\"yoast-schema-graph\">{\"@context\":\"https:\/\/schema.org\",\"@graph\":[{\"@type\":\"WebPage\",\"@id\":\"https:\/\/abilica.com\/no\/kondisjon\/tredemolle\/abilica-premium-mill-90\/\",\"url\":\"https:\/\/abilica.com\/no\/kondisjon\/tredemolle\/abilica-premium-mill-90\/\",\"name\":\"Abilica Premium Mill 90 Abilica\",\"isPartOf\":{\"@id\":\"https:\/\/abilica.com\/#website\"},\"primaryImageOfPage\":{\"@id\":\"https:\/\/abilica.com\/no\/kondisjon\/tredemolle\/abilica-premium-mill-90\/#primaryimage\"},\"image\":{\"@id\":\"https:\/\/abilica.com\/no\/kondisjon\/tredemolle\/abilica-premium-mill-90\/#primaryimage\"},\"thumbnailUrl\":\"https:\/\/abilica.com\/wp-content\/uploads\/2024\/02\/1.jpg\",\"datePublished\":\"2024-02-16T12:40:21+00:00\",\"dateModified\":\"2024-10-22T13:00:01+00:00\",\"breadcrumb\":{\"@id\":\"https:\/\/abilica.com\/no\/kondisjon\/tredemolle\/abilica-premium-mill-90\/#breadcrumb\"},\"inLanguage\":\"nb-NO\",\"potentialAction\":[{\"@type\":\"ReadAction\",\"target\":[\"https:\/\/abilica.com\/no\/kondisjon\/tredemolle\/abilica-premium-mill-90\/\"]}]},{\"@type\":\"ImageObject\",\"inLanguage\":\"nb-NO\",\"@id\":\"https:\/\/abilica.com\/no\/kondisjon\/tredemolle\/abilica-premium-mill-90\/#primaryimage\",\"url\":\"https:\/\/abilica.com\/wp-content\/uploads\/2024\/02\/1.jpg\",\"contentUrl\":\"https:\/\/abilica.com\/wp-content\/uploads\/2024\/02\/1.jpg\",\"width\":1200,\"height\":1200},{\"@type\":\"BreadcrumbList\",\"@id\":\"https:\/\/abilica.com\/no\/kondisjon\/tredemolle\/abilica-premium-mill-90\/#breadcrumb\",\"itemListElement\":[{\"@type\":\"ListItem\",\"position\":1,\"name\":\"Hem\",\"item\":\"https:\/\/abilica.com\/no\/\"},{\"@type\":\"ListItem\",\"position\":2,\"name\":\"Produkter\",\"item\":\"https:\/\/abilica.com\/no\/shop-2\/\"},{\"@type\":\"ListItem\",\"position\":3,\"name\":\"Abilica Premium Mill 90\"}]},{\"@type\":\"WebSite\",\"@id\":\"https:\/\/abilica.com\/#website\",\"url\":\"https:\/\/abilica.com\/\",\"name\":\"Abilica\",\"description\":\"Abilica Home Training\",\"potentialAction\":[{\"@type\":\"SearchAction\",\"target\":{\"@type\":\"EntryPoint\",\"urlTemplate\":\"https:\/\/abilica.com\/?s={search_term_string}\"},\"query-input\":{\"@type\":\"PropertyValueSpecification\",\"valueRequired\":true,\"valueName\":\"search_term_string\"}}],\"inLanguage\":\"nb-NO\"}]}<\/script>\n<!-- \/ Yoast SEO Premium plugin. -->","yoast_head_json":{"title":"Abilica Premium Mill 90 Abilica","robots":{"index":"index","follow":"follow","max-snippet":"max-snippet:-1","max-image-preview":"max-image-preview:large","max-video-preview":"max-video-preview:-1"},"canonical":"https:\/\/abilica.com\/no\/kondisjon\/tredemolle\/abilica-premium-mill-90\/","og_locale":"nb_NO","og_type":"article","og_title":"Abilica Premium Mill 90","og_description":"[vc_row][vc_column][vc_column_text el_class=&raquo;product-video&raquo;]Abilica Premium Mill 90 er Abilica sin nye toppmodell! En kraftig og driftssikker tredem\u00f8lle...","og_url":"https:\/\/abilica.com\/no\/kondisjon\/tredemolle\/abilica-premium-mill-90\/","og_site_name":"Abilica","article_publisher":"https:\/\/www.facebook.com\/abilicahometraining\/","article_modified_time":"2024-10-22T13:00:01+00:00","og_image":[{"width":1200,"height":1200,"url":"https:\/\/abilica.com\/wp-content\/uploads\/2024\/02\/1.jpg","type":"image\/jpeg"}],"twitter_card":"summary_large_image","twitter_misc":{"Ansl. lesetid":"3 minutter"},"schema":{"@context":"https:\/\/schema.org","@graph":[{"@type":"WebPage","@id":"https:\/\/abilica.com\/no\/kondisjon\/tredemolle\/abilica-premium-mill-90\/","url":"https:\/\/abilica.com\/no\/kondisjon\/tredemolle\/abilica-premium-mill-90\/","name":"Abilica Premium Mill 90 Abilica","isPartOf":{"@id":"https:\/\/abilica.com\/#website"},"primaryImageOfPage":{"@id":"https:\/\/abilica.com\/no\/kondisjon\/tredemolle\/abilica-premium-mill-90\/#primaryimage"},"image":{"@id":"https:\/\/abilica.com\/no\/kondisjon\/tredemolle\/abilica-premium-mill-90\/#primaryimage"},"thumbnailUrl":"https:\/\/abilica.com\/wp-content\/uploads\/2024\/02\/1.jpg","datePublished":"2024-02-16T12:40:21+00:00","dateModified":"2024-10-22T13:00:01+00:00","breadcrumb":{"@id":"https:\/\/abilica.com\/no\/kondisjon\/tredemolle\/abilica-premium-mill-90\/#breadcrumb"},"inLanguage":"nb-NO","potentialAction":[{"@type":"ReadAction","target":["https:\/\/abilica.com\/no\/kondisjon\/tredemolle\/abilica-premium-mill-90\/"]}]},{"@type":"ImageObject","inLanguage":"nb-NO","@id":"https:\/\/abilica.com\/no\/kondisjon\/tredemolle\/abilica-premium-mill-90\/#primaryimage","url":"https:\/\/abilica.com\/wp-content\/uploads\/2024\/02\/1.jpg","contentUrl":"https:\/\/abilica.com\/wp-content\/uploads\/2024\/02\/1.jpg","width":1200,"height":1200},{"@type":"BreadcrumbList","@id":"https:\/\/abilica.com\/no\/kondisjon\/tredemolle\/abilica-premium-mill-90\/#breadcrumb","itemListElement":[{"@type":"ListItem","position":1,"name":"Hem","item":"https:\/\/abilica.com\/no\/"},{"@type":"ListItem","position":2,"name":"Produkter","item":"https:\/\/abilica.com\/no\/shop-2\/"},{"@type":"ListItem","position":3,"name":"Abilica Premium Mill 90"}]},{"@type":"WebSite","@id":"https:\/\/abilica.com\/#website","url":"https:\/\/abilica.com\/","name":"Abilica","description":"Abilica Home Training","potentialAction":[{"@type":"SearchAction","target":{"@type":"EntryPoint","urlTemplate":"https:\/\/abilica.com\/?s={search_term_string}"},"query-input":{"@type":"PropertyValueSpecification","valueRequired":true,"valueName":"search_term_string"}}],"inLanguage":"nb-NO"}]}},"_links":{"self":[{"href":"https:\/\/abilica.com\/no\/wp-json\/wp\/v2\/product\/66652","targetHints":{"allow":["GET"]}}],"collection":[{"href":"https:\/\/abilica.com\/no\/wp-json\/wp\/v2\/product"}],"about":[{"href":"https:\/\/abilica.com\/no\/wp-json\/wp\/v2\/types\/product"}],"wp:featuredmedia":[{"embeddable":true,"href":"https:\/\/abilica.com\/no\/wp-json\/wp\/v2\/media\/66627"}],"wp:attachment":[{"href":"https:\/\/abilica.com\/no\/wp-json\/wp\/v2\/media?parent=66652"}],"wp:term":[{"taxonomy":"product_brand","embeddable":true,"href":"https:\/\/abilica.com\/no\/wp-json\/wp\/v2\/product_brand?post=66652"},{"taxonomy":"product_cat","embeddable":true,"href":"https:\/\/abilica.com\/no\/wp-json\/wp\/v2\/product_cat?post=66652"},{"taxonomy":"product_tag","embeddable":true,"href":"https:\/\/abilica.com\/no\/wp-json\/wp\/v2\/product_tag?post=66652"}],"curies":[{"name":"wp","href":"https:\/\/api.w.org\/{rel}","templated":true}]}}