{"id":66725,"date":"2024-02-23T13:43:43","date_gmt":"2024-02-23T12:43:43","guid":{"rendered":"https:\/\/abilica.com\/?post_type=product&#038;p=66725"},"modified":"2024-04-25T11:23:57","modified_gmt":"2024-04-25T10:23:57","slug":"abilica-squatrack-40","status":"publish","type":"product","link":"https:\/\/abilica.com\/no\/styrke\/cage-rack\/abilica-squatrack-40\/","title":{"rendered":"Abilica SquatRack 40"},"content":{"rendered":"<div class=\"wpb-content-wrapper\"><p>[vc_row][vc_column][vc_column_text el_class=&raquo;product-video&raquo;]Abilica SquatRack 40 er et justerbart kneb\u00f8ystativ til styrketrening med frivekter som passer perfekt for b\u00e5de hjemmetrening og bedriftsmarkedet.<\/p>\n<p>Med Abilica SquatRack 40 kan du effektivt trene hele kroppen p\u00e5 et sv\u00e6rt lite areal. Stativet kan justeres over 12 niv\u00e5er som tilsvarer en h\u00f8yde fra 103 til 158 cm. Dette kneb\u00f8ystativet er ogs\u00e5 utstyrt med ekstra vekstangholdere for benkpress som g\u00e5r 29 cm lavere enn de \u00f8verste holderne. Begge vektstangholderne har ruller med UHMW beskyttelse, som gj\u00f8r det enkelt for deg \u00e5 justere posisjon p\u00e5 vektstang f\u00f8r l\u00f8ft i tillegg til UHMW beskyttelsen tar godt vare p\u00e5 vektstangen din. Kneb\u00f8ystativet har gumierte h\u00e5ndtak p\u00e5 baksiden for dips, som gir optimalt grep og komfort under \u00f8velsen. N\u00e5r kneb\u00f8ystativet ikke er i bruk, kan du dra breddejusteringen helt ut for \u00e5 spare plass.<\/p>\n<p>Vektstang og vektskiver f\u00f8lger ikke med. Dette produktet er ikke egnet for \u00e5 lagres ute og b\u00f8r ikke plasseres p\u00e5 fuktig\/v\u00e5tt underlag.<\/p>\n<p><strong>\u00a0<\/strong><\/p>\n<p><strong>SPESIFIKASJONER <\/strong><br \/>\nM\u00e5l oppmontert: 75 x 140 x 112-169 cm (L x B x H)<br \/>\nRammest\u00f8rrelse: 60 x 60 mm<br \/>\nSt\u00e5ltykkelse: 2 mm<br \/>\nAntall justeringshull bredde: 18<br \/>\nJusterings intervall bredde: 5 cm<br \/>\nJusterbar bredde mellom dipsh\u00e5ndtak: 47-127 cm<br \/>\nAntall justeringshull h\u00f8yde: 12<br \/>\nJustering intervall h\u00f8yde: 5 cm<br \/>\nJusterbar h\u00f8yde: 74-158 cm<br \/>\nProdukt vekt: 29 kg<br \/>\nAbilica Premium: Ja<\/p>\n<p><strong>Maks belastning<br \/>\n<\/strong>Vektstangholder (J-hooks): 300 kg<br \/>\nNedre vektstangholdere (J-hooks): 250 kg<br \/>\nDips h\u00e5ndtak: 250 kg<\/p>\n<p>&nbsp;<\/p>\n<p><strong>\u00a0<\/strong><\/p>\n<p style=\"margin: 0cm;\"><span style=\"font-family: 'Arial',sans-serif; color: black;\">\u00a0<\/span><\/p>\n<p>[\/vc_column_text][vc_empty_space height=&raquo;52px&raquo;][vc_btn title=&raquo;Brukermanual&raquo; style=&raquo;flat&raquo; color=&raquo;black&raquo; i_icon_fontawesome=&raquo;far fa-file-pdf&raquo; add_icon=&raquo;true&raquo; link=&raquo;url:https%3A%2F%2Fabilica.com%2Fwp-content%2Fuploads%2F2024%2F02%2FAB_SquatRack_40_Rev1_231022.pdf&raquo;][vc_btn title=&raquo;Treningstips&raquo; style=&raquo;flat&raquo; color=&raquo;black&raquo; i_icon_fontawesome=&raquo;fas fa-align-right&raquo; add_icon=&raquo;true&raquo; link=&raquo;url:https%3A%2F%2Fabilica.com%2Fno%2Ftreningsartikler%2Fstyrke%2Fmange-treningsmuligheter-med-rack%2F|title:Abilica%20FoldableRack&raquo;][vc_btn title=&raquo;Vedlikeholdstips&raquo; style=&raquo;flat&raquo; color=&raquo;black&raquo; i_icon_fontawesome=&raquo;fas fa-align-right&raquo; add_icon=&raquo;true&raquo; link=&raquo;url:https%3A%2F%2Fabilica.com%2Fno%2Ftreningsartikler%2Fkondisjon%2Fvedlikehold-av-treningsapparater%2F|title:Abilica%20FoldableRack&raquo;][\/vc_column][\/vc_row]<\/p>\n<\/div>","protected":false},"excerpt":{"rendered":"<p>[vc_row][vc_column][vc_column_text el_class=&raquo;product-video&raquo;]Abilica SquatRack 40 er et justerbart kneb\u00f8ystativ til styrketrening med frivekter som passer perfekt&#8230;<\/p>\n","protected":false},"featured_media":66711,"template":"","meta":{"_acf_changed":false},"product_brand":[],"product_cat":[464,422],"product_tag":[366],"class_list":{"0":"post-66725","1":"product","2":"type-product","3":"status-publish","4":"has-post-thumbnail","6":"product_cat-cage-rack","7":"product_cat-styrke","8":"product_tag-premium-no","10":"first","11":"instock","12":"product-type-simple"},"acf":[],"yoast_head":"<!-- This site is optimized with the Yoast SEO Premium plugin v21.1 (Yoast SEO v25.4) - https:\/\/yoast.com\/wordpress\/plugins\/seo\/ -->\n<title>Abilica SquatRack 40 Abilica<\/title>\n<meta name=\"robots\" content=\"index, follow, max-snippet:-1, max-image-preview:large, max-video-preview:-1\" \/>\n<link rel=\"canonical\" href=\"https:\/\/abilica.com\/no\/styrke\/cage-rack\/abilica-squatrack-40\/\" \/>\n<meta property=\"og:locale\" content=\"nb_NO\" \/>\n<meta property=\"og:type\" content=\"article\" \/>\n<meta property=\"og:title\" content=\"Abilica SquatRack 40\" \/>\n<meta property=\"og:description\" content=\"[vc_row][vc_column][vc_column_text el_class=&raquo;product-video&raquo;]Abilica SquatRack 40 er et justerbart kneb\u00f8ystativ til styrketrening med frivekter som passer perfekt...\" \/>\n<meta property=\"og:url\" content=\"https:\/\/abilica.com\/no\/styrke\/cage-rack\/abilica-squatrack-40\/\" \/>\n<meta property=\"og:site_name\" content=\"Abilica\" \/>\n<meta property=\"article:publisher\" content=\"https:\/\/www.facebook.com\/abilicahometraining\/\" \/>\n<meta property=\"article:modified_time\" content=\"2024-04-25T10:23:57+00:00\" \/>\n<meta property=\"og:image\" content=\"https:\/\/abilica.com\/wp-content\/uploads\/2024\/02\/2-1.jpeg\" \/>\n\t<meta property=\"og:image:width\" content=\"1200\" \/>\n\t<meta property=\"og:image:height\" content=\"1200\" \/>\n\t<meta property=\"og:image:type\" content=\"image\/jpeg\" \/>\n<meta name=\"twitter:card\" content=\"summary_large_image\" \/>\n<meta name=\"twitter:label1\" content=\"Ansl. lesetid\" \/>\n\t<meta name=\"twitter:data1\" content=\"2 minutter\" \/>\n<script type=\"application\/ld+json\" class=\"yoast-schema-graph\">{\"@context\":\"https:\/\/schema.org\",\"@graph\":[{\"@type\":\"WebPage\",\"@id\":\"https:\/\/abilica.com\/no\/styrke\/cage-rack\/abilica-squatrack-40\/\",\"url\":\"https:\/\/abilica.com\/no\/styrke\/cage-rack\/abilica-squatrack-40\/\",\"name\":\"Abilica SquatRack 40 Abilica\",\"isPartOf\":{\"@id\":\"https:\/\/abilica.com\/#website\"},\"primaryImageOfPage\":{\"@id\":\"https:\/\/abilica.com\/no\/styrke\/cage-rack\/abilica-squatrack-40\/#primaryimage\"},\"image\":{\"@id\":\"https:\/\/abilica.com\/no\/styrke\/cage-rack\/abilica-squatrack-40\/#primaryimage\"},\"thumbnailUrl\":\"https:\/\/abilica.com\/wp-content\/uploads\/2024\/02\/2-1.jpeg\",\"datePublished\":\"2024-02-23T12:43:43+00:00\",\"dateModified\":\"2024-04-25T10:23:57+00:00\",\"breadcrumb\":{\"@id\":\"https:\/\/abilica.com\/no\/styrke\/cage-rack\/abilica-squatrack-40\/#breadcrumb\"},\"inLanguage\":\"nb-NO\",\"potentialAction\":[{\"@type\":\"ReadAction\",\"target\":[\"https:\/\/abilica.com\/no\/styrke\/cage-rack\/abilica-squatrack-40\/\"]}]},{\"@type\":\"ImageObject\",\"inLanguage\":\"nb-NO\",\"@id\":\"https:\/\/abilica.com\/no\/styrke\/cage-rack\/abilica-squatrack-40\/#primaryimage\",\"url\":\"https:\/\/abilica.com\/wp-content\/uploads\/2024\/02\/2-1.jpeg\",\"contentUrl\":\"https:\/\/abilica.com\/wp-content\/uploads\/2024\/02\/2-1.jpeg\",\"width\":1200,\"height\":1200},{\"@type\":\"BreadcrumbList\",\"@id\":\"https:\/\/abilica.com\/no\/styrke\/cage-rack\/abilica-squatrack-40\/#breadcrumb\",\"itemListElement\":[{\"@type\":\"ListItem\",\"position\":1,\"name\":\"Hem\",\"item\":\"https:\/\/abilica.com\/no\/\"},{\"@type\":\"ListItem\",\"position\":2,\"name\":\"Produkter\",\"item\":\"https:\/\/abilica.com\/no\/shop-2\/\"},{\"@type\":\"ListItem\",\"position\":3,\"name\":\"Abilica SquatRack 40\"}]},{\"@type\":\"WebSite\",\"@id\":\"https:\/\/abilica.com\/#website\",\"url\":\"https:\/\/abilica.com\/\",\"name\":\"Abilica\",\"description\":\"Abilica Home Training\",\"potentialAction\":[{\"@type\":\"SearchAction\",\"target\":{\"@type\":\"EntryPoint\",\"urlTemplate\":\"https:\/\/abilica.com\/?s={search_term_string}\"},\"query-input\":{\"@type\":\"PropertyValueSpecification\",\"valueRequired\":true,\"valueName\":\"search_term_string\"}}],\"inLanguage\":\"nb-NO\"}]}<\/script>\n<!-- \/ Yoast SEO Premium plugin. -->","yoast_head_json":{"title":"Abilica SquatRack 40 Abilica","robots":{"index":"index","follow":"follow","max-snippet":"max-snippet:-1","max-image-preview":"max-image-preview:large","max-video-preview":"max-video-preview:-1"},"canonical":"https:\/\/abilica.com\/no\/styrke\/cage-rack\/abilica-squatrack-40\/","og_locale":"nb_NO","og_type":"article","og_title":"Abilica SquatRack 40","og_description":"[vc_row][vc_column][vc_column_text el_class=&raquo;product-video&raquo;]Abilica SquatRack 40 er et justerbart kneb\u00f8ystativ til styrketrening med frivekter som passer perfekt...","og_url":"https:\/\/abilica.com\/no\/styrke\/cage-rack\/abilica-squatrack-40\/","og_site_name":"Abilica","article_publisher":"https:\/\/www.facebook.com\/abilicahometraining\/","article_modified_time":"2024-04-25T10:23:57+00:00","og_image":[{"width":1200,"height":1200,"url":"https:\/\/abilica.com\/wp-content\/uploads\/2024\/02\/2-1.jpeg","type":"image\/jpeg"}],"twitter_card":"summary_large_image","twitter_misc":{"Ansl. lesetid":"2 minutter"},"schema":{"@context":"https:\/\/schema.org","@graph":[{"@type":"WebPage","@id":"https:\/\/abilica.com\/no\/styrke\/cage-rack\/abilica-squatrack-40\/","url":"https:\/\/abilica.com\/no\/styrke\/cage-rack\/abilica-squatrack-40\/","name":"Abilica SquatRack 40 Abilica","isPartOf":{"@id":"https:\/\/abilica.com\/#website"},"primaryImageOfPage":{"@id":"https:\/\/abilica.com\/no\/styrke\/cage-rack\/abilica-squatrack-40\/#primaryimage"},"image":{"@id":"https:\/\/abilica.com\/no\/styrke\/cage-rack\/abilica-squatrack-40\/#primaryimage"},"thumbnailUrl":"https:\/\/abilica.com\/wp-content\/uploads\/2024\/02\/2-1.jpeg","datePublished":"2024-02-23T12:43:43+00:00","dateModified":"2024-04-25T10:23:57+00:00","breadcrumb":{"@id":"https:\/\/abilica.com\/no\/styrke\/cage-rack\/abilica-squatrack-40\/#breadcrumb"},"inLanguage":"nb-NO","potentialAction":[{"@type":"ReadAction","target":["https:\/\/abilica.com\/no\/styrke\/cage-rack\/abilica-squatrack-40\/"]}]},{"@type":"ImageObject","inLanguage":"nb-NO","@id":"https:\/\/abilica.com\/no\/styrke\/cage-rack\/abilica-squatrack-40\/#primaryimage","url":"https:\/\/abilica.com\/wp-content\/uploads\/2024\/02\/2-1.jpeg","contentUrl":"https:\/\/abilica.com\/wp-content\/uploads\/2024\/02\/2-1.jpeg","width":1200,"height":1200},{"@type":"BreadcrumbList","@id":"https:\/\/abilica.com\/no\/styrke\/cage-rack\/abilica-squatrack-40\/#breadcrumb","itemListElement":[{"@type":"ListItem","position":1,"name":"Hem","item":"https:\/\/abilica.com\/no\/"},{"@type":"ListItem","position":2,"name":"Produkter","item":"https:\/\/abilica.com\/no\/shop-2\/"},{"@type":"ListItem","position":3,"name":"Abilica SquatRack 40"}]},{"@type":"WebSite","@id":"https:\/\/abilica.com\/#website","url":"https:\/\/abilica.com\/","name":"Abilica","description":"Abilica Home Training","potentialAction":[{"@type":"SearchAction","target":{"@type":"EntryPoint","urlTemplate":"https:\/\/abilica.com\/?s={search_term_string}"},"query-input":{"@type":"PropertyValueSpecification","valueRequired":true,"valueName":"search_term_string"}}],"inLanguage":"nb-NO"}]}},"_links":{"self":[{"href":"https:\/\/abilica.com\/no\/wp-json\/wp\/v2\/product\/66725","targetHints":{"allow":["GET"]}}],"collection":[{"href":"https:\/\/abilica.com\/no\/wp-json\/wp\/v2\/product"}],"about":[{"href":"https:\/\/abilica.com\/no\/wp-json\/wp\/v2\/types\/product"}],"wp:featuredmedia":[{"embeddable":true,"href":"https:\/\/abilica.com\/no\/wp-json\/wp\/v2\/media\/66711"}],"wp:attachment":[{"href":"https:\/\/abilica.com\/no\/wp-json\/wp\/v2\/media?parent=66725"}],"wp:term":[{"taxonomy":"product_brand","embeddable":true,"href":"https:\/\/abilica.com\/no\/wp-json\/wp\/v2\/product_brand?post=66725"},{"taxonomy":"product_cat","embeddable":true,"href":"https:\/\/abilica.com\/no\/wp-json\/wp\/v2\/product_cat?post=66725"},{"taxonomy":"product_tag","embeddable":true,"href":"https:\/\/abilica.com\/no\/wp-json\/wp\/v2\/product_tag?post=66725"}],"curies":[{"name":"wp","href":"https:\/\/api.w.org\/{rel}","templated":true}]}}