{"id":66775,"date":"2024-04-02T09:05:58","date_gmt":"2024-04-02T08:05:58","guid":{"rendered":"https:\/\/abilica.com\/?post_type=product&#038;p=66775"},"modified":"2024-04-30T08:47:53","modified_gmt":"2024-04-30T07:47:53","slug":"abilica-kettlebell-4-48-kg","status":"publish","type":"product","link":"https:\/\/abilica.com\/no\/styrke\/kettlebells\/abilica-kettlebell-4-48-kg\/","title":{"rendered":"Abilica KettleBell 4-48 kg"},"content":{"rendered":"<div class=\"wpb-content-wrapper\"><p>[vc_row][vc_column][vc_column_text]Abilica KettleBells i st\u00f8pejern med matt overflate gir deg en sv\u00e6rt robust kettlebell med godt grep. Abilica KettleBells er perfekt for deg som \u00f8nsker \u00f8kt styrke, koordinasjon, stabilisering og utholdenhet. Du trener funksjonelt, tredimensjonalt og \u00f8velsene hjelper deg \u00e5 fungere bedre i hverdagen. \u00a0Abilica KettleBells har en flat base som gj\u00f8r de sv\u00e6rt stabile n\u00e5r de er plassert p\u00e5 bakken. Hver kettlebell er merket med vekt i b\u00e5de kilo og pund i tillegg til \u00e5 ha sin unike fargekode som gj\u00f8r den enkel \u00e5 identifisere. Finnes i 4 kg til 48 kg. Selges i stk. <span class=\"Apple-converted-space\">\u00a0<\/span><\/p>\n<p>&nbsp;<\/p>\n<p><img loading=\"lazy\" decoding=\"async\" class=\"alignnone size-full wp-image-66834\" src=\"https:\/\/abilica.com\/wp-content\/uploads\/2024\/04\/Norge.jpg\" alt=\"\" width=\"1806\" height=\"1322\" srcset=\"https:\/\/abilica.com\/wp-content\/uploads\/2024\/04\/Norge.jpg 1806w, https:\/\/abilica.com\/wp-content\/uploads\/2024\/04\/Norge-300x220.jpg 300w, https:\/\/abilica.com\/wp-content\/uploads\/2024\/04\/Norge-768x562.jpg 768w, https:\/\/abilica.com\/wp-content\/uploads\/2024\/04\/Norge-1536x1124.jpg 1536w, https:\/\/abilica.com\/wp-content\/uploads\/2024\/04\/Norge-500x366.jpg 500w, https:\/\/abilica.com\/wp-content\/uploads\/2024\/04\/Norge-960x703.jpg 960w\" sizes=\"auto, (max-width: 1806px) 100vw, 1806px\" \/>[\/vc_column_text][vc_empty_space height=&raquo;52px&raquo;][vc_btn title=&raquo;Treningsprogram&raquo; style=&raquo;flat&raquo; color=&raquo;black&raquo; i_icon_fontawesome=&raquo;fas fa-align-left&raquo; add_icon=&raquo;true&raquo; link=&raquo;url:https%3A%2F%2Fabilica.com%2Fno%2Ftreningsprogram%2Ftreningsprogram-til-abilica-kettlebells%2F|title:Trening%20med%20kettlebells%20er%20effektiv%20trening%20for%20hele%20kroppen&raquo;][vc_btn title=&raquo;Treningstips&raquo; style=&raquo;flat&raquo; color=&raquo;black&raquo; i_icon_fontawesome=&raquo;fas fa-align-left&raquo; add_icon=&raquo;true&raquo; link=&raquo;url:https%3A%2F%2Fabilica.com%2Fno%2Ftreningsartikler%2Fstyrke%2Ftrening-med-kettlebells-er-effektiv-trening-for-hele-kroppen%2F|title:Trening%20med%20kettlebells%20er%20effektiv%20trening%20for%20hele%20kroppen&raquo;][\/vc_column][\/vc_row]<\/p>\n<\/div>","protected":false},"excerpt":{"rendered":"<p>[vc_row][vc_column][vc_column_text]Abilica KettleBells i st\u00f8pejern med matt overflate gir deg en sv\u00e6rt robust kettlebell med godt&#8230;<\/p>\n","protected":false},"featured_media":67033,"template":"","meta":{"_acf_changed":false},"product_brand":[],"product_cat":[453,422],"product_tag":[],"class_list":{"0":"post-66775","1":"product","2":"type-product","3":"status-publish","4":"has-post-thumbnail","6":"product_cat-kettlebells","7":"product_cat-styrke","9":"first","10":"instock","11":"product-type-variable"},"acf":[],"yoast_head":"<!-- This site is optimized with the Yoast SEO Premium plugin v21.1 (Yoast SEO v25.4) - https:\/\/yoast.com\/wordpress\/plugins\/seo\/ -->\n<title>Abilica KettleBell 4-48 kg Abilica<\/title>\n<meta name=\"robots\" content=\"index, follow, max-snippet:-1, max-image-preview:large, max-video-preview:-1\" \/>\n<link rel=\"canonical\" href=\"https:\/\/abilica.com\/no\/styrke\/kettlebells\/abilica-kettlebell-4-48-kg\/\" \/>\n<meta property=\"og:locale\" content=\"nb_NO\" \/>\n<meta property=\"og:type\" content=\"article\" \/>\n<meta property=\"og:title\" content=\"Abilica KettleBell 4-48 kg\" \/>\n<meta property=\"og:description\" content=\"[vc_row][vc_column][vc_column_text]Abilica KettleBells i st\u00f8pejern med matt overflate gir deg en sv\u00e6rt robust kettlebell med godt...\" \/>\n<meta property=\"og:url\" content=\"https:\/\/abilica.com\/no\/styrke\/kettlebells\/abilica-kettlebell-4-48-kg\/\" \/>\n<meta property=\"og:site_name\" content=\"Abilica\" \/>\n<meta property=\"article:publisher\" content=\"https:\/\/www.facebook.com\/abilicahometraining\/\" \/>\n<meta property=\"article:modified_time\" content=\"2024-04-30T07:47:53+00:00\" \/>\n<meta property=\"og:image\" content=\"https:\/\/abilica.com\/wp-content\/uploads\/2024\/04\/kettle3.jpg\" \/>\n\t<meta property=\"og:image:width\" content=\"1200\" \/>\n\t<meta property=\"og:image:height\" content=\"1200\" \/>\n\t<meta property=\"og:image:type\" content=\"image\/jpeg\" \/>\n<meta name=\"twitter:card\" content=\"summary_large_image\" \/>\n<meta name=\"twitter:label1\" content=\"Ansl. lesetid\" \/>\n\t<meta name=\"twitter:data1\" content=\"1 minutt\" \/>\n<script type=\"application\/ld+json\" class=\"yoast-schema-graph\">{\"@context\":\"https:\/\/schema.org\",\"@graph\":[{\"@type\":\"WebPage\",\"@id\":\"https:\/\/abilica.com\/no\/styrke\/kettlebells\/abilica-kettlebell-4-48-kg\/\",\"url\":\"https:\/\/abilica.com\/no\/styrke\/kettlebells\/abilica-kettlebell-4-48-kg\/\",\"name\":\"Abilica KettleBell 4-48 kg Abilica\",\"isPartOf\":{\"@id\":\"https:\/\/abilica.com\/#website\"},\"primaryImageOfPage\":{\"@id\":\"https:\/\/abilica.com\/no\/styrke\/kettlebells\/abilica-kettlebell-4-48-kg\/#primaryimage\"},\"image\":{\"@id\":\"https:\/\/abilica.com\/no\/styrke\/kettlebells\/abilica-kettlebell-4-48-kg\/#primaryimage\"},\"thumbnailUrl\":\"https:\/\/abilica.com\/wp-content\/uploads\/2024\/04\/kettle3.jpg\",\"datePublished\":\"2024-04-02T08:05:58+00:00\",\"dateModified\":\"2024-04-30T07:47:53+00:00\",\"breadcrumb\":{\"@id\":\"https:\/\/abilica.com\/no\/styrke\/kettlebells\/abilica-kettlebell-4-48-kg\/#breadcrumb\"},\"inLanguage\":\"nb-NO\",\"potentialAction\":[{\"@type\":\"ReadAction\",\"target\":[\"https:\/\/abilica.com\/no\/styrke\/kettlebells\/abilica-kettlebell-4-48-kg\/\"]}]},{\"@type\":\"ImageObject\",\"inLanguage\":\"nb-NO\",\"@id\":\"https:\/\/abilica.com\/no\/styrke\/kettlebells\/abilica-kettlebell-4-48-kg\/#primaryimage\",\"url\":\"https:\/\/abilica.com\/wp-content\/uploads\/2024\/04\/kettle3.jpg\",\"contentUrl\":\"https:\/\/abilica.com\/wp-content\/uploads\/2024\/04\/kettle3.jpg\",\"width\":1200,\"height\":1200},{\"@type\":\"BreadcrumbList\",\"@id\":\"https:\/\/abilica.com\/no\/styrke\/kettlebells\/abilica-kettlebell-4-48-kg\/#breadcrumb\",\"itemListElement\":[{\"@type\":\"ListItem\",\"position\":1,\"name\":\"Hem\",\"item\":\"https:\/\/abilica.com\/no\/\"},{\"@type\":\"ListItem\",\"position\":2,\"name\":\"Produkter\",\"item\":\"https:\/\/abilica.com\/no\/shop-2\/\"},{\"@type\":\"ListItem\",\"position\":3,\"name\":\"Abilica KettleBell 4-48 kg\"}]},{\"@type\":\"WebSite\",\"@id\":\"https:\/\/abilica.com\/#website\",\"url\":\"https:\/\/abilica.com\/\",\"name\":\"Abilica\",\"description\":\"Abilica Home Training\",\"potentialAction\":[{\"@type\":\"SearchAction\",\"target\":{\"@type\":\"EntryPoint\",\"urlTemplate\":\"https:\/\/abilica.com\/?s={search_term_string}\"},\"query-input\":{\"@type\":\"PropertyValueSpecification\",\"valueRequired\":true,\"valueName\":\"search_term_string\"}}],\"inLanguage\":\"nb-NO\"}]}<\/script>\n<!-- \/ Yoast SEO Premium plugin. -->","yoast_head_json":{"title":"Abilica KettleBell 4-48 kg Abilica","robots":{"index":"index","follow":"follow","max-snippet":"max-snippet:-1","max-image-preview":"max-image-preview:large","max-video-preview":"max-video-preview:-1"},"canonical":"https:\/\/abilica.com\/no\/styrke\/kettlebells\/abilica-kettlebell-4-48-kg\/","og_locale":"nb_NO","og_type":"article","og_title":"Abilica KettleBell 4-48 kg","og_description":"[vc_row][vc_column][vc_column_text]Abilica KettleBells i st\u00f8pejern med matt overflate gir deg en sv\u00e6rt robust kettlebell med godt...","og_url":"https:\/\/abilica.com\/no\/styrke\/kettlebells\/abilica-kettlebell-4-48-kg\/","og_site_name":"Abilica","article_publisher":"https:\/\/www.facebook.com\/abilicahometraining\/","article_modified_time":"2024-04-30T07:47:53+00:00","og_image":[{"width":1200,"height":1200,"url":"https:\/\/abilica.com\/wp-content\/uploads\/2024\/04\/kettle3.jpg","type":"image\/jpeg"}],"twitter_card":"summary_large_image","twitter_misc":{"Ansl. lesetid":"1 minutt"},"schema":{"@context":"https:\/\/schema.org","@graph":[{"@type":"WebPage","@id":"https:\/\/abilica.com\/no\/styrke\/kettlebells\/abilica-kettlebell-4-48-kg\/","url":"https:\/\/abilica.com\/no\/styrke\/kettlebells\/abilica-kettlebell-4-48-kg\/","name":"Abilica KettleBell 4-48 kg Abilica","isPartOf":{"@id":"https:\/\/abilica.com\/#website"},"primaryImageOfPage":{"@id":"https:\/\/abilica.com\/no\/styrke\/kettlebells\/abilica-kettlebell-4-48-kg\/#primaryimage"},"image":{"@id":"https:\/\/abilica.com\/no\/styrke\/kettlebells\/abilica-kettlebell-4-48-kg\/#primaryimage"},"thumbnailUrl":"https:\/\/abilica.com\/wp-content\/uploads\/2024\/04\/kettle3.jpg","datePublished":"2024-04-02T08:05:58+00:00","dateModified":"2024-04-30T07:47:53+00:00","breadcrumb":{"@id":"https:\/\/abilica.com\/no\/styrke\/kettlebells\/abilica-kettlebell-4-48-kg\/#breadcrumb"},"inLanguage":"nb-NO","potentialAction":[{"@type":"ReadAction","target":["https:\/\/abilica.com\/no\/styrke\/kettlebells\/abilica-kettlebell-4-48-kg\/"]}]},{"@type":"ImageObject","inLanguage":"nb-NO","@id":"https:\/\/abilica.com\/no\/styrke\/kettlebells\/abilica-kettlebell-4-48-kg\/#primaryimage","url":"https:\/\/abilica.com\/wp-content\/uploads\/2024\/04\/kettle3.jpg","contentUrl":"https:\/\/abilica.com\/wp-content\/uploads\/2024\/04\/kettle3.jpg","width":1200,"height":1200},{"@type":"BreadcrumbList","@id":"https:\/\/abilica.com\/no\/styrke\/kettlebells\/abilica-kettlebell-4-48-kg\/#breadcrumb","itemListElement":[{"@type":"ListItem","position":1,"name":"Hem","item":"https:\/\/abilica.com\/no\/"},{"@type":"ListItem","position":2,"name":"Produkter","item":"https:\/\/abilica.com\/no\/shop-2\/"},{"@type":"ListItem","position":3,"name":"Abilica KettleBell 4-48 kg"}]},{"@type":"WebSite","@id":"https:\/\/abilica.com\/#website","url":"https:\/\/abilica.com\/","name":"Abilica","description":"Abilica Home Training","potentialAction":[{"@type":"SearchAction","target":{"@type":"EntryPoint","urlTemplate":"https:\/\/abilica.com\/?s={search_term_string}"},"query-input":{"@type":"PropertyValueSpecification","valueRequired":true,"valueName":"search_term_string"}}],"inLanguage":"nb-NO"}]}},"_links":{"self":[{"href":"https:\/\/abilica.com\/no\/wp-json\/wp\/v2\/product\/66775","targetHints":{"allow":["GET"]}}],"collection":[{"href":"https:\/\/abilica.com\/no\/wp-json\/wp\/v2\/product"}],"about":[{"href":"https:\/\/abilica.com\/no\/wp-json\/wp\/v2\/types\/product"}],"wp:featuredmedia":[{"embeddable":true,"href":"https:\/\/abilica.com\/no\/wp-json\/wp\/v2\/media\/67033"}],"wp:attachment":[{"href":"https:\/\/abilica.com\/no\/wp-json\/wp\/v2\/media?parent=66775"}],"wp:term":[{"taxonomy":"product_brand","embeddable":true,"href":"https:\/\/abilica.com\/no\/wp-json\/wp\/v2\/product_brand?post=66775"},{"taxonomy":"product_cat","embeddable":true,"href":"https:\/\/abilica.com\/no\/wp-json\/wp\/v2\/product_cat?post=66775"},{"taxonomy":"product_tag","embeddable":true,"href":"https:\/\/abilica.com\/no\/wp-json\/wp\/v2\/product_tag?post=66775"}],"curies":[{"name":"wp","href":"https:\/\/api.w.org\/{rel}","templated":true}]}}