{"id":67347,"date":"2024-08-09T12:22:44","date_gmt":"2024-08-09T11:22:44","guid":{"rendered":"https:\/\/abilica.com\/?post_type=product&#038;p=67347"},"modified":"2025-11-12T13:57:55","modified_gmt":"2025-11-12T12:57:55","slug":"abilica-straphandle-2","status":"publish","type":"product","link":"https:\/\/abilica.com\/no\/styrke\/multigym\/abilica-straphandle-2\/","title":{"rendered":"Abilica StrapHandle"},"content":{"rendered":"<div class=\"wpb-content-wrapper\"><p>[vc_row][vc_column][vc_column_text el_class=&raquo;product-video&raquo;]<strong>Perfekt for deg som \u00f8nsker et godt h\u00e5ndtak for ett- og to-h\u00e5nds \u00f8velser fra kabel.<\/strong><\/p>\n<p>Abilica StrapHandle er et ett-h\u00e5ndsh\u00e5ndtak, ogs\u00e5 kjent som D-handle i aluminium.<br \/>\nMed det gode grepet og slitesterk stropp i nylon og PU er h\u00e5ndtaket designet for b\u00e5de hjemme trening og kommersiell bruk. Med den unike overflaten du f\u00e5r fra et aluminiums h\u00e5ndtak f\u00e5r du et sv\u00e6rt godt grep som samtidig ikke er for grovt for hendene. H\u00e5ndtaket har en grepsdiameter p\u00e5 32 mm og har en grepsvidde p\u00e5 13.5 cm. Abilica StrapHandle er godt egnet til \u00f8velser som en-arms roing, en-arms nedtrekk eller ved \u00e5 bruke begge h\u00e5ndtakene kan det brukes til \u00f8velser som brystpress, omvendt flyes mm. H\u00e5ndtakene tar sv\u00e6rt liten plass og er enkle \u00e5 lagre n\u00e5r de ikke er i bruk. Karabinkrok er ikke inkludert. Selges i par.<\/p>\n<p><b>SPESIFIKASJONER<br \/>\n<\/b>M\u00e5l: 26.5 x 14 cm (L x B)<br \/>\nGrepsvidde: 13.5 cm<br \/>\nDiameter grep: 32 mm<br \/>\nSerratering seksjoner: 1 stk<br \/>\nSerratering: Hill<br \/>\nProduktvekt: 350 g<br \/>\nMateriale h\u00e5ndtak: Aluminium<br \/>\nMateriale stropp: PU og nylon[\/vc_column_text][vc_empty_space height=&raquo;52px&raquo;][\/vc_column][\/vc_row]<\/p>\n<\/div>","protected":false},"excerpt":{"rendered":"<p>[vc_row][vc_column][vc_column_text el_class=&raquo;product-video&raquo;]Perfekt for deg som \u00f8nsker et godt h\u00e5ndtak for ett- og to-h\u00e5nds \u00f8velser fra&#8230;<\/p>\n","protected":false},"featured_media":67337,"template":"","meta":{"_acf_changed":false},"product_brand":[],"product_cat":[434,422,429],"product_tag":[366],"class_list":{"0":"post-67347","1":"product","2":"type-product","3":"status-publish","4":"has-post-thumbnail","6":"product_cat-multigym","7":"product_cat-styrke","8":"product_cat-tilbehor","9":"product_tag-premium-no","11":"first","12":"instock","13":"product-type-simple"},"acf":[],"yoast_head":"<!-- This site is optimized with the Yoast SEO Premium plugin v21.1 (Yoast SEO v25.4) - https:\/\/yoast.com\/wordpress\/plugins\/seo\/ -->\n<title>Abilica StrapHandle Abilica<\/title>\n<meta name=\"robots\" content=\"index, follow, max-snippet:-1, max-image-preview:large, max-video-preview:-1\" \/>\n<link rel=\"canonical\" href=\"https:\/\/abilica.com\/no\/styrke\/multigym\/abilica-straphandle-2\/\" \/>\n<meta property=\"og:locale\" content=\"nb_NO\" \/>\n<meta property=\"og:type\" content=\"article\" \/>\n<meta property=\"og:title\" content=\"Abilica StrapHandle\" \/>\n<meta property=\"og:description\" content=\"[vc_row][vc_column][vc_column_text el_class=&raquo;product-video&raquo;]Perfekt for deg som \u00f8nsker et godt h\u00e5ndtak for ett- og to-h\u00e5nds \u00f8velser fra...\" \/>\n<meta property=\"og:url\" content=\"https:\/\/abilica.com\/no\/styrke\/multigym\/abilica-straphandle-2\/\" \/>\n<meta property=\"og:site_name\" content=\"Abilica\" \/>\n<meta property=\"article:publisher\" content=\"https:\/\/www.facebook.com\/abilicahometraining\/\" \/>\n<meta property=\"article:modified_time\" content=\"2025-11-12T12:57:55+00:00\" \/>\n<meta property=\"og:image\" content=\"https:\/\/abilica.com\/wp-content\/uploads\/2024\/08\/408129-Abilica-Strap-Handle_1.jpg\" \/>\n\t<meta property=\"og:image:width\" content=\"1200\" \/>\n\t<meta property=\"og:image:height\" content=\"1200\" \/>\n\t<meta property=\"og:image:type\" content=\"image\/jpeg\" \/>\n<meta name=\"twitter:card\" content=\"summary_large_image\" \/>\n<meta name=\"twitter:label1\" content=\"Ansl. lesetid\" \/>\n\t<meta name=\"twitter:data1\" content=\"1 minutt\" \/>\n<script type=\"application\/ld+json\" class=\"yoast-schema-graph\">{\"@context\":\"https:\/\/schema.org\",\"@graph\":[{\"@type\":\"WebPage\",\"@id\":\"https:\/\/abilica.com\/no\/styrke\/multigym\/abilica-straphandle-2\/\",\"url\":\"https:\/\/abilica.com\/no\/styrke\/multigym\/abilica-straphandle-2\/\",\"name\":\"Abilica StrapHandle Abilica\",\"isPartOf\":{\"@id\":\"https:\/\/abilica.com\/#website\"},\"primaryImageOfPage\":{\"@id\":\"https:\/\/abilica.com\/no\/styrke\/multigym\/abilica-straphandle-2\/#primaryimage\"},\"image\":{\"@id\":\"https:\/\/abilica.com\/no\/styrke\/multigym\/abilica-straphandle-2\/#primaryimage\"},\"thumbnailUrl\":\"https:\/\/abilica.com\/wp-content\/uploads\/2024\/08\/408129-Abilica-Strap-Handle_1.jpg\",\"datePublished\":\"2024-08-09T11:22:44+00:00\",\"dateModified\":\"2025-11-12T12:57:55+00:00\",\"breadcrumb\":{\"@id\":\"https:\/\/abilica.com\/no\/styrke\/multigym\/abilica-straphandle-2\/#breadcrumb\"},\"inLanguage\":\"nb-NO\",\"potentialAction\":[{\"@type\":\"ReadAction\",\"target\":[\"https:\/\/abilica.com\/no\/styrke\/multigym\/abilica-straphandle-2\/\"]}]},{\"@type\":\"ImageObject\",\"inLanguage\":\"nb-NO\",\"@id\":\"https:\/\/abilica.com\/no\/styrke\/multigym\/abilica-straphandle-2\/#primaryimage\",\"url\":\"https:\/\/abilica.com\/wp-content\/uploads\/2024\/08\/408129-Abilica-Strap-Handle_1.jpg\",\"contentUrl\":\"https:\/\/abilica.com\/wp-content\/uploads\/2024\/08\/408129-Abilica-Strap-Handle_1.jpg\",\"width\":1200,\"height\":1200},{\"@type\":\"BreadcrumbList\",\"@id\":\"https:\/\/abilica.com\/no\/styrke\/multigym\/abilica-straphandle-2\/#breadcrumb\",\"itemListElement\":[{\"@type\":\"ListItem\",\"position\":1,\"name\":\"Hem\",\"item\":\"https:\/\/abilica.com\/no\/\"},{\"@type\":\"ListItem\",\"position\":2,\"name\":\"Produkter\",\"item\":\"https:\/\/abilica.com\/no\/shop-2\/\"},{\"@type\":\"ListItem\",\"position\":3,\"name\":\"Abilica StrapHandle\"}]},{\"@type\":\"WebSite\",\"@id\":\"https:\/\/abilica.com\/#website\",\"url\":\"https:\/\/abilica.com\/\",\"name\":\"Abilica\",\"description\":\"Abilica Home Training\",\"potentialAction\":[{\"@type\":\"SearchAction\",\"target\":{\"@type\":\"EntryPoint\",\"urlTemplate\":\"https:\/\/abilica.com\/?s={search_term_string}\"},\"query-input\":{\"@type\":\"PropertyValueSpecification\",\"valueRequired\":true,\"valueName\":\"search_term_string\"}}],\"inLanguage\":\"nb-NO\"}]}<\/script>\n<!-- \/ Yoast SEO Premium plugin. -->","yoast_head_json":{"title":"Abilica StrapHandle Abilica","robots":{"index":"index","follow":"follow","max-snippet":"max-snippet:-1","max-image-preview":"max-image-preview:large","max-video-preview":"max-video-preview:-1"},"canonical":"https:\/\/abilica.com\/no\/styrke\/multigym\/abilica-straphandle-2\/","og_locale":"nb_NO","og_type":"article","og_title":"Abilica StrapHandle","og_description":"[vc_row][vc_column][vc_column_text el_class=&raquo;product-video&raquo;]Perfekt for deg som \u00f8nsker et godt h\u00e5ndtak for ett- og to-h\u00e5nds \u00f8velser fra...","og_url":"https:\/\/abilica.com\/no\/styrke\/multigym\/abilica-straphandle-2\/","og_site_name":"Abilica","article_publisher":"https:\/\/www.facebook.com\/abilicahometraining\/","article_modified_time":"2025-11-12T12:57:55+00:00","og_image":[{"width":1200,"height":1200,"url":"https:\/\/abilica.com\/wp-content\/uploads\/2024\/08\/408129-Abilica-Strap-Handle_1.jpg","type":"image\/jpeg"}],"twitter_card":"summary_large_image","twitter_misc":{"Ansl. lesetid":"1 minutt"},"schema":{"@context":"https:\/\/schema.org","@graph":[{"@type":"WebPage","@id":"https:\/\/abilica.com\/no\/styrke\/multigym\/abilica-straphandle-2\/","url":"https:\/\/abilica.com\/no\/styrke\/multigym\/abilica-straphandle-2\/","name":"Abilica StrapHandle Abilica","isPartOf":{"@id":"https:\/\/abilica.com\/#website"},"primaryImageOfPage":{"@id":"https:\/\/abilica.com\/no\/styrke\/multigym\/abilica-straphandle-2\/#primaryimage"},"image":{"@id":"https:\/\/abilica.com\/no\/styrke\/multigym\/abilica-straphandle-2\/#primaryimage"},"thumbnailUrl":"https:\/\/abilica.com\/wp-content\/uploads\/2024\/08\/408129-Abilica-Strap-Handle_1.jpg","datePublished":"2024-08-09T11:22:44+00:00","dateModified":"2025-11-12T12:57:55+00:00","breadcrumb":{"@id":"https:\/\/abilica.com\/no\/styrke\/multigym\/abilica-straphandle-2\/#breadcrumb"},"inLanguage":"nb-NO","potentialAction":[{"@type":"ReadAction","target":["https:\/\/abilica.com\/no\/styrke\/multigym\/abilica-straphandle-2\/"]}]},{"@type":"ImageObject","inLanguage":"nb-NO","@id":"https:\/\/abilica.com\/no\/styrke\/multigym\/abilica-straphandle-2\/#primaryimage","url":"https:\/\/abilica.com\/wp-content\/uploads\/2024\/08\/408129-Abilica-Strap-Handle_1.jpg","contentUrl":"https:\/\/abilica.com\/wp-content\/uploads\/2024\/08\/408129-Abilica-Strap-Handle_1.jpg","width":1200,"height":1200},{"@type":"BreadcrumbList","@id":"https:\/\/abilica.com\/no\/styrke\/multigym\/abilica-straphandle-2\/#breadcrumb","itemListElement":[{"@type":"ListItem","position":1,"name":"Hem","item":"https:\/\/abilica.com\/no\/"},{"@type":"ListItem","position":2,"name":"Produkter","item":"https:\/\/abilica.com\/no\/shop-2\/"},{"@type":"ListItem","position":3,"name":"Abilica StrapHandle"}]},{"@type":"WebSite","@id":"https:\/\/abilica.com\/#website","url":"https:\/\/abilica.com\/","name":"Abilica","description":"Abilica Home Training","potentialAction":[{"@type":"SearchAction","target":{"@type":"EntryPoint","urlTemplate":"https:\/\/abilica.com\/?s={search_term_string}"},"query-input":{"@type":"PropertyValueSpecification","valueRequired":true,"valueName":"search_term_string"}}],"inLanguage":"nb-NO"}]}},"_links":{"self":[{"href":"https:\/\/abilica.com\/no\/wp-json\/wp\/v2\/product\/67347","targetHints":{"allow":["GET"]}}],"collection":[{"href":"https:\/\/abilica.com\/no\/wp-json\/wp\/v2\/product"}],"about":[{"href":"https:\/\/abilica.com\/no\/wp-json\/wp\/v2\/types\/product"}],"wp:featuredmedia":[{"embeddable":true,"href":"https:\/\/abilica.com\/no\/wp-json\/wp\/v2\/media\/67337"}],"wp:attachment":[{"href":"https:\/\/abilica.com\/no\/wp-json\/wp\/v2\/media?parent=67347"}],"wp:term":[{"taxonomy":"product_brand","embeddable":true,"href":"https:\/\/abilica.com\/no\/wp-json\/wp\/v2\/product_brand?post=67347"},{"taxonomy":"product_cat","embeddable":true,"href":"https:\/\/abilica.com\/no\/wp-json\/wp\/v2\/product_cat?post=67347"},{"taxonomy":"product_tag","embeddable":true,"href":"https:\/\/abilica.com\/no\/wp-json\/wp\/v2\/product_tag?post=67347"}],"curies":[{"name":"wp","href":"https:\/\/api.w.org\/{rel}","templated":true}]}}