{"id":67409,"date":"2024-09-02T11:14:21","date_gmt":"2024-09-02T10:14:21","guid":{"rendered":"https:\/\/abilica.com\/?post_type=product&#038;p=67409"},"modified":"2025-10-20T08:42:42","modified_gmt":"2025-10-20T07:42:42","slug":"abilica-storagemodule-leg-100-cm","status":"publish","type":"product","link":"https:\/\/abilica.com\/no\/styrke\/oppbevaring\/abilica-storagemodule-leg-100-cm\/","title":{"rendered":"Abilica StorageModule Leg 100 cm"},"content":{"rendered":"<div class=\"wpb-content-wrapper\"><p>[vc_row][vc_column][vc_column_text]Ben i 100 cm h\u00f8yde til Abilica StorageModule lagringssystem.<\/p>\n<p>100 cm ben til Abilica StorageModule lagringssystem. Ben og hyller kan kj\u00f8pes separat for \u00e5 bygge ditt personlige lagringssystem som dekker ditt behov. Abilica StorageModule Leg 100 cm selges i stykk, slik du selv kan velge om du \u00f8nsker \u00e5 kj\u00f8pe 2 stk 100 cm h\u00f8yde, eller eksempelvis 2 stk 150 cm og 1 stk 100 cm ben for \u00e5 kunne ha en seksjon p\u00e5 100 cm og en h\u00f8yere seksjon p\u00e5 150 cm i lagringssystemet, fordelt p\u00e5 3 ben.<\/p>\n<p>Bena er utstyrt med gummibeskyttelse for \u00e5 ta vare p\u00e5 gulvet i tillegg til ekspansjonsskruer for \u00e5 feste i gulv om behov. Abilica StorageModule lagringssystem passer like bra i et treningsrom hjemme som hos en bedrift.<span class=\"Apple-converted-space\">\u00a0<\/span><\/p>\n<p>Mange av bildene viser et utvalg ulike kombinasjoner. Se produkt navn\/art.nr. for pris p\u00e5 hver enkelt del.<\/p>\n<p><b>Spesifikasjoner<br \/>\n<\/b>M\u00e5l oppmontert: 51 x 6 x 101 cm (L x B x H)<br \/>\nRammest\u00f8rrelse: 60 x 60 mm<span class=\"Apple-converted-space\">\u00a0 <\/span><br \/>\nSt\u00e5ltykkelse: 2 mm<br \/>\nHull avstand: 5 cm<br \/>\nMaks belastning: 500 kg<br \/>\nProduktvekt: 9 kg[\/vc_column_text][vc_empty_space height=&raquo;52px&raquo;][vc_btn title=&raquo;Brukerveiledning&raquo; style=&raquo;flat&raquo; color=&raquo;black&raquo; align=&raquo;center&raquo; i_icon_fontawesome=&raquo;far fa-file-pdf&raquo; add_icon=&raquo;true&raquo; link=&raquo;url:https%3A%2F%2Fabilica.com%2Fwp-content%2Fuploads%2F2024%2F09%2FAB_StorageModule-240311.pdf&raquo;][\/vc_column][\/vc_row]<\/p>\n<\/div>","protected":false},"excerpt":{"rendered":"<p>[vc_row][vc_column][vc_column_text]Ben i 100 cm h\u00f8yde til Abilica StorageModule lagringssystem. 100 cm ben til Abilica StorageModule&#8230;<\/p>\n","protected":false},"featured_media":67885,"template":"","meta":{"_acf_changed":false},"product_brand":[],"product_cat":[572,422],"product_tag":[366],"class_list":{"0":"post-67409","1":"product","2":"type-product","3":"status-publish","4":"has-post-thumbnail","6":"product_cat-oppbevaring","7":"product_cat-styrke","8":"product_tag-premium-no","10":"first","11":"instock","12":"product-type-simple"},"acf":[],"yoast_head":"<!-- This site is optimized with the Yoast SEO Premium plugin v21.1 (Yoast SEO v25.4) - https:\/\/yoast.com\/wordpress\/plugins\/seo\/ -->\n<title>Abilica StorageModule Leg 100 cm Abilica<\/title>\n<meta name=\"robots\" content=\"index, follow, max-snippet:-1, max-image-preview:large, max-video-preview:-1\" \/>\n<link rel=\"canonical\" href=\"https:\/\/abilica.com\/no\/styrke\/oppbevaring\/abilica-storagemodule-leg-100-cm\/\" \/>\n<meta property=\"og:locale\" content=\"nb_NO\" \/>\n<meta property=\"og:type\" content=\"article\" \/>\n<meta property=\"og:title\" content=\"Abilica StorageModule Leg 100 cm\" \/>\n<meta property=\"og:description\" content=\"[vc_row][vc_column][vc_column_text]Ben i 100 cm h\u00f8yde til Abilica StorageModule lagringssystem. 100 cm ben til Abilica StorageModule...\" \/>\n<meta property=\"og:url\" content=\"https:\/\/abilica.com\/no\/styrke\/oppbevaring\/abilica-storagemodule-leg-100-cm\/\" \/>\n<meta property=\"og:site_name\" content=\"Abilica\" \/>\n<meta property=\"article:publisher\" content=\"https:\/\/www.facebook.com\/abilicahometraining\/\" \/>\n<meta property=\"article:modified_time\" content=\"2025-10-20T07:42:42+00:00\" \/>\n<meta property=\"og:image\" content=\"https:\/\/abilica.com\/wp-content\/uploads\/2024\/09\/408112.leg100.jpg\" \/>\n\t<meta property=\"og:image:width\" content=\"1200\" \/>\n\t<meta property=\"og:image:height\" content=\"1200\" \/>\n\t<meta property=\"og:image:type\" content=\"image\/jpeg\" \/>\n<meta name=\"twitter:card\" content=\"summary_large_image\" \/>\n<meta name=\"twitter:label1\" content=\"Ansl. lesetid\" \/>\n\t<meta name=\"twitter:data1\" content=\"1 minutt\" \/>\n<script type=\"application\/ld+json\" class=\"yoast-schema-graph\">{\"@context\":\"https:\/\/schema.org\",\"@graph\":[{\"@type\":\"WebPage\",\"@id\":\"https:\/\/abilica.com\/no\/styrke\/oppbevaring\/abilica-storagemodule-leg-100-cm\/\",\"url\":\"https:\/\/abilica.com\/no\/styrke\/oppbevaring\/abilica-storagemodule-leg-100-cm\/\",\"name\":\"Abilica StorageModule Leg 100 cm Abilica\",\"isPartOf\":{\"@id\":\"https:\/\/abilica.com\/#website\"},\"primaryImageOfPage\":{\"@id\":\"https:\/\/abilica.com\/no\/styrke\/oppbevaring\/abilica-storagemodule-leg-100-cm\/#primaryimage\"},\"image\":{\"@id\":\"https:\/\/abilica.com\/no\/styrke\/oppbevaring\/abilica-storagemodule-leg-100-cm\/#primaryimage\"},\"thumbnailUrl\":\"https:\/\/abilica.com\/wp-content\/uploads\/2024\/09\/408112.leg100.jpg\",\"datePublished\":\"2024-09-02T10:14:21+00:00\",\"dateModified\":\"2025-10-20T07:42:42+00:00\",\"breadcrumb\":{\"@id\":\"https:\/\/abilica.com\/no\/styrke\/oppbevaring\/abilica-storagemodule-leg-100-cm\/#breadcrumb\"},\"inLanguage\":\"nb-NO\",\"potentialAction\":[{\"@type\":\"ReadAction\",\"target\":[\"https:\/\/abilica.com\/no\/styrke\/oppbevaring\/abilica-storagemodule-leg-100-cm\/\"]}]},{\"@type\":\"ImageObject\",\"inLanguage\":\"nb-NO\",\"@id\":\"https:\/\/abilica.com\/no\/styrke\/oppbevaring\/abilica-storagemodule-leg-100-cm\/#primaryimage\",\"url\":\"https:\/\/abilica.com\/wp-content\/uploads\/2024\/09\/408112.leg100.jpg\",\"contentUrl\":\"https:\/\/abilica.com\/wp-content\/uploads\/2024\/09\/408112.leg100.jpg\",\"width\":1200,\"height\":1200},{\"@type\":\"BreadcrumbList\",\"@id\":\"https:\/\/abilica.com\/no\/styrke\/oppbevaring\/abilica-storagemodule-leg-100-cm\/#breadcrumb\",\"itemListElement\":[{\"@type\":\"ListItem\",\"position\":1,\"name\":\"Hem\",\"item\":\"https:\/\/abilica.com\/no\/\"},{\"@type\":\"ListItem\",\"position\":2,\"name\":\"Produkter\",\"item\":\"https:\/\/abilica.com\/no\/shop-2\/\"},{\"@type\":\"ListItem\",\"position\":3,\"name\":\"Abilica StorageModule Leg 100 cm\"}]},{\"@type\":\"WebSite\",\"@id\":\"https:\/\/abilica.com\/#website\",\"url\":\"https:\/\/abilica.com\/\",\"name\":\"Abilica\",\"description\":\"Abilica Home Training\",\"potentialAction\":[{\"@type\":\"SearchAction\",\"target\":{\"@type\":\"EntryPoint\",\"urlTemplate\":\"https:\/\/abilica.com\/?s={search_term_string}\"},\"query-input\":{\"@type\":\"PropertyValueSpecification\",\"valueRequired\":true,\"valueName\":\"search_term_string\"}}],\"inLanguage\":\"nb-NO\"}]}<\/script>\n<!-- \/ Yoast SEO Premium plugin. -->","yoast_head_json":{"title":"Abilica StorageModule Leg 100 cm Abilica","robots":{"index":"index","follow":"follow","max-snippet":"max-snippet:-1","max-image-preview":"max-image-preview:large","max-video-preview":"max-video-preview:-1"},"canonical":"https:\/\/abilica.com\/no\/styrke\/oppbevaring\/abilica-storagemodule-leg-100-cm\/","og_locale":"nb_NO","og_type":"article","og_title":"Abilica StorageModule Leg 100 cm","og_description":"[vc_row][vc_column][vc_column_text]Ben i 100 cm h\u00f8yde til Abilica StorageModule lagringssystem. 100 cm ben til Abilica StorageModule...","og_url":"https:\/\/abilica.com\/no\/styrke\/oppbevaring\/abilica-storagemodule-leg-100-cm\/","og_site_name":"Abilica","article_publisher":"https:\/\/www.facebook.com\/abilicahometraining\/","article_modified_time":"2025-10-20T07:42:42+00:00","og_image":[{"width":1200,"height":1200,"url":"https:\/\/abilica.com\/wp-content\/uploads\/2024\/09\/408112.leg100.jpg","type":"image\/jpeg"}],"twitter_card":"summary_large_image","twitter_misc":{"Ansl. lesetid":"1 minutt"},"schema":{"@context":"https:\/\/schema.org","@graph":[{"@type":"WebPage","@id":"https:\/\/abilica.com\/no\/styrke\/oppbevaring\/abilica-storagemodule-leg-100-cm\/","url":"https:\/\/abilica.com\/no\/styrke\/oppbevaring\/abilica-storagemodule-leg-100-cm\/","name":"Abilica StorageModule Leg 100 cm Abilica","isPartOf":{"@id":"https:\/\/abilica.com\/#website"},"primaryImageOfPage":{"@id":"https:\/\/abilica.com\/no\/styrke\/oppbevaring\/abilica-storagemodule-leg-100-cm\/#primaryimage"},"image":{"@id":"https:\/\/abilica.com\/no\/styrke\/oppbevaring\/abilica-storagemodule-leg-100-cm\/#primaryimage"},"thumbnailUrl":"https:\/\/abilica.com\/wp-content\/uploads\/2024\/09\/408112.leg100.jpg","datePublished":"2024-09-02T10:14:21+00:00","dateModified":"2025-10-20T07:42:42+00:00","breadcrumb":{"@id":"https:\/\/abilica.com\/no\/styrke\/oppbevaring\/abilica-storagemodule-leg-100-cm\/#breadcrumb"},"inLanguage":"nb-NO","potentialAction":[{"@type":"ReadAction","target":["https:\/\/abilica.com\/no\/styrke\/oppbevaring\/abilica-storagemodule-leg-100-cm\/"]}]},{"@type":"ImageObject","inLanguage":"nb-NO","@id":"https:\/\/abilica.com\/no\/styrke\/oppbevaring\/abilica-storagemodule-leg-100-cm\/#primaryimage","url":"https:\/\/abilica.com\/wp-content\/uploads\/2024\/09\/408112.leg100.jpg","contentUrl":"https:\/\/abilica.com\/wp-content\/uploads\/2024\/09\/408112.leg100.jpg","width":1200,"height":1200},{"@type":"BreadcrumbList","@id":"https:\/\/abilica.com\/no\/styrke\/oppbevaring\/abilica-storagemodule-leg-100-cm\/#breadcrumb","itemListElement":[{"@type":"ListItem","position":1,"name":"Hem","item":"https:\/\/abilica.com\/no\/"},{"@type":"ListItem","position":2,"name":"Produkter","item":"https:\/\/abilica.com\/no\/shop-2\/"},{"@type":"ListItem","position":3,"name":"Abilica StorageModule Leg 100 cm"}]},{"@type":"WebSite","@id":"https:\/\/abilica.com\/#website","url":"https:\/\/abilica.com\/","name":"Abilica","description":"Abilica Home Training","potentialAction":[{"@type":"SearchAction","target":{"@type":"EntryPoint","urlTemplate":"https:\/\/abilica.com\/?s={search_term_string}"},"query-input":{"@type":"PropertyValueSpecification","valueRequired":true,"valueName":"search_term_string"}}],"inLanguage":"nb-NO"}]}},"_links":{"self":[{"href":"https:\/\/abilica.com\/no\/wp-json\/wp\/v2\/product\/67409","targetHints":{"allow":["GET"]}}],"collection":[{"href":"https:\/\/abilica.com\/no\/wp-json\/wp\/v2\/product"}],"about":[{"href":"https:\/\/abilica.com\/no\/wp-json\/wp\/v2\/types\/product"}],"wp:featuredmedia":[{"embeddable":true,"href":"https:\/\/abilica.com\/no\/wp-json\/wp\/v2\/media\/67885"}],"wp:attachment":[{"href":"https:\/\/abilica.com\/no\/wp-json\/wp\/v2\/media?parent=67409"}],"wp:term":[{"taxonomy":"product_brand","embeddable":true,"href":"https:\/\/abilica.com\/no\/wp-json\/wp\/v2\/product_brand?post=67409"},{"taxonomy":"product_cat","embeddable":true,"href":"https:\/\/abilica.com\/no\/wp-json\/wp\/v2\/product_cat?post=67409"},{"taxonomy":"product_tag","embeddable":true,"href":"https:\/\/abilica.com\/no\/wp-json\/wp\/v2\/product_tag?post=67409"}],"curies":[{"name":"wp","href":"https:\/\/api.w.org\/{rel}","templated":true}]}}