{"id":67463,"date":"2024-09-02T11:28:40","date_gmt":"2024-09-02T10:28:40","guid":{"rendered":"https:\/\/abilica.com\/?post_type=product&#038;p=67463"},"modified":"2025-07-29T09:26:00","modified_gmt":"2025-07-29T08:26:00","slug":"abilica-storagemodule-wallball-shelf","status":"publish","type":"product","link":"https:\/\/abilica.com\/no\/styrke\/oppbevaring\/abilica-storagemodule-wallball-shelf\/","title":{"rendered":"Abilica StorageModule WallBall Shelf"},"content":{"rendered":"<div class=\"wpb-content-wrapper\"><p>[vc_row][vc_column][vc_column_text]Modul som er spesielt godt egnet til lagring av ulike treningsballer.<\/p>\n<p>121 cm lang \u00abhylle\u00bb med \u00e5pning i midten perfekt for lagring av ulike baller (wall balls, slam balls, medisin baller og fitnessballer). Avstanden mellom stengene i modulen er 20 cm som gj\u00f8r at den passer til lagring av b\u00e5de store og sm\u00e5 baller. Modulen passer ogs\u00e5 utmerket til \u00e5 henge opp vektvesten eller strikkene dine n\u00e5r de ikke er i bruk.<\/p>\n<p>Hyller og ben kan kj\u00f8pes separat for \u00e5 bygge ditt personlige lagringssystem som dekker ditt behov.<b> <\/b>Denne modulen kan gjerne kombineres med StorageModule DumbBell Shelf, -KettleBell Shelf eller &#8211; WeightPlate Shelf for et komplett lagringsstativ i ditt treningsrom hjemme og bedrift.<span class=\"Apple-converted-space\">\u00a0 <\/span><\/p>\n<p>Mange av bildene viser et utvalg ulike kombinasjoner. Se produkt navn\/art.nr. for pris p\u00e5 hver enkelt del.<\/p>\n<p>Skruer for feste til StorageModule Legg 100\/150 cm medf\u00f8lger. Selges i stk.<\/p>\n<p><b>Spesifikasjoner<\/b><br \/>\nM\u00e5l: 121 x 28 x 6 cm (L x B x H)<br \/>\nSt\u00e5ltykkelse: 1.5 mm tube<br \/>\nMaks vaktbelastning: 100 kg<b><br \/>\n<\/b>Produktvekt: 6 kg[\/vc_column_text][vc_empty_space height=&raquo;52px&raquo;][vc_btn title=&raquo;Brukerveiledning&raquo; style=&raquo;flat&raquo; color=&raquo;black&raquo; align=&raquo;center&raquo; i_icon_fontawesome=&raquo;far fa-file-pdf&raquo; add_icon=&raquo;true&raquo; link=&raquo;url:https%3A%2F%2Fabilica.com%2Fwp-content%2Fuploads%2F2024%2F09%2FAB_StorageModule-240311.pdf&raquo;][\/vc_column][\/vc_row]<\/p>\n<\/div>","protected":false},"excerpt":{"rendered":"<p>[vc_row][vc_column][vc_column_text]Modul som er spesielt godt egnet til lagring av ulike treningsballer. 121 cm lang \u00abhylle\u00bb&#8230;<\/p>\n","protected":false},"featured_media":67891,"template":"","meta":{"_acf_changed":false},"product_brand":[],"product_cat":[572,422],"product_tag":[366],"class_list":{"0":"post-67463","1":"product","2":"type-product","3":"status-publish","4":"has-post-thumbnail","6":"product_cat-oppbevaring","7":"product_cat-styrke","8":"product_tag-premium-no","10":"first","11":"instock","12":"product-type-simple"},"acf":[],"yoast_head":"<!-- This site is optimized with the Yoast SEO Premium plugin v21.1 (Yoast SEO v25.4) - https:\/\/yoast.com\/wordpress\/plugins\/seo\/ -->\n<title>Abilica StorageModule WallBall Shelf Abilica<\/title>\n<meta name=\"robots\" content=\"index, follow, max-snippet:-1, max-image-preview:large, max-video-preview:-1\" \/>\n<link rel=\"canonical\" href=\"https:\/\/abilica.com\/no\/styrke\/oppbevaring\/abilica-storagemodule-wallball-shelf\/\" \/>\n<meta property=\"og:locale\" content=\"nb_NO\" \/>\n<meta property=\"og:type\" content=\"article\" \/>\n<meta property=\"og:title\" content=\"Abilica StorageModule WallBall Shelf\" \/>\n<meta property=\"og:description\" content=\"[vc_row][vc_column][vc_column_text]Modul som er spesielt godt egnet til lagring av ulike treningsballer. 121 cm lang \u00abhylle\u00bb...\" \/>\n<meta property=\"og:url\" content=\"https:\/\/abilica.com\/no\/styrke\/oppbevaring\/abilica-storagemodule-wallball-shelf\/\" \/>\n<meta property=\"og:site_name\" content=\"Abilica\" \/>\n<meta property=\"article:publisher\" content=\"https:\/\/www.facebook.com\/abilicahometraining\/\" \/>\n<meta property=\"article:modified_time\" content=\"2025-07-29T08:26:00+00:00\" \/>\n<meta property=\"og:image\" content=\"https:\/\/abilica.com\/wp-content\/uploads\/2024\/09\/408114.wallBallShelf.jpg\" \/>\n\t<meta property=\"og:image:width\" content=\"1200\" \/>\n\t<meta property=\"og:image:height\" content=\"1200\" \/>\n\t<meta property=\"og:image:type\" content=\"image\/jpeg\" \/>\n<meta name=\"twitter:card\" content=\"summary_large_image\" \/>\n<meta name=\"twitter:label1\" content=\"Ansl. lesetid\" \/>\n\t<meta name=\"twitter:data1\" content=\"1 minutt\" \/>\n<script type=\"application\/ld+json\" class=\"yoast-schema-graph\">{\"@context\":\"https:\/\/schema.org\",\"@graph\":[{\"@type\":\"WebPage\",\"@id\":\"https:\/\/abilica.com\/no\/styrke\/oppbevaring\/abilica-storagemodule-wallball-shelf\/\",\"url\":\"https:\/\/abilica.com\/no\/styrke\/oppbevaring\/abilica-storagemodule-wallball-shelf\/\",\"name\":\"Abilica StorageModule WallBall Shelf Abilica\",\"isPartOf\":{\"@id\":\"https:\/\/abilica.com\/#website\"},\"primaryImageOfPage\":{\"@id\":\"https:\/\/abilica.com\/no\/styrke\/oppbevaring\/abilica-storagemodule-wallball-shelf\/#primaryimage\"},\"image\":{\"@id\":\"https:\/\/abilica.com\/no\/styrke\/oppbevaring\/abilica-storagemodule-wallball-shelf\/#primaryimage\"},\"thumbnailUrl\":\"https:\/\/abilica.com\/wp-content\/uploads\/2024\/09\/408114.wallBallShelf.jpg\",\"datePublished\":\"2024-09-02T10:28:40+00:00\",\"dateModified\":\"2025-07-29T08:26:00+00:00\",\"breadcrumb\":{\"@id\":\"https:\/\/abilica.com\/no\/styrke\/oppbevaring\/abilica-storagemodule-wallball-shelf\/#breadcrumb\"},\"inLanguage\":\"nb-NO\",\"potentialAction\":[{\"@type\":\"ReadAction\",\"target\":[\"https:\/\/abilica.com\/no\/styrke\/oppbevaring\/abilica-storagemodule-wallball-shelf\/\"]}]},{\"@type\":\"ImageObject\",\"inLanguage\":\"nb-NO\",\"@id\":\"https:\/\/abilica.com\/no\/styrke\/oppbevaring\/abilica-storagemodule-wallball-shelf\/#primaryimage\",\"url\":\"https:\/\/abilica.com\/wp-content\/uploads\/2024\/09\/408114.wallBallShelf.jpg\",\"contentUrl\":\"https:\/\/abilica.com\/wp-content\/uploads\/2024\/09\/408114.wallBallShelf.jpg\",\"width\":1200,\"height\":1200},{\"@type\":\"BreadcrumbList\",\"@id\":\"https:\/\/abilica.com\/no\/styrke\/oppbevaring\/abilica-storagemodule-wallball-shelf\/#breadcrumb\",\"itemListElement\":[{\"@type\":\"ListItem\",\"position\":1,\"name\":\"Hem\",\"item\":\"https:\/\/abilica.com\/no\/\"},{\"@type\":\"ListItem\",\"position\":2,\"name\":\"Produkter\",\"item\":\"https:\/\/abilica.com\/no\/shop-2\/\"},{\"@type\":\"ListItem\",\"position\":3,\"name\":\"Abilica StorageModule WallBall Shelf\"}]},{\"@type\":\"WebSite\",\"@id\":\"https:\/\/abilica.com\/#website\",\"url\":\"https:\/\/abilica.com\/\",\"name\":\"Abilica\",\"description\":\"Abilica Home Training\",\"potentialAction\":[{\"@type\":\"SearchAction\",\"target\":{\"@type\":\"EntryPoint\",\"urlTemplate\":\"https:\/\/abilica.com\/?s={search_term_string}\"},\"query-input\":{\"@type\":\"PropertyValueSpecification\",\"valueRequired\":true,\"valueName\":\"search_term_string\"}}],\"inLanguage\":\"nb-NO\"}]}<\/script>\n<!-- \/ Yoast SEO Premium plugin. -->","yoast_head_json":{"title":"Abilica StorageModule WallBall Shelf Abilica","robots":{"index":"index","follow":"follow","max-snippet":"max-snippet:-1","max-image-preview":"max-image-preview:large","max-video-preview":"max-video-preview:-1"},"canonical":"https:\/\/abilica.com\/no\/styrke\/oppbevaring\/abilica-storagemodule-wallball-shelf\/","og_locale":"nb_NO","og_type":"article","og_title":"Abilica StorageModule WallBall Shelf","og_description":"[vc_row][vc_column][vc_column_text]Modul som er spesielt godt egnet til lagring av ulike treningsballer. 121 cm lang \u00abhylle\u00bb...","og_url":"https:\/\/abilica.com\/no\/styrke\/oppbevaring\/abilica-storagemodule-wallball-shelf\/","og_site_name":"Abilica","article_publisher":"https:\/\/www.facebook.com\/abilicahometraining\/","article_modified_time":"2025-07-29T08:26:00+00:00","og_image":[{"width":1200,"height":1200,"url":"https:\/\/abilica.com\/wp-content\/uploads\/2024\/09\/408114.wallBallShelf.jpg","type":"image\/jpeg"}],"twitter_card":"summary_large_image","twitter_misc":{"Ansl. lesetid":"1 minutt"},"schema":{"@context":"https:\/\/schema.org","@graph":[{"@type":"WebPage","@id":"https:\/\/abilica.com\/no\/styrke\/oppbevaring\/abilica-storagemodule-wallball-shelf\/","url":"https:\/\/abilica.com\/no\/styrke\/oppbevaring\/abilica-storagemodule-wallball-shelf\/","name":"Abilica StorageModule WallBall Shelf Abilica","isPartOf":{"@id":"https:\/\/abilica.com\/#website"},"primaryImageOfPage":{"@id":"https:\/\/abilica.com\/no\/styrke\/oppbevaring\/abilica-storagemodule-wallball-shelf\/#primaryimage"},"image":{"@id":"https:\/\/abilica.com\/no\/styrke\/oppbevaring\/abilica-storagemodule-wallball-shelf\/#primaryimage"},"thumbnailUrl":"https:\/\/abilica.com\/wp-content\/uploads\/2024\/09\/408114.wallBallShelf.jpg","datePublished":"2024-09-02T10:28:40+00:00","dateModified":"2025-07-29T08:26:00+00:00","breadcrumb":{"@id":"https:\/\/abilica.com\/no\/styrke\/oppbevaring\/abilica-storagemodule-wallball-shelf\/#breadcrumb"},"inLanguage":"nb-NO","potentialAction":[{"@type":"ReadAction","target":["https:\/\/abilica.com\/no\/styrke\/oppbevaring\/abilica-storagemodule-wallball-shelf\/"]}]},{"@type":"ImageObject","inLanguage":"nb-NO","@id":"https:\/\/abilica.com\/no\/styrke\/oppbevaring\/abilica-storagemodule-wallball-shelf\/#primaryimage","url":"https:\/\/abilica.com\/wp-content\/uploads\/2024\/09\/408114.wallBallShelf.jpg","contentUrl":"https:\/\/abilica.com\/wp-content\/uploads\/2024\/09\/408114.wallBallShelf.jpg","width":1200,"height":1200},{"@type":"BreadcrumbList","@id":"https:\/\/abilica.com\/no\/styrke\/oppbevaring\/abilica-storagemodule-wallball-shelf\/#breadcrumb","itemListElement":[{"@type":"ListItem","position":1,"name":"Hem","item":"https:\/\/abilica.com\/no\/"},{"@type":"ListItem","position":2,"name":"Produkter","item":"https:\/\/abilica.com\/no\/shop-2\/"},{"@type":"ListItem","position":3,"name":"Abilica StorageModule WallBall Shelf"}]},{"@type":"WebSite","@id":"https:\/\/abilica.com\/#website","url":"https:\/\/abilica.com\/","name":"Abilica","description":"Abilica Home Training","potentialAction":[{"@type":"SearchAction","target":{"@type":"EntryPoint","urlTemplate":"https:\/\/abilica.com\/?s={search_term_string}"},"query-input":{"@type":"PropertyValueSpecification","valueRequired":true,"valueName":"search_term_string"}}],"inLanguage":"nb-NO"}]}},"_links":{"self":[{"href":"https:\/\/abilica.com\/no\/wp-json\/wp\/v2\/product\/67463","targetHints":{"allow":["GET"]}}],"collection":[{"href":"https:\/\/abilica.com\/no\/wp-json\/wp\/v2\/product"}],"about":[{"href":"https:\/\/abilica.com\/no\/wp-json\/wp\/v2\/types\/product"}],"wp:featuredmedia":[{"embeddable":true,"href":"https:\/\/abilica.com\/no\/wp-json\/wp\/v2\/media\/67891"}],"wp:attachment":[{"href":"https:\/\/abilica.com\/no\/wp-json\/wp\/v2\/media?parent=67463"}],"wp:term":[{"taxonomy":"product_brand","embeddable":true,"href":"https:\/\/abilica.com\/no\/wp-json\/wp\/v2\/product_brand?post=67463"},{"taxonomy":"product_cat","embeddable":true,"href":"https:\/\/abilica.com\/no\/wp-json\/wp\/v2\/product_cat?post=67463"},{"taxonomy":"product_tag","embeddable":true,"href":"https:\/\/abilica.com\/no\/wp-json\/wp\/v2\/product_tag?post=67463"}],"curies":[{"name":"wp","href":"https:\/\/api.w.org\/{rel}","templated":true}]}}