{"id":67575,"date":"2024-09-02T11:47:21","date_gmt":"2024-09-02T10:47:21","guid":{"rendered":"https:\/\/abilica.com\/?post_type=product&#038;p=67575"},"modified":"2024-09-02T11:57:36","modified_gmt":"2024-09-02T10:57:36","slug":"abilica-kettlebell-rack-tier-2","status":"publish","type":"product","link":"https:\/\/abilica.com\/no\/styrke\/oppbevaring\/abilica-kettlebell-rack-tier-2\/","title":{"rendered":"Abilica KettleBell Rack Tier-2"},"content":{"rendered":"<div class=\"wpb-content-wrapper\"><p>[vc_row][vc_column][vc_column_text]Abilica KettlebellRack Tier-2 er et solid Kettlebell rack med 2 stk hyller p\u00e5 121 cm lengde hver med et samlet lagringsareal p\u00e5 242 cm. Med en lagringskapasitet 350 kg pr. hylle, totalt 700 kg, kan det uten problem lagre kettlebells med hvilke som helst vekt. Bena har en h\u00f8yde p\u00e5 100 cm og er utstyrt med gummibeskyttelse for \u00e5 ta vare p\u00e5 gulvet i tillegg til ekspansjonsskruer for \u00e5 feste i gulv om behov.<\/p>\n<p>Dette racket er en del av Abilica lagringsmodul system, som gj\u00f8r at du p\u00e5 et senere tidspunkt kan kj\u00f8pe flere ben og flere hyller for \u00e5 utvide lagringsmulighetene. Produktene passer like bra i et treningsrom hjemme som hos en bedrift.<span class=\"Apple-converted-space\">\u00a0<\/span><\/p>\n<p><b>Spesifikasjoner<\/b><br \/>\nM\u00e5l oppmontert: 51 x 133 x 101 cm (L x B x H)<br \/>\nSt\u00e5ltykkelse: 2 mm p\u00e5 ben, 5 mm p\u00e5 hyller<br \/>\nMaks vektbelastning: 350 kg pr. hylle, totalt 700 kg.<br \/>\nProduktvekt: 52 kg<\/p>\n<p><b>Inneholder<br \/>\n<\/b>Abilica StorageModule Leg 100 cm x 2 stk<br \/>\nAbilica StorageModule Kettlebell Shelf x 2 stk[\/vc_column_text][vc_empty_space height=&raquo;52px&raquo;][vc_btn title=&raquo;Brukerveiledning&raquo; style=&raquo;flat&raquo; color=&raquo;black&raquo; align=&raquo;center&raquo; i_icon_fontawesome=&raquo;far fa-file-pdf&raquo; add_icon=&raquo;true&raquo; link=&raquo;url:https%3A%2F%2Fabilica.com%2Fwp-content%2Fuploads%2F2024%2F09%2FAB_StorageModule-240311.pdf&raquo;][\/vc_column][\/vc_row]<\/p>\n<\/div>","protected":false},"excerpt":{"rendered":"<p>[vc_row][vc_column][vc_column_text]Abilica KettlebellRack Tier-2 er et solid Kettlebell rack med 2 stk hyller p\u00e5 121 cm&#8230;<\/p>\n","protected":false},"featured_media":67591,"template":"","meta":{"_acf_changed":false},"product_brand":[],"product_cat":[572,422],"product_tag":[366],"class_list":{"0":"post-67575","1":"product","2":"type-product","3":"status-publish","4":"has-post-thumbnail","6":"product_cat-oppbevaring","7":"product_cat-styrke","8":"product_tag-premium-no","10":"first","11":"instock","12":"product-type-simple"},"acf":[],"yoast_head":"<!-- This site is optimized with the Yoast SEO Premium plugin v21.1 (Yoast SEO v25.4) - https:\/\/yoast.com\/wordpress\/plugins\/seo\/ -->\n<title>Abilica KettleBell Rack Tier-2 Abilica<\/title>\n<meta name=\"robots\" content=\"index, follow, max-snippet:-1, max-image-preview:large, max-video-preview:-1\" \/>\n<link rel=\"canonical\" href=\"https:\/\/abilica.com\/no\/styrke\/oppbevaring\/abilica-kettlebell-rack-tier-2\/\" \/>\n<meta property=\"og:locale\" content=\"nb_NO\" \/>\n<meta property=\"og:type\" content=\"article\" \/>\n<meta property=\"og:title\" content=\"Abilica KettleBell Rack Tier-2\" \/>\n<meta property=\"og:description\" content=\"[vc_row][vc_column][vc_column_text]Abilica KettlebellRack Tier-2 er et solid Kettlebell rack med 2 stk hyller p\u00e5 121 cm...\" \/>\n<meta property=\"og:url\" content=\"https:\/\/abilica.com\/no\/styrke\/oppbevaring\/abilica-kettlebell-rack-tier-2\/\" \/>\n<meta property=\"og:site_name\" content=\"Abilica\" \/>\n<meta property=\"article:publisher\" content=\"https:\/\/www.facebook.com\/abilicahometraining\/\" \/>\n<meta property=\"article:modified_time\" content=\"2024-09-02T10:57:36+00:00\" \/>\n<meta property=\"og:image\" content=\"https:\/\/abilica.com\/wp-content\/uploads\/2024\/09\/408115-Abilica-StorageModule-KettlebellShelf_03.jpg\" \/>\n\t<meta property=\"og:image:width\" content=\"1200\" \/>\n\t<meta property=\"og:image:height\" content=\"1200\" \/>\n\t<meta property=\"og:image:type\" content=\"image\/jpeg\" \/>\n<meta name=\"twitter:card\" content=\"summary_large_image\" \/>\n<meta name=\"twitter:label1\" content=\"Ansl. lesetid\" \/>\n\t<meta name=\"twitter:data1\" content=\"1 minutt\" \/>\n<script type=\"application\/ld+json\" class=\"yoast-schema-graph\">{\"@context\":\"https:\/\/schema.org\",\"@graph\":[{\"@type\":\"WebPage\",\"@id\":\"https:\/\/abilica.com\/no\/styrke\/oppbevaring\/abilica-kettlebell-rack-tier-2\/\",\"url\":\"https:\/\/abilica.com\/no\/styrke\/oppbevaring\/abilica-kettlebell-rack-tier-2\/\",\"name\":\"Abilica KettleBell Rack Tier-2 Abilica\",\"isPartOf\":{\"@id\":\"https:\/\/abilica.com\/#website\"},\"primaryImageOfPage\":{\"@id\":\"https:\/\/abilica.com\/no\/styrke\/oppbevaring\/abilica-kettlebell-rack-tier-2\/#primaryimage\"},\"image\":{\"@id\":\"https:\/\/abilica.com\/no\/styrke\/oppbevaring\/abilica-kettlebell-rack-tier-2\/#primaryimage\"},\"thumbnailUrl\":\"https:\/\/abilica.com\/wp-content\/uploads\/2024\/09\/408115-Abilica-StorageModule-KettlebellShelf_03.jpg\",\"datePublished\":\"2024-09-02T10:47:21+00:00\",\"dateModified\":\"2024-09-02T10:57:36+00:00\",\"breadcrumb\":{\"@id\":\"https:\/\/abilica.com\/no\/styrke\/oppbevaring\/abilica-kettlebell-rack-tier-2\/#breadcrumb\"},\"inLanguage\":\"nb-NO\",\"potentialAction\":[{\"@type\":\"ReadAction\",\"target\":[\"https:\/\/abilica.com\/no\/styrke\/oppbevaring\/abilica-kettlebell-rack-tier-2\/\"]}]},{\"@type\":\"ImageObject\",\"inLanguage\":\"nb-NO\",\"@id\":\"https:\/\/abilica.com\/no\/styrke\/oppbevaring\/abilica-kettlebell-rack-tier-2\/#primaryimage\",\"url\":\"https:\/\/abilica.com\/wp-content\/uploads\/2024\/09\/408115-Abilica-StorageModule-KettlebellShelf_03.jpg\",\"contentUrl\":\"https:\/\/abilica.com\/wp-content\/uploads\/2024\/09\/408115-Abilica-StorageModule-KettlebellShelf_03.jpg\",\"width\":1200,\"height\":1200},{\"@type\":\"BreadcrumbList\",\"@id\":\"https:\/\/abilica.com\/no\/styrke\/oppbevaring\/abilica-kettlebell-rack-tier-2\/#breadcrumb\",\"itemListElement\":[{\"@type\":\"ListItem\",\"position\":1,\"name\":\"Hem\",\"item\":\"https:\/\/abilica.com\/no\/\"},{\"@type\":\"ListItem\",\"position\":2,\"name\":\"Produkter\",\"item\":\"https:\/\/abilica.com\/no\/shop-2\/\"},{\"@type\":\"ListItem\",\"position\":3,\"name\":\"Abilica KettleBell Rack Tier-2\"}]},{\"@type\":\"WebSite\",\"@id\":\"https:\/\/abilica.com\/#website\",\"url\":\"https:\/\/abilica.com\/\",\"name\":\"Abilica\",\"description\":\"Abilica Home Training\",\"potentialAction\":[{\"@type\":\"SearchAction\",\"target\":{\"@type\":\"EntryPoint\",\"urlTemplate\":\"https:\/\/abilica.com\/?s={search_term_string}\"},\"query-input\":{\"@type\":\"PropertyValueSpecification\",\"valueRequired\":true,\"valueName\":\"search_term_string\"}}],\"inLanguage\":\"nb-NO\"}]}<\/script>\n<!-- \/ Yoast SEO Premium plugin. -->","yoast_head_json":{"title":"Abilica KettleBell Rack Tier-2 Abilica","robots":{"index":"index","follow":"follow","max-snippet":"max-snippet:-1","max-image-preview":"max-image-preview:large","max-video-preview":"max-video-preview:-1"},"canonical":"https:\/\/abilica.com\/no\/styrke\/oppbevaring\/abilica-kettlebell-rack-tier-2\/","og_locale":"nb_NO","og_type":"article","og_title":"Abilica KettleBell Rack Tier-2","og_description":"[vc_row][vc_column][vc_column_text]Abilica KettlebellRack Tier-2 er et solid Kettlebell rack med 2 stk hyller p\u00e5 121 cm...","og_url":"https:\/\/abilica.com\/no\/styrke\/oppbevaring\/abilica-kettlebell-rack-tier-2\/","og_site_name":"Abilica","article_publisher":"https:\/\/www.facebook.com\/abilicahometraining\/","article_modified_time":"2024-09-02T10:57:36+00:00","og_image":[{"width":1200,"height":1200,"url":"https:\/\/abilica.com\/wp-content\/uploads\/2024\/09\/408115-Abilica-StorageModule-KettlebellShelf_03.jpg","type":"image\/jpeg"}],"twitter_card":"summary_large_image","twitter_misc":{"Ansl. lesetid":"1 minutt"},"schema":{"@context":"https:\/\/schema.org","@graph":[{"@type":"WebPage","@id":"https:\/\/abilica.com\/no\/styrke\/oppbevaring\/abilica-kettlebell-rack-tier-2\/","url":"https:\/\/abilica.com\/no\/styrke\/oppbevaring\/abilica-kettlebell-rack-tier-2\/","name":"Abilica KettleBell Rack Tier-2 Abilica","isPartOf":{"@id":"https:\/\/abilica.com\/#website"},"primaryImageOfPage":{"@id":"https:\/\/abilica.com\/no\/styrke\/oppbevaring\/abilica-kettlebell-rack-tier-2\/#primaryimage"},"image":{"@id":"https:\/\/abilica.com\/no\/styrke\/oppbevaring\/abilica-kettlebell-rack-tier-2\/#primaryimage"},"thumbnailUrl":"https:\/\/abilica.com\/wp-content\/uploads\/2024\/09\/408115-Abilica-StorageModule-KettlebellShelf_03.jpg","datePublished":"2024-09-02T10:47:21+00:00","dateModified":"2024-09-02T10:57:36+00:00","breadcrumb":{"@id":"https:\/\/abilica.com\/no\/styrke\/oppbevaring\/abilica-kettlebell-rack-tier-2\/#breadcrumb"},"inLanguage":"nb-NO","potentialAction":[{"@type":"ReadAction","target":["https:\/\/abilica.com\/no\/styrke\/oppbevaring\/abilica-kettlebell-rack-tier-2\/"]}]},{"@type":"ImageObject","inLanguage":"nb-NO","@id":"https:\/\/abilica.com\/no\/styrke\/oppbevaring\/abilica-kettlebell-rack-tier-2\/#primaryimage","url":"https:\/\/abilica.com\/wp-content\/uploads\/2024\/09\/408115-Abilica-StorageModule-KettlebellShelf_03.jpg","contentUrl":"https:\/\/abilica.com\/wp-content\/uploads\/2024\/09\/408115-Abilica-StorageModule-KettlebellShelf_03.jpg","width":1200,"height":1200},{"@type":"BreadcrumbList","@id":"https:\/\/abilica.com\/no\/styrke\/oppbevaring\/abilica-kettlebell-rack-tier-2\/#breadcrumb","itemListElement":[{"@type":"ListItem","position":1,"name":"Hem","item":"https:\/\/abilica.com\/no\/"},{"@type":"ListItem","position":2,"name":"Produkter","item":"https:\/\/abilica.com\/no\/shop-2\/"},{"@type":"ListItem","position":3,"name":"Abilica KettleBell Rack Tier-2"}]},{"@type":"WebSite","@id":"https:\/\/abilica.com\/#website","url":"https:\/\/abilica.com\/","name":"Abilica","description":"Abilica Home Training","potentialAction":[{"@type":"SearchAction","target":{"@type":"EntryPoint","urlTemplate":"https:\/\/abilica.com\/?s={search_term_string}"},"query-input":{"@type":"PropertyValueSpecification","valueRequired":true,"valueName":"search_term_string"}}],"inLanguage":"nb-NO"}]}},"_links":{"self":[{"href":"https:\/\/abilica.com\/no\/wp-json\/wp\/v2\/product\/67575","targetHints":{"allow":["GET"]}}],"collection":[{"href":"https:\/\/abilica.com\/no\/wp-json\/wp\/v2\/product"}],"about":[{"href":"https:\/\/abilica.com\/no\/wp-json\/wp\/v2\/types\/product"}],"wp:featuredmedia":[{"embeddable":true,"href":"https:\/\/abilica.com\/no\/wp-json\/wp\/v2\/media\/67591"}],"wp:attachment":[{"href":"https:\/\/abilica.com\/no\/wp-json\/wp\/v2\/media?parent=67575"}],"wp:term":[{"taxonomy":"product_brand","embeddable":true,"href":"https:\/\/abilica.com\/no\/wp-json\/wp\/v2\/product_brand?post=67575"},{"taxonomy":"product_cat","embeddable":true,"href":"https:\/\/abilica.com\/no\/wp-json\/wp\/v2\/product_cat?post=67575"},{"taxonomy":"product_tag","embeddable":true,"href":"https:\/\/abilica.com\/no\/wp-json\/wp\/v2\/product_tag?post=67575"}],"curies":[{"name":"wp","href":"https:\/\/api.w.org\/{rel}","templated":true}]}}