{"id":67853,"date":"2024-09-10T07:46:04","date_gmt":"2024-09-10T06:46:04","guid":{"rendered":"https:\/\/abilica.com\/?post_type=product&#038;p=67853"},"modified":"2025-10-20T08:07:34","modified_gmt":"2025-10-20T07:07:34","slug":"abilica-wallstorage-weightplates","status":"publish","type":"product","link":"https:\/\/abilica.com\/no\/styrke\/oppbevaring\/abilica-wallstorage-weightplates\/","title":{"rendered":"Abilica WallStorage WeightPlates"},"content":{"rendered":"<div class=\"wpb-content-wrapper\"><p>[vc_row][vc_column][vc_column_text css=&raquo;&raquo;]Lagringsstativ for vegg for 50 mm vektskiver.<\/p>\n<p>Abilica WallStorage WeightPlates er et lagringssystem for vegg som kan monteres b\u00e5de loddrett og vannrett ut fra hvordan du \u00f8nsker \u00e5 designe treningsrommet ditt. Stativet passer like bra i et treningsrom hjemme som hos en bedrift. Hver lagringspinne har en lengde p\u00e5 40 cm og har en maksvekt p\u00e5 100 kg per pinne.<\/p>\n<p>Stativet er designet for \u00e5 kunne lagre 50 mm vektskiver med 45 cm diameter st\u00f8rrelse (IWF standard) p\u00e5 alle 3 lagringspinner. Merk at maksvekt er for selve produktet og tar ikke utgangspunkt i hvor mye veggen den festes p\u00e5 t\u00e5ler av belastning. Ekspansjon skruer til vegg f\u00f8lger med. Selges i stk. Flere av bildene viser to stk. montert ved siden av hverandre.<\/p>\n<p><b>Spesifikasjoner<\/b><br \/>\nM\u00e5l: 115 x 40.5 x 10 cm (L x B x H ved vannrett montering)<br \/>\nLengde lagringspinne: 40 cm<br \/>\nSt\u00e5ltykkelse: 5 mm<br \/>\nMaks Vektbelastning: 100 kg per vektpinne, totalt 300 kg<br \/>\nProduktvekt: 7,5 kg<span class=\"Apple-converted-space\">\u00a0<\/span>[\/vc_column_text][vc_empty_space height=&raquo;52px&raquo;][\/vc_column][\/vc_row]<\/p>\n<\/div>","protected":false},"excerpt":{"rendered":"<p>[vc_row][vc_column][vc_column_text css=&raquo;&raquo;]Lagringsstativ for vegg for 50 mm vektskiver. Abilica WallStorage WeightPlates er et lagringssystem for&#8230;<\/p>\n","protected":false},"featured_media":67857,"template":"","meta":{"_acf_changed":false},"product_brand":[],"product_cat":[572,422],"product_tag":[366],"class_list":{"0":"post-67853","1":"product","2":"type-product","3":"status-publish","4":"has-post-thumbnail","6":"product_cat-oppbevaring","7":"product_cat-styrke","8":"product_tag-premium-no","10":"first","11":"instock","12":"product-type-simple"},"acf":[],"yoast_head":"<!-- This site is optimized with the Yoast SEO Premium plugin v21.1 (Yoast SEO v25.4) - https:\/\/yoast.com\/wordpress\/plugins\/seo\/ -->\n<title>Abilica WallStorage WeightPlates Abilica<\/title>\n<meta name=\"robots\" content=\"index, follow, max-snippet:-1, max-image-preview:large, max-video-preview:-1\" \/>\n<link rel=\"canonical\" href=\"https:\/\/abilica.com\/no\/styrke\/oppbevaring\/abilica-wallstorage-weightplates\/\" \/>\n<meta property=\"og:locale\" content=\"nb_NO\" \/>\n<meta property=\"og:type\" content=\"article\" \/>\n<meta property=\"og:title\" content=\"Abilica WallStorage WeightPlates\" \/>\n<meta property=\"og:description\" content=\"[vc_row][vc_column][vc_column_text css=&raquo;&raquo;]Lagringsstativ for vegg for 50 mm vektskiver. Abilica WallStorage WeightPlates er et lagringssystem for...\" \/>\n<meta property=\"og:url\" content=\"https:\/\/abilica.com\/no\/styrke\/oppbevaring\/abilica-wallstorage-weightplates\/\" \/>\n<meta property=\"og:site_name\" content=\"Abilica\" \/>\n<meta property=\"article:publisher\" content=\"https:\/\/www.facebook.com\/abilicahometraining\/\" \/>\n<meta property=\"article:modified_time\" content=\"2025-10-20T07:07:34+00:00\" \/>\n<meta property=\"og:image\" content=\"https:\/\/abilica.com\/wp-content\/uploads\/2024\/09\/408122-Abilica-WallStorage-WeightPlates_3.jpg\" \/>\n\t<meta property=\"og:image:width\" content=\"1200\" \/>\n\t<meta property=\"og:image:height\" content=\"1200\" \/>\n\t<meta property=\"og:image:type\" content=\"image\/jpeg\" \/>\n<meta name=\"twitter:card\" content=\"summary_large_image\" \/>\n<meta name=\"twitter:label1\" content=\"Ansl. lesetid\" \/>\n\t<meta name=\"twitter:data1\" content=\"1 minutt\" \/>\n<script type=\"application\/ld+json\" class=\"yoast-schema-graph\">{\"@context\":\"https:\/\/schema.org\",\"@graph\":[{\"@type\":\"WebPage\",\"@id\":\"https:\/\/abilica.com\/no\/styrke\/oppbevaring\/abilica-wallstorage-weightplates\/\",\"url\":\"https:\/\/abilica.com\/no\/styrke\/oppbevaring\/abilica-wallstorage-weightplates\/\",\"name\":\"Abilica WallStorage WeightPlates Abilica\",\"isPartOf\":{\"@id\":\"https:\/\/abilica.com\/#website\"},\"primaryImageOfPage\":{\"@id\":\"https:\/\/abilica.com\/no\/styrke\/oppbevaring\/abilica-wallstorage-weightplates\/#primaryimage\"},\"image\":{\"@id\":\"https:\/\/abilica.com\/no\/styrke\/oppbevaring\/abilica-wallstorage-weightplates\/#primaryimage\"},\"thumbnailUrl\":\"https:\/\/abilica.com\/wp-content\/uploads\/2024\/09\/408122-Abilica-WallStorage-WeightPlates_3.jpg\",\"datePublished\":\"2024-09-10T06:46:04+00:00\",\"dateModified\":\"2025-10-20T07:07:34+00:00\",\"breadcrumb\":{\"@id\":\"https:\/\/abilica.com\/no\/styrke\/oppbevaring\/abilica-wallstorage-weightplates\/#breadcrumb\"},\"inLanguage\":\"nb-NO\",\"potentialAction\":[{\"@type\":\"ReadAction\",\"target\":[\"https:\/\/abilica.com\/no\/styrke\/oppbevaring\/abilica-wallstorage-weightplates\/\"]}]},{\"@type\":\"ImageObject\",\"inLanguage\":\"nb-NO\",\"@id\":\"https:\/\/abilica.com\/no\/styrke\/oppbevaring\/abilica-wallstorage-weightplates\/#primaryimage\",\"url\":\"https:\/\/abilica.com\/wp-content\/uploads\/2024\/09\/408122-Abilica-WallStorage-WeightPlates_3.jpg\",\"contentUrl\":\"https:\/\/abilica.com\/wp-content\/uploads\/2024\/09\/408122-Abilica-WallStorage-WeightPlates_3.jpg\",\"width\":1200,\"height\":1200},{\"@type\":\"BreadcrumbList\",\"@id\":\"https:\/\/abilica.com\/no\/styrke\/oppbevaring\/abilica-wallstorage-weightplates\/#breadcrumb\",\"itemListElement\":[{\"@type\":\"ListItem\",\"position\":1,\"name\":\"Hem\",\"item\":\"https:\/\/abilica.com\/no\/\"},{\"@type\":\"ListItem\",\"position\":2,\"name\":\"Produkter\",\"item\":\"https:\/\/abilica.com\/no\/shop-2\/\"},{\"@type\":\"ListItem\",\"position\":3,\"name\":\"Abilica WallStorage WeightPlates\"}]},{\"@type\":\"WebSite\",\"@id\":\"https:\/\/abilica.com\/#website\",\"url\":\"https:\/\/abilica.com\/\",\"name\":\"Abilica\",\"description\":\"Abilica Home Training\",\"potentialAction\":[{\"@type\":\"SearchAction\",\"target\":{\"@type\":\"EntryPoint\",\"urlTemplate\":\"https:\/\/abilica.com\/?s={search_term_string}\"},\"query-input\":{\"@type\":\"PropertyValueSpecification\",\"valueRequired\":true,\"valueName\":\"search_term_string\"}}],\"inLanguage\":\"nb-NO\"}]}<\/script>\n<!-- \/ Yoast SEO Premium plugin. -->","yoast_head_json":{"title":"Abilica WallStorage WeightPlates Abilica","robots":{"index":"index","follow":"follow","max-snippet":"max-snippet:-1","max-image-preview":"max-image-preview:large","max-video-preview":"max-video-preview:-1"},"canonical":"https:\/\/abilica.com\/no\/styrke\/oppbevaring\/abilica-wallstorage-weightplates\/","og_locale":"nb_NO","og_type":"article","og_title":"Abilica WallStorage WeightPlates","og_description":"[vc_row][vc_column][vc_column_text css=&raquo;&raquo;]Lagringsstativ for vegg for 50 mm vektskiver. Abilica WallStorage WeightPlates er et lagringssystem for...","og_url":"https:\/\/abilica.com\/no\/styrke\/oppbevaring\/abilica-wallstorage-weightplates\/","og_site_name":"Abilica","article_publisher":"https:\/\/www.facebook.com\/abilicahometraining\/","article_modified_time":"2025-10-20T07:07:34+00:00","og_image":[{"width":1200,"height":1200,"url":"https:\/\/abilica.com\/wp-content\/uploads\/2024\/09\/408122-Abilica-WallStorage-WeightPlates_3.jpg","type":"image\/jpeg"}],"twitter_card":"summary_large_image","twitter_misc":{"Ansl. lesetid":"1 minutt"},"schema":{"@context":"https:\/\/schema.org","@graph":[{"@type":"WebPage","@id":"https:\/\/abilica.com\/no\/styrke\/oppbevaring\/abilica-wallstorage-weightplates\/","url":"https:\/\/abilica.com\/no\/styrke\/oppbevaring\/abilica-wallstorage-weightplates\/","name":"Abilica WallStorage WeightPlates Abilica","isPartOf":{"@id":"https:\/\/abilica.com\/#website"},"primaryImageOfPage":{"@id":"https:\/\/abilica.com\/no\/styrke\/oppbevaring\/abilica-wallstorage-weightplates\/#primaryimage"},"image":{"@id":"https:\/\/abilica.com\/no\/styrke\/oppbevaring\/abilica-wallstorage-weightplates\/#primaryimage"},"thumbnailUrl":"https:\/\/abilica.com\/wp-content\/uploads\/2024\/09\/408122-Abilica-WallStorage-WeightPlates_3.jpg","datePublished":"2024-09-10T06:46:04+00:00","dateModified":"2025-10-20T07:07:34+00:00","breadcrumb":{"@id":"https:\/\/abilica.com\/no\/styrke\/oppbevaring\/abilica-wallstorage-weightplates\/#breadcrumb"},"inLanguage":"nb-NO","potentialAction":[{"@type":"ReadAction","target":["https:\/\/abilica.com\/no\/styrke\/oppbevaring\/abilica-wallstorage-weightplates\/"]}]},{"@type":"ImageObject","inLanguage":"nb-NO","@id":"https:\/\/abilica.com\/no\/styrke\/oppbevaring\/abilica-wallstorage-weightplates\/#primaryimage","url":"https:\/\/abilica.com\/wp-content\/uploads\/2024\/09\/408122-Abilica-WallStorage-WeightPlates_3.jpg","contentUrl":"https:\/\/abilica.com\/wp-content\/uploads\/2024\/09\/408122-Abilica-WallStorage-WeightPlates_3.jpg","width":1200,"height":1200},{"@type":"BreadcrumbList","@id":"https:\/\/abilica.com\/no\/styrke\/oppbevaring\/abilica-wallstorage-weightplates\/#breadcrumb","itemListElement":[{"@type":"ListItem","position":1,"name":"Hem","item":"https:\/\/abilica.com\/no\/"},{"@type":"ListItem","position":2,"name":"Produkter","item":"https:\/\/abilica.com\/no\/shop-2\/"},{"@type":"ListItem","position":3,"name":"Abilica WallStorage WeightPlates"}]},{"@type":"WebSite","@id":"https:\/\/abilica.com\/#website","url":"https:\/\/abilica.com\/","name":"Abilica","description":"Abilica Home Training","potentialAction":[{"@type":"SearchAction","target":{"@type":"EntryPoint","urlTemplate":"https:\/\/abilica.com\/?s={search_term_string}"},"query-input":{"@type":"PropertyValueSpecification","valueRequired":true,"valueName":"search_term_string"}}],"inLanguage":"nb-NO"}]}},"_links":{"self":[{"href":"https:\/\/abilica.com\/no\/wp-json\/wp\/v2\/product\/67853","targetHints":{"allow":["GET"]}}],"collection":[{"href":"https:\/\/abilica.com\/no\/wp-json\/wp\/v2\/product"}],"about":[{"href":"https:\/\/abilica.com\/no\/wp-json\/wp\/v2\/types\/product"}],"wp:featuredmedia":[{"embeddable":true,"href":"https:\/\/abilica.com\/no\/wp-json\/wp\/v2\/media\/67857"}],"wp:attachment":[{"href":"https:\/\/abilica.com\/no\/wp-json\/wp\/v2\/media?parent=67853"}],"wp:term":[{"taxonomy":"product_brand","embeddable":true,"href":"https:\/\/abilica.com\/no\/wp-json\/wp\/v2\/product_brand?post=67853"},{"taxonomy":"product_cat","embeddable":true,"href":"https:\/\/abilica.com\/no\/wp-json\/wp\/v2\/product_cat?post=67853"},{"taxonomy":"product_tag","embeddable":true,"href":"https:\/\/abilica.com\/no\/wp-json\/wp\/v2\/product_tag?post=67853"}],"curies":[{"name":"wp","href":"https:\/\/api.w.org\/{rel}","templated":true}]}}