{"id":67863,"date":"2024-09-10T07:49:40","date_gmt":"2024-09-10T06:49:40","guid":{"rendered":"https:\/\/abilica.com\/?post_type=product&#038;p=67863"},"modified":"2024-09-13T14:05:10","modified_gmt":"2024-09-13T13:05:10","slug":"abilica-wallstorage-weightbars","status":"publish","type":"product","link":"https:\/\/abilica.com\/no\/styrke\/oppbevaring\/abilica-wallstorage-weightbars\/","title":{"rendered":"Abilica WallStorage WeightBars"},"content":{"rendered":"<div class=\"wpb-content-wrapper\"><p>[vc_row][vc_column][vc_column_text]Lagringsstativ for vegg til vektstenger og tilbeh\u00f8r.<\/p>\n<p>Abilica WallStorage WeightBars er et lagringssystem i to deler til vektstenger og tilbeh\u00f8r som eks. strikk og vektmansjetter, som monteres p\u00e5 vegg. Stativet passer like bra i et treningsrom hjemme som hos en bedrift.<\/p>\n<p>Det er designet for 50 mm vektstenger og kan lagre 6 stk. vektstenger samtidig. De \u00f8verste holderne er utstyrt med robust HDPE materiell for \u00e5 unng\u00e5 riper p\u00e5 vektstengene og opprettholde et fint utseende p\u00e5 stativet. Maksvekt er p\u00e5 120 kg. Merk at maksvekt er for selve produktet og tar ikke utgangspunkt i hvor mye veggen den festes p\u00e5 t\u00e5ler av belastning. Skruer til trevegg medf\u00f8lger.<\/p>\n<p><b>Spesifikasjoner<\/b><br \/>\nM\u00e5l: 52 x 8.5 x 4.8 cm (L x B x H)<br \/>\nSt\u00e5ltykkelse: 3 mm<br \/>\nMaks vektbelastning: 120 kg<br \/>\nProduktvekt: 3,5 kg<span class=\"Apple-converted-space\">\u00a0<\/span>[\/vc_column_text][vc_empty_space height=&raquo;52px&raquo;][\/vc_column][\/vc_row]<\/p>\n<\/div>","protected":false},"excerpt":{"rendered":"<p>[vc_row][vc_column][vc_column_text]Lagringsstativ for vegg til vektstenger og tilbeh\u00f8r. Abilica WallStorage WeightBars er et lagringssystem i to&#8230;<\/p>\n","protected":false},"featured_media":67864,"template":"","meta":{"_acf_changed":false},"product_brand":[],"product_cat":[572,422],"product_tag":[366],"class_list":{"0":"post-67863","1":"product","2":"type-product","3":"status-publish","4":"has-post-thumbnail","6":"product_cat-oppbevaring","7":"product_cat-styrke","8":"product_tag-premium-no","10":"first","11":"instock","12":"product-type-simple"},"acf":[],"yoast_head":"<!-- This site is optimized with the Yoast SEO Premium plugin v21.1 (Yoast SEO v25.4) - https:\/\/yoast.com\/wordpress\/plugins\/seo\/ -->\n<title>Abilica WallStorage WeightBars Abilica<\/title>\n<meta name=\"robots\" content=\"index, follow, max-snippet:-1, max-image-preview:large, max-video-preview:-1\" \/>\n<link rel=\"canonical\" href=\"https:\/\/abilica.com\/no\/styrke\/oppbevaring\/abilica-wallstorage-weightbars\/\" \/>\n<meta property=\"og:locale\" content=\"nb_NO\" \/>\n<meta property=\"og:type\" content=\"article\" \/>\n<meta property=\"og:title\" content=\"Abilica WallStorage WeightBars\" \/>\n<meta property=\"og:description\" content=\"[vc_row][vc_column][vc_column_text]Lagringsstativ for vegg til vektstenger og tilbeh\u00f8r. Abilica WallStorage WeightBars er et lagringssystem i to...\" \/>\n<meta property=\"og:url\" content=\"https:\/\/abilica.com\/no\/styrke\/oppbevaring\/abilica-wallstorage-weightbars\/\" \/>\n<meta property=\"og:site_name\" content=\"Abilica\" \/>\n<meta property=\"article:publisher\" content=\"https:\/\/www.facebook.com\/abilicahometraining\/\" \/>\n<meta property=\"article:modified_time\" content=\"2024-09-13T13:05:10+00:00\" \/>\n<meta property=\"og:image\" content=\"https:\/\/abilica.com\/wp-content\/uploads\/2024\/09\/408123-Abilica-WallStorage-WeightBars_2.jpg\" \/>\n\t<meta property=\"og:image:width\" content=\"1200\" \/>\n\t<meta property=\"og:image:height\" content=\"1200\" \/>\n\t<meta property=\"og:image:type\" content=\"image\/jpeg\" \/>\n<meta name=\"twitter:card\" content=\"summary_large_image\" \/>\n<meta name=\"twitter:label1\" content=\"Ansl. lesetid\" \/>\n\t<meta name=\"twitter:data1\" content=\"1 minutt\" \/>\n<script type=\"application\/ld+json\" class=\"yoast-schema-graph\">{\"@context\":\"https:\/\/schema.org\",\"@graph\":[{\"@type\":\"WebPage\",\"@id\":\"https:\/\/abilica.com\/no\/styrke\/oppbevaring\/abilica-wallstorage-weightbars\/\",\"url\":\"https:\/\/abilica.com\/no\/styrke\/oppbevaring\/abilica-wallstorage-weightbars\/\",\"name\":\"Abilica WallStorage WeightBars Abilica\",\"isPartOf\":{\"@id\":\"https:\/\/abilica.com\/#website\"},\"primaryImageOfPage\":{\"@id\":\"https:\/\/abilica.com\/no\/styrke\/oppbevaring\/abilica-wallstorage-weightbars\/#primaryimage\"},\"image\":{\"@id\":\"https:\/\/abilica.com\/no\/styrke\/oppbevaring\/abilica-wallstorage-weightbars\/#primaryimage\"},\"thumbnailUrl\":\"https:\/\/abilica.com\/wp-content\/uploads\/2024\/09\/408123-Abilica-WallStorage-WeightBars_2.jpg\",\"datePublished\":\"2024-09-10T06:49:40+00:00\",\"dateModified\":\"2024-09-13T13:05:10+00:00\",\"breadcrumb\":{\"@id\":\"https:\/\/abilica.com\/no\/styrke\/oppbevaring\/abilica-wallstorage-weightbars\/#breadcrumb\"},\"inLanguage\":\"nb-NO\",\"potentialAction\":[{\"@type\":\"ReadAction\",\"target\":[\"https:\/\/abilica.com\/no\/styrke\/oppbevaring\/abilica-wallstorage-weightbars\/\"]}]},{\"@type\":\"ImageObject\",\"inLanguage\":\"nb-NO\",\"@id\":\"https:\/\/abilica.com\/no\/styrke\/oppbevaring\/abilica-wallstorage-weightbars\/#primaryimage\",\"url\":\"https:\/\/abilica.com\/wp-content\/uploads\/2024\/09\/408123-Abilica-WallStorage-WeightBars_2.jpg\",\"contentUrl\":\"https:\/\/abilica.com\/wp-content\/uploads\/2024\/09\/408123-Abilica-WallStorage-WeightBars_2.jpg\",\"width\":1200,\"height\":1200},{\"@type\":\"BreadcrumbList\",\"@id\":\"https:\/\/abilica.com\/no\/styrke\/oppbevaring\/abilica-wallstorage-weightbars\/#breadcrumb\",\"itemListElement\":[{\"@type\":\"ListItem\",\"position\":1,\"name\":\"Hem\",\"item\":\"https:\/\/abilica.com\/no\/\"},{\"@type\":\"ListItem\",\"position\":2,\"name\":\"Produkter\",\"item\":\"https:\/\/abilica.com\/no\/shop-2\/\"},{\"@type\":\"ListItem\",\"position\":3,\"name\":\"Abilica WallStorage WeightBars\"}]},{\"@type\":\"WebSite\",\"@id\":\"https:\/\/abilica.com\/#website\",\"url\":\"https:\/\/abilica.com\/\",\"name\":\"Abilica\",\"description\":\"Abilica Home Training\",\"potentialAction\":[{\"@type\":\"SearchAction\",\"target\":{\"@type\":\"EntryPoint\",\"urlTemplate\":\"https:\/\/abilica.com\/?s={search_term_string}\"},\"query-input\":{\"@type\":\"PropertyValueSpecification\",\"valueRequired\":true,\"valueName\":\"search_term_string\"}}],\"inLanguage\":\"nb-NO\"}]}<\/script>\n<!-- \/ Yoast SEO Premium plugin. -->","yoast_head_json":{"title":"Abilica WallStorage WeightBars Abilica","robots":{"index":"index","follow":"follow","max-snippet":"max-snippet:-1","max-image-preview":"max-image-preview:large","max-video-preview":"max-video-preview:-1"},"canonical":"https:\/\/abilica.com\/no\/styrke\/oppbevaring\/abilica-wallstorage-weightbars\/","og_locale":"nb_NO","og_type":"article","og_title":"Abilica WallStorage WeightBars","og_description":"[vc_row][vc_column][vc_column_text]Lagringsstativ for vegg til vektstenger og tilbeh\u00f8r. Abilica WallStorage WeightBars er et lagringssystem i to...","og_url":"https:\/\/abilica.com\/no\/styrke\/oppbevaring\/abilica-wallstorage-weightbars\/","og_site_name":"Abilica","article_publisher":"https:\/\/www.facebook.com\/abilicahometraining\/","article_modified_time":"2024-09-13T13:05:10+00:00","og_image":[{"width":1200,"height":1200,"url":"https:\/\/abilica.com\/wp-content\/uploads\/2024\/09\/408123-Abilica-WallStorage-WeightBars_2.jpg","type":"image\/jpeg"}],"twitter_card":"summary_large_image","twitter_misc":{"Ansl. lesetid":"1 minutt"},"schema":{"@context":"https:\/\/schema.org","@graph":[{"@type":"WebPage","@id":"https:\/\/abilica.com\/no\/styrke\/oppbevaring\/abilica-wallstorage-weightbars\/","url":"https:\/\/abilica.com\/no\/styrke\/oppbevaring\/abilica-wallstorage-weightbars\/","name":"Abilica WallStorage WeightBars Abilica","isPartOf":{"@id":"https:\/\/abilica.com\/#website"},"primaryImageOfPage":{"@id":"https:\/\/abilica.com\/no\/styrke\/oppbevaring\/abilica-wallstorage-weightbars\/#primaryimage"},"image":{"@id":"https:\/\/abilica.com\/no\/styrke\/oppbevaring\/abilica-wallstorage-weightbars\/#primaryimage"},"thumbnailUrl":"https:\/\/abilica.com\/wp-content\/uploads\/2024\/09\/408123-Abilica-WallStorage-WeightBars_2.jpg","datePublished":"2024-09-10T06:49:40+00:00","dateModified":"2024-09-13T13:05:10+00:00","breadcrumb":{"@id":"https:\/\/abilica.com\/no\/styrke\/oppbevaring\/abilica-wallstorage-weightbars\/#breadcrumb"},"inLanguage":"nb-NO","potentialAction":[{"@type":"ReadAction","target":["https:\/\/abilica.com\/no\/styrke\/oppbevaring\/abilica-wallstorage-weightbars\/"]}]},{"@type":"ImageObject","inLanguage":"nb-NO","@id":"https:\/\/abilica.com\/no\/styrke\/oppbevaring\/abilica-wallstorage-weightbars\/#primaryimage","url":"https:\/\/abilica.com\/wp-content\/uploads\/2024\/09\/408123-Abilica-WallStorage-WeightBars_2.jpg","contentUrl":"https:\/\/abilica.com\/wp-content\/uploads\/2024\/09\/408123-Abilica-WallStorage-WeightBars_2.jpg","width":1200,"height":1200},{"@type":"BreadcrumbList","@id":"https:\/\/abilica.com\/no\/styrke\/oppbevaring\/abilica-wallstorage-weightbars\/#breadcrumb","itemListElement":[{"@type":"ListItem","position":1,"name":"Hem","item":"https:\/\/abilica.com\/no\/"},{"@type":"ListItem","position":2,"name":"Produkter","item":"https:\/\/abilica.com\/no\/shop-2\/"},{"@type":"ListItem","position":3,"name":"Abilica WallStorage WeightBars"}]},{"@type":"WebSite","@id":"https:\/\/abilica.com\/#website","url":"https:\/\/abilica.com\/","name":"Abilica","description":"Abilica Home Training","potentialAction":[{"@type":"SearchAction","target":{"@type":"EntryPoint","urlTemplate":"https:\/\/abilica.com\/?s={search_term_string}"},"query-input":{"@type":"PropertyValueSpecification","valueRequired":true,"valueName":"search_term_string"}}],"inLanguage":"nb-NO"}]}},"_links":{"self":[{"href":"https:\/\/abilica.com\/no\/wp-json\/wp\/v2\/product\/67863","targetHints":{"allow":["GET"]}}],"collection":[{"href":"https:\/\/abilica.com\/no\/wp-json\/wp\/v2\/product"}],"about":[{"href":"https:\/\/abilica.com\/no\/wp-json\/wp\/v2\/types\/product"}],"wp:featuredmedia":[{"embeddable":true,"href":"https:\/\/abilica.com\/no\/wp-json\/wp\/v2\/media\/67864"}],"wp:attachment":[{"href":"https:\/\/abilica.com\/no\/wp-json\/wp\/v2\/media?parent=67863"}],"wp:term":[{"taxonomy":"product_brand","embeddable":true,"href":"https:\/\/abilica.com\/no\/wp-json\/wp\/v2\/product_brand?post=67863"},{"taxonomy":"product_cat","embeddable":true,"href":"https:\/\/abilica.com\/no\/wp-json\/wp\/v2\/product_cat?post=67863"},{"taxonomy":"product_tag","embeddable":true,"href":"https:\/\/abilica.com\/no\/wp-json\/wp\/v2\/product_tag?post=67863"}],"curies":[{"name":"wp","href":"https:\/\/api.w.org\/{rel}","templated":true}]}}