{"id":68006,"date":"2024-10-03T11:04:00","date_gmt":"2024-10-03T10:04:00","guid":{"rendered":"https:\/\/abilica.com\/?post_type=product&#038;p=68006"},"modified":"2025-11-20T08:27:48","modified_gmt":"2025-11-20T07:27:48","slug":"abilica-rotatinghandle-2","status":"publish","type":"product","link":"https:\/\/abilica.com\/no\/styrke\/multigym\/abilica-rotatinghandle-2\/","title":{"rendered":"Abilica RotatingHandle"},"content":{"rendered":"<div class=\"wpb-content-wrapper\"><p>[vc_row][vc_column][vc_column_text]Abilica RotatingHandle er et ett-h\u00e5ndsh\u00e5ndtak til multigym som er godt egnet til en-arms \u00f8velser som krever rotasjon i flere plan.<span class=\"Apple-converted-space\">\u00a0<\/span>H\u00e5ndtak for b\u00e5de hjemme trening og kommersiell bruk. H\u00e5ndtaket er produsert i sterkt st\u00e5l med svivel i h\u00f8y kvalitet med to-ledd rotasjon og hardkrom legering. Hardkrom legeringen gir et flott, matt utseende som er korrosjonsbestandig, har god slitestyrke og gir en fantastisk greps f\u00f8lelse. Legeringen er tynnere enn vanlig krom, som gir bedre struktur i serrateringen p\u00e5 h\u00e5ndtaket, i tillegg til at den matte finishen ikke er glatt som gj\u00f8r den ekstra godt egnet for fuktige hender.<\/p>\n<p>Med roterende festepunkt for kabel i tillegg til roterende h\u00e5ndtak er dette et h\u00e5ndtak som tar godt vare p\u00e5 h\u00e5ndleddet ditt slik at du kan fokusere p\u00e5 rett teknikk i krevende \u00f8velser. Eksempler p\u00e5 \u00f8velser h\u00e5ndtaket egner seg godt for er intern- og eksternrotasjon for skulder. H\u00e5ndtaket har en grepsvidde p\u00e5 12.5 cm, grepsdiameter p\u00e5 28.5 mm. Karabinkrok er ikke inkludert. Selges i stk.<span class=\"Apple-converted-space\">\u00a0<\/span><\/p>\n<p><b>Spesifikasjoner<\/b><br \/>\nM\u00e5l: 15.5 x 24,5 cm (L x H)<br \/>\nGrepsvidde: 12.5 cm<br \/>\nDiameter grep: 28.5 mm<br \/>\nSerratering: Hill<br \/>\nLegering: Hardkrom<br \/>\nProduktvekt: 1.8 kg<br \/>\nMateriale: St\u00e5l[\/vc_column_text][vc_empty_space height=&raquo;52px&raquo;][\/vc_column][\/vc_row]<\/p>\n<\/div>","protected":false},"excerpt":{"rendered":"<p>[vc_row][vc_column][vc_column_text]Abilica RotatingHandle er et ett-h\u00e5ndsh\u00e5ndtak til multigym som er godt egnet til en-arms \u00f8velser som&#8230;<\/p>\n","protected":false},"featured_media":68007,"template":"","meta":{"_acf_changed":false},"product_brand":[],"product_cat":[434,422],"product_tag":[366],"class_list":{"0":"post-68006","1":"product","2":"type-product","3":"status-publish","4":"has-post-thumbnail","6":"product_cat-multigym","7":"product_cat-styrke","8":"product_tag-premium-no","10":"first","11":"instock","12":"product-type-simple"},"acf":[],"yoast_head":"<!-- This site is optimized with the Yoast SEO Premium plugin v21.1 (Yoast SEO v25.4) - https:\/\/yoast.com\/wordpress\/plugins\/seo\/ -->\n<title>Abilica RotatingHandle Abilica<\/title>\n<meta name=\"robots\" content=\"index, follow, max-snippet:-1, max-image-preview:large, max-video-preview:-1\" \/>\n<link rel=\"canonical\" href=\"https:\/\/abilica.com\/no\/styrke\/multigym\/abilica-rotatinghandle-2\/\" \/>\n<meta property=\"og:locale\" content=\"nb_NO\" \/>\n<meta property=\"og:type\" content=\"article\" \/>\n<meta property=\"og:title\" content=\"Abilica RotatingHandle\" \/>\n<meta property=\"og:description\" content=\"[vc_row][vc_column][vc_column_text]Abilica RotatingHandle er et ett-h\u00e5ndsh\u00e5ndtak til multigym som er godt egnet til en-arms \u00f8velser som...\" \/>\n<meta property=\"og:url\" content=\"https:\/\/abilica.com\/no\/styrke\/multigym\/abilica-rotatinghandle-2\/\" \/>\n<meta property=\"og:site_name\" content=\"Abilica\" \/>\n<meta property=\"article:publisher\" content=\"https:\/\/www.facebook.com\/abilicahometraining\/\" \/>\n<meta property=\"article:modified_time\" content=\"2025-11-20T07:27:48+00:00\" \/>\n<meta property=\"og:image\" content=\"https:\/\/abilica.com\/wp-content\/uploads\/2024\/10\/408127-Abilica-Rotaing-Handle_1.jpg\" \/>\n\t<meta property=\"og:image:width\" content=\"1200\" \/>\n\t<meta property=\"og:image:height\" content=\"1200\" \/>\n\t<meta property=\"og:image:type\" content=\"image\/jpeg\" \/>\n<meta name=\"twitter:card\" content=\"summary_large_image\" \/>\n<meta name=\"twitter:label1\" content=\"Ansl. lesetid\" \/>\n\t<meta name=\"twitter:data1\" content=\"1 minutt\" \/>\n<script type=\"application\/ld+json\" class=\"yoast-schema-graph\">{\"@context\":\"https:\/\/schema.org\",\"@graph\":[{\"@type\":\"WebPage\",\"@id\":\"https:\/\/abilica.com\/no\/styrke\/multigym\/abilica-rotatinghandle-2\/\",\"url\":\"https:\/\/abilica.com\/no\/styrke\/multigym\/abilica-rotatinghandle-2\/\",\"name\":\"Abilica RotatingHandle Abilica\",\"isPartOf\":{\"@id\":\"https:\/\/abilica.com\/#website\"},\"primaryImageOfPage\":{\"@id\":\"https:\/\/abilica.com\/no\/styrke\/multigym\/abilica-rotatinghandle-2\/#primaryimage\"},\"image\":{\"@id\":\"https:\/\/abilica.com\/no\/styrke\/multigym\/abilica-rotatinghandle-2\/#primaryimage\"},\"thumbnailUrl\":\"https:\/\/abilica.com\/wp-content\/uploads\/2024\/10\/408127-Abilica-Rotaing-Handle_1.jpg\",\"datePublished\":\"2024-10-03T10:04:00+00:00\",\"dateModified\":\"2025-11-20T07:27:48+00:00\",\"breadcrumb\":{\"@id\":\"https:\/\/abilica.com\/no\/styrke\/multigym\/abilica-rotatinghandle-2\/#breadcrumb\"},\"inLanguage\":\"nb-NO\",\"potentialAction\":[{\"@type\":\"ReadAction\",\"target\":[\"https:\/\/abilica.com\/no\/styrke\/multigym\/abilica-rotatinghandle-2\/\"]}]},{\"@type\":\"ImageObject\",\"inLanguage\":\"nb-NO\",\"@id\":\"https:\/\/abilica.com\/no\/styrke\/multigym\/abilica-rotatinghandle-2\/#primaryimage\",\"url\":\"https:\/\/abilica.com\/wp-content\/uploads\/2024\/10\/408127-Abilica-Rotaing-Handle_1.jpg\",\"contentUrl\":\"https:\/\/abilica.com\/wp-content\/uploads\/2024\/10\/408127-Abilica-Rotaing-Handle_1.jpg\",\"width\":1200,\"height\":1200},{\"@type\":\"BreadcrumbList\",\"@id\":\"https:\/\/abilica.com\/no\/styrke\/multigym\/abilica-rotatinghandle-2\/#breadcrumb\",\"itemListElement\":[{\"@type\":\"ListItem\",\"position\":1,\"name\":\"Hem\",\"item\":\"https:\/\/abilica.com\/no\/\"},{\"@type\":\"ListItem\",\"position\":2,\"name\":\"Produkter\",\"item\":\"https:\/\/abilica.com\/no\/shop-2\/\"},{\"@type\":\"ListItem\",\"position\":3,\"name\":\"Abilica RotatingHandle\"}]},{\"@type\":\"WebSite\",\"@id\":\"https:\/\/abilica.com\/#website\",\"url\":\"https:\/\/abilica.com\/\",\"name\":\"Abilica\",\"description\":\"Abilica Home Training\",\"potentialAction\":[{\"@type\":\"SearchAction\",\"target\":{\"@type\":\"EntryPoint\",\"urlTemplate\":\"https:\/\/abilica.com\/?s={search_term_string}\"},\"query-input\":{\"@type\":\"PropertyValueSpecification\",\"valueRequired\":true,\"valueName\":\"search_term_string\"}}],\"inLanguage\":\"nb-NO\"}]}<\/script>\n<!-- \/ Yoast SEO Premium plugin. -->","yoast_head_json":{"title":"Abilica RotatingHandle Abilica","robots":{"index":"index","follow":"follow","max-snippet":"max-snippet:-1","max-image-preview":"max-image-preview:large","max-video-preview":"max-video-preview:-1"},"canonical":"https:\/\/abilica.com\/no\/styrke\/multigym\/abilica-rotatinghandle-2\/","og_locale":"nb_NO","og_type":"article","og_title":"Abilica RotatingHandle","og_description":"[vc_row][vc_column][vc_column_text]Abilica RotatingHandle er et ett-h\u00e5ndsh\u00e5ndtak til multigym som er godt egnet til en-arms \u00f8velser som...","og_url":"https:\/\/abilica.com\/no\/styrke\/multigym\/abilica-rotatinghandle-2\/","og_site_name":"Abilica","article_publisher":"https:\/\/www.facebook.com\/abilicahometraining\/","article_modified_time":"2025-11-20T07:27:48+00:00","og_image":[{"width":1200,"height":1200,"url":"https:\/\/abilica.com\/wp-content\/uploads\/2024\/10\/408127-Abilica-Rotaing-Handle_1.jpg","type":"image\/jpeg"}],"twitter_card":"summary_large_image","twitter_misc":{"Ansl. lesetid":"1 minutt"},"schema":{"@context":"https:\/\/schema.org","@graph":[{"@type":"WebPage","@id":"https:\/\/abilica.com\/no\/styrke\/multigym\/abilica-rotatinghandle-2\/","url":"https:\/\/abilica.com\/no\/styrke\/multigym\/abilica-rotatinghandle-2\/","name":"Abilica RotatingHandle Abilica","isPartOf":{"@id":"https:\/\/abilica.com\/#website"},"primaryImageOfPage":{"@id":"https:\/\/abilica.com\/no\/styrke\/multigym\/abilica-rotatinghandle-2\/#primaryimage"},"image":{"@id":"https:\/\/abilica.com\/no\/styrke\/multigym\/abilica-rotatinghandle-2\/#primaryimage"},"thumbnailUrl":"https:\/\/abilica.com\/wp-content\/uploads\/2024\/10\/408127-Abilica-Rotaing-Handle_1.jpg","datePublished":"2024-10-03T10:04:00+00:00","dateModified":"2025-11-20T07:27:48+00:00","breadcrumb":{"@id":"https:\/\/abilica.com\/no\/styrke\/multigym\/abilica-rotatinghandle-2\/#breadcrumb"},"inLanguage":"nb-NO","potentialAction":[{"@type":"ReadAction","target":["https:\/\/abilica.com\/no\/styrke\/multigym\/abilica-rotatinghandle-2\/"]}]},{"@type":"ImageObject","inLanguage":"nb-NO","@id":"https:\/\/abilica.com\/no\/styrke\/multigym\/abilica-rotatinghandle-2\/#primaryimage","url":"https:\/\/abilica.com\/wp-content\/uploads\/2024\/10\/408127-Abilica-Rotaing-Handle_1.jpg","contentUrl":"https:\/\/abilica.com\/wp-content\/uploads\/2024\/10\/408127-Abilica-Rotaing-Handle_1.jpg","width":1200,"height":1200},{"@type":"BreadcrumbList","@id":"https:\/\/abilica.com\/no\/styrke\/multigym\/abilica-rotatinghandle-2\/#breadcrumb","itemListElement":[{"@type":"ListItem","position":1,"name":"Hem","item":"https:\/\/abilica.com\/no\/"},{"@type":"ListItem","position":2,"name":"Produkter","item":"https:\/\/abilica.com\/no\/shop-2\/"},{"@type":"ListItem","position":3,"name":"Abilica RotatingHandle"}]},{"@type":"WebSite","@id":"https:\/\/abilica.com\/#website","url":"https:\/\/abilica.com\/","name":"Abilica","description":"Abilica Home Training","potentialAction":[{"@type":"SearchAction","target":{"@type":"EntryPoint","urlTemplate":"https:\/\/abilica.com\/?s={search_term_string}"},"query-input":{"@type":"PropertyValueSpecification","valueRequired":true,"valueName":"search_term_string"}}],"inLanguage":"nb-NO"}]}},"_links":{"self":[{"href":"https:\/\/abilica.com\/no\/wp-json\/wp\/v2\/product\/68006","targetHints":{"allow":["GET"]}}],"collection":[{"href":"https:\/\/abilica.com\/no\/wp-json\/wp\/v2\/product"}],"about":[{"href":"https:\/\/abilica.com\/no\/wp-json\/wp\/v2\/types\/product"}],"wp:featuredmedia":[{"embeddable":true,"href":"https:\/\/abilica.com\/no\/wp-json\/wp\/v2\/media\/68007"}],"wp:attachment":[{"href":"https:\/\/abilica.com\/no\/wp-json\/wp\/v2\/media?parent=68006"}],"wp:term":[{"taxonomy":"product_brand","embeddable":true,"href":"https:\/\/abilica.com\/no\/wp-json\/wp\/v2\/product_brand?post=68006"},{"taxonomy":"product_cat","embeddable":true,"href":"https:\/\/abilica.com\/no\/wp-json\/wp\/v2\/product_cat?post=68006"},{"taxonomy":"product_tag","embeddable":true,"href":"https:\/\/abilica.com\/no\/wp-json\/wp\/v2\/product_tag?post=68006"}],"curies":[{"name":"wp","href":"https:\/\/api.w.org\/{rel}","templated":true}]}}