{"id":68016,"date":"2024-10-03T11:42:34","date_gmt":"2024-10-03T10:42:34","guid":{"rendered":"https:\/\/abilica.com\/?post_type=product&#038;p=68016"},"modified":"2025-11-20T08:29:17","modified_gmt":"2025-11-20T07:29:17","slug":"abilica-lat-pulldown-bar","status":"publish","type":"product","link":"https:\/\/abilica.com\/no\/styrke\/multigym\/abilica-lat-pulldown-bar\/","title":{"rendered":"Abilica Lat PullDown Bar"},"content":{"rendered":"<div class=\"wpb-content-wrapper\"><p>[vc_row][vc_column][vc_column_text]Abilica Lat PullDown Bar er en solid nedtrekkstang til multigym i st\u00e5l med hardkrom legering. Nedtrekkstang for b\u00e5de hjemmetrening og kommersiell bruk. Stangen er produsert i sterkt st\u00e5l med svivel i h\u00f8y kvalitet med to-ledd rotasjon og hardkrom legering. Hardkrom legeringen gir et flott, matt utseende som er korrosjonsbestandig, har god slitestyrke og gir en fantastisk grepsf\u00f8lelse. Legeringen er tynnere enn vanlig krom, som gir bedre struktur i serrateringen p\u00e5 h\u00e5ndtaket, i tillegg til at den matte finishen ikke er glatt som gj\u00f8r den ekstra godt egnet for fuktige hender.<\/p>\n<p>Nedtrekkstangen har en lengde p\u00e5 120 cm og er godt egnet for b\u00e5de nedtrekk med smalt og bredt grep. Stangen har 15 cm knurling grep for nedtrekk med smalt grep og et godt knurlet grep p\u00e5 11.5 cm i ytterkant for nedtrekk med bredt grep. Karabinkrok er ikke inkludert.<span class=\"Apple-converted-space\">\u00a0<\/span><\/p>\n<p><b>Spesifikasjoner<\/b><br \/>\nM\u00e5l: 120 cm lengde<br \/>\nDiameter grep: 26 mm<br \/>\nSerratering seksjoner: 6 stk<br \/>\nSerratering: Hill<br \/>\nLegering: Hardkrom<br \/>\nProduktvekt: 5.6 kg<br \/>\nMateriale: St\u00e5l og plast[\/vc_column_text][vc_empty_space height=&raquo;52px&raquo;][\/vc_column][\/vc_row]<\/p>\n<\/div>","protected":false},"excerpt":{"rendered":"<p>[vc_row][vc_column][vc_column_text]Abilica Lat PullDown Bar er en solid nedtrekkstang til multigym i st\u00e5l med hardkrom legering&#8230;.<\/p>\n","protected":false},"featured_media":68017,"template":"","meta":{"_acf_changed":false},"product_brand":[],"product_cat":[434,422],"product_tag":[366],"class_list":{"0":"post-68016","1":"product","2":"type-product","3":"status-publish","4":"has-post-thumbnail","6":"product_cat-multigym","7":"product_cat-styrke","8":"product_tag-premium-no","10":"first","11":"instock","12":"product-type-simple"},"acf":[],"yoast_head":"<!-- This site is optimized with the Yoast SEO Premium plugin v21.1 (Yoast SEO v25.4) - https:\/\/yoast.com\/wordpress\/plugins\/seo\/ -->\n<title>Abilica Lat PullDown Bar Abilica<\/title>\n<meta name=\"robots\" content=\"index, follow, max-snippet:-1, max-image-preview:large, max-video-preview:-1\" \/>\n<link rel=\"canonical\" href=\"https:\/\/abilica.com\/no\/styrke\/multigym\/abilica-lat-pulldown-bar\/\" \/>\n<meta property=\"og:locale\" content=\"nb_NO\" \/>\n<meta property=\"og:type\" content=\"article\" \/>\n<meta property=\"og:title\" content=\"Abilica Lat PullDown Bar\" \/>\n<meta property=\"og:description\" content=\"[vc_row][vc_column][vc_column_text]Abilica Lat PullDown Bar er en solid nedtrekkstang til multigym i st\u00e5l med hardkrom legering....\" \/>\n<meta property=\"og:url\" content=\"https:\/\/abilica.com\/no\/styrke\/multigym\/abilica-lat-pulldown-bar\/\" \/>\n<meta property=\"og:site_name\" content=\"Abilica\" \/>\n<meta property=\"article:publisher\" content=\"https:\/\/www.facebook.com\/abilicahometraining\/\" \/>\n<meta property=\"article:modified_time\" content=\"2025-11-20T07:29:17+00:00\" \/>\n<meta property=\"og:image\" content=\"https:\/\/abilica.com\/wp-content\/uploads\/2024\/10\/408124-Abilica-Lat-PulldownBar_1.jpg\" \/>\n\t<meta property=\"og:image:width\" content=\"1200\" \/>\n\t<meta property=\"og:image:height\" content=\"1200\" \/>\n\t<meta property=\"og:image:type\" content=\"image\/jpeg\" \/>\n<meta name=\"twitter:card\" content=\"summary_large_image\" \/>\n<meta name=\"twitter:label1\" content=\"Ansl. lesetid\" \/>\n\t<meta name=\"twitter:data1\" content=\"1 minutt\" \/>\n<script type=\"application\/ld+json\" class=\"yoast-schema-graph\">{\"@context\":\"https:\/\/schema.org\",\"@graph\":[{\"@type\":\"WebPage\",\"@id\":\"https:\/\/abilica.com\/no\/styrke\/multigym\/abilica-lat-pulldown-bar\/\",\"url\":\"https:\/\/abilica.com\/no\/styrke\/multigym\/abilica-lat-pulldown-bar\/\",\"name\":\"Abilica Lat PullDown Bar Abilica\",\"isPartOf\":{\"@id\":\"https:\/\/abilica.com\/#website\"},\"primaryImageOfPage\":{\"@id\":\"https:\/\/abilica.com\/no\/styrke\/multigym\/abilica-lat-pulldown-bar\/#primaryimage\"},\"image\":{\"@id\":\"https:\/\/abilica.com\/no\/styrke\/multigym\/abilica-lat-pulldown-bar\/#primaryimage\"},\"thumbnailUrl\":\"https:\/\/abilica.com\/wp-content\/uploads\/2024\/10\/408124-Abilica-Lat-PulldownBar_1.jpg\",\"datePublished\":\"2024-10-03T10:42:34+00:00\",\"dateModified\":\"2025-11-20T07:29:17+00:00\",\"breadcrumb\":{\"@id\":\"https:\/\/abilica.com\/no\/styrke\/multigym\/abilica-lat-pulldown-bar\/#breadcrumb\"},\"inLanguage\":\"nb-NO\",\"potentialAction\":[{\"@type\":\"ReadAction\",\"target\":[\"https:\/\/abilica.com\/no\/styrke\/multigym\/abilica-lat-pulldown-bar\/\"]}]},{\"@type\":\"ImageObject\",\"inLanguage\":\"nb-NO\",\"@id\":\"https:\/\/abilica.com\/no\/styrke\/multigym\/abilica-lat-pulldown-bar\/#primaryimage\",\"url\":\"https:\/\/abilica.com\/wp-content\/uploads\/2024\/10\/408124-Abilica-Lat-PulldownBar_1.jpg\",\"contentUrl\":\"https:\/\/abilica.com\/wp-content\/uploads\/2024\/10\/408124-Abilica-Lat-PulldownBar_1.jpg\",\"width\":1200,\"height\":1200},{\"@type\":\"BreadcrumbList\",\"@id\":\"https:\/\/abilica.com\/no\/styrke\/multigym\/abilica-lat-pulldown-bar\/#breadcrumb\",\"itemListElement\":[{\"@type\":\"ListItem\",\"position\":1,\"name\":\"Hem\",\"item\":\"https:\/\/abilica.com\/no\/\"},{\"@type\":\"ListItem\",\"position\":2,\"name\":\"Produkter\",\"item\":\"https:\/\/abilica.com\/no\/shop-2\/\"},{\"@type\":\"ListItem\",\"position\":3,\"name\":\"Abilica Lat PullDown Bar\"}]},{\"@type\":\"WebSite\",\"@id\":\"https:\/\/abilica.com\/#website\",\"url\":\"https:\/\/abilica.com\/\",\"name\":\"Abilica\",\"description\":\"Abilica Home Training\",\"potentialAction\":[{\"@type\":\"SearchAction\",\"target\":{\"@type\":\"EntryPoint\",\"urlTemplate\":\"https:\/\/abilica.com\/?s={search_term_string}\"},\"query-input\":{\"@type\":\"PropertyValueSpecification\",\"valueRequired\":true,\"valueName\":\"search_term_string\"}}],\"inLanguage\":\"nb-NO\"}]}<\/script>\n<!-- \/ Yoast SEO Premium plugin. -->","yoast_head_json":{"title":"Abilica Lat PullDown Bar Abilica","robots":{"index":"index","follow":"follow","max-snippet":"max-snippet:-1","max-image-preview":"max-image-preview:large","max-video-preview":"max-video-preview:-1"},"canonical":"https:\/\/abilica.com\/no\/styrke\/multigym\/abilica-lat-pulldown-bar\/","og_locale":"nb_NO","og_type":"article","og_title":"Abilica Lat PullDown Bar","og_description":"[vc_row][vc_column][vc_column_text]Abilica Lat PullDown Bar er en solid nedtrekkstang til multigym i st\u00e5l med hardkrom legering....","og_url":"https:\/\/abilica.com\/no\/styrke\/multigym\/abilica-lat-pulldown-bar\/","og_site_name":"Abilica","article_publisher":"https:\/\/www.facebook.com\/abilicahometraining\/","article_modified_time":"2025-11-20T07:29:17+00:00","og_image":[{"width":1200,"height":1200,"url":"https:\/\/abilica.com\/wp-content\/uploads\/2024\/10\/408124-Abilica-Lat-PulldownBar_1.jpg","type":"image\/jpeg"}],"twitter_card":"summary_large_image","twitter_misc":{"Ansl. lesetid":"1 minutt"},"schema":{"@context":"https:\/\/schema.org","@graph":[{"@type":"WebPage","@id":"https:\/\/abilica.com\/no\/styrke\/multigym\/abilica-lat-pulldown-bar\/","url":"https:\/\/abilica.com\/no\/styrke\/multigym\/abilica-lat-pulldown-bar\/","name":"Abilica Lat PullDown Bar Abilica","isPartOf":{"@id":"https:\/\/abilica.com\/#website"},"primaryImageOfPage":{"@id":"https:\/\/abilica.com\/no\/styrke\/multigym\/abilica-lat-pulldown-bar\/#primaryimage"},"image":{"@id":"https:\/\/abilica.com\/no\/styrke\/multigym\/abilica-lat-pulldown-bar\/#primaryimage"},"thumbnailUrl":"https:\/\/abilica.com\/wp-content\/uploads\/2024\/10\/408124-Abilica-Lat-PulldownBar_1.jpg","datePublished":"2024-10-03T10:42:34+00:00","dateModified":"2025-11-20T07:29:17+00:00","breadcrumb":{"@id":"https:\/\/abilica.com\/no\/styrke\/multigym\/abilica-lat-pulldown-bar\/#breadcrumb"},"inLanguage":"nb-NO","potentialAction":[{"@type":"ReadAction","target":["https:\/\/abilica.com\/no\/styrke\/multigym\/abilica-lat-pulldown-bar\/"]}]},{"@type":"ImageObject","inLanguage":"nb-NO","@id":"https:\/\/abilica.com\/no\/styrke\/multigym\/abilica-lat-pulldown-bar\/#primaryimage","url":"https:\/\/abilica.com\/wp-content\/uploads\/2024\/10\/408124-Abilica-Lat-PulldownBar_1.jpg","contentUrl":"https:\/\/abilica.com\/wp-content\/uploads\/2024\/10\/408124-Abilica-Lat-PulldownBar_1.jpg","width":1200,"height":1200},{"@type":"BreadcrumbList","@id":"https:\/\/abilica.com\/no\/styrke\/multigym\/abilica-lat-pulldown-bar\/#breadcrumb","itemListElement":[{"@type":"ListItem","position":1,"name":"Hem","item":"https:\/\/abilica.com\/no\/"},{"@type":"ListItem","position":2,"name":"Produkter","item":"https:\/\/abilica.com\/no\/shop-2\/"},{"@type":"ListItem","position":3,"name":"Abilica Lat PullDown Bar"}]},{"@type":"WebSite","@id":"https:\/\/abilica.com\/#website","url":"https:\/\/abilica.com\/","name":"Abilica","description":"Abilica Home Training","potentialAction":[{"@type":"SearchAction","target":{"@type":"EntryPoint","urlTemplate":"https:\/\/abilica.com\/?s={search_term_string}"},"query-input":{"@type":"PropertyValueSpecification","valueRequired":true,"valueName":"search_term_string"}}],"inLanguage":"nb-NO"}]}},"_links":{"self":[{"href":"https:\/\/abilica.com\/no\/wp-json\/wp\/v2\/product\/68016","targetHints":{"allow":["GET"]}}],"collection":[{"href":"https:\/\/abilica.com\/no\/wp-json\/wp\/v2\/product"}],"about":[{"href":"https:\/\/abilica.com\/no\/wp-json\/wp\/v2\/types\/product"}],"wp:featuredmedia":[{"embeddable":true,"href":"https:\/\/abilica.com\/no\/wp-json\/wp\/v2\/media\/68017"}],"wp:attachment":[{"href":"https:\/\/abilica.com\/no\/wp-json\/wp\/v2\/media?parent=68016"}],"wp:term":[{"taxonomy":"product_brand","embeddable":true,"href":"https:\/\/abilica.com\/no\/wp-json\/wp\/v2\/product_brand?post=68016"},{"taxonomy":"product_cat","embeddable":true,"href":"https:\/\/abilica.com\/no\/wp-json\/wp\/v2\/product_cat?post=68016"},{"taxonomy":"product_tag","embeddable":true,"href":"https:\/\/abilica.com\/no\/wp-json\/wp\/v2\/product_tag?post=68016"}],"curies":[{"name":"wp","href":"https:\/\/api.w.org\/{rel}","templated":true}]}}