{"id":68043,"date":"2024-10-04T13:15:33","date_gmt":"2024-10-04T12:15:33","guid":{"rendered":"https:\/\/abilica.com\/?post_type=product&#038;p=68043"},"modified":"2025-11-03T19:25:21","modified_gmt":"2025-11-03T18:25:21","slug":"abilica-weightbar-200-cm-50-mm-2","status":"publish","type":"product","link":"https:\/\/abilica.com\/no\/styrke\/skiver-og-stenger\/abilica-weightbar-200-cm-50-mm-2\/","title":{"rendered":"Abilica WeightBar 200 cm 50 mm"},"content":{"rendered":"<div class=\"wpb-content-wrapper\"><p>[vc_row][vc_column][vc_column_text]<strong>Abilica WeightBar 200 cm er perfekt for deg med mindre hender, eller som har behov for en kortere stang til treningsrommet.<\/strong><\/p>\n<p>Vektstangen passer godt i de aller fleste rack og er godt egnet til markl\u00f8ft, kneb\u00f8y og benkpress. Vektstangen har en grepsdiameter p\u00e5 25 mm med 1.2 mm hill serratering og en overflatebehandling av typen hardkrom. Hardkrom er en legering som er gir vektstangen et flott utseende, god f\u00f8lelse, korrosjonsbestandighet og god slitestyrke. Denne kombinasjonen gj\u00f8r at grepet f\u00f8les komfortabelt i tillegg til at du fortsatt har godt grep n\u00e5r vektene blir tunge.<\/p>\n<p>Stangen er sv\u00e6rt godt egnet til markl\u00f8ft, da den ikke har serratering p\u00e5 midten av stangen. Dette gj\u00f8r at du ikke skraper opp leggen grunnet en grov serratering n\u00e5r stangen skal dras n\u00e6re leggene. Vektstangen har en serratering seksjonene p\u00e5 hver side av stangen slik du enkelt kan for finne samme grepsbredde hver gang du skal l\u00f8fte markl\u00f8ft eller benkpress. Vi anbefaler Abilica Olympic WeightPlates til denne vektstangen, i tillegg til 50 mm l\u00e5ser. Abilica WeightBar 200 cm 50 mm passer like bra i et treningsrom hjemme som hos en bedrift.<\/p>\n<p>&nbsp;<\/p>\n<p><b>Spesifikasjoner<br \/>\n<\/b>Lengde: 200 cm<br \/>\nVekt: 15 kg<br \/>\nLengde endestykke: 31,5 cm<br \/>\nGrepsvidde: 131 cm<br \/>\nDiameter grep: 25 mm<br \/>\nSerratering seksjoner: 4<br \/>\nSerratering type: Hill 1.2 mm<br \/>\nLager: 2 stk n\u00e5lelager og kobberlager<br \/>\nPSI: 110k<br \/>\nOverflatebehandling: Hardkrom<br \/>\nMaks belastning:\u00a0250 kg<br \/>\nLeveres uten l\u00e5ser[\/vc_column_text][vc_empty_space height=&raquo;52px&raquo;][\/vc_column][\/vc_row]<\/p>\n<\/div>","protected":false},"excerpt":{"rendered":"<p>[vc_row][vc_column][vc_column_text]Abilica WeightBar 200 cm er perfekt for deg med mindre hender, eller som har behov&#8230;<\/p>\n","protected":false},"featured_media":68047,"template":"","meta":{"_acf_changed":false},"product_brand":[],"product_cat":[425,422],"product_tag":[366],"class_list":{"0":"post-68043","1":"product","2":"type-product","3":"status-publish","4":"has-post-thumbnail","6":"product_cat-skiver-og-stenger","7":"product_cat-styrke","8":"product_tag-premium-no","10":"first","11":"instock","12":"product-type-simple"},"acf":[],"yoast_head":"<!-- This site is optimized with the Yoast SEO Premium plugin v21.1 (Yoast SEO v25.4) - https:\/\/yoast.com\/wordpress\/plugins\/seo\/ -->\n<title>Abilica WeightBar 200 cm 50 mm Abilica<\/title>\n<meta name=\"robots\" content=\"index, follow, max-snippet:-1, max-image-preview:large, max-video-preview:-1\" \/>\n<link rel=\"canonical\" href=\"https:\/\/abilica.com\/no\/styrke\/skiver-og-stenger\/abilica-weightbar-200-cm-50-mm-2\/\" \/>\n<meta property=\"og:locale\" content=\"nb_NO\" \/>\n<meta property=\"og:type\" content=\"article\" \/>\n<meta property=\"og:title\" content=\"Abilica WeightBar 200 cm 50 mm\" \/>\n<meta property=\"og:description\" content=\"[vc_row][vc_column][vc_column_text]Abilica WeightBar 200 cm er perfekt for deg med mindre hender, eller som har behov...\" \/>\n<meta property=\"og:url\" content=\"https:\/\/abilica.com\/no\/styrke\/skiver-og-stenger\/abilica-weightbar-200-cm-50-mm-2\/\" \/>\n<meta property=\"og:site_name\" content=\"Abilica\" \/>\n<meta property=\"article:publisher\" content=\"https:\/\/www.facebook.com\/abilicahometraining\/\" \/>\n<meta property=\"article:modified_time\" content=\"2025-11-03T18:25:21+00:00\" \/>\n<meta property=\"og:image\" content=\"https:\/\/abilica.com\/wp-content\/uploads\/2024\/10\/408132-Abilica-WeightBar-200-cm-50-mm_B.jpg\" \/>\n\t<meta property=\"og:image:width\" content=\"1200\" \/>\n\t<meta property=\"og:image:height\" content=\"1200\" \/>\n\t<meta property=\"og:image:type\" content=\"image\/jpeg\" \/>\n<meta name=\"twitter:card\" content=\"summary_large_image\" \/>\n<meta name=\"twitter:label1\" content=\"Ansl. lesetid\" \/>\n\t<meta name=\"twitter:data1\" content=\"1 minutt\" \/>\n<script type=\"application\/ld+json\" class=\"yoast-schema-graph\">{\"@context\":\"https:\/\/schema.org\",\"@graph\":[{\"@type\":\"WebPage\",\"@id\":\"https:\/\/abilica.com\/no\/styrke\/skiver-og-stenger\/abilica-weightbar-200-cm-50-mm-2\/\",\"url\":\"https:\/\/abilica.com\/no\/styrke\/skiver-og-stenger\/abilica-weightbar-200-cm-50-mm-2\/\",\"name\":\"Abilica WeightBar 200 cm 50 mm Abilica\",\"isPartOf\":{\"@id\":\"https:\/\/abilica.com\/#website\"},\"primaryImageOfPage\":{\"@id\":\"https:\/\/abilica.com\/no\/styrke\/skiver-og-stenger\/abilica-weightbar-200-cm-50-mm-2\/#primaryimage\"},\"image\":{\"@id\":\"https:\/\/abilica.com\/no\/styrke\/skiver-og-stenger\/abilica-weightbar-200-cm-50-mm-2\/#primaryimage\"},\"thumbnailUrl\":\"https:\/\/abilica.com\/wp-content\/uploads\/2024\/10\/408132-Abilica-WeightBar-200-cm-50-mm_B.jpg\",\"datePublished\":\"2024-10-04T12:15:33+00:00\",\"dateModified\":\"2025-11-03T18:25:21+00:00\",\"breadcrumb\":{\"@id\":\"https:\/\/abilica.com\/no\/styrke\/skiver-og-stenger\/abilica-weightbar-200-cm-50-mm-2\/#breadcrumb\"},\"inLanguage\":\"nb-NO\",\"potentialAction\":[{\"@type\":\"ReadAction\",\"target\":[\"https:\/\/abilica.com\/no\/styrke\/skiver-og-stenger\/abilica-weightbar-200-cm-50-mm-2\/\"]}]},{\"@type\":\"ImageObject\",\"inLanguage\":\"nb-NO\",\"@id\":\"https:\/\/abilica.com\/no\/styrke\/skiver-og-stenger\/abilica-weightbar-200-cm-50-mm-2\/#primaryimage\",\"url\":\"https:\/\/abilica.com\/wp-content\/uploads\/2024\/10\/408132-Abilica-WeightBar-200-cm-50-mm_B.jpg\",\"contentUrl\":\"https:\/\/abilica.com\/wp-content\/uploads\/2024\/10\/408132-Abilica-WeightBar-200-cm-50-mm_B.jpg\",\"width\":1200,\"height\":1200},{\"@type\":\"BreadcrumbList\",\"@id\":\"https:\/\/abilica.com\/no\/styrke\/skiver-og-stenger\/abilica-weightbar-200-cm-50-mm-2\/#breadcrumb\",\"itemListElement\":[{\"@type\":\"ListItem\",\"position\":1,\"name\":\"Hem\",\"item\":\"https:\/\/abilica.com\/no\/\"},{\"@type\":\"ListItem\",\"position\":2,\"name\":\"Produkter\",\"item\":\"https:\/\/abilica.com\/no\/shop-2\/\"},{\"@type\":\"ListItem\",\"position\":3,\"name\":\"Abilica WeightBar 200 cm 50 mm\"}]},{\"@type\":\"WebSite\",\"@id\":\"https:\/\/abilica.com\/#website\",\"url\":\"https:\/\/abilica.com\/\",\"name\":\"Abilica\",\"description\":\"Abilica Home Training\",\"potentialAction\":[{\"@type\":\"SearchAction\",\"target\":{\"@type\":\"EntryPoint\",\"urlTemplate\":\"https:\/\/abilica.com\/?s={search_term_string}\"},\"query-input\":{\"@type\":\"PropertyValueSpecification\",\"valueRequired\":true,\"valueName\":\"search_term_string\"}}],\"inLanguage\":\"nb-NO\"}]}<\/script>\n<!-- \/ Yoast SEO Premium plugin. -->","yoast_head_json":{"title":"Abilica WeightBar 200 cm 50 mm Abilica","robots":{"index":"index","follow":"follow","max-snippet":"max-snippet:-1","max-image-preview":"max-image-preview:large","max-video-preview":"max-video-preview:-1"},"canonical":"https:\/\/abilica.com\/no\/styrke\/skiver-og-stenger\/abilica-weightbar-200-cm-50-mm-2\/","og_locale":"nb_NO","og_type":"article","og_title":"Abilica WeightBar 200 cm 50 mm","og_description":"[vc_row][vc_column][vc_column_text]Abilica WeightBar 200 cm er perfekt for deg med mindre hender, eller som har behov...","og_url":"https:\/\/abilica.com\/no\/styrke\/skiver-og-stenger\/abilica-weightbar-200-cm-50-mm-2\/","og_site_name":"Abilica","article_publisher":"https:\/\/www.facebook.com\/abilicahometraining\/","article_modified_time":"2025-11-03T18:25:21+00:00","og_image":[{"width":1200,"height":1200,"url":"https:\/\/abilica.com\/wp-content\/uploads\/2024\/10\/408132-Abilica-WeightBar-200-cm-50-mm_B.jpg","type":"image\/jpeg"}],"twitter_card":"summary_large_image","twitter_misc":{"Ansl. lesetid":"1 minutt"},"schema":{"@context":"https:\/\/schema.org","@graph":[{"@type":"WebPage","@id":"https:\/\/abilica.com\/no\/styrke\/skiver-og-stenger\/abilica-weightbar-200-cm-50-mm-2\/","url":"https:\/\/abilica.com\/no\/styrke\/skiver-og-stenger\/abilica-weightbar-200-cm-50-mm-2\/","name":"Abilica WeightBar 200 cm 50 mm Abilica","isPartOf":{"@id":"https:\/\/abilica.com\/#website"},"primaryImageOfPage":{"@id":"https:\/\/abilica.com\/no\/styrke\/skiver-og-stenger\/abilica-weightbar-200-cm-50-mm-2\/#primaryimage"},"image":{"@id":"https:\/\/abilica.com\/no\/styrke\/skiver-og-stenger\/abilica-weightbar-200-cm-50-mm-2\/#primaryimage"},"thumbnailUrl":"https:\/\/abilica.com\/wp-content\/uploads\/2024\/10\/408132-Abilica-WeightBar-200-cm-50-mm_B.jpg","datePublished":"2024-10-04T12:15:33+00:00","dateModified":"2025-11-03T18:25:21+00:00","breadcrumb":{"@id":"https:\/\/abilica.com\/no\/styrke\/skiver-og-stenger\/abilica-weightbar-200-cm-50-mm-2\/#breadcrumb"},"inLanguage":"nb-NO","potentialAction":[{"@type":"ReadAction","target":["https:\/\/abilica.com\/no\/styrke\/skiver-og-stenger\/abilica-weightbar-200-cm-50-mm-2\/"]}]},{"@type":"ImageObject","inLanguage":"nb-NO","@id":"https:\/\/abilica.com\/no\/styrke\/skiver-og-stenger\/abilica-weightbar-200-cm-50-mm-2\/#primaryimage","url":"https:\/\/abilica.com\/wp-content\/uploads\/2024\/10\/408132-Abilica-WeightBar-200-cm-50-mm_B.jpg","contentUrl":"https:\/\/abilica.com\/wp-content\/uploads\/2024\/10\/408132-Abilica-WeightBar-200-cm-50-mm_B.jpg","width":1200,"height":1200},{"@type":"BreadcrumbList","@id":"https:\/\/abilica.com\/no\/styrke\/skiver-og-stenger\/abilica-weightbar-200-cm-50-mm-2\/#breadcrumb","itemListElement":[{"@type":"ListItem","position":1,"name":"Hem","item":"https:\/\/abilica.com\/no\/"},{"@type":"ListItem","position":2,"name":"Produkter","item":"https:\/\/abilica.com\/no\/shop-2\/"},{"@type":"ListItem","position":3,"name":"Abilica WeightBar 200 cm 50 mm"}]},{"@type":"WebSite","@id":"https:\/\/abilica.com\/#website","url":"https:\/\/abilica.com\/","name":"Abilica","description":"Abilica Home Training","potentialAction":[{"@type":"SearchAction","target":{"@type":"EntryPoint","urlTemplate":"https:\/\/abilica.com\/?s={search_term_string}"},"query-input":{"@type":"PropertyValueSpecification","valueRequired":true,"valueName":"search_term_string"}}],"inLanguage":"nb-NO"}]}},"_links":{"self":[{"href":"https:\/\/abilica.com\/no\/wp-json\/wp\/v2\/product\/68043","targetHints":{"allow":["GET"]}}],"collection":[{"href":"https:\/\/abilica.com\/no\/wp-json\/wp\/v2\/product"}],"about":[{"href":"https:\/\/abilica.com\/no\/wp-json\/wp\/v2\/types\/product"}],"wp:featuredmedia":[{"embeddable":true,"href":"https:\/\/abilica.com\/no\/wp-json\/wp\/v2\/media\/68047"}],"wp:attachment":[{"href":"https:\/\/abilica.com\/no\/wp-json\/wp\/v2\/media?parent=68043"}],"wp:term":[{"taxonomy":"product_brand","embeddable":true,"href":"https:\/\/abilica.com\/no\/wp-json\/wp\/v2\/product_brand?post=68043"},{"taxonomy":"product_cat","embeddable":true,"href":"https:\/\/abilica.com\/no\/wp-json\/wp\/v2\/product_cat?post=68043"},{"taxonomy":"product_tag","embeddable":true,"href":"https:\/\/abilica.com\/no\/wp-json\/wp\/v2\/product_tag?post=68043"}],"curies":[{"name":"wp","href":"https:\/\/api.w.org\/{rel}","templated":true}]}}