{"id":68090,"date":"2024-11-04T12:09:45","date_gmt":"2024-11-04T11:09:45","guid":{"rendered":"https:\/\/abilica.com\/?post_type=product&#038;p=68090"},"modified":"2024-11-28T09:00:29","modified_gmt":"2024-11-28T08:00:29","slug":"abilica-bandpegs-attachment","status":"publish","type":"product","link":"https:\/\/abilica.com\/no\/styrke\/cage-rack\/abilica-bandpegs-attachment\/","title":{"rendered":"Abilica BandPegs-Attachment"},"content":{"rendered":"<div class=\"wpb-content-wrapper\"><p>[vc_row][vc_column][vc_column_text]<strong>Ved kj\u00f8p av Abilica\u00a0<\/strong><strong>BandPegs-Attachment utvides \u00f8velseskatalogen ytterligere til ogs\u00e5 \u00e5 inkludere \u00f8velser med strikk for \u00e5 f\u00e5 de tyngre eller letter.<\/strong><\/p>\n<p>Passer til Abilica 40 og 500 serien og alle rack med 16 mm hull diameter. Leveres med magnet som holder BandPeg p\u00e5 plass i hullet p\u00e5 racket. Selges som sett med 4 stk pr. pakke.<\/p>\n<p><b>Spesifikasjoner<br \/>\n<\/b>M\u00e5l: 39 cm lang. Diameter 15,9 mm.<br \/>\nHull diameter: 16 mm<br \/>\nProduktvekt: 0,6 kg pr. stk.\/ 2,4 kg. pr. sett<br \/>\nMateriale: St\u00e5l, plast, magnet[\/vc_column_text][vc_empty_space height=&raquo;52px&raquo;][\/vc_column][\/vc_row]<\/p>\n<\/div>","protected":false},"excerpt":{"rendered":"<p>[vc_row][vc_column][vc_column_text]Ved kj\u00f8p av Abilica\u00a0BandPegs-Attachment utvides \u00f8velseskatalogen ytterligere til ogs\u00e5 \u00e5 inkludere \u00f8velser med strikk for&#8230;<\/p>\n","protected":false},"featured_media":68091,"template":"","meta":{"_acf_changed":false},"product_brand":[],"product_cat":[464,422],"product_tag":[366],"class_list":{"0":"post-68090","1":"product","2":"type-product","3":"status-publish","4":"has-post-thumbnail","6":"product_cat-cage-rack","7":"product_cat-styrke","8":"product_tag-premium-no","10":"first","11":"instock","12":"product-type-simple"},"acf":[],"yoast_head":"<!-- This site is optimized with the Yoast SEO Premium plugin v21.1 (Yoast SEO v25.4) - https:\/\/yoast.com\/wordpress\/plugins\/seo\/ -->\n<title>Abilica BandPegs-Attachment Abilica<\/title>\n<meta name=\"robots\" content=\"index, follow, max-snippet:-1, max-image-preview:large, max-video-preview:-1\" \/>\n<link rel=\"canonical\" href=\"https:\/\/abilica.com\/no\/styrke\/cage-rack\/abilica-bandpegs-attachment\/\" \/>\n<meta property=\"og:locale\" content=\"nb_NO\" \/>\n<meta property=\"og:type\" content=\"article\" \/>\n<meta property=\"og:title\" content=\"Abilica BandPegs-Attachment\" \/>\n<meta property=\"og:description\" content=\"[vc_row][vc_column][vc_column_text]Ved kj\u00f8p av Abilica\u00a0BandPegs-Attachment utvides \u00f8velseskatalogen ytterligere til ogs\u00e5 \u00e5 inkludere \u00f8velser med strikk for...\" \/>\n<meta property=\"og:url\" content=\"https:\/\/abilica.com\/no\/styrke\/cage-rack\/abilica-bandpegs-attachment\/\" \/>\n<meta property=\"og:site_name\" content=\"Abilica\" \/>\n<meta property=\"article:publisher\" content=\"https:\/\/www.facebook.com\/abilicahometraining\/\" \/>\n<meta property=\"article:modified_time\" content=\"2024-11-28T08:00:29+00:00\" \/>\n<meta property=\"og:image\" content=\"https:\/\/abilica.com\/wp-content\/uploads\/2024\/11\/408121-Abilica-BandPegs-Attachment_1.jpg\" \/>\n\t<meta property=\"og:image:width\" content=\"1200\" \/>\n\t<meta property=\"og:image:height\" content=\"1200\" \/>\n\t<meta property=\"og:image:type\" content=\"image\/jpeg\" \/>\n<meta name=\"twitter:card\" content=\"summary_large_image\" \/>\n<script type=\"application\/ld+json\" class=\"yoast-schema-graph\">{\"@context\":\"https:\/\/schema.org\",\"@graph\":[{\"@type\":\"WebPage\",\"@id\":\"https:\/\/abilica.com\/no\/styrke\/cage-rack\/abilica-bandpegs-attachment\/\",\"url\":\"https:\/\/abilica.com\/no\/styrke\/cage-rack\/abilica-bandpegs-attachment\/\",\"name\":\"Abilica BandPegs-Attachment Abilica\",\"isPartOf\":{\"@id\":\"https:\/\/abilica.com\/#website\"},\"primaryImageOfPage\":{\"@id\":\"https:\/\/abilica.com\/no\/styrke\/cage-rack\/abilica-bandpegs-attachment\/#primaryimage\"},\"image\":{\"@id\":\"https:\/\/abilica.com\/no\/styrke\/cage-rack\/abilica-bandpegs-attachment\/#primaryimage\"},\"thumbnailUrl\":\"https:\/\/abilica.com\/wp-content\/uploads\/2024\/11\/408121-Abilica-BandPegs-Attachment_1.jpg\",\"datePublished\":\"2024-11-04T11:09:45+00:00\",\"dateModified\":\"2024-11-28T08:00:29+00:00\",\"breadcrumb\":{\"@id\":\"https:\/\/abilica.com\/no\/styrke\/cage-rack\/abilica-bandpegs-attachment\/#breadcrumb\"},\"inLanguage\":\"nb-NO\",\"potentialAction\":[{\"@type\":\"ReadAction\",\"target\":[\"https:\/\/abilica.com\/no\/styrke\/cage-rack\/abilica-bandpegs-attachment\/\"]}]},{\"@type\":\"ImageObject\",\"inLanguage\":\"nb-NO\",\"@id\":\"https:\/\/abilica.com\/no\/styrke\/cage-rack\/abilica-bandpegs-attachment\/#primaryimage\",\"url\":\"https:\/\/abilica.com\/wp-content\/uploads\/2024\/11\/408121-Abilica-BandPegs-Attachment_1.jpg\",\"contentUrl\":\"https:\/\/abilica.com\/wp-content\/uploads\/2024\/11\/408121-Abilica-BandPegs-Attachment_1.jpg\",\"width\":1200,\"height\":1200},{\"@type\":\"BreadcrumbList\",\"@id\":\"https:\/\/abilica.com\/no\/styrke\/cage-rack\/abilica-bandpegs-attachment\/#breadcrumb\",\"itemListElement\":[{\"@type\":\"ListItem\",\"position\":1,\"name\":\"Hem\",\"item\":\"https:\/\/abilica.com\/no\/\"},{\"@type\":\"ListItem\",\"position\":2,\"name\":\"Produkter\",\"item\":\"https:\/\/abilica.com\/no\/shop-2\/\"},{\"@type\":\"ListItem\",\"position\":3,\"name\":\"Abilica BandPegs-Attachment\"}]},{\"@type\":\"WebSite\",\"@id\":\"https:\/\/abilica.com\/#website\",\"url\":\"https:\/\/abilica.com\/\",\"name\":\"Abilica\",\"description\":\"Abilica Home Training\",\"potentialAction\":[{\"@type\":\"SearchAction\",\"target\":{\"@type\":\"EntryPoint\",\"urlTemplate\":\"https:\/\/abilica.com\/?s={search_term_string}\"},\"query-input\":{\"@type\":\"PropertyValueSpecification\",\"valueRequired\":true,\"valueName\":\"search_term_string\"}}],\"inLanguage\":\"nb-NO\"}]}<\/script>\n<!-- \/ Yoast SEO Premium plugin. -->","yoast_head_json":{"title":"Abilica BandPegs-Attachment Abilica","robots":{"index":"index","follow":"follow","max-snippet":"max-snippet:-1","max-image-preview":"max-image-preview:large","max-video-preview":"max-video-preview:-1"},"canonical":"https:\/\/abilica.com\/no\/styrke\/cage-rack\/abilica-bandpegs-attachment\/","og_locale":"nb_NO","og_type":"article","og_title":"Abilica BandPegs-Attachment","og_description":"[vc_row][vc_column][vc_column_text]Ved kj\u00f8p av Abilica\u00a0BandPegs-Attachment utvides \u00f8velseskatalogen ytterligere til ogs\u00e5 \u00e5 inkludere \u00f8velser med strikk for...","og_url":"https:\/\/abilica.com\/no\/styrke\/cage-rack\/abilica-bandpegs-attachment\/","og_site_name":"Abilica","article_publisher":"https:\/\/www.facebook.com\/abilicahometraining\/","article_modified_time":"2024-11-28T08:00:29+00:00","og_image":[{"width":1200,"height":1200,"url":"https:\/\/abilica.com\/wp-content\/uploads\/2024\/11\/408121-Abilica-BandPegs-Attachment_1.jpg","type":"image\/jpeg"}],"twitter_card":"summary_large_image","schema":{"@context":"https:\/\/schema.org","@graph":[{"@type":"WebPage","@id":"https:\/\/abilica.com\/no\/styrke\/cage-rack\/abilica-bandpegs-attachment\/","url":"https:\/\/abilica.com\/no\/styrke\/cage-rack\/abilica-bandpegs-attachment\/","name":"Abilica BandPegs-Attachment Abilica","isPartOf":{"@id":"https:\/\/abilica.com\/#website"},"primaryImageOfPage":{"@id":"https:\/\/abilica.com\/no\/styrke\/cage-rack\/abilica-bandpegs-attachment\/#primaryimage"},"image":{"@id":"https:\/\/abilica.com\/no\/styrke\/cage-rack\/abilica-bandpegs-attachment\/#primaryimage"},"thumbnailUrl":"https:\/\/abilica.com\/wp-content\/uploads\/2024\/11\/408121-Abilica-BandPegs-Attachment_1.jpg","datePublished":"2024-11-04T11:09:45+00:00","dateModified":"2024-11-28T08:00:29+00:00","breadcrumb":{"@id":"https:\/\/abilica.com\/no\/styrke\/cage-rack\/abilica-bandpegs-attachment\/#breadcrumb"},"inLanguage":"nb-NO","potentialAction":[{"@type":"ReadAction","target":["https:\/\/abilica.com\/no\/styrke\/cage-rack\/abilica-bandpegs-attachment\/"]}]},{"@type":"ImageObject","inLanguage":"nb-NO","@id":"https:\/\/abilica.com\/no\/styrke\/cage-rack\/abilica-bandpegs-attachment\/#primaryimage","url":"https:\/\/abilica.com\/wp-content\/uploads\/2024\/11\/408121-Abilica-BandPegs-Attachment_1.jpg","contentUrl":"https:\/\/abilica.com\/wp-content\/uploads\/2024\/11\/408121-Abilica-BandPegs-Attachment_1.jpg","width":1200,"height":1200},{"@type":"BreadcrumbList","@id":"https:\/\/abilica.com\/no\/styrke\/cage-rack\/abilica-bandpegs-attachment\/#breadcrumb","itemListElement":[{"@type":"ListItem","position":1,"name":"Hem","item":"https:\/\/abilica.com\/no\/"},{"@type":"ListItem","position":2,"name":"Produkter","item":"https:\/\/abilica.com\/no\/shop-2\/"},{"@type":"ListItem","position":3,"name":"Abilica BandPegs-Attachment"}]},{"@type":"WebSite","@id":"https:\/\/abilica.com\/#website","url":"https:\/\/abilica.com\/","name":"Abilica","description":"Abilica Home Training","potentialAction":[{"@type":"SearchAction","target":{"@type":"EntryPoint","urlTemplate":"https:\/\/abilica.com\/?s={search_term_string}"},"query-input":{"@type":"PropertyValueSpecification","valueRequired":true,"valueName":"search_term_string"}}],"inLanguage":"nb-NO"}]}},"_links":{"self":[{"href":"https:\/\/abilica.com\/no\/wp-json\/wp\/v2\/product\/68090","targetHints":{"allow":["GET"]}}],"collection":[{"href":"https:\/\/abilica.com\/no\/wp-json\/wp\/v2\/product"}],"about":[{"href":"https:\/\/abilica.com\/no\/wp-json\/wp\/v2\/types\/product"}],"wp:featuredmedia":[{"embeddable":true,"href":"https:\/\/abilica.com\/no\/wp-json\/wp\/v2\/media\/68091"}],"wp:attachment":[{"href":"https:\/\/abilica.com\/no\/wp-json\/wp\/v2\/media?parent=68090"}],"wp:term":[{"taxonomy":"product_brand","embeddable":true,"href":"https:\/\/abilica.com\/no\/wp-json\/wp\/v2\/product_brand?post=68090"},{"taxonomy":"product_cat","embeddable":true,"href":"https:\/\/abilica.com\/no\/wp-json\/wp\/v2\/product_cat?post=68090"},{"taxonomy":"product_tag","embeddable":true,"href":"https:\/\/abilica.com\/no\/wp-json\/wp\/v2\/product_tag?post=68090"}],"curies":[{"name":"wp","href":"https:\/\/api.w.org\/{rel}","templated":true}]}}