{"id":68118,"date":"2024-11-12T08:21:39","date_gmt":"2024-11-12T07:21:39","guid":{"rendered":"https:\/\/abilica.com\/?post_type=product&#038;p=68118"},"modified":"2025-10-20T10:30:54","modified_gmt":"2025-10-20T09:30:54","slug":"abilica-weightbench-40","status":"publish","type":"product","link":"https:\/\/abilica.com\/no\/styrke\/treningsbenk\/abilica-weightbench-40\/","title":{"rendered":"Abilica WeightBench 40"},"content":{"rendered":"<div class=\"wpb-content-wrapper\"><p>[vc_row][vc_column][vc_column_text el_class=&raquo;product-video&raquo;]<strong>Abilica WeightBench 40 er flatbenken for deg som \u00f8nsker en solid og stabil treningsbenk for styrketrening.<br \/>\n<\/strong><br \/>\nWeightBench 40 er en flatbenk som er godt egnet for b\u00e5de hjemmetrening og bedriftsmarkedet. Med en pute p\u00e5 121 cm lengde og 31 cm bredde og god tykkelse er dette en flatbenk som er godt egnet for de fleste ut\u00f8vere. Benet bak p\u00e5 benken har en god bredde p\u00e5 55 cm som gj\u00f8r den sv\u00e6rt stabil. Dette gj\u00f8r ogs\u00e5 at fremre fot har en mindre flate, som gir deg god plass til plassering av bena, for optimal teknikk under benkpress, skulderpress og andre \u00f8velser. God tykkelsen p\u00e5 puten gj\u00f8r ogs\u00e5 benken komfortabel \u00e5 ligge p\u00e5 selv ved h\u00f8y belastning. Abilica WeightBench 40 er designet med praktisk h\u00e5ndtak i front og to hjul bak for enkel flytting og lagring. Benken er ogs\u00e5 utstyr med gummibeskyttelse p\u00e5 bena for god beskyttelse av gulvet.<\/p>\n<p><strong>SPESIFIKASJONER<br \/>\n<\/strong>M\u00e5l oppmontert: 144 x 55 x 43 cm (L x B x H)<br \/>\nM\u00e5l pute: 121 x 31 (L x B)<br \/>\nTykkelse polstring pute: 56 mm<br \/>\nH\u00f8yde fra gulv til sete: 43 cm<br \/>\nSt\u00e5ltykkelse: 2 mm<br \/>\nMaks vektkapasitet: 350 kg (inkludert ut\u00f8ver)<br \/>\nProduktvekt: 18 kg<\/p>\n<p>&nbsp;<\/p>\n<p style=\"margin: 0cm;\"><span style=\"font-family: 'Arial',sans-serif; color: black;\">\u00a0<\/span><\/p>\n<p>[\/vc_column_text][vc_empty_space height=&raquo;52px&raquo;][vc_btn title=&raquo;Vedlikeholdstips&raquo; style=&raquo;flat&raquo; color=&raquo;black&raquo; i_icon_fontawesome=&raquo;fas fa-align-right&raquo; add_icon=&raquo;true&raquo; link=&raquo;url:https%3A%2F%2Fabilica.com%2Fno%2Ftreningsartikler%2Fkondisjon%2Fvedlikehold-av-treningsapparater%2F|title:Abilica%20FoldableRack&raquo;][\/vc_column][\/vc_row]<\/p>\n<\/div>","protected":false},"excerpt":{"rendered":"<p>[vc_row][vc_column][vc_column_text el_class=&raquo;product-video&raquo;]Abilica WeightBench 40 er flatbenken for deg som \u00f8nsker en solid og stabil treningsbenk&#8230;<\/p>\n","protected":false},"featured_media":68119,"template":"","meta":{"_acf_changed":false},"product_brand":[],"product_cat":[422,431],"product_tag":[366],"class_list":{"0":"post-68118","1":"product","2":"type-product","3":"status-publish","4":"has-post-thumbnail","6":"product_cat-styrke","7":"product_cat-treningsbenk","8":"product_tag-premium-no","10":"first","11":"instock","12":"product-type-simple"},"acf":[],"yoast_head":"<!-- This site is optimized with the Yoast SEO Premium plugin v21.1 (Yoast SEO v25.4) - https:\/\/yoast.com\/wordpress\/plugins\/seo\/ -->\n<title>Abilica WeightBench 40 Abilica<\/title>\n<meta name=\"robots\" content=\"index, follow, max-snippet:-1, max-image-preview:large, max-video-preview:-1\" \/>\n<link rel=\"canonical\" href=\"https:\/\/abilica.com\/no\/styrke\/treningsbenk\/abilica-weightbench-40\/\" \/>\n<meta property=\"og:locale\" content=\"nb_NO\" \/>\n<meta property=\"og:type\" content=\"article\" \/>\n<meta property=\"og:title\" content=\"Abilica WeightBench 40\" \/>\n<meta property=\"og:description\" content=\"[vc_row][vc_column][vc_column_text el_class=&raquo;product-video&raquo;]Abilica WeightBench 40 er flatbenken for deg som \u00f8nsker en solid og stabil treningsbenk...\" \/>\n<meta property=\"og:url\" content=\"https:\/\/abilica.com\/no\/styrke\/treningsbenk\/abilica-weightbench-40\/\" \/>\n<meta property=\"og:site_name\" content=\"Abilica\" \/>\n<meta property=\"article:publisher\" content=\"https:\/\/www.facebook.com\/abilicahometraining\/\" \/>\n<meta property=\"article:modified_time\" content=\"2025-10-20T09:30:54+00:00\" \/>\n<meta property=\"og:image\" content=\"https:\/\/abilica.com\/wp-content\/uploads\/2024\/11\/408118-Abilica-WeightBench-40_1.jpg\" \/>\n\t<meta property=\"og:image:width\" content=\"1200\" \/>\n\t<meta property=\"og:image:height\" content=\"1200\" \/>\n\t<meta property=\"og:image:type\" content=\"image\/jpeg\" \/>\n<meta name=\"twitter:card\" content=\"summary_large_image\" \/>\n<meta name=\"twitter:label1\" content=\"Ansl. lesetid\" \/>\n\t<meta name=\"twitter:data1\" content=\"1 minutt\" \/>\n<script type=\"application\/ld+json\" class=\"yoast-schema-graph\">{\"@context\":\"https:\/\/schema.org\",\"@graph\":[{\"@type\":\"WebPage\",\"@id\":\"https:\/\/abilica.com\/no\/styrke\/treningsbenk\/abilica-weightbench-40\/\",\"url\":\"https:\/\/abilica.com\/no\/styrke\/treningsbenk\/abilica-weightbench-40\/\",\"name\":\"Abilica WeightBench 40 Abilica\",\"isPartOf\":{\"@id\":\"https:\/\/abilica.com\/#website\"},\"primaryImageOfPage\":{\"@id\":\"https:\/\/abilica.com\/no\/styrke\/treningsbenk\/abilica-weightbench-40\/#primaryimage\"},\"image\":{\"@id\":\"https:\/\/abilica.com\/no\/styrke\/treningsbenk\/abilica-weightbench-40\/#primaryimage\"},\"thumbnailUrl\":\"https:\/\/abilica.com\/wp-content\/uploads\/2024\/11\/408118-Abilica-WeightBench-40_1.jpg\",\"datePublished\":\"2024-11-12T07:21:39+00:00\",\"dateModified\":\"2025-10-20T09:30:54+00:00\",\"breadcrumb\":{\"@id\":\"https:\/\/abilica.com\/no\/styrke\/treningsbenk\/abilica-weightbench-40\/#breadcrumb\"},\"inLanguage\":\"nb-NO\",\"potentialAction\":[{\"@type\":\"ReadAction\",\"target\":[\"https:\/\/abilica.com\/no\/styrke\/treningsbenk\/abilica-weightbench-40\/\"]}]},{\"@type\":\"ImageObject\",\"inLanguage\":\"nb-NO\",\"@id\":\"https:\/\/abilica.com\/no\/styrke\/treningsbenk\/abilica-weightbench-40\/#primaryimage\",\"url\":\"https:\/\/abilica.com\/wp-content\/uploads\/2024\/11\/408118-Abilica-WeightBench-40_1.jpg\",\"contentUrl\":\"https:\/\/abilica.com\/wp-content\/uploads\/2024\/11\/408118-Abilica-WeightBench-40_1.jpg\",\"width\":1200,\"height\":1200},{\"@type\":\"BreadcrumbList\",\"@id\":\"https:\/\/abilica.com\/no\/styrke\/treningsbenk\/abilica-weightbench-40\/#breadcrumb\",\"itemListElement\":[{\"@type\":\"ListItem\",\"position\":1,\"name\":\"Hem\",\"item\":\"https:\/\/abilica.com\/no\/\"},{\"@type\":\"ListItem\",\"position\":2,\"name\":\"Produkter\",\"item\":\"https:\/\/abilica.com\/no\/shop-2\/\"},{\"@type\":\"ListItem\",\"position\":3,\"name\":\"Abilica WeightBench 40\"}]},{\"@type\":\"WebSite\",\"@id\":\"https:\/\/abilica.com\/#website\",\"url\":\"https:\/\/abilica.com\/\",\"name\":\"Abilica\",\"description\":\"Abilica Home Training\",\"potentialAction\":[{\"@type\":\"SearchAction\",\"target\":{\"@type\":\"EntryPoint\",\"urlTemplate\":\"https:\/\/abilica.com\/?s={search_term_string}\"},\"query-input\":{\"@type\":\"PropertyValueSpecification\",\"valueRequired\":true,\"valueName\":\"search_term_string\"}}],\"inLanguage\":\"nb-NO\"}]}<\/script>\n<!-- \/ Yoast SEO Premium plugin. -->","yoast_head_json":{"title":"Abilica WeightBench 40 Abilica","robots":{"index":"index","follow":"follow","max-snippet":"max-snippet:-1","max-image-preview":"max-image-preview:large","max-video-preview":"max-video-preview:-1"},"canonical":"https:\/\/abilica.com\/no\/styrke\/treningsbenk\/abilica-weightbench-40\/","og_locale":"nb_NO","og_type":"article","og_title":"Abilica WeightBench 40","og_description":"[vc_row][vc_column][vc_column_text el_class=&raquo;product-video&raquo;]Abilica WeightBench 40 er flatbenken for deg som \u00f8nsker en solid og stabil treningsbenk...","og_url":"https:\/\/abilica.com\/no\/styrke\/treningsbenk\/abilica-weightbench-40\/","og_site_name":"Abilica","article_publisher":"https:\/\/www.facebook.com\/abilicahometraining\/","article_modified_time":"2025-10-20T09:30:54+00:00","og_image":[{"width":1200,"height":1200,"url":"https:\/\/abilica.com\/wp-content\/uploads\/2024\/11\/408118-Abilica-WeightBench-40_1.jpg","type":"image\/jpeg"}],"twitter_card":"summary_large_image","twitter_misc":{"Ansl. lesetid":"1 minutt"},"schema":{"@context":"https:\/\/schema.org","@graph":[{"@type":"WebPage","@id":"https:\/\/abilica.com\/no\/styrke\/treningsbenk\/abilica-weightbench-40\/","url":"https:\/\/abilica.com\/no\/styrke\/treningsbenk\/abilica-weightbench-40\/","name":"Abilica WeightBench 40 Abilica","isPartOf":{"@id":"https:\/\/abilica.com\/#website"},"primaryImageOfPage":{"@id":"https:\/\/abilica.com\/no\/styrke\/treningsbenk\/abilica-weightbench-40\/#primaryimage"},"image":{"@id":"https:\/\/abilica.com\/no\/styrke\/treningsbenk\/abilica-weightbench-40\/#primaryimage"},"thumbnailUrl":"https:\/\/abilica.com\/wp-content\/uploads\/2024\/11\/408118-Abilica-WeightBench-40_1.jpg","datePublished":"2024-11-12T07:21:39+00:00","dateModified":"2025-10-20T09:30:54+00:00","breadcrumb":{"@id":"https:\/\/abilica.com\/no\/styrke\/treningsbenk\/abilica-weightbench-40\/#breadcrumb"},"inLanguage":"nb-NO","potentialAction":[{"@type":"ReadAction","target":["https:\/\/abilica.com\/no\/styrke\/treningsbenk\/abilica-weightbench-40\/"]}]},{"@type":"ImageObject","inLanguage":"nb-NO","@id":"https:\/\/abilica.com\/no\/styrke\/treningsbenk\/abilica-weightbench-40\/#primaryimage","url":"https:\/\/abilica.com\/wp-content\/uploads\/2024\/11\/408118-Abilica-WeightBench-40_1.jpg","contentUrl":"https:\/\/abilica.com\/wp-content\/uploads\/2024\/11\/408118-Abilica-WeightBench-40_1.jpg","width":1200,"height":1200},{"@type":"BreadcrumbList","@id":"https:\/\/abilica.com\/no\/styrke\/treningsbenk\/abilica-weightbench-40\/#breadcrumb","itemListElement":[{"@type":"ListItem","position":1,"name":"Hem","item":"https:\/\/abilica.com\/no\/"},{"@type":"ListItem","position":2,"name":"Produkter","item":"https:\/\/abilica.com\/no\/shop-2\/"},{"@type":"ListItem","position":3,"name":"Abilica WeightBench 40"}]},{"@type":"WebSite","@id":"https:\/\/abilica.com\/#website","url":"https:\/\/abilica.com\/","name":"Abilica","description":"Abilica Home Training","potentialAction":[{"@type":"SearchAction","target":{"@type":"EntryPoint","urlTemplate":"https:\/\/abilica.com\/?s={search_term_string}"},"query-input":{"@type":"PropertyValueSpecification","valueRequired":true,"valueName":"search_term_string"}}],"inLanguage":"nb-NO"}]}},"_links":{"self":[{"href":"https:\/\/abilica.com\/no\/wp-json\/wp\/v2\/product\/68118","targetHints":{"allow":["GET"]}}],"collection":[{"href":"https:\/\/abilica.com\/no\/wp-json\/wp\/v2\/product"}],"about":[{"href":"https:\/\/abilica.com\/no\/wp-json\/wp\/v2\/types\/product"}],"wp:featuredmedia":[{"embeddable":true,"href":"https:\/\/abilica.com\/no\/wp-json\/wp\/v2\/media\/68119"}],"wp:attachment":[{"href":"https:\/\/abilica.com\/no\/wp-json\/wp\/v2\/media?parent=68118"}],"wp:term":[{"taxonomy":"product_brand","embeddable":true,"href":"https:\/\/abilica.com\/no\/wp-json\/wp\/v2\/product_brand?post=68118"},{"taxonomy":"product_cat","embeddable":true,"href":"https:\/\/abilica.com\/no\/wp-json\/wp\/v2\/product_cat?post=68118"},{"taxonomy":"product_tag","embeddable":true,"href":"https:\/\/abilica.com\/no\/wp-json\/wp\/v2\/product_tag?post=68118"}],"curies":[{"name":"wp","href":"https:\/\/api.w.org\/{rel}","templated":true}]}}