{"id":68324,"date":"2025-03-17T14:03:13","date_gmt":"2025-03-17T13:03:13","guid":{"rendered":"https:\/\/abilica.com\/?post_type=product&#038;p=68324"},"modified":"2025-10-23T11:06:39","modified_gmt":"2025-10-23T10:06:39","slug":"abilica-waterdeck","status":"publish","type":"product","link":"https:\/\/abilica.com\/no\/styrke\/abilica-waterdeck\/","title":{"rendered":"Abilica WaterDeck"},"content":{"rendered":"<div class=\"wpb-content-wrapper\"><p>[vc_row][vc_column][vc_column_text el_class=&raquo;product-video&raquo;]<b>Med Abilica WaterDeck kan du nyte sommeren fra din helt egne private flytebrygge.<br \/>\n<\/b>Abilica WaterDeck er en badeplattform og flytebrygge fylt med luft for aktiviteter og moro i vannet. Her f\u00e5r du din helt egne private flytebrygge uten byggetillatelse.<\/p>\n<p>Den er 2 meter lang og 1,5 meter bred som gir god plass til b\u00e5de soling og aktivitet for flere personer.<\/p>\n<p>Abilica WaterDeck er produsert i solid DWF (Double Wall Fabric) materiale og med forsterkning i alle skj\u00f8ter. Plattformen har 4 gummi h\u00e5ndtak plassert p\u00e5 siden som gj\u00f8r den enkel \u00e5 flytte rundt p\u00e5 land og holde i n\u00e5r du er i vannet. 4 h\u00e5ndtak plassert p\u00e5 overflaten gj\u00f8r at du kan dra deg opp av vannet n\u00e5r du skal opp p\u00e5 plattformen. Den er ogs\u00e5 designet med 4 metall ringer, en i hvert hj\u00f8rne for feste av tau, for eksempel med et anker eller andre flyte\/vannsport produkter.<\/p>\n<p>Abilica WaterDeck fylles med luft p\u00e5 f\u00e5 minutter med Electric pump. Noe mere innsats kreves med Abilica FootPump. Pumpe selges separat. Repair-kit f\u00f8lger med.<\/p>\n<p><b>FAQ<br \/>\nKan jeg bruke WaterDeck som en AirTrack p\u00e5 land?<\/b><br \/>\nWaterDeck er med sin form\/ m\u00e5l kortere enn en AirTrack og derfor ikke egnet til \u00f8velser som krever lengde som flick-flack, sl\u00e5 hjul osv. WaterDeck har ogs\u00e5 h\u00e5ndtak og ringer plassert p\u00e5 overflaten som kan for\u00e5rsake skade og fare for \u00e5 bli hengende fast i ved turning og aktivitet p\u00e5 land.<b><\/b><\/p>\n<p><strong>Hvilke pumper kan jeg bruke p\u00e5 WaterDeck?<\/strong><br \/>\nAbilica WaterDeck har samme type ventil som Abilica AirTracks, s\u00e5 her kan du bruke de samme pumpene som til AirTracks (eller SUP). En elektrisk pumpe anbefales dersom du har tilgang til str\u00f8m og \u00f8nsker raskest mulig fylling av luft. En manuell pumpe kan ogs\u00e5 benyttes, men tar lenger tid og krever mer innsats fra deg.<b><\/b><\/p>\n<p><strong>Kan jeg trekke WaterDeck etter b\u00e5t?<\/strong><br \/>\nAbilica WaterDeck er ikke designer for \u00e5 trekkes i h\u00f8y fart etter b\u00e5t med folk sittende p\u00e5. Hverken formen, h\u00e5ndtakene eller ringene er egnet for dette form\u00e5let.<\/p>\n<h2><span style=\"font-size: 12pt;\">TEKNISK INFO<\/span><\/h2>\n<p>M\u00e5l: 2 x 1,5 m (L x B) 15 cm (H)<br \/>\nH\u00e5ndtak: 4 + 4 (siden og overflaten)<br \/>\nMetallringer: 4<br \/>\nMateriale: DWF (Double Wall Fabric)<br \/>\nVentil: Bravo AirTrack\/SUP ventil<br \/>\nFylles med luft<br \/>\nRepair-kit f\u00f8lger med<br \/>\nProduktvekt: ca 10 kg<br \/>\nMax brukervekt er 225 kg<\/p>\n<div style=\"width: 640px;\" class=\"wp-video\"><!--[if lt IE 9]><script>document.createElement('video');<\/script><![endif]-->\n<video class=\"wp-video-shortcode\" id=\"video-68324-1\" width=\"640\" height=\"360\" preload=\"metadata\" controls=\"controls\"><source type=\"video\/mp4\" src=\"https:\/\/abilica.com\/wp-content\/uploads\/2025\/03\/Abilica-WaterDeck-bredde-1.mp4?_=1\" \/><a href=\"https:\/\/abilica.com\/wp-content\/uploads\/2025\/03\/Abilica-WaterDeck-bredde-1.mp4\">https:\/\/abilica.com\/wp-content\/uploads\/2025\/03\/Abilica-WaterDeck-bredde-1.mp4<\/a><\/video><\/div>\n<p>[\/vc_column_text][\/vc_column][\/vc_row][vc_row][vc_column][vc_column_text][\/vc_column_text][\/vc_column][\/vc_row][vc_row][vc_column][vc_column_text]<\/p>\n<p>[\/vc_column_text][\/vc_column][\/vc_row][vc_row][vc_column][vc_empty_space][\/vc_column][\/vc_row]<\/p>\n<\/div>","protected":false},"excerpt":{"rendered":"<p>[vc_row][vc_column][vc_column_text el_class=&raquo;product-video&raquo;]Med Abilica WaterDeck kan du nyte sommeren fra din helt egne private flytebrygge. Abilica&#8230;<\/p>\n","protected":false},"featured_media":68328,"template":"","meta":{"_acf_changed":false},"product_brand":[],"product_cat":[469,433,422,444],"product_tag":[],"class_list":{"0":"post-68324","1":"product","2":"type-product","3":"status-publish","4":"has-post-thumbnail","6":"product_cat-airtracks","7":"product_cat-andre-produkter","8":"product_cat-styrke","9":"product_cat-treningsmatte","11":"first","12":"instock","13":"product-type-simple"},"acf":[],"yoast_head":"<!-- This site is optimized with the Yoast SEO Premium plugin v21.1 (Yoast SEO v25.4) - https:\/\/yoast.com\/wordpress\/plugins\/seo\/ -->\n<title>Abilica WaterDeck Abilica<\/title>\n<meta name=\"robots\" content=\"index, follow, max-snippet:-1, max-image-preview:large, max-video-preview:-1\" \/>\n<link rel=\"canonical\" href=\"https:\/\/abilica.com\/no\/styrke\/abilica-waterdeck\/\" \/>\n<meta property=\"og:locale\" content=\"nb_NO\" \/>\n<meta property=\"og:type\" content=\"article\" \/>\n<meta property=\"og:title\" content=\"Abilica WaterDeck\" \/>\n<meta property=\"og:description\" content=\"[vc_row][vc_column][vc_column_text el_class=&raquo;product-video&raquo;]Med Abilica WaterDeck kan du nyte sommeren fra din helt egne private flytebrygge. Abilica...\" \/>\n<meta property=\"og:url\" content=\"https:\/\/abilica.com\/no\/styrke\/abilica-waterdeck\/\" \/>\n<meta property=\"og:site_name\" content=\"Abilica\" \/>\n<meta property=\"article:publisher\" content=\"https:\/\/www.facebook.com\/abilicahometraining\/\" \/>\n<meta property=\"article:modified_time\" content=\"2025-10-23T10:06:39+00:00\" \/>\n<meta property=\"og:image\" content=\"https:\/\/abilica.com\/wp-content\/uploads\/2025\/03\/374869.jpg\" \/>\n\t<meta property=\"og:image:width\" content=\"1200\" \/>\n\t<meta property=\"og:image:height\" content=\"1200\" \/>\n\t<meta property=\"og:image:type\" content=\"image\/jpeg\" \/>\n<meta name=\"twitter:card\" content=\"summary_large_image\" \/>\n<meta name=\"twitter:label1\" content=\"Ansl. lesetid\" \/>\n\t<meta name=\"twitter:data1\" content=\"1 minutt\" \/>\n<script type=\"application\/ld+json\" class=\"yoast-schema-graph\">{\"@context\":\"https:\/\/schema.org\",\"@graph\":[{\"@type\":\"WebPage\",\"@id\":\"https:\/\/abilica.com\/no\/styrke\/abilica-waterdeck\/\",\"url\":\"https:\/\/abilica.com\/no\/styrke\/abilica-waterdeck\/\",\"name\":\"Abilica WaterDeck Abilica\",\"isPartOf\":{\"@id\":\"https:\/\/abilica.com\/#website\"},\"primaryImageOfPage\":{\"@id\":\"https:\/\/abilica.com\/no\/styrke\/abilica-waterdeck\/#primaryimage\"},\"image\":{\"@id\":\"https:\/\/abilica.com\/no\/styrke\/abilica-waterdeck\/#primaryimage\"},\"thumbnailUrl\":\"https:\/\/abilica.com\/wp-content\/uploads\/2025\/03\/374869.jpg\",\"datePublished\":\"2025-03-17T13:03:13+00:00\",\"dateModified\":\"2025-10-23T10:06:39+00:00\",\"breadcrumb\":{\"@id\":\"https:\/\/abilica.com\/no\/styrke\/abilica-waterdeck\/#breadcrumb\"},\"inLanguage\":\"nb-NO\",\"potentialAction\":[{\"@type\":\"ReadAction\",\"target\":[\"https:\/\/abilica.com\/no\/styrke\/abilica-waterdeck\/\"]}]},{\"@type\":\"ImageObject\",\"inLanguage\":\"nb-NO\",\"@id\":\"https:\/\/abilica.com\/no\/styrke\/abilica-waterdeck\/#primaryimage\",\"url\":\"https:\/\/abilica.com\/wp-content\/uploads\/2025\/03\/374869.jpg\",\"contentUrl\":\"https:\/\/abilica.com\/wp-content\/uploads\/2025\/03\/374869.jpg\",\"width\":1200,\"height\":1200},{\"@type\":\"BreadcrumbList\",\"@id\":\"https:\/\/abilica.com\/no\/styrke\/abilica-waterdeck\/#breadcrumb\",\"itemListElement\":[{\"@type\":\"ListItem\",\"position\":1,\"name\":\"Hem\",\"item\":\"https:\/\/abilica.com\/no\/\"},{\"@type\":\"ListItem\",\"position\":2,\"name\":\"Produkter\",\"item\":\"https:\/\/abilica.com\/no\/shop-2\/\"},{\"@type\":\"ListItem\",\"position\":3,\"name\":\"Abilica WaterDeck\"}]},{\"@type\":\"WebSite\",\"@id\":\"https:\/\/abilica.com\/#website\",\"url\":\"https:\/\/abilica.com\/\",\"name\":\"Abilica\",\"description\":\"Abilica Home Training\",\"potentialAction\":[{\"@type\":\"SearchAction\",\"target\":{\"@type\":\"EntryPoint\",\"urlTemplate\":\"https:\/\/abilica.com\/?s={search_term_string}\"},\"query-input\":{\"@type\":\"PropertyValueSpecification\",\"valueRequired\":true,\"valueName\":\"search_term_string\"}}],\"inLanguage\":\"nb-NO\"}]}<\/script>\n<!-- \/ Yoast SEO Premium plugin. -->","yoast_head_json":{"title":"Abilica WaterDeck Abilica","robots":{"index":"index","follow":"follow","max-snippet":"max-snippet:-1","max-image-preview":"max-image-preview:large","max-video-preview":"max-video-preview:-1"},"canonical":"https:\/\/abilica.com\/no\/styrke\/abilica-waterdeck\/","og_locale":"nb_NO","og_type":"article","og_title":"Abilica WaterDeck","og_description":"[vc_row][vc_column][vc_column_text el_class=&raquo;product-video&raquo;]Med Abilica WaterDeck kan du nyte sommeren fra din helt egne private flytebrygge. Abilica...","og_url":"https:\/\/abilica.com\/no\/styrke\/abilica-waterdeck\/","og_site_name":"Abilica","article_publisher":"https:\/\/www.facebook.com\/abilicahometraining\/","article_modified_time":"2025-10-23T10:06:39+00:00","og_image":[{"width":1200,"height":1200,"url":"https:\/\/abilica.com\/wp-content\/uploads\/2025\/03\/374869.jpg","type":"image\/jpeg"}],"twitter_card":"summary_large_image","twitter_misc":{"Ansl. lesetid":"1 minutt"},"schema":{"@context":"https:\/\/schema.org","@graph":[{"@type":"WebPage","@id":"https:\/\/abilica.com\/no\/styrke\/abilica-waterdeck\/","url":"https:\/\/abilica.com\/no\/styrke\/abilica-waterdeck\/","name":"Abilica WaterDeck Abilica","isPartOf":{"@id":"https:\/\/abilica.com\/#website"},"primaryImageOfPage":{"@id":"https:\/\/abilica.com\/no\/styrke\/abilica-waterdeck\/#primaryimage"},"image":{"@id":"https:\/\/abilica.com\/no\/styrke\/abilica-waterdeck\/#primaryimage"},"thumbnailUrl":"https:\/\/abilica.com\/wp-content\/uploads\/2025\/03\/374869.jpg","datePublished":"2025-03-17T13:03:13+00:00","dateModified":"2025-10-23T10:06:39+00:00","breadcrumb":{"@id":"https:\/\/abilica.com\/no\/styrke\/abilica-waterdeck\/#breadcrumb"},"inLanguage":"nb-NO","potentialAction":[{"@type":"ReadAction","target":["https:\/\/abilica.com\/no\/styrke\/abilica-waterdeck\/"]}]},{"@type":"ImageObject","inLanguage":"nb-NO","@id":"https:\/\/abilica.com\/no\/styrke\/abilica-waterdeck\/#primaryimage","url":"https:\/\/abilica.com\/wp-content\/uploads\/2025\/03\/374869.jpg","contentUrl":"https:\/\/abilica.com\/wp-content\/uploads\/2025\/03\/374869.jpg","width":1200,"height":1200},{"@type":"BreadcrumbList","@id":"https:\/\/abilica.com\/no\/styrke\/abilica-waterdeck\/#breadcrumb","itemListElement":[{"@type":"ListItem","position":1,"name":"Hem","item":"https:\/\/abilica.com\/no\/"},{"@type":"ListItem","position":2,"name":"Produkter","item":"https:\/\/abilica.com\/no\/shop-2\/"},{"@type":"ListItem","position":3,"name":"Abilica WaterDeck"}]},{"@type":"WebSite","@id":"https:\/\/abilica.com\/#website","url":"https:\/\/abilica.com\/","name":"Abilica","description":"Abilica Home Training","potentialAction":[{"@type":"SearchAction","target":{"@type":"EntryPoint","urlTemplate":"https:\/\/abilica.com\/?s={search_term_string}"},"query-input":{"@type":"PropertyValueSpecification","valueRequired":true,"valueName":"search_term_string"}}],"inLanguage":"nb-NO"}]}},"_links":{"self":[{"href":"https:\/\/abilica.com\/no\/wp-json\/wp\/v2\/product\/68324","targetHints":{"allow":["GET"]}}],"collection":[{"href":"https:\/\/abilica.com\/no\/wp-json\/wp\/v2\/product"}],"about":[{"href":"https:\/\/abilica.com\/no\/wp-json\/wp\/v2\/types\/product"}],"wp:featuredmedia":[{"embeddable":true,"href":"https:\/\/abilica.com\/no\/wp-json\/wp\/v2\/media\/68328"}],"wp:attachment":[{"href":"https:\/\/abilica.com\/no\/wp-json\/wp\/v2\/media?parent=68324"}],"wp:term":[{"taxonomy":"product_brand","embeddable":true,"href":"https:\/\/abilica.com\/no\/wp-json\/wp\/v2\/product_brand?post=68324"},{"taxonomy":"product_cat","embeddable":true,"href":"https:\/\/abilica.com\/no\/wp-json\/wp\/v2\/product_cat?post=68324"},{"taxonomy":"product_tag","embeddable":true,"href":"https:\/\/abilica.com\/no\/wp-json\/wp\/v2\/product_tag?post=68324"}],"curies":[{"name":"wp","href":"https:\/\/api.w.org\/{rel}","templated":true}]}}