{"id":68399,"date":"2025-03-27T11:17:48","date_gmt":"2025-03-27T10:17:48","guid":{"rendered":"https:\/\/abilica.com\/?post_type=product&#038;p=68399"},"modified":"2026-03-17T11:19:23","modified_gmt":"2026-03-17T10:19:23","slug":"abilica-airtrack-home-300","status":"publish","type":"product","link":"https:\/\/abilica.com\/no\/styrke\/abilica-airtrack-home-300\/","title":{"rendered":"Abilica AirTrack Home 300"},"content":{"rendered":"<div class=\"wpb-content-wrapper\"><p>[vc_row][vc_column][vc_column_text css=&raquo;&raquo; el_class=&raquo;product-video&raquo;]Abilica AirTrack Home 300 er er en myk treningsmatte som enkelt fylles med luft.<span class=\"Apple-converted-space\">\u00a0<\/span>Matten er helt super for balanse- og stabilitetstrening, gymnastikk- og turn\u00f8velser, cheerleading, tumbling, kampsport, parkour, hopp og annen spretten aktivitet. Passer for b\u00e5de nybegynnere og aktive ut\u00f8vere. Kan brukes b\u00e5de inne og ute, og i vann. Abilica AirTrack Home 300 er produsert av sv\u00e6rt solide materialer (DWF \u2013 Double Wall Fabric) med forsterkning i alle skj\u00f8ter. Gummih\u00e5ndtakene p\u00e5 sidene gj\u00f8r det enkel \u00e5 flytte rundt p\u00e5 matten. Lys gr\u00e5 farge med sort dekor. Matten har borrel\u00e5s, s\u00e5 om du \u00f8nsker en lenger matte, kan du ved hjelp av tilleggsutstyret &laquo;Connector&raquo; enkelt koble sammen flere matter etter hverandre. <span class=\"Apple-converted-space\">Repair-kit f\u00f8lger med. Pumpe selges separat.<\/span><\/p>\n<h4>SPESIFIKASJONER<\/h4>\n<p><strong>St\u00f8rrelse<\/strong><br \/>\n3 x 1 m og 10 cm tykk<\/p>\n<p><strong>Vekt<\/strong><br \/>\n9 kg<\/p>\n<p><strong>Maks brukervekt<\/strong><br \/>\n150 kg<\/p>\n<p>&nbsp;<\/p>\n<div style=\"width: 640px;\" class=\"wp-video\"><!--[if lt IE 9]><script>document.createElement('video');<\/script><![endif]-->\n<video class=\"wp-video-shortcode\" id=\"video-68399-1\" width=\"640\" height=\"360\" poster=\"https:\/\/abilica.com\/wp-content\/uploads\/2025\/03\/airtrack.374649.7.jpg\" preload=\"metadata\" controls=\"controls\"><source type=\"video\/mp4\" src=\"https:\/\/abilica.com\/wp-content\/uploads\/2025\/03\/Abilica-AirTrack-Home-300_liggende_Nett.mp4?_=1\" \/><a href=\"https:\/\/abilica.com\/wp-content\/uploads\/2025\/03\/Abilica-AirTrack-Home-300_liggende_Nett.mp4\">https:\/\/abilica.com\/wp-content\/uploads\/2025\/03\/Abilica-AirTrack-Home-300_liggende_Nett.mp4<\/a><\/video><\/div>\n<p>Hvis AirTracken mister luft fra start eller over tid, bruk skiften\u00f8kkelen for \u00e5 stramme ventilen. <em>Skiften\u00f8kkelen finner du i reparasjons settet som f\u00f8lger med Abilica AirTracks. Du finner ogs\u00e5 informasjon om dette i brukermanualen. \u00a0<\/em><\/p>\n<div style=\"width: 640px;\" class=\"wp-video\"><video class=\"wp-video-shortcode\" id=\"video-68399-2\" width=\"640\" height=\"360\" poster=\"https:\/\/abilica.com\/wp-content\/uploads\/2025\/03\/Screenshot-2025-04-29-at-14.36.23.jpg\" preload=\"metadata\" controls=\"controls\"><source type=\"video\/mp4\" src=\"https:\/\/abilica.com\/wp-content\/uploads\/2025\/03\/Abilica-AirTrack-ventil.mp4?_=2\" \/><a href=\"https:\/\/abilica.com\/wp-content\/uploads\/2025\/03\/Abilica-AirTrack-ventil.mp4\">https:\/\/abilica.com\/wp-content\/uploads\/2025\/03\/Abilica-AirTrack-ventil.mp4<\/a><\/video><\/div>\n<p>[\/vc_column_text][\/vc_column][\/vc_row]<\/p>\n<\/div>","protected":false},"excerpt":{"rendered":"<p>[vc_row][vc_column][vc_column_text css=&raquo;&raquo; el_class=&raquo;product-video&raquo;]Abilica AirTrack Home 300 er er en myk treningsmatte som enkelt fylles med&#8230;<\/p>\n","protected":false},"featured_media":89066,"template":"","meta":{"_acf_changed":false},"product_brand":[],"product_cat":[469,422,444],"product_tag":[552,179],"class_list":{"0":"post-68399","1":"product","2":"type-product","3":"status-publish","4":"has-post-thumbnail","6":"product_cat-airtracks","7":"product_cat-styrke","8":"product_cat-treningsmatte","9":"product_tag-home-gym-no","10":"product_tag-summer-workout","12":"first","13":"instock","14":"product-type-simple"},"acf":[],"yoast_head":"<!-- This site is optimized with the Yoast SEO Premium plugin v21.1 (Yoast SEO v25.4) - https:\/\/yoast.com\/wordpress\/plugins\/seo\/ -->\n<title>Abilica AirTrack Home 300 Abilica<\/title>\n<meta name=\"robots\" content=\"index, follow, max-snippet:-1, max-image-preview:large, max-video-preview:-1\" \/>\n<link rel=\"canonical\" href=\"https:\/\/abilica.com\/no\/styrke\/abilica-airtrack-home-300\/\" \/>\n<meta property=\"og:locale\" content=\"nb_NO\" \/>\n<meta property=\"og:type\" content=\"article\" \/>\n<meta property=\"og:title\" content=\"Abilica AirTrack Home 300\" \/>\n<meta property=\"og:description\" content=\"[vc_row][vc_column][vc_column_text css=&raquo;&raquo; el_class=&raquo;product-video&raquo;]Abilica AirTrack Home 300 er er en myk treningsmatte som enkelt fylles med...\" \/>\n<meta property=\"og:url\" content=\"https:\/\/abilica.com\/no\/styrke\/abilica-airtrack-home-300\/\" \/>\n<meta property=\"og:site_name\" content=\"Abilica\" \/>\n<meta property=\"article:publisher\" content=\"https:\/\/www.facebook.com\/abilicahometraining\/\" \/>\n<meta property=\"article:modified_time\" content=\"2026-03-17T10:19:23+00:00\" \/>\n<meta property=\"og:image\" content=\"https:\/\/abilica.com\/wp-content\/uploads\/2025\/03\/374649_Abilica_AirTrack_Home_300_1.jpg\" \/>\n\t<meta property=\"og:image:width\" content=\"1200\" \/>\n\t<meta property=\"og:image:height\" content=\"1200\" \/>\n\t<meta property=\"og:image:type\" content=\"image\/jpeg\" \/>\n<meta name=\"twitter:card\" content=\"summary_large_image\" \/>\n<meta name=\"twitter:label1\" content=\"Ansl. lesetid\" \/>\n\t<meta name=\"twitter:data1\" content=\"1 minutt\" \/>\n<script type=\"application\/ld+json\" class=\"yoast-schema-graph\">{\"@context\":\"https:\/\/schema.org\",\"@graph\":[{\"@type\":\"WebPage\",\"@id\":\"https:\/\/abilica.com\/no\/styrke\/abilica-airtrack-home-300\/\",\"url\":\"https:\/\/abilica.com\/no\/styrke\/abilica-airtrack-home-300\/\",\"name\":\"Abilica AirTrack Home 300 Abilica\",\"isPartOf\":{\"@id\":\"https:\/\/abilica.com\/#website\"},\"primaryImageOfPage\":{\"@id\":\"https:\/\/abilica.com\/no\/styrke\/abilica-airtrack-home-300\/#primaryimage\"},\"image\":{\"@id\":\"https:\/\/abilica.com\/no\/styrke\/abilica-airtrack-home-300\/#primaryimage\"},\"thumbnailUrl\":\"https:\/\/abilica.com\/wp-content\/uploads\/2025\/03\/374649_Abilica_AirTrack_Home_300_1.jpg\",\"datePublished\":\"2025-03-27T10:17:48+00:00\",\"dateModified\":\"2026-03-17T10:19:23+00:00\",\"breadcrumb\":{\"@id\":\"https:\/\/abilica.com\/no\/styrke\/abilica-airtrack-home-300\/#breadcrumb\"},\"inLanguage\":\"nb-NO\",\"potentialAction\":[{\"@type\":\"ReadAction\",\"target\":[\"https:\/\/abilica.com\/no\/styrke\/abilica-airtrack-home-300\/\"]}]},{\"@type\":\"ImageObject\",\"inLanguage\":\"nb-NO\",\"@id\":\"https:\/\/abilica.com\/no\/styrke\/abilica-airtrack-home-300\/#primaryimage\",\"url\":\"https:\/\/abilica.com\/wp-content\/uploads\/2025\/03\/374649_Abilica_AirTrack_Home_300_1.jpg\",\"contentUrl\":\"https:\/\/abilica.com\/wp-content\/uploads\/2025\/03\/374649_Abilica_AirTrack_Home_300_1.jpg\",\"width\":1200,\"height\":1200},{\"@type\":\"BreadcrumbList\",\"@id\":\"https:\/\/abilica.com\/no\/styrke\/abilica-airtrack-home-300\/#breadcrumb\",\"itemListElement\":[{\"@type\":\"ListItem\",\"position\":1,\"name\":\"Hem\",\"item\":\"https:\/\/abilica.com\/no\/\"},{\"@type\":\"ListItem\",\"position\":2,\"name\":\"Produkter\",\"item\":\"https:\/\/abilica.com\/no\/shop-2\/\"},{\"@type\":\"ListItem\",\"position\":3,\"name\":\"Abilica AirTrack Home 300\"}]},{\"@type\":\"WebSite\",\"@id\":\"https:\/\/abilica.com\/#website\",\"url\":\"https:\/\/abilica.com\/\",\"name\":\"Abilica\",\"description\":\"Abilica Home Training\",\"potentialAction\":[{\"@type\":\"SearchAction\",\"target\":{\"@type\":\"EntryPoint\",\"urlTemplate\":\"https:\/\/abilica.com\/?s={search_term_string}\"},\"query-input\":{\"@type\":\"PropertyValueSpecification\",\"valueRequired\":true,\"valueName\":\"search_term_string\"}}],\"inLanguage\":\"nb-NO\"}]}<\/script>\n<!-- \/ Yoast SEO Premium plugin. -->","yoast_head_json":{"title":"Abilica AirTrack Home 300 Abilica","robots":{"index":"index","follow":"follow","max-snippet":"max-snippet:-1","max-image-preview":"max-image-preview:large","max-video-preview":"max-video-preview:-1"},"canonical":"https:\/\/abilica.com\/no\/styrke\/abilica-airtrack-home-300\/","og_locale":"nb_NO","og_type":"article","og_title":"Abilica AirTrack Home 300","og_description":"[vc_row][vc_column][vc_column_text css=&raquo;&raquo; el_class=&raquo;product-video&raquo;]Abilica AirTrack Home 300 er er en myk treningsmatte som enkelt fylles med...","og_url":"https:\/\/abilica.com\/no\/styrke\/abilica-airtrack-home-300\/","og_site_name":"Abilica","article_publisher":"https:\/\/www.facebook.com\/abilicahometraining\/","article_modified_time":"2026-03-17T10:19:23+00:00","og_image":[{"width":1200,"height":1200,"url":"https:\/\/abilica.com\/wp-content\/uploads\/2025\/03\/374649_Abilica_AirTrack_Home_300_1.jpg","type":"image\/jpeg"}],"twitter_card":"summary_large_image","twitter_misc":{"Ansl. lesetid":"1 minutt"},"schema":{"@context":"https:\/\/schema.org","@graph":[{"@type":"WebPage","@id":"https:\/\/abilica.com\/no\/styrke\/abilica-airtrack-home-300\/","url":"https:\/\/abilica.com\/no\/styrke\/abilica-airtrack-home-300\/","name":"Abilica AirTrack Home 300 Abilica","isPartOf":{"@id":"https:\/\/abilica.com\/#website"},"primaryImageOfPage":{"@id":"https:\/\/abilica.com\/no\/styrke\/abilica-airtrack-home-300\/#primaryimage"},"image":{"@id":"https:\/\/abilica.com\/no\/styrke\/abilica-airtrack-home-300\/#primaryimage"},"thumbnailUrl":"https:\/\/abilica.com\/wp-content\/uploads\/2025\/03\/374649_Abilica_AirTrack_Home_300_1.jpg","datePublished":"2025-03-27T10:17:48+00:00","dateModified":"2026-03-17T10:19:23+00:00","breadcrumb":{"@id":"https:\/\/abilica.com\/no\/styrke\/abilica-airtrack-home-300\/#breadcrumb"},"inLanguage":"nb-NO","potentialAction":[{"@type":"ReadAction","target":["https:\/\/abilica.com\/no\/styrke\/abilica-airtrack-home-300\/"]}]},{"@type":"ImageObject","inLanguage":"nb-NO","@id":"https:\/\/abilica.com\/no\/styrke\/abilica-airtrack-home-300\/#primaryimage","url":"https:\/\/abilica.com\/wp-content\/uploads\/2025\/03\/374649_Abilica_AirTrack_Home_300_1.jpg","contentUrl":"https:\/\/abilica.com\/wp-content\/uploads\/2025\/03\/374649_Abilica_AirTrack_Home_300_1.jpg","width":1200,"height":1200},{"@type":"BreadcrumbList","@id":"https:\/\/abilica.com\/no\/styrke\/abilica-airtrack-home-300\/#breadcrumb","itemListElement":[{"@type":"ListItem","position":1,"name":"Hem","item":"https:\/\/abilica.com\/no\/"},{"@type":"ListItem","position":2,"name":"Produkter","item":"https:\/\/abilica.com\/no\/shop-2\/"},{"@type":"ListItem","position":3,"name":"Abilica AirTrack Home 300"}]},{"@type":"WebSite","@id":"https:\/\/abilica.com\/#website","url":"https:\/\/abilica.com\/","name":"Abilica","description":"Abilica Home Training","potentialAction":[{"@type":"SearchAction","target":{"@type":"EntryPoint","urlTemplate":"https:\/\/abilica.com\/?s={search_term_string}"},"query-input":{"@type":"PropertyValueSpecification","valueRequired":true,"valueName":"search_term_string"}}],"inLanguage":"nb-NO"}]}},"_links":{"self":[{"href":"https:\/\/abilica.com\/no\/wp-json\/wp\/v2\/product\/68399","targetHints":{"allow":["GET"]}}],"collection":[{"href":"https:\/\/abilica.com\/no\/wp-json\/wp\/v2\/product"}],"about":[{"href":"https:\/\/abilica.com\/no\/wp-json\/wp\/v2\/types\/product"}],"wp:featuredmedia":[{"embeddable":true,"href":"https:\/\/abilica.com\/no\/wp-json\/wp\/v2\/media\/89066"}],"wp:attachment":[{"href":"https:\/\/abilica.com\/no\/wp-json\/wp\/v2\/media?parent=68399"}],"wp:term":[{"taxonomy":"product_brand","embeddable":true,"href":"https:\/\/abilica.com\/no\/wp-json\/wp\/v2\/product_brand?post=68399"},{"taxonomy":"product_cat","embeddable":true,"href":"https:\/\/abilica.com\/no\/wp-json\/wp\/v2\/product_cat?post=68399"},{"taxonomy":"product_tag","embeddable":true,"href":"https:\/\/abilica.com\/no\/wp-json\/wp\/v2\/product_tag?post=68399"}],"curies":[{"name":"wp","href":"https:\/\/api.w.org\/{rel}","templated":true}]}}