{"id":68437,"date":"2025-04-29T12:25:42","date_gmt":"2025-04-29T11:25:42","guid":{"rendered":"https:\/\/abilica.com\/?post_type=product&#038;p=68437"},"modified":"2025-08-18T10:15:29","modified_gmt":"2025-08-18T09:15:29","slug":"abilica-weightbar-220-cm-50-mm-2","status":"publish","type":"product","link":"https:\/\/abilica.com\/no\/styrke\/skiver-og-stenger\/abilica-weightbar-220-cm-50-mm-2\/","title":{"rendered":"Abilica WeightBar 220 cm 50 mm"},"content":{"rendered":"<div class=\"wpb-content-wrapper\"><p>[vc_row][vc_column][vc_column_text]<strong>Abilica WeightBar 220 cm 50 mm er en vektstang for deg som \u00f8nsker en god stang med standard lengde til \u00f8velser som markl\u00f8ft, kneb\u00f8y og benkpress.<\/strong><\/p>\n<p>Vektstangen har en grepsdiameter p\u00e5 28 mm med 1.2 mm hill serratering og en overflatebehandling av typen hardkrom. Hardkrom er en legering som gir vektstangen et flott utseende, god f\u00f8lelse, korrosjonsbestandighet og god slitestyrke. Denne kombinasjonen gj\u00f8r at grepet f\u00f8les komfortabelt i tillegg til at du fortsatt har godt grep n\u00e5r vektene blir tunge. 12 cm senter serratering p\u00e5 midten av stangen gir deg godt grep n\u00e5r du kj\u00f8rer kneb\u00f8y og de 2 serratering seksjonene p\u00e5 hver side av stangen gj\u00f8r det enkelt for deg \u00e5 finne det samme grepsbredde hver gang du skal l\u00f8fte markl\u00f8ft eller benkpress. Vi anbefaler <a href=\"https:\/\/abilica.com\/no\/styrke\/skiver-og-stenger\/abilica-olympic-weightplate-50-mm\/\"><b>Abilica Olympic WeightPlates<\/b><\/a> til denne vektstangen, i tillegg til <a href=\"https:\/\/abilica.com\/no\/styrke\/skiver-og-stenger\/abilica-jawclamp-50-mm\/\"><b>50 mm l\u00e5ser<\/b><\/a>. Abilica WeightBar 220 cm 50 mm passer like bra i et treningsrom hjemme som hos en bedrift.<\/p>\n<p><b>Spesifikasjoner<br \/>\n<\/b>Lengde: 220 cm<br \/>\nVekt: 20 kg<br \/>\nLengde endestykke: 41 cm<br \/>\nGrepsvidde: 131 cm<br \/>\nDiameter grep:\u00a028 mm<br \/>\nSerratering seksjoner: 7<br \/>\nSerratering type: Hill 1.2 mm<br \/>\nLager: 2 stk n\u00e5lelager og kobberlager<br \/>\nPSI: 190k<br \/>\nOverflatebehandling: Hardkrom<br \/>\nMaks belastning:\u00a0300 kg\u00a0<span class=\"Apple-converted-space\"><br \/>\n<\/span>Leveres uten l\u00e5ser[\/vc_column_text][vc_empty_space height=&raquo;52px&raquo;][\/vc_column][\/vc_row]<\/p>\n<\/div>","protected":false},"excerpt":{"rendered":"<p>[vc_row][vc_column][vc_column_text]Abilica WeightBar 220 cm 50 mm er en vektstang for deg som \u00f8nsker en god&#8230;<\/p>\n","protected":false},"featured_media":68441,"template":"","meta":{"_acf_changed":false},"product_brand":[],"product_cat":[425,422],"product_tag":[366],"class_list":{"0":"post-68437","1":"product","2":"type-product","3":"status-publish","4":"has-post-thumbnail","6":"product_cat-skiver-og-stenger","7":"product_cat-styrke","8":"product_tag-premium-no","10":"first","11":"instock","12":"product-type-simple"},"acf":[],"yoast_head":"<!-- This site is optimized with the Yoast SEO Premium plugin v21.1 (Yoast SEO v25.4) - https:\/\/yoast.com\/wordpress\/plugins\/seo\/ -->\n<title>Abilica WeightBar 220 cm 50 mm Abilica<\/title>\n<meta name=\"robots\" content=\"index, follow, max-snippet:-1, max-image-preview:large, max-video-preview:-1\" \/>\n<link rel=\"canonical\" href=\"https:\/\/abilica.com\/no\/styrke\/skiver-og-stenger\/abilica-weightbar-220-cm-50-mm-2\/\" \/>\n<meta property=\"og:locale\" content=\"nb_NO\" \/>\n<meta property=\"og:type\" content=\"article\" \/>\n<meta property=\"og:title\" content=\"Abilica WeightBar 220 cm 50 mm\" \/>\n<meta property=\"og:description\" content=\"[vc_row][vc_column][vc_column_text]Abilica WeightBar 220 cm 50 mm er en vektstang for deg som \u00f8nsker en god...\" \/>\n<meta property=\"og:url\" content=\"https:\/\/abilica.com\/no\/styrke\/skiver-og-stenger\/abilica-weightbar-220-cm-50-mm-2\/\" \/>\n<meta property=\"og:site_name\" content=\"Abilica\" \/>\n<meta property=\"article:publisher\" content=\"https:\/\/www.facebook.com\/abilicahometraining\/\" \/>\n<meta property=\"article:modified_time\" content=\"2025-08-18T09:15:29+00:00\" \/>\n<meta property=\"og:image\" content=\"https:\/\/abilica.com\/wp-content\/uploads\/2025\/04\/408131-Abilica-WeightBar-220-cm-50-mm_B.jpg\" \/>\n\t<meta property=\"og:image:width\" content=\"1200\" \/>\n\t<meta property=\"og:image:height\" content=\"1200\" \/>\n\t<meta property=\"og:image:type\" content=\"image\/jpeg\" \/>\n<meta name=\"twitter:card\" content=\"summary_large_image\" \/>\n<meta name=\"twitter:label1\" content=\"Ansl. lesetid\" \/>\n\t<meta name=\"twitter:data1\" content=\"1 minutt\" \/>\n<script type=\"application\/ld+json\" class=\"yoast-schema-graph\">{\"@context\":\"https:\/\/schema.org\",\"@graph\":[{\"@type\":\"WebPage\",\"@id\":\"https:\/\/abilica.com\/no\/styrke\/skiver-og-stenger\/abilica-weightbar-220-cm-50-mm-2\/\",\"url\":\"https:\/\/abilica.com\/no\/styrke\/skiver-og-stenger\/abilica-weightbar-220-cm-50-mm-2\/\",\"name\":\"Abilica WeightBar 220 cm 50 mm Abilica\",\"isPartOf\":{\"@id\":\"https:\/\/abilica.com\/#website\"},\"primaryImageOfPage\":{\"@id\":\"https:\/\/abilica.com\/no\/styrke\/skiver-og-stenger\/abilica-weightbar-220-cm-50-mm-2\/#primaryimage\"},\"image\":{\"@id\":\"https:\/\/abilica.com\/no\/styrke\/skiver-og-stenger\/abilica-weightbar-220-cm-50-mm-2\/#primaryimage\"},\"thumbnailUrl\":\"https:\/\/abilica.com\/wp-content\/uploads\/2025\/04\/408131-Abilica-WeightBar-220-cm-50-mm_B.jpg\",\"datePublished\":\"2025-04-29T11:25:42+00:00\",\"dateModified\":\"2025-08-18T09:15:29+00:00\",\"breadcrumb\":{\"@id\":\"https:\/\/abilica.com\/no\/styrke\/skiver-og-stenger\/abilica-weightbar-220-cm-50-mm-2\/#breadcrumb\"},\"inLanguage\":\"nb-NO\",\"potentialAction\":[{\"@type\":\"ReadAction\",\"target\":[\"https:\/\/abilica.com\/no\/styrke\/skiver-og-stenger\/abilica-weightbar-220-cm-50-mm-2\/\"]}]},{\"@type\":\"ImageObject\",\"inLanguage\":\"nb-NO\",\"@id\":\"https:\/\/abilica.com\/no\/styrke\/skiver-og-stenger\/abilica-weightbar-220-cm-50-mm-2\/#primaryimage\",\"url\":\"https:\/\/abilica.com\/wp-content\/uploads\/2025\/04\/408131-Abilica-WeightBar-220-cm-50-mm_B.jpg\",\"contentUrl\":\"https:\/\/abilica.com\/wp-content\/uploads\/2025\/04\/408131-Abilica-WeightBar-220-cm-50-mm_B.jpg\",\"width\":1200,\"height\":1200},{\"@type\":\"BreadcrumbList\",\"@id\":\"https:\/\/abilica.com\/no\/styrke\/skiver-og-stenger\/abilica-weightbar-220-cm-50-mm-2\/#breadcrumb\",\"itemListElement\":[{\"@type\":\"ListItem\",\"position\":1,\"name\":\"Hem\",\"item\":\"https:\/\/abilica.com\/no\/\"},{\"@type\":\"ListItem\",\"position\":2,\"name\":\"Produkter\",\"item\":\"https:\/\/abilica.com\/no\/shop-2\/\"},{\"@type\":\"ListItem\",\"position\":3,\"name\":\"Abilica WeightBar 220 cm 50 mm\"}]},{\"@type\":\"WebSite\",\"@id\":\"https:\/\/abilica.com\/#website\",\"url\":\"https:\/\/abilica.com\/\",\"name\":\"Abilica\",\"description\":\"Abilica Home Training\",\"potentialAction\":[{\"@type\":\"SearchAction\",\"target\":{\"@type\":\"EntryPoint\",\"urlTemplate\":\"https:\/\/abilica.com\/?s={search_term_string}\"},\"query-input\":{\"@type\":\"PropertyValueSpecification\",\"valueRequired\":true,\"valueName\":\"search_term_string\"}}],\"inLanguage\":\"nb-NO\"}]}<\/script>\n<!-- \/ Yoast SEO Premium plugin. -->","yoast_head_json":{"title":"Abilica WeightBar 220 cm 50 mm Abilica","robots":{"index":"index","follow":"follow","max-snippet":"max-snippet:-1","max-image-preview":"max-image-preview:large","max-video-preview":"max-video-preview:-1"},"canonical":"https:\/\/abilica.com\/no\/styrke\/skiver-og-stenger\/abilica-weightbar-220-cm-50-mm-2\/","og_locale":"nb_NO","og_type":"article","og_title":"Abilica WeightBar 220 cm 50 mm","og_description":"[vc_row][vc_column][vc_column_text]Abilica WeightBar 220 cm 50 mm er en vektstang for deg som \u00f8nsker en god...","og_url":"https:\/\/abilica.com\/no\/styrke\/skiver-og-stenger\/abilica-weightbar-220-cm-50-mm-2\/","og_site_name":"Abilica","article_publisher":"https:\/\/www.facebook.com\/abilicahometraining\/","article_modified_time":"2025-08-18T09:15:29+00:00","og_image":[{"width":1200,"height":1200,"url":"https:\/\/abilica.com\/wp-content\/uploads\/2025\/04\/408131-Abilica-WeightBar-220-cm-50-mm_B.jpg","type":"image\/jpeg"}],"twitter_card":"summary_large_image","twitter_misc":{"Ansl. lesetid":"1 minutt"},"schema":{"@context":"https:\/\/schema.org","@graph":[{"@type":"WebPage","@id":"https:\/\/abilica.com\/no\/styrke\/skiver-og-stenger\/abilica-weightbar-220-cm-50-mm-2\/","url":"https:\/\/abilica.com\/no\/styrke\/skiver-og-stenger\/abilica-weightbar-220-cm-50-mm-2\/","name":"Abilica WeightBar 220 cm 50 mm Abilica","isPartOf":{"@id":"https:\/\/abilica.com\/#website"},"primaryImageOfPage":{"@id":"https:\/\/abilica.com\/no\/styrke\/skiver-og-stenger\/abilica-weightbar-220-cm-50-mm-2\/#primaryimage"},"image":{"@id":"https:\/\/abilica.com\/no\/styrke\/skiver-og-stenger\/abilica-weightbar-220-cm-50-mm-2\/#primaryimage"},"thumbnailUrl":"https:\/\/abilica.com\/wp-content\/uploads\/2025\/04\/408131-Abilica-WeightBar-220-cm-50-mm_B.jpg","datePublished":"2025-04-29T11:25:42+00:00","dateModified":"2025-08-18T09:15:29+00:00","breadcrumb":{"@id":"https:\/\/abilica.com\/no\/styrke\/skiver-og-stenger\/abilica-weightbar-220-cm-50-mm-2\/#breadcrumb"},"inLanguage":"nb-NO","potentialAction":[{"@type":"ReadAction","target":["https:\/\/abilica.com\/no\/styrke\/skiver-og-stenger\/abilica-weightbar-220-cm-50-mm-2\/"]}]},{"@type":"ImageObject","inLanguage":"nb-NO","@id":"https:\/\/abilica.com\/no\/styrke\/skiver-og-stenger\/abilica-weightbar-220-cm-50-mm-2\/#primaryimage","url":"https:\/\/abilica.com\/wp-content\/uploads\/2025\/04\/408131-Abilica-WeightBar-220-cm-50-mm_B.jpg","contentUrl":"https:\/\/abilica.com\/wp-content\/uploads\/2025\/04\/408131-Abilica-WeightBar-220-cm-50-mm_B.jpg","width":1200,"height":1200},{"@type":"BreadcrumbList","@id":"https:\/\/abilica.com\/no\/styrke\/skiver-og-stenger\/abilica-weightbar-220-cm-50-mm-2\/#breadcrumb","itemListElement":[{"@type":"ListItem","position":1,"name":"Hem","item":"https:\/\/abilica.com\/no\/"},{"@type":"ListItem","position":2,"name":"Produkter","item":"https:\/\/abilica.com\/no\/shop-2\/"},{"@type":"ListItem","position":3,"name":"Abilica WeightBar 220 cm 50 mm"}]},{"@type":"WebSite","@id":"https:\/\/abilica.com\/#website","url":"https:\/\/abilica.com\/","name":"Abilica","description":"Abilica Home Training","potentialAction":[{"@type":"SearchAction","target":{"@type":"EntryPoint","urlTemplate":"https:\/\/abilica.com\/?s={search_term_string}"},"query-input":{"@type":"PropertyValueSpecification","valueRequired":true,"valueName":"search_term_string"}}],"inLanguage":"nb-NO"}]}},"_links":{"self":[{"href":"https:\/\/abilica.com\/no\/wp-json\/wp\/v2\/product\/68437","targetHints":{"allow":["GET"]}}],"collection":[{"href":"https:\/\/abilica.com\/no\/wp-json\/wp\/v2\/product"}],"about":[{"href":"https:\/\/abilica.com\/no\/wp-json\/wp\/v2\/types\/product"}],"wp:featuredmedia":[{"embeddable":true,"href":"https:\/\/abilica.com\/no\/wp-json\/wp\/v2\/media\/68441"}],"wp:attachment":[{"href":"https:\/\/abilica.com\/no\/wp-json\/wp\/v2\/media?parent=68437"}],"wp:term":[{"taxonomy":"product_brand","embeddable":true,"href":"https:\/\/abilica.com\/no\/wp-json\/wp\/v2\/product_brand?post=68437"},{"taxonomy":"product_cat","embeddable":true,"href":"https:\/\/abilica.com\/no\/wp-json\/wp\/v2\/product_cat?post=68437"},{"taxonomy":"product_tag","embeddable":true,"href":"https:\/\/abilica.com\/no\/wp-json\/wp\/v2\/product_tag?post=68437"}],"curies":[{"name":"wp","href":"https:\/\/api.w.org\/{rel}","templated":true}]}}