{"id":68826,"date":"2025-08-19T09:41:31","date_gmt":"2025-08-19T08:41:31","guid":{"rendered":"https:\/\/abilica.com\/?post_type=product&#038;p=68826"},"modified":"2025-08-19T13:45:40","modified_gmt":"2025-08-19T12:45:40","slug":"abilica-walkpad-20","status":"publish","type":"product","link":"https:\/\/abilica.com\/no\/kondisjon\/tredemolle\/abilica-walkpad-20\/","title":{"rendered":"Abilica WalkPad 20"},"content":{"rendered":"<p><strong>Abilica WalkPad 20 &#8211; Din perfekte treningspartner!<br \/>\n<\/strong>Er du p\u00e5 jakt etter en effektiv og plassbesparende l\u00f8sning for \u00e5 komme i bedre form?<\/p>\n<p>Abilica WalkPad 20 er svaret! Denne moderne g\u00e5 m\u00f8llen er designet for b\u00e5de gange og lett jogg, med en maksimal hastighet p\u00e5 4 km\/t i g\u00e5modus og hele 12 km\/t i l\u00f8psmodus. Abilica WalkPad 20 er utviklet for det Skandinaviske markedet og har alle funksjoner for trygg og lett tilgengelig aktivitet. Computer med tid, hastighet, distanse og indikasjon p\u00e5 kaloriforbruk og mulighet til \u00e5 koble til apper, gir den trenings\u00f8kten din ekstra motivasjon og mange muligheter. Eller plasser nettbrettet\/ telefonen i holderen p\u00e5 computeren og se ditt favoritt program mens du g\u00e5r. Hel l\u00f8peplate (ikke foldbar) gir lite st\u00f8y og god stabilitet, s\u00e5 denne modellen er ogs\u00e5 godt egnet til bruk foran TV\u00e8n. \u00a0Nesten ingen montering gj\u00f8r at du raskt og enkelt kommer i gang med treningen. Hjul og det plassbesparende designet gj\u00f8r at den enkelt kan plasseres bort, f.eks. under sengen eller sofaen, n\u00e5r den ikke er i bruk. WalkPad 20 passer like fint i stuen, p\u00e5 soverommet som p\u00e5 kontoret hjemme. Hva med \u00e5 g\u00e5 en tur mens du jobber?<\/p>\n<p style=\"text-align: left;\">N\u00f8kkelfunksjoner:<br \/>\n<strong>Allsidig trening:<\/strong> Perfekt for b\u00e5de gange og lett jogg.<\/p>\n<p style=\"text-align: left;\"><strong>Kompakt design:<\/strong> Kun 13 cm h\u00f8y n\u00e5r sammensl\u00e5tt \u2013 enkel \u00e5 oppbevare under sofaen eller sengen.<br \/>\n<strong>Kraftig motor:<\/strong> 1,25 hk b\u00f8rstel\u00f8s motor for jevn og stille drift. B\u00f8rstel\u00f8s motor varer lengre enn en vanlig tredem\u00f8lle motor.<br \/>\n<strong>Smart tilkobling:<\/strong> Kan kobles til apper for en mer interaktiv treningsopplevelse.<br \/>\n<strong>Sikkerhet: <\/strong>H\u00e5ndtak (til l\u00f8pemodus), sikkerhetsn\u00f8kkel, brede fotbrett og hel og lang l\u00f8peplate.<br \/>\n<strong>Lite st\u00f8y:<\/strong> L\u00f8peplaten er hel og ikke foldbar, noe som gir minimalt med st\u00f8y og st\u00f8rre stabilitet.<br \/>\n<strong>Enkelt \u00e5 komme i gang:<\/strong> Nesten ingen montering!<\/p>\n<p><b><strong><br \/>\nSPESIFIKASJONER<br \/>\n<\/strong><\/b>Maks hastighet l\u00f8pemodus: 12 km\/t<br \/>\nMaks hastighet g\u00e5modus: 4 km\/t<br \/>\nMotor: 1.25 HK B\u00f8rstel\u00f8s<br \/>\nMotorytelse peak: 2.0 HK<br \/>\nMotortype: DC<br \/>\nFjernkontroll: Ja (til g\u00e5modus)<br \/>\nTablet holder: Ja<br \/>\nComputer med: Tid, hastighet, distanse og kaloriforbruk (indikasjon)<br \/>\nApptilkobling: Ja<br \/>\nApper: Fitshow, Kinomap, Zwift<br \/>\nM\u00e5l l\u00f8peb\u00e5nd: 42 x 120 cm<br \/>\nH\u00f8yde (gulv-l\u00f8peflate): 10,5 \u2013 12 cm<br \/>\nMotorisert stigning: Nei<br \/>\nStigningsniv\u00e5er: Ingen<br \/>\nSammenleggbar: Ja<br \/>\nTransporthjul: Ja<br \/>\nM\u00e5l oppmontert: 144 x 77 x 127 cm (L x B x H)<br \/>\nM\u00e5l sammensl\u00e5tt: 150 x 77 x 13 cm (L x B x H)<br \/>\nProduktvekt: 36 kg<br \/>\nMaks brukervekt: 100 kg<\/p>\n<p><em><a href=\"https:\/\/abilica.com\/wp-content\/uploads\/2025\/08\/Ab_Walkpad-20_240810.pdf\">Abilica WalkPad 20 Manual_Download PDF<\/a><\/em><\/p>\n<p>G\u00e5m\u00f8ller er en stor trend, og med Abilica WalkPad 20 f\u00e5r du en lang nok l\u00f8peflate til \u00e5 ogs\u00e5 kunne jogge komfortabelt. Produsert i henhold til European Standard EN957-6 som er sikkerhetsstandarden for motoriserte tredem\u00f8ller.<\/p>\n<p>Hold deg aktiv og sunn med denne innovative treningsl\u00f8sningen som passer perfekt inn i ethvert hjem.<\/p>\n<p>Gj\u00f8r treningen enkel og tilgjengelig \u2013 velg Abilica WalkPad 20!<\/p>\n<p>G\u00e5 i dag, l\u00f8p i morgen.<\/p>\n<div style=\"width: 640px;\" class=\"wp-video\"><!--[if lt IE 9]><script>document.createElement('video');<\/script><![endif]-->\n<video class=\"wp-video-shortcode\" id=\"video-68826-1\" width=\"640\" height=\"360\" preload=\"metadata\" controls=\"controls\"><source type=\"video\/mp4\" src=\"https:\/\/abilica.com\/wp-content\/uploads\/2025\/08\/Abilica-WalkPad-Nett_Bredde.mp4?_=1\" \/><a href=\"https:\/\/abilica.com\/wp-content\/uploads\/2025\/08\/Abilica-WalkPad-Nett_Bredde.mp4\">https:\/\/abilica.com\/wp-content\/uploads\/2025\/08\/Abilica-WalkPad-Nett_Bredde.mp4<\/a><\/video><\/div>\n","protected":false},"excerpt":{"rendered":"<p>Abilica WalkPad 20 &#8211; Din perfekte treningspartner! Er du p\u00e5 jakt etter en effektiv og&#8230;<\/p>\n","protected":false},"featured_media":68902,"template":"","meta":{"_acf_changed":false},"product_brand":[],"product_cat":[426,428],"product_tag":[],"class_list":{"0":"post-68826","1":"product","2":"type-product","3":"status-publish","4":"has-post-thumbnail","6":"product_cat-kondisjon","7":"product_cat-tredemolle","9":"first","10":"instock","11":"product-type-simple"},"acf":[],"yoast_head":"<!-- This site is optimized with the Yoast SEO Premium plugin v21.1 (Yoast SEO v25.4) - https:\/\/yoast.com\/wordpress\/plugins\/seo\/ -->\n<title>Abilica WalkPad 20 Abilica<\/title>\n<meta name=\"robots\" content=\"index, follow, max-snippet:-1, max-image-preview:large, max-video-preview:-1\" \/>\n<link rel=\"canonical\" href=\"https:\/\/abilica.com\/no\/kondisjon\/tredemolle\/abilica-walkpad-20\/\" \/>\n<meta property=\"og:locale\" content=\"nb_NO\" \/>\n<meta property=\"og:type\" content=\"article\" \/>\n<meta property=\"og:title\" content=\"Abilica WalkPad 20\" \/>\n<meta property=\"og:description\" content=\"Abilica WalkPad 20 &#8211; Din perfekte treningspartner! Er du p\u00e5 jakt etter en effektiv og...\" \/>\n<meta property=\"og:url\" content=\"https:\/\/abilica.com\/no\/kondisjon\/tredemolle\/abilica-walkpad-20\/\" \/>\n<meta property=\"og:site_name\" content=\"Abilica\" \/>\n<meta property=\"article:publisher\" content=\"https:\/\/www.facebook.com\/abilicahometraining\/\" \/>\n<meta property=\"article:modified_time\" content=\"2025-08-19T12:45:40+00:00\" \/>\n<meta property=\"og:image\" content=\"https:\/\/abilica.com\/wp-content\/uploads\/2025\/08\/409487_Abilica-Walkpad-20_02.jpg\" \/>\n\t<meta property=\"og:image:width\" content=\"1200\" \/>\n\t<meta property=\"og:image:height\" content=\"1200\" \/>\n\t<meta property=\"og:image:type\" content=\"image\/jpeg\" \/>\n<meta name=\"twitter:card\" content=\"summary_large_image\" \/>\n<meta name=\"twitter:label1\" content=\"Ansl. lesetid\" \/>\n\t<meta name=\"twitter:data1\" content=\"2 minutter\" \/>\n<script type=\"application\/ld+json\" class=\"yoast-schema-graph\">{\"@context\":\"https:\/\/schema.org\",\"@graph\":[{\"@type\":\"WebPage\",\"@id\":\"https:\/\/abilica.com\/no\/kondisjon\/tredemolle\/abilica-walkpad-20\/\",\"url\":\"https:\/\/abilica.com\/no\/kondisjon\/tredemolle\/abilica-walkpad-20\/\",\"name\":\"Abilica WalkPad 20 Abilica\",\"isPartOf\":{\"@id\":\"https:\/\/abilica.com\/#website\"},\"primaryImageOfPage\":{\"@id\":\"https:\/\/abilica.com\/no\/kondisjon\/tredemolle\/abilica-walkpad-20\/#primaryimage\"},\"image\":{\"@id\":\"https:\/\/abilica.com\/no\/kondisjon\/tredemolle\/abilica-walkpad-20\/#primaryimage\"},\"thumbnailUrl\":\"https:\/\/abilica.com\/wp-content\/uploads\/2025\/08\/409487_Abilica-Walkpad-20_02.jpg\",\"datePublished\":\"2025-08-19T08:41:31+00:00\",\"dateModified\":\"2025-08-19T12:45:40+00:00\",\"breadcrumb\":{\"@id\":\"https:\/\/abilica.com\/no\/kondisjon\/tredemolle\/abilica-walkpad-20\/#breadcrumb\"},\"inLanguage\":\"nb-NO\",\"potentialAction\":[{\"@type\":\"ReadAction\",\"target\":[\"https:\/\/abilica.com\/no\/kondisjon\/tredemolle\/abilica-walkpad-20\/\"]}]},{\"@type\":\"ImageObject\",\"inLanguage\":\"nb-NO\",\"@id\":\"https:\/\/abilica.com\/no\/kondisjon\/tredemolle\/abilica-walkpad-20\/#primaryimage\",\"url\":\"https:\/\/abilica.com\/wp-content\/uploads\/2025\/08\/409487_Abilica-Walkpad-20_02.jpg\",\"contentUrl\":\"https:\/\/abilica.com\/wp-content\/uploads\/2025\/08\/409487_Abilica-Walkpad-20_02.jpg\",\"width\":1200,\"height\":1200},{\"@type\":\"BreadcrumbList\",\"@id\":\"https:\/\/abilica.com\/no\/kondisjon\/tredemolle\/abilica-walkpad-20\/#breadcrumb\",\"itemListElement\":[{\"@type\":\"ListItem\",\"position\":1,\"name\":\"Hem\",\"item\":\"https:\/\/abilica.com\/no\/\"},{\"@type\":\"ListItem\",\"position\":2,\"name\":\"Produkter\",\"item\":\"https:\/\/abilica.com\/no\/shop-2\/\"},{\"@type\":\"ListItem\",\"position\":3,\"name\":\"Abilica WalkPad 20\"}]},{\"@type\":\"WebSite\",\"@id\":\"https:\/\/abilica.com\/#website\",\"url\":\"https:\/\/abilica.com\/\",\"name\":\"Abilica\",\"description\":\"Abilica Home Training\",\"potentialAction\":[{\"@type\":\"SearchAction\",\"target\":{\"@type\":\"EntryPoint\",\"urlTemplate\":\"https:\/\/abilica.com\/?s={search_term_string}\"},\"query-input\":{\"@type\":\"PropertyValueSpecification\",\"valueRequired\":true,\"valueName\":\"search_term_string\"}}],\"inLanguage\":\"nb-NO\"}]}<\/script>\n<!-- \/ Yoast SEO Premium plugin. -->","yoast_head_json":{"title":"Abilica WalkPad 20 Abilica","robots":{"index":"index","follow":"follow","max-snippet":"max-snippet:-1","max-image-preview":"max-image-preview:large","max-video-preview":"max-video-preview:-1"},"canonical":"https:\/\/abilica.com\/no\/kondisjon\/tredemolle\/abilica-walkpad-20\/","og_locale":"nb_NO","og_type":"article","og_title":"Abilica WalkPad 20","og_description":"Abilica WalkPad 20 &#8211; Din perfekte treningspartner! Er du p\u00e5 jakt etter en effektiv og...","og_url":"https:\/\/abilica.com\/no\/kondisjon\/tredemolle\/abilica-walkpad-20\/","og_site_name":"Abilica","article_publisher":"https:\/\/www.facebook.com\/abilicahometraining\/","article_modified_time":"2025-08-19T12:45:40+00:00","og_image":[{"width":1200,"height":1200,"url":"https:\/\/abilica.com\/wp-content\/uploads\/2025\/08\/409487_Abilica-Walkpad-20_02.jpg","type":"image\/jpeg"}],"twitter_card":"summary_large_image","twitter_misc":{"Ansl. lesetid":"2 minutter"},"schema":{"@context":"https:\/\/schema.org","@graph":[{"@type":"WebPage","@id":"https:\/\/abilica.com\/no\/kondisjon\/tredemolle\/abilica-walkpad-20\/","url":"https:\/\/abilica.com\/no\/kondisjon\/tredemolle\/abilica-walkpad-20\/","name":"Abilica WalkPad 20 Abilica","isPartOf":{"@id":"https:\/\/abilica.com\/#website"},"primaryImageOfPage":{"@id":"https:\/\/abilica.com\/no\/kondisjon\/tredemolle\/abilica-walkpad-20\/#primaryimage"},"image":{"@id":"https:\/\/abilica.com\/no\/kondisjon\/tredemolle\/abilica-walkpad-20\/#primaryimage"},"thumbnailUrl":"https:\/\/abilica.com\/wp-content\/uploads\/2025\/08\/409487_Abilica-Walkpad-20_02.jpg","datePublished":"2025-08-19T08:41:31+00:00","dateModified":"2025-08-19T12:45:40+00:00","breadcrumb":{"@id":"https:\/\/abilica.com\/no\/kondisjon\/tredemolle\/abilica-walkpad-20\/#breadcrumb"},"inLanguage":"nb-NO","potentialAction":[{"@type":"ReadAction","target":["https:\/\/abilica.com\/no\/kondisjon\/tredemolle\/abilica-walkpad-20\/"]}]},{"@type":"ImageObject","inLanguage":"nb-NO","@id":"https:\/\/abilica.com\/no\/kondisjon\/tredemolle\/abilica-walkpad-20\/#primaryimage","url":"https:\/\/abilica.com\/wp-content\/uploads\/2025\/08\/409487_Abilica-Walkpad-20_02.jpg","contentUrl":"https:\/\/abilica.com\/wp-content\/uploads\/2025\/08\/409487_Abilica-Walkpad-20_02.jpg","width":1200,"height":1200},{"@type":"BreadcrumbList","@id":"https:\/\/abilica.com\/no\/kondisjon\/tredemolle\/abilica-walkpad-20\/#breadcrumb","itemListElement":[{"@type":"ListItem","position":1,"name":"Hem","item":"https:\/\/abilica.com\/no\/"},{"@type":"ListItem","position":2,"name":"Produkter","item":"https:\/\/abilica.com\/no\/shop-2\/"},{"@type":"ListItem","position":3,"name":"Abilica WalkPad 20"}]},{"@type":"WebSite","@id":"https:\/\/abilica.com\/#website","url":"https:\/\/abilica.com\/","name":"Abilica","description":"Abilica Home Training","potentialAction":[{"@type":"SearchAction","target":{"@type":"EntryPoint","urlTemplate":"https:\/\/abilica.com\/?s={search_term_string}"},"query-input":{"@type":"PropertyValueSpecification","valueRequired":true,"valueName":"search_term_string"}}],"inLanguage":"nb-NO"}]}},"_links":{"self":[{"href":"https:\/\/abilica.com\/no\/wp-json\/wp\/v2\/product\/68826","targetHints":{"allow":["GET"]}}],"collection":[{"href":"https:\/\/abilica.com\/no\/wp-json\/wp\/v2\/product"}],"about":[{"href":"https:\/\/abilica.com\/no\/wp-json\/wp\/v2\/types\/product"}],"wp:featuredmedia":[{"embeddable":true,"href":"https:\/\/abilica.com\/no\/wp-json\/wp\/v2\/media\/68902"}],"wp:attachment":[{"href":"https:\/\/abilica.com\/no\/wp-json\/wp\/v2\/media?parent=68826"}],"wp:term":[{"taxonomy":"product_brand","embeddable":true,"href":"https:\/\/abilica.com\/no\/wp-json\/wp\/v2\/product_brand?post=68826"},{"taxonomy":"product_cat","embeddable":true,"href":"https:\/\/abilica.com\/no\/wp-json\/wp\/v2\/product_cat?post=68826"},{"taxonomy":"product_tag","embeddable":true,"href":"https:\/\/abilica.com\/no\/wp-json\/wp\/v2\/product_tag?post=68826"}],"curies":[{"name":"wp","href":"https:\/\/api.w.org\/{rel}","templated":true}]}}