{"id":69929,"date":"2025-11-03T08:33:07","date_gmt":"2025-11-03T07:33:07","guid":{"rendered":"https:\/\/abilica.com\/?post_type=product&#038;p=69929"},"modified":"2025-11-21T12:33:47","modified_gmt":"2025-11-21T11:33:47","slug":"abilica-xc-classic-2200","status":"publish","type":"product","link":"https:\/\/abilica.com\/no\/kondisjon\/skimaskin\/abilica-xc-classic-2200\/","title":{"rendered":"Abilica Premium XC-Classic 2200"},"content":{"rendered":"<div class=\"wpb-content-wrapper\"><p>[vc_row][vc_column][vc_column_text css=&raquo;&raquo; el_class=&raquo;product-video&raquo;]<\/p>\n<p style=\"text-align: center;\">Abilica Premium XC-Classic 2200 er Abilica sin nye toppmodell innen stakemaskiner! Den passer like bra til den aktive ut\u00f8veren hjemme som p\u00e5 treningsrommet til bedriften. Dette er den perfekte stakemaskinen for \u00f8kt kondisjon og variert styrketrening for b\u00e5de skisesongen og deg som \u00f8nsker effektiv HIIT \u00f8kter eller HYROX trening.<span class=\"Apple-converted-space\">\u00a0<\/span><\/p>\n<p style=\"text-align: center;\">Abilica Premium XC-Classic 2200 har meget solid st\u00e5lkonstruksjon gir god stabilitet, selv ved h\u00f8y intensitet.<span class=\"Apple-converted-space\">\u00a0<\/span>Den unike kombinasjonen av luft- og magnetmotstand med tre Power Soner (Power Zone 1\u20133) gir deg mulighet til \u00e5 variere treningen fra lett til meget h\u00f8y motstand,<span class=\"Apple-converted-space\">\u00a0<\/span>som simulerer bratte og tunge bakker. Spesielt effektiv for ut\u00f8vere som har som m\u00e5l \u00e5 utvikle stakeferdighetene eller deg som \u00f8nsker en stakemaskin for styrketrening. Med hele 16 motstandsniv\u00e5er kan du tilpasse hver eneste \u00f8kt:<\/p>\n<ul style=\"text-align: center;\">\n<li><b>Luftmotstand (niv\u00e5 1\u201310<\/b>) gir en realistisk, smidig f\u00f8lelse som f\u00f8lger hvert drag \u2013 perfekt for oppvarming, teknikk og utholdenhet.<\/li>\n<li><b>Luft + magnetmotstand (niv\u00e5 11\u201316)<\/b> er delt inn i tre dynamiske Power Soner, slik at du enkelt kan g\u00e5 fra styrkende \u00f8kter til maksimal utfordring: <b>Power Zone 1-3:<\/b> for \u00f8kt motstand som skal simulere bratte motbakker, rykk eller fokus p\u00e5 \u00e5 utvikle spesifikk styrke og power.<\/li>\n<\/ul>\n<p>&nbsp;<\/p>\n<p style=\"text-align: center;\">Denne maskinen er ogs\u00e5 perfekt for HIIT \u00f8kter med h\u00f8y motstand og h\u00f8y intensitet eller som en del av HYROX treningen.<span class=\"Apple-converted-space\">\u00a0<\/span>Abilica Premium XC-Classic 2200 leveres med b\u00e5de gulvplattform og oppheng for vegg, slik at du kan velge det som passer best for deg. Gulvplattformen i tre med antiskli belegg har hjul for enkel flytting. Har du liten plass, kan den ogs\u00e5 monteres rett p\u00e5 veggen.<span class=\"Apple-converted-space\">\u00a0<\/span><\/p>\n<p style=\"text-align: center;\">Computer har et oppsett som gir deg meget god oversikt over alle verdiene som er n\u00f8dvendig under en trenings\u00f8kt. Med de nye gjennomsnitt m\u00e5lingene blir det n\u00e5 enda lettere \u00e5 kunne m\u00e5le effekt og hastighet under trenings\u00f8kten. Med gode tilpasninger p\u00e5 b\u00e5de nedtellingsfunksjon og intervalltrening er denne computeren en sikker motivasjonsboost i treningen din. Ved fullf\u00f8rt \u00f8kt i et program vil computeren vise en god oversikt over treningen din, som vil bli lagret i \u00abmemory\u00bb funksjonen p\u00e5 computeren. Computer kan ogs\u00e5 kobles til appene Kinomap for flere treningsprogrammer og D-Fit for logging av trenings\u00f8kter. Over computeren har du ogs\u00e5 en praktisk holder for mobil. <span class=\"Apple-converted-space\">\u00a0<\/span><\/p>\n<p><b>Spesifikasjoner<br \/>\n<\/b>Motstand: Luft og magnet<br \/>\nMostandsniv\u00e5er: 16 (10 med luft og 6 med magnet fordelt p\u00e5 3 Power Soner)<br \/>\nPower Zone: 1\u20133 for ekstra motstand<span class=\"Apple-converted-space\"><br \/>\n<\/span>Str\u00f8mforsyning: Nei, 2 stk batterier<br \/>\nHolder for mobil: ja<span class=\"Apple-converted-space\"><br \/>\n<\/span>Transporthjul: Ja, p\u00e5 gulvplattform<br \/>\nM\u00e5l oppmontert med gulvplattform: 218 x 59 x 126 cm (H x B x D)<br \/>\nProduktm\u00e5l stakemaskin for veggmontering: 215 x 46 x 39,5 cm (H x B x D)<br \/>\nProduktvekt totalt: ca 55 kg, stakemaskin med gulvplattform<br \/>\nProduktvekt stakemaskin: 39,6 kg<span class=\"Apple-converted-space\"><br \/>\n<\/span>Produktvekt gulvplattform: 15,5 kg.<span class=\"Apple-converted-space\">\u00a0<\/span><\/p>\n<p><b>Spesifikasjoner computer<br \/>\n<\/b>Tid og dato\u200b<br \/>\nTotal meter og estimert total meter\/30 min\u200b<br \/>\nTid, estimert tid p\u00e5 500 meter og gjennomsnittlig tid per 500 meter<br \/>\nNedtrekk per minutt og totalt nedtrekk<br \/>\nKalorier og estimert kalorier\/60 min\u200b<br \/>\nWatt og gjennomsnittlig watt\u200b<br \/>\nIntervall trening: Tid, distanse og kalorier\u200b<br \/>\nNedtelling: Tid, distanse og kalorier\u200b<br \/>\nKan kobles til apper: Kinomap og D-Fit<br \/>\nPuls\u200b kompatibelt med 5.3k hz belter (pulsbelte medf\u00f8lger ikke)<br \/>\nMemory mode<\/p>\n<div style=\"width: 640px;\" class=\"wp-video\"><!--[if lt IE 9]><script>document.createElement('video');<\/script><![endif]-->\n<video class=\"wp-video-shortcode\" id=\"video-69929-1\" width=\"640\" height=\"360\" poster=\"https:\/\/abilica.com\/wp-content\/uploads\/2025\/11\/416144_XC-Classic-2200_70.jpg\" preload=\"metadata\" controls=\"controls\"><source type=\"video\/mp4\" src=\"https:\/\/abilica.com\/wp-content\/uploads\/2025\/11\/Abilica-Premium-XC-Classic-2200_Nett_Bredde.mp4?_=1\" \/><a href=\"https:\/\/abilica.com\/wp-content\/uploads\/2025\/11\/Abilica-Premium-XC-Classic-2200_Nett_Bredde.mp4\">https:\/\/abilica.com\/wp-content\/uploads\/2025\/11\/Abilica-Premium-XC-Classic-2200_Nett_Bredde.mp4<\/a><\/video><\/div>\n<p>[\/vc_column_text][\/vc_column][\/vc_row]<\/p>\n<\/div>","protected":false},"excerpt":{"rendered":"<p>[vc_row][vc_column][vc_column_text css=&raquo;&raquo; el_class=&raquo;product-video&raquo;] Abilica Premium XC-Classic 2200 er Abilica sin nye toppmodell innen stakemaskiner! Den&#8230;<\/p>\n","protected":false},"featured_media":69933,"template":"","meta":{"_acf_changed":false},"product_brand":[],"product_cat":[426,465],"product_tag":[555,366],"class_list":{"0":"post-69929","1":"product","2":"type-product","3":"status-publish","4":"has-post-thumbnail","6":"product_cat-kondisjon","7":"product_cat-skimaskin","8":"product_tag-klaebo-collection-no","9":"product_tag-premium-no","11":"first","12":"instock","13":"product-type-simple"},"acf":[],"yoast_head":"<!-- This site is optimized with the Yoast SEO Premium plugin v21.1 (Yoast SEO v25.4) - https:\/\/yoast.com\/wordpress\/plugins\/seo\/ -->\n<title>Abilica Premium XC-Classic 2200 Abilica<\/title>\n<meta name=\"robots\" content=\"index, follow, max-snippet:-1, max-image-preview:large, max-video-preview:-1\" \/>\n<link rel=\"canonical\" href=\"https:\/\/abilica.com\/no\/kondisjon\/skimaskin\/abilica-xc-classic-2200\/\" \/>\n<meta property=\"og:locale\" content=\"nb_NO\" \/>\n<meta property=\"og:type\" content=\"article\" \/>\n<meta property=\"og:title\" content=\"Abilica Premium XC-Classic 2200\" \/>\n<meta property=\"og:description\" content=\"[vc_row][vc_column][vc_column_text css=&raquo;&raquo; el_class=&raquo;product-video&raquo;] Abilica Premium XC-Classic 2200 er Abilica sin nye toppmodell innen stakemaskiner! Den...\" \/>\n<meta property=\"og:url\" content=\"https:\/\/abilica.com\/no\/kondisjon\/skimaskin\/abilica-xc-classic-2200\/\" \/>\n<meta property=\"og:site_name\" content=\"Abilica\" \/>\n<meta property=\"article:publisher\" content=\"https:\/\/www.facebook.com\/abilicahometraining\/\" \/>\n<meta property=\"article:modified_time\" content=\"2025-11-21T11:33:47+00:00\" \/>\n<meta property=\"og:image\" content=\"https:\/\/abilica.com\/wp-content\/uploads\/2025\/11\/416144_Abilica-Premium-XC-Classic-2200_02.jpg\" \/>\n\t<meta property=\"og:image:width\" content=\"1200\" \/>\n\t<meta property=\"og:image:height\" content=\"1200\" \/>\n\t<meta property=\"og:image:type\" content=\"image\/jpeg\" \/>\n<meta name=\"twitter:card\" content=\"summary_large_image\" \/>\n<meta name=\"twitter:label1\" content=\"Ansl. lesetid\" \/>\n\t<meta name=\"twitter:data1\" content=\"3 minutter\" \/>\n<script type=\"application\/ld+json\" class=\"yoast-schema-graph\">{\"@context\":\"https:\/\/schema.org\",\"@graph\":[{\"@type\":\"WebPage\",\"@id\":\"https:\/\/abilica.com\/no\/kondisjon\/skimaskin\/abilica-xc-classic-2200\/\",\"url\":\"https:\/\/abilica.com\/no\/kondisjon\/skimaskin\/abilica-xc-classic-2200\/\",\"name\":\"Abilica Premium XC-Classic 2200 Abilica\",\"isPartOf\":{\"@id\":\"https:\/\/abilica.com\/#website\"},\"primaryImageOfPage\":{\"@id\":\"https:\/\/abilica.com\/no\/kondisjon\/skimaskin\/abilica-xc-classic-2200\/#primaryimage\"},\"image\":{\"@id\":\"https:\/\/abilica.com\/no\/kondisjon\/skimaskin\/abilica-xc-classic-2200\/#primaryimage\"},\"thumbnailUrl\":\"https:\/\/abilica.com\/wp-content\/uploads\/2025\/11\/416144_Abilica-Premium-XC-Classic-2200_02.jpg\",\"datePublished\":\"2025-11-03T07:33:07+00:00\",\"dateModified\":\"2025-11-21T11:33:47+00:00\",\"breadcrumb\":{\"@id\":\"https:\/\/abilica.com\/no\/kondisjon\/skimaskin\/abilica-xc-classic-2200\/#breadcrumb\"},\"inLanguage\":\"nb-NO\",\"potentialAction\":[{\"@type\":\"ReadAction\",\"target\":[\"https:\/\/abilica.com\/no\/kondisjon\/skimaskin\/abilica-xc-classic-2200\/\"]}]},{\"@type\":\"ImageObject\",\"inLanguage\":\"nb-NO\",\"@id\":\"https:\/\/abilica.com\/no\/kondisjon\/skimaskin\/abilica-xc-classic-2200\/#primaryimage\",\"url\":\"https:\/\/abilica.com\/wp-content\/uploads\/2025\/11\/416144_Abilica-Premium-XC-Classic-2200_02.jpg\",\"contentUrl\":\"https:\/\/abilica.com\/wp-content\/uploads\/2025\/11\/416144_Abilica-Premium-XC-Classic-2200_02.jpg\",\"width\":1200,\"height\":1200},{\"@type\":\"BreadcrumbList\",\"@id\":\"https:\/\/abilica.com\/no\/kondisjon\/skimaskin\/abilica-xc-classic-2200\/#breadcrumb\",\"itemListElement\":[{\"@type\":\"ListItem\",\"position\":1,\"name\":\"Hem\",\"item\":\"https:\/\/abilica.com\/no\/\"},{\"@type\":\"ListItem\",\"position\":2,\"name\":\"Produkter\",\"item\":\"https:\/\/abilica.com\/no\/shop-2\/\"},{\"@type\":\"ListItem\",\"position\":3,\"name\":\"Abilica Premium XC-Classic 2200\"}]},{\"@type\":\"WebSite\",\"@id\":\"https:\/\/abilica.com\/#website\",\"url\":\"https:\/\/abilica.com\/\",\"name\":\"Abilica\",\"description\":\"Abilica Home Training\",\"potentialAction\":[{\"@type\":\"SearchAction\",\"target\":{\"@type\":\"EntryPoint\",\"urlTemplate\":\"https:\/\/abilica.com\/?s={search_term_string}\"},\"query-input\":{\"@type\":\"PropertyValueSpecification\",\"valueRequired\":true,\"valueName\":\"search_term_string\"}}],\"inLanguage\":\"nb-NO\"}]}<\/script>\n<!-- \/ Yoast SEO Premium plugin. -->","yoast_head_json":{"title":"Abilica Premium XC-Classic 2200 Abilica","robots":{"index":"index","follow":"follow","max-snippet":"max-snippet:-1","max-image-preview":"max-image-preview:large","max-video-preview":"max-video-preview:-1"},"canonical":"https:\/\/abilica.com\/no\/kondisjon\/skimaskin\/abilica-xc-classic-2200\/","og_locale":"nb_NO","og_type":"article","og_title":"Abilica Premium XC-Classic 2200","og_description":"[vc_row][vc_column][vc_column_text css=&raquo;&raquo; el_class=&raquo;product-video&raquo;] Abilica Premium XC-Classic 2200 er Abilica sin nye toppmodell innen stakemaskiner! Den...","og_url":"https:\/\/abilica.com\/no\/kondisjon\/skimaskin\/abilica-xc-classic-2200\/","og_site_name":"Abilica","article_publisher":"https:\/\/www.facebook.com\/abilicahometraining\/","article_modified_time":"2025-11-21T11:33:47+00:00","og_image":[{"width":1200,"height":1200,"url":"https:\/\/abilica.com\/wp-content\/uploads\/2025\/11\/416144_Abilica-Premium-XC-Classic-2200_02.jpg","type":"image\/jpeg"}],"twitter_card":"summary_large_image","twitter_misc":{"Ansl. lesetid":"3 minutter"},"schema":{"@context":"https:\/\/schema.org","@graph":[{"@type":"WebPage","@id":"https:\/\/abilica.com\/no\/kondisjon\/skimaskin\/abilica-xc-classic-2200\/","url":"https:\/\/abilica.com\/no\/kondisjon\/skimaskin\/abilica-xc-classic-2200\/","name":"Abilica Premium XC-Classic 2200 Abilica","isPartOf":{"@id":"https:\/\/abilica.com\/#website"},"primaryImageOfPage":{"@id":"https:\/\/abilica.com\/no\/kondisjon\/skimaskin\/abilica-xc-classic-2200\/#primaryimage"},"image":{"@id":"https:\/\/abilica.com\/no\/kondisjon\/skimaskin\/abilica-xc-classic-2200\/#primaryimage"},"thumbnailUrl":"https:\/\/abilica.com\/wp-content\/uploads\/2025\/11\/416144_Abilica-Premium-XC-Classic-2200_02.jpg","datePublished":"2025-11-03T07:33:07+00:00","dateModified":"2025-11-21T11:33:47+00:00","breadcrumb":{"@id":"https:\/\/abilica.com\/no\/kondisjon\/skimaskin\/abilica-xc-classic-2200\/#breadcrumb"},"inLanguage":"nb-NO","potentialAction":[{"@type":"ReadAction","target":["https:\/\/abilica.com\/no\/kondisjon\/skimaskin\/abilica-xc-classic-2200\/"]}]},{"@type":"ImageObject","inLanguage":"nb-NO","@id":"https:\/\/abilica.com\/no\/kondisjon\/skimaskin\/abilica-xc-classic-2200\/#primaryimage","url":"https:\/\/abilica.com\/wp-content\/uploads\/2025\/11\/416144_Abilica-Premium-XC-Classic-2200_02.jpg","contentUrl":"https:\/\/abilica.com\/wp-content\/uploads\/2025\/11\/416144_Abilica-Premium-XC-Classic-2200_02.jpg","width":1200,"height":1200},{"@type":"BreadcrumbList","@id":"https:\/\/abilica.com\/no\/kondisjon\/skimaskin\/abilica-xc-classic-2200\/#breadcrumb","itemListElement":[{"@type":"ListItem","position":1,"name":"Hem","item":"https:\/\/abilica.com\/no\/"},{"@type":"ListItem","position":2,"name":"Produkter","item":"https:\/\/abilica.com\/no\/shop-2\/"},{"@type":"ListItem","position":3,"name":"Abilica Premium XC-Classic 2200"}]},{"@type":"WebSite","@id":"https:\/\/abilica.com\/#website","url":"https:\/\/abilica.com\/","name":"Abilica","description":"Abilica Home Training","potentialAction":[{"@type":"SearchAction","target":{"@type":"EntryPoint","urlTemplate":"https:\/\/abilica.com\/?s={search_term_string}"},"query-input":{"@type":"PropertyValueSpecification","valueRequired":true,"valueName":"search_term_string"}}],"inLanguage":"nb-NO"}]}},"_links":{"self":[{"href":"https:\/\/abilica.com\/no\/wp-json\/wp\/v2\/product\/69929","targetHints":{"allow":["GET"]}}],"collection":[{"href":"https:\/\/abilica.com\/no\/wp-json\/wp\/v2\/product"}],"about":[{"href":"https:\/\/abilica.com\/no\/wp-json\/wp\/v2\/types\/product"}],"wp:featuredmedia":[{"embeddable":true,"href":"https:\/\/abilica.com\/no\/wp-json\/wp\/v2\/media\/69933"}],"wp:attachment":[{"href":"https:\/\/abilica.com\/no\/wp-json\/wp\/v2\/media?parent=69929"}],"wp:term":[{"taxonomy":"product_brand","embeddable":true,"href":"https:\/\/abilica.com\/no\/wp-json\/wp\/v2\/product_brand?post=69929"},{"taxonomy":"product_cat","embeddable":true,"href":"https:\/\/abilica.com\/no\/wp-json\/wp\/v2\/product_cat?post=69929"},{"taxonomy":"product_tag","embeddable":true,"href":"https:\/\/abilica.com\/no\/wp-json\/wp\/v2\/product_tag?post=69929"}],"curies":[{"name":"wp","href":"https:\/\/api.w.org\/{rel}","templated":true}]}}