{"id":69969,"date":"2025-11-03T09:18:11","date_gmt":"2025-11-03T08:18:11","guid":{"rendered":"https:\/\/abilica.com\/?post_type=product&#038;p=69969"},"modified":"2025-11-21T12:51:52","modified_gmt":"2025-11-21T11:51:52","slug":"abilica-premium-rower-95","status":"publish","type":"product","link":"https:\/\/abilica.com\/no\/kondisjon\/romaskin\/abilica-premium-rower-95\/","title":{"rendered":"Abilica Premium Rower 95"},"content":{"rendered":"<div class=\"wpb-content-wrapper\"><p>[vc_row][vc_column][vc_column_text css=&raquo;&raquo; el_class=&raquo;product-video&raquo;]Abilica Premium Rower 95 er Abilica sin nye kraftfulle toppmodell av en romaskin, fylt med funksjoner som tar treningen til neste niv\u00e5. Den robuste rammen og oppgraderte komponenter gj\u00f8r at den passer like bra til den aktive ut\u00f8ver som p\u00e5 treningsrommet til bedriften.<span class=\"Apple-converted-space\">\u00a0 <\/span><\/p>\n<p>Kombinasjonen av luft- og magnetmotstand gir deg b\u00e5de den gode f\u00f8lelsen fra magnetmotstand og den krevende intensiteten fra luftmotstand. I tillegg har Abilica Premium Rower 95 tre Power Soner (Power Zone 1\u20133) som gir \u00f8kt motstand i HIIT \u00f8velse, raske drag eller trening med fokus p\u00e5 \u00e5 utvikle spesifikk styrke og kraft. Totalt gj\u00f8r dette Abilica Premium Rower 95 til en kraftpakke for deg som \u00f8nsker det lille ekstra og for \u00e5 pushe deg over nye grenser. Godt egnet til f.eks CrossFit eller HYROX trening.<\/p>\n<p>Computer gir deg god oversikt over alle verdiene som er n\u00f8dvendig under en trenings\u00f8kt. Med gode tilpasninger p\u00e5 b\u00e5de nedtellingsfunksjon og intervall funksjon er denne computeren en sikker motivasjonsboost i din trening. Du kan ogs\u00e5 forh\u00e5nds sette \u00f8nsket m\u00e5loppn\u00e5else for trenings\u00f8kten og f\u00e5 en god oppsummering etterp\u00e5. Computeren kan i tillegg kobles til apper, for eksempel Kinomap om du \u00f8nsker \u00e5 ro til treningsvideoer, eller til D-Fit for logging av trenings\u00f8kter.\u00a0Over computeren har du ogs\u00e5 en praktisk holder for mobil.<span class=\"Apple-converted-space\">\u00a0 <\/span><\/p>\n<p>Med h\u00e5ndtak som gir godt grep, ergonomisk sete og solid aluminiumsskinne f\u00e5r du en smidig og naturlig ro-opplevelse. Pedalene kan justeres i 7 ulike niv\u00e5er for best mulig individuell tilpasning. Romaskinen har transporthjul i front som gj\u00f8r at den enkelt kan flyttes ved behov. Abilica Rower 95 veier ca 47 kg. Maks brukervekt er 160 kg.<span class=\"Apple-converted-space\">\u00a0<\/span><\/p>\n<p><b>Spesifikasjoner<br \/>\n<\/b>Motstand: Luft og magnet<br \/>\nMostandsniv\u00e5er: 16 (10 med luft og 6 med magnet fordelt p\u00e5 3 power soner)<br \/>\nPower Zone: 1\u20133 for ekstra motstand<span class=\"Apple-converted-space\"><br \/>\n<\/span>Transporthjul: Ja<br \/>\nHolder for mobil\/nettbrett: Ja<span class=\"Apple-converted-space\"><br \/>\n<\/span>M\u00e5l oppsl\u00e5tt: 240 x 63 x 120 cm (L x B x H)<br \/>\nM\u00e5l sammen sl\u00e5tt: Kan deles i to deler ved lagring<span class=\"Apple-converted-space\"><br \/>\n<\/span>Produktvekt: 46,6 kg<span class=\"Apple-converted-space\"><br \/>\n<\/span>Maks brukervekt: 160 kg<\/p>\n<p>&nbsp;<\/p>\n<p><b>Spesifikasjoner computer<span class=\"Apple-converted-space\"><br \/>\n<\/span><\/b>Tid og dato\u200b<br \/>\nTotal meter og estimert total meter\/30 min\u200b<br \/>\nTid, estimert tid p\u00e5 500 meter og gjennomsnittlig tid per 500 meter<br \/>\nRotak per minutt og total rotak<br \/>\nKalorier og estimert kalorier\/60 min\u200b<br \/>\nWatt og gjennomsnittlig watt\u200b<br \/>\nIntervalltrening: Tid, distanse, kalorier\u200b<br \/>\nNedtelling: Tid, distanse, kalorier\u200b<br \/>\nKan kobles til apper<br \/>\nPuls\u200b kompatibelt med 5.3k hz belter (pulsbelte f\u00f8lger ikke med)<br \/>\nMemory funksjon<span class=\"Apple-converted-space\"><br \/>\n<\/span>Oppsummeringsfunksjon<br \/>\nBatteri er ikke inkludert<br \/>\nSt\u00f8rrelse computer: 18 x 15 x 6.5 cm (L x B x H)<br \/>\nSt\u00f8rrelse skjerm: 5.5\u2019 skjerm<\/p>\n<div style=\"width: 640px;\" class=\"wp-video\"><!--[if lt IE 9]><script>document.createElement('video');<\/script><![endif]-->\n<video class=\"wp-video-shortcode\" id=\"video-69969-1\" width=\"640\" height=\"360\" poster=\"https:\/\/abilica.com\/wp-content\/uploads\/2025\/11\/415719_Rower-95_30-1.jpg\" preload=\"metadata\" controls=\"controls\"><source type=\"video\/mp4\" src=\"https:\/\/abilica.com\/wp-content\/uploads\/2025\/11\/Abilica-Premium-Rower-95_Nett_Bredde.mp4?_=1\" \/><a href=\"https:\/\/abilica.com\/wp-content\/uploads\/2025\/11\/Abilica-Premium-Rower-95_Nett_Bredde.mp4\">https:\/\/abilica.com\/wp-content\/uploads\/2025\/11\/Abilica-Premium-Rower-95_Nett_Bredde.mp4<\/a><\/video><\/div>\n<p>[\/vc_column_text][vc_empty_space height=&raquo;52px&raquo;][vc_btn title=&raquo;Treningstips&raquo; style=&raquo;flat&raquo; color=&raquo;black&raquo; i_icon_fontawesome=&raquo;fas fa-align-right&raquo; add_icon=&raquo;true&raquo; link=&raquo;url:https%3A%2F%2Fabilica.com%2Fno%2Ftreningsartikler%2Fkondisjon%2Ftren-hjemme-pa-romaskin%2F|title:Tren%20hjemme%20p%C3%A5%20romaskin&raquo;][vc_btn title=&raquo;Vedlikeholdstips&raquo; style=&raquo;flat&raquo; color=&raquo;black&raquo; i_icon_fontawesome=&raquo;fas fa-align-right&raquo; add_icon=&raquo;true&raquo; link=&raquo;url:https%3A%2F%2Fabilica.com%2Fno%2Ftreningsartikler%2Fkondisjon%2Fvedlikehold-av-treningsapparater%2F|title:Vedlikehold%20av%20treningsapparater&raquo;][\/vc_column][\/vc_row]<\/p>\n<\/div>","protected":false},"excerpt":{"rendered":"<p>[vc_row][vc_column][vc_column_text css=&raquo;&raquo; el_class=&raquo;product-video&raquo;]Abilica Premium Rower 95 er Abilica sin nye kraftfulle toppmodell av en romaskin,&#8230;<\/p>\n","protected":false},"featured_media":69976,"template":"","meta":{"_acf_changed":false},"product_brand":[],"product_cat":[426,445],"product_tag":[366],"class_list":{"0":"post-69969","1":"product","2":"type-product","3":"status-publish","4":"has-post-thumbnail","6":"product_cat-kondisjon","7":"product_cat-romaskin","8":"product_tag-premium-no","10":"first","11":"instock","12":"product-type-simple"},"acf":[],"yoast_head":"<!-- This site is optimized with the Yoast SEO Premium plugin v21.1 (Yoast SEO v25.4) - https:\/\/yoast.com\/wordpress\/plugins\/seo\/ -->\n<title>Abilica Premium Rower 95 Abilica<\/title>\n<meta name=\"robots\" content=\"index, follow, max-snippet:-1, max-image-preview:large, max-video-preview:-1\" \/>\n<link rel=\"canonical\" href=\"https:\/\/abilica.com\/no\/kondisjon\/romaskin\/abilica-premium-rower-95\/\" \/>\n<meta property=\"og:locale\" content=\"nb_NO\" \/>\n<meta property=\"og:type\" content=\"article\" \/>\n<meta property=\"og:title\" content=\"Abilica Premium Rower 95\" \/>\n<meta property=\"og:description\" content=\"[vc_row][vc_column][vc_column_text css=&raquo;&raquo; el_class=&raquo;product-video&raquo;]Abilica Premium Rower 95 er Abilica sin nye kraftfulle toppmodell av en romaskin,...\" \/>\n<meta property=\"og:url\" content=\"https:\/\/abilica.com\/no\/kondisjon\/romaskin\/abilica-premium-rower-95\/\" \/>\n<meta property=\"og:site_name\" content=\"Abilica\" \/>\n<meta property=\"article:publisher\" content=\"https:\/\/www.facebook.com\/abilicahometraining\/\" \/>\n<meta property=\"article:modified_time\" content=\"2025-11-21T11:51:52+00:00\" \/>\n<meta property=\"og:image\" content=\"https:\/\/abilica.com\/wp-content\/uploads\/2025\/11\/415719_Abilica-Premium-Rower-95_03.jpg\" \/>\n\t<meta property=\"og:image:width\" content=\"1200\" \/>\n\t<meta property=\"og:image:height\" content=\"1200\" \/>\n\t<meta property=\"og:image:type\" content=\"image\/jpeg\" \/>\n<meta name=\"twitter:card\" content=\"summary_large_image\" \/>\n<meta name=\"twitter:label1\" content=\"Ansl. lesetid\" \/>\n\t<meta name=\"twitter:data1\" content=\"2 minutter\" \/>\n<script type=\"application\/ld+json\" class=\"yoast-schema-graph\">{\"@context\":\"https:\/\/schema.org\",\"@graph\":[{\"@type\":\"WebPage\",\"@id\":\"https:\/\/abilica.com\/no\/kondisjon\/romaskin\/abilica-premium-rower-95\/\",\"url\":\"https:\/\/abilica.com\/no\/kondisjon\/romaskin\/abilica-premium-rower-95\/\",\"name\":\"Abilica Premium Rower 95 Abilica\",\"isPartOf\":{\"@id\":\"https:\/\/abilica.com\/#website\"},\"primaryImageOfPage\":{\"@id\":\"https:\/\/abilica.com\/no\/kondisjon\/romaskin\/abilica-premium-rower-95\/#primaryimage\"},\"image\":{\"@id\":\"https:\/\/abilica.com\/no\/kondisjon\/romaskin\/abilica-premium-rower-95\/#primaryimage\"},\"thumbnailUrl\":\"https:\/\/abilica.com\/wp-content\/uploads\/2025\/11\/415719_Abilica-Premium-Rower-95_03.jpg\",\"datePublished\":\"2025-11-03T08:18:11+00:00\",\"dateModified\":\"2025-11-21T11:51:52+00:00\",\"breadcrumb\":{\"@id\":\"https:\/\/abilica.com\/no\/kondisjon\/romaskin\/abilica-premium-rower-95\/#breadcrumb\"},\"inLanguage\":\"nb-NO\",\"potentialAction\":[{\"@type\":\"ReadAction\",\"target\":[\"https:\/\/abilica.com\/no\/kondisjon\/romaskin\/abilica-premium-rower-95\/\"]}]},{\"@type\":\"ImageObject\",\"inLanguage\":\"nb-NO\",\"@id\":\"https:\/\/abilica.com\/no\/kondisjon\/romaskin\/abilica-premium-rower-95\/#primaryimage\",\"url\":\"https:\/\/abilica.com\/wp-content\/uploads\/2025\/11\/415719_Abilica-Premium-Rower-95_03.jpg\",\"contentUrl\":\"https:\/\/abilica.com\/wp-content\/uploads\/2025\/11\/415719_Abilica-Premium-Rower-95_03.jpg\",\"width\":1200,\"height\":1200},{\"@type\":\"BreadcrumbList\",\"@id\":\"https:\/\/abilica.com\/no\/kondisjon\/romaskin\/abilica-premium-rower-95\/#breadcrumb\",\"itemListElement\":[{\"@type\":\"ListItem\",\"position\":1,\"name\":\"Hem\",\"item\":\"https:\/\/abilica.com\/no\/\"},{\"@type\":\"ListItem\",\"position\":2,\"name\":\"Produkter\",\"item\":\"https:\/\/abilica.com\/no\/shop-2\/\"},{\"@type\":\"ListItem\",\"position\":3,\"name\":\"Abilica Premium Rower 95\"}]},{\"@type\":\"WebSite\",\"@id\":\"https:\/\/abilica.com\/#website\",\"url\":\"https:\/\/abilica.com\/\",\"name\":\"Abilica\",\"description\":\"Abilica Home Training\",\"potentialAction\":[{\"@type\":\"SearchAction\",\"target\":{\"@type\":\"EntryPoint\",\"urlTemplate\":\"https:\/\/abilica.com\/?s={search_term_string}\"},\"query-input\":{\"@type\":\"PropertyValueSpecification\",\"valueRequired\":true,\"valueName\":\"search_term_string\"}}],\"inLanguage\":\"nb-NO\"}]}<\/script>\n<!-- \/ Yoast SEO Premium plugin. -->","yoast_head_json":{"title":"Abilica Premium Rower 95 Abilica","robots":{"index":"index","follow":"follow","max-snippet":"max-snippet:-1","max-image-preview":"max-image-preview:large","max-video-preview":"max-video-preview:-1"},"canonical":"https:\/\/abilica.com\/no\/kondisjon\/romaskin\/abilica-premium-rower-95\/","og_locale":"nb_NO","og_type":"article","og_title":"Abilica Premium Rower 95","og_description":"[vc_row][vc_column][vc_column_text css=&raquo;&raquo; el_class=&raquo;product-video&raquo;]Abilica Premium Rower 95 er Abilica sin nye kraftfulle toppmodell av en romaskin,...","og_url":"https:\/\/abilica.com\/no\/kondisjon\/romaskin\/abilica-premium-rower-95\/","og_site_name":"Abilica","article_publisher":"https:\/\/www.facebook.com\/abilicahometraining\/","article_modified_time":"2025-11-21T11:51:52+00:00","og_image":[{"width":1200,"height":1200,"url":"https:\/\/abilica.com\/wp-content\/uploads\/2025\/11\/415719_Abilica-Premium-Rower-95_03.jpg","type":"image\/jpeg"}],"twitter_card":"summary_large_image","twitter_misc":{"Ansl. lesetid":"2 minutter"},"schema":{"@context":"https:\/\/schema.org","@graph":[{"@type":"WebPage","@id":"https:\/\/abilica.com\/no\/kondisjon\/romaskin\/abilica-premium-rower-95\/","url":"https:\/\/abilica.com\/no\/kondisjon\/romaskin\/abilica-premium-rower-95\/","name":"Abilica Premium Rower 95 Abilica","isPartOf":{"@id":"https:\/\/abilica.com\/#website"},"primaryImageOfPage":{"@id":"https:\/\/abilica.com\/no\/kondisjon\/romaskin\/abilica-premium-rower-95\/#primaryimage"},"image":{"@id":"https:\/\/abilica.com\/no\/kondisjon\/romaskin\/abilica-premium-rower-95\/#primaryimage"},"thumbnailUrl":"https:\/\/abilica.com\/wp-content\/uploads\/2025\/11\/415719_Abilica-Premium-Rower-95_03.jpg","datePublished":"2025-11-03T08:18:11+00:00","dateModified":"2025-11-21T11:51:52+00:00","breadcrumb":{"@id":"https:\/\/abilica.com\/no\/kondisjon\/romaskin\/abilica-premium-rower-95\/#breadcrumb"},"inLanguage":"nb-NO","potentialAction":[{"@type":"ReadAction","target":["https:\/\/abilica.com\/no\/kondisjon\/romaskin\/abilica-premium-rower-95\/"]}]},{"@type":"ImageObject","inLanguage":"nb-NO","@id":"https:\/\/abilica.com\/no\/kondisjon\/romaskin\/abilica-premium-rower-95\/#primaryimage","url":"https:\/\/abilica.com\/wp-content\/uploads\/2025\/11\/415719_Abilica-Premium-Rower-95_03.jpg","contentUrl":"https:\/\/abilica.com\/wp-content\/uploads\/2025\/11\/415719_Abilica-Premium-Rower-95_03.jpg","width":1200,"height":1200},{"@type":"BreadcrumbList","@id":"https:\/\/abilica.com\/no\/kondisjon\/romaskin\/abilica-premium-rower-95\/#breadcrumb","itemListElement":[{"@type":"ListItem","position":1,"name":"Hem","item":"https:\/\/abilica.com\/no\/"},{"@type":"ListItem","position":2,"name":"Produkter","item":"https:\/\/abilica.com\/no\/shop-2\/"},{"@type":"ListItem","position":3,"name":"Abilica Premium Rower 95"}]},{"@type":"WebSite","@id":"https:\/\/abilica.com\/#website","url":"https:\/\/abilica.com\/","name":"Abilica","description":"Abilica Home Training","potentialAction":[{"@type":"SearchAction","target":{"@type":"EntryPoint","urlTemplate":"https:\/\/abilica.com\/?s={search_term_string}"},"query-input":{"@type":"PropertyValueSpecification","valueRequired":true,"valueName":"search_term_string"}}],"inLanguage":"nb-NO"}]}},"_links":{"self":[{"href":"https:\/\/abilica.com\/no\/wp-json\/wp\/v2\/product\/69969","targetHints":{"allow":["GET"]}}],"collection":[{"href":"https:\/\/abilica.com\/no\/wp-json\/wp\/v2\/product"}],"about":[{"href":"https:\/\/abilica.com\/no\/wp-json\/wp\/v2\/types\/product"}],"wp:featuredmedia":[{"embeddable":true,"href":"https:\/\/abilica.com\/no\/wp-json\/wp\/v2\/media\/69976"}],"wp:attachment":[{"href":"https:\/\/abilica.com\/no\/wp-json\/wp\/v2\/media?parent=69969"}],"wp:term":[{"taxonomy":"product_brand","embeddable":true,"href":"https:\/\/abilica.com\/no\/wp-json\/wp\/v2\/product_brand?post=69969"},{"taxonomy":"product_cat","embeddable":true,"href":"https:\/\/abilica.com\/no\/wp-json\/wp\/v2\/product_cat?post=69969"},{"taxonomy":"product_tag","embeddable":true,"href":"https:\/\/abilica.com\/no\/wp-json\/wp\/v2\/product_tag?post=69969"}],"curies":[{"name":"wp","href":"https:\/\/api.w.org\/{rel}","templated":true}]}}