{"id":70453,"date":"2025-11-20T15:34:34","date_gmt":"2025-11-20T14:34:34","guid":{"rendered":"https:\/\/abilica.com\/?post_type=product&#038;p=70453"},"modified":"2025-11-21T09:52:56","modified_gmt":"2025-11-21T08:52:56","slug":"bilica-lat-pulldown-bar-parallel-grip","status":"publish","type":"product","link":"https:\/\/abilica.com\/no\/styrke\/multigym\/bilica-lat-pulldown-bar-parallel-grip\/","title":{"rendered":"Abilica Lat PullDown Bar Parallel Grip"},"content":{"rendered":"<div class=\"wpb-content-wrapper\"><p>[vc_row][vc_column][vc_column_text css=&raquo;&raquo;]Abilica LatBar Parallel Grip er en solid nedtrekkstang til multigym i st\u00e5l med hardkrom legering. Nedtrekkstang for b\u00e5de hjemmetrening og kommersiell bruk. Stangen er produsert i sterkt st\u00e5l med svivel i h\u00f8y kvalitetet med to-ledd rotasjon og hardkrom legering. Hardkrom legeringen gir et flott, matt utseende som er korrosjonsbestandig, har god slitestyrke og gir en fantastisk greps f\u00f8lelse. Legeringen er tynnere enn vanlig krom, som gir bedre struktur i serrateringen p\u00e5 h\u00e5ndtaket, i tillegg til at den matte finishen ikke er glatt som gj\u00f8r den ekstra godt egnet for fuktige hender.<\/p>\n<p>Nedtrekkstang med parallelgrep gir deg et godt, n\u00f8ytralt grep for armene og hjelper deg med \u00e5 oppn\u00e5 god muskelkontakt i \u00f8velser som nedtrekk og sittende roing med bredt grep. Parallell grepet har en grepsvidde p\u00e5 12,6 cm og diameter p\u00e5 26 mm. Stangen har ogs\u00e5 2 knurling segmenter p\u00e5 11,4 cm sentrert p\u00e5 stangen som gj\u00f8r den godt egnet for trekk \u00f8velser med smalt grep. Karabinkrok er ikke inkludert.<\/p>\n<p><b>Spesifikasjoner<\/b><br \/>\nM\u00e5l: 84 x 15,8 x 23 cm (L x B x H)<br \/>\nGrepsvidde:12,6 cm<br \/>\nDiameter grep: 26 mm<br \/>\nSerratering: Hill<br \/>\nLegering: Hardkrom<br \/>\nProduktvekt: 5 kg<br \/>\nMateriale: St\u00e5l[\/vc_column_text][vc_empty_space height=&raquo;52px&raquo;][\/vc_column][\/vc_row]<\/p>\n<\/div>","protected":false},"excerpt":{"rendered":"<p>[vc_row][vc_column][vc_column_text css=&raquo;&raquo;]Abilica LatBar Parallel Grip er en solid nedtrekkstang til multigym i st\u00e5l med hardkrom&#8230;<\/p>\n","protected":false},"featured_media":70445,"template":"","meta":{"_acf_changed":false},"product_brand":[],"product_cat":[434,422],"product_tag":[366],"class_list":{"0":"post-70453","1":"product","2":"type-product","3":"status-publish","4":"has-post-thumbnail","6":"product_cat-multigym","7":"product_cat-styrke","8":"product_tag-premium-no","10":"first","11":"instock","12":"product-type-simple"},"acf":[],"yoast_head":"<!-- This site is optimized with the Yoast SEO Premium plugin v21.1 (Yoast SEO v25.4) - https:\/\/yoast.com\/wordpress\/plugins\/seo\/ -->\n<title>Abilica Lat PullDown Bar Parallel Grip Abilica<\/title>\n<meta name=\"robots\" content=\"index, follow, max-snippet:-1, max-image-preview:large, max-video-preview:-1\" \/>\n<link rel=\"canonical\" href=\"https:\/\/abilica.com\/no\/styrke\/multigym\/bilica-lat-pulldown-bar-parallel-grip\/\" \/>\n<meta property=\"og:locale\" content=\"nb_NO\" \/>\n<meta property=\"og:type\" content=\"article\" \/>\n<meta property=\"og:title\" content=\"Abilica Lat PullDown Bar Parallel Grip\" \/>\n<meta property=\"og:description\" content=\"[vc_row][vc_column][vc_column_text css=&raquo;&raquo;]Abilica LatBar Parallel Grip er en solid nedtrekkstang til multigym i st\u00e5l med hardkrom...\" \/>\n<meta property=\"og:url\" content=\"https:\/\/abilica.com\/no\/styrke\/multigym\/bilica-lat-pulldown-bar-parallel-grip\/\" \/>\n<meta property=\"og:site_name\" content=\"Abilica\" \/>\n<meta property=\"article:publisher\" content=\"https:\/\/www.facebook.com\/abilicahometraining\/\" \/>\n<meta property=\"article:modified_time\" content=\"2025-11-21T08:52:56+00:00\" \/>\n<meta property=\"og:image\" content=\"https:\/\/abilica.com\/wp-content\/uploads\/2025\/11\/408125-Abilica-Lat-PulldownBar-Parallel-grip_1.jpg\" \/>\n\t<meta property=\"og:image:width\" content=\"1200\" \/>\n\t<meta property=\"og:image:height\" content=\"1200\" \/>\n\t<meta property=\"og:image:type\" content=\"image\/jpeg\" \/>\n<meta name=\"twitter:card\" content=\"summary_large_image\" \/>\n<meta name=\"twitter:label1\" content=\"Ansl. lesetid\" \/>\n\t<meta name=\"twitter:data1\" content=\"1 minutt\" \/>\n<script type=\"application\/ld+json\" class=\"yoast-schema-graph\">{\"@context\":\"https:\/\/schema.org\",\"@graph\":[{\"@type\":\"WebPage\",\"@id\":\"https:\/\/abilica.com\/no\/styrke\/multigym\/bilica-lat-pulldown-bar-parallel-grip\/\",\"url\":\"https:\/\/abilica.com\/no\/styrke\/multigym\/bilica-lat-pulldown-bar-parallel-grip\/\",\"name\":\"Abilica Lat PullDown Bar Parallel Grip Abilica\",\"isPartOf\":{\"@id\":\"https:\/\/abilica.com\/#website\"},\"primaryImageOfPage\":{\"@id\":\"https:\/\/abilica.com\/no\/styrke\/multigym\/bilica-lat-pulldown-bar-parallel-grip\/#primaryimage\"},\"image\":{\"@id\":\"https:\/\/abilica.com\/no\/styrke\/multigym\/bilica-lat-pulldown-bar-parallel-grip\/#primaryimage\"},\"thumbnailUrl\":\"https:\/\/abilica.com\/wp-content\/uploads\/2025\/11\/408125-Abilica-Lat-PulldownBar-Parallel-grip_1.jpg\",\"datePublished\":\"2025-11-20T14:34:34+00:00\",\"dateModified\":\"2025-11-21T08:52:56+00:00\",\"breadcrumb\":{\"@id\":\"https:\/\/abilica.com\/no\/styrke\/multigym\/bilica-lat-pulldown-bar-parallel-grip\/#breadcrumb\"},\"inLanguage\":\"nb-NO\",\"potentialAction\":[{\"@type\":\"ReadAction\",\"target\":[\"https:\/\/abilica.com\/no\/styrke\/multigym\/bilica-lat-pulldown-bar-parallel-grip\/\"]}]},{\"@type\":\"ImageObject\",\"inLanguage\":\"nb-NO\",\"@id\":\"https:\/\/abilica.com\/no\/styrke\/multigym\/bilica-lat-pulldown-bar-parallel-grip\/#primaryimage\",\"url\":\"https:\/\/abilica.com\/wp-content\/uploads\/2025\/11\/408125-Abilica-Lat-PulldownBar-Parallel-grip_1.jpg\",\"contentUrl\":\"https:\/\/abilica.com\/wp-content\/uploads\/2025\/11\/408125-Abilica-Lat-PulldownBar-Parallel-grip_1.jpg\",\"width\":1200,\"height\":1200},{\"@type\":\"BreadcrumbList\",\"@id\":\"https:\/\/abilica.com\/no\/styrke\/multigym\/bilica-lat-pulldown-bar-parallel-grip\/#breadcrumb\",\"itemListElement\":[{\"@type\":\"ListItem\",\"position\":1,\"name\":\"Hem\",\"item\":\"https:\/\/abilica.com\/no\/\"},{\"@type\":\"ListItem\",\"position\":2,\"name\":\"Produkter\",\"item\":\"https:\/\/abilica.com\/no\/shop-2\/\"},{\"@type\":\"ListItem\",\"position\":3,\"name\":\"Abilica Lat PullDown Bar Parallel Grip\"}]},{\"@type\":\"WebSite\",\"@id\":\"https:\/\/abilica.com\/#website\",\"url\":\"https:\/\/abilica.com\/\",\"name\":\"Abilica\",\"description\":\"Abilica Home Training\",\"potentialAction\":[{\"@type\":\"SearchAction\",\"target\":{\"@type\":\"EntryPoint\",\"urlTemplate\":\"https:\/\/abilica.com\/?s={search_term_string}\"},\"query-input\":{\"@type\":\"PropertyValueSpecification\",\"valueRequired\":true,\"valueName\":\"search_term_string\"}}],\"inLanguage\":\"nb-NO\"}]}<\/script>\n<!-- \/ Yoast SEO Premium plugin. -->","yoast_head_json":{"title":"Abilica Lat PullDown Bar Parallel Grip Abilica","robots":{"index":"index","follow":"follow","max-snippet":"max-snippet:-1","max-image-preview":"max-image-preview:large","max-video-preview":"max-video-preview:-1"},"canonical":"https:\/\/abilica.com\/no\/styrke\/multigym\/bilica-lat-pulldown-bar-parallel-grip\/","og_locale":"nb_NO","og_type":"article","og_title":"Abilica Lat PullDown Bar Parallel Grip","og_description":"[vc_row][vc_column][vc_column_text css=&raquo;&raquo;]Abilica LatBar Parallel Grip er en solid nedtrekkstang til multigym i st\u00e5l med hardkrom...","og_url":"https:\/\/abilica.com\/no\/styrke\/multigym\/bilica-lat-pulldown-bar-parallel-grip\/","og_site_name":"Abilica","article_publisher":"https:\/\/www.facebook.com\/abilicahometraining\/","article_modified_time":"2025-11-21T08:52:56+00:00","og_image":[{"width":1200,"height":1200,"url":"https:\/\/abilica.com\/wp-content\/uploads\/2025\/11\/408125-Abilica-Lat-PulldownBar-Parallel-grip_1.jpg","type":"image\/jpeg"}],"twitter_card":"summary_large_image","twitter_misc":{"Ansl. lesetid":"1 minutt"},"schema":{"@context":"https:\/\/schema.org","@graph":[{"@type":"WebPage","@id":"https:\/\/abilica.com\/no\/styrke\/multigym\/bilica-lat-pulldown-bar-parallel-grip\/","url":"https:\/\/abilica.com\/no\/styrke\/multigym\/bilica-lat-pulldown-bar-parallel-grip\/","name":"Abilica Lat PullDown Bar Parallel Grip Abilica","isPartOf":{"@id":"https:\/\/abilica.com\/#website"},"primaryImageOfPage":{"@id":"https:\/\/abilica.com\/no\/styrke\/multigym\/bilica-lat-pulldown-bar-parallel-grip\/#primaryimage"},"image":{"@id":"https:\/\/abilica.com\/no\/styrke\/multigym\/bilica-lat-pulldown-bar-parallel-grip\/#primaryimage"},"thumbnailUrl":"https:\/\/abilica.com\/wp-content\/uploads\/2025\/11\/408125-Abilica-Lat-PulldownBar-Parallel-grip_1.jpg","datePublished":"2025-11-20T14:34:34+00:00","dateModified":"2025-11-21T08:52:56+00:00","breadcrumb":{"@id":"https:\/\/abilica.com\/no\/styrke\/multigym\/bilica-lat-pulldown-bar-parallel-grip\/#breadcrumb"},"inLanguage":"nb-NO","potentialAction":[{"@type":"ReadAction","target":["https:\/\/abilica.com\/no\/styrke\/multigym\/bilica-lat-pulldown-bar-parallel-grip\/"]}]},{"@type":"ImageObject","inLanguage":"nb-NO","@id":"https:\/\/abilica.com\/no\/styrke\/multigym\/bilica-lat-pulldown-bar-parallel-grip\/#primaryimage","url":"https:\/\/abilica.com\/wp-content\/uploads\/2025\/11\/408125-Abilica-Lat-PulldownBar-Parallel-grip_1.jpg","contentUrl":"https:\/\/abilica.com\/wp-content\/uploads\/2025\/11\/408125-Abilica-Lat-PulldownBar-Parallel-grip_1.jpg","width":1200,"height":1200},{"@type":"BreadcrumbList","@id":"https:\/\/abilica.com\/no\/styrke\/multigym\/bilica-lat-pulldown-bar-parallel-grip\/#breadcrumb","itemListElement":[{"@type":"ListItem","position":1,"name":"Hem","item":"https:\/\/abilica.com\/no\/"},{"@type":"ListItem","position":2,"name":"Produkter","item":"https:\/\/abilica.com\/no\/shop-2\/"},{"@type":"ListItem","position":3,"name":"Abilica Lat PullDown Bar Parallel Grip"}]},{"@type":"WebSite","@id":"https:\/\/abilica.com\/#website","url":"https:\/\/abilica.com\/","name":"Abilica","description":"Abilica Home Training","potentialAction":[{"@type":"SearchAction","target":{"@type":"EntryPoint","urlTemplate":"https:\/\/abilica.com\/?s={search_term_string}"},"query-input":{"@type":"PropertyValueSpecification","valueRequired":true,"valueName":"search_term_string"}}],"inLanguage":"nb-NO"}]}},"_links":{"self":[{"href":"https:\/\/abilica.com\/no\/wp-json\/wp\/v2\/product\/70453","targetHints":{"allow":["GET"]}}],"collection":[{"href":"https:\/\/abilica.com\/no\/wp-json\/wp\/v2\/product"}],"about":[{"href":"https:\/\/abilica.com\/no\/wp-json\/wp\/v2\/types\/product"}],"wp:featuredmedia":[{"embeddable":true,"href":"https:\/\/abilica.com\/no\/wp-json\/wp\/v2\/media\/70445"}],"wp:attachment":[{"href":"https:\/\/abilica.com\/no\/wp-json\/wp\/v2\/media?parent=70453"}],"wp:term":[{"taxonomy":"product_brand","embeddable":true,"href":"https:\/\/abilica.com\/no\/wp-json\/wp\/v2\/product_brand?post=70453"},{"taxonomy":"product_cat","embeddable":true,"href":"https:\/\/abilica.com\/no\/wp-json\/wp\/v2\/product_cat?post=70453"},{"taxonomy":"product_tag","embeddable":true,"href":"https:\/\/abilica.com\/no\/wp-json\/wp\/v2\/product_tag?post=70453"}],"curies":[{"name":"wp","href":"https:\/\/api.w.org\/{rel}","templated":true}]}}