{"id":70492,"date":"2025-11-25T14:21:56","date_gmt":"2025-11-25T13:21:56","guid":{"rendered":"https:\/\/abilica.com\/?post_type=product&#038;p=70492"},"modified":"2026-02-26T15:42:38","modified_gmt":"2026-02-26T14:42:38","slug":"abilica-stairclimber-30","status":"publish","type":"product","link":"https:\/\/abilica.com\/no\/kondisjon\/trappemaskin\/abilica-stairclimber-30\/","title":{"rendered":"Abilica StairClimber 30"},"content":{"rendered":"<div class=\"wpb-content-wrapper\"><p>[vc_row][vc_column][vc_column_text css=&raquo;&raquo; el_class=&raquo;product-video&raquo;]<b>Stilren og sammenleggbar trappemaskin for hjemmetrening<br \/>\n<\/b><span class=\"cf0\">Abilica <\/span><span class=\"cf0\">StairClimber<\/span><span class=\"cf0\"> 30 er en sammenleggbar trappemaskin for deg som vil ha en effektiv trenings\u00f8kt for kondisjon, fettforbrenning, rumpe og l\u00e5r i eget hjem. Den kan brukes i rom med normal takh\u00f8yde, og er enkel \u00e5 sl\u00e5 sammen n\u00e5r den ikke er i bruk.<\/span><\/p>\n<p class=\"pf0\"><span class=\"cf0\">StairClimber<\/span><span class=\"cf0\"> 30 gir en jevn <\/span><span class=\"cf0\">trappebevegelse<\/span><span class=\"cf0\"> som aktiverer ben, setemuskler og <\/span><span class=\"cf0\">kjernemuskulatur<\/span><span class=\"cf0\">, og gir mindre <\/span><span class=\"cf0\">st\u00f8tbelastning<\/span><span class=\"cf0\"> p\u00e5 kn\u00e6r og ankler sammenlignet med l\u00f8ping. Maskinen har motorisert <\/span><span class=\"cf0\">magnetmotstand<\/span><span class=\"cf0\"> med 32 niv\u00e5er, 62 cm <\/span><span class=\"cf0\">steglengde<\/span><span class=\"cf0\">\u00a0og to <\/span><span class=\"cf0\">stigningsniv\u00e5er<\/span><span class=\"cf0\">. H\u00e5ndtaket har flere <\/span><span class=\"cf0\">grepsmuligheter<\/span><span class=\"cf0\"> og kan justeres frem og tilbake slik at du finner en god posisjon i forhold til valgt stigning.<\/span><\/p>\n<p class=\"pf0\"><span class=\"cf0\">Computeren viser tid, steg, kalorier, hastighet og andre n\u00f8dvendige <\/span><span class=\"cf0\">treningsdata<\/span><span class=\"cf0\">. Maskinen har flere ferdiglagde treningsprogrammer, og kan kobles til appen <\/span><span class=\"cf0\">iConsole<\/span><span class=\"cf0\">+. <\/span><span class=\"cf0\">StairClimber<\/span><span class=\"cf0\"> 30 leveres nesten ferdig montert, og med <\/span><span class=\"cf0\">transporthjul<\/span><span class=\"cf0\"> og et praktisk h\u00e5ndtak er den enkel \u00e5 flytte n\u00e5r den ikke er i bruk.<\/span><\/p>\n<p class=\"pf0\"><span class=\"cf0\">Konstruksjonen er solid og st\u00e5r stabilt under bruk. Pedalene har sklisikkert overflate for godt fotfeste, og maskinen t\u00e5ler brukere opptil 135 kg. Den veier 39,5 kg, noe som gj\u00f8r den h\u00e5ndterbar ved forflytning.<\/span><\/p>\n<p style=\"text-align: center;\"><b>Spesifikasjoner<br \/>\n<\/b>Steglengde: 62 cm<br \/>\nMotstandssystem: Motorisert magnetisk motstand<br \/>\nMotstandsniv\u00e5er: 32<br \/>\nStr\u00f8mforsyning: Nei, 4 stk C batterier<br \/>\nStigningsniv\u00e5er: L1: 30,5 grader, L2: 36,9 grader<br \/>\nPulsm\u00e5ling: Ja, tr\u00e5dl\u00f8spulsmottaker<br \/>\nPulsbelte: Ekstrautstyr (5 kHz og Bluetooth)<br \/>\nApper: iConsole+<br \/>\nTransporthjul: Ja<br \/>\nHolder for mobil\/nettbrett: Ja<br \/>\nSammenleggbar: Ja<br \/>\nM\u00e5l oppmontert: 135 x 61,5 x 189 cm (L x B x H)<br \/>\nM\u00e5l sammensl\u00e5tt: 124,5 x 61,5 x 26,5 cm (L x B x H)<br \/>\nProduktvekt: 39,5 kg<br \/>\nMaks brukervekt: 135 kg<br \/>\nBrukermilj\u00f8: Hjemmetrening<\/p>\n<p style=\"text-align: center;\"><b>Spesifikasjoner computer<br \/>\n<\/b>Programmer: 5<br \/>\nComputer med: tid, steg, totalt antall steg, steg\/min, Climb\/min, distanse, kalorier, puls,<br \/>\nmotstand og total stigning justert etter valgt stigningsniv\u00e5 (L1 og L2).<\/p>\n<p>&nbsp;<\/p>\n<div style=\"width: 640px;\" class=\"wp-video\"><!--[if lt IE 9]><script>document.createElement('video');<\/script><![endif]-->\n<video class=\"wp-video-shortcode\" id=\"video-70492-1\" width=\"640\" height=\"360\" poster=\"https:\/\/abilica.com\/wp-content\/uploads\/2025\/11\/416294_StairClimber-30_120.jpg\" preload=\"metadata\" controls=\"controls\"><source type=\"video\/mp4\" src=\"https:\/\/abilica.com\/wp-content\/uploads\/2025\/11\/Abilica-StairClimber-30_Nett_bredde.mp4?_=1\" \/><a href=\"https:\/\/abilica.com\/wp-content\/uploads\/2025\/11\/Abilica-StairClimber-30_Nett_bredde.mp4\">https:\/\/abilica.com\/wp-content\/uploads\/2025\/11\/Abilica-StairClimber-30_Nett_bredde.mp4<\/a><\/video><\/div>\n<p>[\/vc_column_text][vc_empty_space height=&raquo;52px&raquo;][\/vc_column][\/vc_row]<\/p>\n<\/div>","protected":false},"excerpt":{"rendered":"<p>[vc_row][vc_column][vc_column_text css=&raquo;&raquo; el_class=&raquo;product-video&raquo;]Stilren og sammenleggbar trappemaskin for hjemmetrening Abilica StairClimber 30 er en sammenleggbar trappemaskin&#8230;<\/p>\n","protected":false},"featured_media":70496,"template":"","meta":{"_acf_changed":false},"product_brand":[],"product_cat":[426,576],"product_tag":[],"class_list":{"0":"post-70492","1":"product","2":"type-product","3":"status-publish","4":"has-post-thumbnail","6":"product_cat-kondisjon","7":"product_cat-trappemaskin","9":"first","10":"instock","11":"product-type-simple"},"acf":[],"yoast_head":"<!-- This site is optimized with the Yoast SEO Premium plugin v21.1 (Yoast SEO v25.4) - https:\/\/yoast.com\/wordpress\/plugins\/seo\/ -->\n<title>Abilica StairClimber 30 Abilica<\/title>\n<meta name=\"robots\" content=\"index, follow, max-snippet:-1, max-image-preview:large, max-video-preview:-1\" \/>\n<link rel=\"canonical\" href=\"https:\/\/abilica.com\/no\/kondisjon\/trappemaskin\/abilica-stairclimber-30\/\" \/>\n<meta property=\"og:locale\" content=\"nb_NO\" \/>\n<meta property=\"og:type\" content=\"article\" \/>\n<meta property=\"og:title\" content=\"Abilica StairClimber 30\" \/>\n<meta property=\"og:description\" content=\"[vc_row][vc_column][vc_column_text css=&raquo;&raquo; el_class=&raquo;product-video&raquo;]Stilren og sammenleggbar trappemaskin for hjemmetrening Abilica StairClimber 30 er en sammenleggbar trappemaskin...\" \/>\n<meta property=\"og:url\" content=\"https:\/\/abilica.com\/no\/kondisjon\/trappemaskin\/abilica-stairclimber-30\/\" \/>\n<meta property=\"og:site_name\" content=\"Abilica\" \/>\n<meta property=\"article:publisher\" content=\"https:\/\/www.facebook.com\/abilicahometraining\/\" \/>\n<meta property=\"article:modified_time\" content=\"2026-02-26T14:42:38+00:00\" \/>\n<meta property=\"og:image\" content=\"https:\/\/abilica.com\/wp-content\/uploads\/2025\/11\/416294_Abilica-StairClimber-30_02.jpg\" \/>\n\t<meta property=\"og:image:width\" content=\"1200\" \/>\n\t<meta property=\"og:image:height\" content=\"1200\" \/>\n\t<meta property=\"og:image:type\" content=\"image\/jpeg\" \/>\n<meta name=\"twitter:card\" content=\"summary_large_image\" \/>\n<meta name=\"twitter:label1\" content=\"Ansl. lesetid\" \/>\n\t<meta name=\"twitter:data1\" content=\"2 minutter\" \/>\n<script type=\"application\/ld+json\" class=\"yoast-schema-graph\">{\"@context\":\"https:\/\/schema.org\",\"@graph\":[{\"@type\":\"WebPage\",\"@id\":\"https:\/\/abilica.com\/no\/kondisjon\/trappemaskin\/abilica-stairclimber-30\/\",\"url\":\"https:\/\/abilica.com\/no\/kondisjon\/trappemaskin\/abilica-stairclimber-30\/\",\"name\":\"Abilica StairClimber 30 Abilica\",\"isPartOf\":{\"@id\":\"https:\/\/abilica.com\/#website\"},\"primaryImageOfPage\":{\"@id\":\"https:\/\/abilica.com\/no\/kondisjon\/trappemaskin\/abilica-stairclimber-30\/#primaryimage\"},\"image\":{\"@id\":\"https:\/\/abilica.com\/no\/kondisjon\/trappemaskin\/abilica-stairclimber-30\/#primaryimage\"},\"thumbnailUrl\":\"https:\/\/abilica.com\/wp-content\/uploads\/2025\/11\/416294_Abilica-StairClimber-30_02.jpg\",\"datePublished\":\"2025-11-25T13:21:56+00:00\",\"dateModified\":\"2026-02-26T14:42:38+00:00\",\"breadcrumb\":{\"@id\":\"https:\/\/abilica.com\/no\/kondisjon\/trappemaskin\/abilica-stairclimber-30\/#breadcrumb\"},\"inLanguage\":\"nb-NO\",\"potentialAction\":[{\"@type\":\"ReadAction\",\"target\":[\"https:\/\/abilica.com\/no\/kondisjon\/trappemaskin\/abilica-stairclimber-30\/\"]}]},{\"@type\":\"ImageObject\",\"inLanguage\":\"nb-NO\",\"@id\":\"https:\/\/abilica.com\/no\/kondisjon\/trappemaskin\/abilica-stairclimber-30\/#primaryimage\",\"url\":\"https:\/\/abilica.com\/wp-content\/uploads\/2025\/11\/416294_Abilica-StairClimber-30_02.jpg\",\"contentUrl\":\"https:\/\/abilica.com\/wp-content\/uploads\/2025\/11\/416294_Abilica-StairClimber-30_02.jpg\",\"width\":1200,\"height\":1200},{\"@type\":\"BreadcrumbList\",\"@id\":\"https:\/\/abilica.com\/no\/kondisjon\/trappemaskin\/abilica-stairclimber-30\/#breadcrumb\",\"itemListElement\":[{\"@type\":\"ListItem\",\"position\":1,\"name\":\"Hem\",\"item\":\"https:\/\/abilica.com\/no\/\"},{\"@type\":\"ListItem\",\"position\":2,\"name\":\"Produkter\",\"item\":\"https:\/\/abilica.com\/no\/shop-2\/\"},{\"@type\":\"ListItem\",\"position\":3,\"name\":\"Abilica StairClimber 30\"}]},{\"@type\":\"WebSite\",\"@id\":\"https:\/\/abilica.com\/#website\",\"url\":\"https:\/\/abilica.com\/\",\"name\":\"Abilica\",\"description\":\"Abilica Home Training\",\"potentialAction\":[{\"@type\":\"SearchAction\",\"target\":{\"@type\":\"EntryPoint\",\"urlTemplate\":\"https:\/\/abilica.com\/?s={search_term_string}\"},\"query-input\":{\"@type\":\"PropertyValueSpecification\",\"valueRequired\":true,\"valueName\":\"search_term_string\"}}],\"inLanguage\":\"nb-NO\"}]}<\/script>\n<!-- \/ Yoast SEO Premium plugin. -->","yoast_head_json":{"title":"Abilica StairClimber 30 Abilica","robots":{"index":"index","follow":"follow","max-snippet":"max-snippet:-1","max-image-preview":"max-image-preview:large","max-video-preview":"max-video-preview:-1"},"canonical":"https:\/\/abilica.com\/no\/kondisjon\/trappemaskin\/abilica-stairclimber-30\/","og_locale":"nb_NO","og_type":"article","og_title":"Abilica StairClimber 30","og_description":"[vc_row][vc_column][vc_column_text css=&raquo;&raquo; el_class=&raquo;product-video&raquo;]Stilren og sammenleggbar trappemaskin for hjemmetrening Abilica StairClimber 30 er en sammenleggbar trappemaskin...","og_url":"https:\/\/abilica.com\/no\/kondisjon\/trappemaskin\/abilica-stairclimber-30\/","og_site_name":"Abilica","article_publisher":"https:\/\/www.facebook.com\/abilicahometraining\/","article_modified_time":"2026-02-26T14:42:38+00:00","og_image":[{"width":1200,"height":1200,"url":"https:\/\/abilica.com\/wp-content\/uploads\/2025\/11\/416294_Abilica-StairClimber-30_02.jpg","type":"image\/jpeg"}],"twitter_card":"summary_large_image","twitter_misc":{"Ansl. lesetid":"2 minutter"},"schema":{"@context":"https:\/\/schema.org","@graph":[{"@type":"WebPage","@id":"https:\/\/abilica.com\/no\/kondisjon\/trappemaskin\/abilica-stairclimber-30\/","url":"https:\/\/abilica.com\/no\/kondisjon\/trappemaskin\/abilica-stairclimber-30\/","name":"Abilica StairClimber 30 Abilica","isPartOf":{"@id":"https:\/\/abilica.com\/#website"},"primaryImageOfPage":{"@id":"https:\/\/abilica.com\/no\/kondisjon\/trappemaskin\/abilica-stairclimber-30\/#primaryimage"},"image":{"@id":"https:\/\/abilica.com\/no\/kondisjon\/trappemaskin\/abilica-stairclimber-30\/#primaryimage"},"thumbnailUrl":"https:\/\/abilica.com\/wp-content\/uploads\/2025\/11\/416294_Abilica-StairClimber-30_02.jpg","datePublished":"2025-11-25T13:21:56+00:00","dateModified":"2026-02-26T14:42:38+00:00","breadcrumb":{"@id":"https:\/\/abilica.com\/no\/kondisjon\/trappemaskin\/abilica-stairclimber-30\/#breadcrumb"},"inLanguage":"nb-NO","potentialAction":[{"@type":"ReadAction","target":["https:\/\/abilica.com\/no\/kondisjon\/trappemaskin\/abilica-stairclimber-30\/"]}]},{"@type":"ImageObject","inLanguage":"nb-NO","@id":"https:\/\/abilica.com\/no\/kondisjon\/trappemaskin\/abilica-stairclimber-30\/#primaryimage","url":"https:\/\/abilica.com\/wp-content\/uploads\/2025\/11\/416294_Abilica-StairClimber-30_02.jpg","contentUrl":"https:\/\/abilica.com\/wp-content\/uploads\/2025\/11\/416294_Abilica-StairClimber-30_02.jpg","width":1200,"height":1200},{"@type":"BreadcrumbList","@id":"https:\/\/abilica.com\/no\/kondisjon\/trappemaskin\/abilica-stairclimber-30\/#breadcrumb","itemListElement":[{"@type":"ListItem","position":1,"name":"Hem","item":"https:\/\/abilica.com\/no\/"},{"@type":"ListItem","position":2,"name":"Produkter","item":"https:\/\/abilica.com\/no\/shop-2\/"},{"@type":"ListItem","position":3,"name":"Abilica StairClimber 30"}]},{"@type":"WebSite","@id":"https:\/\/abilica.com\/#website","url":"https:\/\/abilica.com\/","name":"Abilica","description":"Abilica Home Training","potentialAction":[{"@type":"SearchAction","target":{"@type":"EntryPoint","urlTemplate":"https:\/\/abilica.com\/?s={search_term_string}"},"query-input":{"@type":"PropertyValueSpecification","valueRequired":true,"valueName":"search_term_string"}}],"inLanguage":"nb-NO"}]}},"_links":{"self":[{"href":"https:\/\/abilica.com\/no\/wp-json\/wp\/v2\/product\/70492","targetHints":{"allow":["GET"]}}],"collection":[{"href":"https:\/\/abilica.com\/no\/wp-json\/wp\/v2\/product"}],"about":[{"href":"https:\/\/abilica.com\/no\/wp-json\/wp\/v2\/types\/product"}],"wp:featuredmedia":[{"embeddable":true,"href":"https:\/\/abilica.com\/no\/wp-json\/wp\/v2\/media\/70496"}],"wp:attachment":[{"href":"https:\/\/abilica.com\/no\/wp-json\/wp\/v2\/media?parent=70492"}],"wp:term":[{"taxonomy":"product_brand","embeddable":true,"href":"https:\/\/abilica.com\/no\/wp-json\/wp\/v2\/product_brand?post=70492"},{"taxonomy":"product_cat","embeddable":true,"href":"https:\/\/abilica.com\/no\/wp-json\/wp\/v2\/product_cat?post=70492"},{"taxonomy":"product_tag","embeddable":true,"href":"https:\/\/abilica.com\/no\/wp-json\/wp\/v2\/product_tag?post=70492"}],"curies":[{"name":"wp","href":"https:\/\/api.w.org\/{rel}","templated":true}]}}