{"id":70739,"date":"2026-01-15T10:24:58","date_gmt":"2026-01-15T09:24:58","guid":{"rendered":"https:\/\/abilica.com\/?post_type=product&#038;p=70739"},"modified":"2026-02-17T15:03:12","modified_gmt":"2026-02-17T14:03:12","slug":"abilica-premium-multirack-90","status":"publish","type":"product","link":"https:\/\/abilica.com\/no\/styrke\/cage-rack\/abilica-premium-multirack-90\/","title":{"rendered":"Abilica Premium MultiRack 90"},"content":{"rendered":"<div class=\"wpb-content-wrapper\"><p>[vc_row][vc_column][vc_column_text css=&raquo;&raquo; el_class=&raquo;product-video&raquo;]<\/p>\n<p style=\"text-align: center;\"><strong>Abilica Premium MultiRack 90 er det ultimate multiracket for deg som \u00f8nsker et allsidig, robust og funksjonsrikt treningsapparat. Perfekt for b\u00e5de treningsrommet hjemme og bedrifter.<span class=\"Apple-converted-space\">\u00a0<\/span><\/strong><\/p>\n<p style=\"text-align: center;\">Med solid st\u00e5lramme med 75 x 75 mm dimensjon og smarte l\u00f8sninger kan du trene hele kroppen effektivt, sikkert og med stor variasjon. MultiRack 90 gir deg uendelige treningsmuligheter. De 2 individuelt justerbare kabelpunktene med 180\u00b0 rotasjon (popul\u00e6rt kjent som <i>tornado arms<\/i>) og h\u00f8ydejustering sikrer optimal bevegelsesbane og belastning for alle kabel\u00f8velser.<\/p>\n<p style=\"text-align: center;\">Racket leveres komplett med integrert smithstang, nedtrekk, sittende roing, lavt trekk, h\u00f8yt trekk, flyes, rotasjons\u00f8velser og en rekke andre funksjonelle styrke utstyr for utvidelse av \u00f8velser.<i> <\/i>Det omfattende tilbeh\u00f8rsutvalget gj\u00f8r det enkelt \u00e5 variere treningen med styrkel\u00f8ft og kabeltrening, eller kombinere disse etter dine behov.<\/p>\n<p style=\"text-align: center;\">Den integrerte chin-up-stangen er utformet med fjellklatrergrep som gir variert og utfordrende trening for rygg og armer.<span class=\"Apple-converted-space\"> P<\/span>raktiske oppbevaringsl\u00f8sninger, inkludert seks vektskiveholdere og vektstangholder, holder treningsomr\u00e5det ryddig og organisert.<\/p>\n<p style=\"text-align: center;\">Abilica MultiRack 90 har to separate vektmagasiner p\u00e5 90,5 kg hver, som fungerer uavhengig av hverandre. Dette gir mulighet for \u00e5 trene hver side av kroppen separat, perfekt for sportsspesifikke bevegelser, styrke\u00f8kter og hypertrofitrening.<span class=\"Apple-converted-space\">\u00a0<\/span><\/p>\n<p style=\"text-align: center;\">En pulley-ratio p\u00e5 1:2 gir silkemyk bevegelse og jevn motstand, noe som gir bedre kraftoverf\u00f8ring. Med den medf\u00f8lgende 2:1 adapterkroken kan du enkelt koble begge vektmagasinene sammen for \u00e5 f\u00e5 1:1 ratio &#8211; ideelt n\u00e5r du vil \u00f8ke belastningen og utfordre deg selv.<\/p>\n<p style=\"text-align: center;\">Vektskiver, BumperPlates og vektstang selges separat.<span class=\"Apple-converted-space\">\u00a0<\/span><\/p>\n<p style=\"text-align: center;\"><b>Funksjoner:<\/b><br \/>\nSmith Rack med integrert smithstang.<br \/>\nHalfRack (Vektstang medf\u00f8lger ikke).<br \/>\n2 kabelt\u00e5rn med justerbar h\u00f8yde for 180\u00b0 cable crossover og lat pulldown.<br \/>\nTo separate vektmagasiner p\u00e5 90,5 kg hver, totalt 181 kg.<br \/>\nTilbeh\u00f8rsplate for oppbevaring av utstyr.<br \/>\nOppbevaring for 50 mm vektskiver\/bumper plates<br \/>\nOppbevaring for 50 mm vektstang<span class=\"Apple-converted-space\">\u00a0 <\/span><br \/>\nChin up-stang med fjellklatrergrep.<br \/>\nUtstyrt med fotplate for bruk under sittende roing.<\/p>\n<p style=\"text-align: center;\"><b>Tilbeh\u00f8r inkludert:<\/b><br \/>\nLat pull-up bar<br \/>\nKort rett stang<br \/>\n2:1 adapterkrok<br \/>\nJ-Hooks<br \/>\nSikkerhetsarmer (2stk)<br \/>\nH\u00e5ndtak (2 stk)<br \/>\nAnkelstropp<br \/>\nRoh\u00e5ndtak<br \/>\nTricepstau<br \/>\nBeinpressplate<br \/>\nLandmine<br \/>\nVektstangholder<\/p>\n<p style=\"text-align: center;\">Dette produktet er ikke egnet for \u00e5 lagres ute og b\u00f8r ikke plasseres p\u00e5 fuktig\/v\u00e5tt underlag.<\/p>\n<p style=\"text-align: center;\"><b>Spesifikasjoner<\/b><br \/>\nM\u00e5l oppmontert: 165 cm x 191 cm x 220 cm (L x B x H)<br \/>\nSikringsarmer lengde: 49 cm<br \/>\nJusteringsniv\u00e5er J-Hooks: 38<br \/>\nJusteringsniv\u00e5er Smith Stang: 13<br \/>\nRammest\u00f8rrelse: 75 x 75 mm<br \/>\nSt\u00e5ltykkelse: 2 mm<br \/>\nHull-diameter: 25,4 mm<br \/>\nAntall pulley-justeringer: 29 stk<br \/>\nVektmagasin: 90,5 kg per side (totalt 181 kg)<br \/>\nVekt intervaller 19: 9,5 \u2013 14 \u2013 18,5 \u2013 23 \u2013 27 \u2013 32 \u2013 36,5 \u2013 41 \u2013 45,5 \u2013 50 kg \u2013 54,5 kg \u2013 59 \u2013 63,5 \u2013 68 \u2013 72,5 kg \u2013 77 \u2013 81,5 \u2013 86 \u2013 90,5 kg<br \/>\nProduktvekt: 469 kg<br \/>\nBruksomr\u00e5de: Hjemmetrening og bedrift<\/p>\n<p>&nbsp;<\/p>\n<div style=\"width: 640px;\" class=\"wp-video\"><!--[if lt IE 9]><script>document.createElement('video');<\/script><![endif]-->\n<video class=\"wp-video-shortcode\" id=\"video-70739-1\" width=\"640\" height=\"360\" poster=\"https:\/\/abilica.com\/wp-content\/uploads\/2026\/01\/416160_MultiRack-90_50.jpg\" preload=\"metadata\" controls=\"controls\"><source type=\"video\/mp4\" src=\"https:\/\/abilica.com\/wp-content\/uploads\/2026\/02\/Abilica-Premium-MultiRack-90_Nett_Bredde.mp4?_=1\" \/><a href=\"https:\/\/abilica.com\/wp-content\/uploads\/2026\/02\/Abilica-Premium-MultiRack-90_Nett_Bredde.mp4\">https:\/\/abilica.com\/wp-content\/uploads\/2026\/02\/Abilica-Premium-MultiRack-90_Nett_Bredde.mp4<\/a><\/video><\/div>\n<p>[\/vc_column_text][vc_empty_space height=&raquo;52px&raquo;][\/vc_column][\/vc_row]<\/p>\n<\/div>","protected":false},"excerpt":{"rendered":"<p>[vc_row][vc_column][vc_column_text css=&raquo;&raquo; el_class=&raquo;product-video&raquo;] Abilica Premium MultiRack 90 er det ultimate multiracket for deg som \u00f8nsker&#8230;<\/p>\n","protected":false},"featured_media":70749,"template":"","meta":{"_acf_changed":false},"product_brand":[],"product_cat":[464,422],"product_tag":[366],"class_list":{"0":"post-70739","1":"product","2":"type-product","3":"status-publish","4":"has-post-thumbnail","6":"product_cat-cage-rack","7":"product_cat-styrke","8":"product_tag-premium-no","10":"first","11":"instock","12":"product-type-simple"},"acf":[],"yoast_head":"<!-- This site is optimized with the Yoast SEO Premium plugin v21.1 (Yoast SEO v25.4) - https:\/\/yoast.com\/wordpress\/plugins\/seo\/ -->\n<title>Abilica Premium MultiRack 90 Abilica<\/title>\n<meta name=\"robots\" content=\"index, follow, max-snippet:-1, max-image-preview:large, max-video-preview:-1\" \/>\n<link rel=\"canonical\" href=\"https:\/\/abilica.com\/no\/styrke\/cage-rack\/abilica-premium-multirack-90\/\" \/>\n<meta property=\"og:locale\" content=\"nb_NO\" \/>\n<meta property=\"og:type\" content=\"article\" \/>\n<meta property=\"og:title\" content=\"Abilica Premium MultiRack 90\" \/>\n<meta property=\"og:description\" content=\"[vc_row][vc_column][vc_column_text css=&raquo;&raquo; el_class=&raquo;product-video&raquo;] Abilica Premium MultiRack 90 er det ultimate multiracket for deg som \u00f8nsker...\" \/>\n<meta property=\"og:url\" content=\"https:\/\/abilica.com\/no\/styrke\/cage-rack\/abilica-premium-multirack-90\/\" \/>\n<meta property=\"og:site_name\" content=\"Abilica\" \/>\n<meta property=\"article:publisher\" content=\"https:\/\/www.facebook.com\/abilicahometraining\/\" \/>\n<meta property=\"article:modified_time\" content=\"2026-02-17T14:03:12+00:00\" \/>\n<meta property=\"og:image\" content=\"https:\/\/abilica.com\/wp-content\/uploads\/2026\/01\/416160_Abilica-Premium-MultiRack-90_04.jpg\" \/>\n\t<meta property=\"og:image:width\" content=\"1200\" \/>\n\t<meta property=\"og:image:height\" content=\"1200\" \/>\n\t<meta property=\"og:image:type\" content=\"image\/jpeg\" \/>\n<meta name=\"twitter:card\" content=\"summary_large_image\" \/>\n<meta name=\"twitter:label1\" content=\"Ansl. lesetid\" \/>\n\t<meta name=\"twitter:data1\" content=\"2 minutter\" \/>\n<script type=\"application\/ld+json\" class=\"yoast-schema-graph\">{\"@context\":\"https:\/\/schema.org\",\"@graph\":[{\"@type\":\"WebPage\",\"@id\":\"https:\/\/abilica.com\/no\/styrke\/cage-rack\/abilica-premium-multirack-90\/\",\"url\":\"https:\/\/abilica.com\/no\/styrke\/cage-rack\/abilica-premium-multirack-90\/\",\"name\":\"Abilica Premium MultiRack 90 Abilica\",\"isPartOf\":{\"@id\":\"https:\/\/abilica.com\/#website\"},\"primaryImageOfPage\":{\"@id\":\"https:\/\/abilica.com\/no\/styrke\/cage-rack\/abilica-premium-multirack-90\/#primaryimage\"},\"image\":{\"@id\":\"https:\/\/abilica.com\/no\/styrke\/cage-rack\/abilica-premium-multirack-90\/#primaryimage\"},\"thumbnailUrl\":\"https:\/\/abilica.com\/wp-content\/uploads\/2026\/01\/416160_Abilica-Premium-MultiRack-90_04.jpg\",\"datePublished\":\"2026-01-15T09:24:58+00:00\",\"dateModified\":\"2026-02-17T14:03:12+00:00\",\"breadcrumb\":{\"@id\":\"https:\/\/abilica.com\/no\/styrke\/cage-rack\/abilica-premium-multirack-90\/#breadcrumb\"},\"inLanguage\":\"nb-NO\",\"potentialAction\":[{\"@type\":\"ReadAction\",\"target\":[\"https:\/\/abilica.com\/no\/styrke\/cage-rack\/abilica-premium-multirack-90\/\"]}]},{\"@type\":\"ImageObject\",\"inLanguage\":\"nb-NO\",\"@id\":\"https:\/\/abilica.com\/no\/styrke\/cage-rack\/abilica-premium-multirack-90\/#primaryimage\",\"url\":\"https:\/\/abilica.com\/wp-content\/uploads\/2026\/01\/416160_Abilica-Premium-MultiRack-90_04.jpg\",\"contentUrl\":\"https:\/\/abilica.com\/wp-content\/uploads\/2026\/01\/416160_Abilica-Premium-MultiRack-90_04.jpg\",\"width\":1200,\"height\":1200},{\"@type\":\"BreadcrumbList\",\"@id\":\"https:\/\/abilica.com\/no\/styrke\/cage-rack\/abilica-premium-multirack-90\/#breadcrumb\",\"itemListElement\":[{\"@type\":\"ListItem\",\"position\":1,\"name\":\"Hem\",\"item\":\"https:\/\/abilica.com\/no\/\"},{\"@type\":\"ListItem\",\"position\":2,\"name\":\"Produkter\",\"item\":\"https:\/\/abilica.com\/no\/shop-2\/\"},{\"@type\":\"ListItem\",\"position\":3,\"name\":\"Abilica Premium MultiRack 90\"}]},{\"@type\":\"WebSite\",\"@id\":\"https:\/\/abilica.com\/#website\",\"url\":\"https:\/\/abilica.com\/\",\"name\":\"Abilica\",\"description\":\"Abilica Home Training\",\"potentialAction\":[{\"@type\":\"SearchAction\",\"target\":{\"@type\":\"EntryPoint\",\"urlTemplate\":\"https:\/\/abilica.com\/?s={search_term_string}\"},\"query-input\":{\"@type\":\"PropertyValueSpecification\",\"valueRequired\":true,\"valueName\":\"search_term_string\"}}],\"inLanguage\":\"nb-NO\"}]}<\/script>\n<!-- \/ Yoast SEO Premium plugin. -->","yoast_head_json":{"title":"Abilica Premium MultiRack 90 Abilica","robots":{"index":"index","follow":"follow","max-snippet":"max-snippet:-1","max-image-preview":"max-image-preview:large","max-video-preview":"max-video-preview:-1"},"canonical":"https:\/\/abilica.com\/no\/styrke\/cage-rack\/abilica-premium-multirack-90\/","og_locale":"nb_NO","og_type":"article","og_title":"Abilica Premium MultiRack 90","og_description":"[vc_row][vc_column][vc_column_text css=&raquo;&raquo; el_class=&raquo;product-video&raquo;] Abilica Premium MultiRack 90 er det ultimate multiracket for deg som \u00f8nsker...","og_url":"https:\/\/abilica.com\/no\/styrke\/cage-rack\/abilica-premium-multirack-90\/","og_site_name":"Abilica","article_publisher":"https:\/\/www.facebook.com\/abilicahometraining\/","article_modified_time":"2026-02-17T14:03:12+00:00","og_image":[{"width":1200,"height":1200,"url":"https:\/\/abilica.com\/wp-content\/uploads\/2026\/01\/416160_Abilica-Premium-MultiRack-90_04.jpg","type":"image\/jpeg"}],"twitter_card":"summary_large_image","twitter_misc":{"Ansl. lesetid":"2 minutter"},"schema":{"@context":"https:\/\/schema.org","@graph":[{"@type":"WebPage","@id":"https:\/\/abilica.com\/no\/styrke\/cage-rack\/abilica-premium-multirack-90\/","url":"https:\/\/abilica.com\/no\/styrke\/cage-rack\/abilica-premium-multirack-90\/","name":"Abilica Premium MultiRack 90 Abilica","isPartOf":{"@id":"https:\/\/abilica.com\/#website"},"primaryImageOfPage":{"@id":"https:\/\/abilica.com\/no\/styrke\/cage-rack\/abilica-premium-multirack-90\/#primaryimage"},"image":{"@id":"https:\/\/abilica.com\/no\/styrke\/cage-rack\/abilica-premium-multirack-90\/#primaryimage"},"thumbnailUrl":"https:\/\/abilica.com\/wp-content\/uploads\/2026\/01\/416160_Abilica-Premium-MultiRack-90_04.jpg","datePublished":"2026-01-15T09:24:58+00:00","dateModified":"2026-02-17T14:03:12+00:00","breadcrumb":{"@id":"https:\/\/abilica.com\/no\/styrke\/cage-rack\/abilica-premium-multirack-90\/#breadcrumb"},"inLanguage":"nb-NO","potentialAction":[{"@type":"ReadAction","target":["https:\/\/abilica.com\/no\/styrke\/cage-rack\/abilica-premium-multirack-90\/"]}]},{"@type":"ImageObject","inLanguage":"nb-NO","@id":"https:\/\/abilica.com\/no\/styrke\/cage-rack\/abilica-premium-multirack-90\/#primaryimage","url":"https:\/\/abilica.com\/wp-content\/uploads\/2026\/01\/416160_Abilica-Premium-MultiRack-90_04.jpg","contentUrl":"https:\/\/abilica.com\/wp-content\/uploads\/2026\/01\/416160_Abilica-Premium-MultiRack-90_04.jpg","width":1200,"height":1200},{"@type":"BreadcrumbList","@id":"https:\/\/abilica.com\/no\/styrke\/cage-rack\/abilica-premium-multirack-90\/#breadcrumb","itemListElement":[{"@type":"ListItem","position":1,"name":"Hem","item":"https:\/\/abilica.com\/no\/"},{"@type":"ListItem","position":2,"name":"Produkter","item":"https:\/\/abilica.com\/no\/shop-2\/"},{"@type":"ListItem","position":3,"name":"Abilica Premium MultiRack 90"}]},{"@type":"WebSite","@id":"https:\/\/abilica.com\/#website","url":"https:\/\/abilica.com\/","name":"Abilica","description":"Abilica Home Training","potentialAction":[{"@type":"SearchAction","target":{"@type":"EntryPoint","urlTemplate":"https:\/\/abilica.com\/?s={search_term_string}"},"query-input":{"@type":"PropertyValueSpecification","valueRequired":true,"valueName":"search_term_string"}}],"inLanguage":"nb-NO"}]}},"_links":{"self":[{"href":"https:\/\/abilica.com\/no\/wp-json\/wp\/v2\/product\/70739","targetHints":{"allow":["GET"]}}],"collection":[{"href":"https:\/\/abilica.com\/no\/wp-json\/wp\/v2\/product"}],"about":[{"href":"https:\/\/abilica.com\/no\/wp-json\/wp\/v2\/types\/product"}],"wp:featuredmedia":[{"embeddable":true,"href":"https:\/\/abilica.com\/no\/wp-json\/wp\/v2\/media\/70749"}],"wp:attachment":[{"href":"https:\/\/abilica.com\/no\/wp-json\/wp\/v2\/media?parent=70739"}],"wp:term":[{"taxonomy":"product_brand","embeddable":true,"href":"https:\/\/abilica.com\/no\/wp-json\/wp\/v2\/product_brand?post=70739"},{"taxonomy":"product_cat","embeddable":true,"href":"https:\/\/abilica.com\/no\/wp-json\/wp\/v2\/product_cat?post=70739"},{"taxonomy":"product_tag","embeddable":true,"href":"https:\/\/abilica.com\/no\/wp-json\/wp\/v2\/product_tag?post=70739"}],"curies":[{"name":"wp","href":"https:\/\/api.w.org\/{rel}","templated":true}]}}