{"id":70825,"date":"2026-01-28T09:52:31","date_gmt":"2026-01-28T08:52:31","guid":{"rendered":"https:\/\/abilica.com\/?post_type=product&#038;p=70825"},"modified":"2026-01-29T15:41:51","modified_gmt":"2026-01-29T14:41:51","slug":"abilica-medicineballs-2-til-10-kg","status":"publish","type":"product","link":"https:\/\/abilica.com\/no\/styrke\/medisinball\/abilica-medicineballs-2-til-10-kg\/","title":{"rendered":"Abilica MedicineBalls 2 til 10 kg"},"content":{"rendered":"<div class=\"wpb-content-wrapper\"><p>[vc_row][vc_column][vc_column_text css=&raquo;&raquo; el_class=&raquo;product-video&raquo;]<\/p>\n<p style=\"font-weight: 400;\">Medisinball er et allsidig og popul\u00e6rt treningsredskap som gir stor variasjon i treningen, og passer like godt til hjemmetrening som til bedrifter og treningssentre. Den brukes av b\u00e5de nybegynnere og erfarne ut\u00f8vere, og er spesielt godt egnet til funksjonell styrketrening.<\/p>\n<p style=\"font-weight: 400;\">Trening med medisinball bidrar til \u00e5 utvikle styrke, balanse, koordinasjon og kjernemuskulatur p\u00e5 en naturlig og effektiv m\u00e5te. \u00d8velsene aktiverer flere muskelgrupper samtidig og gir en dynamisk treningsform som utfordrer hele kroppen.<\/p>\n<p style=\"font-weight: 400;\">Rotasjoner, kast, utfall og kneb\u00f8y med medisinball belaster kroppen annerledes enn tradisjonelle vekter, og bidrar til \u00f8kt kroppskontroll, stabilitet og eksplosivitet. Dette gj\u00f8r medisinball til et utmerket supplement til styrketrening, sirkeltrening, idrettstrening og rehabilitering.<\/p>\n<p style=\"font-weight: 400;\">Abilica Medisinballer er tilgjengelige i vektklasser p\u00e5 2, 4, 6, 8 og 10 kg, slik at du enkelt kan velge riktig motstand ut fra treningsniv\u00e5 og m\u00e5lsetting. Det gj\u00f8r ballene godt egnet b\u00e5de til teknikktrening, utholdenhet og styrke \u2013 enten du trener hjemme eller i et profesjonelt treningsmilj\u00f8. \u00d8nsker du en ball som ikke spretter, anbefaler vi slamballs.<\/p>\n<p style=\"font-weight: 400;\">Medisinballene har en slitesterk og strukturert overflate som gir godt grep, og er konstruert for regelmessig bruk over tid.<\/p>\n<p style=\"font-weight: 400;\"><strong><br \/>\nSpesifikasjoner\u00a0<\/strong><br \/>\nDiameter:<br \/>\n2 kg: 19 cm<br \/>\n3-5 kg: 23 cm<br \/>\n6-10 kg: 28,6 cm<br \/>\nMateriale: Gummi<br \/>\nSprett: Ja<br \/>\nDropp testet:\u00a04 000 ganger fra 5 meter h\u00f8yde<br \/>\nBruksomr\u00e5de:\u00a0Hjemmetrening, bedrift og\u00a0treningssenter<\/p>\n<p>[\/vc_column_text][vc_empty_space][\/vc_column][\/vc_row][vc_row][vc_column][vc_column_text]<\/p>\n<p>[\/vc_column_text][\/vc_column][\/vc_row][vc_row][vc_column width=&raquo;1\/3&#8243;][vc_btn title=&raquo;Treningsprogram&raquo; style=&raquo;flat&raquo; color=&raquo;black&raquo; align=&raquo;center&raquo; i_icon_fontawesome=&raquo;fa fa-file-pdf-o&raquo; add_icon=&raquo;true&raquo; link=&raquo;url:https%3A%2F%2Fabilica.com\/no%2Fwp-content%2Fuploads%2F2017%2F02%2FAbilica-MedicineBall.pdf||target:%20_blank|&raquo;][\/vc_column][vc_column width=&raquo;1\/3&#8243;][vc_btn title=&raquo;Treningstips&raquo; style=&raquo;flat&raquo; color=&raquo;black&raquo; align=&raquo;center&raquo; i_icon_fontawesome=&raquo;&raquo; add_icon=&raquo;true&raquo; link=&raquo;url:https%3A%2F%2Fabilica.com%2Fno%2Ftreningsartikler%2Fstyrke%2Fhjemmetrening-med-medisinball%2F|title:Hjemmetrening%20med%20medisinball|target:_blank&raquo;][\/vc_column][vc_column width=&raquo;1\/3&#8243;][vc_btn title=&raquo;Treningsfilmer&raquo; style=&raquo;flat&raquo; color=&raquo;black&raquo; align=&raquo;center&raquo; i_icon_fontawesome=&raquo;&raquo; css=&raquo;&raquo; add_icon=&raquo;true&raquo; link=&raquo;url:https%3A%2F%2Fwww.youtube.com%2Fwatch%3Fv%3D3k5WhoGLYr4|target:_blank&raquo;][\/vc_column][\/vc_row]<\/p>\n<\/div>","protected":false},"excerpt":{"rendered":"<p>[vc_row][vc_column][vc_column_text css=&raquo;&raquo; el_class=&raquo;product-video&raquo;] Medisinball er et allsidig og popul\u00e6rt treningsredskap som gir stor variasjon i&#8230;<\/p>\n","protected":false},"featured_media":70896,"template":"","meta":{"_acf_changed":false},"product_brand":[],"product_cat":[454,422],"product_tag":[549,560,551,366,520],"class_list":{"0":"post-70825","1":"product","2":"type-product","3":"status-publish","4":"has-post-thumbnail","6":"product_cat-medisinball","7":"product_cat-styrke","8":"product_tag-athlete-no","9":"product_tag-circle-no","10":"product_tag-garage-gym-no","11":"product_tag-premium-no","12":"product_tag-styrketrening","14":"first","15":"outofstock","16":"product-type-variable"},"acf":[],"yoast_head":"<!-- This site is optimized with the Yoast SEO Premium plugin v21.1 (Yoast SEO v25.4) - https:\/\/yoast.com\/wordpress\/plugins\/seo\/ -->\n<title>Abilica MedicineBalls 2 til 10 kg Abilica<\/title>\n<meta name=\"robots\" content=\"index, follow, max-snippet:-1, max-image-preview:large, max-video-preview:-1\" \/>\n<link rel=\"canonical\" href=\"https:\/\/abilica.com\/no\/styrke\/medisinball\/abilica-medicineballs-2-til-10-kg\/\" \/>\n<meta property=\"og:locale\" content=\"nb_NO\" \/>\n<meta property=\"og:type\" content=\"article\" \/>\n<meta property=\"og:title\" content=\"Abilica MedicineBalls 2 til 10 kg\" \/>\n<meta property=\"og:description\" content=\"[vc_row][vc_column][vc_column_text css=&raquo;&raquo; el_class=&raquo;product-video&raquo;] Medisinball er et allsidig og popul\u00e6rt treningsredskap som gir stor variasjon i...\" \/>\n<meta property=\"og:url\" content=\"https:\/\/abilica.com\/no\/styrke\/medisinball\/abilica-medicineballs-2-til-10-kg\/\" \/>\n<meta property=\"og:site_name\" content=\"Abilica\" \/>\n<meta property=\"article:publisher\" content=\"https:\/\/www.facebook.com\/abilicahometraining\/\" \/>\n<meta property=\"article:modified_time\" content=\"2026-01-29T14:41:51+00:00\" \/>\n<meta property=\"og:image\" content=\"https:\/\/abilica.com\/wp-content\/uploads\/2026\/01\/MedicineBalls-419394_398_2-1.jpg\" \/>\n\t<meta property=\"og:image:width\" content=\"1200\" \/>\n\t<meta property=\"og:image:height\" content=\"1200\" \/>\n\t<meta property=\"og:image:type\" content=\"image\/jpeg\" \/>\n<meta name=\"twitter:card\" content=\"summary_large_image\" \/>\n<meta name=\"twitter:label1\" content=\"Ansl. lesetid\" \/>\n\t<meta name=\"twitter:data1\" content=\"2 minutter\" \/>\n<script type=\"application\/ld+json\" class=\"yoast-schema-graph\">{\"@context\":\"https:\/\/schema.org\",\"@graph\":[{\"@type\":\"WebPage\",\"@id\":\"https:\/\/abilica.com\/no\/styrke\/medisinball\/abilica-medicineballs-2-til-10-kg\/\",\"url\":\"https:\/\/abilica.com\/no\/styrke\/medisinball\/abilica-medicineballs-2-til-10-kg\/\",\"name\":\"Abilica MedicineBalls 2 til 10 kg Abilica\",\"isPartOf\":{\"@id\":\"https:\/\/abilica.com\/#website\"},\"primaryImageOfPage\":{\"@id\":\"https:\/\/abilica.com\/no\/styrke\/medisinball\/abilica-medicineballs-2-til-10-kg\/#primaryimage\"},\"image\":{\"@id\":\"https:\/\/abilica.com\/no\/styrke\/medisinball\/abilica-medicineballs-2-til-10-kg\/#primaryimage\"},\"thumbnailUrl\":\"https:\/\/abilica.com\/wp-content\/uploads\/2026\/01\/MedicineBalls-419394_398_2-1.jpg\",\"datePublished\":\"2026-01-28T08:52:31+00:00\",\"dateModified\":\"2026-01-29T14:41:51+00:00\",\"breadcrumb\":{\"@id\":\"https:\/\/abilica.com\/no\/styrke\/medisinball\/abilica-medicineballs-2-til-10-kg\/#breadcrumb\"},\"inLanguage\":\"nb-NO\",\"potentialAction\":[{\"@type\":\"ReadAction\",\"target\":[\"https:\/\/abilica.com\/no\/styrke\/medisinball\/abilica-medicineballs-2-til-10-kg\/\"]}]},{\"@type\":\"ImageObject\",\"inLanguage\":\"nb-NO\",\"@id\":\"https:\/\/abilica.com\/no\/styrke\/medisinball\/abilica-medicineballs-2-til-10-kg\/#primaryimage\",\"url\":\"https:\/\/abilica.com\/wp-content\/uploads\/2026\/01\/MedicineBalls-419394_398_2-1.jpg\",\"contentUrl\":\"https:\/\/abilica.com\/wp-content\/uploads\/2026\/01\/MedicineBalls-419394_398_2-1.jpg\",\"width\":1200,\"height\":1200},{\"@type\":\"BreadcrumbList\",\"@id\":\"https:\/\/abilica.com\/no\/styrke\/medisinball\/abilica-medicineballs-2-til-10-kg\/#breadcrumb\",\"itemListElement\":[{\"@type\":\"ListItem\",\"position\":1,\"name\":\"Hem\",\"item\":\"https:\/\/abilica.com\/no\/\"},{\"@type\":\"ListItem\",\"position\":2,\"name\":\"Produkter\",\"item\":\"https:\/\/abilica.com\/no\/shop-2\/\"},{\"@type\":\"ListItem\",\"position\":3,\"name\":\"Abilica MedicineBalls 2 til 10 kg\"}]},{\"@type\":\"WebSite\",\"@id\":\"https:\/\/abilica.com\/#website\",\"url\":\"https:\/\/abilica.com\/\",\"name\":\"Abilica\",\"description\":\"Abilica Home Training\",\"potentialAction\":[{\"@type\":\"SearchAction\",\"target\":{\"@type\":\"EntryPoint\",\"urlTemplate\":\"https:\/\/abilica.com\/?s={search_term_string}\"},\"query-input\":{\"@type\":\"PropertyValueSpecification\",\"valueRequired\":true,\"valueName\":\"search_term_string\"}}],\"inLanguage\":\"nb-NO\"}]}<\/script>\n<!-- \/ Yoast SEO Premium plugin. -->","yoast_head_json":{"title":"Abilica MedicineBalls 2 til 10 kg Abilica","robots":{"index":"index","follow":"follow","max-snippet":"max-snippet:-1","max-image-preview":"max-image-preview:large","max-video-preview":"max-video-preview:-1"},"canonical":"https:\/\/abilica.com\/no\/styrke\/medisinball\/abilica-medicineballs-2-til-10-kg\/","og_locale":"nb_NO","og_type":"article","og_title":"Abilica MedicineBalls 2 til 10 kg","og_description":"[vc_row][vc_column][vc_column_text css=&raquo;&raquo; el_class=&raquo;product-video&raquo;] Medisinball er et allsidig og popul\u00e6rt treningsredskap som gir stor variasjon i...","og_url":"https:\/\/abilica.com\/no\/styrke\/medisinball\/abilica-medicineballs-2-til-10-kg\/","og_site_name":"Abilica","article_publisher":"https:\/\/www.facebook.com\/abilicahometraining\/","article_modified_time":"2026-01-29T14:41:51+00:00","og_image":[{"width":1200,"height":1200,"url":"https:\/\/abilica.com\/wp-content\/uploads\/2026\/01\/MedicineBalls-419394_398_2-1.jpg","type":"image\/jpeg"}],"twitter_card":"summary_large_image","twitter_misc":{"Ansl. lesetid":"2 minutter"},"schema":{"@context":"https:\/\/schema.org","@graph":[{"@type":"WebPage","@id":"https:\/\/abilica.com\/no\/styrke\/medisinball\/abilica-medicineballs-2-til-10-kg\/","url":"https:\/\/abilica.com\/no\/styrke\/medisinball\/abilica-medicineballs-2-til-10-kg\/","name":"Abilica MedicineBalls 2 til 10 kg Abilica","isPartOf":{"@id":"https:\/\/abilica.com\/#website"},"primaryImageOfPage":{"@id":"https:\/\/abilica.com\/no\/styrke\/medisinball\/abilica-medicineballs-2-til-10-kg\/#primaryimage"},"image":{"@id":"https:\/\/abilica.com\/no\/styrke\/medisinball\/abilica-medicineballs-2-til-10-kg\/#primaryimage"},"thumbnailUrl":"https:\/\/abilica.com\/wp-content\/uploads\/2026\/01\/MedicineBalls-419394_398_2-1.jpg","datePublished":"2026-01-28T08:52:31+00:00","dateModified":"2026-01-29T14:41:51+00:00","breadcrumb":{"@id":"https:\/\/abilica.com\/no\/styrke\/medisinball\/abilica-medicineballs-2-til-10-kg\/#breadcrumb"},"inLanguage":"nb-NO","potentialAction":[{"@type":"ReadAction","target":["https:\/\/abilica.com\/no\/styrke\/medisinball\/abilica-medicineballs-2-til-10-kg\/"]}]},{"@type":"ImageObject","inLanguage":"nb-NO","@id":"https:\/\/abilica.com\/no\/styrke\/medisinball\/abilica-medicineballs-2-til-10-kg\/#primaryimage","url":"https:\/\/abilica.com\/wp-content\/uploads\/2026\/01\/MedicineBalls-419394_398_2-1.jpg","contentUrl":"https:\/\/abilica.com\/wp-content\/uploads\/2026\/01\/MedicineBalls-419394_398_2-1.jpg","width":1200,"height":1200},{"@type":"BreadcrumbList","@id":"https:\/\/abilica.com\/no\/styrke\/medisinball\/abilica-medicineballs-2-til-10-kg\/#breadcrumb","itemListElement":[{"@type":"ListItem","position":1,"name":"Hem","item":"https:\/\/abilica.com\/no\/"},{"@type":"ListItem","position":2,"name":"Produkter","item":"https:\/\/abilica.com\/no\/shop-2\/"},{"@type":"ListItem","position":3,"name":"Abilica MedicineBalls 2 til 10 kg"}]},{"@type":"WebSite","@id":"https:\/\/abilica.com\/#website","url":"https:\/\/abilica.com\/","name":"Abilica","description":"Abilica Home Training","potentialAction":[{"@type":"SearchAction","target":{"@type":"EntryPoint","urlTemplate":"https:\/\/abilica.com\/?s={search_term_string}"},"query-input":{"@type":"PropertyValueSpecification","valueRequired":true,"valueName":"search_term_string"}}],"inLanguage":"nb-NO"}]}},"_links":{"self":[{"href":"https:\/\/abilica.com\/no\/wp-json\/wp\/v2\/product\/70825","targetHints":{"allow":["GET"]}}],"collection":[{"href":"https:\/\/abilica.com\/no\/wp-json\/wp\/v2\/product"}],"about":[{"href":"https:\/\/abilica.com\/no\/wp-json\/wp\/v2\/types\/product"}],"wp:featuredmedia":[{"embeddable":true,"href":"https:\/\/abilica.com\/no\/wp-json\/wp\/v2\/media\/70896"}],"wp:attachment":[{"href":"https:\/\/abilica.com\/no\/wp-json\/wp\/v2\/media?parent=70825"}],"wp:term":[{"taxonomy":"product_brand","embeddable":true,"href":"https:\/\/abilica.com\/no\/wp-json\/wp\/v2\/product_brand?post=70825"},{"taxonomy":"product_cat","embeddable":true,"href":"https:\/\/abilica.com\/no\/wp-json\/wp\/v2\/product_cat?post=70825"},{"taxonomy":"product_tag","embeddable":true,"href":"https:\/\/abilica.com\/no\/wp-json\/wp\/v2\/product_tag?post=70825"}],"curies":[{"name":"wp","href":"https:\/\/api.w.org\/{rel}","templated":true}]}}