{"id":71061,"date":"2026-02-02T12:15:38","date_gmt":"2026-02-02T11:15:38","guid":{"rendered":"https:\/\/abilica.com\/?post_type=product&#038;p=71061"},"modified":"2026-02-17T15:32:41","modified_gmt":"2026-02-17T14:32:41","slug":"abilica-premium-voyage-ems","status":"publish","type":"product","link":"https:\/\/abilica.com\/no\/kondisjon\/trimsykkel\/abilica-premium-voyage-ems\/","title":{"rendered":"Abilica Premium Voyage EMS"},"content":{"rendered":"<div class=\"wpb-content-wrapper\"><p>[vc_row][vc_column][vc_column_text css=&raquo;&raquo; el_class=&raquo;product-video&raquo;]<strong>En kraftig og driftssikker sykkel designet for bruk i bedriftens treningsrom eller i fysikalsk behandling.<span class=\"Apple-converted-space\">\u00a0<\/span><\/strong><\/p>\n<p>Abilica Premium Voyage EMS er en sv\u00e6rt robust treningssykkel konstruert for \u00e5 t\u00e5le mye bruk. Den har et lavt innsteg, som gj\u00f8r det enkelt \u00e5 komme av og p\u00e5 sykkelen. Dette er perfekt for fysioterapeuter og fysikalske institutter som trenger en stabil, solid og brukervennlig sykkel til rehabilitering av pasienter, som har problemer med \u00e5 komme av og p\u00e5 en tradisjonell ergometersykkel.<span class=\"Apple-converted-space\">\u00a0<\/span><\/p>\n<p>Med elektromagnetisk motstand (EMS) er det ingen motstandsmotor med bevegelige deler i sykkelen, kun endring av str\u00f8mstyrken i magneten. Dette \u00f8ker levetiden, reduserer vedlikeholdet og gir mulighet for h\u00f8yere motstand. Kombinert med 32 motstandsniv\u00e5er er det enkelt \u00e5 finne riktig belastning, uansett rehabiliterings- eller treningsniv\u00e5.<\/p>\n<p><b><\/b>Sykkelen har en meget kraftig<b> <\/b>ramme som gir en komfortabel sykkelf\u00f8lelse for ut\u00f8vere med vekt opptil 150 kg. Abilica Premium Voyage EMS leveres med et bredt, mykt og komfortabelt Premium sete og har 11 h\u00f8ydejusteringsmuligheter, kombinert med trinnl\u00f8s horisontal justering, for \u00e5 finne riktig sitteposisjon. Dette er meget viktig med tanke p\u00e5 kne- og hofteopererte pasienter som skal benytte sykkelen. Setet kan justeres meget h\u00f8yt og gj\u00f8r at sykkelen er tilpasset ut\u00f8vere med innerbenlengde fra 73 cm til hele 103 cm.<span class=\"Apple-converted-space\">\u00a0<\/span><\/p>\n<p>Kraftige transporthjul gj\u00f8r det enkelt \u00e5 flytte sykkelen, samtidig som gulvet sk\u00e5nes.<br \/>\nLeveres med flaskeholder p\u00e5 styrestammen.<\/p>\n<p>Abilica Premium Voyage EMS har en intuitiv computer med 12 forh\u00e5ndsinnstilte programmer, samt mulighet for \u00e5 lage 2 egendefinerte programmer. Via bluetooth kan man koble til nettbrett eller smart telefon, som gir mulighet for \u00e5 benytte gratis appen iConsole+ eller betalingsappen Kinomap, for \u00e5 sykle realistiske real video turer fra hele verden, hvor motstanden justeres automatisk etter terrenget for en mest mulig realistisk treningsopplevelse.<\/p>\n<p>Med h\u00e5ndpuls-sensorer p\u00e5 styret og i tillegg mulighet for \u00e5 bruke tr\u00e5dl\u00f8st pulsbelte (ekstrautstyr), kan man f\u00f8lge med p\u00e5 pulsen under treningen eller bruke pulsprogrammet i computeren.<\/p>\n<p><b>Spesifikasjoner<br \/>\n<\/b>Motstand: (EMS) Elektromagnetisk motstand<span class=\"Apple-converted-space\"><br \/>\n<\/span>Motstandsniv\u00e5er: 32<span class=\"Apple-converted-space\"><br \/>\n<\/span>Treningsprogrammer:<b> <\/b>14 (12 forh\u00e5ndsinnstilte, pulsstyrt og watt styrt program)<span class=\"Apple-converted-space\"><br \/>\n<\/span>Computer med: tid, distanse, hastighet, RPM, kaloriforbruk (indikasjon), puls og watt (kalkulert)<span class=\"Apple-converted-space\"><br \/>\n<\/span>Bluetooth<br \/>\nApper: iConsole+, Zwift, Kinomap<span class=\"Apple-converted-space\"><br \/>\n<\/span>H\u00e5ndpuls<span class=\"Apple-converted-space\"><br \/>\n<\/span>Mottaker for pulsbelte<span class=\"Apple-converted-space\"><br \/>\n<\/span>Svinghjul: 8 kg<span class=\"Apple-converted-space\"><br \/>\n<\/span>Setejustering<b>: <\/b>11 niv\u00e5er vertikalt og trinnl\u00f8s horisontal<br \/>\nStr\u00f8mforsyning: Adapter 220v<br \/>\nTransporthjul<span class=\"Apple-converted-space\"><br \/>\n<\/span>Flaskeholder<br \/>\nM\u00e5l oppmontert: 109 x 55 x 143 cm (L x B x H)<span class=\"Apple-converted-space\"><br \/>\n<\/span>Produktvekt: 46 kg <span class=\"Apple-converted-space\"><br \/>\n<\/span>Maks personvekt: 150 kg<br \/>\nBruksomr\u00e5de: Hjemmetrening og bedrift<span class=\"Apple-converted-space\">\u00a0<\/span><\/p>\n<p>&nbsp;<\/p>\n<div style=\"width: 640px;\" class=\"wp-video\"><!--[if lt IE 9]><script>document.createElement('video');<\/script><![endif]-->\n<video class=\"wp-video-shortcode\" id=\"video-71061-1\" width=\"640\" height=\"360\" poster=\"https:\/\/abilica.com\/wp-content\/uploads\/2026\/02\/416170_Premium-Voyage-EMS_30.jpg\" preload=\"metadata\" controls=\"controls\"><source type=\"video\/mp4\" src=\"https:\/\/abilica.com\/wp-content\/uploads\/2026\/02\/Abilica-Premium-Voyage-EMS_Nett_Bredde.mp4?_=1\" \/><a href=\"https:\/\/abilica.com\/wp-content\/uploads\/2026\/02\/Abilica-Premium-Voyage-EMS_Nett_Bredde.mp4\">https:\/\/abilica.com\/wp-content\/uploads\/2026\/02\/Abilica-Premium-Voyage-EMS_Nett_Bredde.mp4<\/a><\/video><\/div>\n<p>[\/vc_column_text][vc_empty_space height=&raquo;52px&raquo;][\/vc_column][\/vc_row][vc_row][vc_column][vc_btn title=&raquo;Vedlikeholdstips&raquo; style=&raquo;flat&raquo; color=&raquo;black&raquo; i_icon_fontawesome=&raquo;fa fa-align-left&raquo; add_icon=&raquo;true&raquo; link=&raquo;url:https%3A%2F%2Fabilica.com%2Fno%2Ftreningsartikler%2Fkondisjon%2Fvedlikehold-av-treningsapparater%2F||target:%20_blank|&raquo;][vc_btn title=&raquo;Treningstips&raquo; style=&raquo;flat&raquo; color=&raquo;black&raquo; i_icon_fontawesome=&raquo;fa fa-align-left&raquo; add_icon=&raquo;true&raquo; link=&raquo;url:https%3A%2F%2Fabilica.com%2Fno%2Ftreningsartikler%2Fkondisjon%2Fvelg-riktig-trimsykkel%2F||target:%20_blank|&raquo;][\/vc_column][\/vc_row]<\/p>\n<\/div>","protected":false},"excerpt":{"rendered":"<p>[vc_row][vc_column][vc_column_text css=&raquo;&raquo; el_class=&raquo;product-video&raquo;]En kraftig og driftssikker sykkel designet for bruk i bedriftens treningsrom eller i&#8230;<\/p>\n","protected":false},"featured_media":71068,"template":"","meta":{"_acf_changed":false},"product_brand":[],"product_cat":[426,441],"product_tag":[554,366,44],"class_list":{"0":"post-71061","1":"product","2":"type-product","3":"status-publish","4":"has-post-thumbnail","6":"product_cat-kondisjon","7":"product_cat-trimsykkel","8":"product_tag-kinomap-no","9":"product_tag-premium-no","10":"product_tag-stream","12":"first","13":"outofstock","14":"product-type-simple"},"acf":[],"yoast_head":"<!-- This site is optimized with the Yoast SEO Premium plugin v21.1 (Yoast SEO v25.4) - https:\/\/yoast.com\/wordpress\/plugins\/seo\/ -->\n<title>Abilica Premium Voyage EMS Abilica<\/title>\n<meta name=\"robots\" content=\"index, follow, max-snippet:-1, max-image-preview:large, max-video-preview:-1\" \/>\n<link rel=\"canonical\" href=\"https:\/\/abilica.com\/no\/kondisjon\/trimsykkel\/abilica-premium-voyage-ems\/\" \/>\n<meta property=\"og:locale\" content=\"nb_NO\" \/>\n<meta property=\"og:type\" content=\"article\" \/>\n<meta property=\"og:title\" content=\"Abilica Premium Voyage EMS\" \/>\n<meta property=\"og:description\" content=\"[vc_row][vc_column][vc_column_text css=&raquo;&raquo; el_class=&raquo;product-video&raquo;]En kraftig og driftssikker sykkel designet for bruk i bedriftens treningsrom eller i...\" \/>\n<meta property=\"og:url\" content=\"https:\/\/abilica.com\/no\/kondisjon\/trimsykkel\/abilica-premium-voyage-ems\/\" \/>\n<meta property=\"og:site_name\" content=\"Abilica\" \/>\n<meta property=\"article:publisher\" content=\"https:\/\/www.facebook.com\/abilicahometraining\/\" \/>\n<meta property=\"article:modified_time\" content=\"2026-02-17T14:32:41+00:00\" \/>\n<meta property=\"og:image\" content=\"https:\/\/abilica.com\/wp-content\/uploads\/2026\/02\/416170_Abilica-Premium-Voyage-EMS_02.jpg\" \/>\n\t<meta property=\"og:image:width\" content=\"1200\" \/>\n\t<meta property=\"og:image:height\" content=\"1200\" \/>\n\t<meta property=\"og:image:type\" content=\"image\/jpeg\" \/>\n<meta name=\"twitter:card\" content=\"summary_large_image\" \/>\n<meta name=\"twitter:label1\" content=\"Ansl. lesetid\" \/>\n\t<meta name=\"twitter:data1\" content=\"3 minutter\" \/>\n<script type=\"application\/ld+json\" class=\"yoast-schema-graph\">{\"@context\":\"https:\/\/schema.org\",\"@graph\":[{\"@type\":\"WebPage\",\"@id\":\"https:\/\/abilica.com\/no\/kondisjon\/trimsykkel\/abilica-premium-voyage-ems\/\",\"url\":\"https:\/\/abilica.com\/no\/kondisjon\/trimsykkel\/abilica-premium-voyage-ems\/\",\"name\":\"Abilica Premium Voyage EMS Abilica\",\"isPartOf\":{\"@id\":\"https:\/\/abilica.com\/#website\"},\"primaryImageOfPage\":{\"@id\":\"https:\/\/abilica.com\/no\/kondisjon\/trimsykkel\/abilica-premium-voyage-ems\/#primaryimage\"},\"image\":{\"@id\":\"https:\/\/abilica.com\/no\/kondisjon\/trimsykkel\/abilica-premium-voyage-ems\/#primaryimage\"},\"thumbnailUrl\":\"https:\/\/abilica.com\/wp-content\/uploads\/2026\/02\/416170_Abilica-Premium-Voyage-EMS_02.jpg\",\"datePublished\":\"2026-02-02T11:15:38+00:00\",\"dateModified\":\"2026-02-17T14:32:41+00:00\",\"breadcrumb\":{\"@id\":\"https:\/\/abilica.com\/no\/kondisjon\/trimsykkel\/abilica-premium-voyage-ems\/#breadcrumb\"},\"inLanguage\":\"nb-NO\",\"potentialAction\":[{\"@type\":\"ReadAction\",\"target\":[\"https:\/\/abilica.com\/no\/kondisjon\/trimsykkel\/abilica-premium-voyage-ems\/\"]}]},{\"@type\":\"ImageObject\",\"inLanguage\":\"nb-NO\",\"@id\":\"https:\/\/abilica.com\/no\/kondisjon\/trimsykkel\/abilica-premium-voyage-ems\/#primaryimage\",\"url\":\"https:\/\/abilica.com\/wp-content\/uploads\/2026\/02\/416170_Abilica-Premium-Voyage-EMS_02.jpg\",\"contentUrl\":\"https:\/\/abilica.com\/wp-content\/uploads\/2026\/02\/416170_Abilica-Premium-Voyage-EMS_02.jpg\",\"width\":1200,\"height\":1200},{\"@type\":\"BreadcrumbList\",\"@id\":\"https:\/\/abilica.com\/no\/kondisjon\/trimsykkel\/abilica-premium-voyage-ems\/#breadcrumb\",\"itemListElement\":[{\"@type\":\"ListItem\",\"position\":1,\"name\":\"Hem\",\"item\":\"https:\/\/abilica.com\/no\/\"},{\"@type\":\"ListItem\",\"position\":2,\"name\":\"Produkter\",\"item\":\"https:\/\/abilica.com\/no\/shop-2\/\"},{\"@type\":\"ListItem\",\"position\":3,\"name\":\"Abilica Premium Voyage EMS\"}]},{\"@type\":\"WebSite\",\"@id\":\"https:\/\/abilica.com\/#website\",\"url\":\"https:\/\/abilica.com\/\",\"name\":\"Abilica\",\"description\":\"Abilica Home Training\",\"potentialAction\":[{\"@type\":\"SearchAction\",\"target\":{\"@type\":\"EntryPoint\",\"urlTemplate\":\"https:\/\/abilica.com\/?s={search_term_string}\"},\"query-input\":{\"@type\":\"PropertyValueSpecification\",\"valueRequired\":true,\"valueName\":\"search_term_string\"}}],\"inLanguage\":\"nb-NO\"}]}<\/script>\n<!-- \/ Yoast SEO Premium plugin. -->","yoast_head_json":{"title":"Abilica Premium Voyage EMS Abilica","robots":{"index":"index","follow":"follow","max-snippet":"max-snippet:-1","max-image-preview":"max-image-preview:large","max-video-preview":"max-video-preview:-1"},"canonical":"https:\/\/abilica.com\/no\/kondisjon\/trimsykkel\/abilica-premium-voyage-ems\/","og_locale":"nb_NO","og_type":"article","og_title":"Abilica Premium Voyage EMS","og_description":"[vc_row][vc_column][vc_column_text css=&raquo;&raquo; el_class=&raquo;product-video&raquo;]En kraftig og driftssikker sykkel designet for bruk i bedriftens treningsrom eller i...","og_url":"https:\/\/abilica.com\/no\/kondisjon\/trimsykkel\/abilica-premium-voyage-ems\/","og_site_name":"Abilica","article_publisher":"https:\/\/www.facebook.com\/abilicahometraining\/","article_modified_time":"2026-02-17T14:32:41+00:00","og_image":[{"width":1200,"height":1200,"url":"https:\/\/abilica.com\/wp-content\/uploads\/2026\/02\/416170_Abilica-Premium-Voyage-EMS_02.jpg","type":"image\/jpeg"}],"twitter_card":"summary_large_image","twitter_misc":{"Ansl. lesetid":"3 minutter"},"schema":{"@context":"https:\/\/schema.org","@graph":[{"@type":"WebPage","@id":"https:\/\/abilica.com\/no\/kondisjon\/trimsykkel\/abilica-premium-voyage-ems\/","url":"https:\/\/abilica.com\/no\/kondisjon\/trimsykkel\/abilica-premium-voyage-ems\/","name":"Abilica Premium Voyage EMS Abilica","isPartOf":{"@id":"https:\/\/abilica.com\/#website"},"primaryImageOfPage":{"@id":"https:\/\/abilica.com\/no\/kondisjon\/trimsykkel\/abilica-premium-voyage-ems\/#primaryimage"},"image":{"@id":"https:\/\/abilica.com\/no\/kondisjon\/trimsykkel\/abilica-premium-voyage-ems\/#primaryimage"},"thumbnailUrl":"https:\/\/abilica.com\/wp-content\/uploads\/2026\/02\/416170_Abilica-Premium-Voyage-EMS_02.jpg","datePublished":"2026-02-02T11:15:38+00:00","dateModified":"2026-02-17T14:32:41+00:00","breadcrumb":{"@id":"https:\/\/abilica.com\/no\/kondisjon\/trimsykkel\/abilica-premium-voyage-ems\/#breadcrumb"},"inLanguage":"nb-NO","potentialAction":[{"@type":"ReadAction","target":["https:\/\/abilica.com\/no\/kondisjon\/trimsykkel\/abilica-premium-voyage-ems\/"]}]},{"@type":"ImageObject","inLanguage":"nb-NO","@id":"https:\/\/abilica.com\/no\/kondisjon\/trimsykkel\/abilica-premium-voyage-ems\/#primaryimage","url":"https:\/\/abilica.com\/wp-content\/uploads\/2026\/02\/416170_Abilica-Premium-Voyage-EMS_02.jpg","contentUrl":"https:\/\/abilica.com\/wp-content\/uploads\/2026\/02\/416170_Abilica-Premium-Voyage-EMS_02.jpg","width":1200,"height":1200},{"@type":"BreadcrumbList","@id":"https:\/\/abilica.com\/no\/kondisjon\/trimsykkel\/abilica-premium-voyage-ems\/#breadcrumb","itemListElement":[{"@type":"ListItem","position":1,"name":"Hem","item":"https:\/\/abilica.com\/no\/"},{"@type":"ListItem","position":2,"name":"Produkter","item":"https:\/\/abilica.com\/no\/shop-2\/"},{"@type":"ListItem","position":3,"name":"Abilica Premium Voyage EMS"}]},{"@type":"WebSite","@id":"https:\/\/abilica.com\/#website","url":"https:\/\/abilica.com\/","name":"Abilica","description":"Abilica Home Training","potentialAction":[{"@type":"SearchAction","target":{"@type":"EntryPoint","urlTemplate":"https:\/\/abilica.com\/?s={search_term_string}"},"query-input":{"@type":"PropertyValueSpecification","valueRequired":true,"valueName":"search_term_string"}}],"inLanguage":"nb-NO"}]}},"_links":{"self":[{"href":"https:\/\/abilica.com\/no\/wp-json\/wp\/v2\/product\/71061","targetHints":{"allow":["GET"]}}],"collection":[{"href":"https:\/\/abilica.com\/no\/wp-json\/wp\/v2\/product"}],"about":[{"href":"https:\/\/abilica.com\/no\/wp-json\/wp\/v2\/types\/product"}],"wp:featuredmedia":[{"embeddable":true,"href":"https:\/\/abilica.com\/no\/wp-json\/wp\/v2\/media\/71068"}],"wp:attachment":[{"href":"https:\/\/abilica.com\/no\/wp-json\/wp\/v2\/media?parent=71061"}],"wp:term":[{"taxonomy":"product_brand","embeddable":true,"href":"https:\/\/abilica.com\/no\/wp-json\/wp\/v2\/product_brand?post=71061"},{"taxonomy":"product_cat","embeddable":true,"href":"https:\/\/abilica.com\/no\/wp-json\/wp\/v2\/product_cat?post=71061"},{"taxonomy":"product_tag","embeddable":true,"href":"https:\/\/abilica.com\/no\/wp-json\/wp\/v2\/product_tag?post=71061"}],"curies":[{"name":"wp","href":"https:\/\/api.w.org\/{rel}","templated":true}]}}