{"id":71090,"date":"2026-02-04T12:13:49","date_gmt":"2026-02-04T11:13:49","guid":{"rendered":"https:\/\/abilica.com\/?post_type=product&#038;p=71090"},"modified":"2026-02-09T15:53:21","modified_gmt":"2026-02-09T14:53:21","slug":"abilica-premium-wallbar","status":"publish","type":"product","link":"https:\/\/abilica.com\/no\/styrke\/smaprodukter\/abilica-premium-wallbar\/","title":{"rendered":"Abilica Premium WallBar"},"content":{"rendered":"<p>Abilica Premium WallBar er en ribbevegg i moderne design som passer like godt hjemme som i bedriftens treningsrom. Kombinasjonen av ribber i b\u00f8ketre og ramme i matt sort metall gir et stilrent uttrykk som glir naturlig inn i skandinaviske hjem &#8211; enten du har et flerbruksrom eller et dedikert treningsomr\u00e5de. De runde ribbene gir et komfortabelt og sikkert grep. Ribbeveggen egner seg sv\u00e6rt godt til et bredt spekter av styrke\u00f8velser, mobilitetstrening og utt\u00f8ying etter trening.<\/p>\n<p>Med tilbeh\u00f8r som <a href=\"https:\/\/abilica.com\/no\/styrke\/smaprodukter\/abilica-premium-wallbar-pullup\/\"><b>Abilica Premium PullUp Bar<\/b><\/a> og <a href=\"https:\/\/abilica.com\/no\/styrke\/smaprodukter\/abilica-premium-wallbar-dipshandle\/\"><b>Abilica Premium Dips Handle<\/b><\/a> kan du utvide \u00f8velsesutvalget ytterligere med blant annet pull-ups og dips &#8211; perfekt for en komplett overkropps \u00f8kt. Skruer for veggmontering medf\u00f8lger. Festepunktene er tilpasset standard stenderavstand og kan justeres fra 56 til 61 cm, avhengig av om brakettene vendes innover eller utover.<\/p>\n<p><b>Spesifikasjoner:<\/b><br \/>\nM\u00e5l oppmontert: 18,5 x 80 x 198,5 cm (L x B x H)<br \/>\nAntall ribber: 9<br \/>\nAvstand mellom ribbene: 18 cm<br \/>\nLengde per ribbe: 80 cm<br \/>\nDiameter ribber: 3,8 cm<br \/>\nAntall festepunkter til vegg: 6<br \/>\nJusterbar bredde mellom festepunkter: 56\u201361 cm<br \/>\nMateriale: B\u00f8ketre og metall<br \/>\nRibbene er behandlet med naturlig planteolje<br \/>\nProduktvekt: 17 kg<i> <\/i><br \/>\nMaks vekt belastning: 150 kg<br \/>\nBruksomr\u00e5de: Hjemme og bedrift<\/p>\n","protected":false},"excerpt":{"rendered":"<p>Abilica Premium WallBar er en ribbevegg i moderne design som passer like godt hjemme som&#8230;<\/p>\n","protected":false},"featured_media":71094,"template":"","meta":{"_acf_changed":false},"product_brand":[],"product_cat":[423,422],"product_tag":[174,550,366],"class_list":{"0":"post-71090","1":"product","2":"type-product","3":"status-publish","4":"has-post-thumbnail","6":"product_cat-smaprodukter","7":"product_cat-styrke","8":"product_tag-active","9":"product_tag-eco-friendly-no","10":"product_tag-premium-no","12":"first","13":"outofstock","14":"product-type-simple"},"acf":[],"yoast_head":"<!-- This site is optimized with the Yoast SEO Premium plugin v21.1 (Yoast SEO v25.4) - https:\/\/yoast.com\/wordpress\/plugins\/seo\/ -->\n<title>Abilica Premium WallBar Abilica<\/title>\n<meta name=\"robots\" content=\"index, follow, max-snippet:-1, max-image-preview:large, max-video-preview:-1\" \/>\n<link rel=\"canonical\" href=\"https:\/\/abilica.com\/no\/styrke\/smaprodukter\/abilica-premium-wallbar\/\" \/>\n<meta property=\"og:locale\" content=\"nb_NO\" \/>\n<meta property=\"og:type\" content=\"article\" \/>\n<meta property=\"og:title\" content=\"Abilica Premium WallBar\" \/>\n<meta property=\"og:description\" content=\"Abilica Premium WallBar er en ribbevegg i moderne design som passer like godt hjemme som...\" \/>\n<meta property=\"og:url\" content=\"https:\/\/abilica.com\/no\/styrke\/smaprodukter\/abilica-premium-wallbar\/\" \/>\n<meta property=\"og:site_name\" content=\"Abilica\" \/>\n<meta property=\"article:publisher\" content=\"https:\/\/www.facebook.com\/abilicahometraining\/\" \/>\n<meta property=\"article:modified_time\" content=\"2026-02-09T14:53:21+00:00\" \/>\n<meta property=\"og:image\" content=\"https:\/\/abilica.com\/wp-content\/uploads\/2026\/02\/418516_Abilica-Premium-WallBar_02.jpg\" \/>\n\t<meta property=\"og:image:width\" content=\"1200\" \/>\n\t<meta property=\"og:image:height\" content=\"1200\" \/>\n\t<meta property=\"og:image:type\" content=\"image\/jpeg\" \/>\n<meta name=\"twitter:card\" content=\"summary_large_image\" \/>\n<meta name=\"twitter:label1\" content=\"Ansl. lesetid\" \/>\n\t<meta name=\"twitter:data1\" content=\"1 minutt\" \/>\n<script type=\"application\/ld+json\" class=\"yoast-schema-graph\">{\"@context\":\"https:\/\/schema.org\",\"@graph\":[{\"@type\":\"WebPage\",\"@id\":\"https:\/\/abilica.com\/no\/styrke\/smaprodukter\/abilica-premium-wallbar\/\",\"url\":\"https:\/\/abilica.com\/no\/styrke\/smaprodukter\/abilica-premium-wallbar\/\",\"name\":\"Abilica Premium WallBar Abilica\",\"isPartOf\":{\"@id\":\"https:\/\/abilica.com\/#website\"},\"primaryImageOfPage\":{\"@id\":\"https:\/\/abilica.com\/no\/styrke\/smaprodukter\/abilica-premium-wallbar\/#primaryimage\"},\"image\":{\"@id\":\"https:\/\/abilica.com\/no\/styrke\/smaprodukter\/abilica-premium-wallbar\/#primaryimage\"},\"thumbnailUrl\":\"https:\/\/abilica.com\/wp-content\/uploads\/2026\/02\/418516_Abilica-Premium-WallBar_02.jpg\",\"datePublished\":\"2026-02-04T11:13:49+00:00\",\"dateModified\":\"2026-02-09T14:53:21+00:00\",\"breadcrumb\":{\"@id\":\"https:\/\/abilica.com\/no\/styrke\/smaprodukter\/abilica-premium-wallbar\/#breadcrumb\"},\"inLanguage\":\"nb-NO\",\"potentialAction\":[{\"@type\":\"ReadAction\",\"target\":[\"https:\/\/abilica.com\/no\/styrke\/smaprodukter\/abilica-premium-wallbar\/\"]}]},{\"@type\":\"ImageObject\",\"inLanguage\":\"nb-NO\",\"@id\":\"https:\/\/abilica.com\/no\/styrke\/smaprodukter\/abilica-premium-wallbar\/#primaryimage\",\"url\":\"https:\/\/abilica.com\/wp-content\/uploads\/2026\/02\/418516_Abilica-Premium-WallBar_02.jpg\",\"contentUrl\":\"https:\/\/abilica.com\/wp-content\/uploads\/2026\/02\/418516_Abilica-Premium-WallBar_02.jpg\",\"width\":1200,\"height\":1200},{\"@type\":\"BreadcrumbList\",\"@id\":\"https:\/\/abilica.com\/no\/styrke\/smaprodukter\/abilica-premium-wallbar\/#breadcrumb\",\"itemListElement\":[{\"@type\":\"ListItem\",\"position\":1,\"name\":\"Hem\",\"item\":\"https:\/\/abilica.com\/no\/\"},{\"@type\":\"ListItem\",\"position\":2,\"name\":\"Produkter\",\"item\":\"https:\/\/abilica.com\/no\/shop-2\/\"},{\"@type\":\"ListItem\",\"position\":3,\"name\":\"Abilica Premium WallBar\"}]},{\"@type\":\"WebSite\",\"@id\":\"https:\/\/abilica.com\/#website\",\"url\":\"https:\/\/abilica.com\/\",\"name\":\"Abilica\",\"description\":\"Abilica Home Training\",\"potentialAction\":[{\"@type\":\"SearchAction\",\"target\":{\"@type\":\"EntryPoint\",\"urlTemplate\":\"https:\/\/abilica.com\/?s={search_term_string}\"},\"query-input\":{\"@type\":\"PropertyValueSpecification\",\"valueRequired\":true,\"valueName\":\"search_term_string\"}}],\"inLanguage\":\"nb-NO\"}]}<\/script>\n<!-- \/ Yoast SEO Premium plugin. -->","yoast_head_json":{"title":"Abilica Premium WallBar Abilica","robots":{"index":"index","follow":"follow","max-snippet":"max-snippet:-1","max-image-preview":"max-image-preview:large","max-video-preview":"max-video-preview:-1"},"canonical":"https:\/\/abilica.com\/no\/styrke\/smaprodukter\/abilica-premium-wallbar\/","og_locale":"nb_NO","og_type":"article","og_title":"Abilica Premium WallBar","og_description":"Abilica Premium WallBar er en ribbevegg i moderne design som passer like godt hjemme som...","og_url":"https:\/\/abilica.com\/no\/styrke\/smaprodukter\/abilica-premium-wallbar\/","og_site_name":"Abilica","article_publisher":"https:\/\/www.facebook.com\/abilicahometraining\/","article_modified_time":"2026-02-09T14:53:21+00:00","og_image":[{"width":1200,"height":1200,"url":"https:\/\/abilica.com\/wp-content\/uploads\/2026\/02\/418516_Abilica-Premium-WallBar_02.jpg","type":"image\/jpeg"}],"twitter_card":"summary_large_image","twitter_misc":{"Ansl. lesetid":"1 minutt"},"schema":{"@context":"https:\/\/schema.org","@graph":[{"@type":"WebPage","@id":"https:\/\/abilica.com\/no\/styrke\/smaprodukter\/abilica-premium-wallbar\/","url":"https:\/\/abilica.com\/no\/styrke\/smaprodukter\/abilica-premium-wallbar\/","name":"Abilica Premium WallBar Abilica","isPartOf":{"@id":"https:\/\/abilica.com\/#website"},"primaryImageOfPage":{"@id":"https:\/\/abilica.com\/no\/styrke\/smaprodukter\/abilica-premium-wallbar\/#primaryimage"},"image":{"@id":"https:\/\/abilica.com\/no\/styrke\/smaprodukter\/abilica-premium-wallbar\/#primaryimage"},"thumbnailUrl":"https:\/\/abilica.com\/wp-content\/uploads\/2026\/02\/418516_Abilica-Premium-WallBar_02.jpg","datePublished":"2026-02-04T11:13:49+00:00","dateModified":"2026-02-09T14:53:21+00:00","breadcrumb":{"@id":"https:\/\/abilica.com\/no\/styrke\/smaprodukter\/abilica-premium-wallbar\/#breadcrumb"},"inLanguage":"nb-NO","potentialAction":[{"@type":"ReadAction","target":["https:\/\/abilica.com\/no\/styrke\/smaprodukter\/abilica-premium-wallbar\/"]}]},{"@type":"ImageObject","inLanguage":"nb-NO","@id":"https:\/\/abilica.com\/no\/styrke\/smaprodukter\/abilica-premium-wallbar\/#primaryimage","url":"https:\/\/abilica.com\/wp-content\/uploads\/2026\/02\/418516_Abilica-Premium-WallBar_02.jpg","contentUrl":"https:\/\/abilica.com\/wp-content\/uploads\/2026\/02\/418516_Abilica-Premium-WallBar_02.jpg","width":1200,"height":1200},{"@type":"BreadcrumbList","@id":"https:\/\/abilica.com\/no\/styrke\/smaprodukter\/abilica-premium-wallbar\/#breadcrumb","itemListElement":[{"@type":"ListItem","position":1,"name":"Hem","item":"https:\/\/abilica.com\/no\/"},{"@type":"ListItem","position":2,"name":"Produkter","item":"https:\/\/abilica.com\/no\/shop-2\/"},{"@type":"ListItem","position":3,"name":"Abilica Premium WallBar"}]},{"@type":"WebSite","@id":"https:\/\/abilica.com\/#website","url":"https:\/\/abilica.com\/","name":"Abilica","description":"Abilica Home Training","potentialAction":[{"@type":"SearchAction","target":{"@type":"EntryPoint","urlTemplate":"https:\/\/abilica.com\/?s={search_term_string}"},"query-input":{"@type":"PropertyValueSpecification","valueRequired":true,"valueName":"search_term_string"}}],"inLanguage":"nb-NO"}]}},"_links":{"self":[{"href":"https:\/\/abilica.com\/no\/wp-json\/wp\/v2\/product\/71090","targetHints":{"allow":["GET"]}}],"collection":[{"href":"https:\/\/abilica.com\/no\/wp-json\/wp\/v2\/product"}],"about":[{"href":"https:\/\/abilica.com\/no\/wp-json\/wp\/v2\/types\/product"}],"wp:featuredmedia":[{"embeddable":true,"href":"https:\/\/abilica.com\/no\/wp-json\/wp\/v2\/media\/71094"}],"wp:attachment":[{"href":"https:\/\/abilica.com\/no\/wp-json\/wp\/v2\/media?parent=71090"}],"wp:term":[{"taxonomy":"product_brand","embeddable":true,"href":"https:\/\/abilica.com\/no\/wp-json\/wp\/v2\/product_brand?post=71090"},{"taxonomy":"product_cat","embeddable":true,"href":"https:\/\/abilica.com\/no\/wp-json\/wp\/v2\/product_cat?post=71090"},{"taxonomy":"product_tag","embeddable":true,"href":"https:\/\/abilica.com\/no\/wp-json\/wp\/v2\/product_tag?post=71090"}],"curies":[{"name":"wp","href":"https:\/\/api.w.org\/{rel}","templated":true}]}}