{"id":71119,"date":"2026-02-04T12:13:47","date_gmt":"2026-02-04T11:13:47","guid":{"rendered":"https:\/\/abilica.com\/?post_type=product&#038;p=71119"},"modified":"2026-02-26T16:38:45","modified_gmt":"2026-02-26T15:38:45","slug":"abilica-premium-wallbar-dipshandle","status":"publish","type":"product","link":"https:\/\/abilica.com\/no\/styrke\/smaprodukter\/abilica-premium-wallbar-dipshandle\/","title":{"rendered":"Abilica Premium WallBar DipsHandle"},"content":{"rendered":"<p>Abilica WallBar Dips Handle er et funksjonelt tilleggsutstyr til <a href=\"https:\/\/abilica.com\/no\/styrke\/smaprodukter\/abilica-premium-wallbar\/\"><b>Abilica Premium WallBar<\/b> <\/a>som gir deg mulighet til \u00e5 utf\u00f8re effektive dips-\u00f8velser for overkroppen.<\/p>\n<p>H\u00e5ndtakene festes enkelt p\u00e5 to valgfrie ribber i \u00f8nsket h\u00f8yde uten bruk av verkt\u00f8y. \u00a0Du kan ogs\u00e5 justere avstanden mellom h\u00e5ndtakene, slik at du finner bredden som passer deg best.<span class=\"Apple-converted-space\">\u00a0 <\/span>Dips er en av de beste \u00f8velsene for \u00e5 bygge styrke i triceps, bryst og skuldre. Selges i par.<\/p>\n<p><b>Spesifikasjoner<\/b><br \/>\nM\u00e5l oppmontert: 55 x 26,5 (L x H)<br \/>\nLengde per ribbe: 50 cm<br \/>\nDiameter ribber: 3,8 cm<br \/>\nMateriale: B\u00f8ketre og metall<br \/>\nRibben er behandlet med naturlig planteolje<br \/>\nProduktvekt: 4,0 kg<br \/>\nMaks vaktbelastning: 150 kg<br \/>\nBruksomr\u00e5de: Hjemme og bedrift<\/p>\n","protected":false},"excerpt":{"rendered":"<p>Abilica WallBar Dips Handle er et funksjonelt tilleggsutstyr til Abilica Premium WallBar som gir deg&#8230;<\/p>\n","protected":false},"featured_media":71120,"template":"","meta":{"_acf_changed":false},"product_brand":[],"product_cat":[423,422],"product_tag":[174,550,366],"class_list":{"0":"post-71119","1":"product","2":"type-product","3":"status-publish","4":"has-post-thumbnail","6":"product_cat-smaprodukter","7":"product_cat-styrke","8":"product_tag-active","9":"product_tag-eco-friendly-no","10":"product_tag-premium-no","12":"first","13":"outofstock","14":"product-type-simple"},"acf":[],"yoast_head":"<!-- This site is optimized with the Yoast SEO Premium plugin v21.1 (Yoast SEO v25.4) - https:\/\/yoast.com\/wordpress\/plugins\/seo\/ -->\n<title>Abilica Premium WallBar DipsHandle Abilica<\/title>\n<meta name=\"robots\" content=\"index, follow, max-snippet:-1, max-image-preview:large, max-video-preview:-1\" \/>\n<link rel=\"canonical\" href=\"https:\/\/abilica.com\/no\/styrke\/smaprodukter\/abilica-premium-wallbar-dipshandle\/\" \/>\n<meta property=\"og:locale\" content=\"nb_NO\" \/>\n<meta property=\"og:type\" content=\"article\" \/>\n<meta property=\"og:title\" content=\"Abilica Premium WallBar DipsHandle\" \/>\n<meta property=\"og:description\" content=\"Abilica WallBar Dips Handle er et funksjonelt tilleggsutstyr til Abilica Premium WallBar som gir deg...\" \/>\n<meta property=\"og:url\" content=\"https:\/\/abilica.com\/no\/styrke\/smaprodukter\/abilica-premium-wallbar-dipshandle\/\" \/>\n<meta property=\"og:site_name\" content=\"Abilica\" \/>\n<meta property=\"article:publisher\" content=\"https:\/\/www.facebook.com\/abilicahometraining\/\" \/>\n<meta property=\"article:modified_time\" content=\"2026-02-26T15:38:45+00:00\" \/>\n<meta property=\"og:image\" content=\"https:\/\/abilica.com\/wp-content\/uploads\/2026\/02\/418519_Abilica-Premium-WallBar-Dips-Handle_01.jpg\" \/>\n\t<meta property=\"og:image:width\" content=\"1200\" \/>\n\t<meta property=\"og:image:height\" content=\"1200\" \/>\n\t<meta property=\"og:image:type\" content=\"image\/jpeg\" \/>\n<meta name=\"twitter:card\" content=\"summary_large_image\" \/>\n<meta name=\"twitter:label1\" content=\"Ansl. lesetid\" \/>\n\t<meta name=\"twitter:data1\" content=\"1 minutt\" \/>\n<script type=\"application\/ld+json\" class=\"yoast-schema-graph\">{\"@context\":\"https:\/\/schema.org\",\"@graph\":[{\"@type\":\"WebPage\",\"@id\":\"https:\/\/abilica.com\/no\/styrke\/smaprodukter\/abilica-premium-wallbar-dipshandle\/\",\"url\":\"https:\/\/abilica.com\/no\/styrke\/smaprodukter\/abilica-premium-wallbar-dipshandle\/\",\"name\":\"Abilica Premium WallBar DipsHandle Abilica\",\"isPartOf\":{\"@id\":\"https:\/\/abilica.com\/#website\"},\"primaryImageOfPage\":{\"@id\":\"https:\/\/abilica.com\/no\/styrke\/smaprodukter\/abilica-premium-wallbar-dipshandle\/#primaryimage\"},\"image\":{\"@id\":\"https:\/\/abilica.com\/no\/styrke\/smaprodukter\/abilica-premium-wallbar-dipshandle\/#primaryimage\"},\"thumbnailUrl\":\"https:\/\/abilica.com\/wp-content\/uploads\/2026\/02\/418519_Abilica-Premium-WallBar-Dips-Handle_01.jpg\",\"datePublished\":\"2026-02-04T11:13:47+00:00\",\"dateModified\":\"2026-02-26T15:38:45+00:00\",\"breadcrumb\":{\"@id\":\"https:\/\/abilica.com\/no\/styrke\/smaprodukter\/abilica-premium-wallbar-dipshandle\/#breadcrumb\"},\"inLanguage\":\"nb-NO\",\"potentialAction\":[{\"@type\":\"ReadAction\",\"target\":[\"https:\/\/abilica.com\/no\/styrke\/smaprodukter\/abilica-premium-wallbar-dipshandle\/\"]}]},{\"@type\":\"ImageObject\",\"inLanguage\":\"nb-NO\",\"@id\":\"https:\/\/abilica.com\/no\/styrke\/smaprodukter\/abilica-premium-wallbar-dipshandle\/#primaryimage\",\"url\":\"https:\/\/abilica.com\/wp-content\/uploads\/2026\/02\/418519_Abilica-Premium-WallBar-Dips-Handle_01.jpg\",\"contentUrl\":\"https:\/\/abilica.com\/wp-content\/uploads\/2026\/02\/418519_Abilica-Premium-WallBar-Dips-Handle_01.jpg\",\"width\":1200,\"height\":1200},{\"@type\":\"BreadcrumbList\",\"@id\":\"https:\/\/abilica.com\/no\/styrke\/smaprodukter\/abilica-premium-wallbar-dipshandle\/#breadcrumb\",\"itemListElement\":[{\"@type\":\"ListItem\",\"position\":1,\"name\":\"Hem\",\"item\":\"https:\/\/abilica.com\/no\/\"},{\"@type\":\"ListItem\",\"position\":2,\"name\":\"Produkter\",\"item\":\"https:\/\/abilica.com\/no\/shop-2\/\"},{\"@type\":\"ListItem\",\"position\":3,\"name\":\"Abilica Premium WallBar DipsHandle\"}]},{\"@type\":\"WebSite\",\"@id\":\"https:\/\/abilica.com\/#website\",\"url\":\"https:\/\/abilica.com\/\",\"name\":\"Abilica\",\"description\":\"Abilica Home Training\",\"potentialAction\":[{\"@type\":\"SearchAction\",\"target\":{\"@type\":\"EntryPoint\",\"urlTemplate\":\"https:\/\/abilica.com\/?s={search_term_string}\"},\"query-input\":{\"@type\":\"PropertyValueSpecification\",\"valueRequired\":true,\"valueName\":\"search_term_string\"}}],\"inLanguage\":\"nb-NO\"}]}<\/script>\n<!-- \/ Yoast SEO Premium plugin. -->","yoast_head_json":{"title":"Abilica Premium WallBar DipsHandle Abilica","robots":{"index":"index","follow":"follow","max-snippet":"max-snippet:-1","max-image-preview":"max-image-preview:large","max-video-preview":"max-video-preview:-1"},"canonical":"https:\/\/abilica.com\/no\/styrke\/smaprodukter\/abilica-premium-wallbar-dipshandle\/","og_locale":"nb_NO","og_type":"article","og_title":"Abilica Premium WallBar DipsHandle","og_description":"Abilica WallBar Dips Handle er et funksjonelt tilleggsutstyr til Abilica Premium WallBar som gir deg...","og_url":"https:\/\/abilica.com\/no\/styrke\/smaprodukter\/abilica-premium-wallbar-dipshandle\/","og_site_name":"Abilica","article_publisher":"https:\/\/www.facebook.com\/abilicahometraining\/","article_modified_time":"2026-02-26T15:38:45+00:00","og_image":[{"width":1200,"height":1200,"url":"https:\/\/abilica.com\/wp-content\/uploads\/2026\/02\/418519_Abilica-Premium-WallBar-Dips-Handle_01.jpg","type":"image\/jpeg"}],"twitter_card":"summary_large_image","twitter_misc":{"Ansl. lesetid":"1 minutt"},"schema":{"@context":"https:\/\/schema.org","@graph":[{"@type":"WebPage","@id":"https:\/\/abilica.com\/no\/styrke\/smaprodukter\/abilica-premium-wallbar-dipshandle\/","url":"https:\/\/abilica.com\/no\/styrke\/smaprodukter\/abilica-premium-wallbar-dipshandle\/","name":"Abilica Premium WallBar DipsHandle Abilica","isPartOf":{"@id":"https:\/\/abilica.com\/#website"},"primaryImageOfPage":{"@id":"https:\/\/abilica.com\/no\/styrke\/smaprodukter\/abilica-premium-wallbar-dipshandle\/#primaryimage"},"image":{"@id":"https:\/\/abilica.com\/no\/styrke\/smaprodukter\/abilica-premium-wallbar-dipshandle\/#primaryimage"},"thumbnailUrl":"https:\/\/abilica.com\/wp-content\/uploads\/2026\/02\/418519_Abilica-Premium-WallBar-Dips-Handle_01.jpg","datePublished":"2026-02-04T11:13:47+00:00","dateModified":"2026-02-26T15:38:45+00:00","breadcrumb":{"@id":"https:\/\/abilica.com\/no\/styrke\/smaprodukter\/abilica-premium-wallbar-dipshandle\/#breadcrumb"},"inLanguage":"nb-NO","potentialAction":[{"@type":"ReadAction","target":["https:\/\/abilica.com\/no\/styrke\/smaprodukter\/abilica-premium-wallbar-dipshandle\/"]}]},{"@type":"ImageObject","inLanguage":"nb-NO","@id":"https:\/\/abilica.com\/no\/styrke\/smaprodukter\/abilica-premium-wallbar-dipshandle\/#primaryimage","url":"https:\/\/abilica.com\/wp-content\/uploads\/2026\/02\/418519_Abilica-Premium-WallBar-Dips-Handle_01.jpg","contentUrl":"https:\/\/abilica.com\/wp-content\/uploads\/2026\/02\/418519_Abilica-Premium-WallBar-Dips-Handle_01.jpg","width":1200,"height":1200},{"@type":"BreadcrumbList","@id":"https:\/\/abilica.com\/no\/styrke\/smaprodukter\/abilica-premium-wallbar-dipshandle\/#breadcrumb","itemListElement":[{"@type":"ListItem","position":1,"name":"Hem","item":"https:\/\/abilica.com\/no\/"},{"@type":"ListItem","position":2,"name":"Produkter","item":"https:\/\/abilica.com\/no\/shop-2\/"},{"@type":"ListItem","position":3,"name":"Abilica Premium WallBar DipsHandle"}]},{"@type":"WebSite","@id":"https:\/\/abilica.com\/#website","url":"https:\/\/abilica.com\/","name":"Abilica","description":"Abilica Home Training","potentialAction":[{"@type":"SearchAction","target":{"@type":"EntryPoint","urlTemplate":"https:\/\/abilica.com\/?s={search_term_string}"},"query-input":{"@type":"PropertyValueSpecification","valueRequired":true,"valueName":"search_term_string"}}],"inLanguage":"nb-NO"}]}},"_links":{"self":[{"href":"https:\/\/abilica.com\/no\/wp-json\/wp\/v2\/product\/71119","targetHints":{"allow":["GET"]}}],"collection":[{"href":"https:\/\/abilica.com\/no\/wp-json\/wp\/v2\/product"}],"about":[{"href":"https:\/\/abilica.com\/no\/wp-json\/wp\/v2\/types\/product"}],"wp:featuredmedia":[{"embeddable":true,"href":"https:\/\/abilica.com\/no\/wp-json\/wp\/v2\/media\/71120"}],"wp:attachment":[{"href":"https:\/\/abilica.com\/no\/wp-json\/wp\/v2\/media?parent=71119"}],"wp:term":[{"taxonomy":"product_brand","embeddable":true,"href":"https:\/\/abilica.com\/no\/wp-json\/wp\/v2\/product_brand?post=71119"},{"taxonomy":"product_cat","embeddable":true,"href":"https:\/\/abilica.com\/no\/wp-json\/wp\/v2\/product_cat?post=71119"},{"taxonomy":"product_tag","embeddable":true,"href":"https:\/\/abilica.com\/no\/wp-json\/wp\/v2\/product_tag?post=71119"}],"curies":[{"name":"wp","href":"https:\/\/api.w.org\/{rel}","templated":true}]}}