{"id":89085,"date":"2026-03-17T09:57:22","date_gmt":"2026-03-17T08:57:22","guid":{"rendered":"https:\/\/abilica.com\/?post_type=product&#038;p=89085"},"modified":"2026-03-17T10:07:37","modified_gmt":"2026-03-17T09:07:37","slug":"abilica-electric-pump","status":"publish","type":"product","link":"https:\/\/abilica.com\/no\/kondisjon\/airtracks\/abilica-electric-pump\/","title":{"rendered":"Abilica Electric Pump"},"content":{"rendered":"<p>Elektrisk pumpe med 3 ulike ventiler. Anbefales til st\u00f8rre Abilica AirTracks. Den ene ventilen er en standard ventil for AirTracks og passer ogs\u00e5 ofte til bla. SUP brett og gummi b\u00e5ter. Denne pumpen kan ogs\u00e5 brukes til \u00e5 ta ut luften, raskt og effektivt. <span class=\"Apple-converted-space\">\u00a0<\/span><\/p>\n<p><b>Spesifikasjoner<br \/>\n<\/b>Leveres med 3 ulike ventiler <span class=\"Apple-converted-space\"><br \/>\n<\/span>Ledning: 1,5 m lang<br \/>\nMateriale: ABS<br \/>\nSpenning: 220-240 V<br \/>\nEffekt: 600 W \u00b1 10%<span class=\"Apple-converted-space\"><br \/>\n<\/span>St\u00f8yniv\u00e5: &lt; 80 db<span class=\"Apple-converted-space\"><br \/>\n<\/span>Lufttrykk: 2,3 PSI<span class=\"Apple-converted-space\">\u00a0<\/span><\/p>\n","protected":false},"excerpt":{"rendered":"<p>Elektrisk pumpe med 3 ulike ventiler. Anbefales til st\u00f8rre Abilica AirTracks. Den ene ventilen er&#8230;<\/p>\n","protected":false},"featured_media":89095,"template":"","meta":{"_acf_changed":false},"product_brand":[],"product_cat":[469,426,423,422,429,444],"product_tag":[179],"class_list":{"0":"post-89085","1":"product","2":"type-product","3":"status-publish","4":"has-post-thumbnail","6":"product_cat-airtracks","7":"product_cat-kondisjon","8":"product_cat-smaprodukter","9":"product_cat-styrke","10":"product_cat-tilbehor","11":"product_cat-treningsmatte","12":"product_tag-summer-workout","14":"first","15":"instock","16":"product-type-simple"},"acf":[],"yoast_head":"<!-- This site is optimized with the Yoast SEO Premium plugin v21.1 (Yoast SEO v25.4) - https:\/\/yoast.com\/wordpress\/plugins\/seo\/ -->\n<title>Abilica Electric Pump Abilica<\/title>\n<meta name=\"robots\" content=\"index, follow, max-snippet:-1, max-image-preview:large, max-video-preview:-1\" \/>\n<link rel=\"canonical\" href=\"https:\/\/abilica.com\/no\/kondisjon\/airtracks\/abilica-electric-pump\/\" \/>\n<meta property=\"og:locale\" content=\"nb_NO\" \/>\n<meta property=\"og:type\" content=\"article\" \/>\n<meta property=\"og:title\" content=\"Abilica Electric Pump\" \/>\n<meta property=\"og:description\" content=\"Elektrisk pumpe med 3 ulike ventiler. Anbefales til st\u00f8rre Abilica AirTracks. Den ene ventilen er...\" \/>\n<meta property=\"og:url\" content=\"https:\/\/abilica.com\/no\/kondisjon\/airtracks\/abilica-electric-pump\/\" \/>\n<meta property=\"og:site_name\" content=\"Abilica\" \/>\n<meta property=\"article:publisher\" content=\"https:\/\/www.facebook.com\/abilicahometraining\/\" \/>\n<meta property=\"article:modified_time\" content=\"2026-03-17T09:07:37+00:00\" \/>\n<meta property=\"og:image\" content=\"https:\/\/abilica.com\/wp-content\/uploads\/2026\/03\/419268_Abilica_Electric_Pump_2.jpg\" \/>\n\t<meta property=\"og:image:width\" content=\"1200\" \/>\n\t<meta property=\"og:image:height\" content=\"1200\" \/>\n\t<meta property=\"og:image:type\" content=\"image\/jpeg\" \/>\n<meta name=\"twitter:card\" content=\"summary_large_image\" \/>\n<script type=\"application\/ld+json\" class=\"yoast-schema-graph\">{\"@context\":\"https:\/\/schema.org\",\"@graph\":[{\"@type\":\"WebPage\",\"@id\":\"https:\/\/abilica.com\/no\/kondisjon\/airtracks\/abilica-electric-pump\/\",\"url\":\"https:\/\/abilica.com\/no\/kondisjon\/airtracks\/abilica-electric-pump\/\",\"name\":\"Abilica Electric Pump Abilica\",\"isPartOf\":{\"@id\":\"https:\/\/abilica.com\/#website\"},\"primaryImageOfPage\":{\"@id\":\"https:\/\/abilica.com\/no\/kondisjon\/airtracks\/abilica-electric-pump\/#primaryimage\"},\"image\":{\"@id\":\"https:\/\/abilica.com\/no\/kondisjon\/airtracks\/abilica-electric-pump\/#primaryimage\"},\"thumbnailUrl\":\"https:\/\/abilica.com\/wp-content\/uploads\/2026\/03\/419268_Abilica_Electric_Pump_2.jpg\",\"datePublished\":\"2026-03-17T08:57:22+00:00\",\"dateModified\":\"2026-03-17T09:07:37+00:00\",\"breadcrumb\":{\"@id\":\"https:\/\/abilica.com\/no\/kondisjon\/airtracks\/abilica-electric-pump\/#breadcrumb\"},\"inLanguage\":\"nb-NO\",\"potentialAction\":[{\"@type\":\"ReadAction\",\"target\":[\"https:\/\/abilica.com\/no\/kondisjon\/airtracks\/abilica-electric-pump\/\"]}]},{\"@type\":\"ImageObject\",\"inLanguage\":\"nb-NO\",\"@id\":\"https:\/\/abilica.com\/no\/kondisjon\/airtracks\/abilica-electric-pump\/#primaryimage\",\"url\":\"https:\/\/abilica.com\/wp-content\/uploads\/2026\/03\/419268_Abilica_Electric_Pump_2.jpg\",\"contentUrl\":\"https:\/\/abilica.com\/wp-content\/uploads\/2026\/03\/419268_Abilica_Electric_Pump_2.jpg\",\"width\":1200,\"height\":1200},{\"@type\":\"BreadcrumbList\",\"@id\":\"https:\/\/abilica.com\/no\/kondisjon\/airtracks\/abilica-electric-pump\/#breadcrumb\",\"itemListElement\":[{\"@type\":\"ListItem\",\"position\":1,\"name\":\"Hem\",\"item\":\"https:\/\/abilica.com\/no\/\"},{\"@type\":\"ListItem\",\"position\":2,\"name\":\"Produkter\",\"item\":\"https:\/\/abilica.com\/no\/shop-2\/\"},{\"@type\":\"ListItem\",\"position\":3,\"name\":\"Abilica Electric Pump\"}]},{\"@type\":\"WebSite\",\"@id\":\"https:\/\/abilica.com\/#website\",\"url\":\"https:\/\/abilica.com\/\",\"name\":\"Abilica\",\"description\":\"Abilica Home Training\",\"potentialAction\":[{\"@type\":\"SearchAction\",\"target\":{\"@type\":\"EntryPoint\",\"urlTemplate\":\"https:\/\/abilica.com\/?s={search_term_string}\"},\"query-input\":{\"@type\":\"PropertyValueSpecification\",\"valueRequired\":true,\"valueName\":\"search_term_string\"}}],\"inLanguage\":\"nb-NO\"}]}<\/script>\n<!-- \/ Yoast SEO Premium plugin. -->","yoast_head_json":{"title":"Abilica Electric Pump Abilica","robots":{"index":"index","follow":"follow","max-snippet":"max-snippet:-1","max-image-preview":"max-image-preview:large","max-video-preview":"max-video-preview:-1"},"canonical":"https:\/\/abilica.com\/no\/kondisjon\/airtracks\/abilica-electric-pump\/","og_locale":"nb_NO","og_type":"article","og_title":"Abilica Electric Pump","og_description":"Elektrisk pumpe med 3 ulike ventiler. Anbefales til st\u00f8rre Abilica AirTracks. Den ene ventilen er...","og_url":"https:\/\/abilica.com\/no\/kondisjon\/airtracks\/abilica-electric-pump\/","og_site_name":"Abilica","article_publisher":"https:\/\/www.facebook.com\/abilicahometraining\/","article_modified_time":"2026-03-17T09:07:37+00:00","og_image":[{"width":1200,"height":1200,"url":"https:\/\/abilica.com\/wp-content\/uploads\/2026\/03\/419268_Abilica_Electric_Pump_2.jpg","type":"image\/jpeg"}],"twitter_card":"summary_large_image","schema":{"@context":"https:\/\/schema.org","@graph":[{"@type":"WebPage","@id":"https:\/\/abilica.com\/no\/kondisjon\/airtracks\/abilica-electric-pump\/","url":"https:\/\/abilica.com\/no\/kondisjon\/airtracks\/abilica-electric-pump\/","name":"Abilica Electric Pump Abilica","isPartOf":{"@id":"https:\/\/abilica.com\/#website"},"primaryImageOfPage":{"@id":"https:\/\/abilica.com\/no\/kondisjon\/airtracks\/abilica-electric-pump\/#primaryimage"},"image":{"@id":"https:\/\/abilica.com\/no\/kondisjon\/airtracks\/abilica-electric-pump\/#primaryimage"},"thumbnailUrl":"https:\/\/abilica.com\/wp-content\/uploads\/2026\/03\/419268_Abilica_Electric_Pump_2.jpg","datePublished":"2026-03-17T08:57:22+00:00","dateModified":"2026-03-17T09:07:37+00:00","breadcrumb":{"@id":"https:\/\/abilica.com\/no\/kondisjon\/airtracks\/abilica-electric-pump\/#breadcrumb"},"inLanguage":"nb-NO","potentialAction":[{"@type":"ReadAction","target":["https:\/\/abilica.com\/no\/kondisjon\/airtracks\/abilica-electric-pump\/"]}]},{"@type":"ImageObject","inLanguage":"nb-NO","@id":"https:\/\/abilica.com\/no\/kondisjon\/airtracks\/abilica-electric-pump\/#primaryimage","url":"https:\/\/abilica.com\/wp-content\/uploads\/2026\/03\/419268_Abilica_Electric_Pump_2.jpg","contentUrl":"https:\/\/abilica.com\/wp-content\/uploads\/2026\/03\/419268_Abilica_Electric_Pump_2.jpg","width":1200,"height":1200},{"@type":"BreadcrumbList","@id":"https:\/\/abilica.com\/no\/kondisjon\/airtracks\/abilica-electric-pump\/#breadcrumb","itemListElement":[{"@type":"ListItem","position":1,"name":"Hem","item":"https:\/\/abilica.com\/no\/"},{"@type":"ListItem","position":2,"name":"Produkter","item":"https:\/\/abilica.com\/no\/shop-2\/"},{"@type":"ListItem","position":3,"name":"Abilica Electric Pump"}]},{"@type":"WebSite","@id":"https:\/\/abilica.com\/#website","url":"https:\/\/abilica.com\/","name":"Abilica","description":"Abilica Home Training","potentialAction":[{"@type":"SearchAction","target":{"@type":"EntryPoint","urlTemplate":"https:\/\/abilica.com\/?s={search_term_string}"},"query-input":{"@type":"PropertyValueSpecification","valueRequired":true,"valueName":"search_term_string"}}],"inLanguage":"nb-NO"}]}},"_links":{"self":[{"href":"https:\/\/abilica.com\/no\/wp-json\/wp\/v2\/product\/89085","targetHints":{"allow":["GET"]}}],"collection":[{"href":"https:\/\/abilica.com\/no\/wp-json\/wp\/v2\/product"}],"about":[{"href":"https:\/\/abilica.com\/no\/wp-json\/wp\/v2\/types\/product"}],"wp:featuredmedia":[{"embeddable":true,"href":"https:\/\/abilica.com\/no\/wp-json\/wp\/v2\/media\/89095"}],"wp:attachment":[{"href":"https:\/\/abilica.com\/no\/wp-json\/wp\/v2\/media?parent=89085"}],"wp:term":[{"taxonomy":"product_brand","embeddable":true,"href":"https:\/\/abilica.com\/no\/wp-json\/wp\/v2\/product_brand?post=89085"},{"taxonomy":"product_cat","embeddable":true,"href":"https:\/\/abilica.com\/no\/wp-json\/wp\/v2\/product_cat?post=89085"},{"taxonomy":"product_tag","embeddable":true,"href":"https:\/\/abilica.com\/no\/wp-json\/wp\/v2\/product_tag?post=89085"}],"curies":[{"name":"wp","href":"https:\/\/api.w.org\/{rel}","templated":true}]}}