{"id":15,"date":"2016-04-11T13:16:29","date_gmt":"2016-04-11T13:16:29","guid":{"rendered":"http:\/\/import.getbowtied.com\/merchandiser-v1.1\/?page_id=15"},"modified":"2019-06-11T08:29:49","modified_gmt":"2019-06-11T07:29:49","slug":"forsiden","status":"publish","type":"page","link":"https:\/\/abilica.com\/sv\/home\/forsiden\/","title":{"rendered":"Forsiden"},"content":{"rendered":"<div class=\"wpb-content-wrapper\"><p>[vc_row full_width=&#8221;stretch_row_content_no_spaces&#8221; full_height=&#8221;yes&#8221; content_placement=&#8221;middle&#8221; css=&#8221;.vc_custom_1560238186474{background-image: url(https:\/\/abilica.com\/se\/wp-content\/uploads\/2019\/06\/active.jpg?id=24378) !important;background-position: center !important;background-repeat: no-repeat !important;background-size: cover !important;}&#8221;][vc_column][vc_column_text]<\/p>\n<h1 style=\"text-align: center;\"><a href=\"https:\/\/abilica.com\/se\/active\/\"><span style=\"color: #ffffff;\">ACTIVE<\/span><\/a><\/h1>\n<p>[\/vc_column_text][\/vc_column][\/vc_row][vc_row full_width=&#8221;stretch_row_content_no_spaces&#8221; full_height=&#8221;yes&#8221; content_placement=&#8221;middle&#8221; css=&#8221;.vc_custom_1559563978190{background-image: url(https:\/\/abilica.com\/se\/wp-content\/uploads\/2019\/06\/training-1.jpg?id=23925) !important;background-position: center !important;background-repeat: no-repeat !important;background-size: cover !important;}&#8221;][vc_column][vc_column_text]<\/p>\n<h1 style=\"text-align: center;\"><a href=\"https:\/\/abilica.com\/se\/training\/\"><span style=\"color: #ffffff;\">TRAINING<\/span><\/a><\/h1>\n<p>[\/vc_column_text][\/vc_column][\/vc_row][vc_row][vc_column][vc_empty_space height=&#8221;45px&#8221;][\/vc_column][\/vc_row][vc_row full_width=&#8221;stretch_row_content&#8221;][vc_column width=&#8221;1\/6&#8243;][vc_single_image image=&#8221;23926&#8243; img_size=&#8221;full&#8221; alignment=&#8221;center&#8221;][vc_column_text]<\/p>\n<p style=\"text-align: center;\"><a href=\"https:\/\/abilica.com\/se\/kondition\/lopband\/\"><strong>L\u00d6PBAND<\/strong><\/a><\/p>\n<p>[\/vc_column_text][\/vc_column][vc_column width=&#8221;1\/6&#8243;][vc_single_image image=&#8221;23875&#8243; img_size=&#8221;full&#8221; alignment=&#8221;center&#8221;][vc_column_text]<\/p>\n<p style=\"text-align: center;\"><a href=\"https:\/\/abilica.com\/se\/styrka\/gummiband\/\"><strong>GUMMIBAND<\/strong><\/a><\/p>\n<p>[\/vc_column_text][\/vc_column][vc_column width=&#8221;1\/6&#8243;][vc_single_image image=&#8221;23935&#8243; img_size=&#8221;full&#8221; alignment=&#8221;center&#8221;][vc_column_text]<\/p>\n<p style=\"text-align: center;\"><a href=\"https:\/\/abilica.com\/se\/yoga\/\"><strong>YOGA<\/strong><\/a><\/p>\n<p>[\/vc_column_text][\/vc_column][vc_column width=&#8221;1\/6&#8243;][vc_single_image image=&#8221;23932&#8243; img_size=&#8221;full&#8221; alignment=&#8221;center&#8221;][vc_column_text]<\/p>\n<p style=\"text-align: center;\"><a href=\"https:\/\/abilica.com\/se\/styrka\/skivor-och-stanger\/\"><strong>VIKTER<\/strong><\/a><\/p>\n<p>[\/vc_column_text][\/vc_column][vc_column width=&#8221;1\/6&#8243;][vc_single_image image=&#8221;23929&#8243; img_size=&#8221;full&#8221; alignment=&#8221;center&#8221;][vc_column_text]<\/p>\n<p style=\"text-align: center;\"><a href=\"https:\/\/abilica.com\/se\/styrka\/mattor-styrka\/\"><strong>MATTOR<\/strong><\/a><\/p>\n<p>[\/vc_column_text][\/vc_column][vc_column width=&#8221;1\/6&#8243;][vc_single_image image=&#8221;23874&#8243; img_size=&#8221;full&#8221; alignment=&#8221;center&#8221;][vc_column_text]<\/p>\n<p style=\"text-align: center;\"><a href=\"https:\/\/abilica.com\/se\/kondition\/crosstrainers\/\"><strong>CROSSTRAINER<\/strong><\/a><\/p>\n<p>[\/vc_column_text][\/vc_column][\/vc_row][vc_row][vc_column][vc_empty_space height=&#8221;20px&#8221;][vc_empty_space height=&#8221;20px&#8221;][vc_empty_space height=&#8221;20px&#8221;][vc_column_text css_animation=&#8221;fadeInUp&#8221;]<\/p>\n<h1 style=\"text-align: center;\"><span style=\"color: #000000;\">TR\u00c4NINGSARTIKLAR<\/span><\/h1>\n<p>[\/vc_column_text][\/vc_column][\/vc_row][vc_row full_width=&#8221;stretch_row_content&#8221; css=&#8221;.vc_custom_1494504612269{background-position: center !important;background-repeat: no-repeat !important;background-size: cover !important;}&#8221;][vc_column width=&#8221;1\/4&#8243;][vc_single_image image=&#8221;23930&#8243; img_size=&#8221;full&#8221; alignment=&#8221;center&#8221; onclick=&#8221;custom_link&#8221; img_link_target=&#8221;_blank&#8221; css_animation=&#8221;fadeInUp&#8221; link=&#8221;http:\/\/www.hemmatraningsbloggen.se\/styrka\/hemmatraning-med-viktvast\/&#8221;][vc_column_text css_animation=&#8221;fadeInUp&#8221;]<\/p>\n<h4 style=\"text-align: center;\"><a href=\"http:\/\/www.hemmatraningsbloggen.se\/styrka\/hemmatraning-med-viktvast\/\" target=\"_blank\" rel=\"noopener\">Hemmatr\u00e4ning med viktv\u00e4st<\/a><\/h4>\n<p>[\/vc_column_text][\/vc_column][vc_column width=&#8221;1\/4&#8243;][vc_single_image image=&#8221;22545&#8243; img_size=&#8221;full&#8221; alignment=&#8221;center&#8221; onclick=&#8221;custom_link&#8221; img_link_target=&#8221;_blank&#8221; css_animation=&#8221;fadeInUp&#8221; link=&#8221;http:\/\/www.hemmatraningsbloggen.se\/kondition\/trana-hemma-pa-roddmaskin\/&#8221;][vc_column_text css_animation=&#8221;fadeInUp&#8221;]<\/p>\n<h4 style=\"text-align: center;\"><a href=\"http:\/\/www.hemmatraningsbloggen.se\/kondition\/trana-hemma-pa-roddmaskin\/\">Tr\u00e4na hemma p\u00e5 roddmaskin<\/a><\/h4>\n<p>[\/vc_column_text][\/vc_column][vc_column width=&#8221;1\/4&#8243;][vc_single_image image=&#8221;23920&#8243; img_size=&#8221;full&#8221; alignment=&#8221;center&#8221; onclick=&#8221;custom_link&#8221; img_link_target=&#8221;_blank&#8221; css_animation=&#8221;fadeInUp&#8221; link=&#8221;http:\/\/www.hemmatraningsbloggen.se\/kondition\/fa-mest-mojligt-ut-av-ditt-lopband\/&#8221;][vc_column_text css_animation=&#8221;fadeInUp&#8221;]<\/p>\n<h4 style=\"text-align: center;\"><a href=\"http:\/\/www.hemmatraningsbloggen.se\/kondition\/fa-mest-mojligt-ut-av-ditt-lopband\/\" target=\"_blank\" rel=\"noopener\">F\u00e5 mest m\u00f6jligt ut av ditt l\u00f6pband<\/a><\/h4>\n<p>[\/vc_column_text][\/vc_column][vc_column width=&#8221;1\/4&#8243;][vc_single_image image=&#8221;22532&#8243; img_size=&#8221;full&#8221; alignment=&#8221;center&#8221; onclick=&#8221;custom_link&#8221; img_link_target=&#8221;_blank&#8221; css_animation=&#8221;fadeInUp&#8221; link=&#8221;http:\/\/www.hemmatraningsbloggen.se\/yoga\/trana-yoga-med-abilica-yogawheel\/&#8221;][vc_column_text css_animation=&#8221;fadeInUp&#8221;]<\/p>\n<h4 style=\"text-align: center;\"><a href=\"http:\/\/www.hemmatraningsbloggen.se\/yoga\/trana-yoga-med-abilica-yogawheel\/\" target=\"_blank\" rel=\"noopener\">Tr\u00e4na yoga med YogaWheel<\/a><\/h4>\n<p>[\/vc_column_text][\/vc_column][\/vc_row][vc_row][vc_column][vc_btn title=&#8221;Se flera tr\u00e4ningsartiklar&#8221; style=&#8221;flat&#8221; color=&#8221;black&#8221; align=&#8221;center&#8221; css_animation=&#8221;fadeInUp&#8221; link=&#8221;url:http%3A%2F%2Fwww.hemmatraningsbloggen.se||target:%20_blank|&#8221;][vc_empty_space height=&#8221;65px&#8221;][\/vc_column][\/vc_row]<\/p>\n<\/div>","protected":false},"excerpt":{"rendered":"<p>[vc_row full_width=&#8221;stretch_row_content_no_spaces&#8221; full_height=&#8221;yes&#8221; content_placement=&#8221;middle&#8221; css=&#8221;.vc_custom_1560238186474{background-image: url(https:\/\/abilica.com\/se\/wp-content\/uploads\/2019\/06\/active.jpg?id=24378) !important;background-position: center !important;background-repeat: no-repeat !important;background-size: cover !important;}&#8221;][vc_column][vc_column_text] ACTIVE [\/vc_column_text][\/vc_column][\/vc_row][vc_row&#8230;<\/p>\n","protected":false},"author":2,"featured_media":0,"parent":13,"menu_order":0,"comment_status":"closed","ping_status":"closed","template":"","meta":{"_acf_changed":false,"footnotes":""},"class_list":["post-15","page","type-page","status-publish","hentry"],"acf":[],"yoast_head":"<!-- This site is optimized with the Yoast SEO Premium plugin v21.1 (Yoast SEO v25.4) - https:\/\/yoast.com\/wordpress\/plugins\/seo\/ -->\n<title>Abilica Home Training - Tr\u00e4ningsutrustning f\u00f6r hemmatr\u00e4ning<\/title>\n<meta name=\"description\" content=\"Shoppa tr\u00e4ningsutrustning f\u00f6r hemmatr\u00e4ning hos Abilica. L\u00f6pband, spinningcyklar, tr\u00e4ningsband, viktv\u00e4st, crosstrainer med mer.\" \/>\n<meta name=\"robots\" content=\"index, follow, max-snippet:-1, max-image-preview:large, max-video-preview:-1\" \/>\n<link rel=\"canonical\" href=\"https:\/\/abilica.com\/sv\/home\/forsiden\/\" \/>\n<meta property=\"og:locale\" content=\"sv_SE\" \/>\n<meta property=\"og:type\" content=\"article\" \/>\n<meta property=\"og:title\" content=\"Forsiden\" \/>\n<meta property=\"og:description\" content=\"Shoppa tr\u00e4ningsutrustning f\u00f6r hemmatr\u00e4ning hos Abilica. L\u00f6pband, spinningcyklar, tr\u00e4ningsband, viktv\u00e4st, crosstrainer med mer.\" \/>\n<meta property=\"og:url\" content=\"https:\/\/abilica.com\/sv\/home\/forsiden\/\" \/>\n<meta property=\"og:site_name\" content=\"Abilica\" \/>\n<meta property=\"article:publisher\" content=\"https:\/\/www.facebook.com\/abilicahometraining\/\" \/>\n<meta property=\"article:modified_time\" content=\"2019-06-11T07:29:49+00:00\" \/>\n<meta name=\"twitter:card\" content=\"summary_large_image\" \/>\n<meta name=\"twitter:label1\" content=\"Ber\u00e4knad l\u00e4stid\" \/>\n\t<meta name=\"twitter:data1\" content=\"3 minuter\" \/>\n<script type=\"application\/ld+json\" class=\"yoast-schema-graph\">{\"@context\":\"https:\/\/schema.org\",\"@graph\":[{\"@type\":\"WebPage\",\"@id\":\"https:\/\/abilica.com\/sv\/home\/forsiden\/\",\"url\":\"https:\/\/abilica.com\/sv\/home\/forsiden\/\",\"name\":\"Abilica Home Training - Tr\u00e4ningsutrustning f\u00f6r hemmatr\u00e4ning\",\"isPartOf\":{\"@id\":\"https:\/\/abilica.com\/#website\"},\"datePublished\":\"2016-04-11T13:16:29+00:00\",\"dateModified\":\"2019-06-11T07:29:49+00:00\",\"description\":\"Shoppa tr\u00e4ningsutrustning f\u00f6r hemmatr\u00e4ning hos Abilica. L\u00f6pband, spinningcyklar, tr\u00e4ningsband, viktv\u00e4st, crosstrainer med mer.\",\"breadcrumb\":{\"@id\":\"https:\/\/abilica.com\/sv\/home\/forsiden\/#breadcrumb\"},\"inLanguage\":\"sv-SE\",\"potentialAction\":[{\"@type\":\"ReadAction\",\"target\":[\"https:\/\/abilica.com\/sv\/home\/forsiden\/\"]}]},{\"@type\":\"BreadcrumbList\",\"@id\":\"https:\/\/abilica.com\/sv\/home\/forsiden\/#breadcrumb\",\"itemListElement\":[{\"@type\":\"ListItem\",\"position\":1,\"name\":\"Hem\",\"item\":\"https:\/\/abilica.com\/sv\/\"},{\"@type\":\"ListItem\",\"position\":2,\"name\":\"Home\",\"item\":\"https:\/\/abilica.com\/sv\/home\/\"},{\"@type\":\"ListItem\",\"position\":3,\"name\":\"Forsiden\"}]},{\"@type\":\"WebSite\",\"@id\":\"https:\/\/abilica.com\/#website\",\"url\":\"https:\/\/abilica.com\/\",\"name\":\"Abilica\",\"description\":\"Abilica Home Training\",\"potentialAction\":[{\"@type\":\"SearchAction\",\"target\":{\"@type\":\"EntryPoint\",\"urlTemplate\":\"https:\/\/abilica.com\/?s={search_term_string}\"},\"query-input\":{\"@type\":\"PropertyValueSpecification\",\"valueRequired\":true,\"valueName\":\"search_term_string\"}}],\"inLanguage\":\"sv-SE\"}]}<\/script>\n<!-- \/ Yoast SEO Premium plugin. -->","yoast_head_json":{"title":"Abilica Home Training - Tr\u00e4ningsutrustning f\u00f6r hemmatr\u00e4ning","description":"Shoppa tr\u00e4ningsutrustning f\u00f6r hemmatr\u00e4ning hos Abilica. L\u00f6pband, spinningcyklar, tr\u00e4ningsband, viktv\u00e4st, crosstrainer med mer.","robots":{"index":"index","follow":"follow","max-snippet":"max-snippet:-1","max-image-preview":"max-image-preview:large","max-video-preview":"max-video-preview:-1"},"canonical":"https:\/\/abilica.com\/sv\/home\/forsiden\/","og_locale":"sv_SE","og_type":"article","og_title":"Forsiden","og_description":"Shoppa tr\u00e4ningsutrustning f\u00f6r hemmatr\u00e4ning hos Abilica. L\u00f6pband, spinningcyklar, tr\u00e4ningsband, viktv\u00e4st, crosstrainer med mer.","og_url":"https:\/\/abilica.com\/sv\/home\/forsiden\/","og_site_name":"Abilica","article_publisher":"https:\/\/www.facebook.com\/abilicahometraining\/","article_modified_time":"2019-06-11T07:29:49+00:00","twitter_card":"summary_large_image","twitter_misc":{"Ber\u00e4knad l\u00e4stid":"3 minuter"},"schema":{"@context":"https:\/\/schema.org","@graph":[{"@type":"WebPage","@id":"https:\/\/abilica.com\/sv\/home\/forsiden\/","url":"https:\/\/abilica.com\/sv\/home\/forsiden\/","name":"Abilica Home Training - Tr\u00e4ningsutrustning f\u00f6r hemmatr\u00e4ning","isPartOf":{"@id":"https:\/\/abilica.com\/#website"},"datePublished":"2016-04-11T13:16:29+00:00","dateModified":"2019-06-11T07:29:49+00:00","description":"Shoppa tr\u00e4ningsutrustning f\u00f6r hemmatr\u00e4ning hos Abilica. L\u00f6pband, spinningcyklar, tr\u00e4ningsband, viktv\u00e4st, crosstrainer med mer.","breadcrumb":{"@id":"https:\/\/abilica.com\/sv\/home\/forsiden\/#breadcrumb"},"inLanguage":"sv-SE","potentialAction":[{"@type":"ReadAction","target":["https:\/\/abilica.com\/sv\/home\/forsiden\/"]}]},{"@type":"BreadcrumbList","@id":"https:\/\/abilica.com\/sv\/home\/forsiden\/#breadcrumb","itemListElement":[{"@type":"ListItem","position":1,"name":"Hem","item":"https:\/\/abilica.com\/sv\/"},{"@type":"ListItem","position":2,"name":"Home","item":"https:\/\/abilica.com\/sv\/home\/"},{"@type":"ListItem","position":3,"name":"Forsiden"}]},{"@type":"WebSite","@id":"https:\/\/abilica.com\/#website","url":"https:\/\/abilica.com\/","name":"Abilica","description":"Abilica Home Training","potentialAction":[{"@type":"SearchAction","target":{"@type":"EntryPoint","urlTemplate":"https:\/\/abilica.com\/?s={search_term_string}"},"query-input":{"@type":"PropertyValueSpecification","valueRequired":true,"valueName":"search_term_string"}}],"inLanguage":"sv-SE"}]}},"_links":{"self":[{"href":"https:\/\/abilica.com\/sv\/wp-json\/wp\/v2\/pages\/15","targetHints":{"allow":["GET"]}}],"collection":[{"href":"https:\/\/abilica.com\/sv\/wp-json\/wp\/v2\/pages"}],"about":[{"href":"https:\/\/abilica.com\/sv\/wp-json\/wp\/v2\/types\/page"}],"author":[{"embeddable":true,"href":"https:\/\/abilica.com\/sv\/wp-json\/wp\/v2\/users\/2"}],"replies":[{"embeddable":true,"href":"https:\/\/abilica.com\/sv\/wp-json\/wp\/v2\/comments?post=15"}],"version-history":[{"count":0,"href":"https:\/\/abilica.com\/sv\/wp-json\/wp\/v2\/pages\/15\/revisions"}],"up":[{"embeddable":true,"href":"https:\/\/abilica.com\/sv\/wp-json\/wp\/v2\/pages\/13"}],"wp:attachment":[{"href":"https:\/\/abilica.com\/sv\/wp-json\/wp\/v2\/media?parent=15"}],"curies":[{"name":"wp","href":"https:\/\/api.w.org\/{rel}","templated":true}]}}