{"id":17011,"date":"2017-04-12T17:56:16","date_gmt":"2017-04-12T17:56:16","guid":{"rendered":"https:\/\/abilica.com\/se\/?page_id=17011"},"modified":"2017-08-17T13:05:12","modified_gmt":"2017-08-17T12:05:12","slug":"traningsprogram-till-abilica-powersling","status":"publish","type":"page","link":"https:\/\/abilica.com\/sv\/traningsprogram\/traningsprogram-till-abilica-powersling\/","title":{"rendered":"Tr\u00e4ningsprogram till Abilica PowerSling"},"content":{"rendered":"<div class=\"wpb-content-wrapper\"><p>[vc_row full_width=&#8221;stretch_row_content&#8221; full_height=&#8221;yes&#8221; columns_placement=&#8221;bottom&#8221; css=&#8221;.vc_custom_1492021675284{background-image: url(https:\/\/abilica.com\/se\/wp-content\/uploads\/2017\/04\/521400_image42.jpg?id=17026) !important;background-position: center !important;background-repeat: no-repeat !important;background-size: cover !important;}&#8221;][vc_column width=&#8221;1\/3&#8243;][\/vc_column][vc_column width=&#8221;1\/3&#8243;][vc_icon icon_fontawesome=&#8221;fa fa-angle-down&#8221; color=&#8221;white&#8221; size=&#8221;xl&#8221; align=&#8221;center&#8221;][\/vc_column][vc_column width=&#8221;1\/3&#8243;][\/vc_column][\/vc_row][vc_row][vc_column][vc_column_text]<\/p>\n<h2 style=\"text-align: left;\"><span style=\"color: #000000;\">Tr\u00e4ningsprogram till Abilica PowerSling<\/span><\/h2>\n<p style=\"text-align: left;\">Med Abilica PowerSling tr\u00e4nar du inifr\u00e5n\u00a0och ut\u00e5t med fokus p\u00e5 neuromuskul\u00e4r tr\u00e4ning av de sm\u00e5 st\u00f6dmusklerna. Detta g\u00f6r dig s\u00e5v\u00e4l stark och uth\u00e5llig som frisk.<\/p>\n<p>[\/vc_column_text][vc_empty_space][\/vc_column][\/vc_row][vc_row][vc_column][title text=&#8221;K\u00f6p PowerSling nu.&#8221; tag=&#8221;h2&#8243; text_align=&#8221;left&#8221;][\/vc_column][\/vc_row][vc_row content_placement=&#8221;middle&#8221;][vc_column width=&#8221;1\/2&#8243;][product_mod id=&#8221;2091&#8243;][\/vc_column][vc_column width=&#8221;1\/2&#8243;][\/vc_column][\/vc_row][vc_row][vc_column][vc_empty_space][vc_btn title=&#8221;Ladda hem tr\u00e4ningsprogrammet i PDF&#8221; style=&#8221;flat&#8221; color=&#8221;danger&#8221; i_icon_fontawesome=&#8221;fa fa-file-pdf-o&#8221; add_icon=&#8221;true&#8221; link=&#8221;url:http%3A%2F%2Fabilica.com\/se%2Fwp-content%2Fuploads%2F2017%2F02%2FAbilica-PowerSling.pdf|||&#8221;][\/vc_column][\/vc_row][vc_row full_height=&#8221;yes&#8221; css=&#8221;.vc_custom_1492108295473{background-position: center !important;background-repeat: no-repeat !important;background-size: cover !important;}&#8221;][vc_column css=&#8221;.vc_custom_1492691214219{margin-top: 0px !important;border-top-width: 0px !important;padding-top: 0px !important;}&#8221;][vc_column_text]<\/p>\n<h2 style=\"text-align: left;\"><\/h2>\n<h2>1.<\/h2>\n<p><strong>\u00d6vning:<\/strong> Armh\u00e4vningar<br \/>\n<strong>Tr\u00e4nar:<\/strong> Br\u00f6stet<br \/>\n<strong>Antal upprepningar:<\/strong> 8 x 3<\/p>\n<p>Placera h\u00e4nderna i bandet p\u00e5 raka armar och ha f\u00f6tterna p\u00e5 golvet. Ha g\u00e4rna kn\u00e4na i golvet om det \u00e4r f\u00f6r tungt. B\u00f6j armarna tills armb\u00e5gen \u00e4r i 90 grader. Sp\u00e4nn magen och h\u00e5ll ryggen rak. Du kan ocks\u00e5 reglera l\u00e4ngden p\u00e5 bandet s\u00e5 att de blir lite kortare eller r\u00f6ra dig fram\u00e5t i \u00f6glorna f\u00f6r att g\u00f6ra det l\u00e4ttare.[\/vc_column_text][vc_single_image image=&#8221;17024&#8243; img_size=&#8221;full&#8221; alignment=&#8221;center&#8221;][\/vc_column][\/vc_row][vc_row][vc_column][vc_column_text]<\/p>\n<h2 style=\"text-align: left;\">2.<\/h2>\n<p><strong>\u00d6vning:<\/strong> L\u00e5rb\u00f6j<br \/>\n<strong>Tr\u00e4nar:<\/strong> Baksida l\u00e5r och s\u00e4te<br \/>\n<strong>Antal upprepningar:<\/strong> 8 x 3<\/p>\n<p>Ligg p\u00e5 rygg med f\u00f6tterna i bandet. Lyft upp rumpan fr\u00e5n golvet och dra f\u00f6tterna mot dig. F\u00f6rs\u00f6k h\u00e5lla rumpan uppe och ryggen rak hela tiden. Ju l\u00e4ngre bak i bandet du ligger, desto l\u00e4ttare \u00e4r det.[\/vc_column_text][vc_single_image image=&#8221;17033&#8243; img_size=&#8221;full&#8221; alignment=&#8221;center&#8221;][\/vc_column][\/vc_row][vc_row][vc_column][vc_column_text]<\/p>\n<h2 style=\"text-align: left;\"><\/h2>\n<h2>3.<\/h2>\n<p><strong>\u00d6vning<\/strong>: Mag\u00f6vning<br \/>\n<strong>Tr\u00e4nar<\/strong>: Mage<br \/>\n<strong>Antal upprepningar<\/strong>: 8 x 3<\/p>\n<p>Ligg p\u00e5 mage och placera f\u00f6tterna i bandet. G\u00e5 upp p\u00e5 armb\u00e5garna och h\u00e5ll kroppen rak. Dra in kn\u00e4na mot magen och g\u00e5 sedan sakta tillbaka till rak kropp. Sp\u00e4nn magen hela tiden s\u00e5 att du har kontroll \u00f6ver ryggen. Ju l\u00e4ngre bak i bandet du ligger, desto l\u00e4ttare \u00e4r det.[\/vc_column_text][vc_single_image image=&#8221;17043&#8243; img_size=&#8221;full&#8221; alignment=&#8221;center&#8221;][\/vc_column][\/vc_row][vc_row full_width=&#8221;stretch_row_content&#8221; full_height=&#8221;yes&#8221; css=&#8221;.vc_custom_1492021242428{background-image: url(https:\/\/abilica.com\/se\/wp-content\/uploads\/2017\/04\/521400_image37.jpg?id=17038) !important;background-position: center !important;background-repeat: no-repeat !important;background-size: cover !important;}&#8221;][vc_column][\/vc_column][\/vc_row][vc_row][vc_column][vc_column_text]<\/p>\n<h2 style=\"text-align: left;\">4.<\/h2>\n<p><strong>\u00d6vning<\/strong>: Sned mag\u00f6vning<br \/>\n<strong>Tr\u00e4nar<\/strong>: Mage<br \/>\n<strong>Antal upprepningar<\/strong>: 8 x 3<\/p>\n<p>Ligg p\u00e5 mage och placera f\u00f6tterna i bandet. G\u00e5 upp p\u00e5 armb\u00e5garna och h\u00e5ll kroppen rak. Dra ut kn\u00e4na mot sidorna s\u00e5 l\u00e5ngt fram som du klarar. Sp\u00e4nn magen hela tiden s\u00e5 att du har kontroll \u00f6ver ryggen. Ju l\u00e4ngre bak i bandet du ligger, desto l\u00e4ttare \u00e4r det.[\/vc_column_text][vc_single_image image=&#8221;17040&#8243; img_size=&#8221;full&#8221; alignment=&#8221;center&#8221;][\/vc_column][\/vc_row][vc_row][vc_column][vc_column_text]<\/p>\n<h2 style=\"text-align: left;\">5.<\/h2>\n<p><strong>\u00d6vning<\/strong>: Tricepspress<br \/>\n<strong>Tr\u00e4nar<\/strong>: Triceps (baksida arm)<br \/>\n<strong>Antal upprepningar<\/strong>: 8 x 3<\/p>\n<p>St\u00e5 uppr\u00e4tt i bandet och luta din vikt fram\u00e5t. B\u00f6j armarna och se till att armb\u00e5garna pekar fram\u00e5t. Str\u00e4ck sedan ut armarna genom att endast r\u00e4ta ut armb\u00e5gsleden. H\u00e5ll axlarna stilla. Ju l\u00e4ngre fram du g\u00e5r i bandet, desto l\u00e4ttare \u00e4r det.[\/vc_column_text][vc_single_image image=&#8221;17041&#8243; img_size=&#8221;full&#8221; alignment=&#8221;center&#8221;][\/vc_column][\/vc_row][vc_row][vc_column][vc_column_text]<\/p>\n<h2 style=\"text-align: left;\">6.<\/h2>\n<p><strong>\u00d6vning<\/strong>: Pull-ups<br \/>\n<strong>Tr\u00e4nar<\/strong>: Rygg<br \/>\n<strong>Antal upprepningar<\/strong>: 8 x 3<\/p>\n<p>H\u00e4ng i bandet med ryggen mot underlaget. F\u00f6r att g\u00f6ra det l\u00e4ttare kan du b\u00f6ja kn\u00e4na och\/eller g\u00f6ra bandet kortare. Dra dig upp s\u00e5 att armb\u00e5garna pekar ut \u00e5t sidorna. F\u00f6rs\u00f6k h\u00e5lla kroppen helt stilla s\u00e5 att du endast anv\u00e4nder armarna och ryggen n\u00e4r du drar dig upp.[\/vc_column_text][vc_single_image image=&#8221;17042&#8243; img_size=&#8221;full&#8221; alignment=&#8221;center&#8221;][\/vc_column][\/vc_row][vc_row full_width=&#8221;stretch_row_content&#8221; css=&#8221;.vc_custom_1494931862695{background-color: #009ada !important;}&#8221;][vc_column][vc_empty_space height=&#8221;8px&#8221;][title text=&#8221;K\u00f6p din Abilica PowerSling nu.&#8221; tag=&#8221;h2&#8243; color=&#8221;#ffffff&#8221; text_align=&#8221;center&#8221;][vc_empty_space][\/vc_column][\/vc_row][vc_row][vc_column width=&#8221;1\/4&#8243;][\/vc_column][vc_column width=&#8221;1\/2&#8243;][product_mod id=&#8221;2091&#8243;][vc_empty_space][\/vc_column][vc_column width=&#8221;1\/4&#8243;][\/vc_column][\/vc_row][vc_row full_width=&#8221;stretch_row_content&#8221; full_height=&#8221;yes&#8221; css=&#8221;.vc_custom_1492107914905{background-image: url(https:\/\/abilica.com\/se\/wp-content\/uploads\/2017\/04\/powersling1.jpg?id=17115) !important;background-position: center !important;background-repeat: no-repeat !important;background-size: cover !important;}&#8221;][vc_column][\/vc_column][\/vc_row]<\/p>\n<\/div>","protected":false},"excerpt":{"rendered":"<p>[vc_row full_width=&#8221;stretch_row_content&#8221; full_height=&#8221;yes&#8221; columns_placement=&#8221;bottom&#8221; css=&#8221;.vc_custom_1492021675284{background-image: url(https:\/\/abilica.com\/se\/wp-content\/uploads\/2017\/04\/521400_image42.jpg?id=17026) !important;background-position: center !important;background-repeat: no-repeat !important;background-size: cover !important;}&#8221;][vc_column width=&#8221;1\/3&#8243;][\/vc_column][vc_column width=&#8221;1\/3&#8243;][vc_icon&#8230;<\/p>\n","protected":false},"author":2,"featured_media":0,"parent":3041,"menu_order":0,"comment_status":"closed","ping_status":"closed","template":"","meta":{"_acf_changed":false,"footnotes":""},"class_list":["post-17011","page","type-page","status-publish","hentry"],"acf":[],"yoast_head":"<!-- This site is optimized with the Yoast SEO Premium plugin v21.1 (Yoast SEO v25.4) - https:\/\/yoast.com\/wordpress\/plugins\/seo\/ -->\n<title>Tr\u00e4ningsprogram till Abilica PowerSling &#8226; Abilica<\/title>\n<meta name=\"robots\" content=\"index, follow, max-snippet:-1, max-image-preview:large, max-video-preview:-1\" \/>\n<link rel=\"canonical\" href=\"https:\/\/abilica.com\/sv\/traningsprogram\/traningsprogram-till-abilica-powersling\/\" \/>\n<meta property=\"og:locale\" content=\"sv_SE\" \/>\n<meta property=\"og:type\" content=\"article\" \/>\n<meta property=\"og:title\" content=\"Tr\u00e4ningsprogram till Abilica PowerSling\" \/>\n<meta property=\"og:description\" content=\"[vc_row full_width=&#8221;stretch_row_content&#8221; full_height=&#8221;yes&#8221; columns_placement=&#8221;bottom&#8221; css=&#8221;.vc_custom_1492021675284{background-image: url(https:\/\/abilica.com\/se\/wp-content\/uploads\/2017\/04\/521400_image42.jpg?id=17026) !important;background-position: center !important;background-repeat: no-repeat !important;background-size: cover !important;}&#8221;][vc_column width=&#8221;1\/3&#8243;][\/vc_column][vc_column width=&#8221;1\/3&#8243;][vc_icon...\" \/>\n<meta property=\"og:url\" content=\"https:\/\/abilica.com\/sv\/traningsprogram\/traningsprogram-till-abilica-powersling\/\" \/>\n<meta property=\"og:site_name\" content=\"Abilica\" \/>\n<meta property=\"article:publisher\" content=\"https:\/\/www.facebook.com\/abilicahometraining\/\" \/>\n<meta property=\"article:modified_time\" content=\"2017-08-17T12:05:12+00:00\" \/>\n<meta name=\"twitter:card\" content=\"summary_large_image\" \/>\n<meta name=\"twitter:label1\" content=\"Ber\u00e4knad l\u00e4stid\" \/>\n\t<meta name=\"twitter:data1\" content=\"5 minuter\" \/>\n<script type=\"application\/ld+json\" class=\"yoast-schema-graph\">{\"@context\":\"https:\/\/schema.org\",\"@graph\":[{\"@type\":\"WebPage\",\"@id\":\"https:\/\/abilica.com\/sv\/traningsprogram\/traningsprogram-till-abilica-powersling\/\",\"url\":\"https:\/\/abilica.com\/sv\/traningsprogram\/traningsprogram-till-abilica-powersling\/\",\"name\":\"Tr\u00e4ningsprogram till Abilica PowerSling &#8226; Abilica\",\"isPartOf\":{\"@id\":\"https:\/\/abilica.com\/#website\"},\"datePublished\":\"2017-04-12T17:56:16+00:00\",\"dateModified\":\"2017-08-17T12:05:12+00:00\",\"breadcrumb\":{\"@id\":\"https:\/\/abilica.com\/sv\/traningsprogram\/traningsprogram-till-abilica-powersling\/#breadcrumb\"},\"inLanguage\":\"sv-SE\",\"potentialAction\":[{\"@type\":\"ReadAction\",\"target\":[\"https:\/\/abilica.com\/sv\/traningsprogram\/traningsprogram-till-abilica-powersling\/\"]}]},{\"@type\":\"BreadcrumbList\",\"@id\":\"https:\/\/abilica.com\/sv\/traningsprogram\/traningsprogram-till-abilica-powersling\/#breadcrumb\",\"itemListElement\":[{\"@type\":\"ListItem\",\"position\":1,\"name\":\"Hem\",\"item\":\"https:\/\/abilica.com\/sv\/\"},{\"@type\":\"ListItem\",\"position\":2,\"name\":\"Tr\u00e4ningsprogram\",\"item\":\"https:\/\/abilica.com\/sv\/traningsprogram\/\"},{\"@type\":\"ListItem\",\"position\":3,\"name\":\"Tr\u00e4ningsprogram till Abilica PowerSling\"}]},{\"@type\":\"WebSite\",\"@id\":\"https:\/\/abilica.com\/#website\",\"url\":\"https:\/\/abilica.com\/\",\"name\":\"Abilica\",\"description\":\"Abilica Home Training\",\"potentialAction\":[{\"@type\":\"SearchAction\",\"target\":{\"@type\":\"EntryPoint\",\"urlTemplate\":\"https:\/\/abilica.com\/?s={search_term_string}\"},\"query-input\":{\"@type\":\"PropertyValueSpecification\",\"valueRequired\":true,\"valueName\":\"search_term_string\"}}],\"inLanguage\":\"sv-SE\"}]}<\/script>\n<!-- \/ Yoast SEO Premium plugin. -->","yoast_head_json":{"title":"Tr\u00e4ningsprogram till Abilica PowerSling &#8226; Abilica","robots":{"index":"index","follow":"follow","max-snippet":"max-snippet:-1","max-image-preview":"max-image-preview:large","max-video-preview":"max-video-preview:-1"},"canonical":"https:\/\/abilica.com\/sv\/traningsprogram\/traningsprogram-till-abilica-powersling\/","og_locale":"sv_SE","og_type":"article","og_title":"Tr\u00e4ningsprogram till Abilica PowerSling","og_description":"[vc_row full_width=&#8221;stretch_row_content&#8221; full_height=&#8221;yes&#8221; columns_placement=&#8221;bottom&#8221; css=&#8221;.vc_custom_1492021675284{background-image: url(https:\/\/abilica.com\/se\/wp-content\/uploads\/2017\/04\/521400_image42.jpg?id=17026) !important;background-position: center !important;background-repeat: no-repeat !important;background-size: cover !important;}&#8221;][vc_column width=&#8221;1\/3&#8243;][\/vc_column][vc_column width=&#8221;1\/3&#8243;][vc_icon...","og_url":"https:\/\/abilica.com\/sv\/traningsprogram\/traningsprogram-till-abilica-powersling\/","og_site_name":"Abilica","article_publisher":"https:\/\/www.facebook.com\/abilicahometraining\/","article_modified_time":"2017-08-17T12:05:12+00:00","twitter_card":"summary_large_image","twitter_misc":{"Ber\u00e4knad l\u00e4stid":"5 minuter"},"schema":{"@context":"https:\/\/schema.org","@graph":[{"@type":"WebPage","@id":"https:\/\/abilica.com\/sv\/traningsprogram\/traningsprogram-till-abilica-powersling\/","url":"https:\/\/abilica.com\/sv\/traningsprogram\/traningsprogram-till-abilica-powersling\/","name":"Tr\u00e4ningsprogram till Abilica PowerSling &#8226; Abilica","isPartOf":{"@id":"https:\/\/abilica.com\/#website"},"datePublished":"2017-04-12T17:56:16+00:00","dateModified":"2017-08-17T12:05:12+00:00","breadcrumb":{"@id":"https:\/\/abilica.com\/sv\/traningsprogram\/traningsprogram-till-abilica-powersling\/#breadcrumb"},"inLanguage":"sv-SE","potentialAction":[{"@type":"ReadAction","target":["https:\/\/abilica.com\/sv\/traningsprogram\/traningsprogram-till-abilica-powersling\/"]}]},{"@type":"BreadcrumbList","@id":"https:\/\/abilica.com\/sv\/traningsprogram\/traningsprogram-till-abilica-powersling\/#breadcrumb","itemListElement":[{"@type":"ListItem","position":1,"name":"Hem","item":"https:\/\/abilica.com\/sv\/"},{"@type":"ListItem","position":2,"name":"Tr\u00e4ningsprogram","item":"https:\/\/abilica.com\/sv\/traningsprogram\/"},{"@type":"ListItem","position":3,"name":"Tr\u00e4ningsprogram till Abilica PowerSling"}]},{"@type":"WebSite","@id":"https:\/\/abilica.com\/#website","url":"https:\/\/abilica.com\/","name":"Abilica","description":"Abilica Home Training","potentialAction":[{"@type":"SearchAction","target":{"@type":"EntryPoint","urlTemplate":"https:\/\/abilica.com\/?s={search_term_string}"},"query-input":{"@type":"PropertyValueSpecification","valueRequired":true,"valueName":"search_term_string"}}],"inLanguage":"sv-SE"}]}},"_links":{"self":[{"href":"https:\/\/abilica.com\/sv\/wp-json\/wp\/v2\/pages\/17011","targetHints":{"allow":["GET"]}}],"collection":[{"href":"https:\/\/abilica.com\/sv\/wp-json\/wp\/v2\/pages"}],"about":[{"href":"https:\/\/abilica.com\/sv\/wp-json\/wp\/v2\/types\/page"}],"author":[{"embeddable":true,"href":"https:\/\/abilica.com\/sv\/wp-json\/wp\/v2\/users\/2"}],"replies":[{"embeddable":true,"href":"https:\/\/abilica.com\/sv\/wp-json\/wp\/v2\/comments?post=17011"}],"version-history":[{"count":0,"href":"https:\/\/abilica.com\/sv\/wp-json\/wp\/v2\/pages\/17011\/revisions"}],"up":[{"embeddable":true,"href":"https:\/\/abilica.com\/sv\/wp-json\/wp\/v2\/pages\/3041"}],"wp:attachment":[{"href":"https:\/\/abilica.com\/sv\/wp-json\/wp\/v2\/media?parent=17011"}],"curies":[{"name":"wp","href":"https:\/\/api.w.org\/{rel}","templated":true}]}}