{"id":17125,"date":"2017-04-13T18:35:37","date_gmt":"2017-04-13T18:35:37","guid":{"rendered":"https:\/\/abilica.com\/se\/?page_id=17125"},"modified":"2020-03-05T09:16:44","modified_gmt":"2020-03-05T08:16:44","slug":"traningsprogram-till-abilica-balance-board","status":"publish","type":"page","link":"https:\/\/abilica.com\/sv\/traningsprogram\/traningsprogram-till-abilica-balance-board\/","title":{"rendered":"Tr\u00e4ningsprogram till Abilica BalanceBoard"},"content":{"rendered":"<div class=\"wpb-content-wrapper\"><p>[vc_row full_width=&#8221;stretch_row_content&#8221; full_height=&#8221;yes&#8221; columns_placement=&#8221;bottom&#8221; css=&#8221;.vc_custom_1492589006256{background-image: url(https:\/\/abilica.com\/se\/wp-content\/uploads\/2017\/04\/balanceboard12jpg-1.jpg?id=17456) !important;background-position: center !important;background-repeat: no-repeat !important;background-size: cover !important;}&#8221;][vc_column width=&#8221;1\/3&#8243;][\/vc_column][vc_column width=&#8221;1\/3&#8243;][vc_icon icon_fontawesome=&#8221;fa fa-angle-down&#8221; color=&#8221;white&#8221; size=&#8221;xl&#8221; align=&#8221;center&#8221;][\/vc_column][vc_column width=&#8221;1\/3&#8243;][\/vc_column][\/vc_row][vc_row][vc_column][vc_column_text]<\/p>\n<h2 style=\"text-align: left;\"><span style=\"color: #000000;\">Tr\u00e4ningsprogram till Abilica\u00a0BalanceBoard<\/span><\/h2>\n<p style=\"text-align: left;\">Abilica BalanceBoard balansplatta ger dig bra balanstr\u00e4ning. \u00d6vningar p\u00e5 balansbr\u00e4dan g\u00f6r att du blir starkare i akilles och kn\u00e4n. Br\u00e4dan kan ocks\u00e5 anv\u00e4ndas inom styrketr\u00e4ning f\u00f6r att tr\u00e4na ben, s\u00e4te oh br\u00f6st.<\/p>\n<p>[\/vc_column_text][vc_empty_space][\/vc_column][\/vc_row][vc_row][vc_column][title text=&#8221;K\u00f6p BalanceBoard nu.&#8221; text_align=&#8221;left&#8221;][\/vc_column][\/vc_row][vc_row][vc_column width=&#8221;1\/2&#8243;][product_mod id=&#8221;2796&#8243;][\/vc_column][vc_column width=&#8221;1\/2&#8243;][\/vc_column][\/vc_row][vc_row][vc_column][vc_empty_space][vc_btn title=&#8221;Ladda hem tr\u00e4ningsprogrammet i PDF&#8221; style=&#8221;flat&#8221; color=&#8221;black&#8221; i_icon_fontawesome=&#8221;fa fa-file-pdf-o&#8221; add_icon=&#8221;true&#8221; link=&#8221;url:http%3A%2F%2Fabilica.com\/se%2Fwp-content%2Fuploads%2F2017%2F02%2FAbilica-BalanceBoard.pdf||target:%20_blank|&#8221;][\/vc_column][\/vc_row][vc_row css=&#8221;.vc_custom_1492108997727{background-position: center !important;background-repeat: no-repeat !important;background-size: cover !important;}&#8221;][vc_column][vc_column_text]<\/p>\n<h2 style=\"text-align: left;\">1.<\/h2>\n<p><b>\u00d6vning: <\/b>St\u00e5 p\u00e5 br\u00e4dan p\u00e5 ett eller tv\u00e5 ben<b><br \/>\n<\/b><b>Tr\u00e4nar: <\/b>Allm\u00e4n balans<b><br \/>\n<\/b><b>Antal repetitioner: <\/b>H\u00e5ll kvar s\u00e5 l\u00e4nge du kan 3 g\u00e5nger<\/p>\n<p>B\u00f6rja med b\u00e5da f\u00f6tterna p\u00e5 balansbr\u00e4dan och hitta balansen. Om du tycker att det \u00e4r f\u00f6r l\u00e4tt lyfter du upp den ena foten och st\u00e5r p\u00e5 ett ben p\u00e5 balansbr\u00e4dan.[\/vc_column_text][vc_single_image image=&#8221;17464&#8243; img_size=&#8221;full&#8221; alignment=&#8221;center&#8221;][\/vc_column][\/vc_row][vc_row][vc_column][vc_column_text]<\/p>\n<h2 style=\"text-align: left;\">2.<\/h2>\n<p><b>\u00d6vning: <\/b>Utfall med ena benet bakom<b><br \/>\n<\/b><b>Tr\u00e4nar: <\/b>Framsidan av l\u00e5ret och s\u00e4tesmuskulaturen<b><br \/>\n<\/b><b>Antal repetitioner: <\/b>12*3 f\u00f6r varje ben<\/p>\n<p>St\u00e5 med det ena benet p\u00e5 br\u00e4dan och s\u00e4tt det andra benet l\u00e5ngt bakom dig. B\u00f6j b\u00e5da benen tills kn\u00e4lederna \u00e4r vinklade i 90 grader. Se till att t\u00e5rna p\u00e5 det fr\u00e4msta benet alltid befinner sig framf\u00f6r kn\u00e4et. H\u00e5ll g\u00e4rna h\u00e4nderna i sidorna.[\/vc_column_text][vc_single_image image=&#8221;17468&#8243; img_size=&#8221;full&#8221; alignment=&#8221;center&#8221;][\/vc_column][\/vc_row][vc_row][vc_column][vc_column_text]<\/p>\n<h2 style=\"text-align: left;\">3.<\/h2>\n<p><b>\u00d6vning: <\/b>Pushups\/armh\u00e4vningar<b><br \/>\n<\/b><b>Tr\u00e4nar: <\/b>Br\u00f6stkorg, och delvis baksidan av armar och axlar<b><br \/>\n<\/b><b>Antal repetitioner: <\/b>12*3, d\u00e5 du g\u00f6r 6 repetitioner med den ena armen p\u00e5 br\u00e4dan innan du byter arm.<\/p>\n<p>St\u00e5 med str\u00e4ckt kropp med den ena handen p\u00e5 br\u00e4dan (du kan g\u00e4rna g\u00f6ra \u00f6vningarna p\u00e5 kn\u00e4 om det \u00e4r f\u00f6r tungt att st\u00e5 med str\u00e4ckt kropp). Str\u00e4ck ut b\u00e5da h\u00e4nderna rakt fr\u00e5n br\u00f6stkorgen, g\u00e4rna ganska brett is\u00e4r f\u00f6r att f\u00e5 ett bra grepp om br\u00f6stmusklerna. S\u00e4nk dig sakta ner\u00e5t tills br\u00f6stkorgen n\u00e4stan r\u00f6r vid golvet, och pressa dig d\u00e4refter upp igen.[\/vc_column_text][vc_single_image image=&#8221;17467&#8243; img_size=&#8221;full&#8221; alignment=&#8221;center&#8221;][\/vc_column][\/vc_row][vc_row full_width=&#8221;stretch_row_content&#8221; full_height=&#8221;yes&#8221; css=&#8221;.vc_custom_1493107806917{background-image: url(https:\/\/abilica.com\/se\/wp-content\/uploads\/2017\/04\/balanceboard4.jpg?id=17458) !important;background-position: center !important;background-repeat: no-repeat !important;background-size: cover !important;}&#8221;][vc_column][\/vc_column][\/vc_row][vc_row][vc_column][vc_column_text]<\/p>\n<h2 style=\"text-align: left;\">4.<\/h2>\n<p><b>\u00d6vning: <\/b>Utfall med ena benet \u00e5t sidan<b><br \/>\n<\/b><b>Tr\u00e4nar: <\/b>S\u00e4tesmuskulatur och insidan av l\u00e5ret, samt delvis framsidan av l\u00e5ret<b><br \/>\n<\/b><b>Antal repetitioner: <\/b>12*3 f\u00f6r varje ben<\/p>\n<p>St\u00e5 med det ena benet p\u00e5 br\u00e4dan och placera det andra benet p\u00e5 sidan. Ju l\u00e4ngre ut mot sidan som du har benet, desto st\u00f6rre effekt f\u00e5r \u00f6vningen p\u00e5 insidan av l\u00e5ret. L\u00e4gg tyngden bak\u00e5t p\u00e5 h\u00e4larna och skjut ut s\u00e4tet baktill. Str\u00e4ck ut armarna framf\u00f6r dig och huka dig s\u00e5 l\u00e5ngt ner du kan.[\/vc_column_text][vc_single_image image=&#8221;17486&#8243; img_size=&#8221;full&#8221; alignment=&#8221;center&#8221;][\/vc_column][\/vc_row][vc_row][vc_column][vc_column_text]<\/p>\n<h2 style=\"text-align: left;\">5.<\/h2>\n<p><b>\u00d6vning: <\/b>Kn\u00e4b\u00f6j<b><br \/>\n<\/b><b>Tr\u00e4nar: <\/b>Framsidan av l\u00e5ret och s\u00e4tesmuskulaturen<b><br \/>\n<\/b><b>Antal repetitioner: <\/b>12*3<\/p>\n<p>St\u00e5 med b\u00e5da f\u00f6tterna p\u00e5 br\u00e4dan s\u00e5 brett is\u00e4r som du klarar av. L\u00e4gg tyngden baktill p\u00e5 h\u00e4larna, skjut ut s\u00e4tet baktill, str\u00e4ck ut armarna framf\u00f6r dig och huka dig s\u00e5 l\u00e5ngt ner du kan.<\/p>\n<p>N\u00e4r \u00f6vningarna blir f\u00f6r enkla f\u00f6r dig kan du g\u00f6ra likadant p\u00e5 ett ben \u00e5t g\u00e5ngen, 12*3 repetitioner f\u00f6r varje ben.[\/vc_column_text][vc_single_image image=&#8221;17466&#8243; img_size=&#8221;full&#8221; alignment=&#8221;center&#8221;][\/vc_column][\/vc_row][vc_row][vc_column][vc_column_text]<\/p>\n<h2 style=\"text-align: left;\">6.<\/h2>\n<p><b>\u00d6vning: <\/b>Flygaren<b><br \/>\n<\/b><b>Tr\u00e4nar: <\/b>K\u00e4rnmuskulaturen i mage och rygg (balansmusklerna)<b><br \/>\n<\/b><b>Antal repetitioner: <\/b>3 g\u00e5nger f\u00f6r varje ben<\/p>\n<p>St\u00e5 med det ena benet p\u00e5 br\u00e4dan och str\u00e4ck ut det andra benet bakom dig. Luta \u00f6verkroppen fram\u00e5t. Variera g\u00e4rna med att h\u00e5lla armarna l\u00e4ngs sidan, fram\u00e5t, ut mot sidorna och ner mot golvet.[\/vc_column_text][vc_single_image image=&#8221;17465&#8243; img_size=&#8221;full&#8221; alignment=&#8221;center&#8221;][vc_empty_space height=&#8221;60px&#8221;][\/vc_column][\/vc_row][vc_row full_width=&#8221;stretch_row_content&#8221; css=&#8221;.vc_custom_1494846685673{background-color: #ff7d00 !important;}&#8221;][vc_column][title text=&#8221;K\u00f6p ditt Abilica BalanceBoard nu.&#8221; tag=&#8221;h2&#8243; color=&#8221;#ffffff&#8221; text_align=&#8221;center&#8221;][vc_empty_space][\/vc_column][\/vc_row][vc_row][vc_column width=&#8221;1\/4&#8243;][\/vc_column][vc_column width=&#8221;1\/2&#8243;][product_mod id=&#8221;2796&#8243;][vc_empty_space][\/vc_column][vc_column width=&#8221;1\/4&#8243;][\/vc_column][\/vc_row][vc_row full_width=&#8221;stretch_row_content&#8221; full_height=&#8221;yes&#8221; css=&#8221;.vc_custom_1492588888229{background-image: url(https:\/\/abilica.com\/se\/wp-content\/uploads\/2017\/04\/balanceboard1.jpg?id=17451) !important;background-position: center !important;background-repeat: no-repeat !important;background-size: cover !important;}&#8221;][vc_column][\/vc_column][\/vc_row]<\/p>\n<\/div>","protected":false},"excerpt":{"rendered":"<p>[vc_row full_width=&#8221;stretch_row_content&#8221; full_height=&#8221;yes&#8221; columns_placement=&#8221;bottom&#8221; css=&#8221;.vc_custom_1492589006256{background-image: url(https:\/\/abilica.com\/se\/wp-content\/uploads\/2017\/04\/balanceboard12jpg-1.jpg?id=17456) !important;background-position: center !important;background-repeat: no-repeat !important;background-size: cover !important;}&#8221;][vc_column width=&#8221;1\/3&#8243;][\/vc_column][vc_column width=&#8221;1\/3&#8243;][vc_icon&#8230;<\/p>\n","protected":false},"author":2,"featured_media":0,"parent":3041,"menu_order":0,"comment_status":"closed","ping_status":"closed","template":"","meta":{"_acf_changed":false,"footnotes":""},"class_list":["post-17125","page","type-page","status-publish","hentry"],"acf":[],"yoast_head":"<!-- This site is optimized with the Yoast SEO Premium plugin v21.1 (Yoast SEO v25.4) - https:\/\/yoast.com\/wordpress\/plugins\/seo\/ -->\n<title>Balansplatta \u00f6vningar med BalanceBoard | Tr\u00e4ningsprogram | Abilica<\/title>\n<meta name=\"description\" content=\"Beh\u00f6ver du \u00f6vningar f\u00f6r tr\u00e4ning med balansplatta? H\u00e4r hittar du ett skr\u00e4ddarsytt tr\u00e4ningsprogram f\u00f6r b\u00e4ttre balans. Ladda ner gratis via app eller PDF!\" \/>\n<meta name=\"robots\" content=\"index, follow, max-snippet:-1, max-image-preview:large, max-video-preview:-1\" \/>\n<link rel=\"canonical\" href=\"https:\/\/abilica.com\/sv\/traningsprogram\/traningsprogram-till-abilica-balance-board\/\" \/>\n<meta property=\"og:locale\" content=\"sv_SE\" \/>\n<meta property=\"og:type\" content=\"article\" \/>\n<meta property=\"og:title\" content=\"Tr\u00e4ningsprogram till Abilica BalanceBoard\" \/>\n<meta property=\"og:description\" content=\"Beh\u00f6ver du \u00f6vningar f\u00f6r tr\u00e4ning med balansplatta? H\u00e4r hittar du ett skr\u00e4ddarsytt tr\u00e4ningsprogram f\u00f6r b\u00e4ttre balans. Ladda ner gratis via app eller PDF!\" \/>\n<meta property=\"og:url\" content=\"https:\/\/abilica.com\/sv\/traningsprogram\/traningsprogram-till-abilica-balance-board\/\" \/>\n<meta property=\"og:site_name\" content=\"Abilica\" \/>\n<meta property=\"article:publisher\" content=\"https:\/\/www.facebook.com\/abilicahometraining\/\" \/>\n<meta property=\"article:modified_time\" content=\"2020-03-05T08:16:44+00:00\" \/>\n<meta name=\"twitter:card\" content=\"summary_large_image\" \/>\n<meta name=\"twitter:label1\" content=\"Ber\u00e4knad l\u00e4stid\" \/>\n\t<meta name=\"twitter:data1\" content=\"5 minuter\" \/>\n<script type=\"application\/ld+json\" class=\"yoast-schema-graph\">{\"@context\":\"https:\/\/schema.org\",\"@graph\":[{\"@type\":\"WebPage\",\"@id\":\"https:\/\/abilica.com\/sv\/traningsprogram\/traningsprogram-till-abilica-balance-board\/\",\"url\":\"https:\/\/abilica.com\/sv\/traningsprogram\/traningsprogram-till-abilica-balance-board\/\",\"name\":\"Balansplatta \u00f6vningar med BalanceBoard | Tr\u00e4ningsprogram | Abilica\",\"isPartOf\":{\"@id\":\"https:\/\/abilica.com\/#website\"},\"datePublished\":\"2017-04-13T18:35:37+00:00\",\"dateModified\":\"2020-03-05T08:16:44+00:00\",\"description\":\"Beh\u00f6ver du \u00f6vningar f\u00f6r tr\u00e4ning med balansplatta? H\u00e4r hittar du ett skr\u00e4ddarsytt tr\u00e4ningsprogram f\u00f6r b\u00e4ttre balans. Ladda ner gratis via app eller PDF!\",\"breadcrumb\":{\"@id\":\"https:\/\/abilica.com\/sv\/traningsprogram\/traningsprogram-till-abilica-balance-board\/#breadcrumb\"},\"inLanguage\":\"sv-SE\",\"potentialAction\":[{\"@type\":\"ReadAction\",\"target\":[\"https:\/\/abilica.com\/sv\/traningsprogram\/traningsprogram-till-abilica-balance-board\/\"]}]},{\"@type\":\"BreadcrumbList\",\"@id\":\"https:\/\/abilica.com\/sv\/traningsprogram\/traningsprogram-till-abilica-balance-board\/#breadcrumb\",\"itemListElement\":[{\"@type\":\"ListItem\",\"position\":1,\"name\":\"Hem\",\"item\":\"https:\/\/abilica.com\/sv\/\"},{\"@type\":\"ListItem\",\"position\":2,\"name\":\"Tr\u00e4ningsprogram\",\"item\":\"https:\/\/abilica.com\/sv\/traningsprogram\/\"},{\"@type\":\"ListItem\",\"position\":3,\"name\":\"Tr\u00e4ningsprogram till Abilica BalanceBoard\"}]},{\"@type\":\"WebSite\",\"@id\":\"https:\/\/abilica.com\/#website\",\"url\":\"https:\/\/abilica.com\/\",\"name\":\"Abilica\",\"description\":\"Abilica Home Training\",\"potentialAction\":[{\"@type\":\"SearchAction\",\"target\":{\"@type\":\"EntryPoint\",\"urlTemplate\":\"https:\/\/abilica.com\/?s={search_term_string}\"},\"query-input\":{\"@type\":\"PropertyValueSpecification\",\"valueRequired\":true,\"valueName\":\"search_term_string\"}}],\"inLanguage\":\"sv-SE\"}]}<\/script>\n<!-- \/ Yoast SEO Premium plugin. -->","yoast_head_json":{"title":"Balansplatta \u00f6vningar med BalanceBoard | Tr\u00e4ningsprogram | Abilica","description":"Beh\u00f6ver du \u00f6vningar f\u00f6r tr\u00e4ning med balansplatta? H\u00e4r hittar du ett skr\u00e4ddarsytt tr\u00e4ningsprogram f\u00f6r b\u00e4ttre balans. Ladda ner gratis via app eller PDF!","robots":{"index":"index","follow":"follow","max-snippet":"max-snippet:-1","max-image-preview":"max-image-preview:large","max-video-preview":"max-video-preview:-1"},"canonical":"https:\/\/abilica.com\/sv\/traningsprogram\/traningsprogram-till-abilica-balance-board\/","og_locale":"sv_SE","og_type":"article","og_title":"Tr\u00e4ningsprogram till Abilica BalanceBoard","og_description":"Beh\u00f6ver du \u00f6vningar f\u00f6r tr\u00e4ning med balansplatta? H\u00e4r hittar du ett skr\u00e4ddarsytt tr\u00e4ningsprogram f\u00f6r b\u00e4ttre balans. Ladda ner gratis via app eller PDF!","og_url":"https:\/\/abilica.com\/sv\/traningsprogram\/traningsprogram-till-abilica-balance-board\/","og_site_name":"Abilica","article_publisher":"https:\/\/www.facebook.com\/abilicahometraining\/","article_modified_time":"2020-03-05T08:16:44+00:00","twitter_card":"summary_large_image","twitter_misc":{"Ber\u00e4knad l\u00e4stid":"5 minuter"},"schema":{"@context":"https:\/\/schema.org","@graph":[{"@type":"WebPage","@id":"https:\/\/abilica.com\/sv\/traningsprogram\/traningsprogram-till-abilica-balance-board\/","url":"https:\/\/abilica.com\/sv\/traningsprogram\/traningsprogram-till-abilica-balance-board\/","name":"Balansplatta \u00f6vningar med BalanceBoard | Tr\u00e4ningsprogram | Abilica","isPartOf":{"@id":"https:\/\/abilica.com\/#website"},"datePublished":"2017-04-13T18:35:37+00:00","dateModified":"2020-03-05T08:16:44+00:00","description":"Beh\u00f6ver du \u00f6vningar f\u00f6r tr\u00e4ning med balansplatta? H\u00e4r hittar du ett skr\u00e4ddarsytt tr\u00e4ningsprogram f\u00f6r b\u00e4ttre balans. Ladda ner gratis via app eller PDF!","breadcrumb":{"@id":"https:\/\/abilica.com\/sv\/traningsprogram\/traningsprogram-till-abilica-balance-board\/#breadcrumb"},"inLanguage":"sv-SE","potentialAction":[{"@type":"ReadAction","target":["https:\/\/abilica.com\/sv\/traningsprogram\/traningsprogram-till-abilica-balance-board\/"]}]},{"@type":"BreadcrumbList","@id":"https:\/\/abilica.com\/sv\/traningsprogram\/traningsprogram-till-abilica-balance-board\/#breadcrumb","itemListElement":[{"@type":"ListItem","position":1,"name":"Hem","item":"https:\/\/abilica.com\/sv\/"},{"@type":"ListItem","position":2,"name":"Tr\u00e4ningsprogram","item":"https:\/\/abilica.com\/sv\/traningsprogram\/"},{"@type":"ListItem","position":3,"name":"Tr\u00e4ningsprogram till Abilica BalanceBoard"}]},{"@type":"WebSite","@id":"https:\/\/abilica.com\/#website","url":"https:\/\/abilica.com\/","name":"Abilica","description":"Abilica Home Training","potentialAction":[{"@type":"SearchAction","target":{"@type":"EntryPoint","urlTemplate":"https:\/\/abilica.com\/?s={search_term_string}"},"query-input":{"@type":"PropertyValueSpecification","valueRequired":true,"valueName":"search_term_string"}}],"inLanguage":"sv-SE"}]}},"_links":{"self":[{"href":"https:\/\/abilica.com\/sv\/wp-json\/wp\/v2\/pages\/17125","targetHints":{"allow":["GET"]}}],"collection":[{"href":"https:\/\/abilica.com\/sv\/wp-json\/wp\/v2\/pages"}],"about":[{"href":"https:\/\/abilica.com\/sv\/wp-json\/wp\/v2\/types\/page"}],"author":[{"embeddable":true,"href":"https:\/\/abilica.com\/sv\/wp-json\/wp\/v2\/users\/2"}],"replies":[{"embeddable":true,"href":"https:\/\/abilica.com\/sv\/wp-json\/wp\/v2\/comments?post=17125"}],"version-history":[{"count":0,"href":"https:\/\/abilica.com\/sv\/wp-json\/wp\/v2\/pages\/17125\/revisions"}],"up":[{"embeddable":true,"href":"https:\/\/abilica.com\/sv\/wp-json\/wp\/v2\/pages\/3041"}],"wp:attachment":[{"href":"https:\/\/abilica.com\/sv\/wp-json\/wp\/v2\/media?parent=17125"}],"curies":[{"name":"wp","href":"https:\/\/api.w.org\/{rel}","templated":true}]}}