{"id":17441,"date":"2017-04-19T12:06:00","date_gmt":"2017-04-19T12:06:00","guid":{"rendered":"https:\/\/abilica.com\/se\/?page_id=17441"},"modified":"2018-09-05T12:21:16","modified_gmt":"2018-09-05T11:21:16","slug":"traningsprogram-till-abilica-pushup-bars","status":"publish","type":"page","link":"https:\/\/abilica.com\/sv\/traningsprogram\/traningsprogram-till-abilica-pushup-bars\/","title":{"rendered":"Tr\u00e4ningsprogram till Abilica PushUp Bars"},"content":{"rendered":"<div class=\"wpb-content-wrapper\"><p>[vc_row full_width=&#8221;stretch_row_content&#8221; full_height=&#8221;yes&#8221; columns_placement=&#8221;bottom&#8221; css=&#8221;.vc_custom_1492108619283{background-image: url(https:\/\/abilica.com\/se\/wp-content\/uploads\/2017\/04\/pushup1.jpg?id=17127) !important;background-position: center !important;background-repeat: no-repeat !important;background-size: cover !important;}&#8221;][vc_column width=&#8221;1\/3&#8243;][\/vc_column][vc_column width=&#8221;1\/3&#8243;][vc_icon icon_fontawesome=&#8221;fa fa-angle-down&#8221; color=&#8221;white&#8221; size=&#8221;xl&#8221; align=&#8221;center&#8221;][\/vc_column][vc_column width=&#8221;1\/3&#8243;][\/vc_column][\/vc_row][vc_row][vc_column][vc_column_text]<\/p>\n<h2 style=\"text-align: left;\"><span style=\"color: #000000;\">Tr\u00e4ningsprogram till Abilica PushUp Bars<\/span><\/h2>\n<p style=\"text-align: left;\">Med Abilica PushUp Bars st\u00e4rker du armar, skuldror, br\u00f6st och rygg.<\/p>\n<p>[\/vc_column_text][vc_empty_space][\/vc_column][\/vc_row][vc_row][vc_column][title text=&#8221;K\u00f6p PushUp Bars nu.&#8221; text_align=&#8221;left&#8221;][\/vc_column][\/vc_row][vc_row][vc_column width=&#8221;1\/2&#8243;][product_mod id=&#8221;1096&#8243;][\/vc_column][vc_column width=&#8221;1\/2&#8243;][product_mod id=&#8221;23083&#8243;][\/vc_column][\/vc_row][vc_row][vc_column][vc_empty_space][vc_btn title=&#8221;Ladda hem tr\u00e4ningsprogrammet i PDF&#8221; style=&#8221;flat&#8221; color=&#8221;danger&#8221; i_icon_fontawesome=&#8221;fa fa-file-pdf-o&#8221; add_icon=&#8221;true&#8221; link=&#8221;url:http%3A%2F%2Fabilica.com\/se%2Fwp-content%2Fuploads%2F2017%2F02%2FAbilica-PushUp-Bars.pdf||target:%20_blank|&#8221;][\/vc_column][\/vc_row][vc_row css=&#8221;.vc_custom_1492108997727{background-position: center !important;background-repeat: no-repeat !important;background-size: cover !important;}&#8221;][vc_column][vc_column_text]<\/p>\n<h2 style=\"text-align: left;\">1.<\/h2>\n<p><strong>Burpees<\/strong><\/p>\n<p>St\u00e4ll dig p\u00e5 dina bars med raka armar. Dina bars ska st\u00e5 s\u00e5 brett is\u00e4r att du f\u00e5r en vinkel p\u00e5 90 grader i armb\u00e5gen n\u00e4r du b\u00f6jer armarna. Br\u00f6stet \u00f6ver armarna. St\u00f6d p\u00e5 t\u00e5rna med raka ben alternativt p\u00e5 kn\u00e4. Rak i h\u00f6ften. G\u00f6r en pushup. Hoppa ihop, hoppa upp och kom direkt ner till huk n\u00e4r du landar. Hoppa is\u00e4r till grundposition f\u00f6r pushup. Upprepa.[\/vc_column_text][vc_single_image image=&#8221;17132&#8243; img_size=&#8221;full&#8221; alignment=&#8221;center&#8221;][\/vc_column][\/vc_row][vc_row][vc_column][vc_column_text]<\/p>\n<h2 style=\"text-align: left;\">2.<\/h2>\n<p><b>Pushups med benrotation<\/b><\/p>\n<p>St\u00e4ll dig p\u00e5 dina bars med raka armar. Dina bars ska st\u00e5 s\u00e5 brett att du f\u00e5r en vinkel p\u00e5 90 grader i armb\u00e5gen n\u00e4r du b\u00f6jer armarna. Br\u00f6stet \u00f6ver armarna. St\u00f6d p\u00e5 t\u00e5rna med raka ben. Rak i h\u00f6ften. G\u00f6r en pushup och vrid samtidigt in valfritt ben under kroppen. Sp\u00e4nn magen. Pressa dig upp p\u00e5 raka armar och rotera ut benet. Upprepa med andra benet.[\/vc_column_text][vc_single_image image=&#8221;17136&#8243; img_size=&#8221;full&#8221; alignment=&#8221;center&#8221;][\/vc_column][\/vc_row][vc_row][vc_column][vc_column_text]<\/p>\n<h2 style=\"text-align: left;\">3.<\/h2>\n<p><b>Pushups \u2013 tv\u00e5 ben<\/b><\/p>\n<p>St\u00e4ll dig p\u00e5 dina bars med raka armar. Dina bars ska st\u00e5 s\u00e5 brett att du f\u00e5r en vinkel p\u00e5 90 grader i armb\u00e5gen n\u00e4r du b\u00f6jer armarna. Br\u00f6stet \u00f6ver armarna. St\u00f6d p\u00e5 t\u00e5rna med raka ben alternativt p\u00e5 kn\u00e4. Rak i h\u00f6ften. G\u00f6r en pushup.[\/vc_column_text][vc_single_image image=&#8221;17499&#8243; img_size=&#8221;full&#8221; alignment=&#8221;center&#8221;][\/vc_column][\/vc_row][vc_row][vc_column][vc_column_text]<\/p>\n<h2 style=\"text-align: left;\">4.<\/h2>\n<p style=\"text-align: left;\"><b>Pushups \u2013 ett ben<\/b><\/p>\n<p>St\u00e4ll dig p\u00e5 dina bars med raka armar. Dina bars ska st\u00e5 s\u00e5 brett att du f\u00e5r en vinkel p\u00e5 90 grader i armb\u00e5gen n\u00e4r du b\u00f6jer armarna. Br\u00f6stet \u00f6ver armarna. St\u00f6d p\u00e5 t\u00e5rna med raka ben alternativt p\u00e5 kn\u00e4. Rak i h\u00f6ften. Lyft valfritt ben strax \u00f6ver marken. G\u00f6r en pushup.[\/vc_column_text][vc_single_image image=&#8221;17496&#8243; img_size=&#8221;full&#8221; alignment=&#8221;center&#8221;][\/vc_column][\/vc_row][vc_row full_width=&#8221;stretch_row_content&#8221; full_height=&#8221;yes&#8221; css=&#8221;.vc_custom_1492108644327{background-image: url(https:\/\/abilica.com\/se\/wp-content\/uploads\/2017\/04\/pushup2.jpg?id=17128) !important;background-position: center !important;background-repeat: no-repeat !important;background-size: cover !important;}&#8221;][vc_column][\/vc_column][\/vc_row][vc_row][vc_column][vc_column_text]<\/p>\n<h2 style=\"text-align: left;\">5.<\/h2>\n<p><b>Pushups med h\u00f6ga kn\u00e4n<\/b><\/p>\n<p>St\u00e4ll dig p\u00e5 dina bars med raka armar. Dina bars ska st\u00e5 s\u00e5 brett att du f\u00e5r en vinkel p\u00e5 90 grader i armb\u00e5gen n\u00e4r du b\u00f6jer armarna. Br\u00f6stet \u00f6ver armarna. St\u00f6d p\u00e5 t\u00e5rna med raka ben. Rak i h\u00f6ften. G\u00f6r en pushup och lyft samtidigt valfritt kn\u00e4 h\u00f6gt upp mot armh\u00e5lan p\u00e5 samma sida. Pressa dig upp tillbaka till grundpositionen. H\u00e5ll h\u00f6ften s\u00e5 rak som m\u00f6jligt i r\u00f6relsen.[\/vc_column_text][vc_single_image image=&#8221;17500&#8243; img_size=&#8221;full&#8221; alignment=&#8221;center&#8221;][\/vc_column][\/vc_row][vc_row][vc_column][vc_column_text]<\/p>\n<h2 style=\"text-align: left;\">6.<\/h2>\n<p><b>Plankan p\u00e5 raka armar<\/b><\/p>\n<p>St\u00e4ll dig p\u00e5 dina bars med raka armar. Dina bars ska st\u00e5 s\u00e5 brett att armarna hamnar rakt under axeln. S\u00e4tt ihop f\u00f6tterna. H\u00e5ll en rak linje mellan axel, h\u00f6ft, kn\u00e4 och fotled. St\u00e5 kvar med denna linje.[\/vc_column_text][vc_single_image image=&#8221;17497&#8243; img_size=&#8221;full&#8221; alignment=&#8221;center&#8221;][\/vc_column][\/vc_row][vc_row][vc_column][vc_column_text]<\/p>\n<h2 style=\"text-align: left;\">7.<\/h2>\n<p><b>Plankan med h\u00f6ga kn\u00e4n i tempo<\/b><\/p>\n<p>St\u00e4ll dig p\u00e5 dina bars med raka armar. Dina bars ska st\u00e5 s\u00e5 brett att armarna hamnar rakt under axeln. Ha f\u00f6tterna i h\u00f6ftbredd och utg\u00e5 ifr\u00e5n raka ben. St\u00e5 kvar positionen och b\u00f6rja springa med h\u00f6ga kn\u00e4n mot br\u00f6stet. St\u00f6d mycket p\u00e5 armarna.[\/vc_column_text][vc_single_image image=&#8221;17498&#8243; img_size=&#8221;full&#8221; alignment=&#8221;center&#8221;][\/vc_column][\/vc_row][vc_row][vc_column][vc_column_text]<\/p>\n<h2 style=\"text-align: left;\">8.<\/h2>\n<p><b>Plankan \u2013 hopp ihop &amp; is\u00e4r<\/b><\/p>\n<p>St\u00e4ll dig p\u00e5 dina bars med raka armar. Dina bars ska st\u00e5 s\u00e5 brett att armarna hamnar rakt under axeln. S\u00e4tt ihop f\u00f6tterna och utg\u00e5 ifr\u00e5n raka ben. St\u00e5 kvar i positionen och hoppa j\u00e4mfota fram\u00e5t. Hoppa is\u00e4r tillbaka till grundpositionen. St\u00f6d mycket p\u00e5 armarna.[\/vc_column_text][vc_single_image image=&#8221;17501&#8243; img_size=&#8221;full&#8221; alignment=&#8221;center&#8221;][vc_empty_space height=&#8221;60px&#8221;][\/vc_column][\/vc_row][vc_row full_width=&#8221;stretch_row_content&#8221; css=&#8221;.vc_custom_1494932244254{background-color: #009ada !important;}&#8221;][vc_column][title text=&#8221;K\u00f6p dina Abilica PushUp Bars nu.&#8221; tag=&#8221;h2&#8243; color=&#8221;#ffffff&#8221; text_align=&#8221;center&#8221;][vc_empty_space][\/vc_column][\/vc_row][vc_row][vc_column width=&#8221;1\/2&#8243;][product_mod id=&#8221;1096&#8243;][vc_empty_space][\/vc_column][vc_column width=&#8221;1\/2&#8243;][product_mod id=&#8221;23083&#8243;][vc_empty_space][\/vc_column][\/vc_row][vc_row full_width=&#8221;stretch_row_content&#8221; full_height=&#8221;yes&#8221; css=&#8221;.vc_custom_1492108677718{background-image: url(https:\/\/abilica.com\/se\/wp-content\/uploads\/2017\/04\/pushup3.jpg?id=17129) !important;background-position: center !important;background-repeat: no-repeat !important;background-size: cover !important;}&#8221;][vc_column][\/vc_column][\/vc_row]<\/p>\n<\/div>","protected":false},"excerpt":{"rendered":"<p>[vc_row full_width=&#8221;stretch_row_content&#8221; full_height=&#8221;yes&#8221; columns_placement=&#8221;bottom&#8221; css=&#8221;.vc_custom_1492108619283{background-image: url(https:\/\/abilica.com\/se\/wp-content\/uploads\/2017\/04\/pushup1.jpg?id=17127) !important;background-position: center !important;background-repeat: no-repeat !important;background-size: cover !important;}&#8221;][vc_column width=&#8221;1\/3&#8243;][\/vc_column][vc_column width=&#8221;1\/3&#8243;][vc_icon&#8230;<\/p>\n","protected":false},"author":2,"featured_media":0,"parent":3041,"menu_order":0,"comment_status":"closed","ping_status":"closed","template":"","meta":{"_acf_changed":false,"footnotes":""},"class_list":["post-17441","page","type-page","status-publish","hentry"],"acf":[],"yoast_head":"<!-- This site is optimized with the Yoast SEO Premium plugin v21.1 (Yoast SEO v25.4) - https:\/\/yoast.com\/wordpress\/plugins\/seo\/ -->\n<title>Tr\u00e4ningsprogram till Abilica PushUp Bars &#8226; Abilica<\/title>\n<meta name=\"robots\" content=\"index, follow, max-snippet:-1, max-image-preview:large, max-video-preview:-1\" \/>\n<link rel=\"canonical\" href=\"https:\/\/abilica.com\/sv\/traningsprogram\/traningsprogram-till-abilica-pushup-bars\/\" \/>\n<meta property=\"og:locale\" content=\"sv_SE\" \/>\n<meta property=\"og:type\" content=\"article\" \/>\n<meta property=\"og:title\" content=\"Tr\u00e4ningsprogram till Abilica PushUp Bars\" \/>\n<meta property=\"og:description\" content=\"[vc_row full_width=&#8221;stretch_row_content&#8221; full_height=&#8221;yes&#8221; columns_placement=&#8221;bottom&#8221; css=&#8221;.vc_custom_1492108619283{background-image: url(https:\/\/abilica.com\/se\/wp-content\/uploads\/2017\/04\/pushup1.jpg?id=17127) !important;background-position: center !important;background-repeat: no-repeat !important;background-size: cover !important;}&#8221;][vc_column width=&#8221;1\/3&#8243;][\/vc_column][vc_column width=&#8221;1\/3&#8243;][vc_icon...\" \/>\n<meta property=\"og:url\" content=\"https:\/\/abilica.com\/sv\/traningsprogram\/traningsprogram-till-abilica-pushup-bars\/\" \/>\n<meta property=\"og:site_name\" content=\"Abilica\" \/>\n<meta property=\"article:publisher\" content=\"https:\/\/www.facebook.com\/abilicahometraining\/\" \/>\n<meta property=\"article:modified_time\" content=\"2018-09-05T11:21:16+00:00\" \/>\n<meta name=\"twitter:card\" content=\"summary_large_image\" \/>\n<meta name=\"twitter:label1\" content=\"Ber\u00e4knad l\u00e4stid\" \/>\n\t<meta name=\"twitter:data1\" content=\"5 minuter\" \/>\n<script type=\"application\/ld+json\" class=\"yoast-schema-graph\">{\"@context\":\"https:\/\/schema.org\",\"@graph\":[{\"@type\":\"WebPage\",\"@id\":\"https:\/\/abilica.com\/sv\/traningsprogram\/traningsprogram-till-abilica-pushup-bars\/\",\"url\":\"https:\/\/abilica.com\/sv\/traningsprogram\/traningsprogram-till-abilica-pushup-bars\/\",\"name\":\"Tr\u00e4ningsprogram till Abilica PushUp Bars &#8226; Abilica\",\"isPartOf\":{\"@id\":\"https:\/\/abilica.com\/#website\"},\"datePublished\":\"2017-04-19T12:06:00+00:00\",\"dateModified\":\"2018-09-05T11:21:16+00:00\",\"breadcrumb\":{\"@id\":\"https:\/\/abilica.com\/sv\/traningsprogram\/traningsprogram-till-abilica-pushup-bars\/#breadcrumb\"},\"inLanguage\":\"sv-SE\",\"potentialAction\":[{\"@type\":\"ReadAction\",\"target\":[\"https:\/\/abilica.com\/sv\/traningsprogram\/traningsprogram-till-abilica-pushup-bars\/\"]}]},{\"@type\":\"BreadcrumbList\",\"@id\":\"https:\/\/abilica.com\/sv\/traningsprogram\/traningsprogram-till-abilica-pushup-bars\/#breadcrumb\",\"itemListElement\":[{\"@type\":\"ListItem\",\"position\":1,\"name\":\"Hem\",\"item\":\"https:\/\/abilica.com\/sv\/\"},{\"@type\":\"ListItem\",\"position\":2,\"name\":\"Tr\u00e4ningsprogram\",\"item\":\"https:\/\/abilica.com\/sv\/traningsprogram\/\"},{\"@type\":\"ListItem\",\"position\":3,\"name\":\"Tr\u00e4ningsprogram till Abilica PushUp Bars\"}]},{\"@type\":\"WebSite\",\"@id\":\"https:\/\/abilica.com\/#website\",\"url\":\"https:\/\/abilica.com\/\",\"name\":\"Abilica\",\"description\":\"Abilica Home Training\",\"potentialAction\":[{\"@type\":\"SearchAction\",\"target\":{\"@type\":\"EntryPoint\",\"urlTemplate\":\"https:\/\/abilica.com\/?s={search_term_string}\"},\"query-input\":{\"@type\":\"PropertyValueSpecification\",\"valueRequired\":true,\"valueName\":\"search_term_string\"}}],\"inLanguage\":\"sv-SE\"}]}<\/script>\n<!-- \/ Yoast SEO Premium plugin. -->","yoast_head_json":{"title":"Tr\u00e4ningsprogram till Abilica PushUp Bars &#8226; Abilica","robots":{"index":"index","follow":"follow","max-snippet":"max-snippet:-1","max-image-preview":"max-image-preview:large","max-video-preview":"max-video-preview:-1"},"canonical":"https:\/\/abilica.com\/sv\/traningsprogram\/traningsprogram-till-abilica-pushup-bars\/","og_locale":"sv_SE","og_type":"article","og_title":"Tr\u00e4ningsprogram till Abilica PushUp Bars","og_description":"[vc_row full_width=&#8221;stretch_row_content&#8221; full_height=&#8221;yes&#8221; columns_placement=&#8221;bottom&#8221; css=&#8221;.vc_custom_1492108619283{background-image: url(https:\/\/abilica.com\/se\/wp-content\/uploads\/2017\/04\/pushup1.jpg?id=17127) !important;background-position: center !important;background-repeat: no-repeat !important;background-size: cover !important;}&#8221;][vc_column width=&#8221;1\/3&#8243;][\/vc_column][vc_column width=&#8221;1\/3&#8243;][vc_icon...","og_url":"https:\/\/abilica.com\/sv\/traningsprogram\/traningsprogram-till-abilica-pushup-bars\/","og_site_name":"Abilica","article_publisher":"https:\/\/www.facebook.com\/abilicahometraining\/","article_modified_time":"2018-09-05T11:21:16+00:00","twitter_card":"summary_large_image","twitter_misc":{"Ber\u00e4knad l\u00e4stid":"5 minuter"},"schema":{"@context":"https:\/\/schema.org","@graph":[{"@type":"WebPage","@id":"https:\/\/abilica.com\/sv\/traningsprogram\/traningsprogram-till-abilica-pushup-bars\/","url":"https:\/\/abilica.com\/sv\/traningsprogram\/traningsprogram-till-abilica-pushup-bars\/","name":"Tr\u00e4ningsprogram till Abilica PushUp Bars &#8226; Abilica","isPartOf":{"@id":"https:\/\/abilica.com\/#website"},"datePublished":"2017-04-19T12:06:00+00:00","dateModified":"2018-09-05T11:21:16+00:00","breadcrumb":{"@id":"https:\/\/abilica.com\/sv\/traningsprogram\/traningsprogram-till-abilica-pushup-bars\/#breadcrumb"},"inLanguage":"sv-SE","potentialAction":[{"@type":"ReadAction","target":["https:\/\/abilica.com\/sv\/traningsprogram\/traningsprogram-till-abilica-pushup-bars\/"]}]},{"@type":"BreadcrumbList","@id":"https:\/\/abilica.com\/sv\/traningsprogram\/traningsprogram-till-abilica-pushup-bars\/#breadcrumb","itemListElement":[{"@type":"ListItem","position":1,"name":"Hem","item":"https:\/\/abilica.com\/sv\/"},{"@type":"ListItem","position":2,"name":"Tr\u00e4ningsprogram","item":"https:\/\/abilica.com\/sv\/traningsprogram\/"},{"@type":"ListItem","position":3,"name":"Tr\u00e4ningsprogram till Abilica PushUp Bars"}]},{"@type":"WebSite","@id":"https:\/\/abilica.com\/#website","url":"https:\/\/abilica.com\/","name":"Abilica","description":"Abilica Home Training","potentialAction":[{"@type":"SearchAction","target":{"@type":"EntryPoint","urlTemplate":"https:\/\/abilica.com\/?s={search_term_string}"},"query-input":{"@type":"PropertyValueSpecification","valueRequired":true,"valueName":"search_term_string"}}],"inLanguage":"sv-SE"}]}},"_links":{"self":[{"href":"https:\/\/abilica.com\/sv\/wp-json\/wp\/v2\/pages\/17441","targetHints":{"allow":["GET"]}}],"collection":[{"href":"https:\/\/abilica.com\/sv\/wp-json\/wp\/v2\/pages"}],"about":[{"href":"https:\/\/abilica.com\/sv\/wp-json\/wp\/v2\/types\/page"}],"author":[{"embeddable":true,"href":"https:\/\/abilica.com\/sv\/wp-json\/wp\/v2\/users\/2"}],"replies":[{"embeddable":true,"href":"https:\/\/abilica.com\/sv\/wp-json\/wp\/v2\/comments?post=17441"}],"version-history":[{"count":0,"href":"https:\/\/abilica.com\/sv\/wp-json\/wp\/v2\/pages\/17441\/revisions"}],"up":[{"embeddable":true,"href":"https:\/\/abilica.com\/sv\/wp-json\/wp\/v2\/pages\/3041"}],"wp:attachment":[{"href":"https:\/\/abilica.com\/sv\/wp-json\/wp\/v2\/media?parent=17441"}],"curies":[{"name":"wp","href":"https:\/\/api.w.org\/{rel}","templated":true}]}}