{"id":17449,"date":"2017-04-19T12:25:48","date_gmt":"2017-04-19T12:25:48","guid":{"rendered":"https:\/\/abilica.com\/se\/?page_id=17449"},"modified":"2017-08-29T11:43:52","modified_gmt":"2017-08-29T10:43:52","slug":"traningsprogram-till-abilica-wallball","status":"publish","type":"page","link":"https:\/\/abilica.com\/sv\/traningsprogram\/traningsprogram-till-abilica-wallball\/","title":{"rendered":"Tr\u00e4ningsprogram till Abilica WallBall"},"content":{"rendered":"<div class=\"wpb-content-wrapper\"><p>[vc_row full_width=&#8221;stretch_row_content&#8221; full_height=&#8221;yes&#8221; columns_placement=&#8221;bottom&#8221; css=&#8221;.vc_custom_1492588643251{background-image: url(https:\/\/abilica.com\/se\/wp-content\/uploads\/2017\/04\/wallball1.jpg?id=17442) !important;background-position: center !important;background-repeat: no-repeat !important;background-size: cover !important;}&#8221;][vc_column width=&#8221;1\/3&#8243;][\/vc_column][vc_column width=&#8221;1\/3&#8243;][vc_icon icon_fontawesome=&#8221;fa fa-angle-down&#8221; color=&#8221;white&#8221; size=&#8221;xl&#8221; align=&#8221;center&#8221;][\/vc_column][vc_column width=&#8221;1\/3&#8243;][\/vc_column][\/vc_row][vc_row][vc_column][vc_column_text]<\/p>\n<h2 style=\"text-align: left;\"><span style=\"color: #000000;\">Tr\u00e4ningsprogram till Abilica\u00a0WallBall<\/span><\/h2>\n<p>Boll n\u00e4stan helt utan studs, s\u00e4rskilt utvecklad f\u00f6r tunga WallBall-\u00f6vningar. Anv\u00e4nds mycket inom bland annat cross- fit. Bollen har en diameter p\u00e5 37 cm och \u00e4r tillverkad av slit- stark vinyl\/PVC med ett innanm\u00e4te av gummi och bomull. Abilica WallBall kan \u00e4ven anv\u00e4ndas till de flesta \u00f6vningar f\u00f6r traditionella medicinbollar. Du kan ocks\u00e5 anv\u00e4nda samma \u00f6vningar som med en Abilica MedicineBall. Se tr\u00e4ningsprogram f\u00f6r Abilica MedicineBall f\u00f6r flera \u00f6vningar.[\/vc_column_text][vc_empty_space][\/vc_column][\/vc_row][vc_row][vc_column][title text=&#8221;K\u00f6p din WallBall nu.&#8221; text_align=&#8221;left&#8221;][\/vc_column][\/vc_row][vc_row][vc_column width=&#8221;1\/2&#8243;][product_mod id=&#8221;2272&#8243;][\/vc_column][vc_column width=&#8221;1\/2&#8243;][\/vc_column][\/vc_row][vc_row][vc_column][vc_empty_space][vc_btn title=&#8221;Ladda hem tr\u00e4ningsprogrammet i PDF&#8221; style=&#8221;flat&#8221; color=&#8221;danger&#8221; i_icon_fontawesome=&#8221;fa fa-file-pdf-o&#8221; add_icon=&#8221;true&#8221; link=&#8221;url:http%3A%2F%2Fabilica.com\/se%2Fwp-content%2Fuploads%2F2017%2F02%2FAbilica-WallBall.pdf||target:%20_blank|&#8221;][\/vc_column][\/vc_row][vc_row css=&#8221;.vc_custom_1492108997727{background-position: center !important;background-repeat: no-repeat !important;background-size: cover !important;}&#8221;][vc_column][vc_column_text]<\/p>\n<h2 style=\"text-align: left;\">1.<\/h2>\n<p><strong>3 x 12 repetitioner\u00a0<\/strong><\/p>\n<p>H\u00e5ll Abilica WallBall framf\u00f6r br\u00f6stet med b\u00e5da h\u00e4nderna. St\u00e5 med h\u00f6ftbredd mellan benen, och ca 1 meter fr\u00e5n v\u00e4ggen. B\u00f6j p\u00e5 kn\u00e4na, s\u00e4tt dig lugnt ner med s\u00e4tet bak\u00e5t och ryggen rak. Se till att kn\u00e4na inte passerar framf\u00f6r t\u00e5rna. S\u00e4nk dig ner tills h\u00f6ften \u00e4r i linje med dina kn\u00e4n och bollen fortfarande \u00e4r framf\u00f6r br\u00f6stet. Res dig upp igen och kasta bollen s\u00e5 h\u00f6gt du kan upp p\u00e5 v\u00e4ggen. F\u00e5nga bollen p\u00e5 v\u00e4gen ner och upprepa r\u00f6relsen. H\u00e5ll andan p\u00e5 v\u00e4gen ner och andas ut n\u00e4r du reser dig upp och ska kasta bollen.[\/vc_column_text][vc_single_image image=&#8221;17507&#8243; img_size=&#8221;full&#8221; alignment=&#8221;center&#8221;][vc_empty_space height=&#8221;62px&#8221;][\/vc_column][\/vc_row][vc_row full_width=&#8221;stretch_row_content&#8221; css=&#8221;.vc_custom_1504003429949{background-color: #ff0000 !important;}&#8221;][vc_column][title text=&#8221;K\u00f6p din Abilica WallBall nu.&#8221; tag=&#8221;h2&#8243; color=&#8221;#000000&#8243; text_align=&#8221;center&#8221;][vc_empty_space][\/vc_column][\/vc_row][vc_row][vc_column width=&#8221;1\/4&#8243;][\/vc_column][vc_column width=&#8221;1\/2&#8243;][product_mod id=&#8221;2272&#8243;][vc_empty_space][\/vc_column][vc_column width=&#8221;1\/4&#8243;][\/vc_column][\/vc_row][vc_row full_width=&#8221;stretch_row_content&#8221; full_height=&#8221;yes&#8221; css=&#8221;.vc_custom_1492588544762{background-image: url(https:\/\/abilica.com\/se\/wp-content\/uploads\/2017\/04\/wallball3.jpg?id=17444) !important;background-position: center !important;background-repeat: no-repeat !important;background-size: cover !important;}&#8221;][vc_column][\/vc_column][\/vc_row]<\/p>\n<\/div>","protected":false},"excerpt":{"rendered":"<p>[vc_row full_width=&#8221;stretch_row_content&#8221; full_height=&#8221;yes&#8221; columns_placement=&#8221;bottom&#8221; css=&#8221;.vc_custom_1492588643251{background-image: url(https:\/\/abilica.com\/se\/wp-content\/uploads\/2017\/04\/wallball1.jpg?id=17442) !important;background-position: center !important;background-repeat: no-repeat !important;background-size: cover !important;}&#8221;][vc_column width=&#8221;1\/3&#8243;][\/vc_column][vc_column width=&#8221;1\/3&#8243;][vc_icon&#8230;<\/p>\n","protected":false},"author":2,"featured_media":0,"parent":3041,"menu_order":0,"comment_status":"closed","ping_status":"closed","template":"","meta":{"_acf_changed":false,"footnotes":""},"class_list":["post-17449","page","type-page","status-publish","hentry"],"acf":[],"yoast_head":"<!-- This site is optimized with the Yoast SEO Premium plugin v21.1 (Yoast SEO v25.4) - https:\/\/yoast.com\/wordpress\/plugins\/seo\/ -->\n<title>Tr\u00e4ningsprogram till Abilica WallBall &#8226; Abilica<\/title>\n<meta name=\"robots\" content=\"index, follow, max-snippet:-1, max-image-preview:large, max-video-preview:-1\" \/>\n<link rel=\"canonical\" href=\"https:\/\/abilica.com\/sv\/traningsprogram\/traningsprogram-till-abilica-wallball\/\" \/>\n<meta property=\"og:locale\" content=\"sv_SE\" \/>\n<meta property=\"og:type\" content=\"article\" \/>\n<meta property=\"og:title\" content=\"Tr\u00e4ningsprogram till Abilica WallBall\" \/>\n<meta property=\"og:description\" content=\"[vc_row full_width=&#8221;stretch_row_content&#8221; full_height=&#8221;yes&#8221; columns_placement=&#8221;bottom&#8221; css=&#8221;.vc_custom_1492588643251{background-image: url(https:\/\/abilica.com\/se\/wp-content\/uploads\/2017\/04\/wallball1.jpg?id=17442) !important;background-position: center !important;background-repeat: no-repeat !important;background-size: cover !important;}&#8221;][vc_column width=&#8221;1\/3&#8243;][\/vc_column][vc_column width=&#8221;1\/3&#8243;][vc_icon...\" \/>\n<meta property=\"og:url\" content=\"https:\/\/abilica.com\/sv\/traningsprogram\/traningsprogram-till-abilica-wallball\/\" \/>\n<meta property=\"og:site_name\" content=\"Abilica\" \/>\n<meta property=\"article:publisher\" content=\"https:\/\/www.facebook.com\/abilicahometraining\/\" \/>\n<meta property=\"article:modified_time\" content=\"2017-08-29T10:43:52+00:00\" \/>\n<meta name=\"twitter:card\" content=\"summary_large_image\" \/>\n<meta name=\"twitter:label1\" content=\"Ber\u00e4knad l\u00e4stid\" \/>\n\t<meta name=\"twitter:data1\" content=\"3 minuter\" \/>\n<script type=\"application\/ld+json\" class=\"yoast-schema-graph\">{\"@context\":\"https:\/\/schema.org\",\"@graph\":[{\"@type\":\"WebPage\",\"@id\":\"https:\/\/abilica.com\/sv\/traningsprogram\/traningsprogram-till-abilica-wallball\/\",\"url\":\"https:\/\/abilica.com\/sv\/traningsprogram\/traningsprogram-till-abilica-wallball\/\",\"name\":\"Tr\u00e4ningsprogram till Abilica WallBall &#8226; Abilica\",\"isPartOf\":{\"@id\":\"https:\/\/abilica.com\/#website\"},\"datePublished\":\"2017-04-19T12:25:48+00:00\",\"dateModified\":\"2017-08-29T10:43:52+00:00\",\"breadcrumb\":{\"@id\":\"https:\/\/abilica.com\/sv\/traningsprogram\/traningsprogram-till-abilica-wallball\/#breadcrumb\"},\"inLanguage\":\"sv-SE\",\"potentialAction\":[{\"@type\":\"ReadAction\",\"target\":[\"https:\/\/abilica.com\/sv\/traningsprogram\/traningsprogram-till-abilica-wallball\/\"]}]},{\"@type\":\"BreadcrumbList\",\"@id\":\"https:\/\/abilica.com\/sv\/traningsprogram\/traningsprogram-till-abilica-wallball\/#breadcrumb\",\"itemListElement\":[{\"@type\":\"ListItem\",\"position\":1,\"name\":\"Hem\",\"item\":\"https:\/\/abilica.com\/sv\/\"},{\"@type\":\"ListItem\",\"position\":2,\"name\":\"Tr\u00e4ningsprogram\",\"item\":\"https:\/\/abilica.com\/sv\/traningsprogram\/\"},{\"@type\":\"ListItem\",\"position\":3,\"name\":\"Tr\u00e4ningsprogram till Abilica WallBall\"}]},{\"@type\":\"WebSite\",\"@id\":\"https:\/\/abilica.com\/#website\",\"url\":\"https:\/\/abilica.com\/\",\"name\":\"Abilica\",\"description\":\"Abilica Home Training\",\"potentialAction\":[{\"@type\":\"SearchAction\",\"target\":{\"@type\":\"EntryPoint\",\"urlTemplate\":\"https:\/\/abilica.com\/?s={search_term_string}\"},\"query-input\":{\"@type\":\"PropertyValueSpecification\",\"valueRequired\":true,\"valueName\":\"search_term_string\"}}],\"inLanguage\":\"sv-SE\"}]}<\/script>\n<!-- \/ Yoast SEO Premium plugin. -->","yoast_head_json":{"title":"Tr\u00e4ningsprogram till Abilica WallBall &#8226; Abilica","robots":{"index":"index","follow":"follow","max-snippet":"max-snippet:-1","max-image-preview":"max-image-preview:large","max-video-preview":"max-video-preview:-1"},"canonical":"https:\/\/abilica.com\/sv\/traningsprogram\/traningsprogram-till-abilica-wallball\/","og_locale":"sv_SE","og_type":"article","og_title":"Tr\u00e4ningsprogram till Abilica WallBall","og_description":"[vc_row full_width=&#8221;stretch_row_content&#8221; full_height=&#8221;yes&#8221; columns_placement=&#8221;bottom&#8221; css=&#8221;.vc_custom_1492588643251{background-image: url(https:\/\/abilica.com\/se\/wp-content\/uploads\/2017\/04\/wallball1.jpg?id=17442) !important;background-position: center !important;background-repeat: no-repeat !important;background-size: cover !important;}&#8221;][vc_column width=&#8221;1\/3&#8243;][\/vc_column][vc_column width=&#8221;1\/3&#8243;][vc_icon...","og_url":"https:\/\/abilica.com\/sv\/traningsprogram\/traningsprogram-till-abilica-wallball\/","og_site_name":"Abilica","article_publisher":"https:\/\/www.facebook.com\/abilicahometraining\/","article_modified_time":"2017-08-29T10:43:52+00:00","twitter_card":"summary_large_image","twitter_misc":{"Ber\u00e4knad l\u00e4stid":"3 minuter"},"schema":{"@context":"https:\/\/schema.org","@graph":[{"@type":"WebPage","@id":"https:\/\/abilica.com\/sv\/traningsprogram\/traningsprogram-till-abilica-wallball\/","url":"https:\/\/abilica.com\/sv\/traningsprogram\/traningsprogram-till-abilica-wallball\/","name":"Tr\u00e4ningsprogram till Abilica WallBall &#8226; Abilica","isPartOf":{"@id":"https:\/\/abilica.com\/#website"},"datePublished":"2017-04-19T12:25:48+00:00","dateModified":"2017-08-29T10:43:52+00:00","breadcrumb":{"@id":"https:\/\/abilica.com\/sv\/traningsprogram\/traningsprogram-till-abilica-wallball\/#breadcrumb"},"inLanguage":"sv-SE","potentialAction":[{"@type":"ReadAction","target":["https:\/\/abilica.com\/sv\/traningsprogram\/traningsprogram-till-abilica-wallball\/"]}]},{"@type":"BreadcrumbList","@id":"https:\/\/abilica.com\/sv\/traningsprogram\/traningsprogram-till-abilica-wallball\/#breadcrumb","itemListElement":[{"@type":"ListItem","position":1,"name":"Hem","item":"https:\/\/abilica.com\/sv\/"},{"@type":"ListItem","position":2,"name":"Tr\u00e4ningsprogram","item":"https:\/\/abilica.com\/sv\/traningsprogram\/"},{"@type":"ListItem","position":3,"name":"Tr\u00e4ningsprogram till Abilica WallBall"}]},{"@type":"WebSite","@id":"https:\/\/abilica.com\/#website","url":"https:\/\/abilica.com\/","name":"Abilica","description":"Abilica Home Training","potentialAction":[{"@type":"SearchAction","target":{"@type":"EntryPoint","urlTemplate":"https:\/\/abilica.com\/?s={search_term_string}"},"query-input":{"@type":"PropertyValueSpecification","valueRequired":true,"valueName":"search_term_string"}}],"inLanguage":"sv-SE"}]}},"_links":{"self":[{"href":"https:\/\/abilica.com\/sv\/wp-json\/wp\/v2\/pages\/17449","targetHints":{"allow":["GET"]}}],"collection":[{"href":"https:\/\/abilica.com\/sv\/wp-json\/wp\/v2\/pages"}],"about":[{"href":"https:\/\/abilica.com\/sv\/wp-json\/wp\/v2\/types\/page"}],"author":[{"embeddable":true,"href":"https:\/\/abilica.com\/sv\/wp-json\/wp\/v2\/users\/2"}],"replies":[{"embeddable":true,"href":"https:\/\/abilica.com\/sv\/wp-json\/wp\/v2\/comments?post=17449"}],"version-history":[{"count":0,"href":"https:\/\/abilica.com\/sv\/wp-json\/wp\/v2\/pages\/17449\/revisions"}],"up":[{"embeddable":true,"href":"https:\/\/abilica.com\/sv\/wp-json\/wp\/v2\/pages\/3041"}],"wp:attachment":[{"href":"https:\/\/abilica.com\/sv\/wp-json\/wp\/v2\/media?parent=17449"}],"curies":[{"name":"wp","href":"https:\/\/api.w.org\/{rel}","templated":true}]}}