{"id":17471,"date":"2017-04-19T11:48:32","date_gmt":"2017-04-19T11:48:32","guid":{"rendered":"https:\/\/abilica.com\/se\/?page_id=17471"},"modified":"2020-03-05T09:17:02","modified_gmt":"2020-03-05T08:17:02","slug":"traningsprogram-till-abilica-bigbalance","status":"publish","type":"page","link":"https:\/\/abilica.com\/sv\/traningsprogram\/traningsprogram-till-abilica-bigbalance\/","title":{"rendered":"Tr\u00e4ningsprogram till Abilica BigBalance"},"content":{"rendered":"<div class=\"wpb-content-wrapper\"><p>[vc_row full_width=&#8221;stretch_row_content&#8221; full_height=&#8221;yes&#8221; columns_placement=&#8221;bottom&#8221; css=&#8221;.vc_custom_1492602651049{background-image: url(https:\/\/abilica.com\/se\/wp-content\/uploads\/2017\/04\/bigbalance2.jpg?id=17474) !important;background-position: center !important;background-repeat: no-repeat !important;background-size: cover !important;}&#8221;][vc_column width=&#8221;1\/3&#8243;][\/vc_column][vc_column width=&#8221;1\/3&#8243;][vc_icon icon_fontawesome=&#8221;fa fa-angle-down&#8221; color=&#8221;white&#8221; size=&#8221;xl&#8221; align=&#8221;center&#8221;][\/vc_column][vc_column width=&#8221;1\/3&#8243;][\/vc_column][\/vc_row][vc_row][vc_column][vc_column_text]<\/p>\n<h2 style=\"text-align: left;\"><span style=\"color: #000000;\">Tr\u00e4ningsprogram till Abilica\u00a0BigBalance<\/span><\/h2>\n<p>Abilica BigBalance balanskudde ger effektiv tr\u00e4ning av balansen, och kan enkelt kombineras med andra produkter f\u00f6r att \u00f6ka aktiveringen av k\u00e4rnmuskulatur, till exempel vid anv\u00e4ndning av slynga.[\/vc_column_text][vc_empty_space][\/vc_column][\/vc_row][vc_row][vc_column][title text=&#8221;K\u00f6p BigBalance nu.&#8221; text_align=&#8221;left&#8221;][\/vc_column][\/vc_row][vc_row][vc_column width=&#8221;1\/2&#8243;][product_mod id=&#8221;1501&#8243;][\/vc_column][vc_column width=&#8221;1\/2&#8243;][\/vc_column][\/vc_row][vc_row][vc_column][vc_empty_space][vc_btn title=&#8221;Ladda hem tr\u00e4ningsprogrammet i PDF&#8221; style=&#8221;flat&#8221; color=&#8221;black&#8221; i_icon_fontawesome=&#8221;fa fa-file-pdf-o&#8221; add_icon=&#8221;true&#8221; link=&#8221;url:http%3A%2F%2Fabilica.com\/se%2Fwp-content%2Fuploads%2F2017%2F02%2FAbilica-BigBalance.pdf||target:%20_blank|&#8221;][\/vc_column][\/vc_row][vc_row css=&#8221;.vc_custom_1492108997727{background-position: center !important;background-repeat: no-repeat !important;background-size: cover !important;}&#8221;][vc_column][vc_column_text]<\/p>\n<h2 style=\"text-align: left;\">1.<\/h2>\n<p><strong>1-fots balans\u00a0<\/strong><br \/>\n<strong>3 set x 1 min per fot\u00a0<\/strong><\/p>\n<p>St\u00e4ll dig mitt p\u00e5 BigBalance. Sp\u00e4nn din k\u00e4rnmuskulatur och anv\u00e4nd h\u00e4nderna f\u00f6r att h\u00e5lla balansen\/ uppr\u00e4tth\u00e5lla h\u00e5llningen. Lek och utmana din balans genom att st\u00e4nga ena \u00f6gat, h\u00e5ll armarna n\u00e4ra kroppen och armarna bakom huvudet.[\/vc_column_text][vc_single_image image=&#8221;17517&#8243; img_size=&#8221;full&#8221; alignment=&#8221;center&#8221;][\/vc_column][\/vc_row][vc_row][vc_column][vc_column_text]<\/p>\n<h2 style=\"text-align: left;\">\u00a02.<\/h2>\n<p><strong>Kn\u00e4b\u00f6j p\u00e5 BigBalance\u00a0<\/strong><br \/>\n<strong>3 x 15 repetitioner<\/strong><\/p>\n<p>St\u00e4ll dig med h\u00f6ftbredd mellan benen p\u00e5 BigBalance. H\u00e5ll h\u00e4nderna framf\u00f6r kroppen under hela r\u00f6relsen. B\u00f6j p\u00e5 kn\u00e4na, s\u00e4tt dig ner lugnt med\u00a0 s\u00e4tet bak\u00e5t och ryggen rak. Se till att kn\u00e4na inte passerar framf\u00f6r t\u00e5rna. S\u00e4nk dig ner tills h\u00f6fterna \u00e4r i niv\u00e5 med kn\u00e4na och res dig lugnt igen. H\u00e5ll andan p\u00e5 v\u00e4gen ner och andas normalt n\u00e4r du reser dig.[\/vc_column_text][vc_single_image image=&#8221;17511&#8243; img_size=&#8221;full&#8221; alignment=&#8221;center&#8221;][\/vc_column][\/vc_row][vc_row][vc_column][vc_column_text]<\/p>\n<h2 style=\"text-align: left;\">3.<\/h2>\n<p><strong>1-fots kn\u00e4b\u00f6j p\u00e5 BigBalance\u00a0<\/strong><br \/>\n<strong>3 x 10 repetitioner per fot<\/strong><\/p>\n<p>St\u00e4ll dig mitt p\u00e5 BigBalance med en fot. Anv\u00e4nd h\u00e4nderna f\u00f6r att h\u00e5lla balansen genom hela r\u00f6relsen. B\u00f6j ditt kn\u00e4, s\u00e4tt dig lugnt ner med s\u00e4tet bak\u00e5t, b\u00f6j \u00f6verkroppen fram\u00e5t och s\u00e4nka dig ner till h\u00f6fterna \u00e4r i niv\u00e5 med kn\u00e4na och res dig upp igen. Se till att ditt kn\u00e4 inte passerar framf\u00f6r dina t\u00e5r. H\u00e5ll andan p\u00e5 v\u00e4gen ner och andas normalt n\u00e4r du reser dig.[\/vc_column_text][vc_single_image image=&#8221;17512&#8243; img_size=&#8221;full&#8221; alignment=&#8221;center&#8221;][\/vc_column][\/vc_row][vc_row][vc_column][vc_column_text]<\/p>\n<h2 style=\"text-align: left;\">4.<\/h2>\n<p><strong>Statisk sit-up p\u00e5 BigBalance\u00a0<\/strong><br \/>\n<strong>3 x 1 minut\u00a0<\/strong><\/p>\n<p>S\u00e4tt dig med s\u00e4tet p\u00e5 BigBalance. H\u00e5ll h\u00e4nderna l\u00e4ngs kroppen och anv\u00e4nd dessa f\u00f6r att h\u00e5lla balansen. Luta dig lugnt tillbaka tills du k\u00e4nner att du m\u00e5ste anv\u00e4nda magmusklerna f\u00f6r att h\u00e5lla dig uppe. H\u00e5ll ryggen rak.\u00a0F\u00f6rs\u00f6k att str\u00e4cka ut benen f\u00f6r att \u00f6ka sv\u00e5righeten.[\/vc_column_text][vc_single_image image=&#8221;17513&#8243; img_size=&#8221;full&#8221; alignment=&#8221;center&#8221;][\/vc_column][\/vc_row][vc_row full_width=&#8221;stretch_row_content&#8221; full_height=&#8221;yes&#8221; css=&#8221;.vc_custom_1492602681593{background-image: url(https:\/\/abilica.com\/se\/wp-content\/uploads\/2017\/04\/bigbalance1.jpg?id=17473) !important;background-position: center !important;background-repeat: no-repeat !important;background-size: cover !important;}&#8221;][vc_column][\/vc_column][\/vc_row][vc_row][vc_column][vc_column_text]<\/p>\n<h2 style=\"text-align: left;\">5.<\/h2>\n<p><strong>1-bens h\u00f6fthev p\u00e5 BigBalance\u00a0<\/strong><br \/>\n<strong>3 x 10 repetitioner per fot\u00a0<\/strong><\/p>\n<p>Ligg p\u00e5 rygg med ena foten p\u00e5 BigBalance. Lyft t\u00e5rna fr\u00e5n marken, men h\u00e5ll h\u00e4len p\u00e5 BigBalance under hela r\u00f6relsen. R\u00f6relsen b\u00f6rjar med att lyfta h\u00f6fterna lugnt och kontrollerat fr\u00e5n marken medan du stramar baksidan, rumpan och k\u00e4rnmuskulaturen. S\u00e4nk h\u00f6ften lugnt mot marken igen och upprepa r\u00f6relsen. Motsatt fot ska du h\u00e5lla parallellt med foten som arbetar. Andas l\u00e5ngsamt och kontrollerat genom hela r\u00f6relsen.[\/vc_column_text][vc_single_image image=&#8221;17514&#8243; img_size=&#8221;full&#8221; alignment=&#8221;center&#8221;][\/vc_column][\/vc_row][vc_row][vc_column][vc_column_text]<\/p>\n<h2 style=\"text-align: left;\">6.<\/h2>\n<p><strong>Push ups p\u00e5 BigBalance\u00a0<\/strong><br \/>\n<strong>3 x 6 upprepningar per arm<\/strong><\/p>\n<p>St\u00e4ll dig i push-ups l\u00e4ge med en hand p\u00e5 BigBalance, antingen p\u00e5 t\u00e5rna eller kn\u00e4na. Dra \u00e5t k\u00e4rnmuskulaturen och h\u00e5ll kroppen rak genom hela r\u00f6relsen. S\u00e4nk \u00f6verkroppen lugnt mot marken och v\u00e4nd p\u00e5 r\u00f6relsen n\u00e4r br\u00f6stet vidr\u00f6r BigBalance. H\u00e5ll andan p\u00e5 v\u00e4gen ner och andas ut n\u00e4r du pressar upp dig fr\u00e5n marken till ditt ursprungliga l\u00e4ge.[\/vc_column_text][vc_single_image image=&#8221;17515&#8243; img_size=&#8221;full&#8221; alignment=&#8221;center&#8221;][\/vc_column][\/vc_row][vc_row][vc_column][vc_column_text]<\/p>\n<h2 style=\"text-align: left;\">7.<\/h2>\n<p><strong>Sidlyft p\u00e5 BigBalance\u00a0<\/strong><br \/>\n<strong>3 x 10 repetitioner per sida<\/strong><\/p>\n<p>S\u00e4tt dig p\u00e5 sidan av h\u00f6ften p\u00e5 toppen av BigBalance och st\u00f6dja dig med armarna f\u00f6r att h\u00e5lla balansen. Lyft p\u00e5 benen s\u00e5 h\u00f6gt du kan genom att arbeta med de sneda magmusklerna. S\u00e4nk benen lugnt ner igen och upprepa r\u00f6relsen.[\/vc_column_text][vc_single_image image=&#8221;17516&#8243; img_size=&#8221;full&#8221; alignment=&#8221;center&#8221;][\/vc_column][\/vc_row][vc_row full_width=&#8221;stretch_row_content&#8221; css=&#8221;.vc_custom_1494856435918{background-color: #84bd00 !important;}&#8221;][vc_column][title text=&#8221;K\u00f6p din Abilica BigBalance nu.&#8221; tag=&#8221;h2&#8243; color=&#8221;#ffffff&#8221; text_align=&#8221;center&#8221;][vc_empty_space][\/vc_column][\/vc_row][vc_row][vc_column width=&#8221;1\/4&#8243;][\/vc_column][vc_column width=&#8221;1\/2&#8243;][product_mod id=&#8221;1501&#8243;][vc_empty_space][\/vc_column][vc_column width=&#8221;1\/4&#8243;][\/vc_column][\/vc_row][vc_row full_width=&#8221;stretch_row_content&#8221; full_height=&#8221;yes&#8221; css=&#8221;.vc_custom_1492602835930{background-image: url(https:\/\/abilica.com\/se\/wp-content\/uploads\/2017\/04\/bigbalance4.jpg?id=17479) !important;background-position: center !important;background-repeat: no-repeat !important;background-size: cover !important;}&#8221;][vc_column][\/vc_column][\/vc_row]<\/p>\n<\/div>","protected":false},"excerpt":{"rendered":"<p>[vc_row full_width=&#8221;stretch_row_content&#8221; full_height=&#8221;yes&#8221; columns_placement=&#8221;bottom&#8221; css=&#8221;.vc_custom_1492602651049{background-image: url(https:\/\/abilica.com\/se\/wp-content\/uploads\/2017\/04\/bigbalance2.jpg?id=17474) !important;background-position: center !important;background-repeat: no-repeat !important;background-size: cover !important;}&#8221;][vc_column width=&#8221;1\/3&#8243;][\/vc_column][vc_column width=&#8221;1\/3&#8243;][vc_icon&#8230;<\/p>\n","protected":false},"author":2,"featured_media":0,"parent":3041,"menu_order":0,"comment_status":"closed","ping_status":"closed","template":"","meta":{"_acf_changed":false,"footnotes":""},"class_list":["post-17471","page","type-page","status-publish","hentry"],"acf":[],"yoast_head":"<!-- This site is optimized with the Yoast SEO Premium plugin v21.1 (Yoast SEO v25.4) - https:\/\/yoast.com\/wordpress\/plugins\/seo\/ -->\n<title>\u00d6vningar med BigBalance balanskudde | Tr\u00e4ningsprogram | Abilica<\/title>\n<meta name=\"description\" content=\"Beh\u00f6ver du \u00f6vningar f\u00f6r tr\u00e4ning p\u00e5 balanskudde? H\u00e4r hittar du ett skr\u00e4ddarsytt tr\u00e4ningsprogram f\u00f6r b\u00e4ttre balans. Ladda ner gratis via app eller PDF h\u00e4r!\" \/>\n<meta name=\"robots\" content=\"index, follow, max-snippet:-1, max-image-preview:large, max-video-preview:-1\" \/>\n<link rel=\"canonical\" href=\"https:\/\/abilica.com\/sv\/traningsprogram\/traningsprogram-till-abilica-bigbalance\/\" \/>\n<meta property=\"og:locale\" content=\"sv_SE\" \/>\n<meta property=\"og:type\" content=\"article\" \/>\n<meta property=\"og:title\" content=\"Tr\u00e4ningsprogram till Abilica BigBalance\" \/>\n<meta property=\"og:description\" content=\"Beh\u00f6ver du \u00f6vningar f\u00f6r tr\u00e4ning p\u00e5 balanskudde? H\u00e4r hittar du ett skr\u00e4ddarsytt tr\u00e4ningsprogram f\u00f6r b\u00e4ttre balans. Ladda ner gratis via app eller PDF h\u00e4r!\" \/>\n<meta property=\"og:url\" content=\"https:\/\/abilica.com\/sv\/traningsprogram\/traningsprogram-till-abilica-bigbalance\/\" \/>\n<meta property=\"og:site_name\" content=\"Abilica\" \/>\n<meta property=\"article:publisher\" content=\"https:\/\/www.facebook.com\/abilicahometraining\/\" \/>\n<meta property=\"article:modified_time\" content=\"2020-03-05T08:17:02+00:00\" \/>\n<meta name=\"twitter:card\" content=\"summary_large_image\" \/>\n<meta name=\"twitter:label1\" content=\"Ber\u00e4knad l\u00e4stid\" \/>\n\t<meta name=\"twitter:data1\" content=\"5 minuter\" \/>\n<script type=\"application\/ld+json\" class=\"yoast-schema-graph\">{\"@context\":\"https:\/\/schema.org\",\"@graph\":[{\"@type\":\"WebPage\",\"@id\":\"https:\/\/abilica.com\/sv\/traningsprogram\/traningsprogram-till-abilica-bigbalance\/\",\"url\":\"https:\/\/abilica.com\/sv\/traningsprogram\/traningsprogram-till-abilica-bigbalance\/\",\"name\":\"\u00d6vningar med BigBalance balanskudde | Tr\u00e4ningsprogram | Abilica\",\"isPartOf\":{\"@id\":\"https:\/\/abilica.com\/#website\"},\"datePublished\":\"2017-04-19T11:48:32+00:00\",\"dateModified\":\"2020-03-05T08:17:02+00:00\",\"description\":\"Beh\u00f6ver du \u00f6vningar f\u00f6r tr\u00e4ning p\u00e5 balanskudde? H\u00e4r hittar du ett skr\u00e4ddarsytt tr\u00e4ningsprogram f\u00f6r b\u00e4ttre balans. Ladda ner gratis via app eller PDF h\u00e4r!\",\"breadcrumb\":{\"@id\":\"https:\/\/abilica.com\/sv\/traningsprogram\/traningsprogram-till-abilica-bigbalance\/#breadcrumb\"},\"inLanguage\":\"sv-SE\",\"potentialAction\":[{\"@type\":\"ReadAction\",\"target\":[\"https:\/\/abilica.com\/sv\/traningsprogram\/traningsprogram-till-abilica-bigbalance\/\"]}]},{\"@type\":\"BreadcrumbList\",\"@id\":\"https:\/\/abilica.com\/sv\/traningsprogram\/traningsprogram-till-abilica-bigbalance\/#breadcrumb\",\"itemListElement\":[{\"@type\":\"ListItem\",\"position\":1,\"name\":\"Hem\",\"item\":\"https:\/\/abilica.com\/sv\/\"},{\"@type\":\"ListItem\",\"position\":2,\"name\":\"Tr\u00e4ningsprogram\",\"item\":\"https:\/\/abilica.com\/sv\/traningsprogram\/\"},{\"@type\":\"ListItem\",\"position\":3,\"name\":\"Tr\u00e4ningsprogram till Abilica BigBalance\"}]},{\"@type\":\"WebSite\",\"@id\":\"https:\/\/abilica.com\/#website\",\"url\":\"https:\/\/abilica.com\/\",\"name\":\"Abilica\",\"description\":\"Abilica Home Training\",\"potentialAction\":[{\"@type\":\"SearchAction\",\"target\":{\"@type\":\"EntryPoint\",\"urlTemplate\":\"https:\/\/abilica.com\/?s={search_term_string}\"},\"query-input\":{\"@type\":\"PropertyValueSpecification\",\"valueRequired\":true,\"valueName\":\"search_term_string\"}}],\"inLanguage\":\"sv-SE\"}]}<\/script>\n<!-- \/ Yoast SEO Premium plugin. -->","yoast_head_json":{"title":"\u00d6vningar med BigBalance balanskudde | Tr\u00e4ningsprogram | Abilica","description":"Beh\u00f6ver du \u00f6vningar f\u00f6r tr\u00e4ning p\u00e5 balanskudde? H\u00e4r hittar du ett skr\u00e4ddarsytt tr\u00e4ningsprogram f\u00f6r b\u00e4ttre balans. Ladda ner gratis via app eller PDF h\u00e4r!","robots":{"index":"index","follow":"follow","max-snippet":"max-snippet:-1","max-image-preview":"max-image-preview:large","max-video-preview":"max-video-preview:-1"},"canonical":"https:\/\/abilica.com\/sv\/traningsprogram\/traningsprogram-till-abilica-bigbalance\/","og_locale":"sv_SE","og_type":"article","og_title":"Tr\u00e4ningsprogram till Abilica BigBalance","og_description":"Beh\u00f6ver du \u00f6vningar f\u00f6r tr\u00e4ning p\u00e5 balanskudde? H\u00e4r hittar du ett skr\u00e4ddarsytt tr\u00e4ningsprogram f\u00f6r b\u00e4ttre balans. Ladda ner gratis via app eller PDF h\u00e4r!","og_url":"https:\/\/abilica.com\/sv\/traningsprogram\/traningsprogram-till-abilica-bigbalance\/","og_site_name":"Abilica","article_publisher":"https:\/\/www.facebook.com\/abilicahometraining\/","article_modified_time":"2020-03-05T08:17:02+00:00","twitter_card":"summary_large_image","twitter_misc":{"Ber\u00e4knad l\u00e4stid":"5 minuter"},"schema":{"@context":"https:\/\/schema.org","@graph":[{"@type":"WebPage","@id":"https:\/\/abilica.com\/sv\/traningsprogram\/traningsprogram-till-abilica-bigbalance\/","url":"https:\/\/abilica.com\/sv\/traningsprogram\/traningsprogram-till-abilica-bigbalance\/","name":"\u00d6vningar med BigBalance balanskudde | Tr\u00e4ningsprogram | Abilica","isPartOf":{"@id":"https:\/\/abilica.com\/#website"},"datePublished":"2017-04-19T11:48:32+00:00","dateModified":"2020-03-05T08:17:02+00:00","description":"Beh\u00f6ver du \u00f6vningar f\u00f6r tr\u00e4ning p\u00e5 balanskudde? H\u00e4r hittar du ett skr\u00e4ddarsytt tr\u00e4ningsprogram f\u00f6r b\u00e4ttre balans. Ladda ner gratis via app eller PDF h\u00e4r!","breadcrumb":{"@id":"https:\/\/abilica.com\/sv\/traningsprogram\/traningsprogram-till-abilica-bigbalance\/#breadcrumb"},"inLanguage":"sv-SE","potentialAction":[{"@type":"ReadAction","target":["https:\/\/abilica.com\/sv\/traningsprogram\/traningsprogram-till-abilica-bigbalance\/"]}]},{"@type":"BreadcrumbList","@id":"https:\/\/abilica.com\/sv\/traningsprogram\/traningsprogram-till-abilica-bigbalance\/#breadcrumb","itemListElement":[{"@type":"ListItem","position":1,"name":"Hem","item":"https:\/\/abilica.com\/sv\/"},{"@type":"ListItem","position":2,"name":"Tr\u00e4ningsprogram","item":"https:\/\/abilica.com\/sv\/traningsprogram\/"},{"@type":"ListItem","position":3,"name":"Tr\u00e4ningsprogram till Abilica BigBalance"}]},{"@type":"WebSite","@id":"https:\/\/abilica.com\/#website","url":"https:\/\/abilica.com\/","name":"Abilica","description":"Abilica Home Training","potentialAction":[{"@type":"SearchAction","target":{"@type":"EntryPoint","urlTemplate":"https:\/\/abilica.com\/?s={search_term_string}"},"query-input":{"@type":"PropertyValueSpecification","valueRequired":true,"valueName":"search_term_string"}}],"inLanguage":"sv-SE"}]}},"_links":{"self":[{"href":"https:\/\/abilica.com\/sv\/wp-json\/wp\/v2\/pages\/17471","targetHints":{"allow":["GET"]}}],"collection":[{"href":"https:\/\/abilica.com\/sv\/wp-json\/wp\/v2\/pages"}],"about":[{"href":"https:\/\/abilica.com\/sv\/wp-json\/wp\/v2\/types\/page"}],"author":[{"embeddable":true,"href":"https:\/\/abilica.com\/sv\/wp-json\/wp\/v2\/users\/2"}],"replies":[{"embeddable":true,"href":"https:\/\/abilica.com\/sv\/wp-json\/wp\/v2\/comments?post=17471"}],"version-history":[{"count":0,"href":"https:\/\/abilica.com\/sv\/wp-json\/wp\/v2\/pages\/17471\/revisions"}],"up":[{"embeddable":true,"href":"https:\/\/abilica.com\/sv\/wp-json\/wp\/v2\/pages\/3041"}],"wp:attachment":[{"href":"https:\/\/abilica.com\/sv\/wp-json\/wp\/v2\/media?parent=17471"}],"curies":[{"name":"wp","href":"https:\/\/api.w.org\/{rel}","templated":true}]}}