{"id":17603,"date":"2017-04-21T07:57:07","date_gmt":"2017-04-21T07:57:07","guid":{"rendered":"https:\/\/abilica.com\/se\/?page_id=17603"},"modified":"2017-10-02T08:02:54","modified_gmt":"2017-10-02T07:02:54","slug":"traningsprogram-till-abilica-fitnessball","status":"publish","type":"page","link":"https:\/\/abilica.com\/sv\/traningsprogram\/traningsprogram-till-abilica-fitnessball\/","title":{"rendered":"Tr\u00e4ningsprogram till Abilica FitnessBall"},"content":{"rendered":"<div class=\"wpb-content-wrapper\"><p>[vc_row full_width=&#8221;stretch_row_content&#8221; full_height=&#8221;yes&#8221; columns_placement=&#8221;bottom&#8221; css=&#8221;.vc_custom_1492761674783{background-image: url(https:\/\/abilica.com\/se\/wp-content\/uploads\/2017\/04\/fitnessball2.jpg?id=17606) !important;background-position: center !important;background-repeat: no-repeat !important;background-size: cover !important;}&#8221;][vc_column width=&#8221;1\/3&#8243;][\/vc_column][vc_column width=&#8221;1\/3&#8243;][vc_icon icon_fontawesome=&#8221;fa fa-angle-down&#8221; color=&#8221;white&#8221; size=&#8221;xl&#8221; align=&#8221;center&#8221;][\/vc_column][vc_column width=&#8221;1\/3&#8243;][\/vc_column][\/vc_row][vc_row][vc_column][vc_column_text]<\/p>\n<h2 style=\"text-align: left;\"><span style=\"color: #000000;\">Tr\u00e4ningsprogram till Abilica\u00a0FitnessBall<\/span><\/h2>\n<p>Med Abilica FitnessBall kan du tr\u00e4na hela kroppen. Utf\u00f6r \u00f6vningarna lugnt och fokusera p\u00e5 att ha kontroll \u00f6ver mage och korsrygg, s\u00e5 f\u00e5r du maximal effekt av k\u00e4rnmuskulaturen.[\/vc_column_text][vc_empty_space][\/vc_column][\/vc_row][vc_row][vc_column][title text=&#8221;K\u00f6p FitnessBall nu.&#8221; tag=&#8221;h2&#8243; text_align=&#8221;left&#8221;][\/vc_column][\/vc_row][vc_row content_placement=&#8221;middle&#8221;][vc_column width=&#8221;1\/2&#8243;][product_mod id=&#8221;2701&#8243;][\/vc_column][vc_column width=&#8221;1\/2&#8243;][product_mod id=&#8221;1267&#8243;][\/vc_column][\/vc_row][vc_row][vc_column][vc_empty_space][vc_btn title=&#8221;Ladda hem tr\u00e4ningsprogrammet i PDF&#8221; style=&#8221;flat&#8221; color=&#8221;danger&#8221; i_icon_fontawesome=&#8221;fa fa-file-pdf-o&#8221; add_icon=&#8221;true&#8221; link=&#8221;url:http%3A%2F%2Fabilica.com\/se%2Fwp-content%2Fuploads%2F2017%2F02%2FAbilica-FitnessBall-75-cm.pdf|||&#8221;][\/vc_column][\/vc_row][vc_row full_height=&#8221;yes&#8221; css=&#8221;.vc_custom_1492108295473{background-position: center !important;background-repeat: no-repeat !important;background-size: cover !important;}&#8221;][vc_column css=&#8221;.vc_custom_1492691214219{margin-top: 0px !important;border-top-width: 0px !important;padding-top: 0px !important;}&#8221;][vc_column_text]<\/p>\n<h2 style=\"text-align: left;\">1.<\/h2>\n<p style=\"text-align: left;\"><strong>Kn\u00e4b\u00f6j med bollen \u00f6ver huvudet<\/strong><\/p>\n<p>St\u00e5 med benen i h\u00f6ftbredd. B\u00f6j kn\u00e4na och s\u00e4nk ner rumpan bak\u00e5t. H\u00e5ll ryggen i en neutral position med naveln mot ryggraden. L\u00e4gg tyngden tillbaka p\u00e5 h\u00e4larna och se till att kn\u00e4na befinner sig \u00f6ver t\u00e5rna. S\u00e4nk ner axlarna bort fr\u00e5n \u00f6ronen. Res dig sakta upp igen.[\/vc_column_text][vc_single_image image=&#8221;17620&#8243; img_size=&#8221;full&#8221; alignment=&#8221;center&#8221;][\/vc_column][\/vc_row][vc_row][vc_column][vc_column_text]<\/p>\n<h2 style=\"text-align: left;\">2.<\/h2>\n<p style=\"text-align: left;\"><strong>JackKnife<\/strong><\/p>\n<p>Ha benen p\u00e5 bollen och h\u00e4nderna mot underlaget. Ju l\u00e4ngre ut p\u00e5 benen du h\u00e5ller ballen, desto tyngre \u00e4r det. H\u00e5ll kroppen s\u00e5 rak som m\u00f6jligt. Dra sedan kn\u00e4na mot br\u00f6stet genom att anv\u00e4nda magen. Str\u00e4ck lugnt ut benen igen.[\/vc_column_text][vc_single_image image=&#8221;17621&#8243; img_size=&#8221;full&#8221; alignment=&#8221;center&#8221;][\/vc_column][\/vc_row][vc_row][vc_column][vc_column_text]<\/p>\n<h2 style=\"text-align: left;\">3.<\/h2>\n<p><strong>Crunch<\/strong><\/p>\n<p>Ligg p\u00e5 rygg \u00f6ver bollen. Ha f\u00f6tterna p\u00e5 en h\u00f6ftbredds avst\u00e5nd, cirka 90 grader i kn\u00e4na. H\u00e5ll h\u00e4nderna bredvid \u00f6ronen eller bakom huvudet. Dra in naveln mot ryggen. Res dig sakta upp genom att b\u00f6ja ryggen. S\u00e4nk dig lugnt ner igen.[\/vc_column_text][vc_single_image image=&#8221;17622&#8243; img_size=&#8221;full&#8221; alignment=&#8221;center&#8221;][\/vc_column][\/vc_row][vc_row][vc_column][vc_column_text]<\/p>\n<h2 style=\"text-align: left;\">4.<\/h2>\n<p style=\"text-align: left;\"><strong>H\u00f6ftlyft<\/strong><\/p>\n<p>Ligg p\u00e5 rygg p\u00e5 underlaget och ha benen p\u00e5 bollen. H\u00e5ll armarna l\u00e4ngs sidorna, g\u00e4rna en liten bit ut fr\u00e5n kroppen f\u00f6r b\u00e4ttre balans. Lyft d\u00e4refter h\u00f6fterna lugnt upp och ner medan du h\u00e5ller bollen stilla. Knip med rumpan.[\/vc_column_text][vc_single_image image=&#8221;17623&#8243; img_size=&#8221;full&#8221; alignment=&#8221;center&#8221;][\/vc_column][\/vc_row][vc_row full_width=&#8221;stretch_row_content&#8221; full_height=&#8221;yes&#8221; css=&#8221;.vc_custom_1492762441298{background-image: url(https:\/\/abilica.com\/se\/wp-content\/uploads\/2017\/04\/fitnessball5.jpg?id=17629) !important;background-position: center !important;background-repeat: no-repeat !important;background-size: cover !important;}&#8221;][vc_column][\/vc_column][\/vc_row][vc_row][vc_column][vc_column_text]<\/p>\n<h2 style=\"text-align: left;\">5.<\/h2>\n<p style=\"text-align: left;\"><strong>Triceps push-ups<\/strong><\/p>\n<p>Ha benen p\u00e5 bollen och h\u00e4nderna mot underlaget. Ju l\u00e4ngre ut p\u00e5 benen du h\u00e5ller ballen, desto tyngre \u00e4r det. H\u00e5ll kroppen s\u00e5 rak som m\u00f6jligt, sp\u00e4nn magen. S\u00e4nk d\u00e4refter ner \u00f6verkroppen mot underlaget och h\u00e5ll armb\u00e5garna intill kroppen. Res dig sakta upp igen.[\/vc_column_text][vc_single_image image=&#8221;17624&#8243; img_size=&#8221;full&#8221; alignment=&#8221;center&#8221;][\/vc_column][\/vc_row][vc_row][vc_column][vc_column_text]<\/p>\n<h2 style=\"text-align: left;\">6.<\/h2>\n<p style=\"text-align: left;\"><strong>\u00d6verf\u00f6ring av boll<\/strong><\/p>\n<p>Ligg p\u00e5 rygg p\u00e5 underlaget. H\u00e5ll bollen \u00f6ver huvudet. Lyft p\u00e5 benen och h\u00e4nderna samtidigt. N\u00e4r de m\u00f6ts h\u00f6gst upp f\u00f6r du \u00f6ver bollen till benen, som tar med sig bollen ner till golvet.\u00a0Jobba med att dra in magen mot ryggen. D\u00e4refter tar benen med sig bollen upp igen och f\u00f6r tillbaka bollen till h\u00e4nderna, som forts\u00e4tter r\u00f6relsen. Ju rakare armar och ben, desto tyngre \u00e4r det.[\/vc_column_text][vc_single_image image=&#8221;17625&#8243; img_size=&#8221;full&#8221; alignment=&#8221;center&#8221;][\/vc_column][\/vc_row][vc_row][vc_column][vc_column_text]<\/p>\n<h2 style=\"text-align: left;\">7.<\/h2>\n<p style=\"text-align: left;\"><strong>Ryggh\u00e4vning<\/strong><\/p>\n<p>Ligg p\u00e5 mage \u00f6ver bollen. Placera g\u00e4rna f\u00f6tterna mot en v\u00e4gg f\u00f6r att f\u00e5 b\u00e4ttre balans. H\u00e5ll h\u00e4nderna bakom huvudet eller vid \u00f6ronen. B\u00f6rja med att \u00f6ver bollen och lyft dig d\u00e4refter s\u00e5 att ryggen blir rak. Du beh\u00f6ver inte lyfta dig s\u00e4rskilt h\u00f6gt f\u00f6r att f\u00e5 en bra effekt av \u00f6vningen. S\u00e4nk dig lugnt ner igen.[\/vc_column_text][vc_single_image image=&#8221;17626&#8243; img_size=&#8221;full&#8221; alignment=&#8221;center&#8221;][\/vc_column][\/vc_row][vc_row][vc_column][vc_column_text]<\/p>\n<h2 style=\"text-align: left;\">8.<\/h2>\n<p style=\"text-align: left;\"><strong>Hamstring\u00a0<\/strong><\/p>\n<p>Ligg p\u00e5 rygg p\u00e5 underlaget och ha benen p\u00e5 bollen. H\u00e5ll armarna l\u00e4ngs sidorna, g\u00e4rna en liten bit ut fr\u00e5n kroppen f\u00f6r b\u00e4ttre balans. Lyft upp h\u00f6fterna tills du \u00e4r helt rak i kroppen. Dra upp h\u00e4larna mot rumpan. Rulla d\u00e4refter tillbaka bollen genom att str\u00e4cka ut benen. H\u00e5ll h\u00f6fterna uppe hela v\u00e4gen.[\/vc_column_text][vc_single_image image=&#8221;17619&#8243; img_size=&#8221;full&#8221; alignment=&#8221;center&#8221;][\/vc_column][\/vc_row][vc_row full_width=&#8221;stretch_row_content&#8221; css=&#8221;.vc_custom_1494856480548{background-color: #84bd00 !important;}&#8221;][vc_column][vc_empty_space height=&#8221;8px&#8221;][title text=&#8221;K\u00f6p din Abilica FitnessBall nu.&#8221; tag=&#8221;h2&#8243; color=&#8221;#ffffff&#8221; text_align=&#8221;center&#8221;][vc_empty_space][\/vc_column][\/vc_row][vc_row][vc_column width=&#8221;1\/2&#8243;][product_mod id=&#8221;1267&#8243;][vc_empty_space][\/vc_column][vc_column width=&#8221;1\/2&#8243;][product_mod id=&#8221;2701&#8243;][vc_empty_space][\/vc_column][\/vc_row][vc_row full_width=&#8221;stretch_row_content&#8221; full_height=&#8221;yes&#8221; css=&#8221;.vc_custom_1492762486152{background-image: url(https:\/\/abilica.com\/se\/wp-content\/uploads\/2017\/04\/fitnessball4.jpg?id=17628) !important;background-position: center !important;background-repeat: no-repeat !important;background-size: cover !important;}&#8221;][vc_column][\/vc_column][\/vc_row]<\/p>\n<\/div>","protected":false},"excerpt":{"rendered":"<p>[vc_row full_width=&#8221;stretch_row_content&#8221; full_height=&#8221;yes&#8221; columns_placement=&#8221;bottom&#8221; css=&#8221;.vc_custom_1492761674783{background-image: url(https:\/\/abilica.com\/se\/wp-content\/uploads\/2017\/04\/fitnessball2.jpg?id=17606) !important;background-position: center !important;background-repeat: no-repeat !important;background-size: cover !important;}&#8221;][vc_column width=&#8221;1\/3&#8243;][\/vc_column][vc_column width=&#8221;1\/3&#8243;][vc_icon&#8230;<\/p>\n","protected":false},"author":2,"featured_media":0,"parent":3041,"menu_order":0,"comment_status":"closed","ping_status":"closed","template":"","meta":{"_acf_changed":false,"footnotes":""},"class_list":["post-17603","page","type-page","status-publish","hentry"],"acf":[],"yoast_head":"<!-- This site is optimized with the Yoast SEO Premium plugin v21.1 (Yoast SEO v25.4) - https:\/\/yoast.com\/wordpress\/plugins\/seo\/ -->\n<title>\u00d6vningar f\u00f6r rygg med Fitnessboll| Tr\u00e4ningsprogram | Abilica<\/title>\n<meta name=\"description\" content=\"Beh\u00f6ver du ett tr\u00e4ningsprogram f\u00f6r fitnessboll? H\u00e4r hittar du ett skr\u00e4ddarsydd tr\u00e4ningsprogram med \u00f6vningar f\u00f6r ryggen. Ladda ner gratis h\u00e4r!\" \/>\n<meta name=\"robots\" content=\"index, follow, max-snippet:-1, max-image-preview:large, max-video-preview:-1\" \/>\n<link rel=\"canonical\" href=\"https:\/\/abilica.com\/sv\/traningsprogram\/traningsprogram-till-abilica-fitnessball\/\" \/>\n<meta property=\"og:locale\" content=\"sv_SE\" \/>\n<meta property=\"og:type\" content=\"article\" \/>\n<meta property=\"og:title\" content=\"Tr\u00e4ningsprogram till Abilica FitnessBall\" \/>\n<meta property=\"og:description\" content=\"Beh\u00f6ver du ett tr\u00e4ningsprogram f\u00f6r fitnessboll? H\u00e4r hittar du ett skr\u00e4ddarsydd tr\u00e4ningsprogram med \u00f6vningar f\u00f6r ryggen. Ladda ner gratis h\u00e4r!\" \/>\n<meta property=\"og:url\" content=\"https:\/\/abilica.com\/sv\/traningsprogram\/traningsprogram-till-abilica-fitnessball\/\" \/>\n<meta property=\"og:site_name\" content=\"Abilica\" \/>\n<meta property=\"article:publisher\" content=\"https:\/\/www.facebook.com\/abilicahometraining\/\" \/>\n<meta property=\"article:modified_time\" content=\"2017-10-02T07:02:54+00:00\" \/>\n<meta name=\"twitter:card\" content=\"summary_large_image\" \/>\n<meta name=\"twitter:label1\" content=\"Ber\u00e4knad l\u00e4stid\" \/>\n\t<meta name=\"twitter:data1\" content=\"5 minuter\" \/>\n<script type=\"application\/ld+json\" class=\"yoast-schema-graph\">{\"@context\":\"https:\/\/schema.org\",\"@graph\":[{\"@type\":\"WebPage\",\"@id\":\"https:\/\/abilica.com\/sv\/traningsprogram\/traningsprogram-till-abilica-fitnessball\/\",\"url\":\"https:\/\/abilica.com\/sv\/traningsprogram\/traningsprogram-till-abilica-fitnessball\/\",\"name\":\"\u00d6vningar f\u00f6r rygg med Fitnessboll| Tr\u00e4ningsprogram | Abilica\",\"isPartOf\":{\"@id\":\"https:\/\/abilica.com\/#website\"},\"datePublished\":\"2017-04-21T07:57:07+00:00\",\"dateModified\":\"2017-10-02T07:02:54+00:00\",\"description\":\"Beh\u00f6ver du ett tr\u00e4ningsprogram f\u00f6r fitnessboll? H\u00e4r hittar du ett skr\u00e4ddarsydd tr\u00e4ningsprogram med \u00f6vningar f\u00f6r ryggen. Ladda ner gratis h\u00e4r!\",\"breadcrumb\":{\"@id\":\"https:\/\/abilica.com\/sv\/traningsprogram\/traningsprogram-till-abilica-fitnessball\/#breadcrumb\"},\"inLanguage\":\"sv-SE\",\"potentialAction\":[{\"@type\":\"ReadAction\",\"target\":[\"https:\/\/abilica.com\/sv\/traningsprogram\/traningsprogram-till-abilica-fitnessball\/\"]}]},{\"@type\":\"BreadcrumbList\",\"@id\":\"https:\/\/abilica.com\/sv\/traningsprogram\/traningsprogram-till-abilica-fitnessball\/#breadcrumb\",\"itemListElement\":[{\"@type\":\"ListItem\",\"position\":1,\"name\":\"Hem\",\"item\":\"https:\/\/abilica.com\/sv\/\"},{\"@type\":\"ListItem\",\"position\":2,\"name\":\"Tr\u00e4ningsprogram\",\"item\":\"https:\/\/abilica.com\/sv\/traningsprogram\/\"},{\"@type\":\"ListItem\",\"position\":3,\"name\":\"Tr\u00e4ningsprogram till Abilica FitnessBall\"}]},{\"@type\":\"WebSite\",\"@id\":\"https:\/\/abilica.com\/#website\",\"url\":\"https:\/\/abilica.com\/\",\"name\":\"Abilica\",\"description\":\"Abilica Home Training\",\"potentialAction\":[{\"@type\":\"SearchAction\",\"target\":{\"@type\":\"EntryPoint\",\"urlTemplate\":\"https:\/\/abilica.com\/?s={search_term_string}\"},\"query-input\":{\"@type\":\"PropertyValueSpecification\",\"valueRequired\":true,\"valueName\":\"search_term_string\"}}],\"inLanguage\":\"sv-SE\"}]}<\/script>\n<!-- \/ Yoast SEO Premium plugin. -->","yoast_head_json":{"title":"\u00d6vningar f\u00f6r rygg med Fitnessboll| Tr\u00e4ningsprogram | Abilica","description":"Beh\u00f6ver du ett tr\u00e4ningsprogram f\u00f6r fitnessboll? H\u00e4r hittar du ett skr\u00e4ddarsydd tr\u00e4ningsprogram med \u00f6vningar f\u00f6r ryggen. Ladda ner gratis h\u00e4r!","robots":{"index":"index","follow":"follow","max-snippet":"max-snippet:-1","max-image-preview":"max-image-preview:large","max-video-preview":"max-video-preview:-1"},"canonical":"https:\/\/abilica.com\/sv\/traningsprogram\/traningsprogram-till-abilica-fitnessball\/","og_locale":"sv_SE","og_type":"article","og_title":"Tr\u00e4ningsprogram till Abilica FitnessBall","og_description":"Beh\u00f6ver du ett tr\u00e4ningsprogram f\u00f6r fitnessboll? H\u00e4r hittar du ett skr\u00e4ddarsydd tr\u00e4ningsprogram med \u00f6vningar f\u00f6r ryggen. Ladda ner gratis h\u00e4r!","og_url":"https:\/\/abilica.com\/sv\/traningsprogram\/traningsprogram-till-abilica-fitnessball\/","og_site_name":"Abilica","article_publisher":"https:\/\/www.facebook.com\/abilicahometraining\/","article_modified_time":"2017-10-02T07:02:54+00:00","twitter_card":"summary_large_image","twitter_misc":{"Ber\u00e4knad l\u00e4stid":"5 minuter"},"schema":{"@context":"https:\/\/schema.org","@graph":[{"@type":"WebPage","@id":"https:\/\/abilica.com\/sv\/traningsprogram\/traningsprogram-till-abilica-fitnessball\/","url":"https:\/\/abilica.com\/sv\/traningsprogram\/traningsprogram-till-abilica-fitnessball\/","name":"\u00d6vningar f\u00f6r rygg med Fitnessboll| Tr\u00e4ningsprogram | Abilica","isPartOf":{"@id":"https:\/\/abilica.com\/#website"},"datePublished":"2017-04-21T07:57:07+00:00","dateModified":"2017-10-02T07:02:54+00:00","description":"Beh\u00f6ver du ett tr\u00e4ningsprogram f\u00f6r fitnessboll? H\u00e4r hittar du ett skr\u00e4ddarsydd tr\u00e4ningsprogram med \u00f6vningar f\u00f6r ryggen. Ladda ner gratis h\u00e4r!","breadcrumb":{"@id":"https:\/\/abilica.com\/sv\/traningsprogram\/traningsprogram-till-abilica-fitnessball\/#breadcrumb"},"inLanguage":"sv-SE","potentialAction":[{"@type":"ReadAction","target":["https:\/\/abilica.com\/sv\/traningsprogram\/traningsprogram-till-abilica-fitnessball\/"]}]},{"@type":"BreadcrumbList","@id":"https:\/\/abilica.com\/sv\/traningsprogram\/traningsprogram-till-abilica-fitnessball\/#breadcrumb","itemListElement":[{"@type":"ListItem","position":1,"name":"Hem","item":"https:\/\/abilica.com\/sv\/"},{"@type":"ListItem","position":2,"name":"Tr\u00e4ningsprogram","item":"https:\/\/abilica.com\/sv\/traningsprogram\/"},{"@type":"ListItem","position":3,"name":"Tr\u00e4ningsprogram till Abilica FitnessBall"}]},{"@type":"WebSite","@id":"https:\/\/abilica.com\/#website","url":"https:\/\/abilica.com\/","name":"Abilica","description":"Abilica Home Training","potentialAction":[{"@type":"SearchAction","target":{"@type":"EntryPoint","urlTemplate":"https:\/\/abilica.com\/?s={search_term_string}"},"query-input":{"@type":"PropertyValueSpecification","valueRequired":true,"valueName":"search_term_string"}}],"inLanguage":"sv-SE"}]}},"_links":{"self":[{"href":"https:\/\/abilica.com\/sv\/wp-json\/wp\/v2\/pages\/17603","targetHints":{"allow":["GET"]}}],"collection":[{"href":"https:\/\/abilica.com\/sv\/wp-json\/wp\/v2\/pages"}],"about":[{"href":"https:\/\/abilica.com\/sv\/wp-json\/wp\/v2\/types\/page"}],"author":[{"embeddable":true,"href":"https:\/\/abilica.com\/sv\/wp-json\/wp\/v2\/users\/2"}],"replies":[{"embeddable":true,"href":"https:\/\/abilica.com\/sv\/wp-json\/wp\/v2\/comments?post=17603"}],"version-history":[{"count":0,"href":"https:\/\/abilica.com\/sv\/wp-json\/wp\/v2\/pages\/17603\/revisions"}],"up":[{"embeddable":true,"href":"https:\/\/abilica.com\/sv\/wp-json\/wp\/v2\/pages\/3041"}],"wp:attachment":[{"href":"https:\/\/abilica.com\/sv\/wp-json\/wp\/v2\/media?parent=17603"}],"curies":[{"name":"wp","href":"https:\/\/api.w.org\/{rel}","templated":true}]}}