{"id":17632,"date":"2017-04-21T08:16:03","date_gmt":"2017-04-21T08:16:03","guid":{"rendered":"https:\/\/abilica.com\/se\/?page_id=17632"},"modified":"2017-10-02T08:06:45","modified_gmt":"2017-10-02T07:06:45","slug":"traningsprogram-till-abilica-softbalance","status":"publish","type":"page","link":"https:\/\/abilica.com\/sv\/traningsprogram\/traningsprogram-till-abilica-softbalance\/","title":{"rendered":"Tr\u00e4ningsprogram till Abilica SoftBalance"},"content":{"rendered":"<div class=\"wpb-content-wrapper\"><p>[vc_row full_width=&#8221;stretch_row_content&#8221; full_height=&#8221;yes&#8221; columns_placement=&#8221;bottom&#8221; css=&#8221;.vc_custom_1492762731123{background-image: url(https:\/\/abilica.com\/se\/wp-content\/uploads\/2017\/04\/softbalance2.jpg?id=17635) !important;background-position: center !important;background-repeat: no-repeat !important;background-size: cover !important;}&#8221;][vc_column width=&#8221;1\/3&#8243;][\/vc_column][vc_column width=&#8221;1\/3&#8243;][vc_icon icon_fontawesome=&#8221;fa fa-angle-down&#8221; color=&#8221;white&#8221; size=&#8221;xl&#8221; align=&#8221;center&#8221;][\/vc_column][vc_column width=&#8221;1\/3&#8243;][\/vc_column][\/vc_row][vc_row][vc_column][vc_column_text]<\/p>\n<h2 style=\"text-align: left;\"><span style=\"color: #000000;\">Tr\u00e4ningsprogram till Abilica\u00a0SoftBalance<\/span><\/h2>\n<p>Balanskudden SoftBalance \u00e4r perfekt f\u00f6r balans\u00f6vningar, styrke\u00f6vningar och koordinations\u00f6vningar. St\u00e5 p\u00e5 den, sitt p\u00e5 den eller ligg p\u00e5 den![\/vc_column_text][vc_empty_space][\/vc_column][\/vc_row][vc_row][vc_column][title text=&#8221;K\u00f6p SoftBalance nu.&#8221; tag=&#8221;h2&#8243; text_align=&#8221;left&#8221;][\/vc_column][\/vc_row][vc_row content_placement=&#8221;middle&#8221;][vc_column width=&#8221;1\/2&#8243;][product_mod id=&#8221;1777&#8243;][\/vc_column][vc_column width=&#8221;1\/2&#8243;][\/vc_column][\/vc_row][vc_row][vc_column][vc_empty_space][vc_btn title=&#8221;Ladda hem tr\u00e4ningsprogrammet i PDF&#8221; style=&#8221;flat&#8221; color=&#8221;danger&#8221; i_icon_fontawesome=&#8221;fa fa-file-pdf-o&#8221; add_icon=&#8221;true&#8221; link=&#8221;url:http%3A%2F%2Fabilica.com\/se%2Fwp-content%2Fuploads%2F2017%2F02%2FAbilica-SoftBalance.pdf|||&#8221;][\/vc_column][\/vc_row][vc_row full_height=&#8221;yes&#8221; css=&#8221;.vc_custom_1492108295473{background-position: center !important;background-repeat: no-repeat !important;background-size: cover !important;}&#8221;][vc_column css=&#8221;.vc_custom_1492691214219{margin-top: 0px !important;border-top-width: 0px !important;padding-top: 0px !important;}&#8221;][vc_column_text]<\/p>\n<h2 style=\"text-align: left;\">1.<\/h2>\n<p><b>\u00d6vning: <\/b>Balansera p\u00e5 ett ben<b><br \/>\n<\/b><b>Tr\u00e4nar: <\/b>Generell balans, speciellt i ankelleden<br \/>\n<b>Antal upprepningar:\u00a0<\/b>St\u00e5 s\u00e5 l\u00e4nge du kan p\u00e5 kudden. Upprepa 2 g\u00e5nger p\u00e5 varje ben<\/p>\n<p>St\u00e5 med ett ben p\u00e5 SoftBalance. H\u00e5ll st\u00e5benet rakt. Placera g\u00e4rna h\u00e4nderna p\u00e5 h\u00f6fterna eller i kors \u00f6ver br\u00f6stet. F\u00e4st blicken p\u00e5 en fast punkt i \u00f6gonh\u00f6jd. H\u00e5ll kroppen s\u00e5 stilla som m\u00f6jligt. Om det \u00e4r sv\u00e5rt kan du l\u00e5ta armarna h\u00e4nga. Om det \u00e4r f\u00f6r l\u00e4tt kan du st\u00e4nga \u00f6gonen eller kasta en boll i v\u00e4ggen och ta emot.[\/vc_column_text][vc_single_image image=&#8221;17642&#8243; img_size=&#8221;full&#8221; alignment=&#8221;center&#8221;][\/vc_column][\/vc_row][vc_row][vc_column][vc_column_text]<\/p>\n<h2 style=\"text-align: left;\">2.<\/h2>\n<p><b>\u00d6vning: <\/b>Balansera p\u00e5 ett ben med b\u00f6jda kn\u00e4n<b><br \/>\n<\/b><b>Tr\u00e4nar: <\/b>Generell balans, speciellt i kn\u00e4leden. Framsidan l\u00e5ret<b><br \/>\n<\/b><b>Antal upprepningar: <\/b>St\u00e5 s\u00e5 l\u00e4nge du kan p\u00e5 kudden. Upprepa 2 g\u00e5nger p\u00e5 varje ben<\/p>\n<p>St\u00e5 med ett ben p\u00e5 SoftBalance. H\u00e5ll st\u00e5benet l\u00e4tt b\u00f6jt. Placera g\u00e4rna h\u00e4nderna p\u00e5 h\u00f6fterna eller i kors \u00f6ver br\u00f6stet. F\u00e4st blicken p\u00e5 en fast punkt i \u00f6gonh\u00f6jd. H\u00e5ll koppen s\u00e5 stilla som m\u00f6jligt.\u00a0Om det \u00e4r f\u00f6r sv\u00e5rt kan du l\u00e5ta armarna h\u00e4nga. Om det \u00e4r f\u00f6r l\u00e4tt kan du st\u00e4nga \u00f6gonen eller kasta en boll i v\u00e4ggen och ta emot.[\/vc_column_text][vc_single_image image=&#8221;17643&#8243; img_size=&#8221;full&#8221; alignment=&#8221;center&#8221;][\/vc_column][\/vc_row][vc_row full_width=&#8221;stretch_row_content&#8221; full_height=&#8221;yes&#8221; css=&#8221;.vc_custom_1492763263264{background-image: url(https:\/\/abilica.com\/se\/wp-content\/uploads\/2017\/04\/softbalance3.jpg?id=17636) !important;background-position: center !important;background-repeat: no-repeat !important;background-size: cover !important;}&#8221;][vc_column][\/vc_column][\/vc_row][vc_row][vc_column][vc_column_text]<\/p>\n<h2 style=\"text-align: left;\">3.<\/h2>\n<p><b>\u00d6vning: <\/b>B\u00e5ten<b><br \/>\n<\/b><b>Tr\u00e4nar: <\/b>Magmuskulaturen, stabilitet i b\u00e4cken och rygg<b><br \/>\n<\/b><b>Antal upprepningar: <\/b>H\u00e5ll s\u00e5 l\u00e4nge du kan uppe p\u00e5 kudden. Upprepa 3 g\u00e5nger<\/p>\n<p>Sitt med rumpan mitt p\u00e5 SoftBalance. H\u00e5ll ihop benen och lyft dem lite grann fr\u00e5n golvet. Luta \u00f6verkroppen bak\u00e5t.\u00a0F\u00e4st blicken p\u00e5 en fast punkt. H\u00e5ll koppen s\u00e5 stilla som m\u00f6jligt.\u00a0Variera hur du h\u00e5ller armarna f\u00f6r olika sv\u00e5righetsgrader.[\/vc_column_text][vc_single_image image=&#8221;17646&#8243; img_size=&#8221;full&#8221; alignment=&#8221;center&#8221;][\/vc_column][\/vc_row][vc_row][vc_column][vc_column_text]<\/p>\n<h2 style=\"text-align: left;\">4.<\/h2>\n<p><b>\u00d6vning: <\/b>Benlyft i sidled<b><br \/>\n<\/b><b>Tr\u00e4nar: <\/b>Utsidan av l\u00e5ren. S\u00e4tet. Stabilitet i mage, b\u00e4cken och rygg<b><br \/>\n<\/b><b>Antal upprepningar: <\/b>G\u00f6r 12 repetitioner innan du byter sida. Upprepa 3 g\u00e5nger totalt p\u00e5 varje sida<\/p>\n<p>Ligg p\u00e5 sidan med SoftBalance under h\u00f6ften. St\u00f6tta dig med armb\u00e5ge och hand p\u00e5 den undre armen och handen p\u00e5 den \u00f6vre armen. Ligg med kroppen helt rak. Lyft b\u00e5da benen fr\u00e5n golvet. Lyft sedan det \u00f6vre benet rakt upp fr\u00e5n det undre benet. \u00d6vningen g\u00f6rs sakta och kontrollerat. S\u00e4nk sakta ner benet mot det andra och upprepa.[\/vc_column_text][vc_single_image image=&#8221;17645&#8243; img_size=&#8221;full&#8221; alignment=&#8221;center&#8221;][\/vc_column][\/vc_row][vc_row][vc_column][vc_column_text]<\/p>\n<h2 style=\"text-align: left;\">5.<\/h2>\n<p><strong>\u00d6vning<\/strong>: Diagonalt lyft<br \/>\n<strong>Tr\u00e4nar<\/strong>: S\u00e4tesmuskulatur, rygg, stabilitet i h\u00f6ftled, rygg och b\u00e4cken<br \/>\n<strong>Antal upprepningar<\/strong>: Upprepa \u00f6vningen 12 g\u00e5nger innan du byter sida. Upprepa serien 3 g\u00e5nger totalt p\u00e5 varje sida<\/p>\n<p>St\u00e5 p\u00e5 alla fyra med raka armar. Placera det ena kn\u00e4t p\u00e5 SoftBalance och det andra p\u00e5 golvet. H\u00e5ll ryggen rak, v\u00e4nd blicken ned mot golvet. Lyft det ben som inte st\u00e5r p\u00e5 SoftBalance upp\u00e5t bak\u00e5t tills l\u00e5ret blir en v\u00e5gr\u00e4t f\u00f6rl\u00e4nging av kroppen. B\u00f6j kn\u00e4t s\u00e5 att fotsulan pekar upp mot taket. H\u00e5ll kvar en stund innan du s\u00e4nker ner benet och upprepar. Flytta SoftBalance till det andra kn\u00e4t.[\/vc_column_text][vc_single_image image=&#8221;17644&#8243; img_size=&#8221;full&#8221; alignment=&#8221;center&#8221;][\/vc_column][\/vc_row][vc_row full_width=&#8221;stretch_row_content&#8221; css=&#8221;.vc_custom_1494931920507{background-color: #009ada !important;}&#8221;][vc_column][vc_empty_space height=&#8221;8px&#8221;][title text=&#8221;K\u00f6p din Abilica SoftBalance nu.&#8221; tag=&#8221;h2&#8243; color=&#8221;#ffffff&#8221; text_align=&#8221;center&#8221;][vc_empty_space][\/vc_column][\/vc_row][vc_row][vc_column width=&#8221;1\/4&#8243;][\/vc_column][vc_column width=&#8221;1\/2&#8243;][product_mod id=&#8221;1777&#8243;][vc_empty_space][\/vc_column][vc_column width=&#8221;1\/4&#8243;][\/vc_column][\/vc_row][vc_row full_width=&#8221;stretch_row_content&#8221; full_height=&#8221;yes&#8221; css=&#8221;.vc_custom_1492763275373{background-image: url(https:\/\/abilica.com\/se\/wp-content\/uploads\/2017\/04\/softbalance1.jpg?id=17634) !important;background-position: center !important;background-repeat: no-repeat !important;background-size: cover !important;}&#8221;][vc_column][\/vc_column][\/vc_row]<\/p>\n<\/div>","protected":false},"excerpt":{"rendered":"<p>[vc_row full_width=&#8221;stretch_row_content&#8221; full_height=&#8221;yes&#8221; columns_placement=&#8221;bottom&#8221; css=&#8221;.vc_custom_1492762731123{background-image: url(https:\/\/abilica.com\/se\/wp-content\/uploads\/2017\/04\/softbalance2.jpg?id=17635) !important;background-position: center !important;background-repeat: no-repeat !important;background-size: cover !important;}&#8221;][vc_column width=&#8221;1\/3&#8243;][\/vc_column][vc_column width=&#8221;1\/3&#8243;][vc_icon&#8230;<\/p>\n","protected":false},"author":2,"featured_media":0,"parent":3041,"menu_order":0,"comment_status":"closed","ping_status":"closed","template":"","meta":{"_acf_changed":false,"footnotes":""},"class_list":["post-17632","page","type-page","status-publish","hentry"],"acf":[],"yoast_head":"<!-- This site is optimized with the Yoast SEO Premium plugin v21.1 (Yoast SEO v25.4) - https:\/\/yoast.com\/wordpress\/plugins\/seo\/ -->\n<title>Balanstr\u00e4ning och \u00f6vningar med SoftBalance| Tr\u00e4ningsprogram | Abilica<\/title>\n<meta name=\"description\" content=\"Beh\u00f6ver du tips f\u00f6r \u00f6vningar f\u00f6r balanstr\u00e4ning? H\u00e4r hittar du ett skr\u00e4ddarsytt tr\u00e4ningsprogram som passar dig. Ladda ner gratis via app eller PDF h\u00e4r!\" \/>\n<meta name=\"robots\" content=\"index, follow, max-snippet:-1, max-image-preview:large, max-video-preview:-1\" \/>\n<link rel=\"canonical\" href=\"https:\/\/abilica.com\/sv\/traningsprogram\/traningsprogram-till-abilica-softbalance\/\" \/>\n<meta property=\"og:locale\" content=\"sv_SE\" \/>\n<meta property=\"og:type\" content=\"article\" \/>\n<meta property=\"og:title\" content=\"Tr\u00e4ningsprogram till Abilica SoftBalance\" \/>\n<meta property=\"og:description\" content=\"Beh\u00f6ver du tips f\u00f6r \u00f6vningar f\u00f6r balanstr\u00e4ning? H\u00e4r hittar du ett skr\u00e4ddarsytt tr\u00e4ningsprogram som passar dig. Ladda ner gratis via app eller PDF h\u00e4r!\" \/>\n<meta property=\"og:url\" content=\"https:\/\/abilica.com\/sv\/traningsprogram\/traningsprogram-till-abilica-softbalance\/\" \/>\n<meta property=\"og:site_name\" content=\"Abilica\" \/>\n<meta property=\"article:publisher\" content=\"https:\/\/www.facebook.com\/abilicahometraining\/\" \/>\n<meta property=\"article:modified_time\" content=\"2017-10-02T07:06:45+00:00\" \/>\n<meta name=\"twitter:card\" content=\"summary_large_image\" \/>\n<meta name=\"twitter:label1\" content=\"Ber\u00e4knad l\u00e4stid\" \/>\n\t<meta name=\"twitter:data1\" content=\"5 minuter\" \/>\n<script type=\"application\/ld+json\" class=\"yoast-schema-graph\">{\"@context\":\"https:\/\/schema.org\",\"@graph\":[{\"@type\":\"WebPage\",\"@id\":\"https:\/\/abilica.com\/sv\/traningsprogram\/traningsprogram-till-abilica-softbalance\/\",\"url\":\"https:\/\/abilica.com\/sv\/traningsprogram\/traningsprogram-till-abilica-softbalance\/\",\"name\":\"Balanstr\u00e4ning och \u00f6vningar med SoftBalance| Tr\u00e4ningsprogram | Abilica\",\"isPartOf\":{\"@id\":\"https:\/\/abilica.com\/#website\"},\"datePublished\":\"2017-04-21T08:16:03+00:00\",\"dateModified\":\"2017-10-02T07:06:45+00:00\",\"description\":\"Beh\u00f6ver du tips f\u00f6r \u00f6vningar f\u00f6r balanstr\u00e4ning? H\u00e4r hittar du ett skr\u00e4ddarsytt tr\u00e4ningsprogram som passar dig. Ladda ner gratis via app eller PDF h\u00e4r!\",\"breadcrumb\":{\"@id\":\"https:\/\/abilica.com\/sv\/traningsprogram\/traningsprogram-till-abilica-softbalance\/#breadcrumb\"},\"inLanguage\":\"sv-SE\",\"potentialAction\":[{\"@type\":\"ReadAction\",\"target\":[\"https:\/\/abilica.com\/sv\/traningsprogram\/traningsprogram-till-abilica-softbalance\/\"]}]},{\"@type\":\"BreadcrumbList\",\"@id\":\"https:\/\/abilica.com\/sv\/traningsprogram\/traningsprogram-till-abilica-softbalance\/#breadcrumb\",\"itemListElement\":[{\"@type\":\"ListItem\",\"position\":1,\"name\":\"Hem\",\"item\":\"https:\/\/abilica.com\/sv\/\"},{\"@type\":\"ListItem\",\"position\":2,\"name\":\"Tr\u00e4ningsprogram\",\"item\":\"https:\/\/abilica.com\/sv\/traningsprogram\/\"},{\"@type\":\"ListItem\",\"position\":3,\"name\":\"Tr\u00e4ningsprogram till Abilica SoftBalance\"}]},{\"@type\":\"WebSite\",\"@id\":\"https:\/\/abilica.com\/#website\",\"url\":\"https:\/\/abilica.com\/\",\"name\":\"Abilica\",\"description\":\"Abilica Home Training\",\"potentialAction\":[{\"@type\":\"SearchAction\",\"target\":{\"@type\":\"EntryPoint\",\"urlTemplate\":\"https:\/\/abilica.com\/?s={search_term_string}\"},\"query-input\":{\"@type\":\"PropertyValueSpecification\",\"valueRequired\":true,\"valueName\":\"search_term_string\"}}],\"inLanguage\":\"sv-SE\"}]}<\/script>\n<!-- \/ Yoast SEO Premium plugin. -->","yoast_head_json":{"title":"Balanstr\u00e4ning och \u00f6vningar med SoftBalance| Tr\u00e4ningsprogram | Abilica","description":"Beh\u00f6ver du tips f\u00f6r \u00f6vningar f\u00f6r balanstr\u00e4ning? H\u00e4r hittar du ett skr\u00e4ddarsytt tr\u00e4ningsprogram som passar dig. Ladda ner gratis via app eller PDF h\u00e4r!","robots":{"index":"index","follow":"follow","max-snippet":"max-snippet:-1","max-image-preview":"max-image-preview:large","max-video-preview":"max-video-preview:-1"},"canonical":"https:\/\/abilica.com\/sv\/traningsprogram\/traningsprogram-till-abilica-softbalance\/","og_locale":"sv_SE","og_type":"article","og_title":"Tr\u00e4ningsprogram till Abilica SoftBalance","og_description":"Beh\u00f6ver du tips f\u00f6r \u00f6vningar f\u00f6r balanstr\u00e4ning? H\u00e4r hittar du ett skr\u00e4ddarsytt tr\u00e4ningsprogram som passar dig. Ladda ner gratis via app eller PDF h\u00e4r!","og_url":"https:\/\/abilica.com\/sv\/traningsprogram\/traningsprogram-till-abilica-softbalance\/","og_site_name":"Abilica","article_publisher":"https:\/\/www.facebook.com\/abilicahometraining\/","article_modified_time":"2017-10-02T07:06:45+00:00","twitter_card":"summary_large_image","twitter_misc":{"Ber\u00e4knad l\u00e4stid":"5 minuter"},"schema":{"@context":"https:\/\/schema.org","@graph":[{"@type":"WebPage","@id":"https:\/\/abilica.com\/sv\/traningsprogram\/traningsprogram-till-abilica-softbalance\/","url":"https:\/\/abilica.com\/sv\/traningsprogram\/traningsprogram-till-abilica-softbalance\/","name":"Balanstr\u00e4ning och \u00f6vningar med SoftBalance| Tr\u00e4ningsprogram | Abilica","isPartOf":{"@id":"https:\/\/abilica.com\/#website"},"datePublished":"2017-04-21T08:16:03+00:00","dateModified":"2017-10-02T07:06:45+00:00","description":"Beh\u00f6ver du tips f\u00f6r \u00f6vningar f\u00f6r balanstr\u00e4ning? H\u00e4r hittar du ett skr\u00e4ddarsytt tr\u00e4ningsprogram som passar dig. Ladda ner gratis via app eller PDF h\u00e4r!","breadcrumb":{"@id":"https:\/\/abilica.com\/sv\/traningsprogram\/traningsprogram-till-abilica-softbalance\/#breadcrumb"},"inLanguage":"sv-SE","potentialAction":[{"@type":"ReadAction","target":["https:\/\/abilica.com\/sv\/traningsprogram\/traningsprogram-till-abilica-softbalance\/"]}]},{"@type":"BreadcrumbList","@id":"https:\/\/abilica.com\/sv\/traningsprogram\/traningsprogram-till-abilica-softbalance\/#breadcrumb","itemListElement":[{"@type":"ListItem","position":1,"name":"Hem","item":"https:\/\/abilica.com\/sv\/"},{"@type":"ListItem","position":2,"name":"Tr\u00e4ningsprogram","item":"https:\/\/abilica.com\/sv\/traningsprogram\/"},{"@type":"ListItem","position":3,"name":"Tr\u00e4ningsprogram till Abilica SoftBalance"}]},{"@type":"WebSite","@id":"https:\/\/abilica.com\/#website","url":"https:\/\/abilica.com\/","name":"Abilica","description":"Abilica Home Training","potentialAction":[{"@type":"SearchAction","target":{"@type":"EntryPoint","urlTemplate":"https:\/\/abilica.com\/?s={search_term_string}"},"query-input":{"@type":"PropertyValueSpecification","valueRequired":true,"valueName":"search_term_string"}}],"inLanguage":"sv-SE"}]}},"_links":{"self":[{"href":"https:\/\/abilica.com\/sv\/wp-json\/wp\/v2\/pages\/17632","targetHints":{"allow":["GET"]}}],"collection":[{"href":"https:\/\/abilica.com\/sv\/wp-json\/wp\/v2\/pages"}],"about":[{"href":"https:\/\/abilica.com\/sv\/wp-json\/wp\/v2\/types\/page"}],"author":[{"embeddable":true,"href":"https:\/\/abilica.com\/sv\/wp-json\/wp\/v2\/users\/2"}],"replies":[{"embeddable":true,"href":"https:\/\/abilica.com\/sv\/wp-json\/wp\/v2\/comments?post=17632"}],"version-history":[{"count":0,"href":"https:\/\/abilica.com\/sv\/wp-json\/wp\/v2\/pages\/17632\/revisions"}],"up":[{"embeddable":true,"href":"https:\/\/abilica.com\/sv\/wp-json\/wp\/v2\/pages\/3041"}],"wp:attachment":[{"href":"https:\/\/abilica.com\/sv\/wp-json\/wp\/v2\/media?parent=17632"}],"curies":[{"name":"wp","href":"https:\/\/api.w.org\/{rel}","templated":true}]}}