{"id":17665,"date":"2017-04-21T10:25:46","date_gmt":"2017-04-21T10:25:46","guid":{"rendered":"https:\/\/abilica.com\/se\/?page_id=17665"},"modified":"2018-09-10T11:21:53","modified_gmt":"2018-09-10T10:21:53","slug":"traningsprogram-till-abilica-heavyrocker","status":"publish","type":"page","link":"https:\/\/abilica.com\/sv\/traningsprogram\/traningsprogram-till-abilica-heavyrocker\/","title":{"rendered":"Tr\u00e4ningsprogram till Abilica HeavyRocker"},"content":{"rendered":"<div class=\"wpb-content-wrapper\"><p>[vc_row full_width=&#8221;stretch_row_content&#8221; full_height=&#8221;yes&#8221; columns_placement=&#8221;bottom&#8221; css=&#8221;.vc_custom_1492770322108{background-image: url(https:\/\/abilica.com\/se\/wp-content\/uploads\/2017\/04\/heavy.jpg?id=17660) !important;background-position: center !important;background-repeat: no-repeat !important;background-size: cover !important;}&#8221;][vc_column width=&#8221;1\/3&#8243;][\/vc_column][vc_column width=&#8221;1\/3&#8243;][vc_icon icon_fontawesome=&#8221;fa fa-angle-down&#8221; color=&#8221;custom&#8221; size=&#8221;xl&#8221; align=&#8221;center&#8221; custom_color=&#8221;#8224e3&#8243;][\/vc_column][vc_column width=&#8221;1\/3&#8243;][\/vc_column][\/vc_row][vc_row][vc_column][vc_column_text]<\/p>\n<h2>Tr\u00e4ningsprogram till Abilica HeavyRocker<\/h2>\n<p>Abilica HeavyRocker\u00a0rockring tr\u00e4nar huvudsakligen midjan och nedre delen av ryggen. Om du b\u00f6jer ordentligt p\u00e5 kn\u00e4na kommer du \u00e4ven att k\u00e4nna av \u00f6vningarna rej\u00e4lt i l\u00e5ren. Denna serie kan upprepas s\u00e5 m\u00e5nga g\u00e5nger du vill f\u00f6r ett l\u00e4ngre tr\u00e4ningspass.[\/vc_column_text][vc_empty_space][\/vc_column][\/vc_row][vc_row][vc_column][title text=&#8221;K\u00f6p HeavyRocker nu.&#8221; tag=&#8221;h2&#8243; text_align=&#8221;left&#8221;][\/vc_column][\/vc_row][vc_row content_placement=&#8221;middle&#8221;][vc_column width=&#8221;1\/2&#8243;][product_mod id=&#8221;1278&#8243;][\/vc_column][vc_column width=&#8221;1\/2&#8243;][\/vc_column][\/vc_row][vc_row][vc_column][vc_empty_space][vc_btn title=&#8221;Ladda hem tr\u00e4ningsprogrammet i PDF&#8221; style=&#8221;flat&#8221; color=&#8221;danger&#8221; i_icon_fontawesome=&#8221;fa fa-file-pdf-o&#8221; add_icon=&#8221;true&#8221; link=&#8221;url:http%3A%2F%2Fabilica.com\/se%2Fwp-content%2Fuploads%2F2017%2F02%2FAbilica-HeavyRocker.pdf|||&#8221;][\/vc_column][\/vc_row][vc_row full_height=&#8221;yes&#8221; css=&#8221;.vc_custom_1492108295473{background-position: center !important;background-repeat: no-repeat !important;background-size: cover !important;}&#8221;][vc_column css=&#8221;.vc_custom_1492691214219{margin-top: 0px !important;border-top-width: 0px !important;padding-top: 0px !important;}&#8221;][vc_column_text]<\/p>\n<h2 style=\"text-align: left;\">1.<\/h2>\n<p style=\"text-align: left;\"><strong>Kondition 30 sek:<\/strong> trampa p\u00e5 st\u00e4llet medan du st\u00f6der dig p\u00e5 rockringen<\/p>\n<p><strong>Rockring 30 sek:<\/strong> rocka \u00e5t det h\u00e5ll som k\u00e4nns naturligt f\u00f6r dig[\/vc_column_text][vc_single_image image=&#8221;17674&#8243; img_size=&#8221;full&#8221; alignment=&#8221;center&#8221;][\/vc_column][\/vc_row][vc_row][vc_column][vc_column_text]<\/p>\n<h2 style=\"text-align: left;\">2.<\/h2>\n<p style=\"text-align: left;\"><strong>Kondition 30 sek:<\/strong> kn\u00e4b\u00f6j medan du st\u00f6der dig p\u00e5 rockringen<\/p>\n<p><strong>Rockring 30 sek:<\/strong> rocka \u00e5t motsatt h\u00e5ll \u00e4n det som k\u00e4nns naturligt f\u00f6r dig[\/vc_column_text][vc_single_image image=&#8221;17675&#8243; img_size=&#8221;full&#8221; alignment=&#8221;center&#8221;][\/vc_column][\/vc_row][vc_row][vc_column][vc_column_text]<\/p>\n<h2 style=\"text-align: left;\">3.<\/h2>\n<p style=\"text-align: left;\"><strong>Kondition 30 sek:<\/strong> lyft p\u00e5 kn\u00e4na medan du st\u00f6der dig p\u00e5 rockringen<\/p>\n<p><strong>Rockring 30 sek:<\/strong> variera tempot p\u00e5 rockringen (det naturliga h\u00e5llet)[\/vc_column_text][vc_single_image image=&#8221;17677&#8243; img_size=&#8221;full&#8221; alignment=&#8221;center&#8221;][\/vc_column][\/vc_row][vc_row][vc_column][vc_column_text]<\/p>\n<h2 style=\"text-align: left;\">4.<\/h2>\n<p style=\"text-align: left;\"><strong>Kondition 30 sek: <\/strong>lyft rockringen upp\u00e5t och ner\u00e5t \u00f6ver huvudet<\/p>\n<p><strong>Rockring 30 sek:<\/strong> b\u00f6j p\u00e5 kn\u00e4na medan du rockar (det naturliga h\u00e5llet)[\/vc_column_text][vc_single_image image=&#8221;17679&#8243; img_size=&#8221;full&#8221; alignment=&#8221;center&#8221;][\/vc_column][\/vc_row][vc_row][vc_column][vc_column_text]<\/p>\n<h2 style=\"text-align: left;\">5.<\/h2>\n<p style=\"text-align: left;\"><strong>Kondition 30 sek:<\/strong> b\u00f6j och str\u00e4ck p\u00e5 armarna med rockringen som belastning<\/p>\n<p><strong>Rockring 30 sek:<\/strong> str\u00e4ck upp armarna mot taket medan du rockar (motsatt h\u00e5ll)[\/vc_column_text][vc_single_image image=&#8221;17681&#8243; img_size=&#8221;full&#8221; alignment=&#8221;center&#8221;][\/vc_column][\/vc_row][vc_row full_width=&#8221;stretch_row_content&#8221; css=&#8221;.vc_custom_1494922698749{background-color: #702f8a !important;}&#8221;][vc_column][vc_empty_space height=&#8221;8px&#8221;][title text=&#8221;K\u00f6p din Abilica HeavyRocker nu.&#8221; tag=&#8221;h2&#8243; color=&#8221;#ffffff&#8221; text_align=&#8221;center&#8221;][vc_empty_space][\/vc_column][\/vc_row][vc_row][vc_column width=&#8221;1\/4&#8243;][\/vc_column][vc_column width=&#8221;1\/2&#8243;][product_mod id=&#8221;1278&#8243;][vc_empty_space][\/vc_column][vc_column width=&#8221;1\/4&#8243;][\/vc_column][\/vc_row]<\/p>\n<\/div>","protected":false},"excerpt":{"rendered":"<p>[vc_row full_width=&#8221;stretch_row_content&#8221; full_height=&#8221;yes&#8221; columns_placement=&#8221;bottom&#8221; css=&#8221;.vc_custom_1492770322108{background-image: url(https:\/\/abilica.com\/se\/wp-content\/uploads\/2017\/04\/heavy.jpg?id=17660) !important;background-position: center !important;background-repeat: no-repeat !important;background-size: cover !important;}&#8221;][vc_column width=&#8221;1\/3&#8243;][\/vc_column][vc_column width=&#8221;1\/3&#8243;][vc_icon&#8230;<\/p>\n","protected":false},"author":2,"featured_media":0,"parent":3041,"menu_order":0,"comment_status":"closed","ping_status":"closed","template":"","meta":{"_acf_changed":false,"footnotes":""},"class_list":["post-17665","page","type-page","status-publish","hentry"],"acf":[],"yoast_head":"<!-- This site is optimized with the Yoast SEO Premium plugin v21.1 (Yoast SEO v25.4) - https:\/\/yoast.com\/wordpress\/plugins\/seo\/ -->\n<title>Tr\u00e4ning med HeavyRocker rockring | Tr\u00e4ningsprogram | Abilica<\/title>\n<meta name=\"description\" content=\"Beh\u00f6ver du tips f\u00f6r tr\u00e4ning med rockring? H\u00e4r hittar du ett skr\u00e4ddarsytt tr\u00e4ningsprogram som passar dig. Ladda ner gratis via app eller PDF h\u00e4r!\" \/>\n<meta name=\"robots\" content=\"index, follow, max-snippet:-1, max-image-preview:large, max-video-preview:-1\" \/>\n<link rel=\"canonical\" href=\"https:\/\/abilica.com\/sv\/traningsprogram\/traningsprogram-till-abilica-heavyrocker\/\" \/>\n<meta property=\"og:locale\" content=\"sv_SE\" \/>\n<meta property=\"og:type\" content=\"article\" \/>\n<meta property=\"og:title\" content=\"Tr\u00e4ningsprogram till Abilica HeavyRocker\" \/>\n<meta property=\"og:description\" content=\"Beh\u00f6ver du tips f\u00f6r tr\u00e4ning med rockring? H\u00e4r hittar du ett skr\u00e4ddarsytt tr\u00e4ningsprogram som passar dig. Ladda ner gratis via app eller PDF h\u00e4r!\" \/>\n<meta property=\"og:url\" content=\"https:\/\/abilica.com\/sv\/traningsprogram\/traningsprogram-till-abilica-heavyrocker\/\" \/>\n<meta property=\"og:site_name\" content=\"Abilica\" \/>\n<meta property=\"article:publisher\" content=\"https:\/\/www.facebook.com\/abilicahometraining\/\" \/>\n<meta property=\"article:modified_time\" content=\"2018-09-10T10:21:53+00:00\" \/>\n<meta name=\"twitter:card\" content=\"summary_large_image\" \/>\n<meta name=\"twitter:label1\" content=\"Ber\u00e4knad l\u00e4stid\" \/>\n\t<meta name=\"twitter:data1\" content=\"3 minuter\" \/>\n<script type=\"application\/ld+json\" class=\"yoast-schema-graph\">{\"@context\":\"https:\/\/schema.org\",\"@graph\":[{\"@type\":\"WebPage\",\"@id\":\"https:\/\/abilica.com\/sv\/traningsprogram\/traningsprogram-till-abilica-heavyrocker\/\",\"url\":\"https:\/\/abilica.com\/sv\/traningsprogram\/traningsprogram-till-abilica-heavyrocker\/\",\"name\":\"Tr\u00e4ning med HeavyRocker rockring | Tr\u00e4ningsprogram | Abilica\",\"isPartOf\":{\"@id\":\"https:\/\/abilica.com\/#website\"},\"datePublished\":\"2017-04-21T10:25:46+00:00\",\"dateModified\":\"2018-09-10T10:21:53+00:00\",\"description\":\"Beh\u00f6ver du tips f\u00f6r tr\u00e4ning med rockring? H\u00e4r hittar du ett skr\u00e4ddarsytt tr\u00e4ningsprogram som passar dig. Ladda ner gratis via app eller PDF h\u00e4r!\",\"breadcrumb\":{\"@id\":\"https:\/\/abilica.com\/sv\/traningsprogram\/traningsprogram-till-abilica-heavyrocker\/#breadcrumb\"},\"inLanguage\":\"sv-SE\",\"potentialAction\":[{\"@type\":\"ReadAction\",\"target\":[\"https:\/\/abilica.com\/sv\/traningsprogram\/traningsprogram-till-abilica-heavyrocker\/\"]}]},{\"@type\":\"BreadcrumbList\",\"@id\":\"https:\/\/abilica.com\/sv\/traningsprogram\/traningsprogram-till-abilica-heavyrocker\/#breadcrumb\",\"itemListElement\":[{\"@type\":\"ListItem\",\"position\":1,\"name\":\"Hem\",\"item\":\"https:\/\/abilica.com\/sv\/\"},{\"@type\":\"ListItem\",\"position\":2,\"name\":\"Tr\u00e4ningsprogram\",\"item\":\"https:\/\/abilica.com\/sv\/traningsprogram\/\"},{\"@type\":\"ListItem\",\"position\":3,\"name\":\"Tr\u00e4ningsprogram till Abilica HeavyRocker\"}]},{\"@type\":\"WebSite\",\"@id\":\"https:\/\/abilica.com\/#website\",\"url\":\"https:\/\/abilica.com\/\",\"name\":\"Abilica\",\"description\":\"Abilica Home Training\",\"potentialAction\":[{\"@type\":\"SearchAction\",\"target\":{\"@type\":\"EntryPoint\",\"urlTemplate\":\"https:\/\/abilica.com\/?s={search_term_string}\"},\"query-input\":{\"@type\":\"PropertyValueSpecification\",\"valueRequired\":true,\"valueName\":\"search_term_string\"}}],\"inLanguage\":\"sv-SE\"}]}<\/script>\n<!-- \/ Yoast SEO Premium plugin. -->","yoast_head_json":{"title":"Tr\u00e4ning med HeavyRocker rockring | Tr\u00e4ningsprogram | Abilica","description":"Beh\u00f6ver du tips f\u00f6r tr\u00e4ning med rockring? H\u00e4r hittar du ett skr\u00e4ddarsytt tr\u00e4ningsprogram som passar dig. Ladda ner gratis via app eller PDF h\u00e4r!","robots":{"index":"index","follow":"follow","max-snippet":"max-snippet:-1","max-image-preview":"max-image-preview:large","max-video-preview":"max-video-preview:-1"},"canonical":"https:\/\/abilica.com\/sv\/traningsprogram\/traningsprogram-till-abilica-heavyrocker\/","og_locale":"sv_SE","og_type":"article","og_title":"Tr\u00e4ningsprogram till Abilica HeavyRocker","og_description":"Beh\u00f6ver du tips f\u00f6r tr\u00e4ning med rockring? H\u00e4r hittar du ett skr\u00e4ddarsytt tr\u00e4ningsprogram som passar dig. Ladda ner gratis via app eller PDF h\u00e4r!","og_url":"https:\/\/abilica.com\/sv\/traningsprogram\/traningsprogram-till-abilica-heavyrocker\/","og_site_name":"Abilica","article_publisher":"https:\/\/www.facebook.com\/abilicahometraining\/","article_modified_time":"2018-09-10T10:21:53+00:00","twitter_card":"summary_large_image","twitter_misc":{"Ber\u00e4knad l\u00e4stid":"3 minuter"},"schema":{"@context":"https:\/\/schema.org","@graph":[{"@type":"WebPage","@id":"https:\/\/abilica.com\/sv\/traningsprogram\/traningsprogram-till-abilica-heavyrocker\/","url":"https:\/\/abilica.com\/sv\/traningsprogram\/traningsprogram-till-abilica-heavyrocker\/","name":"Tr\u00e4ning med HeavyRocker rockring | Tr\u00e4ningsprogram | Abilica","isPartOf":{"@id":"https:\/\/abilica.com\/#website"},"datePublished":"2017-04-21T10:25:46+00:00","dateModified":"2018-09-10T10:21:53+00:00","description":"Beh\u00f6ver du tips f\u00f6r tr\u00e4ning med rockring? H\u00e4r hittar du ett skr\u00e4ddarsytt tr\u00e4ningsprogram som passar dig. Ladda ner gratis via app eller PDF h\u00e4r!","breadcrumb":{"@id":"https:\/\/abilica.com\/sv\/traningsprogram\/traningsprogram-till-abilica-heavyrocker\/#breadcrumb"},"inLanguage":"sv-SE","potentialAction":[{"@type":"ReadAction","target":["https:\/\/abilica.com\/sv\/traningsprogram\/traningsprogram-till-abilica-heavyrocker\/"]}]},{"@type":"BreadcrumbList","@id":"https:\/\/abilica.com\/sv\/traningsprogram\/traningsprogram-till-abilica-heavyrocker\/#breadcrumb","itemListElement":[{"@type":"ListItem","position":1,"name":"Hem","item":"https:\/\/abilica.com\/sv\/"},{"@type":"ListItem","position":2,"name":"Tr\u00e4ningsprogram","item":"https:\/\/abilica.com\/sv\/traningsprogram\/"},{"@type":"ListItem","position":3,"name":"Tr\u00e4ningsprogram till Abilica HeavyRocker"}]},{"@type":"WebSite","@id":"https:\/\/abilica.com\/#website","url":"https:\/\/abilica.com\/","name":"Abilica","description":"Abilica Home Training","potentialAction":[{"@type":"SearchAction","target":{"@type":"EntryPoint","urlTemplate":"https:\/\/abilica.com\/?s={search_term_string}"},"query-input":{"@type":"PropertyValueSpecification","valueRequired":true,"valueName":"search_term_string"}}],"inLanguage":"sv-SE"}]}},"_links":{"self":[{"href":"https:\/\/abilica.com\/sv\/wp-json\/wp\/v2\/pages\/17665","targetHints":{"allow":["GET"]}}],"collection":[{"href":"https:\/\/abilica.com\/sv\/wp-json\/wp\/v2\/pages"}],"about":[{"href":"https:\/\/abilica.com\/sv\/wp-json\/wp\/v2\/types\/page"}],"author":[{"embeddable":true,"href":"https:\/\/abilica.com\/sv\/wp-json\/wp\/v2\/users\/2"}],"replies":[{"embeddable":true,"href":"https:\/\/abilica.com\/sv\/wp-json\/wp\/v2\/comments?post=17665"}],"version-history":[{"count":0,"href":"https:\/\/abilica.com\/sv\/wp-json\/wp\/v2\/pages\/17665\/revisions"}],"up":[{"embeddable":true,"href":"https:\/\/abilica.com\/sv\/wp-json\/wp\/v2\/pages\/3041"}],"wp:attachment":[{"href":"https:\/\/abilica.com\/sv\/wp-json\/wp\/v2\/media?parent=17665"}],"curies":[{"name":"wp","href":"https:\/\/api.w.org\/{rel}","templated":true}]}}