{"id":17738,"date":"2017-04-21T11:23:51","date_gmt":"2017-04-21T11:23:51","guid":{"rendered":"https:\/\/abilica.com\/se\/?page_id=17738"},"modified":"2018-09-10T11:21:17","modified_gmt":"2018-09-10T10:21:17","slug":"traningsprogram-till-abilica-foamroller","status":"publish","type":"page","link":"https:\/\/abilica.com\/sv\/traningsprogram\/traningsprogram-till-abilica-foamroller\/","title":{"rendered":"Tr\u00e4ningsprogram till Abilica FoamRoller"},"content":{"rendered":"<div class=\"wpb-content-wrapper\"><p>[vc_row full_width=&#8221;stretch_row_content&#8221; full_height=&#8221;yes&#8221; columns_placement=&#8221;bottom&#8221; css=&#8221;.vc_custom_1492774032079{background-image: url(https:\/\/abilica.com\/se\/wp-content\/uploads\/2017\/04\/foamroller2.jpg?id=17743) !important;background-position: center !important;background-repeat: no-repeat !important;background-size: cover !important;}&#8221;][vc_column width=&#8221;1\/3&#8243;][\/vc_column][vc_column width=&#8221;1\/3&#8243;][vc_icon icon_fontawesome=&#8221;fa fa-angle-down&#8221; color=&#8221;white&#8221; size=&#8221;xl&#8221; align=&#8221;center&#8221;][\/vc_column][vc_column width=&#8221;1\/3&#8243;][\/vc_column][\/vc_row][vc_row][vc_column][vc_column_text]<\/p>\n<h2 style=\"text-align: left;\"><span style=\"color: #000000;\">Tr\u00e4ningsprogram till Abilica\u00a0FoamRoller<\/span><\/h2>\n<p>Abilica FoamRoller \u00e4r ett enast\u00e5ende redskap f\u00f6r egenmassage och f\u00f6r uppv\u00e4rmning inf\u00f6r ett tr\u00e4ningspass. Att rulla p\u00e5 en FoamRoller \u00e4r bra f\u00f6r cirkulationen och hj\u00e4lper till att f\u00f6rebygga skador, samt ge \u00f6kad r\u00f6rlighet.[\/vc_column_text][vc_empty_space][\/vc_column][\/vc_row][vc_row][vc_column][title text=&#8221;K\u00f6p FoamRoller nu.&#8221; text_align=&#8221;left&#8221;][\/vc_column][\/vc_row][vc_row][vc_column width=&#8221;1\/3&#8243;][product_mod id=&#8221;19279&#8243;][\/vc_column][vc_column width=&#8221;1\/3&#8243;][product_mod id=&#8221;2447&#8243;][\/vc_column][vc_column width=&#8221;1\/3&#8243;][product_mod id=&#8221;2584&#8243;][\/vc_column][\/vc_row][vc_row][vc_column][vc_empty_space][vc_btn title=&#8221;Ladda hem tr\u00e4ningsprogrammet i PDF&#8221; style=&#8221;flat&#8221; color=&#8221;danger&#8221; i_icon_fontawesome=&#8221;fa fa-file-pdf-o&#8221; add_icon=&#8221;true&#8221; link=&#8221;url:http%3A%2F%2Fabilica.com\/se%2Fwp-content%2Fuploads%2F2017%2F02%2FAbilica-FoamRoller.pdf||target:%20_blank|&#8221;][\/vc_column][\/vc_row][vc_row css=&#8221;.vc_custom_1492108997727{background-position: center !important;background-repeat: no-repeat !important;background-size: cover !important;}&#8221;][vc_column][vc_column_text]<\/p>\n<h2 style=\"text-align: left;\">1.<\/h2>\n<p><b>Utsidan av l\u00e5ret p\u00e5 FoamRoller<\/b><\/p>\n<p><strong>Tid:<\/strong> 1 min per sida<br \/>\n<strong>Tr\u00e4nar:<\/strong> Frig\u00f6r sp\u00e4nningar p\u00e5 l\u00e5rets utsida.<\/p>\n<p>Ligg p\u00e5 sidan och placera FoamRollern vid h\u00f6ftleden. Rulla l\u00e5ngsamt upp och ner rakt \u00f6ver kn\u00e4et. Anv\u00e4nd armarna f\u00f6r att stabilisera. F\u00f6r extra avlastning placerar man armb\u00e5gen p\u00e5 golvet och placera det andra benet framf\u00f6r.[\/vc_column_text][vc_single_image image=&#8221;17753&#8243; img_size=&#8221;full&#8221; alignment=&#8221;center&#8221;][\/vc_column][\/vc_row][vc_row][vc_column][vc_column_text]<\/p>\n<h2 style=\"text-align: left;\">\u00a02.<\/h2>\n<p><b>Benen p\u00e5 FoamRoller<\/b><\/p>\n<p><strong>Tid:<\/strong> 1 min<br \/>\n<strong>Tr\u00e4nar:<\/strong> Baksidan av benen.<\/p>\n<p>Placera FoamRollern l\u00e4ngst ner p\u00e5 anklarna, vid h\u00e4lsenan och rulla l\u00e5ngsamt upp\u00e5t mot kn\u00e4na. En tuffare variant \u00e4r att l\u00e4gga upp benen p\u00e5 varandra f\u00f6r att p\u00e5 s\u00e5 s\u00e4tt \u00f6ka trycket.[\/vc_column_text][vc_single_image image=&#8221;17751&#8243; img_size=&#8221;full&#8221; alignment=&#8221;center&#8221;][\/vc_column][\/vc_row][vc_row full_width=&#8221;stretch_row_content&#8221; full_height=&#8221;yes&#8221; css=&#8221;.vc_custom_1492774044221{background-image: url(https:\/\/abilica.com\/se\/wp-content\/uploads\/2017\/04\/foamroller3.jpg?id=17744) !important;background-position: center !important;background-repeat: no-repeat !important;background-size: cover !important;}&#8221;][vc_column][\/vc_column][\/vc_row][vc_row][vc_column][vc_column_text]<\/p>\n<h2 style=\"text-align: left;\">3.<\/h2>\n<p><b>Ryggens \u00f6verdel p\u00e5 FoamRoller<\/b><\/p>\n<p><strong>Tid:<\/strong> 1 min<br \/>\n<strong>Tr\u00e4nar<\/strong>: Ryggens \u00f6verdel.<\/p>\n<p>B\u00f6rja med att placera FoamRollern i mitten av ryggen. B\u00f6j kn\u00e4na och kn\u00e4na aktivt f\u00f6r att utf\u00f6ra \u00f6vningen, s\u00e5 att rullen g\u00e5r upp och ner l\u00e4ngs ryggen. Rulla fr\u00e5n mitten av skulderbladen till mitt p\u00e5 ryggen. L\u00e4gg h\u00e4nderna bakom huvudet f\u00f6r att avlasta nacken.[\/vc_column_text][vc_single_image image=&#8221;17754&#8243; img_size=&#8221;full&#8221; alignment=&#8221;center&#8221;][\/vc_column][\/vc_row][vc_row][vc_column][vc_column_text]<\/p>\n<h2 style=\"text-align: left;\">4.<\/h2>\n<p><b>L\u00e5rens framsida p\u00e5 FoamRoller<\/b><\/p>\n<p><strong>Tid:<\/strong> 1 min<br \/>\n<strong>Tr\u00e4nar<\/strong>: L\u00e5rens framsida, h\u00f6ftb\u00f6jare och mage.<\/p>\n<p>Placera FoamRollern rakt \u00f6ver kn\u00e4et. Stabilisera med armarna och h\u00e5ll magen aktiv. Skjut med armarna och rulla i en j\u00e4mn r\u00f6relse upp till h\u00f6ftkanten. F\u00f6r en enklare variant kan man placera armb\u00e5garna p\u00e5 golvet.[\/vc_column_text][vc_single_image image=&#8221;17756&#8243; img_size=&#8221;full&#8221; alignment=&#8221;center&#8221;][\/vc_column][\/vc_row][vc_row][vc_column][vc_column_text]<\/p>\n<h2 style=\"text-align: left;\">5.<\/h2>\n<p><b>Ryggen p\u00e5 FoamRoller<\/b><\/p>\n<p><strong>Tid:<\/strong> 1 min<br \/>\n<strong>Tr\u00e4nar<\/strong>: Slappna av i ryggraden och br\u00f6stmusklerna.<\/p>\n<p>Placera FoamRollern l\u00e4ngs ryggraden s\u00e5 att huvudet vilar p\u00e5 FoamRollern. Sl\u00e4pp ner h\u00f6ft\/rumpa och str\u00e4ck ut armarna \u00e5t sidorna. Prova att sl\u00e4ppa ner skuldrorna. Andas lugnt in och ut. St\u00e4ng g\u00e4rna \u00f6gonen.[\/vc_column_text][vc_single_image image=&#8221;17755&#8243; img_size=&#8221;full&#8221; alignment=&#8221;center&#8221;][\/vc_column][\/vc_row][vc_row full_width=&#8221;stretch_row_content&#8221; css=&#8221;.vc_custom_1492774679390{background-color: #000000 !important;}&#8221;][vc_column][title text=&#8221;K\u00f6p din Abilica FoamRoller nu.&#8221; tag=&#8221;h2&#8243; color=&#8221;#ffffff&#8221; text_align=&#8221;center&#8221;][vc_empty_space][\/vc_column][\/vc_row][vc_row][vc_column width=&#8221;1\/3&#8243;][product_mod id=&#8221;2584&#8243;][vc_empty_space][\/vc_column][vc_column width=&#8221;1\/3&#8243;][product_mod id=&#8221;2447&#8243;][vc_empty_space][\/vc_column][vc_column width=&#8221;1\/3&#8243;][product_mod id=&#8221;19279&#8243;][vc_empty_space][\/vc_column][\/vc_row][vc_row full_width=&#8221;stretch_row_content&#8221; full_height=&#8221;yes&#8221; css=&#8221;.vc_custom_1492774057715{background-image: url(https:\/\/abilica.com\/se\/wp-content\/uploads\/2017\/04\/foamroller1.jpg?id=17742) !important;background-position: center !important;background-repeat: no-repeat !important;background-size: cover !important;}&#8221;][vc_column][\/vc_column][\/vc_row]<\/p>\n<\/div>","protected":false},"excerpt":{"rendered":"<p>[vc_row full_width=&#8221;stretch_row_content&#8221; full_height=&#8221;yes&#8221; columns_placement=&#8221;bottom&#8221; css=&#8221;.vc_custom_1492774032079{background-image: url(https:\/\/abilica.com\/se\/wp-content\/uploads\/2017\/04\/foamroller2.jpg?id=17743) !important;background-position: center !important;background-repeat: no-repeat !important;background-size: cover !important;}&#8221;][vc_column width=&#8221;1\/3&#8243;][\/vc_column][vc_column width=&#8221;1\/3&#8243;][vc_icon&#8230;<\/p>\n","protected":false},"author":2,"featured_media":0,"parent":3041,"menu_order":0,"comment_status":"closed","ping_status":"closed","template":"","meta":{"_acf_changed":false,"footnotes":""},"class_list":["post-17738","page","type-page","status-publish","hentry"],"acf":[],"yoast_head":"<!-- This site is optimized with the Yoast SEO Premium plugin v21.1 (Yoast SEO v25.4) - https:\/\/yoast.com\/wordpress\/plugins\/seo\/ -->\n<title>\u00d6vningar med Foam Roller | Tr\u00e4ningsprogram | Abilica<\/title>\n<meta name=\"description\" content=\"Beh\u00f6ver du \u00f6vningar f\u00f6r din foam roller? H\u00e4r hittar du ett skr\u00e4ddarsytt tr\u00e4ningsprogram som passar dig. Ladda ner gratis via app eller PDF h\u00e4r!\" \/>\n<meta name=\"robots\" content=\"index, follow, max-snippet:-1, max-image-preview:large, max-video-preview:-1\" \/>\n<link rel=\"canonical\" href=\"https:\/\/abilica.com\/sv\/traningsprogram\/traningsprogram-till-abilica-foamroller\/\" \/>\n<meta property=\"og:locale\" content=\"sv_SE\" \/>\n<meta property=\"og:type\" content=\"article\" \/>\n<meta property=\"og:title\" content=\"Tr\u00e4ningsprogram till Abilica FoamRoller\" \/>\n<meta property=\"og:description\" content=\"Beh\u00f6ver du \u00f6vningar f\u00f6r din foam roller? H\u00e4r hittar du ett skr\u00e4ddarsytt tr\u00e4ningsprogram som passar dig. Ladda ner gratis via app eller PDF h\u00e4r!\" \/>\n<meta property=\"og:url\" content=\"https:\/\/abilica.com\/sv\/traningsprogram\/traningsprogram-till-abilica-foamroller\/\" \/>\n<meta property=\"og:site_name\" content=\"Abilica\" \/>\n<meta property=\"article:publisher\" content=\"https:\/\/www.facebook.com\/abilicahometraining\/\" \/>\n<meta property=\"article:modified_time\" content=\"2018-09-10T10:21:17+00:00\" \/>\n<meta name=\"twitter:card\" content=\"summary_large_image\" \/>\n<meta name=\"twitter:label1\" content=\"Ber\u00e4knad l\u00e4stid\" \/>\n\t<meta name=\"twitter:data1\" content=\"4 minuter\" \/>\n<script type=\"application\/ld+json\" class=\"yoast-schema-graph\">{\"@context\":\"https:\/\/schema.org\",\"@graph\":[{\"@type\":\"WebPage\",\"@id\":\"https:\/\/abilica.com\/sv\/traningsprogram\/traningsprogram-till-abilica-foamroller\/\",\"url\":\"https:\/\/abilica.com\/sv\/traningsprogram\/traningsprogram-till-abilica-foamroller\/\",\"name\":\"\u00d6vningar med Foam Roller | Tr\u00e4ningsprogram | Abilica\",\"isPartOf\":{\"@id\":\"https:\/\/abilica.com\/#website\"},\"datePublished\":\"2017-04-21T11:23:51+00:00\",\"dateModified\":\"2018-09-10T10:21:17+00:00\",\"description\":\"Beh\u00f6ver du \u00f6vningar f\u00f6r din foam roller? H\u00e4r hittar du ett skr\u00e4ddarsytt tr\u00e4ningsprogram som passar dig. Ladda ner gratis via app eller PDF h\u00e4r!\",\"breadcrumb\":{\"@id\":\"https:\/\/abilica.com\/sv\/traningsprogram\/traningsprogram-till-abilica-foamroller\/#breadcrumb\"},\"inLanguage\":\"sv-SE\",\"potentialAction\":[{\"@type\":\"ReadAction\",\"target\":[\"https:\/\/abilica.com\/sv\/traningsprogram\/traningsprogram-till-abilica-foamroller\/\"]}]},{\"@type\":\"BreadcrumbList\",\"@id\":\"https:\/\/abilica.com\/sv\/traningsprogram\/traningsprogram-till-abilica-foamroller\/#breadcrumb\",\"itemListElement\":[{\"@type\":\"ListItem\",\"position\":1,\"name\":\"Hem\",\"item\":\"https:\/\/abilica.com\/sv\/\"},{\"@type\":\"ListItem\",\"position\":2,\"name\":\"Tr\u00e4ningsprogram\",\"item\":\"https:\/\/abilica.com\/sv\/traningsprogram\/\"},{\"@type\":\"ListItem\",\"position\":3,\"name\":\"Tr\u00e4ningsprogram till Abilica FoamRoller\"}]},{\"@type\":\"WebSite\",\"@id\":\"https:\/\/abilica.com\/#website\",\"url\":\"https:\/\/abilica.com\/\",\"name\":\"Abilica\",\"description\":\"Abilica Home Training\",\"potentialAction\":[{\"@type\":\"SearchAction\",\"target\":{\"@type\":\"EntryPoint\",\"urlTemplate\":\"https:\/\/abilica.com\/?s={search_term_string}\"},\"query-input\":{\"@type\":\"PropertyValueSpecification\",\"valueRequired\":true,\"valueName\":\"search_term_string\"}}],\"inLanguage\":\"sv-SE\"}]}<\/script>\n<!-- \/ Yoast SEO Premium plugin. -->","yoast_head_json":{"title":"\u00d6vningar med Foam Roller | Tr\u00e4ningsprogram | Abilica","description":"Beh\u00f6ver du \u00f6vningar f\u00f6r din foam roller? H\u00e4r hittar du ett skr\u00e4ddarsytt tr\u00e4ningsprogram som passar dig. Ladda ner gratis via app eller PDF h\u00e4r!","robots":{"index":"index","follow":"follow","max-snippet":"max-snippet:-1","max-image-preview":"max-image-preview:large","max-video-preview":"max-video-preview:-1"},"canonical":"https:\/\/abilica.com\/sv\/traningsprogram\/traningsprogram-till-abilica-foamroller\/","og_locale":"sv_SE","og_type":"article","og_title":"Tr\u00e4ningsprogram till Abilica FoamRoller","og_description":"Beh\u00f6ver du \u00f6vningar f\u00f6r din foam roller? H\u00e4r hittar du ett skr\u00e4ddarsytt tr\u00e4ningsprogram som passar dig. Ladda ner gratis via app eller PDF h\u00e4r!","og_url":"https:\/\/abilica.com\/sv\/traningsprogram\/traningsprogram-till-abilica-foamroller\/","og_site_name":"Abilica","article_publisher":"https:\/\/www.facebook.com\/abilicahometraining\/","article_modified_time":"2018-09-10T10:21:17+00:00","twitter_card":"summary_large_image","twitter_misc":{"Ber\u00e4knad l\u00e4stid":"4 minuter"},"schema":{"@context":"https:\/\/schema.org","@graph":[{"@type":"WebPage","@id":"https:\/\/abilica.com\/sv\/traningsprogram\/traningsprogram-till-abilica-foamroller\/","url":"https:\/\/abilica.com\/sv\/traningsprogram\/traningsprogram-till-abilica-foamroller\/","name":"\u00d6vningar med Foam Roller | Tr\u00e4ningsprogram | Abilica","isPartOf":{"@id":"https:\/\/abilica.com\/#website"},"datePublished":"2017-04-21T11:23:51+00:00","dateModified":"2018-09-10T10:21:17+00:00","description":"Beh\u00f6ver du \u00f6vningar f\u00f6r din foam roller? H\u00e4r hittar du ett skr\u00e4ddarsytt tr\u00e4ningsprogram som passar dig. Ladda ner gratis via app eller PDF h\u00e4r!","breadcrumb":{"@id":"https:\/\/abilica.com\/sv\/traningsprogram\/traningsprogram-till-abilica-foamroller\/#breadcrumb"},"inLanguage":"sv-SE","potentialAction":[{"@type":"ReadAction","target":["https:\/\/abilica.com\/sv\/traningsprogram\/traningsprogram-till-abilica-foamroller\/"]}]},{"@type":"BreadcrumbList","@id":"https:\/\/abilica.com\/sv\/traningsprogram\/traningsprogram-till-abilica-foamroller\/#breadcrumb","itemListElement":[{"@type":"ListItem","position":1,"name":"Hem","item":"https:\/\/abilica.com\/sv\/"},{"@type":"ListItem","position":2,"name":"Tr\u00e4ningsprogram","item":"https:\/\/abilica.com\/sv\/traningsprogram\/"},{"@type":"ListItem","position":3,"name":"Tr\u00e4ningsprogram till Abilica FoamRoller"}]},{"@type":"WebSite","@id":"https:\/\/abilica.com\/#website","url":"https:\/\/abilica.com\/","name":"Abilica","description":"Abilica Home Training","potentialAction":[{"@type":"SearchAction","target":{"@type":"EntryPoint","urlTemplate":"https:\/\/abilica.com\/?s={search_term_string}"},"query-input":{"@type":"PropertyValueSpecification","valueRequired":true,"valueName":"search_term_string"}}],"inLanguage":"sv-SE"}]}},"_links":{"self":[{"href":"https:\/\/abilica.com\/sv\/wp-json\/wp\/v2\/pages\/17738","targetHints":{"allow":["GET"]}}],"collection":[{"href":"https:\/\/abilica.com\/sv\/wp-json\/wp\/v2\/pages"}],"about":[{"href":"https:\/\/abilica.com\/sv\/wp-json\/wp\/v2\/types\/page"}],"author":[{"embeddable":true,"href":"https:\/\/abilica.com\/sv\/wp-json\/wp\/v2\/users\/2"}],"replies":[{"embeddable":true,"href":"https:\/\/abilica.com\/sv\/wp-json\/wp\/v2\/comments?post=17738"}],"version-history":[{"count":0,"href":"https:\/\/abilica.com\/sv\/wp-json\/wp\/v2\/pages\/17738\/revisions"}],"up":[{"embeddable":true,"href":"https:\/\/abilica.com\/sv\/wp-json\/wp\/v2\/pages\/3041"}],"wp:attachment":[{"href":"https:\/\/abilica.com\/sv\/wp-json\/wp\/v2\/media?parent=17738"}],"curies":[{"name":"wp","href":"https:\/\/api.w.org\/{rel}","templated":true}]}}