{"id":17759,"date":"2017-04-21T11:46:03","date_gmt":"2017-04-21T11:46:03","guid":{"rendered":"https:\/\/abilica.com\/se\/?page_id=17759"},"modified":"2017-10-02T11:02:56","modified_gmt":"2017-10-02T10:02:56","slug":"traningsprogram-till-abilica-gymmats","status":"publish","type":"page","link":"https:\/\/abilica.com\/sv\/traningsprogram\/traningsprogram-till-abilica-gymmats\/","title":{"rendered":"Tr\u00e4ningsprogram till Abilica GymMats"},"content":{"rendered":"<div class=\"wpb-content-wrapper\"><p>[vc_row full_width=&#8221;stretch_row_content&#8221; full_height=&#8221;yes&#8221; columns_placement=&#8221;bottom&#8221; css=&#8221;.vc_custom_1492775236951{background-image: url(https:\/\/abilica.com\/se\/wp-content\/uploads\/2017\/04\/ymmat2.jpg?id=17762) !important;background-position: center !important;background-repeat: no-repeat !important;background-size: cover !important;}&#8221;][vc_column width=&#8221;1\/3&#8243;][\/vc_column][vc_column width=&#8221;1\/3&#8243;][vc_icon icon_fontawesome=&#8221;fa fa-angle-down&#8221; color=&#8221;white&#8221; size=&#8221;xl&#8221; align=&#8221;center&#8221;][\/vc_column][vc_column width=&#8221;1\/3&#8243;][\/vc_column][\/vc_row][vc_row][vc_column][vc_column_text]<\/p>\n<h2 style=\"text-align: left;\"><span style=\"color: #000000;\">Tr\u00e4ningsprogram till Abilica\u00a0GymMats<\/span><\/h2>\n<p>Abilica GymMats kan b\u00e5de anv\u00e4ndas f\u00f6r tr\u00e4ning och f\u00f6r stretching efter tr\u00e4ning.[\/vc_column_text][vc_empty_space][\/vc_column][\/vc_row][vc_row][vc_column][title text=&#8221;K\u00f6p GymMats nu.&#8221; text_align=&#8221;left&#8221;][\/vc_column][\/vc_row][vc_row][vc_column width=&#8221;1\/2&#8243;][product_mod id=&#8221;2226&#8243;][\/vc_column][vc_column width=&#8221;1\/2&#8243;][product_mod id=&#8221;19251&#8243;][\/vc_column][\/vc_row][vc_row][vc_column][vc_empty_space][vc_btn title=&#8221;Ladda hem tr\u00e4ningsprogrammet i PDF&#8221; style=&#8221;flat&#8221; color=&#8221;danger&#8221; i_icon_fontawesome=&#8221;fa fa-file-pdf-o&#8221; add_icon=&#8221;true&#8221; link=&#8221;url:http%3A%2F%2Fabilica.com\/se%2Fwp-content%2Fuploads%2F2017%2F02%2FAbilica-GymMats.pdf||target:%20_blank|&#8221;][\/vc_column][\/vc_row][vc_row css=&#8221;.vc_custom_1492108997727{background-position: center !important;background-repeat: no-repeat !important;background-size: cover !important;}&#8221;][vc_column][vc_column_text]<\/p>\n<h2 style=\"text-align: left;\">1.<\/h2>\n<p style=\"text-align: left;\"><strong>Utfallssteg till kn\u00e4lyft<\/strong><\/p>\n<p>St\u00e5 med ena benet fram\u00e5t och f\u00f6tterna p\u00e5 en h\u00f6ftbredds avst\u00e5nd f\u00f6r att h\u00e5lla balansen. B\u00f6j b\u00e5de ryggen och det fr\u00e4mre kn\u00e4et. F\u00f6rdela din vikt j\u00e4mnt mellan b\u00e5da f\u00f6tterna och h\u00e5ll \u00f6verkroppen uppr\u00e4tt och ryggen rak. Tryck dig bort fr\u00e5n golvet med det bakre benet och f\u00e5 kroppen i balans.\u00a0 Upprepa i 30 sekunder med samma ben, innan du byter ben.[\/vc_column_text][vc_single_image image=&#8221;17769&#8243; img_size=&#8221;full&#8221; alignment=&#8221;center&#8221;][\/vc_column][\/vc_row][vc_row][vc_column][vc_column_text]<\/p>\n<h2 style=\"text-align: left;\">2.<\/h2>\n<p style=\"text-align: left;\"><b>&#8221;G\u00e5ende&#8221; push-up<\/b><\/p>\n<p>St\u00e5 uppr\u00e4tt, b\u00f6j kroppen vid h\u00f6fterna, placera h\u00e4nderna p\u00e5 golvet och &#8221;g\u00e5&#8221; in i plankpositionen. Placera h\u00e4nderna brett is\u00e4r och g\u00f6r en push-up. G\u00e5 bak\u00e5t igen med h\u00e4nderna och \u00e5terg\u00e5 till den uppr\u00e4tta positionen. Placera vid behov kn\u00e4na p\u00e5 mattan under push-upen.[\/vc_column_text][vc_single_image image=&#8221;17770&#8243; img_size=&#8221;full&#8221; alignment=&#8221;center&#8221;][\/vc_column][\/vc_row][vc_row][vc_column][vc_column_text]<\/p>\n<h2 style=\"text-align: left;\">3.<\/h2>\n<p style=\"text-align: left;\"><b>Planka med triceps-push<\/b><\/p>\n<p>Inta plankpositionen med armb\u00e5garna p\u00e5 mattan. H\u00e5ll hela kroppen rak. Du kan ha kn\u00e4na p\u00e5 mattan, men se till att h\u00e5lla skinkorna l\u00e5gt. Placera ena handen p\u00e5 mattan och tryck dig sj\u00e4lv till en plankposition med raka armar. S\u00e4nk l\u00e5ngsamt ner kroppen igen med samma hand. Byt h\u00e4nder och tryck dig upp\u00e5t igen.[\/vc_column_text][vc_single_image image=&#8221;17771&#8243; img_size=&#8221;full&#8221; alignment=&#8221;center&#8221;][\/vc_column][\/vc_row][vc_row][vc_column][vc_column_text]<\/p>\n<h2 style=\"text-align: left;\">4.<\/h2>\n<p style=\"text-align: left;\"><b>Benutstr\u00e4ckningscrunch<\/b><\/p>\n<p>Ligg p\u00e5 rygg med kn\u00e4na b\u00f6jda mot br\u00f6stet och armarna bakom huvudet. G\u00f6r en sit-up medan du sv\u00e4nger armarna \u00e5t sidorna och mot kn\u00e4na. Str\u00e4ck ut benen rakl\u00e5nga i uppr\u00e4tt l\u00e4ge. Ju n\u00e4rmare dina ben befinner sig golvet, desto intensivare blir \u00f6vningen. Var noga med att l\u00e5ta korsryggen ha kontakt med mattan hela tiden. Upprepa d\u00e4refter \u00f6vningen \u00e5t motsatt h\u00e5ll tills du n\u00e5r startpositionen.[\/vc_column_text][vc_single_image image=&#8221;17772&#8243; img_size=&#8221;full&#8221; alignment=&#8221;center&#8221;][\/vc_column][\/vc_row][vc_row full_width=&#8221;stretch_row_content&#8221; full_height=&#8221;yes&#8221; css=&#8221;.vc_custom_1492775334286{background-image: url(https:\/\/abilica.com\/se\/wp-content\/uploads\/2017\/04\/gymmat1-1.jpg?id=17766) !important;background-position: center !important;background-repeat: no-repeat !important;background-size: cover !important;}&#8221;][vc_column][\/vc_column][\/vc_row][vc_row][vc_column][vc_column_text]<\/p>\n<h2 style=\"text-align: left;\">5.<\/h2>\n<p style=\"text-align: left;\"><b>Springande planka<\/b><\/p>\n<p>Inta plankpositionen med raka armar. &#8221;Spring&#8221; l\u00e5ngsamt med kn\u00e4na upp mot br\u00f6stet. H\u00e5ll skinkorna nere och torson rak. \u00d6ka tempot gradvis tills du blivit mer van vid \u00f6vningen.[\/vc_column_text][vc_single_image image=&#8221;17773&#8243; img_size=&#8221;full&#8221; alignment=&#8221;center&#8221;][\/vc_column][\/vc_row][vc_row][vc_column][vc_column_text]<\/p>\n<h2 style=\"text-align: left;\">6.<\/h2>\n<p style=\"text-align: left;\"><b>Ryggstretch<\/b><\/p>\n<p>Ligg med ansiktet ner\u00e5t mot mattan och str\u00e4ck ut armar och ben. Lyft upp v\u00e4nster ben och h\u00f6ger arm fr\u00e5n mattan och str\u00e4ck ut dem hela v\u00e4gen ut till fingertoppar och t\u00e5r. S\u00e4nk l\u00e5ngsamt ner dig igen och byt till den andra armen och benet.[\/vc_column_text][vc_single_image image=&#8221;17775&#8243; img_size=&#8221;full&#8221; alignment=&#8221;center&#8221;][\/vc_column][\/vc_row][vc_row][vc_column][vc_column_text]<\/p>\n<h2 style=\"text-align: left;\">7.<\/h2>\n<p style=\"text-align: left;\"><b>Burpees<\/b><\/p>\n<p>St\u00e5 uppr\u00e4tt, b\u00f6jd dig fram\u00e5t och placera h\u00e4nderna p\u00e5 mattan och hoppa bak\u00e5t med benen till plankpositionen. Sp\u00e4nn magmusklerna f\u00f6r att skydda ryggen. Hoppa tillbaka till hukande position och g\u00f6r sedan ett hukhopp. Upprepa.[\/vc_column_text][vc_single_image image=&#8221;17774&#8243; img_size=&#8221;full&#8221; alignment=&#8221;center&#8221;][vc_empty_space height=&#8221;62px&#8221;][\/vc_column][\/vc_row][vc_row full_width=&#8221;stretch_row_content&#8221; css=&#8221;.vc_custom_1494924108248{background-color: #0033a0 !important;}&#8221;][vc_column][title text=&#8221;K\u00f6p din Abilica GymMat nu.&#8221; tag=&#8221;h2&#8243; color=&#8221;#ffffff&#8221; text_align=&#8221;center&#8221;][vc_empty_space][\/vc_column][\/vc_row][vc_row][vc_column width=&#8221;1\/2&#8243;][product_mod id=&#8221;2226&#8243;][vc_empty_space][\/vc_column][vc_column width=&#8221;1\/2&#8243;][product_mod id=&#8221;19251&#8243;][vc_empty_space][\/vc_column][\/vc_row][vc_row full_width=&#8221;stretch_row_content&#8221; full_height=&#8221;yes&#8221; css=&#8221;.vc_custom_1492775259171{background-image: url(https:\/\/abilica.com\/se\/wp-content\/uploads\/2017\/04\/ymmat3.jpg?id=17763) !important;background-position: center !important;background-repeat: no-repeat !important;background-size: cover !important;}&#8221;][vc_column][\/vc_column][\/vc_row]<\/p>\n<\/div>","protected":false},"excerpt":{"rendered":"<p>[vc_row full_width=&#8221;stretch_row_content&#8221; full_height=&#8221;yes&#8221; columns_placement=&#8221;bottom&#8221; css=&#8221;.vc_custom_1492775236951{background-image: url(https:\/\/abilica.com\/se\/wp-content\/uploads\/2017\/04\/ymmat2.jpg?id=17762) !important;background-position: center !important;background-repeat: no-repeat !important;background-size: cover !important;}&#8221;][vc_column width=&#8221;1\/3&#8243;][\/vc_column][vc_column width=&#8221;1\/3&#8243;][vc_icon&#8230;<\/p>\n","protected":false},"author":2,"featured_media":0,"parent":3041,"menu_order":0,"comment_status":"closed","ping_status":"closed","template":"","meta":{"_acf_changed":false,"footnotes":""},"class_list":["post-17759","page","type-page","status-publish","hentry"],"acf":[],"yoast_head":"<!-- This site is optimized with the Yoast SEO Premium plugin v21.1 (Yoast SEO v25.4) - https:\/\/yoast.com\/wordpress\/plugins\/seo\/ -->\n<title>Tr\u00e4ningsprogram hemma | GymMats tr\u00e4ningsmatta | Abilica<\/title>\n<meta name=\"description\" content=\"Beh\u00f6ver du ett tr\u00e4ningsprogram f\u00f6r tr\u00e4ning hemma? H\u00e4r hittar du \u00f6vningar f\u00f6r tr\u00e4ning p\u00e5 tr\u00e4ningsmatta. Ladda ner gratis via app eller PDF h\u00e4r!\" \/>\n<meta name=\"robots\" content=\"index, follow, max-snippet:-1, max-image-preview:large, max-video-preview:-1\" \/>\n<link rel=\"canonical\" href=\"https:\/\/abilica.com\/sv\/traningsprogram\/traningsprogram-till-abilica-gymmats\/\" \/>\n<meta property=\"og:locale\" content=\"sv_SE\" \/>\n<meta property=\"og:type\" content=\"article\" \/>\n<meta property=\"og:title\" content=\"Tr\u00e4ningsprogram till Abilica GymMats\" \/>\n<meta property=\"og:description\" content=\"Beh\u00f6ver du ett tr\u00e4ningsprogram f\u00f6r tr\u00e4ning hemma? H\u00e4r hittar du \u00f6vningar f\u00f6r tr\u00e4ning p\u00e5 tr\u00e4ningsmatta. Ladda ner gratis via app eller PDF h\u00e4r!\" \/>\n<meta property=\"og:url\" content=\"https:\/\/abilica.com\/sv\/traningsprogram\/traningsprogram-till-abilica-gymmats\/\" \/>\n<meta property=\"og:site_name\" content=\"Abilica\" \/>\n<meta property=\"article:publisher\" content=\"https:\/\/www.facebook.com\/abilicahometraining\/\" \/>\n<meta property=\"article:modified_time\" content=\"2017-10-02T10:02:56+00:00\" \/>\n<meta name=\"twitter:card\" content=\"summary_large_image\" \/>\n<meta name=\"twitter:label1\" content=\"Ber\u00e4knad l\u00e4stid\" \/>\n\t<meta name=\"twitter:data1\" content=\"5 minuter\" \/>\n<script type=\"application\/ld+json\" class=\"yoast-schema-graph\">{\"@context\":\"https:\/\/schema.org\",\"@graph\":[{\"@type\":\"WebPage\",\"@id\":\"https:\/\/abilica.com\/sv\/traningsprogram\/traningsprogram-till-abilica-gymmats\/\",\"url\":\"https:\/\/abilica.com\/sv\/traningsprogram\/traningsprogram-till-abilica-gymmats\/\",\"name\":\"Tr\u00e4ningsprogram hemma | GymMats tr\u00e4ningsmatta | Abilica\",\"isPartOf\":{\"@id\":\"https:\/\/abilica.com\/#website\"},\"datePublished\":\"2017-04-21T11:46:03+00:00\",\"dateModified\":\"2017-10-02T10:02:56+00:00\",\"description\":\"Beh\u00f6ver du ett tr\u00e4ningsprogram f\u00f6r tr\u00e4ning hemma? H\u00e4r hittar du \u00f6vningar f\u00f6r tr\u00e4ning p\u00e5 tr\u00e4ningsmatta. Ladda ner gratis via app eller PDF h\u00e4r!\",\"breadcrumb\":{\"@id\":\"https:\/\/abilica.com\/sv\/traningsprogram\/traningsprogram-till-abilica-gymmats\/#breadcrumb\"},\"inLanguage\":\"sv-SE\",\"potentialAction\":[{\"@type\":\"ReadAction\",\"target\":[\"https:\/\/abilica.com\/sv\/traningsprogram\/traningsprogram-till-abilica-gymmats\/\"]}]},{\"@type\":\"BreadcrumbList\",\"@id\":\"https:\/\/abilica.com\/sv\/traningsprogram\/traningsprogram-till-abilica-gymmats\/#breadcrumb\",\"itemListElement\":[{\"@type\":\"ListItem\",\"position\":1,\"name\":\"Hem\",\"item\":\"https:\/\/abilica.com\/sv\/\"},{\"@type\":\"ListItem\",\"position\":2,\"name\":\"Tr\u00e4ningsprogram\",\"item\":\"https:\/\/abilica.com\/sv\/traningsprogram\/\"},{\"@type\":\"ListItem\",\"position\":3,\"name\":\"Tr\u00e4ningsprogram till Abilica GymMats\"}]},{\"@type\":\"WebSite\",\"@id\":\"https:\/\/abilica.com\/#website\",\"url\":\"https:\/\/abilica.com\/\",\"name\":\"Abilica\",\"description\":\"Abilica Home Training\",\"potentialAction\":[{\"@type\":\"SearchAction\",\"target\":{\"@type\":\"EntryPoint\",\"urlTemplate\":\"https:\/\/abilica.com\/?s={search_term_string}\"},\"query-input\":{\"@type\":\"PropertyValueSpecification\",\"valueRequired\":true,\"valueName\":\"search_term_string\"}}],\"inLanguage\":\"sv-SE\"}]}<\/script>\n<!-- \/ Yoast SEO Premium plugin. -->","yoast_head_json":{"title":"Tr\u00e4ningsprogram hemma | GymMats tr\u00e4ningsmatta | Abilica","description":"Beh\u00f6ver du ett tr\u00e4ningsprogram f\u00f6r tr\u00e4ning hemma? H\u00e4r hittar du \u00f6vningar f\u00f6r tr\u00e4ning p\u00e5 tr\u00e4ningsmatta. Ladda ner gratis via app eller PDF h\u00e4r!","robots":{"index":"index","follow":"follow","max-snippet":"max-snippet:-1","max-image-preview":"max-image-preview:large","max-video-preview":"max-video-preview:-1"},"canonical":"https:\/\/abilica.com\/sv\/traningsprogram\/traningsprogram-till-abilica-gymmats\/","og_locale":"sv_SE","og_type":"article","og_title":"Tr\u00e4ningsprogram till Abilica GymMats","og_description":"Beh\u00f6ver du ett tr\u00e4ningsprogram f\u00f6r tr\u00e4ning hemma? H\u00e4r hittar du \u00f6vningar f\u00f6r tr\u00e4ning p\u00e5 tr\u00e4ningsmatta. Ladda ner gratis via app eller PDF h\u00e4r!","og_url":"https:\/\/abilica.com\/sv\/traningsprogram\/traningsprogram-till-abilica-gymmats\/","og_site_name":"Abilica","article_publisher":"https:\/\/www.facebook.com\/abilicahometraining\/","article_modified_time":"2017-10-02T10:02:56+00:00","twitter_card":"summary_large_image","twitter_misc":{"Ber\u00e4knad l\u00e4stid":"5 minuter"},"schema":{"@context":"https:\/\/schema.org","@graph":[{"@type":"WebPage","@id":"https:\/\/abilica.com\/sv\/traningsprogram\/traningsprogram-till-abilica-gymmats\/","url":"https:\/\/abilica.com\/sv\/traningsprogram\/traningsprogram-till-abilica-gymmats\/","name":"Tr\u00e4ningsprogram hemma | GymMats tr\u00e4ningsmatta | Abilica","isPartOf":{"@id":"https:\/\/abilica.com\/#website"},"datePublished":"2017-04-21T11:46:03+00:00","dateModified":"2017-10-02T10:02:56+00:00","description":"Beh\u00f6ver du ett tr\u00e4ningsprogram f\u00f6r tr\u00e4ning hemma? H\u00e4r hittar du \u00f6vningar f\u00f6r tr\u00e4ning p\u00e5 tr\u00e4ningsmatta. Ladda ner gratis via app eller PDF h\u00e4r!","breadcrumb":{"@id":"https:\/\/abilica.com\/sv\/traningsprogram\/traningsprogram-till-abilica-gymmats\/#breadcrumb"},"inLanguage":"sv-SE","potentialAction":[{"@type":"ReadAction","target":["https:\/\/abilica.com\/sv\/traningsprogram\/traningsprogram-till-abilica-gymmats\/"]}]},{"@type":"BreadcrumbList","@id":"https:\/\/abilica.com\/sv\/traningsprogram\/traningsprogram-till-abilica-gymmats\/#breadcrumb","itemListElement":[{"@type":"ListItem","position":1,"name":"Hem","item":"https:\/\/abilica.com\/sv\/"},{"@type":"ListItem","position":2,"name":"Tr\u00e4ningsprogram","item":"https:\/\/abilica.com\/sv\/traningsprogram\/"},{"@type":"ListItem","position":3,"name":"Tr\u00e4ningsprogram till Abilica GymMats"}]},{"@type":"WebSite","@id":"https:\/\/abilica.com\/#website","url":"https:\/\/abilica.com\/","name":"Abilica","description":"Abilica Home Training","potentialAction":[{"@type":"SearchAction","target":{"@type":"EntryPoint","urlTemplate":"https:\/\/abilica.com\/?s={search_term_string}"},"query-input":{"@type":"PropertyValueSpecification","valueRequired":true,"valueName":"search_term_string"}}],"inLanguage":"sv-SE"}]}},"_links":{"self":[{"href":"https:\/\/abilica.com\/sv\/wp-json\/wp\/v2\/pages\/17759","targetHints":{"allow":["GET"]}}],"collection":[{"href":"https:\/\/abilica.com\/sv\/wp-json\/wp\/v2\/pages"}],"about":[{"href":"https:\/\/abilica.com\/sv\/wp-json\/wp\/v2\/types\/page"}],"author":[{"embeddable":true,"href":"https:\/\/abilica.com\/sv\/wp-json\/wp\/v2\/users\/2"}],"replies":[{"embeddable":true,"href":"https:\/\/abilica.com\/sv\/wp-json\/wp\/v2\/comments?post=17759"}],"version-history":[{"count":0,"href":"https:\/\/abilica.com\/sv\/wp-json\/wp\/v2\/pages\/17759\/revisions"}],"up":[{"embeddable":true,"href":"https:\/\/abilica.com\/sv\/wp-json\/wp\/v2\/pages\/3041"}],"wp:attachment":[{"href":"https:\/\/abilica.com\/sv\/wp-json\/wp\/v2\/media?parent=17759"}],"curies":[{"name":"wp","href":"https:\/\/api.w.org\/{rel}","templated":true}]}}